





{"id":50003,"date":"2022-04-26T17:34:08","date_gmt":"2022-04-26T15:34:08","guid":{"rendered":"https:\/\/repliquemangacine.fr\/?post_type=product&#038;p=50003"},"modified":"2026-03-21T17:08:35","modified_gmt":"2026-03-21T16:08:35","slug":"albus-dumbledore-wand","status":"publish","type":"product","link":"https:\/\/repliquemangacine.fr\/en\/les-animaux-fantastiques\/baguette-albus-dumbledore\/","title":{"rendered":"Dumbledore Wand"},"content":{"rendered":"<h2>Albus Dumbledore Wand - Fantastic Beasts<\/h2>\n<p>To begin with, the <strong>Dumbledore Wand<\/strong> is made entirely of resin, with a metal rod at the heart of the wand for high quality.<\/p>\n<p>Albus Dumbledore used this wand in his youth. We see his wand in the films Fantastic Beasts 2 and 3.<\/p>\n<p>Albus Dumbledore is one of the most powerful wizards of all time, principal of the School of Witchcraft and Wizardry. <a href=\"https:\/\/harrypotter.fandom.com\/fr\/wiki\/Coll\u00e8ge_Poudlard,_\u00e9cole_de_sorcellerie\" target=\"_blank\" rel=\"noopener noreferrer\">Hogwarts<\/a> in Harry Potter. Albus is a professor of metamorphosis. His pupil is the famous magizoologist Norbert Dragonneau.<\/p>\n<p>However, he was devastated by the loss of his sister. Convinced that power would have a detrimental effect on him. He does penance by devoting his life to fighting the black mages.<\/p>\n<h2>Your Albus Dumbledore Wand at the best price.<\/h2>\n<h3>We offer a wide selection of Fantastic Beasts Magic Wands.<\/h3>\n<p>First and foremost,<\/p>\n<ul>\n<li>Visit <a href=\"https:\/\/repliquemangacine.fr\/en\/fantastic-animals\/abernathy-wand-fantastic-animals\/\">Abernaty's magic wand<\/a> in Fantastic Beasts 3, and its elegant form.<\/li>\n<li>But also that of <a href=\"https:\/\/repliquemangacine.fr\/en\/fantastic-animals\/fantastic-animals-grindelwald-wand\/\">Gellert Grindelwald<\/a>Albus's wand later in Harry Potter.<\/li>\n<li>And many more to discover!<\/li>\n<\/ul>\n<p>Here's a great gift idea for all Harry Potter fans!<\/p>\n<p>In conclusion, you can also use this <strong>Albus Dumbledore Wand<\/strong> for your cosplays or theme parties. But above all, it's a decorative collector's item.<\/p>\n<p>R\u00e9plique Manga Cin\u00e9 is a French family business.<\/p>\n<h2>How are wizards' wands made?<\/h2>\n<p>A wand is an object made up of two variable elements: wood, usually from a tree, and the so-called wand core, which can come from a variety of magical creatures or plants. It is a tool used by wizards and witches to sharpen their spells and obtain better results when using magic.<\/p>\n<p>Our chopsticks are made of moulded resin, with a metal rod at the heart of the chopstick, which gives your <strong>Albus Dumbledore Wand<\/strong> remarkable resistance.<\/p>\n<p>It's worth pointing out that most wizards buy their wand at the age of eleven before beginning their magical education. Young wizards can buy their wand themselves from a vendor, with British students traditionally going to Ollivander's.<\/p>","protected":false},"excerpt":{"rendered":"<p>Albus Dumbledore's wand inspired by the film Fantastic Beasts.<\/p>\n<ul>\n<li>Resin rod, atypically shaped.<\/li>\n<li>Metal core.<\/li>\n<li>Collector's character box with blue velvet interior.<\/li>\n<li>Character card.<\/li>\n<li>Length : 40 cm - Weight : 76 grs<\/li>\n<\/ul>","protected":false},"featured_media":50004,"template":"","meta":[],"product_brand":[896],"product_cat":[24,104,101],"product_tag":[],"class_list":{"0":"post-50003","1":"product","2":"type-product","3":"status-publish","4":"has-post-thumbnail","6":"product_brand-replique-manga-cine","7":"product_cat-films-series-tv-vente-de-katana-epee-et-produits-derives","8":"product_cat-les-animaux-fantastiques","9":"product_cat-soldes","11":"first","12":"instock","13":"sale","14":"taxable","15":"shipping-taxable","16":"purchasable","17":"product-type-simple"},"yoast_head":"<!-- This site is optimized with the Yoast SEO plugin v27.4 - https:\/\/yoast.com\/product\/yoast-seo-wordpress\/ -->\n<title>Baguette Dumbledore - Fantastic Beasts - R\u00e9plique Manga Cin\u00e9<\/title>\n<meta name=\"description\" content=\"D\u00e9couvrez la baguette de Albus Dumbledore dans les Animaux Fantastiques au meilleur prix - En r\u00e9sine - Noyau m\u00e9tal - Longueur : 40 cm - Envoi 24\/48h\" \/>\n<meta name=\"robots\" content=\"index, follow, max-snippet:-1, max-image-preview:large, max-video-preview:-1\" \/>\n<link rel=\"canonical\" href=\"https:\/\/repliquemangacine.fr\/en\/fantastic-animals\/albus-dumbledore-wand\/\" \/>\n<meta property=\"og:locale\" content=\"en_US\" \/>\n<meta property=\"og:type\" content=\"article\" \/>\n<meta property=\"og:title\" content=\"Baguette Dumbledore - Fantastic Beasts - R\u00e9plique Manga Cin\u00e9\" \/>\n<meta property=\"og:description\" content=\"D\u00e9couvrez la baguette de Albus Dumbledore dans les Animaux Fantastiques au meilleur prix - En r\u00e9sine - Noyau m\u00e9tal - Longueur : 40 cm - Envoi 24\/48h\" \/>\n<meta property=\"og:url\" content=\"https:\/\/repliquemangacine.fr\/en\/fantastic-animals\/albus-dumbledore-wand\/\" \/>\n<meta property=\"og:site_name\" content=\"R\u00e9plique Manga Cin\u00e9\" \/>\n<meta property=\"article:publisher\" content=\"https:\/\/www.facebook.com\/RepliqueMangaCine\" \/>\n<meta property=\"article:modified_time\" content=\"2026-03-21T16:08:35+00:00\" \/>\n<meta property=\"og:image\" content=\"https:\/\/repliquemangacine.fr\/wp-content\/uploads\/2023\/10\/baguette-albus-dumbledor.jpg\" \/>\n\t<meta property=\"og:image:width\" content=\"600\" \/>\n\t<meta property=\"og:image:height\" content=\"600\" \/>\n\t<meta property=\"og:image:type\" content=\"image\/jpeg\" \/>\n<meta name=\"twitter:card\" content=\"summary_large_image\" \/>\n<meta name=\"twitter:label1\" content=\"Est. reading time\" \/>\n\t<meta name=\"twitter:data1\" content=\"2 minutes\" \/>\n<script type=\"application\/ld+json\" class=\"yoast-schema-graph\">{\"@context\":\"https:\\\/\\\/schema.org\",\"@graph\":[{\"@type\":\"WebPage\",\"@id\":\"https:\\\/\\\/repliquemangacine.fr\\\/les-animaux-fantastiques\\\/baguette-albus-dumbledore\\\/\",\"url\":\"https:\\\/\\\/repliquemangacine.fr\\\/les-animaux-fantastiques\\\/baguette-albus-dumbledore\\\/\",\"name\":\"Baguette Dumbledore - Fantastic Beasts - R\u00e9plique Manga Cin\u00e9\",\"isPartOf\":{\"@id\":\"https:\\\/\\\/repliquemangacine.fr\\\/#website\"},\"primaryImageOfPage\":{\"@id\":\"https:\\\/\\\/repliquemangacine.fr\\\/les-animaux-fantastiques\\\/baguette-albus-dumbledore\\\/#primaryimage\"},\"image\":{\"@id\":\"https:\\\/\\\/repliquemangacine.fr\\\/les-animaux-fantastiques\\\/baguette-albus-dumbledore\\\/#primaryimage\"},\"thumbnailUrl\":\"https:\\\/\\\/repliquemangacine.fr\\\/wp-content\\\/uploads\\\/2023\\\/10\\\/baguette-albus-dumbledor.jpg\",\"datePublished\":\"2022-04-26T15:34:08+00:00\",\"dateModified\":\"2026-03-21T16:08:35+00:00\",\"description\":\"D\u00e9couvrez la baguette de Albus Dumbledore dans les Animaux Fantastiques au meilleur prix - En r\u00e9sine - Noyau m\u00e9tal - Longueur : 40 cm - Envoi 24\\\/48h\",\"breadcrumb\":{\"@id\":\"https:\\\/\\\/repliquemangacine.fr\\\/les-animaux-fantastiques\\\/baguette-albus-dumbledore\\\/#breadcrumb\"},\"inLanguage\":\"en-US\",\"potentialAction\":[{\"@type\":\"ReadAction\",\"target\":[\"https:\\\/\\\/repliquemangacine.fr\\\/les-animaux-fantastiques\\\/baguette-albus-dumbledore\\\/\"]}]},{\"@type\":\"ImageObject\",\"inLanguage\":\"en-US\",\"@id\":\"https:\\\/\\\/repliquemangacine.fr\\\/les-animaux-fantastiques\\\/baguette-albus-dumbledore\\\/#primaryimage\",\"url\":\"https:\\\/\\\/repliquemangacine.fr\\\/wp-content\\\/uploads\\\/2023\\\/10\\\/baguette-albus-dumbledor.jpg\",\"contentUrl\":\"https:\\\/\\\/repliquemangacine.fr\\\/wp-content\\\/uploads\\\/2023\\\/10\\\/baguette-albus-dumbledor.jpg\",\"width\":600,\"height\":600,\"caption\":\"Baguette Albus Dumbledore Les Animaux Fantastiques\"},{\"@type\":\"BreadcrumbList\",\"@id\":\"https:\\\/\\\/repliquemangacine.fr\\\/les-animaux-fantastiques\\\/baguette-albus-dumbledore\\\/#breadcrumb\",\"itemListElement\":[{\"@type\":\"ListItem\",\"position\":1,\"name\":\"Accueil\",\"item\":\"https:\\\/\\\/repliquemangacine.fr\\\/\"},{\"@type\":\"ListItem\",\"position\":2,\"name\":\"Produits\",\"item\":\"https:\\\/\\\/repliquemangacine.fr\\\/boutique\\\/\"},{\"@type\":\"ListItem\",\"position\":3,\"name\":\"Baguette Dumbledore\"}]},{\"@type\":\"WebSite\",\"@id\":\"https:\\\/\\\/repliquemangacine.fr\\\/#website\",\"url\":\"https:\\\/\\\/repliquemangacine.fr\\\/\",\"name\":\"R\u00e9plique Manga Cin\u00e9\",\"description\":\"\",\"publisher\":{\"@id\":\"https:\\\/\\\/repliquemangacine.fr\\\/#organization\"},\"potentialAction\":[{\"@type\":\"SearchAction\",\"target\":{\"@type\":\"EntryPoint\",\"urlTemplate\":\"https:\\\/\\\/repliquemangacine.fr\\\/?s={search_term_string}\"},\"query-input\":{\"@type\":\"PropertyValueSpecification\",\"valueRequired\":true,\"valueName\":\"search_term_string\"}}],\"inLanguage\":\"en-US\"},{\"@type\":\"Organization\",\"@id\":\"https:\\\/\\\/repliquemangacine.fr\\\/#organization\",\"name\":\"R\u00e9plique Manga Cin\u00e9\",\"url\":\"https:\\\/\\\/repliquemangacine.fr\\\/\",\"logo\":{\"@type\":\"ImageObject\",\"inLanguage\":\"en-US\",\"@id\":\"https:\\\/\\\/repliquemangacine.fr\\\/#\\\/schema\\\/logo\\\/image\\\/\",\"url\":\"https:\\\/\\\/repliquemangacine.fr\\\/wp-content\\\/uploads\\\/2023\\\/10\\\/RMC-500250.png\",\"contentUrl\":\"https:\\\/\\\/repliquemangacine.fr\\\/wp-content\\\/uploads\\\/2023\\\/10\\\/RMC-500250.png\",\"width\":500,\"height\":250,\"caption\":\"R\u00e9plique Manga Cin\u00e9\"},\"image\":{\"@id\":\"https:\\\/\\\/repliquemangacine.fr\\\/#\\\/schema\\\/logo\\\/image\\\/\"},\"sameAs\":[\"https:\\\/\\\/www.facebook.com\\\/RepliqueMangaCine\",\"https:\\\/\\\/www.instagram.com\\\/repliquemangacine.fr\\\/\"]}]}<\/script>\n<!-- \/ Yoast SEO plugin. -->","yoast_head_json":{"title":"Dumbledore Wand - Fantastic Beasts - R\u00e9plique Manga Cin\u00e9","description":"Discover Albus Dumbledore's wand from Fantastic Beasts at the best price - In resin - Metal core - Length: 40 cm - Shipment 24\/48h","robots":{"index":"index","follow":"follow","max-snippet":"max-snippet:-1","max-image-preview":"max-image-preview:large","max-video-preview":"max-video-preview:-1"},"canonical":"https:\/\/repliquemangacine.fr\/en\/fantastic-animals\/albus-dumbledore-wand\/","og_locale":"en_US","og_type":"article","og_title":"Baguette Dumbledore - Fantastic Beasts - R\u00e9plique Manga Cin\u00e9","og_description":"D\u00e9couvrez la baguette de Albus Dumbledore dans les Animaux Fantastiques au meilleur prix - En r\u00e9sine - Noyau m\u00e9tal - Longueur : 40 cm - Envoi 24\/48h","og_url":"https:\/\/repliquemangacine.fr\/en\/fantastic-animals\/albus-dumbledore-wand\/","og_site_name":"R\u00e9plique Manga Cin\u00e9","article_publisher":"https:\/\/www.facebook.com\/RepliqueMangaCine","article_modified_time":"2026-03-21T16:08:35+00:00","og_image":[{"width":600,"height":600,"url":"https:\/\/repliquemangacine.fr\/wp-content\/uploads\/2023\/10\/baguette-albus-dumbledor.jpg","type":"image\/jpeg"}],"twitter_card":"summary_large_image","twitter_misc":{"Est. reading time":"2 minutes"},"schema":{"@context":"https:\/\/schema.org","@graph":[{"@type":"WebPage","@id":"https:\/\/repliquemangacine.fr\/les-animaux-fantastiques\/baguette-albus-dumbledore\/","url":"https:\/\/repliquemangacine.fr\/les-animaux-fantastiques\/baguette-albus-dumbledore\/","name":"Dumbledore Wand - Fantastic Beasts - R\u00e9plique Manga Cin\u00e9","isPartOf":{"@id":"https:\/\/repliquemangacine.fr\/#website"},"primaryImageOfPage":{"@id":"https:\/\/repliquemangacine.fr\/les-animaux-fantastiques\/baguette-albus-dumbledore\/#primaryimage"},"image":{"@id":"https:\/\/repliquemangacine.fr\/les-animaux-fantastiques\/baguette-albus-dumbledore\/#primaryimage"},"thumbnailUrl":"https:\/\/repliquemangacine.fr\/wp-content\/uploads\/2023\/10\/baguette-albus-dumbledor.jpg","datePublished":"2022-04-26T15:34:08+00:00","dateModified":"2026-03-21T16:08:35+00:00","description":"Discover Albus Dumbledore's wand from Fantastic Beasts at the best price - In resin - Metal core - Length: 40 cm - Shipment 24\/48h","breadcrumb":{"@id":"https:\/\/repliquemangacine.fr\/les-animaux-fantastiques\/baguette-albus-dumbledore\/#breadcrumb"},"inLanguage":"en-US","potentialAction":[{"@type":"ReadAction","target":["https:\/\/repliquemangacine.fr\/les-animaux-fantastiques\/baguette-albus-dumbledore\/"]}]},{"@type":"ImageObject","inLanguage":"en-US","@id":"https:\/\/repliquemangacine.fr\/les-animaux-fantastiques\/baguette-albus-dumbledore\/#primaryimage","url":"https:\/\/repliquemangacine.fr\/wp-content\/uploads\/2023\/10\/baguette-albus-dumbledor.jpg","contentUrl":"https:\/\/repliquemangacine.fr\/wp-content\/uploads\/2023\/10\/baguette-albus-dumbledor.jpg","width":600,"height":600,"caption":"Baguette Albus Dumbledore Les Animaux Fantastiques"},{"@type":"BreadcrumbList","@id":"https:\/\/repliquemangacine.fr\/les-animaux-fantastiques\/baguette-albus-dumbledore\/#breadcrumb","itemListElement":[{"@type":"ListItem","position":1,"name":"Accueil","item":"https:\/\/repliquemangacine.fr\/"},{"@type":"ListItem","position":2,"name":"Produits","item":"https:\/\/repliquemangacine.fr\/boutique\/"},{"@type":"ListItem","position":3,"name":"Baguette Dumbledore"}]},{"@type":"WebSite","@id":"https:\/\/repliquemangacine.fr\/#website","url":"https:\/\/repliquemangacine.fr\/","name":"R\u00e9plique Manga Cin\u00e9","description":"","publisher":{"@id":"https:\/\/repliquemangacine.fr\/#organization"},"potentialAction":[{"@type":"SearchAction","target":{"@type":"EntryPoint","urlTemplate":"https:\/\/repliquemangacine.fr\/?s={search_term_string}"},"query-input":{"@type":"PropertyValueSpecification","valueRequired":true,"valueName":"search_term_string"}}],"inLanguage":"en-US"},{"@type":"Organization","@id":"https:\/\/repliquemangacine.fr\/#organization","name":"R\u00e9plique Manga Cin\u00e9","url":"https:\/\/repliquemangacine.fr\/","logo":{"@type":"ImageObject","inLanguage":"en-US","@id":"https:\/\/repliquemangacine.fr\/#\/schema\/logo\/image\/","url":"https:\/\/repliquemangacine.fr\/wp-content\/uploads\/2023\/10\/RMC-500250.png","contentUrl":"https:\/\/repliquemangacine.fr\/wp-content\/uploads\/2023\/10\/RMC-500250.png","width":500,"height":250,"caption":"R\u00e9plique Manga Cin\u00e9"},"image":{"@id":"https:\/\/repliquemangacine.fr\/#\/schema\/logo\/image\/"},"sameAs":["https:\/\/www.facebook.com\/RepliqueMangaCine","https:\/\/www.instagram.com\/repliquemangacine.fr\/"]}]}},"_links":{"self":[{"href":"https:\/\/repliquemangacine.fr\/en\/wp-json\/wp\/v2\/product\/50003","targetHints":{"allow":["GET"]}}],"collection":[{"href":"https:\/\/repliquemangacine.fr\/en\/wp-json\/wp\/v2\/product"}],"about":[{"href":"https:\/\/repliquemangacine.fr\/en\/wp-json\/wp\/v2\/types\/product"}],"wp:featuredmedia":[{"embeddable":true,"href":"https:\/\/repliquemangacine.fr\/en\/wp-json\/wp\/v2\/media\/50004"}],"wp:attachment":[{"href":"https:\/\/repliquemangacine.fr\/en\/wp-json\/wp\/v2\/media?parent=50003"}],"wp:term":[{"taxonomy":"product_brand","embeddable":true,"href":"https:\/\/repliquemangacine.fr\/en\/wp-json\/wp\/v2\/product_brand?post=50003"},{"taxonomy":"product_cat","embeddable":true,"href":"https:\/\/repliquemangacine.fr\/en\/wp-json\/wp\/v2\/product_cat?post=50003"},{"taxonomy":"product_tag","embeddable":true,"href":"https:\/\/repliquemangacine.fr\/en\/wp-json\/wp\/v2\/product_tag?post=50003"}],"curies":[{"name":"wp","href":"https:\/\/api.w.org\/{rel}","templated":true}]}}