





{"id":49992,"date":"2022-04-26T14:19:57","date_gmt":"2022-04-26T12:19:57","guid":{"rendered":"https:\/\/repliquemangacine.fr\/?post_type=product&#038;p=49992"},"modified":"2025-11-10T14:48:06","modified_gmt":"2025-11-10T13:48:06","slug":"gellert-grindelwalds-wand-metal-core","status":"publish","type":"product","link":"https:\/\/repliquemangacine.fr\/en\/baguettes-personnages-harry-potter\/baguette-de-gellert-grindelwald-noyau-metal\/","title":{"rendered":"Grindelwald wand"},"content":{"rendered":"<h2>Grindelwald's wand Gellert metal core<\/h2>\n<p>To begin with, the <strong>Grindelwald's wand Gellert<\/strong> is made of resin, with a metal rod at the heart of the rod, offering high quality.<\/p>\n<p>Like all the wizards in the Harry Potter saga, Grindelwald has his own wand! This wand has the ability to cast spells, such as the Doloris spell, which causes extreme pain to anyone who undergoes it.<\/p>\n<p>Gellert Grindelwald is one of the best-known wizards of his time. He is also one of the most dangerous and powerful.<\/p>\n<p>He uses the <a href=\"https:\/\/harrypotter.fandom.com\/fr\/wiki\/Baguette_de_Sureau\" target=\"_blank\" rel=\"noopener noreferrer\">Elderberry wand<\/a> to gain power. Grindelwald's popularity overshadowed the original meaning of the Deathly Hallows symbol, which many wizards later came to regard as Grindelwald's trademark.<\/p>\n<h2>Your Grindelwald Gellert Wand at the best price.<\/h2>\n<p>We offer a wide selection of Harry Potter Ollivander wands.<\/p>\n<p>First and foremost,<\/p>\n<ul>\n<li style=\"list-style-type: none;\">\n<ul>\n<li>Albus' wand<a href=\"https:\/\/repliquemangacine.fr\/en\/character-chopsticks\/albus-dumbledore-wand-high-quality-metal-core\/\"> Dumbledore<\/a> in imitation dark elder wood<\/li>\n<li>And Harry's wand<a href=\"https:\/\/repliquemangacine.fr\/en\/character-chopsticks\/harry-potter-wand-high-quality-metal-core\/\"> Potter<\/a> in person!<\/li>\n<li>And many more to discover in our online store!<\/li>\n<\/ul>\n<\/li>\n<\/ul>\n<p>Here's a great gift idea for all Harry Potter fans!<\/p>\n<p>In conclusion, you can also use this <strong>Grindelwald's wand Gellert<\/strong> for your cosplays or theme parties. But above all, it's a decorative collector's item.<\/p>\n<p>R\u00e9plique Manga Cin\u00e9 is a French family business.<\/p>\n<h2>How are wizards' wands made?<\/h2>\n<p>A wand is an object made up of two variable elements: wood, usually from a tree, and the so-called wand core, which can come from a variety of magical creatures or plants. It is a tool used by wizards and witches to sharpen their spells and obtain better results when using magic.<\/p>\n<p>Our chopsticks are made of moulded resin, with a metal rod at the heart of the chopstick, which gives your <strong>Grindelwald Gellert wand<\/strong> remarkable resistance.<\/p>\n<p>Most wizards buy their wand at the age of eleven, before starting their magical education. Young wizards can buy their wand themselves from a vendor, with British students traditionally going to Ollivander's.<\/p>","protected":false},"excerpt":{"rendered":"<p>Unofficial replica of Gellert Grindelwald's wand, inspired by the Harry Potter saga.<\/p>\n<ul>\n<li>Resin rod imitating a wood, with the appearance of a twisted, thorny branch.<\/li>\n<li>Metal core.<\/li>\n<li>Delivered in a collector's character box with velvet interior.<\/li>\n<li>Character card.<\/li>\n<li>Total length: 38 cm - Weight: 76 Grs<\/li>\n<\/ul>\n<p>&nbsp;<\/p>","protected":false},"featured_media":49993,"template":"","meta":[],"product_brand":[896],"product_cat":[80,24,41,101],"product_tag":[],"class_list":{"0":"post-49992","1":"product","2":"type-product","3":"status-publish","4":"has-post-thumbnail","6":"product_brand-replique-manga-cine","7":"product_cat-baguettes-personnages-harry-potter","8":"product_cat-films-series-tv-vente-de-katana-epee-et-produits-derives","9":"product_cat-baguettes-et-goodies-harry-potter","10":"product_cat-soldes","12":"first","13":"instock","14":"sale","15":"taxable","16":"shipping-taxable","17":"purchasable","18":"product-type-simple"},"yoast_head":"<!-- This site is optimized with the Yoast SEO plugin v27.5 - https:\/\/yoast.com\/product\/yoast-seo-wordpress\/ -->\n<title>Baguette Grindelwald Gellert - Harry Potter | R\u00e9plique Manga Cin\u00e9<\/title>\n<meta name=\"description\" content=\"Offrez-lui la Baguette de Grindelwald Gellert dans Harry Potter au meilleur prix. Noyau central en m\u00e9tal - Recouverte de r\u00e9sine - Longueur : 38 cm\" \/>\n<meta name=\"robots\" content=\"index, follow, max-snippet:-1, max-image-preview:large, max-video-preview:-1\" \/>\n<link rel=\"canonical\" href=\"https:\/\/repliquemangacine.fr\/en\/balances\/gellert-grindelwalds-wand-metal-core\/\" \/>\n<meta property=\"og:locale\" content=\"en_US\" \/>\n<meta property=\"og:type\" content=\"article\" \/>\n<meta property=\"og:title\" content=\"Baguette Grindelwald Gellert - Harry Potter | R\u00e9plique Manga Cin\u00e9\" \/>\n<meta property=\"og:description\" content=\"Offrez-lui la Baguette de Grindelwald Gellert dans Harry Potter au meilleur prix. Noyau central en m\u00e9tal - Recouverte de r\u00e9sine - Longueur : 38 cm\" \/>\n<meta property=\"og:url\" content=\"https:\/\/repliquemangacine.fr\/en\/balances\/gellert-grindelwalds-wand-metal-core\/\" \/>\n<meta property=\"og:site_name\" content=\"R\u00e9plique Manga Cin\u00e9\" \/>\n<meta property=\"article:publisher\" content=\"https:\/\/www.facebook.com\/RepliqueMangaCine\" \/>\n<meta property=\"article:modified_time\" content=\"2025-11-10T13:48:06+00:00\" \/>\n<meta property=\"og:image\" content=\"https:\/\/repliquemangacine.fr\/wp-content\/uploads\/2023\/10\/baguette-grindelward-4.jpg\" \/>\n\t<meta property=\"og:image:width\" content=\"600\" \/>\n\t<meta property=\"og:image:height\" content=\"600\" \/>\n\t<meta property=\"og:image:type\" content=\"image\/jpeg\" \/>\n<meta name=\"twitter:card\" content=\"summary_large_image\" \/>\n<meta name=\"twitter:label1\" content=\"Est. reading time\" \/>\n\t<meta name=\"twitter:data1\" content=\"2 minutes\" \/>\n<script type=\"application\/ld+json\" class=\"yoast-schema-graph\">{\"@context\":\"https:\\\/\\\/schema.org\",\"@graph\":[{\"@type\":\"WebPage\",\"@id\":\"https:\\\/\\\/repliquemangacine.fr\\\/soldes\\\/baguette-de-gellert-grindelwald-noyau-metal\\\/\",\"url\":\"https:\\\/\\\/repliquemangacine.fr\\\/soldes\\\/baguette-de-gellert-grindelwald-noyau-metal\\\/\",\"name\":\"Baguette Grindelwald Gellert - Harry Potter | R\u00e9plique Manga Cin\u00e9\",\"isPartOf\":{\"@id\":\"https:\\\/\\\/repliquemangacine.fr\\\/#website\"},\"primaryImageOfPage\":{\"@id\":\"https:\\\/\\\/repliquemangacine.fr\\\/soldes\\\/baguette-de-gellert-grindelwald-noyau-metal\\\/#primaryimage\"},\"image\":{\"@id\":\"https:\\\/\\\/repliquemangacine.fr\\\/soldes\\\/baguette-de-gellert-grindelwald-noyau-metal\\\/#primaryimage\"},\"thumbnailUrl\":\"https:\\\/\\\/repliquemangacine.fr\\\/wp-content\\\/uploads\\\/2023\\\/10\\\/baguette-grindelward-4.jpg\",\"datePublished\":\"2022-04-26T12:19:57+00:00\",\"dateModified\":\"2025-11-10T13:48:06+00:00\",\"description\":\"Offrez-lui la Baguette de Grindelwald Gellert dans Harry Potter au meilleur prix. Noyau central en m\u00e9tal - Recouverte de r\u00e9sine - Longueur : 38 cm\",\"breadcrumb\":{\"@id\":\"https:\\\/\\\/repliquemangacine.fr\\\/soldes\\\/baguette-de-gellert-grindelwald-noyau-metal\\\/#breadcrumb\"},\"inLanguage\":\"en-US\",\"potentialAction\":[{\"@type\":\"ReadAction\",\"target\":[\"https:\\\/\\\/repliquemangacine.fr\\\/soldes\\\/baguette-de-gellert-grindelwald-noyau-metal\\\/\"]}]},{\"@type\":\"ImageObject\",\"inLanguage\":\"en-US\",\"@id\":\"https:\\\/\\\/repliquemangacine.fr\\\/soldes\\\/baguette-de-gellert-grindelwald-noyau-metal\\\/#primaryimage\",\"url\":\"https:\\\/\\\/repliquemangacine.fr\\\/wp-content\\\/uploads\\\/2023\\\/10\\\/baguette-grindelward-4.jpg\",\"contentUrl\":\"https:\\\/\\\/repliquemangacine.fr\\\/wp-content\\\/uploads\\\/2023\\\/10\\\/baguette-grindelward-4.jpg\",\"width\":600,\"height\":600,\"caption\":\"Baguette de Grindelwald Gellert Harry Potter\"},{\"@type\":\"BreadcrumbList\",\"@id\":\"https:\\\/\\\/repliquemangacine.fr\\\/soldes\\\/baguette-de-gellert-grindelwald-noyau-metal\\\/#breadcrumb\",\"itemListElement\":[{\"@type\":\"ListItem\",\"position\":1,\"name\":\"Accueil\",\"item\":\"https:\\\/\\\/repliquemangacine.fr\\\/\"},{\"@type\":\"ListItem\",\"position\":2,\"name\":\"Produits\",\"item\":\"https:\\\/\\\/repliquemangacine.fr\\\/boutique\\\/\"},{\"@type\":\"ListItem\",\"position\":3,\"name\":\"Baguette Grindelwald\"}]},{\"@type\":\"WebSite\",\"@id\":\"https:\\\/\\\/repliquemangacine.fr\\\/#website\",\"url\":\"https:\\\/\\\/repliquemangacine.fr\\\/\",\"name\":\"R\u00e9plique Manga Cin\u00e9\",\"description\":\"\",\"publisher\":{\"@id\":\"https:\\\/\\\/repliquemangacine.fr\\\/#organization\"},\"potentialAction\":[{\"@type\":\"SearchAction\",\"target\":{\"@type\":\"EntryPoint\",\"urlTemplate\":\"https:\\\/\\\/repliquemangacine.fr\\\/?s={search_term_string}\"},\"query-input\":{\"@type\":\"PropertyValueSpecification\",\"valueRequired\":true,\"valueName\":\"search_term_string\"}}],\"inLanguage\":\"en-US\"},{\"@type\":\"Organization\",\"@id\":\"https:\\\/\\\/repliquemangacine.fr\\\/#organization\",\"name\":\"R\u00e9plique Manga Cin\u00e9\",\"url\":\"https:\\\/\\\/repliquemangacine.fr\\\/\",\"logo\":{\"@type\":\"ImageObject\",\"inLanguage\":\"en-US\",\"@id\":\"https:\\\/\\\/repliquemangacine.fr\\\/#\\\/schema\\\/logo\\\/image\\\/\",\"url\":\"https:\\\/\\\/repliquemangacine.fr\\\/wp-content\\\/uploads\\\/2023\\\/10\\\/RMC-500250.png\",\"contentUrl\":\"https:\\\/\\\/repliquemangacine.fr\\\/wp-content\\\/uploads\\\/2023\\\/10\\\/RMC-500250.png\",\"width\":500,\"height\":250,\"caption\":\"R\u00e9plique Manga Cin\u00e9\"},\"image\":{\"@id\":\"https:\\\/\\\/repliquemangacine.fr\\\/#\\\/schema\\\/logo\\\/image\\\/\"},\"sameAs\":[\"https:\\\/\\\/www.facebook.com\\\/RepliqueMangaCine\",\"https:\\\/\\\/www.instagram.com\\\/repliquemangacine.fr\\\/\"]}]}<\/script>\n<!-- \/ Yoast SEO plugin. -->","yoast_head_json":{"title":"Grindelwald Gellert Wand - Harry Potter | R\u00e9plique Manga Cin\u00e9","description":"Offer him Grindelwald's Gellert Wand from Harry Potter at the best price. Central metal core - Resin-coated - Length: 38 cm","robots":{"index":"index","follow":"follow","max-snippet":"max-snippet:-1","max-image-preview":"max-image-preview:large","max-video-preview":"max-video-preview:-1"},"canonical":"https:\/\/repliquemangacine.fr\/en\/balances\/gellert-grindelwalds-wand-metal-core\/","og_locale":"en_US","og_type":"article","og_title":"Baguette Grindelwald Gellert - Harry Potter | R\u00e9plique Manga Cin\u00e9","og_description":"Offrez-lui la Baguette de Grindelwald Gellert dans Harry Potter au meilleur prix. Noyau central en m\u00e9tal - Recouverte de r\u00e9sine - Longueur : 38 cm","og_url":"https:\/\/repliquemangacine.fr\/en\/balances\/gellert-grindelwalds-wand-metal-core\/","og_site_name":"R\u00e9plique Manga Cin\u00e9","article_publisher":"https:\/\/www.facebook.com\/RepliqueMangaCine","article_modified_time":"2025-11-10T13:48:06+00:00","og_image":[{"width":600,"height":600,"url":"https:\/\/repliquemangacine.fr\/wp-content\/uploads\/2023\/10\/baguette-grindelward-4.jpg","type":"image\/jpeg"}],"twitter_card":"summary_large_image","twitter_misc":{"Est. reading time":"2 minutes"},"schema":{"@context":"https:\/\/schema.org","@graph":[{"@type":"WebPage","@id":"https:\/\/repliquemangacine.fr\/soldes\/baguette-de-gellert-grindelwald-noyau-metal\/","url":"https:\/\/repliquemangacine.fr\/soldes\/baguette-de-gellert-grindelwald-noyau-metal\/","name":"Grindelwald Gellert Wand - Harry Potter | R\u00e9plique Manga Cin\u00e9","isPartOf":{"@id":"https:\/\/repliquemangacine.fr\/#website"},"primaryImageOfPage":{"@id":"https:\/\/repliquemangacine.fr\/soldes\/baguette-de-gellert-grindelwald-noyau-metal\/#primaryimage"},"image":{"@id":"https:\/\/repliquemangacine.fr\/soldes\/baguette-de-gellert-grindelwald-noyau-metal\/#primaryimage"},"thumbnailUrl":"https:\/\/repliquemangacine.fr\/wp-content\/uploads\/2023\/10\/baguette-grindelward-4.jpg","datePublished":"2022-04-26T12:19:57+00:00","dateModified":"2025-11-10T13:48:06+00:00","description":"Offer him Grindelwald's Gellert Wand from Harry Potter at the best price. Central metal core - Resin-coated - Length: 38 cm","breadcrumb":{"@id":"https:\/\/repliquemangacine.fr\/soldes\/baguette-de-gellert-grindelwald-noyau-metal\/#breadcrumb"},"inLanguage":"en-US","potentialAction":[{"@type":"ReadAction","target":["https:\/\/repliquemangacine.fr\/soldes\/baguette-de-gellert-grindelwald-noyau-metal\/"]}]},{"@type":"ImageObject","inLanguage":"en-US","@id":"https:\/\/repliquemangacine.fr\/soldes\/baguette-de-gellert-grindelwald-noyau-metal\/#primaryimage","url":"https:\/\/repliquemangacine.fr\/wp-content\/uploads\/2023\/10\/baguette-grindelward-4.jpg","contentUrl":"https:\/\/repliquemangacine.fr\/wp-content\/uploads\/2023\/10\/baguette-grindelward-4.jpg","width":600,"height":600,"caption":"Baguette de Grindelwald Gellert Harry Potter"},{"@type":"BreadcrumbList","@id":"https:\/\/repliquemangacine.fr\/soldes\/baguette-de-gellert-grindelwald-noyau-metal\/#breadcrumb","itemListElement":[{"@type":"ListItem","position":1,"name":"Accueil","item":"https:\/\/repliquemangacine.fr\/"},{"@type":"ListItem","position":2,"name":"Produits","item":"https:\/\/repliquemangacine.fr\/boutique\/"},{"@type":"ListItem","position":3,"name":"Baguette Grindelwald"}]},{"@type":"WebSite","@id":"https:\/\/repliquemangacine.fr\/#website","url":"https:\/\/repliquemangacine.fr\/","name":"R\u00e9plique Manga Cin\u00e9","description":"","publisher":{"@id":"https:\/\/repliquemangacine.fr\/#organization"},"potentialAction":[{"@type":"SearchAction","target":{"@type":"EntryPoint","urlTemplate":"https:\/\/repliquemangacine.fr\/?s={search_term_string}"},"query-input":{"@type":"PropertyValueSpecification","valueRequired":true,"valueName":"search_term_string"}}],"inLanguage":"en-US"},{"@type":"Organization","@id":"https:\/\/repliquemangacine.fr\/#organization","name":"R\u00e9plique Manga Cin\u00e9","url":"https:\/\/repliquemangacine.fr\/","logo":{"@type":"ImageObject","inLanguage":"en-US","@id":"https:\/\/repliquemangacine.fr\/#\/schema\/logo\/image\/","url":"https:\/\/repliquemangacine.fr\/wp-content\/uploads\/2023\/10\/RMC-500250.png","contentUrl":"https:\/\/repliquemangacine.fr\/wp-content\/uploads\/2023\/10\/RMC-500250.png","width":500,"height":250,"caption":"R\u00e9plique Manga Cin\u00e9"},"image":{"@id":"https:\/\/repliquemangacine.fr\/#\/schema\/logo\/image\/"},"sameAs":["https:\/\/www.facebook.com\/RepliqueMangaCine","https:\/\/www.instagram.com\/repliquemangacine.fr\/"]}]}},"_links":{"self":[{"href":"https:\/\/repliquemangacine.fr\/en\/wp-json\/wp\/v2\/product\/49992","targetHints":{"allow":["GET"]}}],"collection":[{"href":"https:\/\/repliquemangacine.fr\/en\/wp-json\/wp\/v2\/product"}],"about":[{"href":"https:\/\/repliquemangacine.fr\/en\/wp-json\/wp\/v2\/types\/product"}],"wp:featuredmedia":[{"embeddable":true,"href":"https:\/\/repliquemangacine.fr\/en\/wp-json\/wp\/v2\/media\/49993"}],"wp:attachment":[{"href":"https:\/\/repliquemangacine.fr\/en\/wp-json\/wp\/v2\/media?parent=49992"}],"wp:term":[{"taxonomy":"product_brand","embeddable":true,"href":"https:\/\/repliquemangacine.fr\/en\/wp-json\/wp\/v2\/product_brand?post=49992"},{"taxonomy":"product_cat","embeddable":true,"href":"https:\/\/repliquemangacine.fr\/en\/wp-json\/wp\/v2\/product_cat?post=49992"},{"taxonomy":"product_tag","embeddable":true,"href":"https:\/\/repliquemangacine.fr\/en\/wp-json\/wp\/v2\/product_tag?post=49992"}],"curies":[{"name":"wp","href":"https:\/\/api.w.org\/{rel}","templated":true}]}}