





{"id":49905,"date":"2022-04-22T17:12:10","date_gmt":"2022-04-22T15:12:10","guid":{"rendered":"https:\/\/repliquemangacine.fr\/?post_type=product&#038;p=49905"},"modified":"2026-02-20T16:48:23","modified_gmt":"2026-02-20T15:48:23","slug":"arc-reactor-mk1-iron-man-heart-reactor","status":"publish","type":"product","link":"https:\/\/repliquemangacine.fr\/en\/super-heros-marvel\/arc-reactor-mk1-iron-man-coeur-reacteur\/","title":{"rendered":"Iron Man heart"},"content":{"rendered":"<h2>Iron Man MK1 Heart - Arc Reactor.<\/h2>\n<p>To begin with, the <strong>Iron Man heart <\/strong>Arc Reactor is an exact replica of the MK1 version.<\/p>\n<p>There are two main versions of the arc reactor. The original large-scale industrial version. The miniaturized \"breastplate\" version, perfected by Tony Stark.<\/p>\n<p>In the years following Howard's death, the project <a href=\"https:\/\/universcinematographiquemarvel.fandom.com\/fr\/wiki\/R\u00e9acteur_arc\" target=\"_blank\" rel=\"noopener noreferrer\">Arc Reactor<\/a> has become a priority for the company.<\/p>\n<p>During the attack on the Ten Rings and the capture of Tony Stark, a bomb explodes near Stark, causing shrapnel near his heart, threatening his life.<br \/>\nDr. Ho Yinsen removes most of the shrapnel, but some was too close to his heart. So he created a way to stop shrapnel.<\/p>\n<h2>Your Iron Man Heart at the best price.<\/h2>\n<p>We offer a wide selection of replicas of the Avengers characters from the Marvel universe.<\/p>\n<p>First and foremost,<\/p>\n<ul>\n<li>Visit<a href=\"https:\/\/repliquemangacine.fr\/en\/super-heroes\/captain-america-shield-deluxe-version\/\"> Captain America's shield<\/a> all-steel, a rare piece for your collection.<\/li>\n<li>There is also the <a href=\"https:\/\/repliquemangacine.fr\/en\/super-heroes\/marteau-de-thor-mjoellnir-en-metal-avec-base\/\">Thor's hammer<\/a>in luxury or standard versions.<\/li>\n<li>As well as the giant <a href=\"https:\/\/repliquemangacine.fr\/en\/super-heroes\/double-epee-de-thanos-avengers-endgame\/\">Thanos' double sword<\/a>.<\/li>\n<li>And many more to discover in our online store!<\/li>\n<\/ul>\n<p>So here are some great gift ideas for Avengers fans!<\/p>\n<p>In conclusion, you can also use the <strong>Iron Man heart<\/strong> for your cosplay parades or theme parties. But above all, the heart of the reactor is also a collector's item.<\/p>\n<h2>How are our Avengers Marvel merchandise made?<\/h2>\n<p>To begin with, all our derived products are of the highest quality, manufactured with meticulous attention to detail. In fact, some of this work is done by hand, to reproduce the smallest detail. More important parts are machined by very precise machines. Engravings are generally made with a diamond or laser tip.<\/p>\n<p>Your <strong>Iron Man heart<\/strong> has been engineered to reproduce every detail exactly. From the machined metal parts to the copper wire and high-intensity LEDs.<\/p>\n<p>Finally, imported from China or Spain, our replicas will amaze you!<\/p>\n<p>R\u00e9plique Manga Cin\u00e9 is a French family business.<\/p>","protected":false},"excerpt":{"rendered":"<p>Replica of the MK1 arc reactor.<\/p>\n<ul>\n<li>In aluminum, stainless steel and molded plastic.<\/li>\n<li>High-intensity LEDs.<\/li>\n<li>He withdraws from his base.<\/li>\n<li>Circular metal stand, diameter 12cm with engraving.<\/li>\n<li>Plexiglas display case.<\/li>\n<li>1.20 m USB cable.<\/li>\n<li>Total height: 19 cm - Total width: 16.5 cm<\/li>\n<\/ul>","protected":false},"featured_media":49906,"template":"","meta":[],"product_brand":[896],"product_cat":[24,59],"product_tag":[],"class_list":{"0":"post-49905","1":"product","2":"type-product","3":"status-publish","4":"has-post-thumbnail","6":"product_brand-replique-manga-cine","7":"product_cat-films-series-tv-vente-de-katana-epee-et-produits-derives","8":"product_cat-super-heros-marvel","10":"first","11":"outofstock","12":"sale","13":"taxable","14":"shipping-taxable","15":"purchasable","16":"product-type-simple"},"yoast_head":"<!-- This site is optimized with the Yoast SEO plugin v27.5 - https:\/\/yoast.com\/product\/yoast-seo-wordpress\/ -->\n<title>C\u0153ur Iron Man - R\u00e9pliques Avengers - R\u00e9plique Manga Cin\u00e9<\/title>\n<meta name=\"description\" content=\"Offrez-lui le C\u0153ur Iron Man MK1 au meilleur prix. Haute qualit\u00e9 - Sous vitrine en plexiglas - Eclairage par Led - Hauteur : 19 cm - Largeur : 16.5 cm\" \/>\n<meta name=\"robots\" content=\"index, follow, max-snippet:-1, max-image-preview:large, max-video-preview:-1\" \/>\n<link rel=\"canonical\" href=\"https:\/\/repliquemangacine.fr\/en\/marvel-superheroes\/arc-reactor-mk1-iron-man-heart-reactor\/\" \/>\n<meta property=\"og:locale\" content=\"en_US\" \/>\n<meta property=\"og:type\" content=\"article\" \/>\n<meta property=\"og:title\" content=\"C\u0153ur Iron Man - R\u00e9pliques Avengers - R\u00e9plique Manga Cin\u00e9\" \/>\n<meta property=\"og:description\" content=\"Offrez-lui le C\u0153ur Iron Man MK1 au meilleur prix. Haute qualit\u00e9 - Sous vitrine en plexiglas - Eclairage par Led - Hauteur : 19 cm - Largeur : 16.5 cm\" \/>\n<meta property=\"og:url\" content=\"https:\/\/repliquemangacine.fr\/en\/marvel-superheroes\/arc-reactor-mk1-iron-man-heart-reactor\/\" \/>\n<meta property=\"og:site_name\" content=\"R\u00e9plique Manga Cin\u00e9\" \/>\n<meta property=\"article:publisher\" content=\"https:\/\/www.facebook.com\/RepliqueMangaCine\" \/>\n<meta property=\"article:modified_time\" content=\"2026-02-20T15:48:23+00:00\" \/>\n<meta property=\"og:image\" content=\"https:\/\/repliquemangacine.fr\/wp-content\/uploads\/2023\/10\/coeur-tony-stark-7.jpg\" \/>\n\t<meta property=\"og:image:width\" content=\"600\" \/>\n\t<meta property=\"og:image:height\" content=\"600\" \/>\n\t<meta property=\"og:image:type\" content=\"image\/jpeg\" \/>\n<meta name=\"twitter:card\" content=\"summary_large_image\" \/>\n<meta name=\"twitter:label1\" content=\"Est. reading time\" \/>\n\t<meta name=\"twitter:data1\" content=\"3 minutes\" \/>\n<script type=\"application\/ld+json\" class=\"yoast-schema-graph\">{\"@context\":\"https:\\\/\\\/schema.org\",\"@graph\":[{\"@type\":\"WebPage\",\"@id\":\"https:\\\/\\\/repliquemangacine.fr\\\/super-heros-marvel\\\/arc-reactor-mk1-iron-man-coeur-reacteur\\\/\",\"url\":\"https:\\\/\\\/repliquemangacine.fr\\\/super-heros-marvel\\\/arc-reactor-mk1-iron-man-coeur-reacteur\\\/\",\"name\":\"C\u0153ur Iron Man - R\u00e9pliques Avengers - R\u00e9plique Manga Cin\u00e9\",\"isPartOf\":{\"@id\":\"https:\\\/\\\/repliquemangacine.fr\\\/#website\"},\"primaryImageOfPage\":{\"@id\":\"https:\\\/\\\/repliquemangacine.fr\\\/super-heros-marvel\\\/arc-reactor-mk1-iron-man-coeur-reacteur\\\/#primaryimage\"},\"image\":{\"@id\":\"https:\\\/\\\/repliquemangacine.fr\\\/super-heros-marvel\\\/arc-reactor-mk1-iron-man-coeur-reacteur\\\/#primaryimage\"},\"thumbnailUrl\":\"https:\\\/\\\/repliquemangacine.fr\\\/wp-content\\\/uploads\\\/2023\\\/10\\\/coeur-tony-stark-7.jpg\",\"datePublished\":\"2022-04-22T15:12:10+00:00\",\"dateModified\":\"2026-02-20T15:48:23+00:00\",\"description\":\"Offrez-lui le C\u0153ur Iron Man MK1 au meilleur prix. Haute qualit\u00e9 - Sous vitrine en plexiglas - Eclairage par Led - Hauteur : 19 cm - Largeur : 16.5 cm\",\"breadcrumb\":{\"@id\":\"https:\\\/\\\/repliquemangacine.fr\\\/super-heros-marvel\\\/arc-reactor-mk1-iron-man-coeur-reacteur\\\/#breadcrumb\"},\"inLanguage\":\"en-US\",\"potentialAction\":[{\"@type\":\"ReadAction\",\"target\":[\"https:\\\/\\\/repliquemangacine.fr\\\/super-heros-marvel\\\/arc-reactor-mk1-iron-man-coeur-reacteur\\\/\"]}]},{\"@type\":\"ImageObject\",\"inLanguage\":\"en-US\",\"@id\":\"https:\\\/\\\/repliquemangacine.fr\\\/super-heros-marvel\\\/arc-reactor-mk1-iron-man-coeur-reacteur\\\/#primaryimage\",\"url\":\"https:\\\/\\\/repliquemangacine.fr\\\/wp-content\\\/uploads\\\/2023\\\/10\\\/coeur-tony-stark-7.jpg\",\"contentUrl\":\"https:\\\/\\\/repliquemangacine.fr\\\/wp-content\\\/uploads\\\/2023\\\/10\\\/coeur-tony-stark-7.jpg\",\"width\":600,\"height\":600,\"caption\":\"R\u00e9plique Coeur r\u00e9acteur \u00e0 led Iron Man\"},{\"@type\":\"BreadcrumbList\",\"@id\":\"https:\\\/\\\/repliquemangacine.fr\\\/super-heros-marvel\\\/arc-reactor-mk1-iron-man-coeur-reacteur\\\/#breadcrumb\",\"itemListElement\":[{\"@type\":\"ListItem\",\"position\":1,\"name\":\"Accueil\",\"item\":\"https:\\\/\\\/repliquemangacine.fr\\\/\"},{\"@type\":\"ListItem\",\"position\":2,\"name\":\"Produits\",\"item\":\"https:\\\/\\\/repliquemangacine.fr\\\/boutique\\\/\"},{\"@type\":\"ListItem\",\"position\":3,\"name\":\"C\u0153ur Iron Man\"}]},{\"@type\":\"WebSite\",\"@id\":\"https:\\\/\\\/repliquemangacine.fr\\\/#website\",\"url\":\"https:\\\/\\\/repliquemangacine.fr\\\/\",\"name\":\"R\u00e9plique Manga Cin\u00e9\",\"description\":\"\",\"publisher\":{\"@id\":\"https:\\\/\\\/repliquemangacine.fr\\\/#organization\"},\"potentialAction\":[{\"@type\":\"SearchAction\",\"target\":{\"@type\":\"EntryPoint\",\"urlTemplate\":\"https:\\\/\\\/repliquemangacine.fr\\\/?s={search_term_string}\"},\"query-input\":{\"@type\":\"PropertyValueSpecification\",\"valueRequired\":true,\"valueName\":\"search_term_string\"}}],\"inLanguage\":\"en-US\"},{\"@type\":\"Organization\",\"@id\":\"https:\\\/\\\/repliquemangacine.fr\\\/#organization\",\"name\":\"R\u00e9plique Manga Cin\u00e9\",\"url\":\"https:\\\/\\\/repliquemangacine.fr\\\/\",\"logo\":{\"@type\":\"ImageObject\",\"inLanguage\":\"en-US\",\"@id\":\"https:\\\/\\\/repliquemangacine.fr\\\/#\\\/schema\\\/logo\\\/image\\\/\",\"url\":\"https:\\\/\\\/repliquemangacine.fr\\\/wp-content\\\/uploads\\\/2023\\\/10\\\/RMC-500250.png\",\"contentUrl\":\"https:\\\/\\\/repliquemangacine.fr\\\/wp-content\\\/uploads\\\/2023\\\/10\\\/RMC-500250.png\",\"width\":500,\"height\":250,\"caption\":\"R\u00e9plique Manga Cin\u00e9\"},\"image\":{\"@id\":\"https:\\\/\\\/repliquemangacine.fr\\\/#\\\/schema\\\/logo\\\/image\\\/\"},\"sameAs\":[\"https:\\\/\\\/www.facebook.com\\\/RepliqueMangaCine\",\"https:\\\/\\\/www.instagram.com\\\/repliquemangacine.fr\\\/\"]}]}<\/script>\n<!-- \/ Yoast SEO plugin. -->","yoast_head_json":{"title":"Iron Man Heart - Avengers Replicas - R\u00e9plique Manga Cin\u00e9","description":"Offer him the Iron Man MK1 Heart at the best price. High quality - Plexiglas display case - Led lighting - Height: 19 cm - Width: 16.5 cm","robots":{"index":"index","follow":"follow","max-snippet":"max-snippet:-1","max-image-preview":"max-image-preview:large","max-video-preview":"max-video-preview:-1"},"canonical":"https:\/\/repliquemangacine.fr\/en\/marvel-superheroes\/arc-reactor-mk1-iron-man-heart-reactor\/","og_locale":"en_US","og_type":"article","og_title":"C\u0153ur Iron Man - R\u00e9pliques Avengers - R\u00e9plique Manga Cin\u00e9","og_description":"Offrez-lui le C\u0153ur Iron Man MK1 au meilleur prix. Haute qualit\u00e9 - Sous vitrine en plexiglas - Eclairage par Led - Hauteur : 19 cm - Largeur : 16.5 cm","og_url":"https:\/\/repliquemangacine.fr\/en\/marvel-superheroes\/arc-reactor-mk1-iron-man-heart-reactor\/","og_site_name":"R\u00e9plique Manga Cin\u00e9","article_publisher":"https:\/\/www.facebook.com\/RepliqueMangaCine","article_modified_time":"2026-02-20T15:48:23+00:00","og_image":[{"width":600,"height":600,"url":"https:\/\/repliquemangacine.fr\/wp-content\/uploads\/2023\/10\/coeur-tony-stark-7.jpg","type":"image\/jpeg"}],"twitter_card":"summary_large_image","twitter_misc":{"Est. reading time":"3 minutes"},"schema":{"@context":"https:\/\/schema.org","@graph":[{"@type":"WebPage","@id":"https:\/\/repliquemangacine.fr\/super-heros-marvel\/arc-reactor-mk1-iron-man-coeur-reacteur\/","url":"https:\/\/repliquemangacine.fr\/super-heros-marvel\/arc-reactor-mk1-iron-man-coeur-reacteur\/","name":"Iron Man Heart - Avengers Replicas - R\u00e9plique Manga Cin\u00e9","isPartOf":{"@id":"https:\/\/repliquemangacine.fr\/#website"},"primaryImageOfPage":{"@id":"https:\/\/repliquemangacine.fr\/super-heros-marvel\/arc-reactor-mk1-iron-man-coeur-reacteur\/#primaryimage"},"image":{"@id":"https:\/\/repliquemangacine.fr\/super-heros-marvel\/arc-reactor-mk1-iron-man-coeur-reacteur\/#primaryimage"},"thumbnailUrl":"https:\/\/repliquemangacine.fr\/wp-content\/uploads\/2023\/10\/coeur-tony-stark-7.jpg","datePublished":"2022-04-22T15:12:10+00:00","dateModified":"2026-02-20T15:48:23+00:00","description":"Offer him the Iron Man MK1 Heart at the best price. High quality - Plexiglas display case - Led lighting - Height: 19 cm - Width: 16.5 cm","breadcrumb":{"@id":"https:\/\/repliquemangacine.fr\/super-heros-marvel\/arc-reactor-mk1-iron-man-coeur-reacteur\/#breadcrumb"},"inLanguage":"en-US","potentialAction":[{"@type":"ReadAction","target":["https:\/\/repliquemangacine.fr\/super-heros-marvel\/arc-reactor-mk1-iron-man-coeur-reacteur\/"]}]},{"@type":"ImageObject","inLanguage":"en-US","@id":"https:\/\/repliquemangacine.fr\/super-heros-marvel\/arc-reactor-mk1-iron-man-coeur-reacteur\/#primaryimage","url":"https:\/\/repliquemangacine.fr\/wp-content\/uploads\/2023\/10\/coeur-tony-stark-7.jpg","contentUrl":"https:\/\/repliquemangacine.fr\/wp-content\/uploads\/2023\/10\/coeur-tony-stark-7.jpg","width":600,"height":600,"caption":"R\u00e9plique Coeur r\u00e9acteur \u00e0 led Iron Man"},{"@type":"BreadcrumbList","@id":"https:\/\/repliquemangacine.fr\/super-heros-marvel\/arc-reactor-mk1-iron-man-coeur-reacteur\/#breadcrumb","itemListElement":[{"@type":"ListItem","position":1,"name":"Accueil","item":"https:\/\/repliquemangacine.fr\/"},{"@type":"ListItem","position":2,"name":"Produits","item":"https:\/\/repliquemangacine.fr\/boutique\/"},{"@type":"ListItem","position":3,"name":"C\u0153ur Iron Man"}]},{"@type":"WebSite","@id":"https:\/\/repliquemangacine.fr\/#website","url":"https:\/\/repliquemangacine.fr\/","name":"R\u00e9plique Manga Cin\u00e9","description":"","publisher":{"@id":"https:\/\/repliquemangacine.fr\/#organization"},"potentialAction":[{"@type":"SearchAction","target":{"@type":"EntryPoint","urlTemplate":"https:\/\/repliquemangacine.fr\/?s={search_term_string}"},"query-input":{"@type":"PropertyValueSpecification","valueRequired":true,"valueName":"search_term_string"}}],"inLanguage":"en-US"},{"@type":"Organization","@id":"https:\/\/repliquemangacine.fr\/#organization","name":"R\u00e9plique Manga Cin\u00e9","url":"https:\/\/repliquemangacine.fr\/","logo":{"@type":"ImageObject","inLanguage":"en-US","@id":"https:\/\/repliquemangacine.fr\/#\/schema\/logo\/image\/","url":"https:\/\/repliquemangacine.fr\/wp-content\/uploads\/2023\/10\/RMC-500250.png","contentUrl":"https:\/\/repliquemangacine.fr\/wp-content\/uploads\/2023\/10\/RMC-500250.png","width":500,"height":250,"caption":"R\u00e9plique Manga Cin\u00e9"},"image":{"@id":"https:\/\/repliquemangacine.fr\/#\/schema\/logo\/image\/"},"sameAs":["https:\/\/www.facebook.com\/RepliqueMangaCine","https:\/\/www.instagram.com\/repliquemangacine.fr\/"]}]}},"_links":{"self":[{"href":"https:\/\/repliquemangacine.fr\/en\/wp-json\/wp\/v2\/product\/49905","targetHints":{"allow":["GET"]}}],"collection":[{"href":"https:\/\/repliquemangacine.fr\/en\/wp-json\/wp\/v2\/product"}],"about":[{"href":"https:\/\/repliquemangacine.fr\/en\/wp-json\/wp\/v2\/types\/product"}],"wp:featuredmedia":[{"embeddable":true,"href":"https:\/\/repliquemangacine.fr\/en\/wp-json\/wp\/v2\/media\/49906"}],"wp:attachment":[{"href":"https:\/\/repliquemangacine.fr\/en\/wp-json\/wp\/v2\/media?parent=49905"}],"wp:term":[{"taxonomy":"product_brand","embeddable":true,"href":"https:\/\/repliquemangacine.fr\/en\/wp-json\/wp\/v2\/product_brand?post=49905"},{"taxonomy":"product_cat","embeddable":true,"href":"https:\/\/repliquemangacine.fr\/en\/wp-json\/wp\/v2\/product_cat?post=49905"},{"taxonomy":"product_tag","embeddable":true,"href":"https:\/\/repliquemangacine.fr\/en\/wp-json\/wp\/v2\/product_tag?post=49905"}],"curies":[{"name":"wp","href":"https:\/\/api.w.org\/{rel}","templated":true}]}}