





{"id":49880,"date":"2022-04-22T12:35:41","date_gmt":"2022-04-22T10:35:41","guid":{"rendered":"https:\/\/repliquemangacine.fr\/?post_type=product&#038;p=49880"},"modified":"2026-04-02T00:24:54","modified_gmt":"2026-04-01T22:24:54","slug":"thundercats-omens-sword-cosmocats-starlion-sword","status":"publish","type":"product","link":"https:\/\/repliquemangacine.fr\/en\/katana-et-epee-de-manga-anime-autre-manga\/thundercats-epee-omens-cosmocats-sabre-de-starlion\/","title":{"rendered":"Sword Omens Cosmocats"},"content":{"rendered":"<h2>Omens Cosmocats sword, Starlion saber.<\/h2>\n<p>To begin with, the<strong>Sword Omens Cosmocats<\/strong> was called The Sword of Omens when it was first broadcast.<\/p>\n<p>Cosmocats (ThunderCats), American animated TV series. A remake of the series was released in 2011, with the French version retaining the original ThunderCats title.<\/p>\n<p>This series recounts the battles between the Cosmocats, a race of humanoid felines led by the brave young Starlion, and the Mutants, a race of diabolical monsters. The Mutants drove the Cosmocats from their planet Thundera and pursued them to their new home, 3rd Earth, where a formidable enemy lives: Mumm-Ra.<\/p>\n<p><a href=\"https:\/\/thundercats-ho.fandom.com\/wiki\/Cosmocats_Lion-O\" target=\"_blank\" rel=\"noopener noreferrer\">Starlion,<\/a> young lord of the Cosmocats always carries the sword of Omens (sword of omens) set with the Eye of Thundera, as well as his protective glove, which also contains a grappling hook.<br \/>\nIn case of danger, the sword emits a light signal to warn other Cosmocats.<\/p>\n<h2>Your Omens Cosmocats Sword at the best price<\/h2>\n<p>We bring you all the lines of your favorite manga and video game characters.<\/p>\n<p>First and foremost,<\/p>\n<ul>\n<li>L'<a href=\"https:\/\/repliquemangacine.fr\/en\/other-manga\/epee-de-liz-dans-seven-deadly-sins-epee-meliodas\/\">sword of liz<\/a> given to Meliodas in Seven Deadly Sins.<\/li>\n<li>There is also the<a href=\"https:\/\/repliquemangacine.fr\/en\/other-manga\/rin-sword-blue-exorcist-katana-kurikara\/\">Rin's sword<\/a> in Blue Exorcist<\/li>\n<li>And many more to discover in our online store!<\/li>\n<\/ul>\n<p>That's why here are some great gift ideas for Thundercats fans.<\/p>\n<p>In conclusion, you can also use this <strong>Sword Omens Cosmocats<\/strong> for your cosplay parades or theme parties. But above all, the Starlion sword is also a collector's item and a decorative object.<\/p>\n<p>R\u00e9plique Manga Cin\u00e9 is a French company.<\/p>\n<h2>How to maintain the blade of your Manga sword?<\/h2>\n<p>Collector's and decorative swords are made and assembled in a simplified way. As their use is decorative, they lack the safety features required of a Japanese sword intended for training.<\/p>\n<p>However, your <strong>Sword Omens Cosmocats<\/strong> to a steel blade that needs to be cared for to avoid damage over time. In fact, when you display your katana, your friends will be curious to see and touch the blade. This is where you need to be careful, as the acidity of your fingers is very harmful to steel, whatever its quality.<\/p>\n<p>However, if this does happen, don't panic - all you need is a cloth dampened with a little oil and a wipe of fingerprints. By doing so, you'll keep your sword looking its best for a very long time.<\/p>\n<p><strong>\u00a0<\/strong><\/p>","protected":false},"excerpt":{"rendered":"<p>Omens sword used by Starlion in the anime Thundercats Cosmocats.<\/p>\n<ul>\n<li>Stainless steel blade with groove.<\/li>\n<li>Metal handle decorated with red and blue stones.<\/li>\n<li>Steel guard with Thund\u00e9ra eye.<\/li>\n<li>Blade length: 82 cm - Total length: 120 cm - Weight: 1910 grs<\/li>\n<\/ul>","protected":false},"featured_media":91848,"template":"","meta":[],"product_brand":[896],"product_cat":[65,23],"product_tag":[],"class_list":{"0":"post-49880","1":"product","2":"type-product","3":"status-publish","4":"has-post-thumbnail","6":"product_brand-replique-manga-cine","7":"product_cat-katana-et-epee-de-manga-anime-autre-manga","8":"product_cat-repliques-manga-jeux-video","10":"first","11":"instock","12":"taxable","13":"shipping-taxable","14":"purchasable","15":"product-type-simple"},"yoast_head":"<!-- This site is optimized with the Yoast SEO plugin v27.4 - https:\/\/yoast.com\/product\/yoast-seo-wordpress\/ -->\n<title>Ep\u00e9e Omens Cosmocats - Sabre Starlion - R\u00e9plique Manga Cin\u00e9<\/title>\n<meta name=\"description\" content=\"Offrez-vous l&#039;Ep\u00e9e Omens Cosmocats au meilleur prix. Lame en acier 440 - Garde avec symbole de Thundera. Echelle 1\/1 - Longueur : 120 cm - Envoi 24\/48h\" \/>\n<meta name=\"robots\" content=\"index, follow, max-snippet:-1, max-image-preview:large, max-video-preview:-1\" \/>\n<link rel=\"canonical\" href=\"https:\/\/repliquemangacine.fr\/en\/katana-and-sword-from-anime-other-manga\/thundercats-omens-sword-cosmocats-starlion-sword\/\" \/>\n<meta property=\"og:locale\" content=\"en_US\" \/>\n<meta property=\"og:type\" content=\"article\" \/>\n<meta property=\"og:title\" content=\"Ep\u00e9e Omens Cosmocats - Sabre Starlion - R\u00e9plique Manga Cin\u00e9\" \/>\n<meta property=\"og:description\" content=\"Offrez-vous l&#039;Ep\u00e9e Omens Cosmocats au meilleur prix. Lame en acier 440 - Garde avec symbole de Thundera. Echelle 1\/1 - Longueur : 120 cm - Envoi 24\/48h\" \/>\n<meta property=\"og:url\" content=\"https:\/\/repliquemangacine.fr\/en\/katana-and-sword-from-anime-other-manga\/thundercats-omens-sword-cosmocats-starlion-sword\/\" \/>\n<meta property=\"og:site_name\" content=\"R\u00e9plique Manga Cin\u00e9\" \/>\n<meta property=\"article:publisher\" content=\"https:\/\/www.facebook.com\/RepliqueMangaCine\" \/>\n<meta property=\"article:modified_time\" content=\"2026-04-01T22:24:54+00:00\" \/>\n<meta property=\"og:image\" content=\"https:\/\/repliquemangacine.fr\/wp-content\/uploads\/2022\/04\/Epee-Omens-Cosmocats.jpg\" \/>\n\t<meta property=\"og:image:width\" content=\"700\" \/>\n\t<meta property=\"og:image:height\" content=\"700\" \/>\n\t<meta property=\"og:image:type\" content=\"image\/jpeg\" \/>\n<meta name=\"twitter:card\" content=\"summary_large_image\" \/>\n<meta name=\"twitter:label1\" content=\"Est. reading time\" \/>\n\t<meta name=\"twitter:data1\" content=\"3 minutes\" \/>\n<script type=\"application\/ld+json\" class=\"yoast-schema-graph\">{\"@context\":\"https:\\\/\\\/schema.org\",\"@graph\":[{\"@type\":\"WebPage\",\"@id\":\"https:\\\/\\\/repliquemangacine.fr\\\/katana-et-epee-de-manga-anime-autre-manga\\\/thundercats-epee-omens-cosmocats-sabre-de-starlion\\\/\",\"url\":\"https:\\\/\\\/repliquemangacine.fr\\\/katana-et-epee-de-manga-anime-autre-manga\\\/thundercats-epee-omens-cosmocats-sabre-de-starlion\\\/\",\"name\":\"Ep\u00e9e Omens Cosmocats - Sabre Starlion - R\u00e9plique Manga Cin\u00e9\",\"isPartOf\":{\"@id\":\"https:\\\/\\\/repliquemangacine.fr\\\/#website\"},\"primaryImageOfPage\":{\"@id\":\"https:\\\/\\\/repliquemangacine.fr\\\/katana-et-epee-de-manga-anime-autre-manga\\\/thundercats-epee-omens-cosmocats-sabre-de-starlion\\\/#primaryimage\"},\"image\":{\"@id\":\"https:\\\/\\\/repliquemangacine.fr\\\/katana-et-epee-de-manga-anime-autre-manga\\\/thundercats-epee-omens-cosmocats-sabre-de-starlion\\\/#primaryimage\"},\"thumbnailUrl\":\"https:\\\/\\\/repliquemangacine.fr\\\/wp-content\\\/uploads\\\/2022\\\/04\\\/Epee-Omens-Cosmocats.jpg\",\"datePublished\":\"2022-04-22T10:35:41+00:00\",\"dateModified\":\"2026-04-01T22:24:54+00:00\",\"description\":\"Offrez-vous l'Ep\u00e9e Omens Cosmocats au meilleur prix. Lame en acier 440 - Garde avec symbole de Thundera. Echelle 1\\\/1 - Longueur : 120 cm - Envoi 24\\\/48h\",\"breadcrumb\":{\"@id\":\"https:\\\/\\\/repliquemangacine.fr\\\/katana-et-epee-de-manga-anime-autre-manga\\\/thundercats-epee-omens-cosmocats-sabre-de-starlion\\\/#breadcrumb\"},\"inLanguage\":\"en-US\",\"potentialAction\":[{\"@type\":\"ReadAction\",\"target\":[\"https:\\\/\\\/repliquemangacine.fr\\\/katana-et-epee-de-manga-anime-autre-manga\\\/thundercats-epee-omens-cosmocats-sabre-de-starlion\\\/\"]}]},{\"@type\":\"ImageObject\",\"inLanguage\":\"en-US\",\"@id\":\"https:\\\/\\\/repliquemangacine.fr\\\/katana-et-epee-de-manga-anime-autre-manga\\\/thundercats-epee-omens-cosmocats-sabre-de-starlion\\\/#primaryimage\",\"url\":\"https:\\\/\\\/repliquemangacine.fr\\\/wp-content\\\/uploads\\\/2022\\\/04\\\/Epee-Omens-Cosmocats.jpg\",\"contentUrl\":\"https:\\\/\\\/repliquemangacine.fr\\\/wp-content\\\/uploads\\\/2022\\\/04\\\/Epee-Omens-Cosmocats.jpg\",\"width\":700,\"height\":700,\"caption\":\"Ep\u00e9e Omens Cosmocats\"},{\"@type\":\"BreadcrumbList\",\"@id\":\"https:\\\/\\\/repliquemangacine.fr\\\/katana-et-epee-de-manga-anime-autre-manga\\\/thundercats-epee-omens-cosmocats-sabre-de-starlion\\\/#breadcrumb\",\"itemListElement\":[{\"@type\":\"ListItem\",\"position\":1,\"name\":\"Accueil\",\"item\":\"https:\\\/\\\/repliquemangacine.fr\\\/\"},{\"@type\":\"ListItem\",\"position\":2,\"name\":\"Produits\",\"item\":\"https:\\\/\\\/repliquemangacine.fr\\\/boutique\\\/\"},{\"@type\":\"ListItem\",\"position\":3,\"name\":\"Ep\u00e9e Omens Cosmocats\"}]},{\"@type\":\"WebSite\",\"@id\":\"https:\\\/\\\/repliquemangacine.fr\\\/#website\",\"url\":\"https:\\\/\\\/repliquemangacine.fr\\\/\",\"name\":\"R\u00e9plique Manga Cin\u00e9\",\"description\":\"\",\"publisher\":{\"@id\":\"https:\\\/\\\/repliquemangacine.fr\\\/#organization\"},\"potentialAction\":[{\"@type\":\"SearchAction\",\"target\":{\"@type\":\"EntryPoint\",\"urlTemplate\":\"https:\\\/\\\/repliquemangacine.fr\\\/?s={search_term_string}\"},\"query-input\":{\"@type\":\"PropertyValueSpecification\",\"valueRequired\":true,\"valueName\":\"search_term_string\"}}],\"inLanguage\":\"en-US\"},{\"@type\":\"Organization\",\"@id\":\"https:\\\/\\\/repliquemangacine.fr\\\/#organization\",\"name\":\"R\u00e9plique Manga Cin\u00e9\",\"url\":\"https:\\\/\\\/repliquemangacine.fr\\\/\",\"logo\":{\"@type\":\"ImageObject\",\"inLanguage\":\"en-US\",\"@id\":\"https:\\\/\\\/repliquemangacine.fr\\\/#\\\/schema\\\/logo\\\/image\\\/\",\"url\":\"https:\\\/\\\/repliquemangacine.fr\\\/wp-content\\\/uploads\\\/2023\\\/10\\\/RMC-500250.png\",\"contentUrl\":\"https:\\\/\\\/repliquemangacine.fr\\\/wp-content\\\/uploads\\\/2023\\\/10\\\/RMC-500250.png\",\"width\":500,\"height\":250,\"caption\":\"R\u00e9plique Manga Cin\u00e9\"},\"image\":{\"@id\":\"https:\\\/\\\/repliquemangacine.fr\\\/#\\\/schema\\\/logo\\\/image\\\/\"},\"sameAs\":[\"https:\\\/\\\/www.facebook.com\\\/RepliqueMangaCine\",\"https:\\\/\\\/www.instagram.com\\\/repliquemangacine.fr\\\/\"]}]}<\/script>\n<!-- \/ Yoast SEO plugin. -->","yoast_head_json":{"title":"Omens Cosmocats Sword - Starlion Saber - R\u00e9plique Manga Cin\u00e9","description":"Treat yourself to the Omens Cosmocats Sword at the best price. 440 steel blade - Guard with Thundera symbol. Scale 1\/1 - Length: 120 cm - Shipment 24\/48h","robots":{"index":"index","follow":"follow","max-snippet":"max-snippet:-1","max-image-preview":"max-image-preview:large","max-video-preview":"max-video-preview:-1"},"canonical":"https:\/\/repliquemangacine.fr\/en\/katana-and-sword-from-anime-other-manga\/thundercats-omens-sword-cosmocats-starlion-sword\/","og_locale":"en_US","og_type":"article","og_title":"Ep\u00e9e Omens Cosmocats - Sabre Starlion - R\u00e9plique Manga Cin\u00e9","og_description":"Offrez-vous l'Ep\u00e9e Omens Cosmocats au meilleur prix. Lame en acier 440 - Garde avec symbole de Thundera. Echelle 1\/1 - Longueur : 120 cm - Envoi 24\/48h","og_url":"https:\/\/repliquemangacine.fr\/en\/katana-and-sword-from-anime-other-manga\/thundercats-omens-sword-cosmocats-starlion-sword\/","og_site_name":"R\u00e9plique Manga Cin\u00e9","article_publisher":"https:\/\/www.facebook.com\/RepliqueMangaCine","article_modified_time":"2026-04-01T22:24:54+00:00","og_image":[{"width":700,"height":700,"url":"https:\/\/repliquemangacine.fr\/wp-content\/uploads\/2022\/04\/Epee-Omens-Cosmocats.jpg","type":"image\/jpeg"}],"twitter_card":"summary_large_image","twitter_misc":{"Est. reading time":"3 minutes"},"schema":{"@context":"https:\/\/schema.org","@graph":[{"@type":"WebPage","@id":"https:\/\/repliquemangacine.fr\/katana-et-epee-de-manga-anime-autre-manga\/thundercats-epee-omens-cosmocats-sabre-de-starlion\/","url":"https:\/\/repliquemangacine.fr\/katana-et-epee-de-manga-anime-autre-manga\/thundercats-epee-omens-cosmocats-sabre-de-starlion\/","name":"Omens Cosmocats Sword - Starlion Saber - R\u00e9plique Manga Cin\u00e9","isPartOf":{"@id":"https:\/\/repliquemangacine.fr\/#website"},"primaryImageOfPage":{"@id":"https:\/\/repliquemangacine.fr\/katana-et-epee-de-manga-anime-autre-manga\/thundercats-epee-omens-cosmocats-sabre-de-starlion\/#primaryimage"},"image":{"@id":"https:\/\/repliquemangacine.fr\/katana-et-epee-de-manga-anime-autre-manga\/thundercats-epee-omens-cosmocats-sabre-de-starlion\/#primaryimage"},"thumbnailUrl":"https:\/\/repliquemangacine.fr\/wp-content\/uploads\/2022\/04\/Epee-Omens-Cosmocats.jpg","datePublished":"2022-04-22T10:35:41+00:00","dateModified":"2026-04-01T22:24:54+00:00","description":"Treat yourself to the Omens Cosmocats Sword at the best price. 440 steel blade - Guard with Thundera symbol. Scale 1\/1 - Length: 120 cm - Shipment 24\/48h","breadcrumb":{"@id":"https:\/\/repliquemangacine.fr\/katana-et-epee-de-manga-anime-autre-manga\/thundercats-epee-omens-cosmocats-sabre-de-starlion\/#breadcrumb"},"inLanguage":"en-US","potentialAction":[{"@type":"ReadAction","target":["https:\/\/repliquemangacine.fr\/katana-et-epee-de-manga-anime-autre-manga\/thundercats-epee-omens-cosmocats-sabre-de-starlion\/"]}]},{"@type":"ImageObject","inLanguage":"en-US","@id":"https:\/\/repliquemangacine.fr\/katana-et-epee-de-manga-anime-autre-manga\/thundercats-epee-omens-cosmocats-sabre-de-starlion\/#primaryimage","url":"https:\/\/repliquemangacine.fr\/wp-content\/uploads\/2022\/04\/Epee-Omens-Cosmocats.jpg","contentUrl":"https:\/\/repliquemangacine.fr\/wp-content\/uploads\/2022\/04\/Epee-Omens-Cosmocats.jpg","width":700,"height":700,"caption":"Ep\u00e9e Omens Cosmocats"},{"@type":"BreadcrumbList","@id":"https:\/\/repliquemangacine.fr\/katana-et-epee-de-manga-anime-autre-manga\/thundercats-epee-omens-cosmocats-sabre-de-starlion\/#breadcrumb","itemListElement":[{"@type":"ListItem","position":1,"name":"Accueil","item":"https:\/\/repliquemangacine.fr\/"},{"@type":"ListItem","position":2,"name":"Produits","item":"https:\/\/repliquemangacine.fr\/boutique\/"},{"@type":"ListItem","position":3,"name":"Ep\u00e9e Omens Cosmocats"}]},{"@type":"WebSite","@id":"https:\/\/repliquemangacine.fr\/#website","url":"https:\/\/repliquemangacine.fr\/","name":"R\u00e9plique Manga Cin\u00e9","description":"","publisher":{"@id":"https:\/\/repliquemangacine.fr\/#organization"},"potentialAction":[{"@type":"SearchAction","target":{"@type":"EntryPoint","urlTemplate":"https:\/\/repliquemangacine.fr\/?s={search_term_string}"},"query-input":{"@type":"PropertyValueSpecification","valueRequired":true,"valueName":"search_term_string"}}],"inLanguage":"en-US"},{"@type":"Organization","@id":"https:\/\/repliquemangacine.fr\/#organization","name":"R\u00e9plique Manga Cin\u00e9","url":"https:\/\/repliquemangacine.fr\/","logo":{"@type":"ImageObject","inLanguage":"en-US","@id":"https:\/\/repliquemangacine.fr\/#\/schema\/logo\/image\/","url":"https:\/\/repliquemangacine.fr\/wp-content\/uploads\/2023\/10\/RMC-500250.png","contentUrl":"https:\/\/repliquemangacine.fr\/wp-content\/uploads\/2023\/10\/RMC-500250.png","width":500,"height":250,"caption":"R\u00e9plique Manga Cin\u00e9"},"image":{"@id":"https:\/\/repliquemangacine.fr\/#\/schema\/logo\/image\/"},"sameAs":["https:\/\/www.facebook.com\/RepliqueMangaCine","https:\/\/www.instagram.com\/repliquemangacine.fr\/"]}]}},"_links":{"self":[{"href":"https:\/\/repliquemangacine.fr\/en\/wp-json\/wp\/v2\/product\/49880","targetHints":{"allow":["GET"]}}],"collection":[{"href":"https:\/\/repliquemangacine.fr\/en\/wp-json\/wp\/v2\/product"}],"about":[{"href":"https:\/\/repliquemangacine.fr\/en\/wp-json\/wp\/v2\/types\/product"}],"wp:featuredmedia":[{"embeddable":true,"href":"https:\/\/repliquemangacine.fr\/en\/wp-json\/wp\/v2\/media\/91848"}],"wp:attachment":[{"href":"https:\/\/repliquemangacine.fr\/en\/wp-json\/wp\/v2\/media?parent=49880"}],"wp:term":[{"taxonomy":"product_brand","embeddable":true,"href":"https:\/\/repliquemangacine.fr\/en\/wp-json\/wp\/v2\/product_brand?post=49880"},{"taxonomy":"product_cat","embeddable":true,"href":"https:\/\/repliquemangacine.fr\/en\/wp-json\/wp\/v2\/product_cat?post=49880"},{"taxonomy":"product_tag","embeddable":true,"href":"https:\/\/repliquemangacine.fr\/en\/wp-json\/wp\/v2\/product_tag?post=49880"}],"curies":[{"name":"wp","href":"https:\/\/api.w.org\/{rel}","templated":true}]}}