





{"id":49822,"date":"2022-04-19T13:44:08","date_gmt":"2022-04-19T11:44:08","guid":{"rendered":"https:\/\/repliquemangacine.fr\/?post_type=product&#038;p=49822"},"modified":"2025-09-23T18:02:44","modified_gmt":"2025-09-23T16:02:44","slug":"father-sword-conan-marto","status":"publish","type":"product","link":"https:\/\/repliquemangacine.fr\/en\/katana-les-epees-de-films-et-series\/father-sword-conan-marto\/","title":{"rendered":"Father Sword Conan Marto"},"content":{"rendered":"<h2>Father Sword Conan Marto under official license<\/h2>\n<p>To get started, <strong>Father Sword Conan Marto<\/strong>This reproduction is officially licensed with a certificate of authenticity and serial number on the blade. Exclusive Conan Sword Collection <a href=\"https:\/\/www.marto.es\/index.php\/es\/productos-marto\/espadas-de-cine\/conan\/espada-conan-padre-bronce-detail\" target=\"_blank\" rel=\"noopener noreferrer\">Marto<\/a>.<\/p>\n<p>Conan's adventures take place in a mythical past, created by Howard, called the \"Hyborian Age\". He's a barbarian from Cimmeria, a gloomy land that Howard linked to historical Cimmeria. Corin is the father of Conan and Siobahn and the famous blacksmith of his Cimmerian village.<\/p>\n<p>1982 saw the release of John Milius's Conan the Barbarian, starring Arnold Schwarzenegger. This film does not adapt any of Howard's short stories; only a few scenes are taken from the original texts and integrated into the screenplay by John Milius, written in collaboration with Oliver Stone.<\/p>\n<h2>Your Sword of Conan's Father at the best price.<\/h2>\n<p>We offer a wide selection of replica swords and collectors' items from your favorite movie heroes.<\/p>\n<p>First and foremost,<\/p>\n<p>L'<a href=\"https:\/\/repliquemangacine.fr\/en\/super-heroes\/katana-daywalker-blade-sword\/\">Blade Daywalker sword<\/a> with its straight blade and plate scabbard for carrying on your back.<br \/>\nThen the sword<a href=\"https:\/\/repliquemangacine.fr\/en\/other-films\/connor-macleod-highlander-sword\/\"> connor Macleod's official website<\/a> signed Marto.<br \/>\nThere is also the<a href=\"https:\/\/repliquemangacine.fr\/en\/other-films\/conan-marto-atlantean-sword\/\">Atlantean Conan sword<\/a> under official license distributed by Marto.<br \/>\nAnd many more to discover in our online store!<\/p>\n<p>That's why here are some great gift ideas for all film lovers.<\/p>\n<p>In conclusion, you can use <strong>Father Sword Conan Marto<\/strong> for your cosplay parades. But above all, this sword is a collector's item under Official License with Certificate of Authenticity - MARTO.<\/p>\n<h2>How to maintain the blade of your Marto sword?<\/h2>\n<p>Collector's and decorative swords are made and assembled in a simplified way. As their use is decorative, they lack the safety features required of a Japanese sword intended for training.<\/p>\n<p>However, your <strong>Father Sword Conan Marto<\/strong> to a steel blade that needs to be cared for to avoid damage over time. In fact, when you display your katana, your friends will be curious to see and touch the blade. This is where you need to be careful, as the acidity of your fingers is very harmful to steel, whatever its quality.<\/p>\n<p>However, if this does happen, don't panic - all you need is a cloth dampened with a little oil and a wipe of fingerprints. By doing so, you'll keep your sword looking its best for a very long time.<\/p>","protected":false},"excerpt":{"rendered":"<p>Identical reproduction of Conan the Barbarian's father's sword with Marto certificate of authenticity.<\/p>\n<ul>\n<li>Forged blade in hardened steel, with serial number.<\/li>\n<li>Deep engraving on the blade with original runes dedicated to Crom.<\/li>\n<li>Steel guard with bronze finish, Irish Elk head.<\/li>\n<li>Bronze-finish steel knob depicting an elk's hoof.<\/li>\n<li>Steel handle covered with leather braid.<\/li>\n<li>Under official license.<\/li>\n<li>Certificate of authenticity<\/li>\n<li>Total sword length: 96 cm - Blade length: 74cm - Weight: 2.670 kg<\/li>\n<\/ul>","protected":false},"featured_media":49823,"template":"","meta":[],"product_brand":[896],"product_cat":[91,66,24],"product_tag":[],"class_list":{"0":"post-49822","1":"product","2":"type-product","3":"status-publish","4":"has-post-thumbnail","6":"product_brand-replique-manga-cine","7":"product_cat-katana-les-epees-de-films-et-series","8":"product_cat-repliques-d-armes-films-et-series","9":"product_cat-films-series-tv-vente-de-katana-epee-et-produits-derives","11":"first","12":"outofstock","13":"taxable","14":"shipping-taxable","15":"purchasable","16":"product-type-simple"},"yoast_head":"<!-- This site is optimized with the Yoast SEO plugin v27.4 - https:\/\/yoast.com\/product\/yoast-seo-wordpress\/ -->\n<title>Father Sword Conan Marto - Vente en ligne - R\u00e9plique Manga Cin\u00e9<\/title>\n<meta name=\"description\" content=\"Retrouvez la r\u00e9plique exacte de l&#039;\u00e9p\u00e9e du p\u00e8re du Conan le Barbare. Father Sword Conan Marto. Certificat d&#039;authenticit\u00e9. Sous licence officielle.\" \/>\n<meta name=\"robots\" content=\"index, follow, max-snippet:-1, max-image-preview:large, max-video-preview:-1\" \/>\n<link rel=\"canonical\" href=\"https:\/\/repliquemangacine.fr\/en\/katana-swords-from-films-and-series\/father-sword-conan-marto\/\" \/>\n<meta property=\"og:locale\" content=\"en_US\" \/>\n<meta property=\"og:type\" content=\"article\" \/>\n<meta property=\"og:title\" content=\"Father Sword Conan Marto - Vente en ligne - R\u00e9plique Manga Cin\u00e9\" \/>\n<meta property=\"og:description\" content=\"Retrouvez la r\u00e9plique exacte de l&#039;\u00e9p\u00e9e du p\u00e8re du Conan le Barbare. Father Sword Conan Marto. Certificat d&#039;authenticit\u00e9. Sous licence officielle.\" \/>\n<meta property=\"og:url\" content=\"https:\/\/repliquemangacine.fr\/en\/katana-swords-from-films-and-series\/father-sword-conan-marto\/\" \/>\n<meta property=\"og:site_name\" content=\"R\u00e9plique Manga Cin\u00e9\" \/>\n<meta property=\"article:publisher\" content=\"https:\/\/www.facebook.com\/RepliqueMangaCine\" \/>\n<meta property=\"article:modified_time\" content=\"2025-09-23T16:02:44+00:00\" \/>\n<meta property=\"og:image\" content=\"https:\/\/repliquemangacine.fr\/wp-content\/uploads\/2023\/10\/epee-conan-marto.jpg\" \/>\n\t<meta property=\"og:image:width\" content=\"600\" \/>\n\t<meta property=\"og:image:height\" content=\"600\" \/>\n\t<meta property=\"og:image:type\" content=\"image\/jpeg\" \/>\n<meta name=\"twitter:card\" content=\"summary_large_image\" \/>\n<meta name=\"twitter:label1\" content=\"Est. reading time\" \/>\n\t<meta name=\"twitter:data1\" content=\"1 minute\" \/>\n<script type=\"application\/ld+json\" class=\"yoast-schema-graph\">{\"@context\":\"https:\\\/\\\/schema.org\",\"@graph\":[{\"@type\":\"WebPage\",\"@id\":\"https:\\\/\\\/repliquemangacine.fr\\\/katana-les-epees-de-films-et-series\\\/father-sword-conan-marto\\\/\",\"url\":\"https:\\\/\\\/repliquemangacine.fr\\\/katana-les-epees-de-films-et-series\\\/father-sword-conan-marto\\\/\",\"name\":\"Father Sword Conan Marto - Vente en ligne - R\u00e9plique Manga Cin\u00e9\",\"isPartOf\":{\"@id\":\"https:\\\/\\\/repliquemangacine.fr\\\/#website\"},\"primaryImageOfPage\":{\"@id\":\"https:\\\/\\\/repliquemangacine.fr\\\/katana-les-epees-de-films-et-series\\\/father-sword-conan-marto\\\/#primaryimage\"},\"image\":{\"@id\":\"https:\\\/\\\/repliquemangacine.fr\\\/katana-les-epees-de-films-et-series\\\/father-sword-conan-marto\\\/#primaryimage\"},\"thumbnailUrl\":\"https:\\\/\\\/repliquemangacine.fr\\\/wp-content\\\/uploads\\\/2023\\\/10\\\/epee-conan-marto.jpg\",\"datePublished\":\"2022-04-19T11:44:08+00:00\",\"dateModified\":\"2025-09-23T16:02:44+00:00\",\"description\":\"Retrouvez la r\u00e9plique exacte de l'\u00e9p\u00e9e du p\u00e8re du Conan le Barbare. Father Sword Conan Marto. Certificat d'authenticit\u00e9. Sous licence officielle.\",\"breadcrumb\":{\"@id\":\"https:\\\/\\\/repliquemangacine.fr\\\/katana-les-epees-de-films-et-series\\\/father-sword-conan-marto\\\/#breadcrumb\"},\"inLanguage\":\"en-US\",\"potentialAction\":[{\"@type\":\"ReadAction\",\"target\":[\"https:\\\/\\\/repliquemangacine.fr\\\/katana-les-epees-de-films-et-series\\\/father-sword-conan-marto\\\/\"]}]},{\"@type\":\"ImageObject\",\"inLanguage\":\"en-US\",\"@id\":\"https:\\\/\\\/repliquemangacine.fr\\\/katana-les-epees-de-films-et-series\\\/father-sword-conan-marto\\\/#primaryimage\",\"url\":\"https:\\\/\\\/repliquemangacine.fr\\\/wp-content\\\/uploads\\\/2023\\\/10\\\/epee-conan-marto.jpg\",\"contentUrl\":\"https:\\\/\\\/repliquemangacine.fr\\\/wp-content\\\/uploads\\\/2023\\\/10\\\/epee-conan-marto.jpg\",\"width\":600,\"height\":600,\"caption\":\"\u00e9p\u00e9e-conan-marto garde acier\"},{\"@type\":\"BreadcrumbList\",\"@id\":\"https:\\\/\\\/repliquemangacine.fr\\\/katana-les-epees-de-films-et-series\\\/father-sword-conan-marto\\\/#breadcrumb\",\"itemListElement\":[{\"@type\":\"ListItem\",\"position\":1,\"name\":\"Accueil\",\"item\":\"https:\\\/\\\/repliquemangacine.fr\\\/\"},{\"@type\":\"ListItem\",\"position\":2,\"name\":\"Produits\",\"item\":\"https:\\\/\\\/repliquemangacine.fr\\\/boutique\\\/\"},{\"@type\":\"ListItem\",\"position\":3,\"name\":\"Father Sword Conan Marto\"}]},{\"@type\":\"WebSite\",\"@id\":\"https:\\\/\\\/repliquemangacine.fr\\\/#website\",\"url\":\"https:\\\/\\\/repliquemangacine.fr\\\/\",\"name\":\"R\u00e9plique Manga Cin\u00e9\",\"description\":\"\",\"publisher\":{\"@id\":\"https:\\\/\\\/repliquemangacine.fr\\\/#organization\"},\"potentialAction\":[{\"@type\":\"SearchAction\",\"target\":{\"@type\":\"EntryPoint\",\"urlTemplate\":\"https:\\\/\\\/repliquemangacine.fr\\\/?s={search_term_string}\"},\"query-input\":{\"@type\":\"PropertyValueSpecification\",\"valueRequired\":true,\"valueName\":\"search_term_string\"}}],\"inLanguage\":\"en-US\"},{\"@type\":\"Organization\",\"@id\":\"https:\\\/\\\/repliquemangacine.fr\\\/#organization\",\"name\":\"R\u00e9plique Manga Cin\u00e9\",\"url\":\"https:\\\/\\\/repliquemangacine.fr\\\/\",\"logo\":{\"@type\":\"ImageObject\",\"inLanguage\":\"en-US\",\"@id\":\"https:\\\/\\\/repliquemangacine.fr\\\/#\\\/schema\\\/logo\\\/image\\\/\",\"url\":\"https:\\\/\\\/repliquemangacine.fr\\\/wp-content\\\/uploads\\\/2023\\\/10\\\/RMC-500250.png\",\"contentUrl\":\"https:\\\/\\\/repliquemangacine.fr\\\/wp-content\\\/uploads\\\/2023\\\/10\\\/RMC-500250.png\",\"width\":500,\"height\":250,\"caption\":\"R\u00e9plique Manga Cin\u00e9\"},\"image\":{\"@id\":\"https:\\\/\\\/repliquemangacine.fr\\\/#\\\/schema\\\/logo\\\/image\\\/\"},\"sameAs\":[\"https:\\\/\\\/www.facebook.com\\\/RepliqueMangaCine\",\"https:\\\/\\\/www.instagram.com\\\/repliquemangacine.fr\\\/\"]}]}<\/script>\n<!-- \/ Yoast SEO plugin. -->","yoast_head_json":{"title":"Father Sword Conan Marto - Online sale - R\u00e9plique Manga Cin\u00e9","description":"Find the exact replica of Conan the Barbarian's father sword. Father Sword Conan Marto. Certificate of authenticity. Officially licensed.","robots":{"index":"index","follow":"follow","max-snippet":"max-snippet:-1","max-image-preview":"max-image-preview:large","max-video-preview":"max-video-preview:-1"},"canonical":"https:\/\/repliquemangacine.fr\/en\/katana-swords-from-films-and-series\/father-sword-conan-marto\/","og_locale":"en_US","og_type":"article","og_title":"Father Sword Conan Marto - Vente en ligne - R\u00e9plique Manga Cin\u00e9","og_description":"Retrouvez la r\u00e9plique exacte de l'\u00e9p\u00e9e du p\u00e8re du Conan le Barbare. Father Sword Conan Marto. Certificat d'authenticit\u00e9. Sous licence officielle.","og_url":"https:\/\/repliquemangacine.fr\/en\/katana-swords-from-films-and-series\/father-sword-conan-marto\/","og_site_name":"R\u00e9plique Manga Cin\u00e9","article_publisher":"https:\/\/www.facebook.com\/RepliqueMangaCine","article_modified_time":"2025-09-23T16:02:44+00:00","og_image":[{"width":600,"height":600,"url":"https:\/\/repliquemangacine.fr\/wp-content\/uploads\/2023\/10\/epee-conan-marto.jpg","type":"image\/jpeg"}],"twitter_card":"summary_large_image","twitter_misc":{"Est. reading time":"1 minute"},"schema":{"@context":"https:\/\/schema.org","@graph":[{"@type":"WebPage","@id":"https:\/\/repliquemangacine.fr\/katana-les-epees-de-films-et-series\/father-sword-conan-marto\/","url":"https:\/\/repliquemangacine.fr\/katana-les-epees-de-films-et-series\/father-sword-conan-marto\/","name":"Father Sword Conan Marto - Online sale - R\u00e9plique Manga Cin\u00e9","isPartOf":{"@id":"https:\/\/repliquemangacine.fr\/#website"},"primaryImageOfPage":{"@id":"https:\/\/repliquemangacine.fr\/katana-les-epees-de-films-et-series\/father-sword-conan-marto\/#primaryimage"},"image":{"@id":"https:\/\/repliquemangacine.fr\/katana-les-epees-de-films-et-series\/father-sword-conan-marto\/#primaryimage"},"thumbnailUrl":"https:\/\/repliquemangacine.fr\/wp-content\/uploads\/2023\/10\/epee-conan-marto.jpg","datePublished":"2022-04-19T11:44:08+00:00","dateModified":"2025-09-23T16:02:44+00:00","description":"Find the exact replica of Conan the Barbarian's father sword. Father Sword Conan Marto. Certificate of authenticity. Officially licensed.","breadcrumb":{"@id":"https:\/\/repliquemangacine.fr\/katana-les-epees-de-films-et-series\/father-sword-conan-marto\/#breadcrumb"},"inLanguage":"en-US","potentialAction":[{"@type":"ReadAction","target":["https:\/\/repliquemangacine.fr\/katana-les-epees-de-films-et-series\/father-sword-conan-marto\/"]}]},{"@type":"ImageObject","inLanguage":"en-US","@id":"https:\/\/repliquemangacine.fr\/katana-les-epees-de-films-et-series\/father-sword-conan-marto\/#primaryimage","url":"https:\/\/repliquemangacine.fr\/wp-content\/uploads\/2023\/10\/epee-conan-marto.jpg","contentUrl":"https:\/\/repliquemangacine.fr\/wp-content\/uploads\/2023\/10\/epee-conan-marto.jpg","width":600,"height":600,"caption":"\u00e9p\u00e9e-conan-marto garde acier"},{"@type":"BreadcrumbList","@id":"https:\/\/repliquemangacine.fr\/katana-les-epees-de-films-et-series\/father-sword-conan-marto\/#breadcrumb","itemListElement":[{"@type":"ListItem","position":1,"name":"Accueil","item":"https:\/\/repliquemangacine.fr\/"},{"@type":"ListItem","position":2,"name":"Produits","item":"https:\/\/repliquemangacine.fr\/boutique\/"},{"@type":"ListItem","position":3,"name":"Father Sword Conan Marto"}]},{"@type":"WebSite","@id":"https:\/\/repliquemangacine.fr\/#website","url":"https:\/\/repliquemangacine.fr\/","name":"R\u00e9plique Manga Cin\u00e9","description":"","publisher":{"@id":"https:\/\/repliquemangacine.fr\/#organization"},"potentialAction":[{"@type":"SearchAction","target":{"@type":"EntryPoint","urlTemplate":"https:\/\/repliquemangacine.fr\/?s={search_term_string}"},"query-input":{"@type":"PropertyValueSpecification","valueRequired":true,"valueName":"search_term_string"}}],"inLanguage":"en-US"},{"@type":"Organization","@id":"https:\/\/repliquemangacine.fr\/#organization","name":"R\u00e9plique Manga Cin\u00e9","url":"https:\/\/repliquemangacine.fr\/","logo":{"@type":"ImageObject","inLanguage":"en-US","@id":"https:\/\/repliquemangacine.fr\/#\/schema\/logo\/image\/","url":"https:\/\/repliquemangacine.fr\/wp-content\/uploads\/2023\/10\/RMC-500250.png","contentUrl":"https:\/\/repliquemangacine.fr\/wp-content\/uploads\/2023\/10\/RMC-500250.png","width":500,"height":250,"caption":"R\u00e9plique Manga Cin\u00e9"},"image":{"@id":"https:\/\/repliquemangacine.fr\/#\/schema\/logo\/image\/"},"sameAs":["https:\/\/www.facebook.com\/RepliqueMangaCine","https:\/\/www.instagram.com\/repliquemangacine.fr\/"]}]}},"_links":{"self":[{"href":"https:\/\/repliquemangacine.fr\/en\/wp-json\/wp\/v2\/product\/49822","targetHints":{"allow":["GET"]}}],"collection":[{"href":"https:\/\/repliquemangacine.fr\/en\/wp-json\/wp\/v2\/product"}],"about":[{"href":"https:\/\/repliquemangacine.fr\/en\/wp-json\/wp\/v2\/types\/product"}],"wp:featuredmedia":[{"embeddable":true,"href":"https:\/\/repliquemangacine.fr\/en\/wp-json\/wp\/v2\/media\/49823"}],"wp:attachment":[{"href":"https:\/\/repliquemangacine.fr\/en\/wp-json\/wp\/v2\/media?parent=49822"}],"wp:term":[{"taxonomy":"product_brand","embeddable":true,"href":"https:\/\/repliquemangacine.fr\/en\/wp-json\/wp\/v2\/product_brand?post=49822"},{"taxonomy":"product_cat","embeddable":true,"href":"https:\/\/repliquemangacine.fr\/en\/wp-json\/wp\/v2\/product_cat?post=49822"},{"taxonomy":"product_tag","embeddable":true,"href":"https:\/\/repliquemangacine.fr\/en\/wp-json\/wp\/v2\/product_tag?post=49822"}],"curies":[{"name":"wp","href":"https:\/\/api.w.org\/{rel}","templated":true}]}}