





{"id":49748,"date":"2022-04-15T15:41:36","date_gmt":"2022-04-15T13:41:36","guid":{"rendered":"https:\/\/repliquemangacine.fr\/?post_type=product&#038;p=49748"},"modified":"2026-04-24T12:07:19","modified_gmt":"2026-04-24T10:07:19","slug":"torshov-viking-sword-9-10th-century-practical","status":"publish","type":"product","link":"https:\/\/repliquemangacine.fr\/en\/epees-serie-tv-vikings\/epee-viking-torshov-9-10e-siecle-practical\/","title":{"rendered":"Viking sword Torshov 9th-10th century"},"content":{"rendered":"<h2>Viking Torshov sword from the 9-10\u1d49 century.<\/h2>\n<p>To begin with, this <strong>Torshov Viking sword, <\/strong>based on a discovery at Torshov in southern Norway. Hand-forged. Heat-treated malleable cast-iron guard and pommel. Spring steel blade, oil-hardened to 48-50\u00b0 Rockwell. Wooden handle covered with leather string. The blade offers both flexibility and lighter weight. Blunt edges and rounded tip for added safety.<\/p>\n<p>For over 100 years, from 799 to 911, the Vikings carried out numerous deadly raids in France. These warriors from Norway won many victories. They even established themselves in Normandy.<\/p>\n<p>Although renowned as formidable warriors, the Vikings never managed to form a real army.<\/p>\n<h2>Your Torshov Viking Sword at the best price.<\/h2>\n<p>We offer a wide selection of swords, as well as helmets and shields from the Viking era.<\/p>\n<p>First and foremost,<\/p>\n<ul>\n<li>This <a href=\"https:\/\/repliquemangacine.fr\/en\/viking-weapons\/replica-of-king-ragnar-lothbroks-sword-from-the-tv-series-vikings\/\">King Ragnar Lothbrok's sword <\/a>from the Viking series.<\/li>\n<li>There is also the<a href=\"https:\/\/repliquemangacine.fr\/en\/viking\/wooden-viking-shield\/\"> round wooden shield<\/a>with steel Umbo.<\/li>\n<li>As well as the <a href=\"https:\/\/repliquemangacine.fr\/en\/viking\/beowulf-viking-helmet\/\">Beowulf Viking helmet<\/a> with repouss\u00e9 brass sconces.<\/li>\n<li>And much, much more!<\/li>\n<li>If you're looking for a bracelet, a ring or even a tattoo to complete your outfit, check out our partner store. <a href=\"https:\/\/www.viking-clan.com\/\" target=\"_blank\" rel=\"noopener noreferrer\">Viking Clan<\/a>.<\/li>\n<\/ul>\n<p>A great gift idea for fans of the Viking era, but also fans of the famous series.<\/p>\n<p>You can also use this sword for cosplay parades or historical re-enactments. But above all, the<strong>Viking sword Torshov<\/strong>is a collector's item, as well as a decorative one.<\/p>\n<h2>How to care for your sword blade<\/h2>\n<p>Collector's and decorative swords are made and assembled in a simplified way. As their use is decorative, they lack the safety features required of a Japanese sword intended for training.<\/p>\n<p>However, your <strong>Viking sword Torshov<\/strong> to a steel blade that needs to be cared for to avoid damage over time. In fact, when you display your katana, your friends will be curious to see and touch the blade. This is where you need to be careful, as the acidity of your fingers is very harmful to steel, whatever its quality.<\/p>\n<p>However, if this does happen, don't panic - all you need is a cloth dampened with a little oil and a wipe of fingerprints. By doing so, you'll keep your sword looking its best for a very long time.<\/p>","protected":false},"excerpt":{"rendered":"<p>Blunt, hand-forged sword from the early Middle Ages.<\/p>\n<ul>\n<li>EN45 spring steel blade, heat-treated<\/li>\n<li>Heat-treated malleable cast-iron guard and pommel<\/li>\n<li>Leather-covered wooden scabbard.<\/li>\n<li>Rockwell blade hardness: 48-50\u00b0 HRC.<\/li>\n<li>Total length: 96 cm - Blade length: 78.5 cm<\/li>\n<li>Balance point: approx. 14cm<\/li>\n<li>Weight: 1600 grs<\/li>\n<\/ul>","protected":false},"featured_media":49749,"template":"","meta":[],"product_brand":[896],"product_cat":[25,112,24,103,57],"product_tag":[],"class_list":{"0":"post-49748","1":"product","2":"type-product","3":"status-publish","4":"has-post-thumbnail","6":"product_brand-replique-manga-cine","7":"product_cat-armes-historiques","8":"product_cat-epees-serie-tv-vikings","9":"product_cat-films-series-tv-vente-de-katana-epee-et-produits-derives","10":"product_cat-armes-et-accessoires-vikings","11":"product_cat-armes-vikings","13":"first","14":"instock","15":"taxable","16":"shipping-taxable","17":"purchasable","18":"product-type-simple"},"yoast_head":"<!-- This site is optimized with the Yoast SEO plugin v27.5 - https:\/\/yoast.com\/product\/yoast-seo-wordpress\/ -->\n<title>\u00c9p\u00e9e Viking Torshov 9-10e si\u00e8cle - R\u00e9plique Manga Cin\u00e9<\/title>\n<meta name=\"description\" content=\"D\u00e9couvrez cette \u00e9p\u00e9e de combat viking Torshov au meilleur prix. Lame en acier \u00e0 ressort EN45 - Fourreau cuir - Longueur totale : 96 cm - Envoi 24\/48h\" \/>\n<meta name=\"robots\" content=\"index, follow, max-snippet:-1, max-image-preview:large, max-video-preview:-1\" \/>\n<link rel=\"canonical\" href=\"https:\/\/repliquemangacine.fr\/en\/swords-tv-series-vikings\/torshov-viking-sword-9-10th-century-practical\/\" \/>\n<meta property=\"og:locale\" content=\"en_US\" \/>\n<meta property=\"og:type\" content=\"article\" \/>\n<meta property=\"og:title\" content=\"\u00c9p\u00e9e Viking Torshov 9-10e si\u00e8cle - R\u00e9plique Manga Cin\u00e9\" \/>\n<meta property=\"og:description\" content=\"D\u00e9couvrez cette \u00e9p\u00e9e de combat viking Torshov au meilleur prix. Lame en acier \u00e0 ressort EN45 - Fourreau cuir - Longueur totale : 96 cm - Envoi 24\/48h\" \/>\n<meta property=\"og:url\" content=\"https:\/\/repliquemangacine.fr\/en\/swords-tv-series-vikings\/torshov-viking-sword-9-10th-century-practical\/\" \/>\n<meta property=\"og:site_name\" content=\"R\u00e9plique Manga Cin\u00e9\" \/>\n<meta property=\"article:publisher\" content=\"https:\/\/www.facebook.com\/RepliqueMangaCine\" \/>\n<meta property=\"article:modified_time\" content=\"2026-04-24T10:07:19+00:00\" \/>\n<meta property=\"og:image\" content=\"https:\/\/repliquemangacine.fr\/wp-content\/uploads\/2023\/10\/epee-vikig-torshov.jpg\" \/>\n\t<meta property=\"og:image:width\" content=\"800\" \/>\n\t<meta property=\"og:image:height\" content=\"800\" \/>\n\t<meta property=\"og:image:type\" content=\"image\/jpeg\" \/>\n<meta name=\"twitter:card\" content=\"summary_large_image\" \/>\n<meta name=\"twitter:label1\" content=\"Est. reading time\" \/>\n\t<meta name=\"twitter:data1\" content=\"2 minutes\" \/>\n<script type=\"application\/ld+json\" class=\"yoast-schema-graph\">{\"@context\":\"https:\\\/\\\/schema.org\",\"@graph\":[{\"@type\":\"WebPage\",\"@id\":\"https:\\\/\\\/repliquemangacine.fr\\\/epees-serie-tv-vikings\\\/epee-viking-torshov-9-10e-siecle-practical\\\/\",\"url\":\"https:\\\/\\\/repliquemangacine.fr\\\/epees-serie-tv-vikings\\\/epee-viking-torshov-9-10e-siecle-practical\\\/\",\"name\":\"\u00c9p\u00e9e Viking Torshov 9-10e si\u00e8cle - R\u00e9plique Manga Cin\u00e9\",\"isPartOf\":{\"@id\":\"https:\\\/\\\/repliquemangacine.fr\\\/#website\"},\"primaryImageOfPage\":{\"@id\":\"https:\\\/\\\/repliquemangacine.fr\\\/epees-serie-tv-vikings\\\/epee-viking-torshov-9-10e-siecle-practical\\\/#primaryimage\"},\"image\":{\"@id\":\"https:\\\/\\\/repliquemangacine.fr\\\/epees-serie-tv-vikings\\\/epee-viking-torshov-9-10e-siecle-practical\\\/#primaryimage\"},\"thumbnailUrl\":\"https:\\\/\\\/repliquemangacine.fr\\\/wp-content\\\/uploads\\\/2023\\\/10\\\/epee-vikig-torshov.jpg\",\"datePublished\":\"2022-04-15T13:41:36+00:00\",\"dateModified\":\"2026-04-24T10:07:19+00:00\",\"description\":\"D\u00e9couvrez cette \u00e9p\u00e9e de combat viking Torshov au meilleur prix. Lame en acier \u00e0 ressort EN45 - Fourreau cuir - Longueur totale : 96 cm - Envoi 24\\\/48h\",\"breadcrumb\":{\"@id\":\"https:\\\/\\\/repliquemangacine.fr\\\/epees-serie-tv-vikings\\\/epee-viking-torshov-9-10e-siecle-practical\\\/#breadcrumb\"},\"inLanguage\":\"en-US\",\"potentialAction\":[{\"@type\":\"ReadAction\",\"target\":[\"https:\\\/\\\/repliquemangacine.fr\\\/epees-serie-tv-vikings\\\/epee-viking-torshov-9-10e-siecle-practical\\\/\"]}]},{\"@type\":\"ImageObject\",\"inLanguage\":\"en-US\",\"@id\":\"https:\\\/\\\/repliquemangacine.fr\\\/epees-serie-tv-vikings\\\/epee-viking-torshov-9-10e-siecle-practical\\\/#primaryimage\",\"url\":\"https:\\\/\\\/repliquemangacine.fr\\\/wp-content\\\/uploads\\\/2023\\\/10\\\/epee-vikig-torshov.jpg\",\"contentUrl\":\"https:\\\/\\\/repliquemangacine.fr\\\/wp-content\\\/uploads\\\/2023\\\/10\\\/epee-vikig-torshov.jpg\",\"width\":800,\"height\":800,\"caption\":\"epee-viking-torshov practical\"},{\"@type\":\"BreadcrumbList\",\"@id\":\"https:\\\/\\\/repliquemangacine.fr\\\/epees-serie-tv-vikings\\\/epee-viking-torshov-9-10e-siecle-practical\\\/#breadcrumb\",\"itemListElement\":[{\"@type\":\"ListItem\",\"position\":1,\"name\":\"Accueil\",\"item\":\"https:\\\/\\\/repliquemangacine.fr\\\/\"},{\"@type\":\"ListItem\",\"position\":2,\"name\":\"Produits\",\"item\":\"https:\\\/\\\/repliquemangacine.fr\\\/boutique\\\/\"},{\"@type\":\"ListItem\",\"position\":3,\"name\":\"\u00c9p\u00e9e Viking Torshov 9-10e si\u00e8cle\"}]},{\"@type\":\"WebSite\",\"@id\":\"https:\\\/\\\/repliquemangacine.fr\\\/#website\",\"url\":\"https:\\\/\\\/repliquemangacine.fr\\\/\",\"name\":\"R\u00e9plique Manga Cin\u00e9\",\"description\":\"\",\"publisher\":{\"@id\":\"https:\\\/\\\/repliquemangacine.fr\\\/#organization\"},\"potentialAction\":[{\"@type\":\"SearchAction\",\"target\":{\"@type\":\"EntryPoint\",\"urlTemplate\":\"https:\\\/\\\/repliquemangacine.fr\\\/?s={search_term_string}\"},\"query-input\":{\"@type\":\"PropertyValueSpecification\",\"valueRequired\":true,\"valueName\":\"search_term_string\"}}],\"inLanguage\":\"en-US\"},{\"@type\":\"Organization\",\"@id\":\"https:\\\/\\\/repliquemangacine.fr\\\/#organization\",\"name\":\"R\u00e9plique Manga Cin\u00e9\",\"url\":\"https:\\\/\\\/repliquemangacine.fr\\\/\",\"logo\":{\"@type\":\"ImageObject\",\"inLanguage\":\"en-US\",\"@id\":\"https:\\\/\\\/repliquemangacine.fr\\\/#\\\/schema\\\/logo\\\/image\\\/\",\"url\":\"https:\\\/\\\/repliquemangacine.fr\\\/wp-content\\\/uploads\\\/2023\\\/10\\\/RMC-500250.png\",\"contentUrl\":\"https:\\\/\\\/repliquemangacine.fr\\\/wp-content\\\/uploads\\\/2023\\\/10\\\/RMC-500250.png\",\"width\":500,\"height\":250,\"caption\":\"R\u00e9plique Manga Cin\u00e9\"},\"image\":{\"@id\":\"https:\\\/\\\/repliquemangacine.fr\\\/#\\\/schema\\\/logo\\\/image\\\/\"},\"sameAs\":[\"https:\\\/\\\/www.facebook.com\\\/RepliqueMangaCine\",\"https:\\\/\\\/www.instagram.com\\\/repliquemangacine.fr\\\/\"]}]}<\/script>\n<!-- \/ Yoast SEO plugin. -->","yoast_head_json":{"title":"Viking sword Torshov 9th-10th century - R\u00e9plique Manga Cin\u00e9","description":"Discover this Torshov Viking fighting sword at the best price. EN45 spring steel blade - Leather scabbard - Total length: 96 cm - Shipment 24\/48h","robots":{"index":"index","follow":"follow","max-snippet":"max-snippet:-1","max-image-preview":"max-image-preview:large","max-video-preview":"max-video-preview:-1"},"canonical":"https:\/\/repliquemangacine.fr\/en\/swords-tv-series-vikings\/torshov-viking-sword-9-10th-century-practical\/","og_locale":"en_US","og_type":"article","og_title":"\u00c9p\u00e9e Viking Torshov 9-10e si\u00e8cle - R\u00e9plique Manga Cin\u00e9","og_description":"D\u00e9couvrez cette \u00e9p\u00e9e de combat viking Torshov au meilleur prix. Lame en acier \u00e0 ressort EN45 - Fourreau cuir - Longueur totale : 96 cm - Envoi 24\/48h","og_url":"https:\/\/repliquemangacine.fr\/en\/swords-tv-series-vikings\/torshov-viking-sword-9-10th-century-practical\/","og_site_name":"R\u00e9plique Manga Cin\u00e9","article_publisher":"https:\/\/www.facebook.com\/RepliqueMangaCine","article_modified_time":"2026-04-24T10:07:19+00:00","og_image":[{"width":800,"height":800,"url":"https:\/\/repliquemangacine.fr\/wp-content\/uploads\/2023\/10\/epee-vikig-torshov.jpg","type":"image\/jpeg"}],"twitter_card":"summary_large_image","twitter_misc":{"Est. reading time":"2 minutes"},"schema":{"@context":"https:\/\/schema.org","@graph":[{"@type":"WebPage","@id":"https:\/\/repliquemangacine.fr\/epees-serie-tv-vikings\/epee-viking-torshov-9-10e-siecle-practical\/","url":"https:\/\/repliquemangacine.fr\/epees-serie-tv-vikings\/epee-viking-torshov-9-10e-siecle-practical\/","name":"Viking sword Torshov 9th-10th century - R\u00e9plique Manga Cin\u00e9","isPartOf":{"@id":"https:\/\/repliquemangacine.fr\/#website"},"primaryImageOfPage":{"@id":"https:\/\/repliquemangacine.fr\/epees-serie-tv-vikings\/epee-viking-torshov-9-10e-siecle-practical\/#primaryimage"},"image":{"@id":"https:\/\/repliquemangacine.fr\/epees-serie-tv-vikings\/epee-viking-torshov-9-10e-siecle-practical\/#primaryimage"},"thumbnailUrl":"https:\/\/repliquemangacine.fr\/wp-content\/uploads\/2023\/10\/epee-vikig-torshov.jpg","datePublished":"2022-04-15T13:41:36+00:00","dateModified":"2026-04-24T10:07:19+00:00","description":"Discover this Torshov Viking fighting sword at the best price. EN45 spring steel blade - Leather scabbard - Total length: 96 cm - Shipment 24\/48h","breadcrumb":{"@id":"https:\/\/repliquemangacine.fr\/epees-serie-tv-vikings\/epee-viking-torshov-9-10e-siecle-practical\/#breadcrumb"},"inLanguage":"en-US","potentialAction":[{"@type":"ReadAction","target":["https:\/\/repliquemangacine.fr\/epees-serie-tv-vikings\/epee-viking-torshov-9-10e-siecle-practical\/"]}]},{"@type":"ImageObject","inLanguage":"en-US","@id":"https:\/\/repliquemangacine.fr\/epees-serie-tv-vikings\/epee-viking-torshov-9-10e-siecle-practical\/#primaryimage","url":"https:\/\/repliquemangacine.fr\/wp-content\/uploads\/2023\/10\/epee-vikig-torshov.jpg","contentUrl":"https:\/\/repliquemangacine.fr\/wp-content\/uploads\/2023\/10\/epee-vikig-torshov.jpg","width":800,"height":800,"caption":"epee-viking-torshov practical"},{"@type":"BreadcrumbList","@id":"https:\/\/repliquemangacine.fr\/epees-serie-tv-vikings\/epee-viking-torshov-9-10e-siecle-practical\/#breadcrumb","itemListElement":[{"@type":"ListItem","position":1,"name":"Accueil","item":"https:\/\/repliquemangacine.fr\/"},{"@type":"ListItem","position":2,"name":"Produits","item":"https:\/\/repliquemangacine.fr\/boutique\/"},{"@type":"ListItem","position":3,"name":"\u00c9p\u00e9e Viking Torshov 9-10e si\u00e8cle"}]},{"@type":"WebSite","@id":"https:\/\/repliquemangacine.fr\/#website","url":"https:\/\/repliquemangacine.fr\/","name":"R\u00e9plique Manga Cin\u00e9","description":"","publisher":{"@id":"https:\/\/repliquemangacine.fr\/#organization"},"potentialAction":[{"@type":"SearchAction","target":{"@type":"EntryPoint","urlTemplate":"https:\/\/repliquemangacine.fr\/?s={search_term_string}"},"query-input":{"@type":"PropertyValueSpecification","valueRequired":true,"valueName":"search_term_string"}}],"inLanguage":"en-US"},{"@type":"Organization","@id":"https:\/\/repliquemangacine.fr\/#organization","name":"R\u00e9plique Manga Cin\u00e9","url":"https:\/\/repliquemangacine.fr\/","logo":{"@type":"ImageObject","inLanguage":"en-US","@id":"https:\/\/repliquemangacine.fr\/#\/schema\/logo\/image\/","url":"https:\/\/repliquemangacine.fr\/wp-content\/uploads\/2023\/10\/RMC-500250.png","contentUrl":"https:\/\/repliquemangacine.fr\/wp-content\/uploads\/2023\/10\/RMC-500250.png","width":500,"height":250,"caption":"R\u00e9plique Manga Cin\u00e9"},"image":{"@id":"https:\/\/repliquemangacine.fr\/#\/schema\/logo\/image\/"},"sameAs":["https:\/\/www.facebook.com\/RepliqueMangaCine","https:\/\/www.instagram.com\/repliquemangacine.fr\/"]}]}},"_links":{"self":[{"href":"https:\/\/repliquemangacine.fr\/en\/wp-json\/wp\/v2\/product\/49748","targetHints":{"allow":["GET"]}}],"collection":[{"href":"https:\/\/repliquemangacine.fr\/en\/wp-json\/wp\/v2\/product"}],"about":[{"href":"https:\/\/repliquemangacine.fr\/en\/wp-json\/wp\/v2\/types\/product"}],"wp:featuredmedia":[{"embeddable":true,"href":"https:\/\/repliquemangacine.fr\/en\/wp-json\/wp\/v2\/media\/49749"}],"wp:attachment":[{"href":"https:\/\/repliquemangacine.fr\/en\/wp-json\/wp\/v2\/media?parent=49748"}],"wp:term":[{"taxonomy":"product_brand","embeddable":true,"href":"https:\/\/repliquemangacine.fr\/en\/wp-json\/wp\/v2\/product_brand?post=49748"},{"taxonomy":"product_cat","embeddable":true,"href":"https:\/\/repliquemangacine.fr\/en\/wp-json\/wp\/v2\/product_cat?post=49748"},{"taxonomy":"product_tag","embeddable":true,"href":"https:\/\/repliquemangacine.fr\/en\/wp-json\/wp\/v2\/product_tag?post=49748"}],"curies":[{"name":"wp","href":"https:\/\/api.w.org\/{rel}","templated":true}]}}