





{"id":49697,"date":"2022-04-13T16:28:27","date_gmt":"2022-04-13T14:28:27","guid":{"rendered":"https:\/\/repliquemangacine.fr\/?post_type=product&#038;p=49697"},"modified":"2025-09-23T18:02:44","modified_gmt":"2025-09-23T16:02:44","slug":"hedeby-viking-sword-9th-century","status":"publish","type":"product","link":"https:\/\/repliquemangacine.fr\/en\/epees-serie-tv-vikings\/epee-viking-hedeby-9eme-siecle\/","title":{"rendered":"Viking sword Hedeby 9\u1d49 century"},"content":{"rendered":"<h2>Viking sword Hedeby 9\u1d49 century<\/h2>\n<p>To begin with, this <strong>Viking sword Hedeby<\/strong> is a reconstruction of a finely crafted funerary find.  Remarkably well preserved, excavated at Hedeby, it would have belonged to a 9th-century Danish nobleman or a wealthy Viking warrior.  The original archaeological piece is on display at the Hedeby Viking Museum.<\/p>\n<p>The Viking-era site of Hedeby, inscribed on UNESCO's World Heritage List in 2018.<\/p>\n<p>For more than 100 years, the Vikings led numerous deadly raids into France. These warriors from Norway won many victories. They even established themselves in Normandy, a region that owes its name to these invaders.<\/p>\n<p>Known as fearsome warriors, the Vikings never managed to form a real army.<\/p>\n<h2>Your Hedeby Viking Sword at the best price.<\/h2>\n<p>We offer a wide selection of swords, as well as helmets and shields from the Viking era.<\/p>\n<p>First and foremost,<\/p>\n<ul>\n<li>This <a href=\"https:\/\/repliquemangacine.fr\/en\/viking\/lagertha-vikings-sword\/\">Lagertha's sword<\/a> wife of Ragnar Lothbrok from the Viking series.<\/li>\n<li>There's also a round wooden shield with a steel Umbo.<\/li>\n<li>As well as the <a href=\"https:\/\/repliquemangacine.fr\/en\/viking\/beowulf-viking-helmet\/\">Beowulf Viking helmet<\/a> with brass sconces.<\/li>\n<li>And much, much more!<\/li>\n<li>If you're looking for a bracelet, a ring or even a tattoo, check out our partner store. <a href=\"https:\/\/www.viking-clan.com\/\" target=\"_blank\" rel=\"noopener noreferrer\">Viking Clan<\/a>.<\/li>\n<\/ul>\n<p>That's why this is a great gift idea for fans of the Viking era, as well as fans of the famous series.<\/p>\n<p>In conclusion, you can also use this Sword for your cosplay parades or historical re-enactments. But above all, the<strong>Viking sword Hedeby<\/strong>is a collector's item, as well as a decorative one.<\/p>\n<h2>How to care for your sword blade<\/h2>\n<p>Collector's and decorative swords are made and assembled in a simplified way. As their use is decorative, they lack the safety features required of a Japanese sword intended for training.<\/p>\n<p>However, your <strong>Viking sword Hedeby<\/strong> to a steel blade that needs to be cared for to avoid damage over time. In fact, when you display your katana, your friends will be curious to see and touch the blade. This is where you need to be careful, as the acidity of your fingers is very harmful to steel, whatever its quality.<\/p>\n<p>However, if this does happen, don't panic - all you need is a cloth dampened with a little oil and a wipe of fingerprints. By doing so, you'll keep your sword looking its best for a very long time.<\/p>","protected":false},"excerpt":{"rendered":"<p>This Viking Hedeby sword is a reconstruction of a funerary find.<\/p>\n<ul>\n<li>Unsharpened carbon steel blade.<\/li>\n<li>Red leather-covered wooden handle.<\/li>\n<li>Engraved brass hilt and pommel.<\/li>\n<li>Genuine leather-covered wooden scabbard.<\/li>\n<li>Blade length: 74 cm - Overall length: 90 cm - Weight: 1.45 kg<\/li>\n<\/ul>\n<p><strong>\u00a0<\/strong><\/p>","protected":false},"featured_media":49698,"template":"","meta":[],"product_brand":[896],"product_cat":[25,112,24,103,57],"product_tag":[],"class_list":{"0":"post-49697","1":"product","2":"type-product","3":"status-publish","4":"has-post-thumbnail","6":"product_brand-replique-manga-cine","7":"product_cat-armes-historiques","8":"product_cat-epees-serie-tv-vikings","9":"product_cat-films-series-tv-vente-de-katana-epee-et-produits-derives","10":"product_cat-armes-et-accessoires-vikings","11":"product_cat-armes-vikings","13":"first","14":"instock","15":"taxable","16":"shipping-taxable","17":"purchasable","18":"product-type-simple"},"yoast_head":"<!-- This site is optimized with the Yoast SEO plugin v27.4 - https:\/\/yoast.com\/product\/yoast-seo-wordpress\/ -->\n<title>Ep\u00e9e Viking Hedeby 9\u1d49 si\u00e8cle - Vente en ligne \u00e9p\u00e9e viking - RMC<\/title>\n<meta name=\"description\" content=\"Offrez-lui l&#039;Ep\u00e9e Viking Hedeby du 9\u1d49 si\u00e8cle au meilleur prix. Lame en acier carbone - Fourreau cuir - Longueur totale : 90 cm - Envoi 24\/48h\" \/>\n<meta name=\"robots\" content=\"index, follow, max-snippet:-1, max-image-preview:large, max-video-preview:-1\" \/>\n<link rel=\"canonical\" href=\"https:\/\/repliquemangacine.fr\/en\/swords-tv-series-vikings\/hedeby-viking-sword-9th-century\/\" \/>\n<meta property=\"og:locale\" content=\"en_US\" \/>\n<meta property=\"og:type\" content=\"article\" \/>\n<meta property=\"og:title\" content=\"Ep\u00e9e Viking Hedeby 9\u1d49 si\u00e8cle - Vente en ligne \u00e9p\u00e9e viking - RMC\" \/>\n<meta property=\"og:description\" content=\"Offrez-lui l&#039;Ep\u00e9e Viking Hedeby du 9\u1d49 si\u00e8cle au meilleur prix. Lame en acier carbone - Fourreau cuir - Longueur totale : 90 cm - Envoi 24\/48h\" \/>\n<meta property=\"og:url\" content=\"https:\/\/repliquemangacine.fr\/en\/swords-tv-series-vikings\/hedeby-viking-sword-9th-century\/\" \/>\n<meta property=\"og:site_name\" content=\"R\u00e9plique Manga Cin\u00e9\" \/>\n<meta property=\"article:publisher\" content=\"https:\/\/www.facebook.com\/RepliqueMangaCine\" \/>\n<meta property=\"article:modified_time\" content=\"2025-09-23T16:02:44+00:00\" \/>\n<meta property=\"og:image\" content=\"https:\/\/repliquemangacine.fr\/wp-content\/uploads\/2023\/10\/viking-1.jpg\" \/>\n\t<meta property=\"og:image:width\" content=\"800\" \/>\n\t<meta property=\"og:image:height\" content=\"800\" \/>\n\t<meta property=\"og:image:type\" content=\"image\/jpeg\" \/>\n<meta name=\"twitter:card\" content=\"summary_large_image\" \/>\n<meta name=\"twitter:label1\" content=\"Est. reading time\" \/>\n\t<meta name=\"twitter:data1\" content=\"2 minutes\" \/>\n<script type=\"application\/ld+json\" class=\"yoast-schema-graph\">{\"@context\":\"https:\\\/\\\/schema.org\",\"@graph\":[{\"@type\":\"WebPage\",\"@id\":\"https:\\\/\\\/repliquemangacine.fr\\\/en\\\/swords-tv-series-vikings\\\/hedeby-viking-sword-9th-century\\\/\",\"url\":\"https:\\\/\\\/repliquemangacine.fr\\\/en\\\/swords-tv-series-vikings\\\/hedeby-viking-sword-9th-century\\\/\",\"name\":\"Ep\u00e9e Viking Hedeby 9\u1d49 si\u00e8cle - Vente en ligne \u00e9p\u00e9e viking - RMC\",\"isPartOf\":{\"@id\":\"https:\\\/\\\/repliquemangacine.fr\\\/#website\"},\"primaryImageOfPage\":{\"@id\":\"https:\\\/\\\/repliquemangacine.fr\\\/en\\\/swords-tv-series-vikings\\\/hedeby-viking-sword-9th-century\\\/#primaryimage\"},\"image\":{\"@id\":\"https:\\\/\\\/repliquemangacine.fr\\\/en\\\/swords-tv-series-vikings\\\/hedeby-viking-sword-9th-century\\\/#primaryimage\"},\"thumbnailUrl\":\"https:\\\/\\\/repliquemangacine.fr\\\/wp-content\\\/uploads\\\/2023\\\/10\\\/viking-1.jpg\",\"datePublished\":\"2022-04-13T14:28:27+00:00\",\"dateModified\":\"2025-09-23T16:02:44+00:00\",\"description\":\"Offrez-lui l'Ep\u00e9e Viking Hedeby du 9\u1d49 si\u00e8cle au meilleur prix. Lame en acier carbone - Fourreau cuir - Longueur totale : 90 cm - Envoi 24\\\/48h\",\"breadcrumb\":{\"@id\":\"https:\\\/\\\/repliquemangacine.fr\\\/en\\\/swords-tv-series-vikings\\\/hedeby-viking-sword-9th-century\\\/#breadcrumb\"},\"inLanguage\":\"en-US\",\"potentialAction\":[{\"@type\":\"ReadAction\",\"target\":[\"https:\\\/\\\/repliquemangacine.fr\\\/en\\\/swords-tv-series-vikings\\\/hedeby-viking-sword-9th-century\\\/\"]}]},{\"@type\":\"ImageObject\",\"inLanguage\":\"en-US\",\"@id\":\"https:\\\/\\\/repliquemangacine.fr\\\/en\\\/swords-tv-series-vikings\\\/hedeby-viking-sword-9th-century\\\/#primaryimage\",\"url\":\"https:\\\/\\\/repliquemangacine.fr\\\/wp-content\\\/uploads\\\/2023\\\/10\\\/viking-1.jpg\",\"contentUrl\":\"https:\\\/\\\/repliquemangacine.fr\\\/wp-content\\\/uploads\\\/2023\\\/10\\\/viking-1.jpg\",\"width\":800,\"height\":800,\"caption\":\"Ep\u00e9e viking Hedeby 9\u00e8me si\u00e8cle\"},{\"@type\":\"BreadcrumbList\",\"@id\":\"https:\\\/\\\/repliquemangacine.fr\\\/en\\\/swords-tv-series-vikings\\\/hedeby-viking-sword-9th-century\\\/#breadcrumb\",\"itemListElement\":[{\"@type\":\"ListItem\",\"position\":1,\"name\":\"Accueil\",\"item\":\"https:\\\/\\\/repliquemangacine.fr\\\/\"},{\"@type\":\"ListItem\",\"position\":2,\"name\":\"Produits\",\"item\":\"https:\\\/\\\/repliquemangacine.fr\\\/boutique\\\/\"},{\"@type\":\"ListItem\",\"position\":3,\"name\":\"Ep\u00e9e Viking Hedeby 9\u1d49 si\u00e8cle\"}]},{\"@type\":\"WebSite\",\"@id\":\"https:\\\/\\\/repliquemangacine.fr\\\/#website\",\"url\":\"https:\\\/\\\/repliquemangacine.fr\\\/\",\"name\":\"R\u00e9plique Manga Cin\u00e9\",\"description\":\"\",\"publisher\":{\"@id\":\"https:\\\/\\\/repliquemangacine.fr\\\/#organization\"},\"potentialAction\":[{\"@type\":\"SearchAction\",\"target\":{\"@type\":\"EntryPoint\",\"urlTemplate\":\"https:\\\/\\\/repliquemangacine.fr\\\/?s={search_term_string}\"},\"query-input\":{\"@type\":\"PropertyValueSpecification\",\"valueRequired\":true,\"valueName\":\"search_term_string\"}}],\"inLanguage\":\"en-US\"},{\"@type\":\"Organization\",\"@id\":\"https:\\\/\\\/repliquemangacine.fr\\\/#organization\",\"name\":\"R\u00e9plique Manga Cin\u00e9\",\"url\":\"https:\\\/\\\/repliquemangacine.fr\\\/\",\"logo\":{\"@type\":\"ImageObject\",\"inLanguage\":\"en-US\",\"@id\":\"https:\\\/\\\/repliquemangacine.fr\\\/#\\\/schema\\\/logo\\\/image\\\/\",\"url\":\"https:\\\/\\\/repliquemangacine.fr\\\/wp-content\\\/uploads\\\/2023\\\/10\\\/RMC-500250.png\",\"contentUrl\":\"https:\\\/\\\/repliquemangacine.fr\\\/wp-content\\\/uploads\\\/2023\\\/10\\\/RMC-500250.png\",\"width\":500,\"height\":250,\"caption\":\"R\u00e9plique Manga Cin\u00e9\"},\"image\":{\"@id\":\"https:\\\/\\\/repliquemangacine.fr\\\/#\\\/schema\\\/logo\\\/image\\\/\"},\"sameAs\":[\"https:\\\/\\\/www.facebook.com\\\/RepliqueMangaCine\",\"https:\\\/\\\/www.instagram.com\\\/repliquemangacine.fr\\\/\"]}]}<\/script>\n<!-- \/ Yoast SEO plugin. -->","yoast_head_json":{"title":"Viking sword Hedeby 9\u1d49 century - Viking sword online sale - RMC","description":"Offer him the Hedeby Viking Sword from the 9\u1d49 century at the best price. Carbon steel blade - Leather scabbard - Total length: 90 cm - Shipment 24\/48h","robots":{"index":"index","follow":"follow","max-snippet":"max-snippet:-1","max-image-preview":"max-image-preview:large","max-video-preview":"max-video-preview:-1"},"canonical":"https:\/\/repliquemangacine.fr\/en\/swords-tv-series-vikings\/hedeby-viking-sword-9th-century\/","og_locale":"en_US","og_type":"article","og_title":"Ep\u00e9e Viking Hedeby 9\u1d49 si\u00e8cle - Vente en ligne \u00e9p\u00e9e viking - RMC","og_description":"Offrez-lui l'Ep\u00e9e Viking Hedeby du 9\u1d49 si\u00e8cle au meilleur prix. Lame en acier carbone - Fourreau cuir - Longueur totale : 90 cm - Envoi 24\/48h","og_url":"https:\/\/repliquemangacine.fr\/en\/swords-tv-series-vikings\/hedeby-viking-sword-9th-century\/","og_site_name":"R\u00e9plique Manga Cin\u00e9","article_publisher":"https:\/\/www.facebook.com\/RepliqueMangaCine","article_modified_time":"2025-09-23T16:02:44+00:00","og_image":[{"width":800,"height":800,"url":"https:\/\/repliquemangacine.fr\/wp-content\/uploads\/2023\/10\/viking-1.jpg","type":"image\/jpeg"}],"twitter_card":"summary_large_image","twitter_misc":{"Est. reading time":"2 minutes"},"schema":{"@context":"https:\/\/schema.org","@graph":[{"@type":"WebPage","@id":"https:\/\/repliquemangacine.fr\/en\/swords-tv-series-vikings\/hedeby-viking-sword-9th-century\/","url":"https:\/\/repliquemangacine.fr\/en\/swords-tv-series-vikings\/hedeby-viking-sword-9th-century\/","name":"Viking sword Hedeby 9\u1d49 century - Viking sword online sale - RMC","isPartOf":{"@id":"https:\/\/repliquemangacine.fr\/#website"},"primaryImageOfPage":{"@id":"https:\/\/repliquemangacine.fr\/en\/swords-tv-series-vikings\/hedeby-viking-sword-9th-century\/#primaryimage"},"image":{"@id":"https:\/\/repliquemangacine.fr\/en\/swords-tv-series-vikings\/hedeby-viking-sword-9th-century\/#primaryimage"},"thumbnailUrl":"https:\/\/repliquemangacine.fr\/wp-content\/uploads\/2023\/10\/viking-1.jpg","datePublished":"2022-04-13T14:28:27+00:00","dateModified":"2025-09-23T16:02:44+00:00","description":"Offer him the Hedeby Viking Sword from the 9\u1d49 century at the best price. Carbon steel blade - Leather scabbard - Total length: 90 cm - Shipment 24\/48h","breadcrumb":{"@id":"https:\/\/repliquemangacine.fr\/en\/swords-tv-series-vikings\/hedeby-viking-sword-9th-century\/#breadcrumb"},"inLanguage":"en-US","potentialAction":[{"@type":"ReadAction","target":["https:\/\/repliquemangacine.fr\/en\/swords-tv-series-vikings\/hedeby-viking-sword-9th-century\/"]}]},{"@type":"ImageObject","inLanguage":"en-US","@id":"https:\/\/repliquemangacine.fr\/en\/swords-tv-series-vikings\/hedeby-viking-sword-9th-century\/#primaryimage","url":"https:\/\/repliquemangacine.fr\/wp-content\/uploads\/2023\/10\/viking-1.jpg","contentUrl":"https:\/\/repliquemangacine.fr\/wp-content\/uploads\/2023\/10\/viking-1.jpg","width":800,"height":800,"caption":"Ep\u00e9e viking Hedeby 9\u00e8me si\u00e8cle"},{"@type":"BreadcrumbList","@id":"https:\/\/repliquemangacine.fr\/en\/swords-tv-series-vikings\/hedeby-viking-sword-9th-century\/#breadcrumb","itemListElement":[{"@type":"ListItem","position":1,"name":"Accueil","item":"https:\/\/repliquemangacine.fr\/"},{"@type":"ListItem","position":2,"name":"Produits","item":"https:\/\/repliquemangacine.fr\/boutique\/"},{"@type":"ListItem","position":3,"name":"Ep\u00e9e Viking Hedeby 9\u1d49 si\u00e8cle"}]},{"@type":"WebSite","@id":"https:\/\/repliquemangacine.fr\/#website","url":"https:\/\/repliquemangacine.fr\/","name":"R\u00e9plique Manga Cin\u00e9","description":"","publisher":{"@id":"https:\/\/repliquemangacine.fr\/#organization"},"potentialAction":[{"@type":"SearchAction","target":{"@type":"EntryPoint","urlTemplate":"https:\/\/repliquemangacine.fr\/?s={search_term_string}"},"query-input":{"@type":"PropertyValueSpecification","valueRequired":true,"valueName":"search_term_string"}}],"inLanguage":"en-US"},{"@type":"Organization","@id":"https:\/\/repliquemangacine.fr\/#organization","name":"R\u00e9plique Manga Cin\u00e9","url":"https:\/\/repliquemangacine.fr\/","logo":{"@type":"ImageObject","inLanguage":"en-US","@id":"https:\/\/repliquemangacine.fr\/#\/schema\/logo\/image\/","url":"https:\/\/repliquemangacine.fr\/wp-content\/uploads\/2023\/10\/RMC-500250.png","contentUrl":"https:\/\/repliquemangacine.fr\/wp-content\/uploads\/2023\/10\/RMC-500250.png","width":500,"height":250,"caption":"R\u00e9plique Manga Cin\u00e9"},"image":{"@id":"https:\/\/repliquemangacine.fr\/#\/schema\/logo\/image\/"},"sameAs":["https:\/\/www.facebook.com\/RepliqueMangaCine","https:\/\/www.instagram.com\/repliquemangacine.fr\/"]}]}},"_links":{"self":[{"href":"https:\/\/repliquemangacine.fr\/en\/wp-json\/wp\/v2\/product\/49697","targetHints":{"allow":["GET"]}}],"collection":[{"href":"https:\/\/repliquemangacine.fr\/en\/wp-json\/wp\/v2\/product"}],"about":[{"href":"https:\/\/repliquemangacine.fr\/en\/wp-json\/wp\/v2\/types\/product"}],"wp:featuredmedia":[{"embeddable":true,"href":"https:\/\/repliquemangacine.fr\/en\/wp-json\/wp\/v2\/media\/49698"}],"wp:attachment":[{"href":"https:\/\/repliquemangacine.fr\/en\/wp-json\/wp\/v2\/media?parent=49697"}],"wp:term":[{"taxonomy":"product_brand","embeddable":true,"href":"https:\/\/repliquemangacine.fr\/en\/wp-json\/wp\/v2\/product_brand?post=49697"},{"taxonomy":"product_cat","embeddable":true,"href":"https:\/\/repliquemangacine.fr\/en\/wp-json\/wp\/v2\/product_cat?post=49697"},{"taxonomy":"product_tag","embeddable":true,"href":"https:\/\/repliquemangacine.fr\/en\/wp-json\/wp\/v2\/product_tag?post=49697"}],"curies":[{"name":"wp","href":"https:\/\/api.w.org\/{rel}","templated":true}]}}