





{"id":49519,"date":"2022-04-06T17:44:34","date_gmt":"2022-04-06T15:44:34","guid":{"rendered":"https:\/\/repliquemangacine.fr\/?post_type=product&#038;p=49519"},"modified":"2026-03-20T12:42:41","modified_gmt":"2026-03-20T11:42:41","slug":"katana-ninja-blowpipe-forge-cutting-sword","status":"publish","type":"product","link":"https:\/\/repliquemangacine.fr\/en\/katana-les-epees-de-films-et-series\/katana-ninja-sarbacane-forge-sabre-coupant\/","title":{"rendered":"Ninjato blowpipe Ninja sword"},"content":{"rendered":"<h2>Forged ninja katana with blowpipe.<\/h2>\n<p>To begin with, the <strong>Forged ninja katana with blowpipe<\/strong>, This Ninjato is absolutely incredible, with its functional blowpipe and sharp blade.<\/p>\n<p>Visit <a href=\"https:\/\/fr.wikipedia.org\/wiki\/Shinobi_kenjutsu\" target=\"_blank\" rel=\"noopener noreferrer\">Shinobi Kenjutsu<\/a> is a Japanese martial art of Ninjat\u014d swordplay. Unlike the conventional practice of Kenjutsu, established by the samurai. Shinobi Kenjutsu frees itself from the formalism of bushido to consider only efficiency. Kicks, punches, attacks to the face with the tsuka (handle) or tsuba (guard), jumps (cho yaku jutsu), false sheaths (saya) and blowpipe.<\/p>\n<p>However, despite its fanciful appearance, a high level of skill with the sword is required to perform such acrobatics. A blowpipe is a tube or pipe used to shoot small projectiles by blowing air through it.<\/p>\n<h2>Your Ninja Sarbacane forged Katana at the best price.<\/h2>\n<p>We offer a wide selection of martial arts replicas.<\/p>\n<p>First and foremost,<\/p>\n<ul>\n<li>The two-piece set <a href=\"https:\/\/repliquemangacine.fr\/en\/fantasy-swords-and-daggers\/machete-and-tanto-ninja\/\">machete and tanto ninja<\/a>all-metal with carrying case.<\/li>\n<li>There are also <a href=\"https:\/\/repliquemangacine.fr\/en\/films-tv-series-sale-of-katana-sword-and-related-products\/throwing-knives-expendables-kunai-giant-jason-statham\/\">two throwing knives<\/a> used by Lee Christmas in \"The Expendables\".<\/li>\n<li>As well as the s<a href=\"https:\/\/repliquemangacine.fr\/en\/katana-decoration\/katana-ninja-blowpipe-ninjato\/\">abre ninja blowpipe<\/a> in non-cutting version.<\/li>\n<li>And many more to discover in our online store!<\/li>\n<\/ul>\n<p>That's why we've come up with some great gift ideas for all martial arts fans.<\/p>\n<p>In conclusion, you can use the <strong>Forged ninja katana with blowpipe<\/strong> for your cutting training. But above all, this sword is a collector's item and a decorative piece.<\/p>\n<h2>How to care for your sword blade<\/h2>\n<p>Collector's and decorative katanas are made and assembled in a simplified way. As their use is decorative, they lack the safety features required of a Japanese saber intended for training.<\/p>\n<p>However, your <strong>forged Ninja katana with blowpipe<\/strong> to a steel blade that needs to be cared for to avoid damage over time. In fact, when you display your katana, your friends will be curious to see and touch the blade. This is where you need to be careful, as the acidity of your fingers is very harmful to steel, whatever its quality.<\/p>\n<p>However, if this does happen, don't panic - all you need is a cloth dampened with a little oil and a wipe of fingerprints. By doing so, you'll keep your sword looking its best for a very long time.<\/p>","protected":false},"excerpt":{"rendered":"<p>Forged ninja katana with blowpipe<\/p>\n<ul>\n<li>Blade in hand-forged 1045 Maru carbon steel.<\/li>\n<li>Black, non-reflective blade, very sharp.<\/li>\n<li>Steel guard.<\/li>\n<li>Handle covered with black cotton braid.<\/li>\n<li>Wooden sheath holds a blowpipe and 12 metal needles.<\/li>\n<li>Sarbacane fonctionnelle.<\/li>\n<li>Hardness: 60 HRC on the edge and 40 HRC on the back of the blade.<\/li>\n<li>Black silk protective cover.<\/li>\n<li>Comes with blowpipe + 12 darts + snorkel<\/li>\n<\/ul>","protected":false},"featured_media":49520,"template":"","meta":[],"product_brand":[896],"product_cat":[91,66,24,26,38],"product_tag":[],"class_list":{"0":"post-49519","1":"product","2":"type-product","3":"status-publish","4":"has-post-thumbnail","6":"product_brand-replique-manga-cine","7":"product_cat-katana-les-epees-de-films-et-series","8":"product_cat-repliques-d-armes-films-et-series","9":"product_cat-films-series-tv-vente-de-katana-epee-et-produits-derives","10":"product_cat-katana-epee","11":"product_cat-katana-forge","13":"first","14":"instock","15":"taxable","16":"shipping-taxable","17":"purchasable","18":"product-type-simple"},"yoast_head":"<!-- This site is optimized with the Yoast SEO plugin v27.5 - https:\/\/yoast.com\/product\/yoast-seo-wordpress\/ -->\n<title>Katana Ninja forg\u00e9 sarbacane - R\u00e9plique Manga Cin\u00e9<\/title>\n<meta name=\"description\" content=\"D\u00e9couvrez le Katana Ninja forg\u00e9 avec sarbacane au meilleur prix. Lame droite en acier carbone - Sarbacane fonctionnelle sur le fourreau - Longueur : 105 cm\" \/>\n<meta name=\"robots\" content=\"index, follow, max-snippet:-1, max-image-preview:large, max-video-preview:-1\" \/>\n<link rel=\"canonical\" href=\"https:\/\/repliquemangacine.fr\/en\/katana-swords-from-films-and-series\/katana-ninja-blowpipe-forge-cutting-sword\/\" \/>\n<meta property=\"og:locale\" content=\"en_US\" \/>\n<meta property=\"og:type\" content=\"article\" \/>\n<meta property=\"og:title\" content=\"Katana Ninja forg\u00e9 sarbacane - R\u00e9plique Manga Cin\u00e9\" \/>\n<meta property=\"og:description\" content=\"D\u00e9couvrez le Katana Ninja forg\u00e9 avec sarbacane au meilleur prix. Lame droite en acier carbone - Sarbacane fonctionnelle sur le fourreau - Longueur : 105 cm\" \/>\n<meta property=\"og:url\" content=\"https:\/\/repliquemangacine.fr\/en\/katana-swords-from-films-and-series\/katana-ninja-blowpipe-forge-cutting-sword\/\" \/>\n<meta property=\"og:site_name\" content=\"R\u00e9plique Manga Cin\u00e9\" \/>\n<meta property=\"article:publisher\" content=\"https:\/\/www.facebook.com\/RepliqueMangaCine\" \/>\n<meta property=\"article:modified_time\" content=\"2026-03-20T11:42:41+00:00\" \/>\n<meta property=\"og:image\" content=\"https:\/\/repliquemangacine.fr\/wp-content\/uploads\/2023\/10\/0000048_ninja-sword-with-attached-blowgun.jpeg\" \/>\n\t<meta property=\"og:image:width\" content=\"600\" \/>\n\t<meta property=\"og:image:height\" content=\"600\" \/>\n\t<meta property=\"og:image:type\" content=\"image\/jpeg\" \/>\n<meta name=\"twitter:card\" content=\"summary_large_image\" \/>\n<meta name=\"twitter:label1\" content=\"Est. reading time\" \/>\n\t<meta name=\"twitter:data1\" content=\"2 minutes\" \/>\n<script type=\"application\/ld+json\" class=\"yoast-schema-graph\">{\"@context\":\"https:\\\/\\\/schema.org\",\"@graph\":[{\"@type\":\"WebPage\",\"@id\":\"https:\\\/\\\/repliquemangacine.fr\\\/katana-les-epees-de-films-et-series\\\/katana-ninja-sarbacane-forge-sabre-coupant\\\/\",\"url\":\"https:\\\/\\\/repliquemangacine.fr\\\/katana-les-epees-de-films-et-series\\\/katana-ninja-sarbacane-forge-sabre-coupant\\\/\",\"name\":\"Katana Ninja forg\u00e9 sarbacane - R\u00e9plique Manga Cin\u00e9\",\"isPartOf\":{\"@id\":\"https:\\\/\\\/repliquemangacine.fr\\\/#website\"},\"primaryImageOfPage\":{\"@id\":\"https:\\\/\\\/repliquemangacine.fr\\\/katana-les-epees-de-films-et-series\\\/katana-ninja-sarbacane-forge-sabre-coupant\\\/#primaryimage\"},\"image\":{\"@id\":\"https:\\\/\\\/repliquemangacine.fr\\\/katana-les-epees-de-films-et-series\\\/katana-ninja-sarbacane-forge-sabre-coupant\\\/#primaryimage\"},\"thumbnailUrl\":\"https:\\\/\\\/repliquemangacine.fr\\\/wp-content\\\/uploads\\\/2023\\\/10\\\/0000048_ninja-sword-with-attached-blowgun.jpeg\",\"datePublished\":\"2022-04-06T15:44:34+00:00\",\"dateModified\":\"2026-03-20T11:42:41+00:00\",\"description\":\"D\u00e9couvrez le Katana Ninja forg\u00e9 avec sarbacane au meilleur prix. Lame droite en acier carbone - Sarbacane fonctionnelle sur le fourreau - Longueur : 105 cm\",\"breadcrumb\":{\"@id\":\"https:\\\/\\\/repliquemangacine.fr\\\/katana-les-epees-de-films-et-series\\\/katana-ninja-sarbacane-forge-sabre-coupant\\\/#breadcrumb\"},\"inLanguage\":\"en-US\",\"potentialAction\":[{\"@type\":\"ReadAction\",\"target\":[\"https:\\\/\\\/repliquemangacine.fr\\\/katana-les-epees-de-films-et-series\\\/katana-ninja-sarbacane-forge-sabre-coupant\\\/\"]}]},{\"@type\":\"ImageObject\",\"inLanguage\":\"en-US\",\"@id\":\"https:\\\/\\\/repliquemangacine.fr\\\/katana-les-epees-de-films-et-series\\\/katana-ninja-sarbacane-forge-sabre-coupant\\\/#primaryimage\",\"url\":\"https:\\\/\\\/repliquemangacine.fr\\\/wp-content\\\/uploads\\\/2023\\\/10\\\/0000048_ninja-sword-with-attached-blowgun.jpeg\",\"contentUrl\":\"https:\\\/\\\/repliquemangacine.fr\\\/wp-content\\\/uploads\\\/2023\\\/10\\\/0000048_ninja-sword-with-attached-blowgun.jpeg\",\"width\":600,\"height\":600,\"caption\":\"Ninjato sarbacane \u00e9p\u00e9e de ninja\"},{\"@type\":\"BreadcrumbList\",\"@id\":\"https:\\\/\\\/repliquemangacine.fr\\\/katana-les-epees-de-films-et-series\\\/katana-ninja-sarbacane-forge-sabre-coupant\\\/#breadcrumb\",\"itemListElement\":[{\"@type\":\"ListItem\",\"position\":1,\"name\":\"Accueil\",\"item\":\"https:\\\/\\\/repliquemangacine.fr\\\/\"},{\"@type\":\"ListItem\",\"position\":2,\"name\":\"Produits\",\"item\":\"https:\\\/\\\/repliquemangacine.fr\\\/boutique\\\/\"},{\"@type\":\"ListItem\",\"position\":3,\"name\":\"Ninjato sarbacane Sabre Ninja\"}]},{\"@type\":\"WebSite\",\"@id\":\"https:\\\/\\\/repliquemangacine.fr\\\/#website\",\"url\":\"https:\\\/\\\/repliquemangacine.fr\\\/\",\"name\":\"R\u00e9plique Manga Cin\u00e9\",\"description\":\"\",\"publisher\":{\"@id\":\"https:\\\/\\\/repliquemangacine.fr\\\/#organization\"},\"potentialAction\":[{\"@type\":\"SearchAction\",\"target\":{\"@type\":\"EntryPoint\",\"urlTemplate\":\"https:\\\/\\\/repliquemangacine.fr\\\/?s={search_term_string}\"},\"query-input\":{\"@type\":\"PropertyValueSpecification\",\"valueRequired\":true,\"valueName\":\"search_term_string\"}}],\"inLanguage\":\"en-US\"},{\"@type\":\"Organization\",\"@id\":\"https:\\\/\\\/repliquemangacine.fr\\\/#organization\",\"name\":\"R\u00e9plique Manga Cin\u00e9\",\"url\":\"https:\\\/\\\/repliquemangacine.fr\\\/\",\"logo\":{\"@type\":\"ImageObject\",\"inLanguage\":\"en-US\",\"@id\":\"https:\\\/\\\/repliquemangacine.fr\\\/#\\\/schema\\\/logo\\\/image\\\/\",\"url\":\"https:\\\/\\\/repliquemangacine.fr\\\/wp-content\\\/uploads\\\/2023\\\/10\\\/RMC-500250.png\",\"contentUrl\":\"https:\\\/\\\/repliquemangacine.fr\\\/wp-content\\\/uploads\\\/2023\\\/10\\\/RMC-500250.png\",\"width\":500,\"height\":250,\"caption\":\"R\u00e9plique Manga Cin\u00e9\"},\"image\":{\"@id\":\"https:\\\/\\\/repliquemangacine.fr\\\/#\\\/schema\\\/logo\\\/image\\\/\"},\"sameAs\":[\"https:\\\/\\\/www.facebook.com\\\/RepliqueMangaCine\",\"https:\\\/\\\/www.instagram.com\\\/repliquemangacine.fr\\\/\"]}]}<\/script>\n<!-- \/ Yoast SEO plugin. -->","yoast_head_json":{"title":"Katana Ninja forged blowpipe - R\u00e9plique Manga Cin\u00e9","description":"Discover the forged Ninja Katana with blowpipe at the best price. Straight carbon steel blade - Functional blowpipe on scabbard - Length: 105 cm","robots":{"index":"index","follow":"follow","max-snippet":"max-snippet:-1","max-image-preview":"max-image-preview:large","max-video-preview":"max-video-preview:-1"},"canonical":"https:\/\/repliquemangacine.fr\/en\/katana-swords-from-films-and-series\/katana-ninja-blowpipe-forge-cutting-sword\/","og_locale":"en_US","og_type":"article","og_title":"Katana Ninja forg\u00e9 sarbacane - R\u00e9plique Manga Cin\u00e9","og_description":"D\u00e9couvrez le Katana Ninja forg\u00e9 avec sarbacane au meilleur prix. Lame droite en acier carbone - Sarbacane fonctionnelle sur le fourreau - Longueur : 105 cm","og_url":"https:\/\/repliquemangacine.fr\/en\/katana-swords-from-films-and-series\/katana-ninja-blowpipe-forge-cutting-sword\/","og_site_name":"R\u00e9plique Manga Cin\u00e9","article_publisher":"https:\/\/www.facebook.com\/RepliqueMangaCine","article_modified_time":"2026-03-20T11:42:41+00:00","og_image":[{"width":600,"height":600,"url":"https:\/\/repliquemangacine.fr\/wp-content\/uploads\/2023\/10\/0000048_ninja-sword-with-attached-blowgun.jpeg","type":"image\/jpeg"}],"twitter_card":"summary_large_image","twitter_misc":{"Est. reading time":"2 minutes"},"schema":{"@context":"https:\/\/schema.org","@graph":[{"@type":"WebPage","@id":"https:\/\/repliquemangacine.fr\/katana-les-epees-de-films-et-series\/katana-ninja-sarbacane-forge-sabre-coupant\/","url":"https:\/\/repliquemangacine.fr\/katana-les-epees-de-films-et-series\/katana-ninja-sarbacane-forge-sabre-coupant\/","name":"Katana Ninja forged blowpipe - R\u00e9plique Manga Cin\u00e9","isPartOf":{"@id":"https:\/\/repliquemangacine.fr\/#website"},"primaryImageOfPage":{"@id":"https:\/\/repliquemangacine.fr\/katana-les-epees-de-films-et-series\/katana-ninja-sarbacane-forge-sabre-coupant\/#primaryimage"},"image":{"@id":"https:\/\/repliquemangacine.fr\/katana-les-epees-de-films-et-series\/katana-ninja-sarbacane-forge-sabre-coupant\/#primaryimage"},"thumbnailUrl":"https:\/\/repliquemangacine.fr\/wp-content\/uploads\/2023\/10\/0000048_ninja-sword-with-attached-blowgun.jpeg","datePublished":"2022-04-06T15:44:34+00:00","dateModified":"2026-03-20T11:42:41+00:00","description":"Discover the forged Ninja Katana with blowpipe at the best price. Straight carbon steel blade - Functional blowpipe on scabbard - Length: 105 cm","breadcrumb":{"@id":"https:\/\/repliquemangacine.fr\/katana-les-epees-de-films-et-series\/katana-ninja-sarbacane-forge-sabre-coupant\/#breadcrumb"},"inLanguage":"en-US","potentialAction":[{"@type":"ReadAction","target":["https:\/\/repliquemangacine.fr\/katana-les-epees-de-films-et-series\/katana-ninja-sarbacane-forge-sabre-coupant\/"]}]},{"@type":"ImageObject","inLanguage":"en-US","@id":"https:\/\/repliquemangacine.fr\/katana-les-epees-de-films-et-series\/katana-ninja-sarbacane-forge-sabre-coupant\/#primaryimage","url":"https:\/\/repliquemangacine.fr\/wp-content\/uploads\/2023\/10\/0000048_ninja-sword-with-attached-blowgun.jpeg","contentUrl":"https:\/\/repliquemangacine.fr\/wp-content\/uploads\/2023\/10\/0000048_ninja-sword-with-attached-blowgun.jpeg","width":600,"height":600,"caption":"Ninjato sarbacane \u00e9p\u00e9e de ninja"},{"@type":"BreadcrumbList","@id":"https:\/\/repliquemangacine.fr\/katana-les-epees-de-films-et-series\/katana-ninja-sarbacane-forge-sabre-coupant\/#breadcrumb","itemListElement":[{"@type":"ListItem","position":1,"name":"Accueil","item":"https:\/\/repliquemangacine.fr\/"},{"@type":"ListItem","position":2,"name":"Produits","item":"https:\/\/repliquemangacine.fr\/boutique\/"},{"@type":"ListItem","position":3,"name":"Ninjato sarbacane Sabre Ninja"}]},{"@type":"WebSite","@id":"https:\/\/repliquemangacine.fr\/#website","url":"https:\/\/repliquemangacine.fr\/","name":"R\u00e9plique Manga Cin\u00e9","description":"","publisher":{"@id":"https:\/\/repliquemangacine.fr\/#organization"},"potentialAction":[{"@type":"SearchAction","target":{"@type":"EntryPoint","urlTemplate":"https:\/\/repliquemangacine.fr\/?s={search_term_string}"},"query-input":{"@type":"PropertyValueSpecification","valueRequired":true,"valueName":"search_term_string"}}],"inLanguage":"en-US"},{"@type":"Organization","@id":"https:\/\/repliquemangacine.fr\/#organization","name":"R\u00e9plique Manga Cin\u00e9","url":"https:\/\/repliquemangacine.fr\/","logo":{"@type":"ImageObject","inLanguage":"en-US","@id":"https:\/\/repliquemangacine.fr\/#\/schema\/logo\/image\/","url":"https:\/\/repliquemangacine.fr\/wp-content\/uploads\/2023\/10\/RMC-500250.png","contentUrl":"https:\/\/repliquemangacine.fr\/wp-content\/uploads\/2023\/10\/RMC-500250.png","width":500,"height":250,"caption":"R\u00e9plique Manga Cin\u00e9"},"image":{"@id":"https:\/\/repliquemangacine.fr\/#\/schema\/logo\/image\/"},"sameAs":["https:\/\/www.facebook.com\/RepliqueMangaCine","https:\/\/www.instagram.com\/repliquemangacine.fr\/"]}]}},"_links":{"self":[{"href":"https:\/\/repliquemangacine.fr\/en\/wp-json\/wp\/v2\/product\/49519","targetHints":{"allow":["GET"]}}],"collection":[{"href":"https:\/\/repliquemangacine.fr\/en\/wp-json\/wp\/v2\/product"}],"about":[{"href":"https:\/\/repliquemangacine.fr\/en\/wp-json\/wp\/v2\/types\/product"}],"wp:featuredmedia":[{"embeddable":true,"href":"https:\/\/repliquemangacine.fr\/en\/wp-json\/wp\/v2\/media\/49520"}],"wp:attachment":[{"href":"https:\/\/repliquemangacine.fr\/en\/wp-json\/wp\/v2\/media?parent=49519"}],"wp:term":[{"taxonomy":"product_brand","embeddable":true,"href":"https:\/\/repliquemangacine.fr\/en\/wp-json\/wp\/v2\/product_brand?post=49519"},{"taxonomy":"product_cat","embeddable":true,"href":"https:\/\/repliquemangacine.fr\/en\/wp-json\/wp\/v2\/product_cat?post=49519"},{"taxonomy":"product_tag","embeddable":true,"href":"https:\/\/repliquemangacine.fr\/en\/wp-json\/wp\/v2\/product_tag?post=49519"}],"curies":[{"name":"wp","href":"https:\/\/api.w.org\/{rel}","templated":true}]}}