





{"id":49206,"date":"2022-03-25T15:04:53","date_gmt":"2022-03-25T14:04:53","guid":{"rendered":"https:\/\/repliquemangacine.fr\/?post_type=product&#038;p=49206"},"modified":"2026-02-06T15:27:40","modified_gmt":"2026-02-06T14:27:40","slug":"cannon-napoleon-1857-usa-civil-war-denix","status":"publish","type":"product","link":"https:\/\/repliquemangacine.fr\/en\/holster-accessoires-western\/canon-napoleon-1857-guerre-civile-usa-denix\/","title":{"rendered":"Napoleon cannon 1857 Denix miniature"},"content":{"rendered":"<h2>Miniature Napoleon Cannon 1857- Civil War USA<\/h2>\n<p>To begin with, the <strong>Napoleon cannon 1857<\/strong>, 12 pounds, the most popular used during the American Civil War. It accounted for nearly 40% of artillery ammunition and was one of the most important pieces of the conflict. The \u00abNapoleon\u00bb was widely admired for its safety, reliability, and effectiveness, especially at short range.<\/p>\n<p>A 12-pounder cannon is a cannon that fires 12-pound cannonballs, used from the 17th century to the mid-19th century. It was widely used during the Battle of Gettysburg, the major turning point of the war.<\/p>\n<p>Civil War, a very important event in the history of the United States of America, which took place between 1861 and 1865.<\/p>\n<p>In conclusion, this miniature <a href=\"https:\/\/www.denix.fr\/fr\/catalogue\/guerre-civile-occidentale-et-americaine-1861-1899\/canons-et-catapultes\/422\/\" target=\"_blank\" rel=\"noopener noreferrer\">Denix<\/a> is remarkably well-made, and will be ideal for adding to your collection.<\/p>\n<h2>Your Napoleon 1857 Canon miniature at the best price.<\/h2>\n<p>We offer a wide range of replica weapons<\/p>\n<p>First and foremost<\/p>\n<ul>\n<li>Visit <a href=\"https:\/\/repliquemangacine.fr\/en\/replica-weapons-1st-empire\/1807-napoleonic-rifle-flintlock-carbine\/\">Napoleon 1807 rifle<\/a> with its wooden stock decorated with Napoleon's \"N\", made by Denix<\/li>\n<li>There's also the Land Pattern musket the <a href=\"https:\/\/repliquemangacine.fr\/en\/replica-weapons-1st-empire\/brown-bess-1722-land-pattern-denix-rifle\/\">Brown Bess 1722<\/a><\/li>\n<li>As well as the <a href=\"https:\/\/repliquemangacine.fr\/en\/replica-weapons-1st-empire\/charleville-rifle-model-1806-with-bayonet\/\">rifle Charleville<\/a> and his Bayonet<\/li>\n<li>And much more to discover in our online store!<\/li>\n<\/ul>\n<p>That's why this is a great gift idea for all antique gun enthusiasts.<\/p>\n<p>In conclusion, you can purchase this miniature of the <strong>Napoleon cannon 1857<\/strong> to expand your collection.<\/p>\n<p>R\u00e9plique Manga Cin\u00e9 is a French family business and official Denix distributor.<\/p>\n<h2>How are your collectors' items made?<\/h2>\n<p>To begin with, all our derived products are of the highest quality, manufactured with meticulous attention to detail. In fact, some of the manufacturing is done by hand, to reproduce even the smallest detail. More important parts are machined by precise machines. Engravings are generally made with a diamond tip or laser.<\/p>\n<p>Your <strong>Napoleon cannon 1857<\/strong> manufactured to reproduce every detail exactly. To match the heritage of the original masterpieces. The emphasis is on creating high-quality replicas that are as historically accurate as possible.<\/p>\n<p>In conclusion, imported from China, Spain or India, our replicas will amaze you!<\/p>","protected":false},"excerpt":{"rendered":"<p>Magnificent miniature reproduction of the cannon nicknamed \"Napoleon\" 1857 Civil War USA.<\/p>\n<ul>\n<li>Remember the Battle of Gettysburg with the DENIX reproduction of the most important cannon of the American Civil War!<\/li>\n<li>Made entirely of metal.<\/li>\n<li>Dimensions: 19 cm - Weight: 590 g<\/li>\n<\/ul>\n<p><iframe title=\"YouTube video player\" src=\"https:\/\/www.youtube.com\/embed\/2iy7fSxFpAA\" width=\"560\" height=\"315\" frameborder=\"0\" allowfullscreen=\"allowfullscreen\"><\/iframe><\/p>","protected":false},"featured_media":49207,"template":"","meta":[],"product_brand":[896],"product_cat":[34,102,90,28,833],"product_tag":[],"class_list":{"0":"post-49206","1":"product","2":"type-product","3":"status-publish","4":"has-post-thumbnail","6":"product_brand-replique-manga-cine","7":"product_cat-armes-westerns","8":"product_cat-denix","9":"product_cat-holster-accessoires-western","10":"product_cat-repliques-darmes","11":"product_cat-repliques-darmes-napoleon","13":"first","14":"instock","15":"taxable","16":"shipping-taxable","17":"purchasable","18":"product-type-simple"},"yoast_head":"<!-- This site is optimized with the Yoast SEO plugin v27.4 - https:\/\/yoast.com\/product\/yoast-seo-wordpress\/ -->\n<title>Canon Napol\u00e9on 1857 miniature Denix - R\u00e9plique Manga Cin\u00e9<\/title>\n<meta name=\"description\" content=\"D\u00e9couvrez la miniature du Canon Napol\u00e9on 1857 au meilleur prix - Enti\u00e8rement en m\u00e9tal - Finitions remarquables - Longueur : 19 cm - Poids : 590g\" \/>\n<meta name=\"robots\" content=\"index, follow, max-snippet:-1, max-image-preview:large, max-video-preview:-1\" \/>\n<link rel=\"canonical\" href=\"https:\/\/repliquemangacine.fr\/en\/replica-napoleon-guns\/cannon-napoleon-1857-usa-civil-war-denix\/\" \/>\n<meta property=\"og:locale\" content=\"en_US\" \/>\n<meta property=\"og:type\" content=\"article\" \/>\n<meta property=\"og:title\" content=\"Canon Napol\u00e9on 1857 miniature Denix - R\u00e9plique Manga Cin\u00e9\" \/>\n<meta property=\"og:description\" content=\"D\u00e9couvrez la miniature du Canon Napol\u00e9on 1857 au meilleur prix - Enti\u00e8rement en m\u00e9tal - Finitions remarquables - Longueur : 19 cm - Poids : 590g\" \/>\n<meta property=\"og:url\" content=\"https:\/\/repliquemangacine.fr\/en\/replica-napoleon-guns\/cannon-napoleon-1857-usa-civil-war-denix\/\" \/>\n<meta property=\"og:site_name\" content=\"R\u00e9plique Manga Cin\u00e9\" \/>\n<meta property=\"article:publisher\" content=\"https:\/\/www.facebook.com\/RepliqueMangaCine\" \/>\n<meta property=\"article:modified_time\" content=\"2026-02-06T14:27:40+00:00\" \/>\n<meta property=\"og:image\" content=\"https:\/\/repliquemangacine.fr\/wp-content\/uploads\/2023\/10\/Canon-Guerre-civile-usa.jpg\" \/>\n\t<meta property=\"og:image:width\" content=\"800\" \/>\n\t<meta property=\"og:image:height\" content=\"800\" \/>\n\t<meta property=\"og:image:type\" content=\"image\/jpeg\" \/>\n<meta name=\"twitter:card\" content=\"summary_large_image\" \/>\n<meta name=\"twitter:label1\" content=\"Est. reading time\" \/>\n\t<meta name=\"twitter:data1\" content=\"2 minutes\" \/>\n<script type=\"application\/ld+json\" class=\"yoast-schema-graph\">{\"@context\":\"https:\\\/\\\/schema.org\",\"@graph\":[{\"@type\":\"WebPage\",\"@id\":\"https:\\\/\\\/repliquemangacine.fr\\\/repliques-darmes-napoleon\\\/canon-napoleon-1857-guerre-civile-usa-denix\\\/\",\"url\":\"https:\\\/\\\/repliquemangacine.fr\\\/repliques-darmes-napoleon\\\/canon-napoleon-1857-guerre-civile-usa-denix\\\/\",\"name\":\"Canon Napol\u00e9on 1857 miniature Denix - R\u00e9plique Manga Cin\u00e9\",\"isPartOf\":{\"@id\":\"https:\\\/\\\/repliquemangacine.fr\\\/#website\"},\"primaryImageOfPage\":{\"@id\":\"https:\\\/\\\/repliquemangacine.fr\\\/repliques-darmes-napoleon\\\/canon-napoleon-1857-guerre-civile-usa-denix\\\/#primaryimage\"},\"image\":{\"@id\":\"https:\\\/\\\/repliquemangacine.fr\\\/repliques-darmes-napoleon\\\/canon-napoleon-1857-guerre-civile-usa-denix\\\/#primaryimage\"},\"thumbnailUrl\":\"https:\\\/\\\/repliquemangacine.fr\\\/wp-content\\\/uploads\\\/2023\\\/10\\\/Canon-Guerre-civile-usa.jpg\",\"datePublished\":\"2022-03-25T14:04:53+00:00\",\"dateModified\":\"2026-02-06T14:27:40+00:00\",\"description\":\"D\u00e9couvrez la miniature du Canon Napol\u00e9on 1857 au meilleur prix - Enti\u00e8rement en m\u00e9tal - Finitions remarquables - Longueur : 19 cm - Poids : 590g\",\"breadcrumb\":{\"@id\":\"https:\\\/\\\/repliquemangacine.fr\\\/repliques-darmes-napoleon\\\/canon-napoleon-1857-guerre-civile-usa-denix\\\/#breadcrumb\"},\"inLanguage\":\"en-US\",\"potentialAction\":[{\"@type\":\"ReadAction\",\"target\":[\"https:\\\/\\\/repliquemangacine.fr\\\/repliques-darmes-napoleon\\\/canon-napoleon-1857-guerre-civile-usa-denix\\\/\"]}]},{\"@type\":\"ImageObject\",\"inLanguage\":\"en-US\",\"@id\":\"https:\\\/\\\/repliquemangacine.fr\\\/repliques-darmes-napoleon\\\/canon-napoleon-1857-guerre-civile-usa-denix\\\/#primaryimage\",\"url\":\"https:\\\/\\\/repliquemangacine.fr\\\/wp-content\\\/uploads\\\/2023\\\/10\\\/Canon-Guerre-civile-usa.jpg\",\"contentUrl\":\"https:\\\/\\\/repliquemangacine.fr\\\/wp-content\\\/uploads\\\/2023\\\/10\\\/Canon-Guerre-civile-usa.jpg\",\"width\":800,\"height\":800,\"caption\":\"Canon-Guerre-civile-usa 1857 DIT NAPOLEON\"},{\"@type\":\"BreadcrumbList\",\"@id\":\"https:\\\/\\\/repliquemangacine.fr\\\/repliques-darmes-napoleon\\\/canon-napoleon-1857-guerre-civile-usa-denix\\\/#breadcrumb\",\"itemListElement\":[{\"@type\":\"ListItem\",\"position\":1,\"name\":\"Accueil\",\"item\":\"https:\\\/\\\/repliquemangacine.fr\\\/\"},{\"@type\":\"ListItem\",\"position\":2,\"name\":\"Produits\",\"item\":\"https:\\\/\\\/repliquemangacine.fr\\\/boutique\\\/\"},{\"@type\":\"ListItem\",\"position\":3,\"name\":\"Canon Napol\u00e9on 1857 miniature Denix\"}]},{\"@type\":\"WebSite\",\"@id\":\"https:\\\/\\\/repliquemangacine.fr\\\/#website\",\"url\":\"https:\\\/\\\/repliquemangacine.fr\\\/\",\"name\":\"R\u00e9plique Manga Cin\u00e9\",\"description\":\"\",\"publisher\":{\"@id\":\"https:\\\/\\\/repliquemangacine.fr\\\/#organization\"},\"potentialAction\":[{\"@type\":\"SearchAction\",\"target\":{\"@type\":\"EntryPoint\",\"urlTemplate\":\"https:\\\/\\\/repliquemangacine.fr\\\/?s={search_term_string}\"},\"query-input\":{\"@type\":\"PropertyValueSpecification\",\"valueRequired\":true,\"valueName\":\"search_term_string\"}}],\"inLanguage\":\"en-US\"},{\"@type\":\"Organization\",\"@id\":\"https:\\\/\\\/repliquemangacine.fr\\\/#organization\",\"name\":\"R\u00e9plique Manga Cin\u00e9\",\"url\":\"https:\\\/\\\/repliquemangacine.fr\\\/\",\"logo\":{\"@type\":\"ImageObject\",\"inLanguage\":\"en-US\",\"@id\":\"https:\\\/\\\/repliquemangacine.fr\\\/#\\\/schema\\\/logo\\\/image\\\/\",\"url\":\"https:\\\/\\\/repliquemangacine.fr\\\/wp-content\\\/uploads\\\/2023\\\/10\\\/RMC-500250.png\",\"contentUrl\":\"https:\\\/\\\/repliquemangacine.fr\\\/wp-content\\\/uploads\\\/2023\\\/10\\\/RMC-500250.png\",\"width\":500,\"height\":250,\"caption\":\"R\u00e9plique Manga Cin\u00e9\"},\"image\":{\"@id\":\"https:\\\/\\\/repliquemangacine.fr\\\/#\\\/schema\\\/logo\\\/image\\\/\"},\"sameAs\":[\"https:\\\/\\\/www.facebook.com\\\/RepliqueMangaCine\",\"https:\\\/\\\/www.instagram.com\\\/repliquemangacine.fr\\\/\"]}]}<\/script>\n<!-- \/ Yoast SEO plugin. -->","yoast_head_json":{"title":"Napoleon 1857 Denix miniature cannon - R\u00e9plique Manga Cin\u00e9","description":"Discover the Napoleon 1857 Canon miniature at the best price - Made entirely of metal - Remarkable finish - Length: 19 cm - Weight: 590g","robots":{"index":"index","follow":"follow","max-snippet":"max-snippet:-1","max-image-preview":"max-image-preview:large","max-video-preview":"max-video-preview:-1"},"canonical":"https:\/\/repliquemangacine.fr\/en\/replica-napoleon-guns\/cannon-napoleon-1857-usa-civil-war-denix\/","og_locale":"en_US","og_type":"article","og_title":"Canon Napol\u00e9on 1857 miniature Denix - R\u00e9plique Manga Cin\u00e9","og_description":"D\u00e9couvrez la miniature du Canon Napol\u00e9on 1857 au meilleur prix - Enti\u00e8rement en m\u00e9tal - Finitions remarquables - Longueur : 19 cm - Poids : 590g","og_url":"https:\/\/repliquemangacine.fr\/en\/replica-napoleon-guns\/cannon-napoleon-1857-usa-civil-war-denix\/","og_site_name":"R\u00e9plique Manga Cin\u00e9","article_publisher":"https:\/\/www.facebook.com\/RepliqueMangaCine","article_modified_time":"2026-02-06T14:27:40+00:00","og_image":[{"width":800,"height":800,"url":"https:\/\/repliquemangacine.fr\/wp-content\/uploads\/2023\/10\/Canon-Guerre-civile-usa.jpg","type":"image\/jpeg"}],"twitter_card":"summary_large_image","twitter_misc":{"Est. reading time":"2 minutes"},"schema":{"@context":"https:\/\/schema.org","@graph":[{"@type":"WebPage","@id":"https:\/\/repliquemangacine.fr\/repliques-darmes-napoleon\/canon-napoleon-1857-guerre-civile-usa-denix\/","url":"https:\/\/repliquemangacine.fr\/repliques-darmes-napoleon\/canon-napoleon-1857-guerre-civile-usa-denix\/","name":"Napoleon 1857 Denix miniature cannon - R\u00e9plique Manga Cin\u00e9","isPartOf":{"@id":"https:\/\/repliquemangacine.fr\/#website"},"primaryImageOfPage":{"@id":"https:\/\/repliquemangacine.fr\/repliques-darmes-napoleon\/canon-napoleon-1857-guerre-civile-usa-denix\/#primaryimage"},"image":{"@id":"https:\/\/repliquemangacine.fr\/repliques-darmes-napoleon\/canon-napoleon-1857-guerre-civile-usa-denix\/#primaryimage"},"thumbnailUrl":"https:\/\/repliquemangacine.fr\/wp-content\/uploads\/2023\/10\/Canon-Guerre-civile-usa.jpg","datePublished":"2022-03-25T14:04:53+00:00","dateModified":"2026-02-06T14:27:40+00:00","description":"Discover the Napoleon 1857 Canon miniature at the best price - Made entirely of metal - Remarkable finish - Length: 19 cm - Weight: 590g","breadcrumb":{"@id":"https:\/\/repliquemangacine.fr\/repliques-darmes-napoleon\/canon-napoleon-1857-guerre-civile-usa-denix\/#breadcrumb"},"inLanguage":"en-US","potentialAction":[{"@type":"ReadAction","target":["https:\/\/repliquemangacine.fr\/repliques-darmes-napoleon\/canon-napoleon-1857-guerre-civile-usa-denix\/"]}]},{"@type":"ImageObject","inLanguage":"en-US","@id":"https:\/\/repliquemangacine.fr\/repliques-darmes-napoleon\/canon-napoleon-1857-guerre-civile-usa-denix\/#primaryimage","url":"https:\/\/repliquemangacine.fr\/wp-content\/uploads\/2023\/10\/Canon-Guerre-civile-usa.jpg","contentUrl":"https:\/\/repliquemangacine.fr\/wp-content\/uploads\/2023\/10\/Canon-Guerre-civile-usa.jpg","width":800,"height":800,"caption":"Canon-Guerre-civile-usa 1857 DIT NAPOLEON"},{"@type":"BreadcrumbList","@id":"https:\/\/repliquemangacine.fr\/repliques-darmes-napoleon\/canon-napoleon-1857-guerre-civile-usa-denix\/#breadcrumb","itemListElement":[{"@type":"ListItem","position":1,"name":"Accueil","item":"https:\/\/repliquemangacine.fr\/"},{"@type":"ListItem","position":2,"name":"Produits","item":"https:\/\/repliquemangacine.fr\/boutique\/"},{"@type":"ListItem","position":3,"name":"Canon Napol\u00e9on 1857 miniature Denix"}]},{"@type":"WebSite","@id":"https:\/\/repliquemangacine.fr\/#website","url":"https:\/\/repliquemangacine.fr\/","name":"R\u00e9plique Manga Cin\u00e9","description":"","publisher":{"@id":"https:\/\/repliquemangacine.fr\/#organization"},"potentialAction":[{"@type":"SearchAction","target":{"@type":"EntryPoint","urlTemplate":"https:\/\/repliquemangacine.fr\/?s={search_term_string}"},"query-input":{"@type":"PropertyValueSpecification","valueRequired":true,"valueName":"search_term_string"}}],"inLanguage":"en-US"},{"@type":"Organization","@id":"https:\/\/repliquemangacine.fr\/#organization","name":"R\u00e9plique Manga Cin\u00e9","url":"https:\/\/repliquemangacine.fr\/","logo":{"@type":"ImageObject","inLanguage":"en-US","@id":"https:\/\/repliquemangacine.fr\/#\/schema\/logo\/image\/","url":"https:\/\/repliquemangacine.fr\/wp-content\/uploads\/2023\/10\/RMC-500250.png","contentUrl":"https:\/\/repliquemangacine.fr\/wp-content\/uploads\/2023\/10\/RMC-500250.png","width":500,"height":250,"caption":"R\u00e9plique Manga Cin\u00e9"},"image":{"@id":"https:\/\/repliquemangacine.fr\/#\/schema\/logo\/image\/"},"sameAs":["https:\/\/www.facebook.com\/RepliqueMangaCine","https:\/\/www.instagram.com\/repliquemangacine.fr\/"]}]}},"_links":{"self":[{"href":"https:\/\/repliquemangacine.fr\/en\/wp-json\/wp\/v2\/product\/49206","targetHints":{"allow":["GET"]}}],"collection":[{"href":"https:\/\/repliquemangacine.fr\/en\/wp-json\/wp\/v2\/product"}],"about":[{"href":"https:\/\/repliquemangacine.fr\/en\/wp-json\/wp\/v2\/types\/product"}],"wp:featuredmedia":[{"embeddable":true,"href":"https:\/\/repliquemangacine.fr\/en\/wp-json\/wp\/v2\/media\/49207"}],"wp:attachment":[{"href":"https:\/\/repliquemangacine.fr\/en\/wp-json\/wp\/v2\/media?parent=49206"}],"wp:term":[{"taxonomy":"product_brand","embeddable":true,"href":"https:\/\/repliquemangacine.fr\/en\/wp-json\/wp\/v2\/product_brand?post=49206"},{"taxonomy":"product_cat","embeddable":true,"href":"https:\/\/repliquemangacine.fr\/en\/wp-json\/wp\/v2\/product_cat?post=49206"},{"taxonomy":"product_tag","embeddable":true,"href":"https:\/\/repliquemangacine.fr\/en\/wp-json\/wp\/v2\/product_tag?post=49206"}],"curies":[{"name":"wp","href":"https:\/\/api.w.org\/{rel}","templated":true}]}}