





{"id":49178,"date":"2022-03-24T15:59:50","date_gmt":"2022-03-24T14:59:50","guid":{"rendered":"https:\/\/repliquemangacine.fr\/?post_type=product&#038;p=49178"},"modified":"2026-04-13T10:40:33","modified_gmt":"2026-04-13T08:40:33","slug":"katana-forge-tanjiro-kamado","status":"publish","type":"product","link":"https:\/\/repliquemangacine.fr\/en\/katana-demon-slayer-metal\/katana-forge-tanjiro-kamado\/","title":{"rendered":"Forged Katana Tanjiro"},"content":{"rendered":"<h2>Tanjiro Demon Slayer forged katana in 1045 steel<\/h2>\n<p>To start with, the Tanjiro Kamado Demon Slayer forged katana, with a sharp blade in hand-forged 1045 steel.<\/p>\n<p>Kimetsu no Yaiba or Demon Slayer tells the story of Tanjiro, a young man whose father has died.<\/p>\n<p><a href=\"https:\/\/kimetsu-no-yaiba.fandom.com\/fr\/wiki\/Tanjiro_Kamado\" target=\"_blank\" rel=\"noopener noreferrer\">Tanjir\u014d Kamado<\/a>A member of the Demon Slayer group, classified as Kanoe, he joined the Demon Slayer team to track down the man responsible for murdering his family and turning his sister into a demon. He is a demon slayer...<\/p>\n<p>Right from the start, Tanjiro proved to be a prodigious fighter, with a strong natural aptitude for combat, particularly fencing.<\/p>\n<h2>Your Tanjiro Demon Slayer forged katana at the best price<\/h2>\n<p>We bring you all the lines of your favorite characters in this Demon Slayer anime manga.<\/p>\n<p>First of all:<\/p>\n<ul>\n<li>\u00a0Visit <a href=\"https:\/\/repliquemangacine.fr\/en\/demon-slayer\/zenitsu-agatsuma-demon-slayer-katana\/\">Zenitsu Agatsuma's Katana<\/a> with its gold silk-screened blade imitating an electrical harness.<\/li>\n<li>\u00a0As well as the <a href=\"https:\/\/repliquemangacine.fr\/en\/demon-slayer\/kyojuro-cutting-katana\/\">Ky\u014djur\u014d Rengoku Cutting Katana<\/a> with its special guard and leather sheath.<\/li>\n<li>And many more to discover in our online store!<\/li>\n<\/ul>\n<p>That's why here are some great gift ideas for fans of Kimetsu no Yaiba or Demon Slayer.<\/p>\n<p>In conclusion, you can also use this Tanjiro forged sword for your cosplay parades or theme parties. But above all, the Tanjiro Kamado forged katana is also a collector's item and a decorative piece.<\/p>\n<h2>How to care for your katana blade?<\/h2>\n<p>Collector's and decorative katanas are made and assembled in a simplified way. As their use is decorative, they lack the safety features required of a Japanese saber intended for training.<\/p>\n<p>However, your <strong>Tanjiro Demon Slayer forged katana<\/strong> to a steel blade that needs to be cared for to avoid damage over time. In fact, when you display your katana, your friends will be curious to see the blade and touch it. This is where you need to be careful, as the acidity of your fingers is very harmful to steel, whatever its quality.<\/p>\n<p>If this happens, don't panic, just use a cloth dampened with a little oil to wipe off any fingerprints. By doing so, you'll keep your sword looking its best for a very long time.<\/p>\n<p><strong>\u00a0<\/strong><\/p>","protected":false},"excerpt":{"rendered":"<p>Superb replica of Tanjir\u014d Kamado's katana from the anime Demon Slayer in its hand-forged version.<\/p>\n<ul>\n<li>Hand-forged, sharpened 1045 carbon steel blade, <strong>sharp and with throat<\/strong>.<\/li>\n<li>Specially shaped metal guard.<\/li>\n<li>Handle covered with black leatherette braid.<\/li>\n<li>Black wooden scabbard<\/li>\n<li>Hardness: 60 HRC\/40 HRC. Steel: forged 1045 carbon.<\/li>\n<li>Delivered in a box.<\/li>\n<li>Blade length: 72.6cm - Total length with scabbard: 108cm - Weight: 1320 grs<\/li>\n<\/ul>\n<p><strong>\u00a0<\/strong><\/p>\n<p>&nbsp;<\/p>\n<p>&nbsp;<\/p>\n<p>&nbsp;<\/p>","protected":false},"featured_media":49179,"template":"","meta":[],"product_brand":[896],"product_cat":[63,26,117,38,23],"product_tag":[],"class_list":{"0":"post-49178","1":"product","2":"type-product","3":"status-publish","4":"has-post-thumbnail","6":"product_brand-replique-manga-cine","7":"product_cat-katana-demon-slayer","8":"product_cat-katana-epee","9":"product_cat-katana-demon-slayer-metal","10":"product_cat-katana-forge","11":"product_cat-repliques-manga-jeux-video","13":"first","14":"instock","15":"taxable","16":"shipping-taxable","17":"purchasable","18":"product-type-simple"},"yoast_head":"<!-- This site is optimized with the Yoast SEO plugin v27.5 - https:\/\/yoast.com\/product\/yoast-seo-wordpress\/ -->\n<title>Katana forg\u00e9 Tanjiro Demon Slayer - Boutique en ligne - RMC<\/title>\n<meta name=\"description\" content=\"Achetez vite ! Votre Katana forg\u00e9 Tanjiro Kamado au meilleur prix. Lame tranchante - Duret\u00e9 : 60 HRC\/40 HRC. Acier : carbone 1045 forg\u00e9 - Envoi 24\/48h\" \/>\n<meta name=\"robots\" content=\"index, follow, max-snippet:-1, max-image-preview:large, max-video-preview:-1\" \/>\n<link rel=\"canonical\" href=\"https:\/\/repliquemangacine.fr\/en\/katana-demon-slayer-metal\/katana-forge-tanjiro-kamado\/\" \/>\n<meta property=\"og:locale\" content=\"en_US\" \/>\n<meta property=\"og:type\" content=\"article\" \/>\n<meta property=\"og:title\" content=\"Katana forg\u00e9 Tanjiro Demon Slayer - Boutique en ligne - RMC\" \/>\n<meta property=\"og:description\" content=\"Achetez vite ! Votre Katana forg\u00e9 Tanjiro Kamado au meilleur prix. Lame tranchante - Duret\u00e9 : 60 HRC\/40 HRC. Acier : carbone 1045 forg\u00e9 - Envoi 24\/48h\" \/>\n<meta property=\"og:url\" content=\"https:\/\/repliquemangacine.fr\/en\/katana-demon-slayer-metal\/katana-forge-tanjiro-kamado\/\" \/>\n<meta property=\"og:site_name\" content=\"R\u00e9plique Manga Cin\u00e9\" \/>\n<meta property=\"article:publisher\" content=\"https:\/\/www.facebook.com\/RepliqueMangaCine\" \/>\n<meta property=\"article:modified_time\" content=\"2026-04-13T08:40:33+00:00\" \/>\n<meta property=\"og:image\" content=\"https:\/\/repliquemangacine.fr\/wp-content\/uploads\/2023\/10\/0243h-4.jpg\" \/>\n\t<meta property=\"og:image:width\" content=\"800\" \/>\n\t<meta property=\"og:image:height\" content=\"800\" \/>\n\t<meta property=\"og:image:type\" content=\"image\/jpeg\" \/>\n<meta name=\"twitter:card\" content=\"summary_large_image\" \/>\n<meta name=\"twitter:label1\" content=\"Est. reading time\" \/>\n\t<meta name=\"twitter:data1\" content=\"2 minutes\" \/>\n<script type=\"application\/ld+json\" class=\"yoast-schema-graph\">{\"@context\":\"https:\\\/\\\/schema.org\",\"@graph\":[{\"@type\":\"WebPage\",\"@id\":\"https:\\\/\\\/repliquemangacine.fr\\\/katana-demon-slayer-metal\\\/katana-forge-tanjiro-kamado\\\/\",\"url\":\"https:\\\/\\\/repliquemangacine.fr\\\/katana-demon-slayer-metal\\\/katana-forge-tanjiro-kamado\\\/\",\"name\":\"Katana forg\u00e9 Tanjiro Demon Slayer - Boutique en ligne - RMC\",\"isPartOf\":{\"@id\":\"https:\\\/\\\/repliquemangacine.fr\\\/#website\"},\"primaryImageOfPage\":{\"@id\":\"https:\\\/\\\/repliquemangacine.fr\\\/katana-demon-slayer-metal\\\/katana-forge-tanjiro-kamado\\\/#primaryimage\"},\"image\":{\"@id\":\"https:\\\/\\\/repliquemangacine.fr\\\/katana-demon-slayer-metal\\\/katana-forge-tanjiro-kamado\\\/#primaryimage\"},\"thumbnailUrl\":\"https:\\\/\\\/repliquemangacine.fr\\\/wp-content\\\/uploads\\\/2023\\\/10\\\/0243h-4.jpg\",\"datePublished\":\"2022-03-24T14:59:50+00:00\",\"dateModified\":\"2026-04-13T08:40:33+00:00\",\"description\":\"Achetez vite ! Votre Katana forg\u00e9 Tanjiro Kamado au meilleur prix. Lame tranchante - Duret\u00e9 : 60 HRC\\\/40 HRC. Acier : carbone 1045 forg\u00e9 - Envoi 24\\\/48h\",\"breadcrumb\":{\"@id\":\"https:\\\/\\\/repliquemangacine.fr\\\/katana-demon-slayer-metal\\\/katana-forge-tanjiro-kamado\\\/#breadcrumb\"},\"inLanguage\":\"en-US\",\"potentialAction\":[{\"@type\":\"ReadAction\",\"target\":[\"https:\\\/\\\/repliquemangacine.fr\\\/katana-demon-slayer-metal\\\/katana-forge-tanjiro-kamado\\\/\"]}]},{\"@type\":\"ImageObject\",\"inLanguage\":\"en-US\",\"@id\":\"https:\\\/\\\/repliquemangacine.fr\\\/katana-demon-slayer-metal\\\/katana-forge-tanjiro-kamado\\\/#primaryimage\",\"url\":\"https:\\\/\\\/repliquemangacine.fr\\\/wp-content\\\/uploads\\\/2023\\\/10\\\/0243h-4.jpg\",\"contentUrl\":\"https:\\\/\\\/repliquemangacine.fr\\\/wp-content\\\/uploads\\\/2023\\\/10\\\/0243h-4.jpg\",\"width\":800,\"height\":800,\"caption\":\"Katana forg\u00e9 Tanjiro demon slayer\"},{\"@type\":\"BreadcrumbList\",\"@id\":\"https:\\\/\\\/repliquemangacine.fr\\\/katana-demon-slayer-metal\\\/katana-forge-tanjiro-kamado\\\/#breadcrumb\",\"itemListElement\":[{\"@type\":\"ListItem\",\"position\":1,\"name\":\"Accueil\",\"item\":\"https:\\\/\\\/repliquemangacine.fr\\\/\"},{\"@type\":\"ListItem\",\"position\":2,\"name\":\"Produits\",\"item\":\"https:\\\/\\\/repliquemangacine.fr\\\/boutique\\\/\"},{\"@type\":\"ListItem\",\"position\":3,\"name\":\"Katana Tanjiro Forg\u00e9\"}]},{\"@type\":\"WebSite\",\"@id\":\"https:\\\/\\\/repliquemangacine.fr\\\/#website\",\"url\":\"https:\\\/\\\/repliquemangacine.fr\\\/\",\"name\":\"R\u00e9plique Manga Cin\u00e9\",\"description\":\"\",\"publisher\":{\"@id\":\"https:\\\/\\\/repliquemangacine.fr\\\/#organization\"},\"potentialAction\":[{\"@type\":\"SearchAction\",\"target\":{\"@type\":\"EntryPoint\",\"urlTemplate\":\"https:\\\/\\\/repliquemangacine.fr\\\/?s={search_term_string}\"},\"query-input\":{\"@type\":\"PropertyValueSpecification\",\"valueRequired\":true,\"valueName\":\"search_term_string\"}}],\"inLanguage\":\"en-US\"},{\"@type\":\"Organization\",\"@id\":\"https:\\\/\\\/repliquemangacine.fr\\\/#organization\",\"name\":\"R\u00e9plique Manga Cin\u00e9\",\"url\":\"https:\\\/\\\/repliquemangacine.fr\\\/\",\"logo\":{\"@type\":\"ImageObject\",\"inLanguage\":\"en-US\",\"@id\":\"https:\\\/\\\/repliquemangacine.fr\\\/#\\\/schema\\\/logo\\\/image\\\/\",\"url\":\"https:\\\/\\\/repliquemangacine.fr\\\/wp-content\\\/uploads\\\/2023\\\/10\\\/RMC-500250.png\",\"contentUrl\":\"https:\\\/\\\/repliquemangacine.fr\\\/wp-content\\\/uploads\\\/2023\\\/10\\\/RMC-500250.png\",\"width\":500,\"height\":250,\"caption\":\"R\u00e9plique Manga Cin\u00e9\"},\"image\":{\"@id\":\"https:\\\/\\\/repliquemangacine.fr\\\/#\\\/schema\\\/logo\\\/image\\\/\"},\"sameAs\":[\"https:\\\/\\\/www.facebook.com\\\/RepliqueMangaCine\",\"https:\\\/\\\/www.instagram.com\\\/repliquemangacine.fr\\\/\"]}]}<\/script>\n<!-- \/ Yoast SEO plugin. -->","yoast_head_json":{"title":"Forged Katana Tanjiro Demon Slayer - Online Shop - RMC","description":"Buy now! Your Tanjiro Kamado forged Katana at the best price. Sharp blade - Hardness: 60 HRC\/40 HRC. Steel: forged carbon 1045 - Shipment 24\/48h","robots":{"index":"index","follow":"follow","max-snippet":"max-snippet:-1","max-image-preview":"max-image-preview:large","max-video-preview":"max-video-preview:-1"},"canonical":"https:\/\/repliquemangacine.fr\/en\/katana-demon-slayer-metal\/katana-forge-tanjiro-kamado\/","og_locale":"en_US","og_type":"article","og_title":"Katana forg\u00e9 Tanjiro Demon Slayer - Boutique en ligne - RMC","og_description":"Achetez vite ! Votre Katana forg\u00e9 Tanjiro Kamado au meilleur prix. Lame tranchante - Duret\u00e9 : 60 HRC\/40 HRC. Acier : carbone 1045 forg\u00e9 - Envoi 24\/48h","og_url":"https:\/\/repliquemangacine.fr\/en\/katana-demon-slayer-metal\/katana-forge-tanjiro-kamado\/","og_site_name":"R\u00e9plique Manga Cin\u00e9","article_publisher":"https:\/\/www.facebook.com\/RepliqueMangaCine","article_modified_time":"2026-04-13T08:40:33+00:00","og_image":[{"width":800,"height":800,"url":"https:\/\/repliquemangacine.fr\/wp-content\/uploads\/2023\/10\/0243h-4.jpg","type":"image\/jpeg"}],"twitter_card":"summary_large_image","twitter_misc":{"Est. reading time":"2 minutes"},"schema":{"@context":"https:\/\/schema.org","@graph":[{"@type":"WebPage","@id":"https:\/\/repliquemangacine.fr\/katana-demon-slayer-metal\/katana-forge-tanjiro-kamado\/","url":"https:\/\/repliquemangacine.fr\/katana-demon-slayer-metal\/katana-forge-tanjiro-kamado\/","name":"Forged Katana Tanjiro Demon Slayer - Online Shop - RMC","isPartOf":{"@id":"https:\/\/repliquemangacine.fr\/#website"},"primaryImageOfPage":{"@id":"https:\/\/repliquemangacine.fr\/katana-demon-slayer-metal\/katana-forge-tanjiro-kamado\/#primaryimage"},"image":{"@id":"https:\/\/repliquemangacine.fr\/katana-demon-slayer-metal\/katana-forge-tanjiro-kamado\/#primaryimage"},"thumbnailUrl":"https:\/\/repliquemangacine.fr\/wp-content\/uploads\/2023\/10\/0243h-4.jpg","datePublished":"2022-03-24T14:59:50+00:00","dateModified":"2026-04-13T08:40:33+00:00","description":"Buy now! Your Tanjiro Kamado forged Katana at the best price. Sharp blade - Hardness: 60 HRC\/40 HRC. Steel: forged carbon 1045 - Shipment 24\/48h","breadcrumb":{"@id":"https:\/\/repliquemangacine.fr\/katana-demon-slayer-metal\/katana-forge-tanjiro-kamado\/#breadcrumb"},"inLanguage":"en-US","potentialAction":[{"@type":"ReadAction","target":["https:\/\/repliquemangacine.fr\/katana-demon-slayer-metal\/katana-forge-tanjiro-kamado\/"]}]},{"@type":"ImageObject","inLanguage":"en-US","@id":"https:\/\/repliquemangacine.fr\/katana-demon-slayer-metal\/katana-forge-tanjiro-kamado\/#primaryimage","url":"https:\/\/repliquemangacine.fr\/wp-content\/uploads\/2023\/10\/0243h-4.jpg","contentUrl":"https:\/\/repliquemangacine.fr\/wp-content\/uploads\/2023\/10\/0243h-4.jpg","width":800,"height":800,"caption":"Katana forg\u00e9 Tanjiro demon slayer"},{"@type":"BreadcrumbList","@id":"https:\/\/repliquemangacine.fr\/katana-demon-slayer-metal\/katana-forge-tanjiro-kamado\/#breadcrumb","itemListElement":[{"@type":"ListItem","position":1,"name":"Accueil","item":"https:\/\/repliquemangacine.fr\/"},{"@type":"ListItem","position":2,"name":"Produits","item":"https:\/\/repliquemangacine.fr\/boutique\/"},{"@type":"ListItem","position":3,"name":"Katana Tanjiro Forg\u00e9"}]},{"@type":"WebSite","@id":"https:\/\/repliquemangacine.fr\/#website","url":"https:\/\/repliquemangacine.fr\/","name":"R\u00e9plique Manga Cin\u00e9","description":"","publisher":{"@id":"https:\/\/repliquemangacine.fr\/#organization"},"potentialAction":[{"@type":"SearchAction","target":{"@type":"EntryPoint","urlTemplate":"https:\/\/repliquemangacine.fr\/?s={search_term_string}"},"query-input":{"@type":"PropertyValueSpecification","valueRequired":true,"valueName":"search_term_string"}}],"inLanguage":"en-US"},{"@type":"Organization","@id":"https:\/\/repliquemangacine.fr\/#organization","name":"R\u00e9plique Manga Cin\u00e9","url":"https:\/\/repliquemangacine.fr\/","logo":{"@type":"ImageObject","inLanguage":"en-US","@id":"https:\/\/repliquemangacine.fr\/#\/schema\/logo\/image\/","url":"https:\/\/repliquemangacine.fr\/wp-content\/uploads\/2023\/10\/RMC-500250.png","contentUrl":"https:\/\/repliquemangacine.fr\/wp-content\/uploads\/2023\/10\/RMC-500250.png","width":500,"height":250,"caption":"R\u00e9plique Manga Cin\u00e9"},"image":{"@id":"https:\/\/repliquemangacine.fr\/#\/schema\/logo\/image\/"},"sameAs":["https:\/\/www.facebook.com\/RepliqueMangaCine","https:\/\/www.instagram.com\/repliquemangacine.fr\/"]}]}},"_links":{"self":[{"href":"https:\/\/repliquemangacine.fr\/en\/wp-json\/wp\/v2\/product\/49178","targetHints":{"allow":["GET"]}}],"collection":[{"href":"https:\/\/repliquemangacine.fr\/en\/wp-json\/wp\/v2\/product"}],"about":[{"href":"https:\/\/repliquemangacine.fr\/en\/wp-json\/wp\/v2\/types\/product"}],"wp:featuredmedia":[{"embeddable":true,"href":"https:\/\/repliquemangacine.fr\/en\/wp-json\/wp\/v2\/media\/49179"}],"wp:attachment":[{"href":"https:\/\/repliquemangacine.fr\/en\/wp-json\/wp\/v2\/media?parent=49178"}],"wp:term":[{"taxonomy":"product_brand","embeddable":true,"href":"https:\/\/repliquemangacine.fr\/en\/wp-json\/wp\/v2\/product_brand?post=49178"},{"taxonomy":"product_cat","embeddable":true,"href":"https:\/\/repliquemangacine.fr\/en\/wp-json\/wp\/v2\/product_cat?post=49178"},{"taxonomy":"product_tag","embeddable":true,"href":"https:\/\/repliquemangacine.fr\/en\/wp-json\/wp\/v2\/product_tag?post=49178"}],"curies":[{"name":"wp","href":"https:\/\/api.w.org\/{rel}","templated":true}]}}