





{"id":49170,"date":"2022-03-24T15:23:45","date_gmt":"2022-03-24T14:23:45","guid":{"rendered":"https:\/\/repliquemangacine.fr\/?post_type=product&#038;p=49170"},"modified":"2026-02-05T10:18:24","modified_gmt":"2026-02-05T09:18:24","slug":"katana-nichirin-forge-tanjiro","status":"publish","type":"product","link":"https:\/\/repliquemangacine.fr\/en\/katana-demon-slayer-metal\/katana-nichirin-forge-tanjiro\/","title":{"rendered":"Forged Nichirin Tanjiro katana"},"content":{"rendered":"<h2>Forged Nichirin Tanjiro steel 1045 katana<\/h2>\n<p>To begin with, the <strong>Forged Nichirin Tanjiro katana<\/strong> has a forged 1045 carbon steel blade with throat.  Hardness: 60 HRC\/40 HRC<\/p>\n<p>Like all Slayer Demons, <a href=\"https:\/\/kimetsu-no-yaiba.fandom.com\/fr\/wiki\/Tanjiro_Kamado\" target=\"_blank\" rel=\"noopener noreferrer\">Tanjiro<\/a> has a standard Nichirin blade. Nichirin swords can be transformed into virtually any color, depending on the user and their breathing style.<br \/>\nHowever, there is one color that is not accessible, which is a bright red color. This color was first discovered by Yoriichi Tsugikuni, who became a demon killer because of his solar respiration.<br \/>\nIn fact, it's a category of Yoriichi's gifted powers and abilities, aimed at hindering demon regeneration. The bright red blade could only be unlocked by those bearing the mark, as well as by incredibly powerful Demon Slayers, such as Hashira.<\/p>\n<h2>Your Forged Nichirin Tanjiro katana at the best price<\/h2>\n<p>We bring you all the lines of your favorite characters in this Demon Slayer anime manga.<\/p>\n<p>First and foremost,<\/p>\n<ul>\n<li>Visit<a href=\"https:\/\/repliquemangacine.fr\/en\/demon-slayer\/katana-mitsuri-kanroji-demon-slayer\/\"> Katana Mitsuri Kanroji<\/a> and its black blade with a pink wave, as well as a silkscreen of Japanese symbols.<\/li>\n<li>Visit <a href=\"https:\/\/repliquemangacine.fr\/en\/demon-slayer\/kyojuro-cutting-katana\/\">Ky\u014djur\u014d Rengoku katana<\/a> in its hand-forged cutting version.<\/li>\n<li>And many more to discover in our online store!<\/li>\n<\/ul>\n<p>That's why here are some great gift ideas for fans of Kimetsu no Yaiba or Demon Slayer.<\/p>\n<p>In conclusion, you can also use this Nichirin Tanjiro Sword for your cosplay parades or theme parties. But above all, the Nichirin Tanjiro Sword is also a collector's and decorative item.<\/p>\n<h2>How to care for the blade of your Nichirin katana?<\/h2>\n<p>Collector's and decorative katanas are made and assembled in a simplified way. As their use is decorative, they lack the safety features required of a Japanese saber intended for training.<\/p>\n<p>However, your <strong>Tanjiro forged Nichirin katana<\/strong> to a steel blade that needs to be cared for to avoid damage over time. In fact, when you display your katana, your friends will be curious to see the blade and touch it. This is where you need to be careful, as the acidity of your fingers is very harmful to steel, whatever its quality.<\/p>\n<p>If this happens, don't panic, just use a cloth dampened with a little oil to wipe off any fingerprints. By doing so, you'll keep your sword looking its best for a very long time.<\/p>","protected":false},"excerpt":{"rendered":"<p>Superb replica of Tanjir\u014d Kamado's katana from the Demon Slayer manga in its hand-forged version.<\/p>\n<ul>\n<li>Hand-forged, sharpened, grooved 1045 carbon steel blade.<\/li>\n<li>Specially shaped metal guard.<\/li>\n<li>Handle covered with black leatherette braid.<\/li>\n<li>Black wooden scabbard.<\/li>\n<li>Hardness: 60 HRC\/40 HRC. Steel: forged 1045 carbon<\/li>\n<li>Blade length: 72.6cm - Total length: 108cm - Weight: 1320 grs<\/li>\n<\/ul>","protected":false},"featured_media":49171,"template":"","meta":[],"product_brand":[896],"product_cat":[63,26,117,38,23],"product_tag":[],"class_list":{"0":"post-49170","1":"product","2":"type-product","3":"status-publish","4":"has-post-thumbnail","6":"product_brand-replique-manga-cine","7":"product_cat-katana-demon-slayer","8":"product_cat-katana-epee","9":"product_cat-katana-demon-slayer-metal","10":"product_cat-katana-forge","11":"product_cat-repliques-manga-jeux-video","13":"first","14":"instock","15":"taxable","16":"shipping-taxable","17":"purchasable","18":"product-type-simple"},"yoast_head":"<!-- This site is optimized with the Yoast SEO plugin v27.5 - https:\/\/yoast.com\/product\/yoast-seo-wordpress\/ -->\n<title>Katana Nichirin Forg\u00e9 Tanjiro Demon Slayer - R\u00e9plique Manga Cin\u00e9<\/title>\n<meta name=\"description\" content=\"Achetez votre Katana Nichirin Forg\u00e9 Tanjiro D\u00e9mon Slayers au meilleur prix. Lame acier carbone 1045. Poign\u00e9e similicuir - Longueur 108 cm - Envoi 24\/48h\" \/>\n<meta name=\"robots\" content=\"index, follow, max-snippet:-1, max-image-preview:large, max-video-preview:-1\" \/>\n<link rel=\"canonical\" href=\"https:\/\/repliquemangacine.fr\/en\/katana-demon-slayer-metal\/katana-nichirin-forge-tanjiro\/\" \/>\n<meta property=\"og:locale\" content=\"en_US\" \/>\n<meta property=\"og:type\" content=\"article\" \/>\n<meta property=\"og:title\" content=\"Katana Nichirin Forg\u00e9 Tanjiro Demon Slayer - R\u00e9plique Manga Cin\u00e9\" \/>\n<meta property=\"og:description\" content=\"Achetez votre Katana Nichirin Forg\u00e9 Tanjiro D\u00e9mon Slayers au meilleur prix. Lame acier carbone 1045. Poign\u00e9e similicuir - Longueur 108 cm - Envoi 24\/48h\" \/>\n<meta property=\"og:url\" content=\"https:\/\/repliquemangacine.fr\/en\/katana-demon-slayer-metal\/katana-nichirin-forge-tanjiro\/\" \/>\n<meta property=\"og:site_name\" content=\"R\u00e9plique Manga Cin\u00e9\" \/>\n<meta property=\"article:publisher\" content=\"https:\/\/www.facebook.com\/RepliqueMangaCine\" \/>\n<meta property=\"article:modified_time\" content=\"2026-02-05T09:18:24+00:00\" \/>\n<meta property=\"og:image\" content=\"https:\/\/repliquemangacine.fr\/wp-content\/uploads\/2023\/10\/forge-nichirin-tanjiro.jpg\" \/>\n\t<meta property=\"og:image:width\" content=\"700\" \/>\n\t<meta property=\"og:image:height\" content=\"700\" \/>\n\t<meta property=\"og:image:type\" content=\"image\/jpeg\" \/>\n<meta name=\"twitter:card\" content=\"summary_large_image\" \/>\n<meta name=\"twitter:label1\" content=\"Est. reading time\" \/>\n\t<meta name=\"twitter:data1\" content=\"2 minutes\" \/>\n<script type=\"application\/ld+json\" class=\"yoast-schema-graph\">{\"@context\":\"https:\\\/\\\/schema.org\",\"@graph\":[{\"@type\":\"WebPage\",\"@id\":\"https:\\\/\\\/repliquemangacine.fr\\\/katana-demon-slayer-metal\\\/katana-nichirin-forge-tanjiro\\\/\",\"url\":\"https:\\\/\\\/repliquemangacine.fr\\\/katana-demon-slayer-metal\\\/katana-nichirin-forge-tanjiro\\\/\",\"name\":\"Katana Nichirin Forg\u00e9 Tanjiro Demon Slayer - R\u00e9plique Manga Cin\u00e9\",\"isPartOf\":{\"@id\":\"https:\\\/\\\/repliquemangacine.fr\\\/#website\"},\"primaryImageOfPage\":{\"@id\":\"https:\\\/\\\/repliquemangacine.fr\\\/katana-demon-slayer-metal\\\/katana-nichirin-forge-tanjiro\\\/#primaryimage\"},\"image\":{\"@id\":\"https:\\\/\\\/repliquemangacine.fr\\\/katana-demon-slayer-metal\\\/katana-nichirin-forge-tanjiro\\\/#primaryimage\"},\"thumbnailUrl\":\"https:\\\/\\\/repliquemangacine.fr\\\/wp-content\\\/uploads\\\/2023\\\/10\\\/forge-nichirin-tanjiro.jpg\",\"datePublished\":\"2022-03-24T14:23:45+00:00\",\"dateModified\":\"2026-02-05T09:18:24+00:00\",\"description\":\"Achetez votre Katana Nichirin Forg\u00e9 Tanjiro D\u00e9mon Slayers au meilleur prix. Lame acier carbone 1045. Poign\u00e9e similicuir - Longueur 108 cm - Envoi 24\\\/48h\",\"breadcrumb\":{\"@id\":\"https:\\\/\\\/repliquemangacine.fr\\\/katana-demon-slayer-metal\\\/katana-nichirin-forge-tanjiro\\\/#breadcrumb\"},\"inLanguage\":\"en-US\",\"potentialAction\":[{\"@type\":\"ReadAction\",\"target\":[\"https:\\\/\\\/repliquemangacine.fr\\\/katana-demon-slayer-metal\\\/katana-nichirin-forge-tanjiro\\\/\"]}]},{\"@type\":\"ImageObject\",\"inLanguage\":\"en-US\",\"@id\":\"https:\\\/\\\/repliquemangacine.fr\\\/katana-demon-slayer-metal\\\/katana-nichirin-forge-tanjiro\\\/#primaryimage\",\"url\":\"https:\\\/\\\/repliquemangacine.fr\\\/wp-content\\\/uploads\\\/2023\\\/10\\\/forge-nichirin-tanjiro.jpg\",\"contentUrl\":\"https:\\\/\\\/repliquemangacine.fr\\\/wp-content\\\/uploads\\\/2023\\\/10\\\/forge-nichirin-tanjiro.jpg\",\"width\":700,\"height\":700,\"caption\":\"Katana Nichirin Forg\u00e9 Tanjiro demon slayer\"},{\"@type\":\"BreadcrumbList\",\"@id\":\"https:\\\/\\\/repliquemangacine.fr\\\/katana-demon-slayer-metal\\\/katana-nichirin-forge-tanjiro\\\/#breadcrumb\",\"itemListElement\":[{\"@type\":\"ListItem\",\"position\":1,\"name\":\"Accueil\",\"item\":\"https:\\\/\\\/repliquemangacine.fr\\\/\"},{\"@type\":\"ListItem\",\"position\":2,\"name\":\"Produits\",\"item\":\"https:\\\/\\\/repliquemangacine.fr\\\/boutique\\\/\"},{\"@type\":\"ListItem\",\"position\":3,\"name\":\"Katana Nichirin Forg\u00e9 Tanjiro\"}]},{\"@type\":\"WebSite\",\"@id\":\"https:\\\/\\\/repliquemangacine.fr\\\/#website\",\"url\":\"https:\\\/\\\/repliquemangacine.fr\\\/\",\"name\":\"R\u00e9plique Manga Cin\u00e9\",\"description\":\"\",\"publisher\":{\"@id\":\"https:\\\/\\\/repliquemangacine.fr\\\/#organization\"},\"potentialAction\":[{\"@type\":\"SearchAction\",\"target\":{\"@type\":\"EntryPoint\",\"urlTemplate\":\"https:\\\/\\\/repliquemangacine.fr\\\/?s={search_term_string}\"},\"query-input\":{\"@type\":\"PropertyValueSpecification\",\"valueRequired\":true,\"valueName\":\"search_term_string\"}}],\"inLanguage\":\"en-US\"},{\"@type\":\"Organization\",\"@id\":\"https:\\\/\\\/repliquemangacine.fr\\\/#organization\",\"name\":\"R\u00e9plique Manga Cin\u00e9\",\"url\":\"https:\\\/\\\/repliquemangacine.fr\\\/\",\"logo\":{\"@type\":\"ImageObject\",\"inLanguage\":\"en-US\",\"@id\":\"https:\\\/\\\/repliquemangacine.fr\\\/#\\\/schema\\\/logo\\\/image\\\/\",\"url\":\"https:\\\/\\\/repliquemangacine.fr\\\/wp-content\\\/uploads\\\/2023\\\/10\\\/RMC-500250.png\",\"contentUrl\":\"https:\\\/\\\/repliquemangacine.fr\\\/wp-content\\\/uploads\\\/2023\\\/10\\\/RMC-500250.png\",\"width\":500,\"height\":250,\"caption\":\"R\u00e9plique Manga Cin\u00e9\"},\"image\":{\"@id\":\"https:\\\/\\\/repliquemangacine.fr\\\/#\\\/schema\\\/logo\\\/image\\\/\"},\"sameAs\":[\"https:\\\/\\\/www.facebook.com\\\/RepliqueMangaCine\",\"https:\\\/\\\/www.instagram.com\\\/repliquemangacine.fr\\\/\"]}]}<\/script>\n<!-- \/ Yoast SEO plugin. -->","yoast_head_json":{"title":"Forged Nichirin Katana Tanjiro Demon Slayer - R\u00e9plique Manga Cin\u00e9","description":"Buy your Katana Nichirin Forg\u00e9 Tanjiro D\u00e9mon Slayers at the best price. 1045 carbon steel blade. Leatherette handle - Length 108 cm - Shipment 24\/48h","robots":{"index":"index","follow":"follow","max-snippet":"max-snippet:-1","max-image-preview":"max-image-preview:large","max-video-preview":"max-video-preview:-1"},"canonical":"https:\/\/repliquemangacine.fr\/en\/katana-demon-slayer-metal\/katana-nichirin-forge-tanjiro\/","og_locale":"en_US","og_type":"article","og_title":"Katana Nichirin Forg\u00e9 Tanjiro Demon Slayer - R\u00e9plique Manga Cin\u00e9","og_description":"Achetez votre Katana Nichirin Forg\u00e9 Tanjiro D\u00e9mon Slayers au meilleur prix. Lame acier carbone 1045. Poign\u00e9e similicuir - Longueur 108 cm - Envoi 24\/48h","og_url":"https:\/\/repliquemangacine.fr\/en\/katana-demon-slayer-metal\/katana-nichirin-forge-tanjiro\/","og_site_name":"R\u00e9plique Manga Cin\u00e9","article_publisher":"https:\/\/www.facebook.com\/RepliqueMangaCine","article_modified_time":"2026-02-05T09:18:24+00:00","og_image":[{"width":700,"height":700,"url":"https:\/\/repliquemangacine.fr\/wp-content\/uploads\/2023\/10\/forge-nichirin-tanjiro.jpg","type":"image\/jpeg"}],"twitter_card":"summary_large_image","twitter_misc":{"Est. reading time":"2 minutes"},"schema":{"@context":"https:\/\/schema.org","@graph":[{"@type":"WebPage","@id":"https:\/\/repliquemangacine.fr\/katana-demon-slayer-metal\/katana-nichirin-forge-tanjiro\/","url":"https:\/\/repliquemangacine.fr\/katana-demon-slayer-metal\/katana-nichirin-forge-tanjiro\/","name":"Forged Nichirin Katana Tanjiro Demon Slayer - R\u00e9plique Manga Cin\u00e9","isPartOf":{"@id":"https:\/\/repliquemangacine.fr\/#website"},"primaryImageOfPage":{"@id":"https:\/\/repliquemangacine.fr\/katana-demon-slayer-metal\/katana-nichirin-forge-tanjiro\/#primaryimage"},"image":{"@id":"https:\/\/repliquemangacine.fr\/katana-demon-slayer-metal\/katana-nichirin-forge-tanjiro\/#primaryimage"},"thumbnailUrl":"https:\/\/repliquemangacine.fr\/wp-content\/uploads\/2023\/10\/forge-nichirin-tanjiro.jpg","datePublished":"2022-03-24T14:23:45+00:00","dateModified":"2026-02-05T09:18:24+00:00","description":"Buy your Katana Nichirin Forg\u00e9 Tanjiro D\u00e9mon Slayers at the best price. 1045 carbon steel blade. Leatherette handle - Length 108 cm - Shipment 24\/48h","breadcrumb":{"@id":"https:\/\/repliquemangacine.fr\/katana-demon-slayer-metal\/katana-nichirin-forge-tanjiro\/#breadcrumb"},"inLanguage":"en-US","potentialAction":[{"@type":"ReadAction","target":["https:\/\/repliquemangacine.fr\/katana-demon-slayer-metal\/katana-nichirin-forge-tanjiro\/"]}]},{"@type":"ImageObject","inLanguage":"en-US","@id":"https:\/\/repliquemangacine.fr\/katana-demon-slayer-metal\/katana-nichirin-forge-tanjiro\/#primaryimage","url":"https:\/\/repliquemangacine.fr\/wp-content\/uploads\/2023\/10\/forge-nichirin-tanjiro.jpg","contentUrl":"https:\/\/repliquemangacine.fr\/wp-content\/uploads\/2023\/10\/forge-nichirin-tanjiro.jpg","width":700,"height":700,"caption":"Katana Nichirin Forg\u00e9 Tanjiro demon slayer"},{"@type":"BreadcrumbList","@id":"https:\/\/repliquemangacine.fr\/katana-demon-slayer-metal\/katana-nichirin-forge-tanjiro\/#breadcrumb","itemListElement":[{"@type":"ListItem","position":1,"name":"Accueil","item":"https:\/\/repliquemangacine.fr\/"},{"@type":"ListItem","position":2,"name":"Produits","item":"https:\/\/repliquemangacine.fr\/boutique\/"},{"@type":"ListItem","position":3,"name":"Katana Nichirin Forg\u00e9 Tanjiro"}]},{"@type":"WebSite","@id":"https:\/\/repliquemangacine.fr\/#website","url":"https:\/\/repliquemangacine.fr\/","name":"R\u00e9plique Manga Cin\u00e9","description":"","publisher":{"@id":"https:\/\/repliquemangacine.fr\/#organization"},"potentialAction":[{"@type":"SearchAction","target":{"@type":"EntryPoint","urlTemplate":"https:\/\/repliquemangacine.fr\/?s={search_term_string}"},"query-input":{"@type":"PropertyValueSpecification","valueRequired":true,"valueName":"search_term_string"}}],"inLanguage":"en-US"},{"@type":"Organization","@id":"https:\/\/repliquemangacine.fr\/#organization","name":"R\u00e9plique Manga Cin\u00e9","url":"https:\/\/repliquemangacine.fr\/","logo":{"@type":"ImageObject","inLanguage":"en-US","@id":"https:\/\/repliquemangacine.fr\/#\/schema\/logo\/image\/","url":"https:\/\/repliquemangacine.fr\/wp-content\/uploads\/2023\/10\/RMC-500250.png","contentUrl":"https:\/\/repliquemangacine.fr\/wp-content\/uploads\/2023\/10\/RMC-500250.png","width":500,"height":250,"caption":"R\u00e9plique Manga Cin\u00e9"},"image":{"@id":"https:\/\/repliquemangacine.fr\/#\/schema\/logo\/image\/"},"sameAs":["https:\/\/www.facebook.com\/RepliqueMangaCine","https:\/\/www.instagram.com\/repliquemangacine.fr\/"]}]}},"_links":{"self":[{"href":"https:\/\/repliquemangacine.fr\/en\/wp-json\/wp\/v2\/product\/49170","targetHints":{"allow":["GET"]}}],"collection":[{"href":"https:\/\/repliquemangacine.fr\/en\/wp-json\/wp\/v2\/product"}],"about":[{"href":"https:\/\/repliquemangacine.fr\/en\/wp-json\/wp\/v2\/types\/product"}],"wp:featuredmedia":[{"embeddable":true,"href":"https:\/\/repliquemangacine.fr\/en\/wp-json\/wp\/v2\/media\/49171"}],"wp:attachment":[{"href":"https:\/\/repliquemangacine.fr\/en\/wp-json\/wp\/v2\/media?parent=49170"}],"wp:term":[{"taxonomy":"product_brand","embeddable":true,"href":"https:\/\/repliquemangacine.fr\/en\/wp-json\/wp\/v2\/product_brand?post=49170"},{"taxonomy":"product_cat","embeddable":true,"href":"https:\/\/repliquemangacine.fr\/en\/wp-json\/wp\/v2\/product_cat?post=49170"},{"taxonomy":"product_tag","embeddable":true,"href":"https:\/\/repliquemangacine.fr\/en\/wp-json\/wp\/v2\/product_tag?post=49170"}],"curies":[{"name":"wp","href":"https:\/\/api.w.org\/{rel}","templated":true}]}}