





{"id":49115,"date":"2022-03-22T14:21:09","date_gmt":"2022-03-22T13:21:09","guid":{"rendered":"https:\/\/repliquemangacine.fr\/?post_type=product&#038;p=49115"},"modified":"2025-09-23T18:02:44","modified_gmt":"2025-09-23T16:02:44","slug":"epee-ruler-fate-apocrypha-epee-de-jeanne-la-pucelle","status":"publish","type":"product","link":"https:\/\/repliquemangacine.fr\/en\/katana-et-epee-de-manga-anime-autre-manga\/epee-ruler-fate-apocrypha-epee-de-jeanne-la-pucelle\/","title":{"rendered":"Sword Ruler Fate Apocrypha"},"content":{"rendered":"<h2>Ruler sword Fate Apocrypha in the anime series.<\/h2>\n<p>To begin with, the<strong>Sword Ruler Fate Apocrypha<\/strong> is identical to the animated manga.<\/p>\n<p>Ruler is the <a href=\"https:\/\/typemoon.fandom.com\/fr\/wiki\/Servant\" target=\"_blank\" rel=\"noopener noreferrer\">Servant<\/a> Ruler class summoned during the Upper Grail War in Fate\/Apocrypha. Her true identity is that of Saint Joan of Arc (La Pucelle d'Orl\u00e9ans), the medieval French heroine who liberated Orleans from the English during the Hundred Years' War.<\/p>\n<p>Ruler possesses the body of a French girl called L\u00e6ticia, whose physical and magical characteristics are compatible with her. When she removes her glove, Command Spells can be seen engraved on her hand.<\/p>\n<p>Fate\/Apocrypha is originally a light novel written by Yuuichirou Higashide. It is also an anime manga and TV series. Fate\/Apocrypha takes place in a world parallel to that of Fate\/stay night.<\/p>\n<h2>Your Fate Apocrypha Ruler Sword at the best price.<\/h2>\n<p>We offer a wide range of Manga and video game replicas.<\/p>\n<p>First and foremost,<\/p>\n<ul>\n<li>L'<a href=\"https:\/\/repliquemangacine.fr\/en\/other-manga\/erza-fairy-tail-armor-sword\/\">armor sword<\/a> of Erza's nature in Fairy Tail.<\/li>\n<li>Next, the reproduction of the Demon Slicer <a href=\"https:\/\/repliquemangacine.fr\/en\/other-manga\/meliodas-sword-sacred-treasure-lostvayne\/\">Lostvayne<\/a> in the Seven Deadly Sins manga and anime.<\/li>\n<li>As well as the<a href=\"https:\/\/repliquemangacine.fr\/en\/other-manga\/epee-de-trunks-dragon-ball-z\/\">Trunks' sword<\/a> in Dragon Ball Z.<\/li>\n<li>And many more to discover in our online store!<\/li>\n<\/ul>\n<p>So here's a great gift idea for fans of Fate Apocrypha and Fate\/stay night.<\/p>\n<p>In conclusion, you can use<strong>Sword Ruler Fate Apocrypha<\/strong> for your Cosplay parades at conventions. But above all, it's a collector's item and a decoration.<\/p>\n<h2>How to maintain the blade of your Manga sword?<\/h2>\n<p>Collector's and decorative swords are made and assembled in a simplified way. As their use is decorative, they lack the safety features required of a Japanese sword intended for training.<\/p>\n<p>However, your <strong>Sword Ruler Fate Apocrypha<\/strong> to a steel blade that needs to be cared for to avoid damage over time. In fact, when you display your katana, your friends will be curious to see and touch the blade. This is where you need to be careful, as the acidity of your fingers is very harmful to steel, whatever its quality.<\/p>\n<p>However, if this does happen, don't panic - all you need is a cloth dampened with a little oil and a wipe of fingerprints. By doing so, you'll keep your sword looking its best for a very long time.<\/p>","protected":false},"excerpt":{"rendered":"<p>Sword of Joan of Arc in Fate Apocrypha.<\/p>\n<ul>\n<li>440 steel blade with groove, non-sharp.<\/li>\n<li>Steel guard and metal strap wrapped around the guard.<\/li>\n<li>Black wooden scabbard.<\/li>\n<li>Solid steel knob and handle.<\/li>\n<li>Blade length: 76 cm - Total length: 115 cm<\/li>\n<li>Weight: 2050 grs<\/li>\n<\/ul>\n<p><strong>\u00a0<\/strong><\/p>","protected":false},"featured_media":49116,"template":"","meta":[],"product_brand":[896],"product_cat":[65,23,101],"product_tag":[],"class_list":{"0":"post-49115","1":"product","2":"type-product","3":"status-publish","4":"has-post-thumbnail","6":"product_brand-replique-manga-cine","7":"product_cat-katana-et-epee-de-manga-anime-autre-manga","8":"product_cat-repliques-manga-jeux-video","9":"product_cat-soldes","11":"first","12":"instock","13":"sale","14":"taxable","15":"shipping-taxable","16":"purchasable","17":"product-type-simple"},"yoast_head":"<!-- This site is optimized with the Yoast SEO plugin v27.4 - https:\/\/yoast.com\/product\/yoast-seo-wordpress\/ -->\n<title>Ep\u00e9e Ruler Fate Apocrypha - Boutique en ligne - RMC<\/title>\n<meta name=\"description\" content=\"Offrez-vous l&#039;Ep\u00e9e Ruler Fate Apocrypha au meilleur prix. Lame acier avec gorge - Garde m\u00e9tal - Echelle 1\/1 - Longueur totale : 115 cm - Envoi 24\/48h\" \/>\n<meta name=\"robots\" content=\"index, follow, max-snippet:-1, max-image-preview:large, max-video-preview:-1\" \/>\n<link rel=\"canonical\" href=\"https:\/\/repliquemangacine.fr\/en\/balances\/epee-ruler-fate-apocrypha-epee-de-jeanne-la-pucelle\/\" \/>\n<meta property=\"og:locale\" content=\"en_US\" \/>\n<meta property=\"og:type\" content=\"article\" \/>\n<meta property=\"og:title\" content=\"Ep\u00e9e Ruler Fate Apocrypha - Boutique en ligne - RMC\" \/>\n<meta property=\"og:description\" content=\"Offrez-vous l&#039;Ep\u00e9e Ruler Fate Apocrypha au meilleur prix. Lame acier avec gorge - Garde m\u00e9tal - Echelle 1\/1 - Longueur totale : 115 cm - Envoi 24\/48h\" \/>\n<meta property=\"og:url\" content=\"https:\/\/repliquemangacine.fr\/en\/balances\/epee-ruler-fate-apocrypha-epee-de-jeanne-la-pucelle\/\" \/>\n<meta property=\"og:site_name\" content=\"R\u00e9plique Manga Cin\u00e9\" \/>\n<meta property=\"article:publisher\" content=\"https:\/\/www.facebook.com\/RepliqueMangaCine\" \/>\n<meta property=\"article:modified_time\" content=\"2025-09-23T16:02:44+00:00\" \/>\n<meta property=\"og:image\" content=\"https:\/\/repliquemangacine.fr\/wp-content\/uploads\/2023\/10\/zs628.jpg\" \/>\n\t<meta property=\"og:image:width\" content=\"800\" \/>\n\t<meta property=\"og:image:height\" content=\"800\" \/>\n\t<meta property=\"og:image:type\" content=\"image\/jpeg\" \/>\n<meta name=\"twitter:card\" content=\"summary_large_image\" \/>\n<meta name=\"twitter:label1\" content=\"Est. reading time\" \/>\n\t<meta name=\"twitter:data1\" content=\"2 minutes\" \/>\n<script type=\"application\/ld+json\" class=\"yoast-schema-graph\">{\"@context\":\"https:\\\/\\\/schema.org\",\"@graph\":[{\"@type\":\"WebPage\",\"@id\":\"https:\\\/\\\/repliquemangacine.fr\\\/soldes\\\/epee-ruler-fate-apocrypha-epee-de-jeanne-la-pucelle\\\/\",\"url\":\"https:\\\/\\\/repliquemangacine.fr\\\/soldes\\\/epee-ruler-fate-apocrypha-epee-de-jeanne-la-pucelle\\\/\",\"name\":\"Ep\u00e9e Ruler Fate Apocrypha - Boutique en ligne - RMC\",\"isPartOf\":{\"@id\":\"https:\\\/\\\/repliquemangacine.fr\\\/#website\"},\"primaryImageOfPage\":{\"@id\":\"https:\\\/\\\/repliquemangacine.fr\\\/soldes\\\/epee-ruler-fate-apocrypha-epee-de-jeanne-la-pucelle\\\/#primaryimage\"},\"image\":{\"@id\":\"https:\\\/\\\/repliquemangacine.fr\\\/soldes\\\/epee-ruler-fate-apocrypha-epee-de-jeanne-la-pucelle\\\/#primaryimage\"},\"thumbnailUrl\":\"https:\\\/\\\/repliquemangacine.fr\\\/wp-content\\\/uploads\\\/2023\\\/10\\\/zs628.jpg\",\"datePublished\":\"2022-03-22T13:21:09+00:00\",\"dateModified\":\"2025-09-23T16:02:44+00:00\",\"description\":\"Offrez-vous l'Ep\u00e9e Ruler Fate Apocrypha au meilleur prix. Lame acier avec gorge - Garde m\u00e9tal - Echelle 1\\\/1 - Longueur totale : 115 cm - Envoi 24\\\/48h\",\"breadcrumb\":{\"@id\":\"https:\\\/\\\/repliquemangacine.fr\\\/soldes\\\/epee-ruler-fate-apocrypha-epee-de-jeanne-la-pucelle\\\/#breadcrumb\"},\"inLanguage\":\"en-US\",\"potentialAction\":[{\"@type\":\"ReadAction\",\"target\":[\"https:\\\/\\\/repliquemangacine.fr\\\/soldes\\\/epee-ruler-fate-apocrypha-epee-de-jeanne-la-pucelle\\\/\"]}]},{\"@type\":\"ImageObject\",\"inLanguage\":\"en-US\",\"@id\":\"https:\\\/\\\/repliquemangacine.fr\\\/soldes\\\/epee-ruler-fate-apocrypha-epee-de-jeanne-la-pucelle\\\/#primaryimage\",\"url\":\"https:\\\/\\\/repliquemangacine.fr\\\/wp-content\\\/uploads\\\/2023\\\/10\\\/zs628.jpg\",\"contentUrl\":\"https:\\\/\\\/repliquemangacine.fr\\\/wp-content\\\/uploads\\\/2023\\\/10\\\/zs628.jpg\",\"width\":800,\"height\":800,\"caption\":\"Ep\u00e9e de jeanne la pucelle fate Apocrypha\"},{\"@type\":\"BreadcrumbList\",\"@id\":\"https:\\\/\\\/repliquemangacine.fr\\\/soldes\\\/epee-ruler-fate-apocrypha-epee-de-jeanne-la-pucelle\\\/#breadcrumb\",\"itemListElement\":[{\"@type\":\"ListItem\",\"position\":1,\"name\":\"Accueil\",\"item\":\"https:\\\/\\\/repliquemangacine.fr\\\/\"},{\"@type\":\"ListItem\",\"position\":2,\"name\":\"Produits\",\"item\":\"https:\\\/\\\/repliquemangacine.fr\\\/boutique\\\/\"},{\"@type\":\"ListItem\",\"position\":3,\"name\":\"Ep\u00e9e Ruler Fate Apocrypha\"}]},{\"@type\":\"WebSite\",\"@id\":\"https:\\\/\\\/repliquemangacine.fr\\\/#website\",\"url\":\"https:\\\/\\\/repliquemangacine.fr\\\/\",\"name\":\"R\u00e9plique Manga Cin\u00e9\",\"description\":\"\",\"publisher\":{\"@id\":\"https:\\\/\\\/repliquemangacine.fr\\\/#organization\"},\"potentialAction\":[{\"@type\":\"SearchAction\",\"target\":{\"@type\":\"EntryPoint\",\"urlTemplate\":\"https:\\\/\\\/repliquemangacine.fr\\\/?s={search_term_string}\"},\"query-input\":{\"@type\":\"PropertyValueSpecification\",\"valueRequired\":true,\"valueName\":\"search_term_string\"}}],\"inLanguage\":\"en-US\"},{\"@type\":\"Organization\",\"@id\":\"https:\\\/\\\/repliquemangacine.fr\\\/#organization\",\"name\":\"R\u00e9plique Manga Cin\u00e9\",\"url\":\"https:\\\/\\\/repliquemangacine.fr\\\/\",\"logo\":{\"@type\":\"ImageObject\",\"inLanguage\":\"en-US\",\"@id\":\"https:\\\/\\\/repliquemangacine.fr\\\/#\\\/schema\\\/logo\\\/image\\\/\",\"url\":\"https:\\\/\\\/repliquemangacine.fr\\\/wp-content\\\/uploads\\\/2023\\\/10\\\/RMC-500250.png\",\"contentUrl\":\"https:\\\/\\\/repliquemangacine.fr\\\/wp-content\\\/uploads\\\/2023\\\/10\\\/RMC-500250.png\",\"width\":500,\"height\":250,\"caption\":\"R\u00e9plique Manga Cin\u00e9\"},\"image\":{\"@id\":\"https:\\\/\\\/repliquemangacine.fr\\\/#\\\/schema\\\/logo\\\/image\\\/\"},\"sameAs\":[\"https:\\\/\\\/www.facebook.com\\\/RepliqueMangaCine\",\"https:\\\/\\\/www.instagram.com\\\/repliquemangacine.fr\\\/\"]}]}<\/script>\n<!-- \/ Yoast SEO plugin. -->","yoast_head_json":{"title":"Ruler Sword Fate Apocrypha - Online Shop - RMC","description":"Treat yourself to the Fate Apocrypha Ruler Sword at the best price. Steel blade with throat - Metal guard - Scale 1\/1 - Total length: 115 cm - Shipment 24\/48h","robots":{"index":"index","follow":"follow","max-snippet":"max-snippet:-1","max-image-preview":"max-image-preview:large","max-video-preview":"max-video-preview:-1"},"canonical":"https:\/\/repliquemangacine.fr\/en\/balances\/epee-ruler-fate-apocrypha-epee-de-jeanne-la-pucelle\/","og_locale":"en_US","og_type":"article","og_title":"Ep\u00e9e Ruler Fate Apocrypha - Boutique en ligne - RMC","og_description":"Offrez-vous l'Ep\u00e9e Ruler Fate Apocrypha au meilleur prix. Lame acier avec gorge - Garde m\u00e9tal - Echelle 1\/1 - Longueur totale : 115 cm - Envoi 24\/48h","og_url":"https:\/\/repliquemangacine.fr\/en\/balances\/epee-ruler-fate-apocrypha-epee-de-jeanne-la-pucelle\/","og_site_name":"R\u00e9plique Manga Cin\u00e9","article_publisher":"https:\/\/www.facebook.com\/RepliqueMangaCine","article_modified_time":"2025-09-23T16:02:44+00:00","og_image":[{"width":800,"height":800,"url":"https:\/\/repliquemangacine.fr\/wp-content\/uploads\/2023\/10\/zs628.jpg","type":"image\/jpeg"}],"twitter_card":"summary_large_image","twitter_misc":{"Est. reading time":"2 minutes"},"schema":{"@context":"https:\/\/schema.org","@graph":[{"@type":"WebPage","@id":"https:\/\/repliquemangacine.fr\/soldes\/epee-ruler-fate-apocrypha-epee-de-jeanne-la-pucelle\/","url":"https:\/\/repliquemangacine.fr\/soldes\/epee-ruler-fate-apocrypha-epee-de-jeanne-la-pucelle\/","name":"Ruler Sword Fate Apocrypha - Online Shop - RMC","isPartOf":{"@id":"https:\/\/repliquemangacine.fr\/#website"},"primaryImageOfPage":{"@id":"https:\/\/repliquemangacine.fr\/soldes\/epee-ruler-fate-apocrypha-epee-de-jeanne-la-pucelle\/#primaryimage"},"image":{"@id":"https:\/\/repliquemangacine.fr\/soldes\/epee-ruler-fate-apocrypha-epee-de-jeanne-la-pucelle\/#primaryimage"},"thumbnailUrl":"https:\/\/repliquemangacine.fr\/wp-content\/uploads\/2023\/10\/zs628.jpg","datePublished":"2022-03-22T13:21:09+00:00","dateModified":"2025-09-23T16:02:44+00:00","description":"Treat yourself to the Fate Apocrypha Ruler Sword at the best price. Steel blade with throat - Metal guard - Scale 1\/1 - Total length: 115 cm - Shipment 24\/48h","breadcrumb":{"@id":"https:\/\/repliquemangacine.fr\/soldes\/epee-ruler-fate-apocrypha-epee-de-jeanne-la-pucelle\/#breadcrumb"},"inLanguage":"en-US","potentialAction":[{"@type":"ReadAction","target":["https:\/\/repliquemangacine.fr\/soldes\/epee-ruler-fate-apocrypha-epee-de-jeanne-la-pucelle\/"]}]},{"@type":"ImageObject","inLanguage":"en-US","@id":"https:\/\/repliquemangacine.fr\/soldes\/epee-ruler-fate-apocrypha-epee-de-jeanne-la-pucelle\/#primaryimage","url":"https:\/\/repliquemangacine.fr\/wp-content\/uploads\/2023\/10\/zs628.jpg","contentUrl":"https:\/\/repliquemangacine.fr\/wp-content\/uploads\/2023\/10\/zs628.jpg","width":800,"height":800,"caption":"Ep\u00e9e de jeanne la pucelle fate Apocrypha"},{"@type":"BreadcrumbList","@id":"https:\/\/repliquemangacine.fr\/soldes\/epee-ruler-fate-apocrypha-epee-de-jeanne-la-pucelle\/#breadcrumb","itemListElement":[{"@type":"ListItem","position":1,"name":"Accueil","item":"https:\/\/repliquemangacine.fr\/"},{"@type":"ListItem","position":2,"name":"Produits","item":"https:\/\/repliquemangacine.fr\/boutique\/"},{"@type":"ListItem","position":3,"name":"Ep\u00e9e Ruler Fate Apocrypha"}]},{"@type":"WebSite","@id":"https:\/\/repliquemangacine.fr\/#website","url":"https:\/\/repliquemangacine.fr\/","name":"R\u00e9plique Manga Cin\u00e9","description":"","publisher":{"@id":"https:\/\/repliquemangacine.fr\/#organization"},"potentialAction":[{"@type":"SearchAction","target":{"@type":"EntryPoint","urlTemplate":"https:\/\/repliquemangacine.fr\/?s={search_term_string}"},"query-input":{"@type":"PropertyValueSpecification","valueRequired":true,"valueName":"search_term_string"}}],"inLanguage":"en-US"},{"@type":"Organization","@id":"https:\/\/repliquemangacine.fr\/#organization","name":"R\u00e9plique Manga Cin\u00e9","url":"https:\/\/repliquemangacine.fr\/","logo":{"@type":"ImageObject","inLanguage":"en-US","@id":"https:\/\/repliquemangacine.fr\/#\/schema\/logo\/image\/","url":"https:\/\/repliquemangacine.fr\/wp-content\/uploads\/2023\/10\/RMC-500250.png","contentUrl":"https:\/\/repliquemangacine.fr\/wp-content\/uploads\/2023\/10\/RMC-500250.png","width":500,"height":250,"caption":"R\u00e9plique Manga Cin\u00e9"},"image":{"@id":"https:\/\/repliquemangacine.fr\/#\/schema\/logo\/image\/"},"sameAs":["https:\/\/www.facebook.com\/RepliqueMangaCine","https:\/\/www.instagram.com\/repliquemangacine.fr\/"]}]}},"_links":{"self":[{"href":"https:\/\/repliquemangacine.fr\/en\/wp-json\/wp\/v2\/product\/49115","targetHints":{"allow":["GET"]}}],"collection":[{"href":"https:\/\/repliquemangacine.fr\/en\/wp-json\/wp\/v2\/product"}],"about":[{"href":"https:\/\/repliquemangacine.fr\/en\/wp-json\/wp\/v2\/types\/product"}],"wp:featuredmedia":[{"embeddable":true,"href":"https:\/\/repliquemangacine.fr\/en\/wp-json\/wp\/v2\/media\/49116"}],"wp:attachment":[{"href":"https:\/\/repliquemangacine.fr\/en\/wp-json\/wp\/v2\/media?parent=49115"}],"wp:term":[{"taxonomy":"product_brand","embeddable":true,"href":"https:\/\/repliquemangacine.fr\/en\/wp-json\/wp\/v2\/product_brand?post=49115"},{"taxonomy":"product_cat","embeddable":true,"href":"https:\/\/repliquemangacine.fr\/en\/wp-json\/wp\/v2\/product_cat?post=49115"},{"taxonomy":"product_tag","embeddable":true,"href":"https:\/\/repliquemangacine.fr\/en\/wp-json\/wp\/v2\/product_tag?post=49115"}],"curies":[{"name":"wp","href":"https:\/\/api.w.org\/{rel}","templated":true}]}}