





{"id":48728,"date":"2022-03-07T13:08:04","date_gmt":"2022-03-07T12:08:04","guid":{"rendered":"https:\/\/repliquemangacine.fr\/?post_type=product&#038;p=48728"},"modified":"2026-04-08T07:48:31","modified_gmt":"2026-04-08T05:48:31","slug":"desert-eagle-nickele-1982-denix-pistol","status":"publish","type":"product","link":"https:\/\/repliquemangacine.fr\/en\/pistolet-moderne\/pistolet-desert-eagle-nickele-1982-denix\/","title":{"rendered":"Desert Eagle Nickel-plated 1982"},"content":{"rendered":"<h2>1982 Desert Eagle Nickel-plated Pistol - Denix<\/h2>\n<p>To begin with, the <strong>Nickel-plated Desert Eagle pistol<\/strong> is a powerful, semi-automatic weapon in .357, .44 and .50 calibers.  Designed in the early 1980s in Israel, then in the USA.<\/p>\n<p>Its weight and length are almost double those of military handguns. Described more as a handgun than a pistol. It uses a gas-operated system similar to that found in many rifles and machine guns.<\/p>\n<p>The video game and film industries were quick to make him their own. He can be seen in Nikita, Matrix and Agent Smith.<\/p>\n<p>He also appears in several video games, including Resident Evil, Tom Raider3 and Counter-Strike. Meryl's favorite weapon in Metal Gear Solid.<\/p>\n<h3>We offer a wide choice of Denix weapons reproductions<\/h3>\n<p>First and foremost,<\/p>\n<ul>\n<li>The replica of the <a href=\"https:\/\/repliquemangacine.fr\/en\/the-walking-dead\/replique-revolver-python-6-usa-1955\/\">python revolver<\/a> which is Rick Grimes' main weapon in the TV series The Walking Dead.<\/li>\n<li>There is also a reproduction of the revolver <a href=\"https:\/\/repliquemangacine.fr\/en\/modern-pistol\/revolver-colt-python-357-magnum-4\/\">Colt Python 357 Magnum 4<\/a>\"barrel, USA 1955.<\/li>\n<li>As well as the pistol <a href=\"https:\/\/repliquemangacine.fr\/en\/modern-pistol\/desert-eagle-black-1982-denix-pistol\/\">Desert Eagle Black<\/a> semi-automatic, caliber 357. 44 and 50.<\/li>\n<li>And many more to discover in our online store!<\/li>\n<\/ul>\n<p>That's why this is a great gift idea for collectors and video game enthusiasts.<\/p>\n<p>In conclusion, you can use the <strong>Nickel-plated Desert Eagle pistol<\/strong> for your Cosplay parades or theme parties. But above all, it's a collector's item and a decorative object.<\/p>\n<p>R\u00e9plique Manga Cin\u00e9 is a French family business and official distributor of the brand <a href=\"https:\/\/www.denix.fr\/fr\/catalogue\/armes-modernes-1945-1982\/\" target=\"_blank\" rel=\"noopener noreferrer\">Denix<\/a>.<\/p>\n<h2>How are Denix replica weapons made?<\/h2>\n<p>Used in historical re-enactments, films, TV series and by collectors. Denix gun reproductions, made from high-quality materials. Carefully crafted and assembled to create realistic collector's weapons.<\/p>\n<p>The metals are in a metal alloy known as Zamac, whose basic composition is zinc in 95%.<br \/>\nThe plastic parts of the replicas are made of molded ABS, offering high resistance.<br \/>\nWood chosen for its beauty and durability, such as mahogany, olive or walnut, will give your butts and barrels an elegant, authentic appearance.<\/p>\n<p>Please note that all Denix reproductions are identical to the originals, like your <strong>Nickel-plated Desert Eagle pistol<\/strong>.<\/p>","protected":false},"excerpt":{"rendered":"<p>Full-size reproduction of the semi-automatic Desert Eagle pistol.<\/p>\n<ul>\n<li>Zamac frame.<\/li>\n<li>ABS stock plates with DE initial.<\/li>\n<li>Movable cylinder head.<\/li>\n<li>Removable charger.<\/li>\n<li>Guns and strikes.<\/li>\n<li>Unfit for shooting.<\/li>\n<li>No authorization required. Free sale and possession<\/li>\n<li>Dimensions: 27 cm - Weight: 1530 grams<\/li>\n<\/ul>","protected":false},"featured_media":48729,"template":"","meta":[],"product_brand":[896],"product_cat":[102,40,28],"product_tag":[],"class_list":{"0":"post-48728","1":"product","2":"type-product","3":"status-publish","4":"has-post-thumbnail","6":"product_brand-replique-manga-cine","7":"product_cat-denix","8":"product_cat-pistolet-moderne","9":"product_cat-repliques-darmes","11":"first","12":"instock","13":"sale","14":"taxable","15":"shipping-taxable","16":"purchasable","17":"product-type-simple"},"yoast_head":"<!-- This site is optimized with the Yoast SEO plugin v27.4 - https:\/\/yoast.com\/product\/yoast-seo-wordpress\/ -->\n<title>Desert Eagle Nickel\u00e9 1982 - Armes Denix - R\u00e9plique Manga Cin\u00e9<\/title>\n<meta name=\"description\" content=\"Offrez-lui ! ce superbe Desert Eagle Nickel\u00e9 au meilleur prix - En zamac - M\u00e9canisme fonctionnel - Simulation de tir - Crosse ABS - Longueur : 27 cm\" \/>\n<meta name=\"robots\" content=\"index, follow, max-snippet:-1, max-image-preview:large, max-video-preview:-1\" \/>\n<link rel=\"canonical\" href=\"https:\/\/repliquemangacine.fr\/en\/denix\/desert-eagle-nickele-1982-denix-pistol\/\" \/>\n<meta property=\"og:locale\" content=\"en_US\" \/>\n<meta property=\"og:type\" content=\"article\" \/>\n<meta property=\"og:title\" content=\"Desert Eagle Nickel\u00e9 1982 - Armes Denix - R\u00e9plique Manga Cin\u00e9\" \/>\n<meta property=\"og:description\" content=\"Offrez-lui ! ce superbe Desert Eagle Nickel\u00e9 au meilleur prix - En zamac - M\u00e9canisme fonctionnel - Simulation de tir - Crosse ABS - Longueur : 27 cm\" \/>\n<meta property=\"og:url\" content=\"https:\/\/repliquemangacine.fr\/en\/denix\/desert-eagle-nickele-1982-denix-pistol\/\" \/>\n<meta property=\"og:site_name\" content=\"R\u00e9plique Manga Cin\u00e9\" \/>\n<meta property=\"article:publisher\" content=\"https:\/\/www.facebook.com\/RepliqueMangaCine\" \/>\n<meta property=\"article:modified_time\" content=\"2026-04-08T05:48:31+00:00\" \/>\n<meta property=\"og:image\" content=\"https:\/\/repliquemangacine.fr\/wp-content\/uploads\/2023\/10\/eagle-gris.jpg\" \/>\n\t<meta property=\"og:image:width\" content=\"800\" \/>\n\t<meta property=\"og:image:height\" content=\"800\" \/>\n\t<meta property=\"og:image:type\" content=\"image\/jpeg\" \/>\n<meta name=\"twitter:card\" content=\"summary_large_image\" \/>\n<meta name=\"twitter:label1\" content=\"Est. reading time\" \/>\n\t<meta name=\"twitter:data1\" content=\"2 minutes\" \/>\n<script type=\"application\/ld+json\" class=\"yoast-schema-graph\">{\"@context\":\"https:\\\/\\\/schema.org\",\"@graph\":[{\"@type\":\"WebPage\",\"@id\":\"https:\\\/\\\/repliquemangacine.fr\\\/denix\\\/pistolet-desert-eagle-nickele-1982-denix\\\/\",\"url\":\"https:\\\/\\\/repliquemangacine.fr\\\/denix\\\/pistolet-desert-eagle-nickele-1982-denix\\\/\",\"name\":\"Desert Eagle Nickel\u00e9 1982 - Armes Denix - R\u00e9plique Manga Cin\u00e9\",\"isPartOf\":{\"@id\":\"https:\\\/\\\/repliquemangacine.fr\\\/#website\"},\"primaryImageOfPage\":{\"@id\":\"https:\\\/\\\/repliquemangacine.fr\\\/denix\\\/pistolet-desert-eagle-nickele-1982-denix\\\/#primaryimage\"},\"image\":{\"@id\":\"https:\\\/\\\/repliquemangacine.fr\\\/denix\\\/pistolet-desert-eagle-nickele-1982-denix\\\/#primaryimage\"},\"thumbnailUrl\":\"https:\\\/\\\/repliquemangacine.fr\\\/wp-content\\\/uploads\\\/2023\\\/10\\\/eagle-gris.jpg\",\"datePublished\":\"2022-03-07T12:08:04+00:00\",\"dateModified\":\"2026-04-08T05:48:31+00:00\",\"description\":\"Offrez-lui ! ce superbe Desert Eagle Nickel\u00e9 au meilleur prix - En zamac - M\u00e9canisme fonctionnel - Simulation de tir - Crosse ABS - Longueur : 27 cm\",\"breadcrumb\":{\"@id\":\"https:\\\/\\\/repliquemangacine.fr\\\/denix\\\/pistolet-desert-eagle-nickele-1982-denix\\\/#breadcrumb\"},\"inLanguage\":\"en-US\",\"potentialAction\":[{\"@type\":\"ReadAction\",\"target\":[\"https:\\\/\\\/repliquemangacine.fr\\\/denix\\\/pistolet-desert-eagle-nickele-1982-denix\\\/\"]}]},{\"@type\":\"ImageObject\",\"inLanguage\":\"en-US\",\"@id\":\"https:\\\/\\\/repliquemangacine.fr\\\/denix\\\/pistolet-desert-eagle-nickele-1982-denix\\\/#primaryimage\",\"url\":\"https:\\\/\\\/repliquemangacine.fr\\\/wp-content\\\/uploads\\\/2023\\\/10\\\/eagle-gris.jpg\",\"contentUrl\":\"https:\\\/\\\/repliquemangacine.fr\\\/wp-content\\\/uploads\\\/2023\\\/10\\\/eagle-gris.jpg\",\"width\":800,\"height\":800,\"caption\":\"r\u00e9plique desert eagle\"},{\"@type\":\"BreadcrumbList\",\"@id\":\"https:\\\/\\\/repliquemangacine.fr\\\/denix\\\/pistolet-desert-eagle-nickele-1982-denix\\\/#breadcrumb\",\"itemListElement\":[{\"@type\":\"ListItem\",\"position\":1,\"name\":\"Accueil\",\"item\":\"https:\\\/\\\/repliquemangacine.fr\\\/\"},{\"@type\":\"ListItem\",\"position\":2,\"name\":\"Produits\",\"item\":\"https:\\\/\\\/repliquemangacine.fr\\\/boutique\\\/\"},{\"@type\":\"ListItem\",\"position\":3,\"name\":\"Desert Eagle Nickel\u00e9 1982\"}]},{\"@type\":\"WebSite\",\"@id\":\"https:\\\/\\\/repliquemangacine.fr\\\/#website\",\"url\":\"https:\\\/\\\/repliquemangacine.fr\\\/\",\"name\":\"R\u00e9plique Manga Cin\u00e9\",\"description\":\"\",\"publisher\":{\"@id\":\"https:\\\/\\\/repliquemangacine.fr\\\/#organization\"},\"potentialAction\":[{\"@type\":\"SearchAction\",\"target\":{\"@type\":\"EntryPoint\",\"urlTemplate\":\"https:\\\/\\\/repliquemangacine.fr\\\/?s={search_term_string}\"},\"query-input\":{\"@type\":\"PropertyValueSpecification\",\"valueRequired\":true,\"valueName\":\"search_term_string\"}}],\"inLanguage\":\"en-US\"},{\"@type\":\"Organization\",\"@id\":\"https:\\\/\\\/repliquemangacine.fr\\\/#organization\",\"name\":\"R\u00e9plique Manga Cin\u00e9\",\"url\":\"https:\\\/\\\/repliquemangacine.fr\\\/\",\"logo\":{\"@type\":\"ImageObject\",\"inLanguage\":\"en-US\",\"@id\":\"https:\\\/\\\/repliquemangacine.fr\\\/#\\\/schema\\\/logo\\\/image\\\/\",\"url\":\"https:\\\/\\\/repliquemangacine.fr\\\/wp-content\\\/uploads\\\/2023\\\/10\\\/RMC-500250.png\",\"contentUrl\":\"https:\\\/\\\/repliquemangacine.fr\\\/wp-content\\\/uploads\\\/2023\\\/10\\\/RMC-500250.png\",\"width\":500,\"height\":250,\"caption\":\"R\u00e9plique Manga Cin\u00e9\"},\"image\":{\"@id\":\"https:\\\/\\\/repliquemangacine.fr\\\/#\\\/schema\\\/logo\\\/image\\\/\"},\"sameAs\":[\"https:\\\/\\\/www.facebook.com\\\/RepliqueMangaCine\",\"https:\\\/\\\/www.instagram.com\\\/repliquemangacine.fr\\\/\"]}]}<\/script>\n<!-- \/ Yoast SEO plugin. -->","yoast_head_json":{"title":"Desert Eagle Nickel-plated 1982 - Denix Guns - R\u00e9plique Manga Cin\u00e9","description":"Give him this superb nickel-plated Desert Eagle at the best price - In zamac - Functional mechanism - Simulated shooting - ABS stock - Length: 27 cm","robots":{"index":"index","follow":"follow","max-snippet":"max-snippet:-1","max-image-preview":"max-image-preview:large","max-video-preview":"max-video-preview:-1"},"canonical":"https:\/\/repliquemangacine.fr\/en\/denix\/desert-eagle-nickele-1982-denix-pistol\/","og_locale":"en_US","og_type":"article","og_title":"Desert Eagle Nickel\u00e9 1982 - Armes Denix - R\u00e9plique Manga Cin\u00e9","og_description":"Offrez-lui ! ce superbe Desert Eagle Nickel\u00e9 au meilleur prix - En zamac - M\u00e9canisme fonctionnel - Simulation de tir - Crosse ABS - Longueur : 27 cm","og_url":"https:\/\/repliquemangacine.fr\/en\/denix\/desert-eagle-nickele-1982-denix-pistol\/","og_site_name":"R\u00e9plique Manga Cin\u00e9","article_publisher":"https:\/\/www.facebook.com\/RepliqueMangaCine","article_modified_time":"2026-04-08T05:48:31+00:00","og_image":[{"width":800,"height":800,"url":"https:\/\/repliquemangacine.fr\/wp-content\/uploads\/2023\/10\/eagle-gris.jpg","type":"image\/jpeg"}],"twitter_card":"summary_large_image","twitter_misc":{"Est. reading time":"2 minutes"},"schema":{"@context":"https:\/\/schema.org","@graph":[{"@type":"WebPage","@id":"https:\/\/repliquemangacine.fr\/denix\/pistolet-desert-eagle-nickele-1982-denix\/","url":"https:\/\/repliquemangacine.fr\/denix\/pistolet-desert-eagle-nickele-1982-denix\/","name":"Desert Eagle Nickel-plated 1982 - Denix Guns - R\u00e9plique Manga Cin\u00e9","isPartOf":{"@id":"https:\/\/repliquemangacine.fr\/#website"},"primaryImageOfPage":{"@id":"https:\/\/repliquemangacine.fr\/denix\/pistolet-desert-eagle-nickele-1982-denix\/#primaryimage"},"image":{"@id":"https:\/\/repliquemangacine.fr\/denix\/pistolet-desert-eagle-nickele-1982-denix\/#primaryimage"},"thumbnailUrl":"https:\/\/repliquemangacine.fr\/wp-content\/uploads\/2023\/10\/eagle-gris.jpg","datePublished":"2022-03-07T12:08:04+00:00","dateModified":"2026-04-08T05:48:31+00:00","description":"Give him this superb nickel-plated Desert Eagle at the best price - In zamac - Functional mechanism - Simulated shooting - ABS stock - Length: 27 cm","breadcrumb":{"@id":"https:\/\/repliquemangacine.fr\/denix\/pistolet-desert-eagle-nickele-1982-denix\/#breadcrumb"},"inLanguage":"en-US","potentialAction":[{"@type":"ReadAction","target":["https:\/\/repliquemangacine.fr\/denix\/pistolet-desert-eagle-nickele-1982-denix\/"]}]},{"@type":"ImageObject","inLanguage":"en-US","@id":"https:\/\/repliquemangacine.fr\/denix\/pistolet-desert-eagle-nickele-1982-denix\/#primaryimage","url":"https:\/\/repliquemangacine.fr\/wp-content\/uploads\/2023\/10\/eagle-gris.jpg","contentUrl":"https:\/\/repliquemangacine.fr\/wp-content\/uploads\/2023\/10\/eagle-gris.jpg","width":800,"height":800,"caption":"r\u00e9plique desert eagle"},{"@type":"BreadcrumbList","@id":"https:\/\/repliquemangacine.fr\/denix\/pistolet-desert-eagle-nickele-1982-denix\/#breadcrumb","itemListElement":[{"@type":"ListItem","position":1,"name":"Accueil","item":"https:\/\/repliquemangacine.fr\/"},{"@type":"ListItem","position":2,"name":"Produits","item":"https:\/\/repliquemangacine.fr\/boutique\/"},{"@type":"ListItem","position":3,"name":"Desert Eagle Nickel\u00e9 1982"}]},{"@type":"WebSite","@id":"https:\/\/repliquemangacine.fr\/#website","url":"https:\/\/repliquemangacine.fr\/","name":"R\u00e9plique Manga Cin\u00e9","description":"","publisher":{"@id":"https:\/\/repliquemangacine.fr\/#organization"},"potentialAction":[{"@type":"SearchAction","target":{"@type":"EntryPoint","urlTemplate":"https:\/\/repliquemangacine.fr\/?s={search_term_string}"},"query-input":{"@type":"PropertyValueSpecification","valueRequired":true,"valueName":"search_term_string"}}],"inLanguage":"en-US"},{"@type":"Organization","@id":"https:\/\/repliquemangacine.fr\/#organization","name":"R\u00e9plique Manga Cin\u00e9","url":"https:\/\/repliquemangacine.fr\/","logo":{"@type":"ImageObject","inLanguage":"en-US","@id":"https:\/\/repliquemangacine.fr\/#\/schema\/logo\/image\/","url":"https:\/\/repliquemangacine.fr\/wp-content\/uploads\/2023\/10\/RMC-500250.png","contentUrl":"https:\/\/repliquemangacine.fr\/wp-content\/uploads\/2023\/10\/RMC-500250.png","width":500,"height":250,"caption":"R\u00e9plique Manga Cin\u00e9"},"image":{"@id":"https:\/\/repliquemangacine.fr\/#\/schema\/logo\/image\/"},"sameAs":["https:\/\/www.facebook.com\/RepliqueMangaCine","https:\/\/www.instagram.com\/repliquemangacine.fr\/"]}]}},"_links":{"self":[{"href":"https:\/\/repliquemangacine.fr\/en\/wp-json\/wp\/v2\/product\/48728","targetHints":{"allow":["GET"]}}],"collection":[{"href":"https:\/\/repliquemangacine.fr\/en\/wp-json\/wp\/v2\/product"}],"about":[{"href":"https:\/\/repliquemangacine.fr\/en\/wp-json\/wp\/v2\/types\/product"}],"wp:featuredmedia":[{"embeddable":true,"href":"https:\/\/repliquemangacine.fr\/en\/wp-json\/wp\/v2\/media\/48729"}],"wp:attachment":[{"href":"https:\/\/repliquemangacine.fr\/en\/wp-json\/wp\/v2\/media?parent=48728"}],"wp:term":[{"taxonomy":"product_brand","embeddable":true,"href":"https:\/\/repliquemangacine.fr\/en\/wp-json\/wp\/v2\/product_brand?post=48728"},{"taxonomy":"product_cat","embeddable":true,"href":"https:\/\/repliquemangacine.fr\/en\/wp-json\/wp\/v2\/product_cat?post=48728"},{"taxonomy":"product_tag","embeddable":true,"href":"https:\/\/repliquemangacine.fr\/en\/wp-json\/wp\/v2\/product_tag?post=48728"}],"curies":[{"name":"wp","href":"https:\/\/api.w.org\/{rel}","templated":true}]}}