





{"id":48660,"date":"2022-03-03T15:17:12","date_gmt":"2022-03-03T14:17:12","guid":{"rendered":"https:\/\/repliquemangacine.fr\/?post_type=product&#038;p=48660"},"modified":"2026-04-27T15:42:59","modified_gmt":"2026-04-27T13:42:59","slug":"6-dummy-bullets-for-colt-45-kolser","status":"publish","type":"product","link":"https:\/\/repliquemangacine.fr\/en\/holster-accessoires-western\/6-balles-factices-pour-colt-45-kolser\/","title":{"rendered":"Colt Kolser dummy bullets"},"content":{"rendered":"<h2>Colt Kolser dummy bullets<\/h2>\n<p>To begin with, the <strong>Colt Kolser dummy bullets<\/strong> or imitation bullet, an object that sometimes imitates real ammunition in a very realistic way. Dummy guns and bullets are usually toys or replicas for collectors. With this new presentation in a box of 6 bullets, Kolser adds a touch of elegance.<\/p>\n<p>High-quality, hand-crafted Kolser revolvers, delivered in a superb case. The bullets are made of gold-colored steel, slightly hollowed out on the butt, with a small protruding tip. Place the firecracker primer on the tip, insert the bullet into the barrel, and fire away. As soon as the dog hits the firecracker, it goes off loud and clear! Now it's your turn!<\/p>\n<p>In conclusion, dummy bullets are an essential addition to make your Colt 45 even more realistic. <a href=\"https:\/\/kolser.com\/\" target=\"_blank\" rel=\"noopener noreferrer\">Kolser<\/a>.<\/p>\n<h2>Western accessories at the best prices<\/h2>\n<p>We offer a wide selection of Kolser dummy gun reproductions.<\/p>\n<p>First and foremost,<\/p>\n<ul>\n<li>The reproduction of <a href=\"https:\/\/repliquemangacine.fr\/en\/kolser-gun\/colt-peacemaker-kolser-5-5-snake\/\">revolver pacemaker 5.5<\/a> in brass with snake-engraved stock.<\/li>\n<li>As well as the Colt 45 called the <a href=\"https:\/\/repliquemangacine.fr\/en\/kolser-gun\/colt-peacemaker-31cm-polished-1873-kolser-case\/\">30cm Polished Peacekeeper<\/a> by hand and in its box.<\/li>\n<li>There is also the <a href=\"https:\/\/repliquemangacine.fr\/en\/kolser-gun\/blister-pack-208-kolser-primers\/\">blister of firecracker primers<\/a> so you can have fun in complete safety.<\/li>\n<li>Then, if you need to maintain your replica, we offer Ballistol Universal Oil in 3 capacities. All you need to do is apply a little oil to a cloth, and wipe all parts of the replica.<\/li>\n<li>And many more models to discover in our online store!<\/li>\n<\/ul>\n<p>A great gift idea for all lovers of historic weapons.<\/p>\n<p>In conclusion, you can use these <strong>45 caliber dummy bullets<\/strong> for your re-enactments and historical settings.<\/p>\n<p>It should be noted that all its replicas are collector's items and decorations.<\/p>\n<p>R\u00e9plique Manga Cin\u00e9 is a French company and official distributor of the Denix and Kolser brands.<\/p>","protected":false},"excerpt":{"rendered":"<p>6 dummy bullets, an essential complement for even greater realism.<\/p>\n<ul>\n<li>In gilded metal.<\/li>\n<li>No explosive charge.<\/li>\n<li>Receives firecrackers with primer.<\/li>\n<li>They fit all Kolser Colt models.<\/li>\n<li>Box of 6 balls.<\/li>\n<li>Ball length: 3 cm - Diameter: 10 mm - Weight: 13 g<\/li>\n<\/ul>","protected":false},"featured_media":81706,"template":"","meta":[],"product_brand":[896],"product_cat":[51,100,34,90,28,27],"product_tag":[],"class_list":{"0":"post-48660","1":"product","2":"type-product","3":"status-publish","4":"has-post-thumbnail","6":"product_brand-replique-manga-cine","7":"product_cat-accessoires-western","8":"product_cat-arme-kolser","9":"product_cat-armes-westerns","10":"product_cat-holster-accessoires-western","11":"product_cat-repliques-darmes","12":"product_cat-armes-et-accessoires-western","14":"first","15":"instock","16":"taxable","17":"shipping-taxable","18":"purchasable","19":"product-type-simple"},"yoast_head":"<!-- This site is optimized with the Yoast SEO plugin v27.5 - https:\/\/yoast.com\/product\/yoast-seo-wordpress\/ -->\n<title>Balles Factices Colt Kolser - R\u00e9plique Manga Cin\u00e9<\/title>\n<meta name=\"description\" content=\"Vos Balles Factices Colt Kolser au meilleur prix - Tout en m\u00e9tal - Ne contiennent pas de charge explosive - Pr\u00e9vue pour recevoir des p\u00e9tards \u00e0 amorce.\" \/>\n<meta name=\"robots\" content=\"index, follow, max-snippet:-1, max-image-preview:large, max-video-preview:-1\" \/>\n<link rel=\"canonical\" href=\"https:\/\/repliquemangacine.fr\/en\/western-accessory-holster\/6-dummy-bullets-for-colt-45-kolser\/\" \/>\n<meta property=\"og:locale\" content=\"en_US\" \/>\n<meta property=\"og:type\" content=\"article\" \/>\n<meta property=\"og:title\" content=\"Balles Factices Colt Kolser - R\u00e9plique Manga Cin\u00e9\" \/>\n<meta property=\"og:description\" content=\"Vos Balles Factices Colt Kolser au meilleur prix - Tout en m\u00e9tal - Ne contiennent pas de charge explosive - Pr\u00e9vue pour recevoir des p\u00e9tards \u00e0 amorce.\" \/>\n<meta property=\"og:url\" content=\"https:\/\/repliquemangacine.fr\/en\/western-accessory-holster\/6-dummy-bullets-for-colt-45-kolser\/\" \/>\n<meta property=\"og:site_name\" content=\"R\u00e9plique Manga Cin\u00e9\" \/>\n<meta property=\"article:publisher\" content=\"https:\/\/www.facebook.com\/RepliqueMangaCine\" \/>\n<meta property=\"article:modified_time\" content=\"2026-04-27T13:42:59+00:00\" \/>\n<meta property=\"og:image\" content=\"https:\/\/repliquemangacine.fr\/wp-content\/uploads\/2022\/03\/Balles-Factices-Colt-Kolser.jpg\" \/>\n\t<meta property=\"og:image:width\" content=\"500\" \/>\n\t<meta property=\"og:image:height\" content=\"500\" \/>\n\t<meta property=\"og:image:type\" content=\"image\/jpeg\" \/>\n<meta name=\"twitter:card\" content=\"summary_large_image\" \/>\n<meta name=\"twitter:label1\" content=\"Est. reading time\" \/>\n\t<meta name=\"twitter:data1\" content=\"2 minutes\" \/>\n<script type=\"application\/ld+json\" class=\"yoast-schema-graph\">{\"@context\":\"https:\\\/\\\/schema.org\",\"@graph\":[{\"@type\":\"WebPage\",\"@id\":\"https:\\\/\\\/repliquemangacine.fr\\\/holster-accessoires-western\\\/6-balles-factices-pour-colt-45-kolser\\\/\",\"url\":\"https:\\\/\\\/repliquemangacine.fr\\\/holster-accessoires-western\\\/6-balles-factices-pour-colt-45-kolser\\\/\",\"name\":\"Balles Factices Colt Kolser - R\u00e9plique Manga Cin\u00e9\",\"isPartOf\":{\"@id\":\"https:\\\/\\\/repliquemangacine.fr\\\/#website\"},\"primaryImageOfPage\":{\"@id\":\"https:\\\/\\\/repliquemangacine.fr\\\/holster-accessoires-western\\\/6-balles-factices-pour-colt-45-kolser\\\/#primaryimage\"},\"image\":{\"@id\":\"https:\\\/\\\/repliquemangacine.fr\\\/holster-accessoires-western\\\/6-balles-factices-pour-colt-45-kolser\\\/#primaryimage\"},\"thumbnailUrl\":\"https:\\\/\\\/repliquemangacine.fr\\\/wp-content\\\/uploads\\\/2022\\\/03\\\/Balles-Factices-Colt-Kolser.jpg\",\"datePublished\":\"2022-03-03T14:17:12+00:00\",\"dateModified\":\"2026-04-27T13:42:59+00:00\",\"description\":\"Vos Balles Factices Colt Kolser au meilleur prix - Tout en m\u00e9tal - Ne contiennent pas de charge explosive - Pr\u00e9vue pour recevoir des p\u00e9tards \u00e0 amorce.\",\"breadcrumb\":{\"@id\":\"https:\\\/\\\/repliquemangacine.fr\\\/holster-accessoires-western\\\/6-balles-factices-pour-colt-45-kolser\\\/#breadcrumb\"},\"inLanguage\":\"en-US\",\"potentialAction\":[{\"@type\":\"ReadAction\",\"target\":[\"https:\\\/\\\/repliquemangacine.fr\\\/holster-accessoires-western\\\/6-balles-factices-pour-colt-45-kolser\\\/\"]}]},{\"@type\":\"ImageObject\",\"inLanguage\":\"en-US\",\"@id\":\"https:\\\/\\\/repliquemangacine.fr\\\/holster-accessoires-western\\\/6-balles-factices-pour-colt-45-kolser\\\/#primaryimage\",\"url\":\"https:\\\/\\\/repliquemangacine.fr\\\/wp-content\\\/uploads\\\/2022\\\/03\\\/Balles-Factices-Colt-Kolser.jpg\",\"contentUrl\":\"https:\\\/\\\/repliquemangacine.fr\\\/wp-content\\\/uploads\\\/2022\\\/03\\\/Balles-Factices-Colt-Kolser.jpg\",\"width\":500,\"height\":500,\"caption\":\"Balles Factices Colt Kolser\"},{\"@type\":\"BreadcrumbList\",\"@id\":\"https:\\\/\\\/repliquemangacine.fr\\\/holster-accessoires-western\\\/6-balles-factices-pour-colt-45-kolser\\\/#breadcrumb\",\"itemListElement\":[{\"@type\":\"ListItem\",\"position\":1,\"name\":\"Accueil\",\"item\":\"https:\\\/\\\/repliquemangacine.fr\\\/\"},{\"@type\":\"ListItem\",\"position\":2,\"name\":\"Produits\",\"item\":\"https:\\\/\\\/repliquemangacine.fr\\\/boutique\\\/\"},{\"@type\":\"ListItem\",\"position\":3,\"name\":\"Balles Factices Colt Kolser\"}]},{\"@type\":\"WebSite\",\"@id\":\"https:\\\/\\\/repliquemangacine.fr\\\/#website\",\"url\":\"https:\\\/\\\/repliquemangacine.fr\\\/\",\"name\":\"R\u00e9plique Manga Cin\u00e9\",\"description\":\"\",\"publisher\":{\"@id\":\"https:\\\/\\\/repliquemangacine.fr\\\/#organization\"},\"potentialAction\":[{\"@type\":\"SearchAction\",\"target\":{\"@type\":\"EntryPoint\",\"urlTemplate\":\"https:\\\/\\\/repliquemangacine.fr\\\/?s={search_term_string}\"},\"query-input\":{\"@type\":\"PropertyValueSpecification\",\"valueRequired\":true,\"valueName\":\"search_term_string\"}}],\"inLanguage\":\"en-US\"},{\"@type\":\"Organization\",\"@id\":\"https:\\\/\\\/repliquemangacine.fr\\\/#organization\",\"name\":\"R\u00e9plique Manga Cin\u00e9\",\"url\":\"https:\\\/\\\/repliquemangacine.fr\\\/\",\"logo\":{\"@type\":\"ImageObject\",\"inLanguage\":\"en-US\",\"@id\":\"https:\\\/\\\/repliquemangacine.fr\\\/#\\\/schema\\\/logo\\\/image\\\/\",\"url\":\"https:\\\/\\\/repliquemangacine.fr\\\/wp-content\\\/uploads\\\/2023\\\/10\\\/RMC-500250.png\",\"contentUrl\":\"https:\\\/\\\/repliquemangacine.fr\\\/wp-content\\\/uploads\\\/2023\\\/10\\\/RMC-500250.png\",\"width\":500,\"height\":250,\"caption\":\"R\u00e9plique Manga Cin\u00e9\"},\"image\":{\"@id\":\"https:\\\/\\\/repliquemangacine.fr\\\/#\\\/schema\\\/logo\\\/image\\\/\"},\"sameAs\":[\"https:\\\/\\\/www.facebook.com\\\/RepliqueMangaCine\",\"https:\\\/\\\/www.instagram.com\\\/repliquemangacine.fr\\\/\"]}]}<\/script>\n<!-- \/ Yoast SEO plugin. -->","yoast_head_json":{"title":"Colt Kolser Dummy Bullets - R\u00e9plique Manga Cin\u00e9","description":"Your Colt Kolser dummy bullets at the best price - All metal - Contain no explosive charge - Suitable for firecrackers with primer.","robots":{"index":"index","follow":"follow","max-snippet":"max-snippet:-1","max-image-preview":"max-image-preview:large","max-video-preview":"max-video-preview:-1"},"canonical":"https:\/\/repliquemangacine.fr\/en\/western-accessory-holster\/6-dummy-bullets-for-colt-45-kolser\/","og_locale":"en_US","og_type":"article","og_title":"Balles Factices Colt Kolser - R\u00e9plique Manga Cin\u00e9","og_description":"Vos Balles Factices Colt Kolser au meilleur prix - Tout en m\u00e9tal - Ne contiennent pas de charge explosive - Pr\u00e9vue pour recevoir des p\u00e9tards \u00e0 amorce.","og_url":"https:\/\/repliquemangacine.fr\/en\/western-accessory-holster\/6-dummy-bullets-for-colt-45-kolser\/","og_site_name":"R\u00e9plique Manga Cin\u00e9","article_publisher":"https:\/\/www.facebook.com\/RepliqueMangaCine","article_modified_time":"2026-04-27T13:42:59+00:00","og_image":[{"width":500,"height":500,"url":"https:\/\/repliquemangacine.fr\/wp-content\/uploads\/2022\/03\/Balles-Factices-Colt-Kolser.jpg","type":"image\/jpeg"}],"twitter_card":"summary_large_image","twitter_misc":{"Est. reading time":"2 minutes"},"schema":{"@context":"https:\/\/schema.org","@graph":[{"@type":"WebPage","@id":"https:\/\/repliquemangacine.fr\/holster-accessoires-western\/6-balles-factices-pour-colt-45-kolser\/","url":"https:\/\/repliquemangacine.fr\/holster-accessoires-western\/6-balles-factices-pour-colt-45-kolser\/","name":"Colt Kolser Dummy Bullets - R\u00e9plique Manga Cin\u00e9","isPartOf":{"@id":"https:\/\/repliquemangacine.fr\/#website"},"primaryImageOfPage":{"@id":"https:\/\/repliquemangacine.fr\/holster-accessoires-western\/6-balles-factices-pour-colt-45-kolser\/#primaryimage"},"image":{"@id":"https:\/\/repliquemangacine.fr\/holster-accessoires-western\/6-balles-factices-pour-colt-45-kolser\/#primaryimage"},"thumbnailUrl":"https:\/\/repliquemangacine.fr\/wp-content\/uploads\/2022\/03\/Balles-Factices-Colt-Kolser.jpg","datePublished":"2022-03-03T14:17:12+00:00","dateModified":"2026-04-27T13:42:59+00:00","description":"Your Colt Kolser dummy bullets at the best price - All metal - Contain no explosive charge - Suitable for firecrackers with primer.","breadcrumb":{"@id":"https:\/\/repliquemangacine.fr\/holster-accessoires-western\/6-balles-factices-pour-colt-45-kolser\/#breadcrumb"},"inLanguage":"en-US","potentialAction":[{"@type":"ReadAction","target":["https:\/\/repliquemangacine.fr\/holster-accessoires-western\/6-balles-factices-pour-colt-45-kolser\/"]}]},{"@type":"ImageObject","inLanguage":"en-US","@id":"https:\/\/repliquemangacine.fr\/holster-accessoires-western\/6-balles-factices-pour-colt-45-kolser\/#primaryimage","url":"https:\/\/repliquemangacine.fr\/wp-content\/uploads\/2022\/03\/Balles-Factices-Colt-Kolser.jpg","contentUrl":"https:\/\/repliquemangacine.fr\/wp-content\/uploads\/2022\/03\/Balles-Factices-Colt-Kolser.jpg","width":500,"height":500,"caption":"Balles Factices Colt Kolser"},{"@type":"BreadcrumbList","@id":"https:\/\/repliquemangacine.fr\/holster-accessoires-western\/6-balles-factices-pour-colt-45-kolser\/#breadcrumb","itemListElement":[{"@type":"ListItem","position":1,"name":"Accueil","item":"https:\/\/repliquemangacine.fr\/"},{"@type":"ListItem","position":2,"name":"Produits","item":"https:\/\/repliquemangacine.fr\/boutique\/"},{"@type":"ListItem","position":3,"name":"Balles Factices Colt Kolser"}]},{"@type":"WebSite","@id":"https:\/\/repliquemangacine.fr\/#website","url":"https:\/\/repliquemangacine.fr\/","name":"R\u00e9plique Manga Cin\u00e9","description":"","publisher":{"@id":"https:\/\/repliquemangacine.fr\/#organization"},"potentialAction":[{"@type":"SearchAction","target":{"@type":"EntryPoint","urlTemplate":"https:\/\/repliquemangacine.fr\/?s={search_term_string}"},"query-input":{"@type":"PropertyValueSpecification","valueRequired":true,"valueName":"search_term_string"}}],"inLanguage":"en-US"},{"@type":"Organization","@id":"https:\/\/repliquemangacine.fr\/#organization","name":"R\u00e9plique Manga Cin\u00e9","url":"https:\/\/repliquemangacine.fr\/","logo":{"@type":"ImageObject","inLanguage":"en-US","@id":"https:\/\/repliquemangacine.fr\/#\/schema\/logo\/image\/","url":"https:\/\/repliquemangacine.fr\/wp-content\/uploads\/2023\/10\/RMC-500250.png","contentUrl":"https:\/\/repliquemangacine.fr\/wp-content\/uploads\/2023\/10\/RMC-500250.png","width":500,"height":250,"caption":"R\u00e9plique Manga Cin\u00e9"},"image":{"@id":"https:\/\/repliquemangacine.fr\/#\/schema\/logo\/image\/"},"sameAs":["https:\/\/www.facebook.com\/RepliqueMangaCine","https:\/\/www.instagram.com\/repliquemangacine.fr\/"]}]}},"_links":{"self":[{"href":"https:\/\/repliquemangacine.fr\/en\/wp-json\/wp\/v2\/product\/48660","targetHints":{"allow":["GET"]}}],"collection":[{"href":"https:\/\/repliquemangacine.fr\/en\/wp-json\/wp\/v2\/product"}],"about":[{"href":"https:\/\/repliquemangacine.fr\/en\/wp-json\/wp\/v2\/types\/product"}],"wp:featuredmedia":[{"embeddable":true,"href":"https:\/\/repliquemangacine.fr\/en\/wp-json\/wp\/v2\/media\/81706"}],"wp:attachment":[{"href":"https:\/\/repliquemangacine.fr\/en\/wp-json\/wp\/v2\/media?parent=48660"}],"wp:term":[{"taxonomy":"product_brand","embeddable":true,"href":"https:\/\/repliquemangacine.fr\/en\/wp-json\/wp\/v2\/product_brand?post=48660"},{"taxonomy":"product_cat","embeddable":true,"href":"https:\/\/repliquemangacine.fr\/en\/wp-json\/wp\/v2\/product_cat?post=48660"},{"taxonomy":"product_tag","embeddable":true,"href":"https:\/\/repliquemangacine.fr\/en\/wp-json\/wp\/v2\/product_tag?post=48660"}],"curies":[{"name":"wp","href":"https:\/\/api.w.org\/{rel}","templated":true}]}}