





{"id":48405,"date":"2022-02-21T14:17:09","date_gmt":"2022-02-21T13:17:09","guid":{"rendered":"https:\/\/repliquemangacine.fr\/?post_type=product&#038;p=48405"},"modified":"2026-04-15T23:44:42","modified_gmt":"2026-04-15T21:44:42","slug":"6-winchester-kolser-dummy-bullets","status":"publish","type":"product","link":"https:\/\/repliquemangacine.fr\/en\/holster-accessoires-western\/6-balles-factices-winchester-kolser\/","title":{"rendered":"Winchester Kolser dummy bullets"},"content":{"rendered":"<h2>Winchester Kolser dummy bullets<\/h2>\n<p>To start with, Winchester Kolser dummy bullets, or imitation bullets, are objects that sometimes imitate real ammunition in a very realistic way. Dummy guns and bullets are usually toys or replicas for collectors.<\/p>\n<p>Kolser Winchesters are all hand-crafted and of the highest quality. Bullet ejection system on loading, for incredible realism. The number of bullets that can enter the chamber varies according to barrel size.<\/p>\n<p>The bullets are made of gold-coloured steel, slightly hollowed out on the butt, with a small protruding tip. Place the firecracker primer on this tip, slide the bullets into the chamber, and fire!<\/p>\n<p>In conclusion, dummy bullets are an essential addition to your rifle to make it even more realistic. <a href=\"https:\/\/kolser.com\/\" target=\"_blank\" rel=\"noopener noreferrer\">Kolser<\/a>.<\/p>\n<h2>Your western accessories at the best price.<\/h2>\n<p>We offer a wide selection of Kolser dummy gun reproductions.<\/p>\n<p>First and foremost,<\/p>\n<ul>\n<li>Joss Randall's Winchester in \"In the Name of the Law\", the <a href=\"https:\/\/repliquemangacine.fr\/en\/kolser-gun\/mares-leg-55cm-grey-kolser\/\">Mare's Leg<\/a> with its sawed-off barrel.<\/li>\n<li>As well as the <a href=\"https:\/\/repliquemangacine.fr\/en\/kolser-gun\/winchester-108cm-grey-kolser\/\">Winchester rifle 1892<\/a> 108cm bale ejection system.<\/li>\n<li>There is also the <a href=\"https:\/\/repliquemangacine.fr\/en\/holster-accessories\/bullet-holder-for-winchester-kolser\/\">leather ball holder<\/a> so you can have fun without worrying about balls.<\/li>\n<li>And many more to discover in our online store!<\/li>\n<\/ul>\n<p>A great gift idea for all lovers of historic weapons.<\/p>\n<p>In conclusion, you can use these Winchester Kolser dummy bullets for your re-enactments and historical settings. But above all, this weapon is a collector's item and a decoration.<\/p>\n<p>R\u00e9plique Manga Cin\u00e9 is a French company and official distributor of the Kolser and Denix brands.<\/p>","protected":false},"excerpt":{"rendered":"<p>Dummy bullets for Kolser rifles.<\/p>\n<ul>\n<li>In gold-plated metal with grey tip.<\/li>\n<li>No explosive charge.<\/li>\n<li>Suitable for firecrackers with primer.<\/li>\n<li>Fits Kolser winchesters with bale ejection system.<\/li>\n<li>Box of 6 balls.<\/li>\n<li>Ball length: 4 cm - Diameter: 12 mm - Weight: 23 g<\/li>\n<\/ul>","protected":false},"featured_media":85565,"template":"","meta":[],"product_brand":[896],"product_cat":[51,100,90,27],"product_tag":[],"class_list":{"0":"post-48405","1":"product","2":"type-product","3":"status-publish","4":"has-post-thumbnail","6":"product_brand-replique-manga-cine","7":"product_cat-accessoires-western","8":"product_cat-arme-kolser","9":"product_cat-holster-accessoires-western","10":"product_cat-armes-et-accessoires-western","12":"first","13":"instock","14":"taxable","15":"shipping-taxable","16":"purchasable","17":"product-type-simple"},"yoast_head":"<!-- This site is optimized with the Yoast SEO plugin v27.5 - https:\/\/yoast.com\/product\/yoast-seo-wordpress\/ -->\n<title>Balles Factices Winchester Kolser - R\u00e9plique Manga Cin\u00e9<\/title>\n<meta name=\"description\" content=\"Pour plus de r\u00e9alisme, commandez vite ! vos Balles Factices Winchester Kolser au meilleur prix - Syst\u00e8me d&#039;amorce pour que \u00e7a p\u00e9tarade - Tout en m\u00e9tal\" \/>\n<meta name=\"robots\" content=\"index, follow, max-snippet:-1, max-image-preview:large, max-video-preview:-1\" \/>\n<link rel=\"canonical\" href=\"https:\/\/repliquemangacine.fr\/en\/kolser-gun\/6-winchester-kolser-dummy-bullets\/\" \/>\n<meta property=\"og:locale\" content=\"en_US\" \/>\n<meta property=\"og:type\" content=\"article\" \/>\n<meta property=\"og:title\" content=\"Balles Factices Winchester Kolser - R\u00e9plique Manga Cin\u00e9\" \/>\n<meta property=\"og:description\" content=\"Pour plus de r\u00e9alisme, commandez vite ! vos Balles Factices Winchester Kolser au meilleur prix - Syst\u00e8me d&#039;amorce pour que \u00e7a p\u00e9tarade - Tout en m\u00e9tal\" \/>\n<meta property=\"og:url\" content=\"https:\/\/repliquemangacine.fr\/en\/kolser-gun\/6-winchester-kolser-dummy-bullets\/\" \/>\n<meta property=\"og:site_name\" content=\"R\u00e9plique Manga Cin\u00e9\" \/>\n<meta property=\"article:publisher\" content=\"https:\/\/www.facebook.com\/RepliqueMangaCine\" \/>\n<meta property=\"article:modified_time\" content=\"2026-04-15T21:44:42+00:00\" \/>\n<meta property=\"og:image\" content=\"https:\/\/repliquemangacine.fr\/wp-content\/uploads\/2022\/02\/balles-fusil-kolser.jpg\" \/>\n\t<meta property=\"og:image:width\" content=\"800\" \/>\n\t<meta property=\"og:image:height\" content=\"800\" \/>\n\t<meta property=\"og:image:type\" content=\"image\/jpeg\" \/>\n<meta name=\"twitter:card\" content=\"summary_large_image\" \/>\n<meta name=\"twitter:label1\" content=\"Est. reading time\" \/>\n\t<meta name=\"twitter:data1\" content=\"2 minutes\" \/>\n<script type=\"application\/ld+json\" class=\"yoast-schema-graph\">{\"@context\":\"https:\\\/\\\/schema.org\",\"@graph\":[{\"@type\":\"WebPage\",\"@id\":\"https:\\\/\\\/repliquemangacine.fr\\\/de\\\/kolser-waffe\\\/6-attrappenkugeln-winchester-kolser\\\/\",\"url\":\"https:\\\/\\\/repliquemangacine.fr\\\/de\\\/kolser-waffe\\\/6-attrappenkugeln-winchester-kolser\\\/\",\"name\":\"Balles Factices Winchester Kolser - R\u00e9plique Manga Cin\u00e9\",\"isPartOf\":{\"@id\":\"https:\\\/\\\/repliquemangacine.fr\\\/#website\"},\"primaryImageOfPage\":{\"@id\":\"https:\\\/\\\/repliquemangacine.fr\\\/de\\\/kolser-waffe\\\/6-attrappenkugeln-winchester-kolser\\\/#primaryimage\"},\"image\":{\"@id\":\"https:\\\/\\\/repliquemangacine.fr\\\/de\\\/kolser-waffe\\\/6-attrappenkugeln-winchester-kolser\\\/#primaryimage\"},\"thumbnailUrl\":\"https:\\\/\\\/repliquemangacine.fr\\\/wp-content\\\/uploads\\\/2022\\\/02\\\/balles-fusil-kolser.jpg\",\"datePublished\":\"2022-02-21T13:17:09+00:00\",\"dateModified\":\"2026-04-15T21:44:42+00:00\",\"description\":\"Pour plus de r\u00e9alisme, commandez vite ! vos Balles Factices Winchester Kolser au meilleur prix - Syst\u00e8me d'amorce pour que \u00e7a p\u00e9tarade - Tout en m\u00e9tal\",\"breadcrumb\":{\"@id\":\"https:\\\/\\\/repliquemangacine.fr\\\/de\\\/kolser-waffe\\\/6-attrappenkugeln-winchester-kolser\\\/#breadcrumb\"},\"inLanguage\":\"en-US\",\"potentialAction\":[{\"@type\":\"ReadAction\",\"target\":[\"https:\\\/\\\/repliquemangacine.fr\\\/de\\\/kolser-waffe\\\/6-attrappenkugeln-winchester-kolser\\\/\"]}]},{\"@type\":\"ImageObject\",\"inLanguage\":\"en-US\",\"@id\":\"https:\\\/\\\/repliquemangacine.fr\\\/de\\\/kolser-waffe\\\/6-attrappenkugeln-winchester-kolser\\\/#primaryimage\",\"url\":\"https:\\\/\\\/repliquemangacine.fr\\\/wp-content\\\/uploads\\\/2022\\\/02\\\/balles-fusil-kolser.jpg\",\"contentUrl\":\"https:\\\/\\\/repliquemangacine.fr\\\/wp-content\\\/uploads\\\/2022\\\/02\\\/balles-fusil-kolser.jpg\",\"width\":800,\"height\":800,\"caption\":\"Balles Factices Winchester Kolser\"},{\"@type\":\"BreadcrumbList\",\"@id\":\"https:\\\/\\\/repliquemangacine.fr\\\/de\\\/kolser-waffe\\\/6-attrappenkugeln-winchester-kolser\\\/#breadcrumb\",\"itemListElement\":[{\"@type\":\"ListItem\",\"position\":1,\"name\":\"Accueil\",\"item\":\"https:\\\/\\\/repliquemangacine.fr\\\/\"},{\"@type\":\"ListItem\",\"position\":2,\"name\":\"Produits\",\"item\":\"https:\\\/\\\/repliquemangacine.fr\\\/boutique\\\/\"},{\"@type\":\"ListItem\",\"position\":3,\"name\":\"Balles Factices Winchester Kolser\"}]},{\"@type\":\"WebSite\",\"@id\":\"https:\\\/\\\/repliquemangacine.fr\\\/#website\",\"url\":\"https:\\\/\\\/repliquemangacine.fr\\\/\",\"name\":\"R\u00e9plique Manga Cin\u00e9\",\"description\":\"\",\"publisher\":{\"@id\":\"https:\\\/\\\/repliquemangacine.fr\\\/#organization\"},\"potentialAction\":[{\"@type\":\"SearchAction\",\"target\":{\"@type\":\"EntryPoint\",\"urlTemplate\":\"https:\\\/\\\/repliquemangacine.fr\\\/?s={search_term_string}\"},\"query-input\":{\"@type\":\"PropertyValueSpecification\",\"valueRequired\":true,\"valueName\":\"search_term_string\"}}],\"inLanguage\":\"en-US\"},{\"@type\":\"Organization\",\"@id\":\"https:\\\/\\\/repliquemangacine.fr\\\/#organization\",\"name\":\"R\u00e9plique Manga Cin\u00e9\",\"url\":\"https:\\\/\\\/repliquemangacine.fr\\\/\",\"logo\":{\"@type\":\"ImageObject\",\"inLanguage\":\"en-US\",\"@id\":\"https:\\\/\\\/repliquemangacine.fr\\\/#\\\/schema\\\/logo\\\/image\\\/\",\"url\":\"https:\\\/\\\/repliquemangacine.fr\\\/wp-content\\\/uploads\\\/2023\\\/10\\\/RMC-500250.png\",\"contentUrl\":\"https:\\\/\\\/repliquemangacine.fr\\\/wp-content\\\/uploads\\\/2023\\\/10\\\/RMC-500250.png\",\"width\":500,\"height\":250,\"caption\":\"R\u00e9plique Manga Cin\u00e9\"},\"image\":{\"@id\":\"https:\\\/\\\/repliquemangacine.fr\\\/#\\\/schema\\\/logo\\\/image\\\/\"},\"sameAs\":[\"https:\\\/\\\/www.facebook.com\\\/RepliqueMangaCine\",\"https:\\\/\\\/www.instagram.com\\\/repliquemangacine.fr\\\/\"]}]}<\/script>\n<!-- \/ Yoast SEO plugin. -->","yoast_head_json":{"title":"Winchester Kolser Dummy Bullets - R\u00e9plique Manga Cin\u00e9","description":"For even more realism, order your Winchester Kolser dummy bullets now at the best price - Firing system to make it go off - All metal","robots":{"index":"index","follow":"follow","max-snippet":"max-snippet:-1","max-image-preview":"max-image-preview:large","max-video-preview":"max-video-preview:-1"},"canonical":"https:\/\/repliquemangacine.fr\/en\/kolser-gun\/6-winchester-kolser-dummy-bullets\/","og_locale":"en_US","og_type":"article","og_title":"Balles Factices Winchester Kolser - R\u00e9plique Manga Cin\u00e9","og_description":"Pour plus de r\u00e9alisme, commandez vite ! vos Balles Factices Winchester Kolser au meilleur prix - Syst\u00e8me d'amorce pour que \u00e7a p\u00e9tarade - Tout en m\u00e9tal","og_url":"https:\/\/repliquemangacine.fr\/en\/kolser-gun\/6-winchester-kolser-dummy-bullets\/","og_site_name":"R\u00e9plique Manga Cin\u00e9","article_publisher":"https:\/\/www.facebook.com\/RepliqueMangaCine","article_modified_time":"2026-04-15T21:44:42+00:00","og_image":[{"width":800,"height":800,"url":"https:\/\/repliquemangacine.fr\/wp-content\/uploads\/2022\/02\/balles-fusil-kolser.jpg","type":"image\/jpeg"}],"twitter_card":"summary_large_image","twitter_misc":{"Est. reading time":"2 minutes"},"schema":{"@context":"https:\/\/schema.org","@graph":[{"@type":"WebPage","@id":"https:\/\/repliquemangacine.fr\/de\/kolser-waffe\/6-attrappenkugeln-winchester-kolser\/","url":"https:\/\/repliquemangacine.fr\/de\/kolser-waffe\/6-attrappenkugeln-winchester-kolser\/","name":"Winchester Kolser Dummy Bullets - R\u00e9plique Manga Cin\u00e9","isPartOf":{"@id":"https:\/\/repliquemangacine.fr\/#website"},"primaryImageOfPage":{"@id":"https:\/\/repliquemangacine.fr\/de\/kolser-waffe\/6-attrappenkugeln-winchester-kolser\/#primaryimage"},"image":{"@id":"https:\/\/repliquemangacine.fr\/de\/kolser-waffe\/6-attrappenkugeln-winchester-kolser\/#primaryimage"},"thumbnailUrl":"https:\/\/repliquemangacine.fr\/wp-content\/uploads\/2022\/02\/balles-fusil-kolser.jpg","datePublished":"2022-02-21T13:17:09+00:00","dateModified":"2026-04-15T21:44:42+00:00","description":"For even more realism, order your Winchester Kolser dummy bullets now at the best price - Firing system to make it go off - All metal","breadcrumb":{"@id":"https:\/\/repliquemangacine.fr\/de\/kolser-waffe\/6-attrappenkugeln-winchester-kolser\/#breadcrumb"},"inLanguage":"en-US","potentialAction":[{"@type":"ReadAction","target":["https:\/\/repliquemangacine.fr\/de\/kolser-waffe\/6-attrappenkugeln-winchester-kolser\/"]}]},{"@type":"ImageObject","inLanguage":"en-US","@id":"https:\/\/repliquemangacine.fr\/de\/kolser-waffe\/6-attrappenkugeln-winchester-kolser\/#primaryimage","url":"https:\/\/repliquemangacine.fr\/wp-content\/uploads\/2022\/02\/balles-fusil-kolser.jpg","contentUrl":"https:\/\/repliquemangacine.fr\/wp-content\/uploads\/2022\/02\/balles-fusil-kolser.jpg","width":800,"height":800,"caption":"Balles Factices Winchester Kolser"},{"@type":"BreadcrumbList","@id":"https:\/\/repliquemangacine.fr\/de\/kolser-waffe\/6-attrappenkugeln-winchester-kolser\/#breadcrumb","itemListElement":[{"@type":"ListItem","position":1,"name":"Accueil","item":"https:\/\/repliquemangacine.fr\/"},{"@type":"ListItem","position":2,"name":"Produits","item":"https:\/\/repliquemangacine.fr\/boutique\/"},{"@type":"ListItem","position":3,"name":"Balles Factices Winchester Kolser"}]},{"@type":"WebSite","@id":"https:\/\/repliquemangacine.fr\/#website","url":"https:\/\/repliquemangacine.fr\/","name":"R\u00e9plique Manga Cin\u00e9","description":"","publisher":{"@id":"https:\/\/repliquemangacine.fr\/#organization"},"potentialAction":[{"@type":"SearchAction","target":{"@type":"EntryPoint","urlTemplate":"https:\/\/repliquemangacine.fr\/?s={search_term_string}"},"query-input":{"@type":"PropertyValueSpecification","valueRequired":true,"valueName":"search_term_string"}}],"inLanguage":"en-US"},{"@type":"Organization","@id":"https:\/\/repliquemangacine.fr\/#organization","name":"R\u00e9plique Manga Cin\u00e9","url":"https:\/\/repliquemangacine.fr\/","logo":{"@type":"ImageObject","inLanguage":"en-US","@id":"https:\/\/repliquemangacine.fr\/#\/schema\/logo\/image\/","url":"https:\/\/repliquemangacine.fr\/wp-content\/uploads\/2023\/10\/RMC-500250.png","contentUrl":"https:\/\/repliquemangacine.fr\/wp-content\/uploads\/2023\/10\/RMC-500250.png","width":500,"height":250,"caption":"R\u00e9plique Manga Cin\u00e9"},"image":{"@id":"https:\/\/repliquemangacine.fr\/#\/schema\/logo\/image\/"},"sameAs":["https:\/\/www.facebook.com\/RepliqueMangaCine","https:\/\/www.instagram.com\/repliquemangacine.fr\/"]}]}},"_links":{"self":[{"href":"https:\/\/repliquemangacine.fr\/en\/wp-json\/wp\/v2\/product\/48405","targetHints":{"allow":["GET"]}}],"collection":[{"href":"https:\/\/repliquemangacine.fr\/en\/wp-json\/wp\/v2\/product"}],"about":[{"href":"https:\/\/repliquemangacine.fr\/en\/wp-json\/wp\/v2\/types\/product"}],"wp:featuredmedia":[{"embeddable":true,"href":"https:\/\/repliquemangacine.fr\/en\/wp-json\/wp\/v2\/media\/85565"}],"wp:attachment":[{"href":"https:\/\/repliquemangacine.fr\/en\/wp-json\/wp\/v2\/media?parent=48405"}],"wp:term":[{"taxonomy":"product_brand","embeddable":true,"href":"https:\/\/repliquemangacine.fr\/en\/wp-json\/wp\/v2\/product_brand?post=48405"},{"taxonomy":"product_cat","embeddable":true,"href":"https:\/\/repliquemangacine.fr\/en\/wp-json\/wp\/v2\/product_cat?post=48405"},{"taxonomy":"product_tag","embeddable":true,"href":"https:\/\/repliquemangacine.fr\/en\/wp-json\/wp\/v2\/product_tag?post=48405"}],"curies":[{"name":"wp","href":"https:\/\/api.w.org\/{rel}","templated":true}]}}