





{"id":48396,"date":"2022-02-21T12:45:28","date_gmt":"2022-02-21T11:45:28","guid":{"rendered":"https:\/\/repliquemangacine.fr\/?post_type=product&#038;p=48396"},"modified":"2026-02-02T15:19:09","modified_gmt":"2026-02-02T14:19:09","slug":"leather-belt-holster-for-kolser-pistol","status":"publish","type":"product","link":"https:\/\/repliquemangacine.fr\/en\/holster-accessoires-western\/holster-cuir-ceinturon-pour-pistolet-kolser\/","title":{"rendered":"Kolser leather holster"},"content":{"rendered":"<h2>Kolser leather holster<\/h2>\n<p>To begin with, the<strong>Leather holster <a href=\"https:\/\/kolser.com\/\" target=\"_blank\" rel=\"noopener noreferrer\">Kolser<\/a><\/strong> allows its holder to always have his weapon at hand, and to extract it quickly. Popularized in Western films and famous dueling scenes. The extraction of the pistol in some films is quite spectacular, and we witness some technical feats to put it back.<\/p>\n<p>This 1 place belt from Kolser. Made of genuine leather, it will receive your replica pistol to give your outfits, historical re-enactments, collections, movie accessories, western outfits... the most authentic look. Delivered with 14 dummy bullets for Colt 45, for even more authenticity.<\/p>\n<p>Thanks to this accessory for colt or pistol. Relive mythical movie scenes, enhance your Western outfits and embellish your collection. Sober and elegant, this belt with its dummy bullets keeps all its promises.<\/p>\n<h2>Your Westerns accessories at the best price.<\/h2>\n<p>We offer a wide selection of small Western accessories to complete your costume.<\/p>\n<p>First and foremost,<\/p>\n<ul>\n<li>You need our <a href=\"https:\/\/repliquemangacine.fr\/en\/kolser-gun\/replique-colt-45-4-75-pouces-1873-kolser\/\">set colt 45 4.75 inch 1873 kolser<\/a> to put it on your belt.<\/li>\n<li>As well as the <a href=\"https:\/\/repliquemangacine.fr\/en\/kolser-gun\/coffret-colt-45-saa-31cm-poli-1873-kolser\/\">set Colt 45 SAA 31cm polished 1873<\/a> hand-polished.<\/li>\n<li>There are also dummy bullets to fill your holster for the perfect illusion.<\/li>\n<li>And many more to discover in our online store!<\/li>\n<\/ul>\n<p>A great gift idea for all western lovers.<\/p>\n<p>In conclusion, you can use this Kolser leather holster for your country-western performances or theme parties.<\/p>\n<p>R\u00e9plique Manga Cin\u00e9, French Kolser dealer in France.<\/p>","protected":false},"excerpt":{"rendered":"<p>Superb, high-quality 1-seat holster<\/p>\n<ul>\n<li>All in supple genuine leather.<\/li>\n<li>Entirely hand-made and riveted.<\/li>\n<li>Antique steel buckle.<\/li>\n<li>Cartridge belt.<\/li>\n<li>Thigh support strap.<\/li>\n<li>Supplied with special Kolser dummy bullets.<\/li>\n<li>Total length from last hole to buckle: 113 cm<\/li>\n<\/ul>","protected":false},"featured_media":48397,"template":"","meta":[],"product_brand":[896],"product_cat":[100,45,90,27],"product_tag":[],"class_list":{"0":"post-48396","1":"product","2":"type-product","3":"status-publish","4":"has-post-thumbnail","6":"product_brand-replique-manga-cine","7":"product_cat-arme-kolser","8":"product_cat-holster-western-ceinturon","9":"product_cat-holster-accessoires-western","10":"product_cat-armes-et-accessoires-western","12":"first","13":"outofstock","14":"taxable","15":"shipping-taxable","16":"purchasable","17":"product-type-simple"},"yoast_head":"<!-- This site is optimized with the Yoast SEO plugin v27.5 - https:\/\/yoast.com\/product\/yoast-seo-wordpress\/ -->\n<title>Holster cuir Kolser - Ceinturon western - R\u00e9plique Manga Cin\u00e9<\/title>\n<meta name=\"description\" content=\"Soyez pr\u00eat pour votre duel avec ce superbe Holster cuir Kolser au meilleur prix - En cuir v\u00e9ritable souple - Livr\u00e9e avec ses 14 balles factices - 113 cm\" \/>\n<meta name=\"robots\" content=\"index, follow, max-snippet:-1, max-image-preview:large, max-video-preview:-1\" \/>\n<link rel=\"canonical\" href=\"https:\/\/repliquemangacine.fr\/en\/kolser-gun\/leather-belt-holster-for-kolser-pistol\/\" \/>\n<meta property=\"og:locale\" content=\"en_US\" \/>\n<meta property=\"og:type\" content=\"article\" \/>\n<meta property=\"og:title\" content=\"Holster cuir Kolser - Ceinturon western - R\u00e9plique Manga Cin\u00e9\" \/>\n<meta property=\"og:description\" content=\"Soyez pr\u00eat pour votre duel avec ce superbe Holster cuir Kolser au meilleur prix - En cuir v\u00e9ritable souple - Livr\u00e9e avec ses 14 balles factices - 113 cm\" \/>\n<meta property=\"og:url\" content=\"https:\/\/repliquemangacine.fr\/en\/kolser-gun\/leather-belt-holster-for-kolser-pistol\/\" \/>\n<meta property=\"og:site_name\" content=\"R\u00e9plique Manga Cin\u00e9\" \/>\n<meta property=\"article:publisher\" content=\"https:\/\/www.facebook.com\/RepliqueMangaCine\" \/>\n<meta property=\"article:modified_time\" content=\"2026-02-02T14:19:09+00:00\" \/>\n<meta property=\"og:image\" content=\"https:\/\/repliquemangacine.fr\/wp-content\/uploads\/2023\/10\/65548213-A847-4479-B41D-13476B498689.png\" \/>\n\t<meta property=\"og:image:width\" content=\"500\" \/>\n\t<meta property=\"og:image:height\" content=\"500\" \/>\n\t<meta property=\"og:image:type\" content=\"image\/png\" \/>\n<meta name=\"twitter:card\" content=\"summary_large_image\" \/>\n<meta name=\"twitter:label1\" content=\"Est. reading time\" \/>\n\t<meta name=\"twitter:data1\" content=\"1 minute\" \/>\n<script type=\"application\/ld+json\" class=\"yoast-schema-graph\">{\"@context\":\"https:\\\/\\\/schema.org\",\"@graph\":[{\"@type\":\"WebPage\",\"@id\":\"https:\\\/\\\/repliquemangacine.fr\\\/arme-kolser\\\/holster-cuir-ceinturon-pour-pistolet-kolser\\\/\",\"url\":\"https:\\\/\\\/repliquemangacine.fr\\\/arme-kolser\\\/holster-cuir-ceinturon-pour-pistolet-kolser\\\/\",\"name\":\"Holster cuir Kolser - Ceinturon western - R\u00e9plique Manga Cin\u00e9\",\"isPartOf\":{\"@id\":\"https:\\\/\\\/repliquemangacine.fr\\\/#website\"},\"primaryImageOfPage\":{\"@id\":\"https:\\\/\\\/repliquemangacine.fr\\\/arme-kolser\\\/holster-cuir-ceinturon-pour-pistolet-kolser\\\/#primaryimage\"},\"image\":{\"@id\":\"https:\\\/\\\/repliquemangacine.fr\\\/arme-kolser\\\/holster-cuir-ceinturon-pour-pistolet-kolser\\\/#primaryimage\"},\"thumbnailUrl\":\"https:\\\/\\\/repliquemangacine.fr\\\/wp-content\\\/uploads\\\/2023\\\/10\\\/65548213-A847-4479-B41D-13476B498689.png\",\"datePublished\":\"2022-02-21T11:45:28+00:00\",\"dateModified\":\"2026-02-02T14:19:09+00:00\",\"description\":\"Soyez pr\u00eat pour votre duel avec ce superbe Holster cuir Kolser au meilleur prix - En cuir v\u00e9ritable souple - Livr\u00e9e avec ses 14 balles factices - 113 cm\",\"breadcrumb\":{\"@id\":\"https:\\\/\\\/repliquemangacine.fr\\\/arme-kolser\\\/holster-cuir-ceinturon-pour-pistolet-kolser\\\/#breadcrumb\"},\"inLanguage\":\"en-US\",\"potentialAction\":[{\"@type\":\"ReadAction\",\"target\":[\"https:\\\/\\\/repliquemangacine.fr\\\/arme-kolser\\\/holster-cuir-ceinturon-pour-pistolet-kolser\\\/\"]}]},{\"@type\":\"ImageObject\",\"inLanguage\":\"en-US\",\"@id\":\"https:\\\/\\\/repliquemangacine.fr\\\/arme-kolser\\\/holster-cuir-ceinturon-pour-pistolet-kolser\\\/#primaryimage\",\"url\":\"https:\\\/\\\/repliquemangacine.fr\\\/wp-content\\\/uploads\\\/2023\\\/10\\\/65548213-A847-4479-B41D-13476B498689.png\",\"contentUrl\":\"https:\\\/\\\/repliquemangacine.fr\\\/wp-content\\\/uploads\\\/2023\\\/10\\\/65548213-A847-4479-B41D-13476B498689.png\",\"width\":500,\"height\":500,\"caption\":\"Holster kolser\"},{\"@type\":\"BreadcrumbList\",\"@id\":\"https:\\\/\\\/repliquemangacine.fr\\\/arme-kolser\\\/holster-cuir-ceinturon-pour-pistolet-kolser\\\/#breadcrumb\",\"itemListElement\":[{\"@type\":\"ListItem\",\"position\":1,\"name\":\"Accueil\",\"item\":\"https:\\\/\\\/repliquemangacine.fr\\\/\"},{\"@type\":\"ListItem\",\"position\":2,\"name\":\"Produits\",\"item\":\"https:\\\/\\\/repliquemangacine.fr\\\/boutique\\\/\"},{\"@type\":\"ListItem\",\"position\":3,\"name\":\"Holster cuir Kolser\"}]},{\"@type\":\"WebSite\",\"@id\":\"https:\\\/\\\/repliquemangacine.fr\\\/#website\",\"url\":\"https:\\\/\\\/repliquemangacine.fr\\\/\",\"name\":\"R\u00e9plique Manga Cin\u00e9\",\"description\":\"\",\"publisher\":{\"@id\":\"https:\\\/\\\/repliquemangacine.fr\\\/#organization\"},\"potentialAction\":[{\"@type\":\"SearchAction\",\"target\":{\"@type\":\"EntryPoint\",\"urlTemplate\":\"https:\\\/\\\/repliquemangacine.fr\\\/?s={search_term_string}\"},\"query-input\":{\"@type\":\"PropertyValueSpecification\",\"valueRequired\":true,\"valueName\":\"search_term_string\"}}],\"inLanguage\":\"en-US\"},{\"@type\":\"Organization\",\"@id\":\"https:\\\/\\\/repliquemangacine.fr\\\/#organization\",\"name\":\"R\u00e9plique Manga Cin\u00e9\",\"url\":\"https:\\\/\\\/repliquemangacine.fr\\\/\",\"logo\":{\"@type\":\"ImageObject\",\"inLanguage\":\"en-US\",\"@id\":\"https:\\\/\\\/repliquemangacine.fr\\\/#\\\/schema\\\/logo\\\/image\\\/\",\"url\":\"https:\\\/\\\/repliquemangacine.fr\\\/wp-content\\\/uploads\\\/2023\\\/10\\\/RMC-500250.png\",\"contentUrl\":\"https:\\\/\\\/repliquemangacine.fr\\\/wp-content\\\/uploads\\\/2023\\\/10\\\/RMC-500250.png\",\"width\":500,\"height\":250,\"caption\":\"R\u00e9plique Manga Cin\u00e9\"},\"image\":{\"@id\":\"https:\\\/\\\/repliquemangacine.fr\\\/#\\\/schema\\\/logo\\\/image\\\/\"},\"sameAs\":[\"https:\\\/\\\/www.facebook.com\\\/RepliqueMangaCine\",\"https:\\\/\\\/www.instagram.com\\\/repliquemangacine.fr\\\/\"]}]}<\/script>\n<!-- \/ Yoast SEO plugin. -->","yoast_head_json":{"title":"Kolser leather holster - Western belt - R\u00e9plique Manga Cin\u00e9","description":"Get ready for your duel with this superb Kolser leather holster at the best price - In soft genuine leather - Supplied with 14 dummy bullets - 113 cm","robots":{"index":"index","follow":"follow","max-snippet":"max-snippet:-1","max-image-preview":"max-image-preview:large","max-video-preview":"max-video-preview:-1"},"canonical":"https:\/\/repliquemangacine.fr\/en\/kolser-gun\/leather-belt-holster-for-kolser-pistol\/","og_locale":"en_US","og_type":"article","og_title":"Holster cuir Kolser - Ceinturon western - R\u00e9plique Manga Cin\u00e9","og_description":"Soyez pr\u00eat pour votre duel avec ce superbe Holster cuir Kolser au meilleur prix - En cuir v\u00e9ritable souple - Livr\u00e9e avec ses 14 balles factices - 113 cm","og_url":"https:\/\/repliquemangacine.fr\/en\/kolser-gun\/leather-belt-holster-for-kolser-pistol\/","og_site_name":"R\u00e9plique Manga Cin\u00e9","article_publisher":"https:\/\/www.facebook.com\/RepliqueMangaCine","article_modified_time":"2026-02-02T14:19:09+00:00","og_image":[{"width":500,"height":500,"url":"https:\/\/repliquemangacine.fr\/wp-content\/uploads\/2023\/10\/65548213-A847-4479-B41D-13476B498689.png","type":"image\/png"}],"twitter_card":"summary_large_image","twitter_misc":{"Est. reading time":"1 minute"},"schema":{"@context":"https:\/\/schema.org","@graph":[{"@type":"WebPage","@id":"https:\/\/repliquemangacine.fr\/arme-kolser\/holster-cuir-ceinturon-pour-pistolet-kolser\/","url":"https:\/\/repliquemangacine.fr\/arme-kolser\/holster-cuir-ceinturon-pour-pistolet-kolser\/","name":"Kolser leather holster - Western belt - R\u00e9plique Manga Cin\u00e9","isPartOf":{"@id":"https:\/\/repliquemangacine.fr\/#website"},"primaryImageOfPage":{"@id":"https:\/\/repliquemangacine.fr\/arme-kolser\/holster-cuir-ceinturon-pour-pistolet-kolser\/#primaryimage"},"image":{"@id":"https:\/\/repliquemangacine.fr\/arme-kolser\/holster-cuir-ceinturon-pour-pistolet-kolser\/#primaryimage"},"thumbnailUrl":"https:\/\/repliquemangacine.fr\/wp-content\/uploads\/2023\/10\/65548213-A847-4479-B41D-13476B498689.png","datePublished":"2022-02-21T11:45:28+00:00","dateModified":"2026-02-02T14:19:09+00:00","description":"Get ready for your duel with this superb Kolser leather holster at the best price - In soft genuine leather - Supplied with 14 dummy bullets - 113 cm","breadcrumb":{"@id":"https:\/\/repliquemangacine.fr\/arme-kolser\/holster-cuir-ceinturon-pour-pistolet-kolser\/#breadcrumb"},"inLanguage":"en-US","potentialAction":[{"@type":"ReadAction","target":["https:\/\/repliquemangacine.fr\/arme-kolser\/holster-cuir-ceinturon-pour-pistolet-kolser\/"]}]},{"@type":"ImageObject","inLanguage":"en-US","@id":"https:\/\/repliquemangacine.fr\/arme-kolser\/holster-cuir-ceinturon-pour-pistolet-kolser\/#primaryimage","url":"https:\/\/repliquemangacine.fr\/wp-content\/uploads\/2023\/10\/65548213-A847-4479-B41D-13476B498689.png","contentUrl":"https:\/\/repliquemangacine.fr\/wp-content\/uploads\/2023\/10\/65548213-A847-4479-B41D-13476B498689.png","width":500,"height":500,"caption":"Holster kolser"},{"@type":"BreadcrumbList","@id":"https:\/\/repliquemangacine.fr\/arme-kolser\/holster-cuir-ceinturon-pour-pistolet-kolser\/#breadcrumb","itemListElement":[{"@type":"ListItem","position":1,"name":"Accueil","item":"https:\/\/repliquemangacine.fr\/"},{"@type":"ListItem","position":2,"name":"Produits","item":"https:\/\/repliquemangacine.fr\/boutique\/"},{"@type":"ListItem","position":3,"name":"Holster cuir Kolser"}]},{"@type":"WebSite","@id":"https:\/\/repliquemangacine.fr\/#website","url":"https:\/\/repliquemangacine.fr\/","name":"R\u00e9plique Manga Cin\u00e9","description":"","publisher":{"@id":"https:\/\/repliquemangacine.fr\/#organization"},"potentialAction":[{"@type":"SearchAction","target":{"@type":"EntryPoint","urlTemplate":"https:\/\/repliquemangacine.fr\/?s={search_term_string}"},"query-input":{"@type":"PropertyValueSpecification","valueRequired":true,"valueName":"search_term_string"}}],"inLanguage":"en-US"},{"@type":"Organization","@id":"https:\/\/repliquemangacine.fr\/#organization","name":"R\u00e9plique Manga Cin\u00e9","url":"https:\/\/repliquemangacine.fr\/","logo":{"@type":"ImageObject","inLanguage":"en-US","@id":"https:\/\/repliquemangacine.fr\/#\/schema\/logo\/image\/","url":"https:\/\/repliquemangacine.fr\/wp-content\/uploads\/2023\/10\/RMC-500250.png","contentUrl":"https:\/\/repliquemangacine.fr\/wp-content\/uploads\/2023\/10\/RMC-500250.png","width":500,"height":250,"caption":"R\u00e9plique Manga Cin\u00e9"},"image":{"@id":"https:\/\/repliquemangacine.fr\/#\/schema\/logo\/image\/"},"sameAs":["https:\/\/www.facebook.com\/RepliqueMangaCine","https:\/\/www.instagram.com\/repliquemangacine.fr\/"]}]}},"_links":{"self":[{"href":"https:\/\/repliquemangacine.fr\/en\/wp-json\/wp\/v2\/product\/48396","targetHints":{"allow":["GET"]}}],"collection":[{"href":"https:\/\/repliquemangacine.fr\/en\/wp-json\/wp\/v2\/product"}],"about":[{"href":"https:\/\/repliquemangacine.fr\/en\/wp-json\/wp\/v2\/types\/product"}],"wp:featuredmedia":[{"embeddable":true,"href":"https:\/\/repliquemangacine.fr\/en\/wp-json\/wp\/v2\/media\/48397"}],"wp:attachment":[{"href":"https:\/\/repliquemangacine.fr\/en\/wp-json\/wp\/v2\/media?parent=48396"}],"wp:term":[{"taxonomy":"product_brand","embeddable":true,"href":"https:\/\/repliquemangacine.fr\/en\/wp-json\/wp\/v2\/product_brand?post=48396"},{"taxonomy":"product_cat","embeddable":true,"href":"https:\/\/repliquemangacine.fr\/en\/wp-json\/wp\/v2\/product_cat?post=48396"},{"taxonomy":"product_tag","embeddable":true,"href":"https:\/\/repliquemangacine.fr\/en\/wp-json\/wp\/v2\/product_tag?post=48396"}],"curies":[{"name":"wp","href":"https:\/\/api.w.org\/{rel}","templated":true}]}}