





{"id":48299,"date":"2022-02-16T15:34:18","date_gmt":"2022-02-16T14:34:18","guid":{"rendered":"https:\/\/repliquemangacine.fr\/?post_type=product&#038;p=48299"},"modified":"2026-04-15T15:19:13","modified_gmt":"2026-04-15T13:19:13","slug":"kusabimaru-sekiro-shadows-die-twice","status":"publish","type":"product","link":"https:\/\/repliquemangacine.fr\/en\/katana-et-epee-de-jeux-video-autre-jeux-video\/kusabimaru-sekiro-shadows-die-twice\/","title":{"rendered":"Kusabimaru Sekiro shadows die twice"},"content":{"rendered":"<h2>Katana Kusabimaru Sekiro: Shadows Die Twice<\/h2>\n<p>To begin with, the <strong>Katana Kusabimaru Sekiro<\/strong>armed with a katana and a prosthetic arm that can be modified throughout the game. Sekiro is the protagonist of the video game.<\/p>\n<p>Sekiro is a ninja who serves a young lord from an ancient lineage. Serene and reserved, but ruthless when he completes his mission of vengeance by any means necessary to regain his honor.<\/p>\n<p>He also lost his left arm, which was replaced by a prosthesis, apparently created by the sculptor of a desolate temple, which will facilitate his \"resurrection\".<br \/>\nIn addition to his advanced ninja skills, including stealth, his prosthesis gives him other abilities that can be used in combination with his katana. <a href=\"https:\/\/sekiroshadowsdietwice.wiki.fextralife.com\/Kusabimaru\" target=\"_blank\" rel=\"noopener noreferrer\">Kusabimaru<\/a>.<\/p>\n<h2>Your Katana Kusabimaru Sekiro at the best price.<\/h2>\n<p>We offer a wide selection of video game-inspired katana, swords and sabers at low prices.<\/p>\n<p>First, you'll find :<\/p>\n<ul>\n<li>The fantastic replica of Arthas' legendary sword, the \" <a href=\"https:\/\/repliquemangacine.fr\/en\/world-of-warcraft\/frostmourne-deuillegivre-sword-lich-king-sword\/\">Frostmourne<\/a>\"in World of Warcraft.<\/li>\n<li>Then there are the Metal Gear Rising swords, including the <a href=\"https:\/\/repliquemangacine.fr\/en\/other-video-games\/epee-de-raiden-metal-gear-rising-revengeance\/\">Raiden sword<\/a>.<\/li>\n<li>There is also the famous <a href=\"https:\/\/repliquemangacine.fr\/en\/other-video-games\/kingdom-hearts-keyblade-de-sora\/\">Sora's Keyblade<\/a> in Kingdom Hearts.<\/li>\n<li>And many more to discover in our online store!<\/li>\n<\/ul>\n<p>That's why here are some great gift ideas for video game fans!<\/p>\n<p>In conclusion, you can also use this <strong>katana Kusabimaru Sekiro<\/strong> for your cosplay parades or theme parties. But above all, Sekiro's sword from the video game Sekiro: Shadows Die Twice is also a collector's item and a decorative object.<\/p>\n<h2>How to maintain the blade of your Shadows Die Twice katana?<\/h2>\n<p>Collector's and decorative katanas are made and assembled in a simplified way. As their use is decorative, they lack the safety features required of a Japanese saber intended for training.<\/p>\n<p>However, your <strong>katana Kusabimaru Sekiro<\/strong> to a steel blade that needs to be cared for to avoid damage over time. In fact, when you display your katana, your friends will be curious to see and touch the blade. This is where you need to be careful, as the acidity of your fingers is very harmful to steel, whatever its quality.<\/p>\n<p>However, if this does happen, don't panic - all you need is a cloth dampened with a little oil and a wipe of fingerprints. By doing so, you'll keep your sword looking its best for a very long time.<\/p>\n<p><strong>\u00a0<\/strong><\/p>","protected":false},"excerpt":{"rendered":"<p>Replica of the Kusabimaru katana, the main weapon of Loup alias Sekiro in the video game Shadows Die Twice.<\/p>\n<ul>\n<li>High-quality carbon steel blade.<\/li>\n<li>Steel hilt and pommel.<\/li>\n<li>Black lacquered wooden scabbard.<\/li>\n<li>Blade length: 68cm - Overall length: 103cm - Weight: 1040 grs<\/li>\n<\/ul>","protected":false},"featured_media":48300,"template":"","meta":[],"product_brand":[896],"product_cat":[23,67,101],"product_tag":[],"class_list":{"0":"post-48299","1":"product","2":"type-product","3":"status-publish","4":"has-post-thumbnail","6":"product_brand-replique-manga-cine","7":"product_cat-repliques-manga-jeux-video","8":"product_cat-katana-et-epee-de-jeux-video-autre-jeux-video","9":"product_cat-soldes","11":"first","12":"outofstock","13":"sale","14":"taxable","15":"shipping-taxable","16":"purchasable","17":"product-type-simple"},"yoast_head":"<!-- This site is optimized with the Yoast SEO plugin v27.5 - https:\/\/yoast.com\/product\/yoast-seo-wordpress\/ -->\n<title>Katana Kusabimaru Sekiro - Vente en ligne - R\u00e9plique Manga Cin\u00e9<\/title>\n<meta name=\"description\" content=\"Achetez vite ! Votre Katana Kusabimaru Sekiro au meilleur prix - Lame en acier - Fourreau laqu\u00e9 - Echelle 1\/1 - Longueur : 103 cm - Envoi 24\/48h\" \/>\n<meta name=\"robots\" content=\"index, follow, max-snippet:-1, max-image-preview:large, max-video-preview:-1\" \/>\n<link rel=\"canonical\" href=\"https:\/\/repliquemangacine.fr\/en\/balances\/kusabimaru-sekiro-shadows-die-twice\/\" \/>\n<meta property=\"og:locale\" content=\"en_US\" \/>\n<meta property=\"og:type\" content=\"article\" \/>\n<meta property=\"og:title\" content=\"Katana Kusabimaru Sekiro - Vente en ligne - R\u00e9plique Manga Cin\u00e9\" \/>\n<meta property=\"og:description\" content=\"Achetez vite ! Votre Katana Kusabimaru Sekiro au meilleur prix - Lame en acier - Fourreau laqu\u00e9 - Echelle 1\/1 - Longueur : 103 cm - Envoi 24\/48h\" \/>\n<meta property=\"og:url\" content=\"https:\/\/repliquemangacine.fr\/en\/balances\/kusabimaru-sekiro-shadows-die-twice\/\" \/>\n<meta property=\"og:site_name\" content=\"R\u00e9plique Manga Cin\u00e9\" \/>\n<meta property=\"article:publisher\" content=\"https:\/\/www.facebook.com\/RepliqueMangaCine\" \/>\n<meta property=\"article:modified_time\" content=\"2026-04-15T13:19:13+00:00\" \/>\n<meta property=\"og:image\" content=\"https:\/\/repliquemangacine.fr\/wp-content\/uploads\/2023\/10\/ornamental-katana-zs651bk.jpg\" \/>\n\t<meta property=\"og:image:width\" content=\"800\" \/>\n\t<meta property=\"og:image:height\" content=\"800\" \/>\n\t<meta property=\"og:image:type\" content=\"image\/jpeg\" \/>\n<meta name=\"twitter:card\" content=\"summary_large_image\" \/>\n<meta name=\"twitter:label1\" content=\"Est. reading time\" \/>\n\t<meta name=\"twitter:data1\" content=\"2 minutes\" \/>\n<script type=\"application\/ld+json\" class=\"yoast-schema-graph\">{\"@context\":\"https:\\\/\\\/schema.org\",\"@graph\":[{\"@type\":\"WebPage\",\"@id\":\"https:\\\/\\\/repliquemangacine.fr\\\/soldes\\\/kusabimaru-sekiro-shadows-die-twice\\\/\",\"url\":\"https:\\\/\\\/repliquemangacine.fr\\\/soldes\\\/kusabimaru-sekiro-shadows-die-twice\\\/\",\"name\":\"Katana Kusabimaru Sekiro - Vente en ligne - R\u00e9plique Manga Cin\u00e9\",\"isPartOf\":{\"@id\":\"https:\\\/\\\/repliquemangacine.fr\\\/#website\"},\"primaryImageOfPage\":{\"@id\":\"https:\\\/\\\/repliquemangacine.fr\\\/soldes\\\/kusabimaru-sekiro-shadows-die-twice\\\/#primaryimage\"},\"image\":{\"@id\":\"https:\\\/\\\/repliquemangacine.fr\\\/soldes\\\/kusabimaru-sekiro-shadows-die-twice\\\/#primaryimage\"},\"thumbnailUrl\":\"https:\\\/\\\/repliquemangacine.fr\\\/wp-content\\\/uploads\\\/2023\\\/10\\\/ornamental-katana-zs651bk.jpg\",\"datePublished\":\"2022-02-16T14:34:18+00:00\",\"dateModified\":\"2026-04-15T13:19:13+00:00\",\"description\":\"Achetez vite ! Votre Katana Kusabimaru Sekiro au meilleur prix - Lame en acier - Fourreau laqu\u00e9 - Echelle 1\\\/1 - Longueur : 103 cm - Envoi 24\\\/48h\",\"breadcrumb\":{\"@id\":\"https:\\\/\\\/repliquemangacine.fr\\\/soldes\\\/kusabimaru-sekiro-shadows-die-twice\\\/#breadcrumb\"},\"inLanguage\":\"en-US\",\"potentialAction\":[{\"@type\":\"ReadAction\",\"target\":[\"https:\\\/\\\/repliquemangacine.fr\\\/soldes\\\/kusabimaru-sekiro-shadows-die-twice\\\/\"]}]},{\"@type\":\"ImageObject\",\"inLanguage\":\"en-US\",\"@id\":\"https:\\\/\\\/repliquemangacine.fr\\\/soldes\\\/kusabimaru-sekiro-shadows-die-twice\\\/#primaryimage\",\"url\":\"https:\\\/\\\/repliquemangacine.fr\\\/wp-content\\\/uploads\\\/2023\\\/10\\\/ornamental-katana-zs651bk.jpg\",\"contentUrl\":\"https:\\\/\\\/repliquemangacine.fr\\\/wp-content\\\/uploads\\\/2023\\\/10\\\/ornamental-katana-zs651bk.jpg\",\"width\":800,\"height\":800,\"caption\":\"Katana Kusabimaru de Sekiro\"},{\"@type\":\"BreadcrumbList\",\"@id\":\"https:\\\/\\\/repliquemangacine.fr\\\/soldes\\\/kusabimaru-sekiro-shadows-die-twice\\\/#breadcrumb\",\"itemListElement\":[{\"@type\":\"ListItem\",\"position\":1,\"name\":\"Accueil\",\"item\":\"https:\\\/\\\/repliquemangacine.fr\\\/\"},{\"@type\":\"ListItem\",\"position\":2,\"name\":\"Produits\",\"item\":\"https:\\\/\\\/repliquemangacine.fr\\\/boutique\\\/\"},{\"@type\":\"ListItem\",\"position\":3,\"name\":\"Kusabimaru Sekiro shadows die twice\"}]},{\"@type\":\"WebSite\",\"@id\":\"https:\\\/\\\/repliquemangacine.fr\\\/#website\",\"url\":\"https:\\\/\\\/repliquemangacine.fr\\\/\",\"name\":\"R\u00e9plique Manga Cin\u00e9\",\"description\":\"\",\"publisher\":{\"@id\":\"https:\\\/\\\/repliquemangacine.fr\\\/#organization\"},\"potentialAction\":[{\"@type\":\"SearchAction\",\"target\":{\"@type\":\"EntryPoint\",\"urlTemplate\":\"https:\\\/\\\/repliquemangacine.fr\\\/?s={search_term_string}\"},\"query-input\":{\"@type\":\"PropertyValueSpecification\",\"valueRequired\":true,\"valueName\":\"search_term_string\"}}],\"inLanguage\":\"en-US\"},{\"@type\":\"Organization\",\"@id\":\"https:\\\/\\\/repliquemangacine.fr\\\/#organization\",\"name\":\"R\u00e9plique Manga Cin\u00e9\",\"url\":\"https:\\\/\\\/repliquemangacine.fr\\\/\",\"logo\":{\"@type\":\"ImageObject\",\"inLanguage\":\"en-US\",\"@id\":\"https:\\\/\\\/repliquemangacine.fr\\\/#\\\/schema\\\/logo\\\/image\\\/\",\"url\":\"https:\\\/\\\/repliquemangacine.fr\\\/wp-content\\\/uploads\\\/2023\\\/10\\\/RMC-500250.png\",\"contentUrl\":\"https:\\\/\\\/repliquemangacine.fr\\\/wp-content\\\/uploads\\\/2023\\\/10\\\/RMC-500250.png\",\"width\":500,\"height\":250,\"caption\":\"R\u00e9plique Manga Cin\u00e9\"},\"image\":{\"@id\":\"https:\\\/\\\/repliquemangacine.fr\\\/#\\\/schema\\\/logo\\\/image\\\/\"},\"sameAs\":[\"https:\\\/\\\/www.facebook.com\\\/RepliqueMangaCine\",\"https:\\\/\\\/www.instagram.com\\\/repliquemangacine.fr\\\/\"]}]}<\/script>\n<!-- \/ Yoast SEO plugin. -->","yoast_head_json":{"title":"Katana Kusabimaru Sekiro - Online sale - R\u00e9plique Manga Cin\u00e9","description":"Buy now! Your Kusabimaru Sekiro Katana at the best price - Steel blade - Lacquered sheath - Scale 1\/1 - Length: 103 cm - Shipment 24\/48h","robots":{"index":"index","follow":"follow","max-snippet":"max-snippet:-1","max-image-preview":"max-image-preview:large","max-video-preview":"max-video-preview:-1"},"canonical":"https:\/\/repliquemangacine.fr\/en\/balances\/kusabimaru-sekiro-shadows-die-twice\/","og_locale":"en_US","og_type":"article","og_title":"Katana Kusabimaru Sekiro - Vente en ligne - R\u00e9plique Manga Cin\u00e9","og_description":"Achetez vite ! Votre Katana Kusabimaru Sekiro au meilleur prix - Lame en acier - Fourreau laqu\u00e9 - Echelle 1\/1 - Longueur : 103 cm - Envoi 24\/48h","og_url":"https:\/\/repliquemangacine.fr\/en\/balances\/kusabimaru-sekiro-shadows-die-twice\/","og_site_name":"R\u00e9plique Manga Cin\u00e9","article_publisher":"https:\/\/www.facebook.com\/RepliqueMangaCine","article_modified_time":"2026-04-15T13:19:13+00:00","og_image":[{"width":800,"height":800,"url":"https:\/\/repliquemangacine.fr\/wp-content\/uploads\/2023\/10\/ornamental-katana-zs651bk.jpg","type":"image\/jpeg"}],"twitter_card":"summary_large_image","twitter_misc":{"Est. reading time":"2 minutes"},"schema":{"@context":"https:\/\/schema.org","@graph":[{"@type":"WebPage","@id":"https:\/\/repliquemangacine.fr\/soldes\/kusabimaru-sekiro-shadows-die-twice\/","url":"https:\/\/repliquemangacine.fr\/soldes\/kusabimaru-sekiro-shadows-die-twice\/","name":"Katana Kusabimaru Sekiro - Online sale - R\u00e9plique Manga Cin\u00e9","isPartOf":{"@id":"https:\/\/repliquemangacine.fr\/#website"},"primaryImageOfPage":{"@id":"https:\/\/repliquemangacine.fr\/soldes\/kusabimaru-sekiro-shadows-die-twice\/#primaryimage"},"image":{"@id":"https:\/\/repliquemangacine.fr\/soldes\/kusabimaru-sekiro-shadows-die-twice\/#primaryimage"},"thumbnailUrl":"https:\/\/repliquemangacine.fr\/wp-content\/uploads\/2023\/10\/ornamental-katana-zs651bk.jpg","datePublished":"2022-02-16T14:34:18+00:00","dateModified":"2026-04-15T13:19:13+00:00","description":"Buy now! Your Kusabimaru Sekiro Katana at the best price - Steel blade - Lacquered sheath - Scale 1\/1 - Length: 103 cm - Shipment 24\/48h","breadcrumb":{"@id":"https:\/\/repliquemangacine.fr\/soldes\/kusabimaru-sekiro-shadows-die-twice\/#breadcrumb"},"inLanguage":"en-US","potentialAction":[{"@type":"ReadAction","target":["https:\/\/repliquemangacine.fr\/soldes\/kusabimaru-sekiro-shadows-die-twice\/"]}]},{"@type":"ImageObject","inLanguage":"en-US","@id":"https:\/\/repliquemangacine.fr\/soldes\/kusabimaru-sekiro-shadows-die-twice\/#primaryimage","url":"https:\/\/repliquemangacine.fr\/wp-content\/uploads\/2023\/10\/ornamental-katana-zs651bk.jpg","contentUrl":"https:\/\/repliquemangacine.fr\/wp-content\/uploads\/2023\/10\/ornamental-katana-zs651bk.jpg","width":800,"height":800,"caption":"Katana Kusabimaru de Sekiro"},{"@type":"BreadcrumbList","@id":"https:\/\/repliquemangacine.fr\/soldes\/kusabimaru-sekiro-shadows-die-twice\/#breadcrumb","itemListElement":[{"@type":"ListItem","position":1,"name":"Accueil","item":"https:\/\/repliquemangacine.fr\/"},{"@type":"ListItem","position":2,"name":"Produits","item":"https:\/\/repliquemangacine.fr\/boutique\/"},{"@type":"ListItem","position":3,"name":"Kusabimaru Sekiro shadows die twice"}]},{"@type":"WebSite","@id":"https:\/\/repliquemangacine.fr\/#website","url":"https:\/\/repliquemangacine.fr\/","name":"R\u00e9plique Manga Cin\u00e9","description":"","publisher":{"@id":"https:\/\/repliquemangacine.fr\/#organization"},"potentialAction":[{"@type":"SearchAction","target":{"@type":"EntryPoint","urlTemplate":"https:\/\/repliquemangacine.fr\/?s={search_term_string}"},"query-input":{"@type":"PropertyValueSpecification","valueRequired":true,"valueName":"search_term_string"}}],"inLanguage":"en-US"},{"@type":"Organization","@id":"https:\/\/repliquemangacine.fr\/#organization","name":"R\u00e9plique Manga Cin\u00e9","url":"https:\/\/repliquemangacine.fr\/","logo":{"@type":"ImageObject","inLanguage":"en-US","@id":"https:\/\/repliquemangacine.fr\/#\/schema\/logo\/image\/","url":"https:\/\/repliquemangacine.fr\/wp-content\/uploads\/2023\/10\/RMC-500250.png","contentUrl":"https:\/\/repliquemangacine.fr\/wp-content\/uploads\/2023\/10\/RMC-500250.png","width":500,"height":250,"caption":"R\u00e9plique Manga Cin\u00e9"},"image":{"@id":"https:\/\/repliquemangacine.fr\/#\/schema\/logo\/image\/"},"sameAs":["https:\/\/www.facebook.com\/RepliqueMangaCine","https:\/\/www.instagram.com\/repliquemangacine.fr\/"]}]}},"_links":{"self":[{"href":"https:\/\/repliquemangacine.fr\/en\/wp-json\/wp\/v2\/product\/48299","targetHints":{"allow":["GET"]}}],"collection":[{"href":"https:\/\/repliquemangacine.fr\/en\/wp-json\/wp\/v2\/product"}],"about":[{"href":"https:\/\/repliquemangacine.fr\/en\/wp-json\/wp\/v2\/types\/product"}],"wp:featuredmedia":[{"embeddable":true,"href":"https:\/\/repliquemangacine.fr\/en\/wp-json\/wp\/v2\/media\/48300"}],"wp:attachment":[{"href":"https:\/\/repliquemangacine.fr\/en\/wp-json\/wp\/v2\/media?parent=48299"}],"wp:term":[{"taxonomy":"product_brand","embeddable":true,"href":"https:\/\/repliquemangacine.fr\/en\/wp-json\/wp\/v2\/product_brand?post=48299"},{"taxonomy":"product_cat","embeddable":true,"href":"https:\/\/repliquemangacine.fr\/en\/wp-json\/wp\/v2\/product_cat?post=48299"},{"taxonomy":"product_tag","embeddable":true,"href":"https:\/\/repliquemangacine.fr\/en\/wp-json\/wp\/v2\/product_tag?post=48299"}],"curies":[{"name":"wp","href":"https:\/\/api.w.org\/{rel}","templated":true}]}}