





{"id":47546,"date":"2022-01-20T15:55:48","date_gmt":"2022-01-20T14:55:48","guid":{"rendered":"https:\/\/repliquemangacine.fr\/?post_type=product&#038;p=47546"},"modified":"2026-01-27T16:31:09","modified_gmt":"2026-01-27T15:31:09","slug":"colt-45-polished-4-75-inch-1873-kolser-case","status":"publish","type":"product","link":"https:\/\/repliquemangacine.fr\/en\/colt-revolver-western\/coffret-colt-45-poli-4-75-pouces-1873-kolser\/","title":{"rendered":"Colt 45 Poli 4.75 - 1873"},"content":{"rendered":"<h2>Set Colt 45 Polished 4.75 Model 1873 - Kolser.<\/h2>\n<p>To begin with, the reproduction of the <strong>Colt 45 Polished 4.75<\/strong> 1873 Kolser model, identical reproduction of the original Colt 45 SAA. Historically used by stars such as Buffalo Bill, Pat Garrett, and Wild Bill Hickock.<\/p>\n<p>This Kolser replica is distinguished by the materials used to treat the metal (deliberately aged) from drum to barrel. Carefully re-assembled and hand-polished.<\/p>\n<p>Assembly instructions are supplied with the express recommendation not to disassemble it. No returns will be accepted in this case.<\/p>\n<p>If there's one weapon whose prestige has never wavered, but on the contrary has never ceased to grow, it's the Colt Single Action. This revolver, with its characteristic, perfectly harmonious shape, has become legendary.<\/p>\n<h2>Your Colt 45 Poli 4.75 at the best price.<\/h2>\n<p>We offer you the lowest prices on Western Kolser reproductions.<\/p>\n<p>First and foremost,<\/p>\n<ul>\n<li>The Colt <a href=\"https:\/\/repliquemangacine.fr\/en\/kolser-gun\/coffret-colt-45-peacemaker-5-5-black-edition-kolser\/\">Peacemaker, 5.5\" black edition.<\/a><\/li>\n<li>As well as <a href=\"https:\/\/repliquemangacine.fr\/en\/kolser-gun\/6-dummy-bullets-for-colt-45-kolser\/\">Kolser dummy bullets<\/a> for greater realism.<\/li>\n<li>There's also <a href=\"https:\/\/repliquemangacine.fr\/en\/western-accessories\/blister-de-96-amorces-pour-pistolet-kolser\/\">primers for Kolser colts.<\/a><\/li>\n<li>And many more Encore products to discover in our online store!<\/li>\n<\/ul>\n<p>Which is why this is a great gift idea for collectors or fans of Westerns.<\/p>\n<p>In conclusion, you can use the Gift Set. <strong>Colt 45 Polished 4.75<\/strong> 1873 Kolser model for your Western demonstrations or theme parties.<\/p>\n<p>It should be emphasized that these are only fake weapons and pose no danger.<\/p>\n<p>R\u00e9plique Manga Cin\u00e9 is a French company, distributor of the brand <a href=\"https:\/\/kolser.com\/fr\/catalogo\/\" target=\"_blank\" rel=\"noopener noreferrer\">Kolser<\/a>.<\/p>\n<h2>How are Kolser weapons made?<\/h2>\n<p>Kolser guns are made of metal with special finishes in galvanized brass and nickel, with aged metal or steel effects achieved through meticulous manual processes that give a unique look to the brand's pieces.<\/p>\n<p>At the highest level of quality on the market, preserving the spirit of the gunsmiths of past centuries for a job well done.<\/p>\n<p>Moreover, the modernization of design protocols for new models, carried out to the highest standards, achieves this very real aspect. Likewise, Kolser innovates in manufacturing systems and hand assembly processes to guarantee the highest quality of the parts and materials with which they make your <strong>Colt 45 Polished 4.75<\/strong>.<\/p>","protected":false},"excerpt":{"rendered":"<p>Peacemaker Revolver 4.75 inches 1873.<\/p>\n<ul>\n<li>In metal and wood.<\/li>\n<li>Polished and aged by hand.<\/li>\n<li>Wooden stock.<\/li>\n<li>Engraving on the barrel.<\/li>\n<li>Functional mechanism.<\/li>\n<li>Rechargeable rotary drum chamber.<\/li>\n<li>Box with 6 balls.<\/li>\n<li>Total length: 25.5 cm - Weight: 915 g<\/li>\n<\/ul>\n<p><a href=\"https:\/\/youtu.be\/rEPbkLd2edU\">Click here to see the Kolser demonstration<\/a><\/p>","protected":false},"featured_media":47547,"template":"","meta":[],"product_brand":[896],"product_cat":[100,34,33,77,28,27],"product_tag":[],"class_list":{"0":"post-47546","1":"product","2":"type-product","3":"status-publish","4":"has-post-thumbnail","6":"product_brand-replique-manga-cine","7":"product_cat-arme-kolser","8":"product_cat-armes-westerns","9":"product_cat-colt-pistolet","10":"product_cat-colt-revolver-western","11":"product_cat-repliques-darmes","12":"product_cat-armes-et-accessoires-western","14":"first","15":"outofstock","16":"taxable","17":"shipping-taxable","18":"purchasable","19":"product-type-simple"},"yoast_head":"<!-- This site is optimized with the Yoast SEO plugin v27.5 - https:\/\/yoast.com\/product\/yoast-seo-wordpress\/ -->\n<title>Colt 45 Poli 4.75 - Coffret Revolver Kolser - R\u00e9plique Manga Cin\u00e9<\/title>\n<meta name=\"description\" content=\"Superbe Coffret Colt 45 Poli en 4.75 au meilleur prix - En m\u00e9tal et bois - Poli \u00e0 la main - Barillet rotatif - M\u00e9canisme fonctionnel - Longueur : 25.5 cm\" \/>\n<meta name=\"robots\" content=\"index, follow, max-snippet:-1, max-image-preview:large, max-video-preview:-1\" \/>\n<link rel=\"canonical\" href=\"https:\/\/repliquemangacine.fr\/en\/kolser-gun\/colt-45-polished-4-75-inch-1873-kolser-case\/\" \/>\n<meta property=\"og:locale\" content=\"en_US\" \/>\n<meta property=\"og:type\" content=\"article\" \/>\n<meta property=\"og:title\" content=\"Colt 45 Poli 4.75 - Coffret Revolver Kolser - R\u00e9plique Manga Cin\u00e9\" \/>\n<meta property=\"og:description\" content=\"Superbe Coffret Colt 45 Poli en 4.75 au meilleur prix - En m\u00e9tal et bois - Poli \u00e0 la main - Barillet rotatif - M\u00e9canisme fonctionnel - Longueur : 25.5 cm\" \/>\n<meta property=\"og:url\" content=\"https:\/\/repliquemangacine.fr\/en\/kolser-gun\/colt-45-polished-4-75-inch-1873-kolser-case\/\" \/>\n<meta property=\"og:site_name\" content=\"R\u00e9plique Manga Cin\u00e9\" \/>\n<meta property=\"article:publisher\" content=\"https:\/\/www.facebook.com\/RepliqueMangaCine\" \/>\n<meta property=\"article:modified_time\" content=\"2026-01-27T15:31:09+00:00\" \/>\n<meta property=\"og:image\" content=\"https:\/\/repliquemangacine.fr\/wp-content\/uploads\/2023\/10\/1062WNP.jpg\" \/>\n\t<meta property=\"og:image:width\" content=\"800\" \/>\n\t<meta property=\"og:image:height\" content=\"800\" \/>\n\t<meta property=\"og:image:type\" content=\"image\/jpeg\" \/>\n<meta name=\"twitter:card\" content=\"summary_large_image\" \/>\n<meta name=\"twitter:label1\" content=\"Est. reading time\" \/>\n\t<meta name=\"twitter:data1\" content=\"2 minutes\" \/>\n<script type=\"application\/ld+json\" class=\"yoast-schema-graph\">{\"@context\":\"https:\\\/\\\/schema.org\",\"@graph\":[{\"@type\":\"WebPage\",\"@id\":\"https:\\\/\\\/repliquemangacine.fr\\\/arme-kolser\\\/coffret-colt-45-poli-4-75-pouces-1873-kolser\\\/\",\"url\":\"https:\\\/\\\/repliquemangacine.fr\\\/arme-kolser\\\/coffret-colt-45-poli-4-75-pouces-1873-kolser\\\/\",\"name\":\"Colt 45 Poli 4.75 - Coffret Revolver Kolser - R\u00e9plique Manga Cin\u00e9\",\"isPartOf\":{\"@id\":\"https:\\\/\\\/repliquemangacine.fr\\\/#website\"},\"primaryImageOfPage\":{\"@id\":\"https:\\\/\\\/repliquemangacine.fr\\\/arme-kolser\\\/coffret-colt-45-poli-4-75-pouces-1873-kolser\\\/#primaryimage\"},\"image\":{\"@id\":\"https:\\\/\\\/repliquemangacine.fr\\\/arme-kolser\\\/coffret-colt-45-poli-4-75-pouces-1873-kolser\\\/#primaryimage\"},\"thumbnailUrl\":\"https:\\\/\\\/repliquemangacine.fr\\\/wp-content\\\/uploads\\\/2023\\\/10\\\/1062WNP.jpg\",\"datePublished\":\"2022-01-20T14:55:48+00:00\",\"dateModified\":\"2026-01-27T15:31:09+00:00\",\"description\":\"Superbe Coffret Colt 45 Poli en 4.75 au meilleur prix - En m\u00e9tal et bois - Poli \u00e0 la main - Barillet rotatif - M\u00e9canisme fonctionnel - Longueur : 25.5 cm\",\"breadcrumb\":{\"@id\":\"https:\\\/\\\/repliquemangacine.fr\\\/arme-kolser\\\/coffret-colt-45-poli-4-75-pouces-1873-kolser\\\/#breadcrumb\"},\"inLanguage\":\"en-US\",\"potentialAction\":[{\"@type\":\"ReadAction\",\"target\":[\"https:\\\/\\\/repliquemangacine.fr\\\/arme-kolser\\\/coffret-colt-45-poli-4-75-pouces-1873-kolser\\\/\"]}]},{\"@type\":\"ImageObject\",\"inLanguage\":\"en-US\",\"@id\":\"https:\\\/\\\/repliquemangacine.fr\\\/arme-kolser\\\/coffret-colt-45-poli-4-75-pouces-1873-kolser\\\/#primaryimage\",\"url\":\"https:\\\/\\\/repliquemangacine.fr\\\/wp-content\\\/uploads\\\/2023\\\/10\\\/1062WNP.jpg\",\"contentUrl\":\"https:\\\/\\\/repliquemangacine.fr\\\/wp-content\\\/uploads\\\/2023\\\/10\\\/1062WNP.jpg\",\"width\":800,\"height\":800,\"caption\":\"Coffret Colt 45 Poli Kolser 4.75 pouces\"},{\"@type\":\"BreadcrumbList\",\"@id\":\"https:\\\/\\\/repliquemangacine.fr\\\/arme-kolser\\\/coffret-colt-45-poli-4-75-pouces-1873-kolser\\\/#breadcrumb\",\"itemListElement\":[{\"@type\":\"ListItem\",\"position\":1,\"name\":\"Accueil\",\"item\":\"https:\\\/\\\/repliquemangacine.fr\\\/\"},{\"@type\":\"ListItem\",\"position\":2,\"name\":\"Produits\",\"item\":\"https:\\\/\\\/repliquemangacine.fr\\\/boutique\\\/\"},{\"@type\":\"ListItem\",\"position\":3,\"name\":\"Colt 45 Poli 4.75 &#8211; 1873\"}]},{\"@type\":\"WebSite\",\"@id\":\"https:\\\/\\\/repliquemangacine.fr\\\/#website\",\"url\":\"https:\\\/\\\/repliquemangacine.fr\\\/\",\"name\":\"R\u00e9plique Manga Cin\u00e9\",\"description\":\"\",\"publisher\":{\"@id\":\"https:\\\/\\\/repliquemangacine.fr\\\/#organization\"},\"potentialAction\":[{\"@type\":\"SearchAction\",\"target\":{\"@type\":\"EntryPoint\",\"urlTemplate\":\"https:\\\/\\\/repliquemangacine.fr\\\/?s={search_term_string}\"},\"query-input\":{\"@type\":\"PropertyValueSpecification\",\"valueRequired\":true,\"valueName\":\"search_term_string\"}}],\"inLanguage\":\"en-US\"},{\"@type\":\"Organization\",\"@id\":\"https:\\\/\\\/repliquemangacine.fr\\\/#organization\",\"name\":\"R\u00e9plique Manga Cin\u00e9\",\"url\":\"https:\\\/\\\/repliquemangacine.fr\\\/\",\"logo\":{\"@type\":\"ImageObject\",\"inLanguage\":\"en-US\",\"@id\":\"https:\\\/\\\/repliquemangacine.fr\\\/#\\\/schema\\\/logo\\\/image\\\/\",\"url\":\"https:\\\/\\\/repliquemangacine.fr\\\/wp-content\\\/uploads\\\/2023\\\/10\\\/RMC-500250.png\",\"contentUrl\":\"https:\\\/\\\/repliquemangacine.fr\\\/wp-content\\\/uploads\\\/2023\\\/10\\\/RMC-500250.png\",\"width\":500,\"height\":250,\"caption\":\"R\u00e9plique Manga Cin\u00e9\"},\"image\":{\"@id\":\"https:\\\/\\\/repliquemangacine.fr\\\/#\\\/schema\\\/logo\\\/image\\\/\"},\"sameAs\":[\"https:\\\/\\\/www.facebook.com\\\/RepliqueMangaCine\",\"https:\\\/\\\/www.instagram.com\\\/repliquemangacine.fr\\\/\"]}]}<\/script>\n<!-- \/ Yoast SEO plugin. -->","yoast_head_json":{"title":"Colt 45 Poli 4.75 - Kolser Revolver Set - R\u00e9plique Manga Cin\u00e9","description":"Superb Colt 45 Polished Case in 4.75 at the best price - In metal and wood - Hand polished - Rotating barrel - Functional mechanism - Length: 25.5 cm","robots":{"index":"index","follow":"follow","max-snippet":"max-snippet:-1","max-image-preview":"max-image-preview:large","max-video-preview":"max-video-preview:-1"},"canonical":"https:\/\/repliquemangacine.fr\/en\/kolser-gun\/colt-45-polished-4-75-inch-1873-kolser-case\/","og_locale":"en_US","og_type":"article","og_title":"Colt 45 Poli 4.75 - Coffret Revolver Kolser - R\u00e9plique Manga Cin\u00e9","og_description":"Superbe Coffret Colt 45 Poli en 4.75 au meilleur prix - En m\u00e9tal et bois - Poli \u00e0 la main - Barillet rotatif - M\u00e9canisme fonctionnel - Longueur : 25.5 cm","og_url":"https:\/\/repliquemangacine.fr\/en\/kolser-gun\/colt-45-polished-4-75-inch-1873-kolser-case\/","og_site_name":"R\u00e9plique Manga Cin\u00e9","article_publisher":"https:\/\/www.facebook.com\/RepliqueMangaCine","article_modified_time":"2026-01-27T15:31:09+00:00","og_image":[{"width":800,"height":800,"url":"https:\/\/repliquemangacine.fr\/wp-content\/uploads\/2023\/10\/1062WNP.jpg","type":"image\/jpeg"}],"twitter_card":"summary_large_image","twitter_misc":{"Est. reading time":"2 minutes"},"schema":{"@context":"https:\/\/schema.org","@graph":[{"@type":"WebPage","@id":"https:\/\/repliquemangacine.fr\/arme-kolser\/coffret-colt-45-poli-4-75-pouces-1873-kolser\/","url":"https:\/\/repliquemangacine.fr\/arme-kolser\/coffret-colt-45-poli-4-75-pouces-1873-kolser\/","name":"Colt 45 Poli 4.75 - Kolser Revolver Set - R\u00e9plique Manga Cin\u00e9","isPartOf":{"@id":"https:\/\/repliquemangacine.fr\/#website"},"primaryImageOfPage":{"@id":"https:\/\/repliquemangacine.fr\/arme-kolser\/coffret-colt-45-poli-4-75-pouces-1873-kolser\/#primaryimage"},"image":{"@id":"https:\/\/repliquemangacine.fr\/arme-kolser\/coffret-colt-45-poli-4-75-pouces-1873-kolser\/#primaryimage"},"thumbnailUrl":"https:\/\/repliquemangacine.fr\/wp-content\/uploads\/2023\/10\/1062WNP.jpg","datePublished":"2022-01-20T14:55:48+00:00","dateModified":"2026-01-27T15:31:09+00:00","description":"Superb Colt 45 Polished Case in 4.75 at the best price - In metal and wood - Hand polished - Rotating barrel - Functional mechanism - Length: 25.5 cm","breadcrumb":{"@id":"https:\/\/repliquemangacine.fr\/arme-kolser\/coffret-colt-45-poli-4-75-pouces-1873-kolser\/#breadcrumb"},"inLanguage":"en-US","potentialAction":[{"@type":"ReadAction","target":["https:\/\/repliquemangacine.fr\/arme-kolser\/coffret-colt-45-poli-4-75-pouces-1873-kolser\/"]}]},{"@type":"ImageObject","inLanguage":"en-US","@id":"https:\/\/repliquemangacine.fr\/arme-kolser\/coffret-colt-45-poli-4-75-pouces-1873-kolser\/#primaryimage","url":"https:\/\/repliquemangacine.fr\/wp-content\/uploads\/2023\/10\/1062WNP.jpg","contentUrl":"https:\/\/repliquemangacine.fr\/wp-content\/uploads\/2023\/10\/1062WNP.jpg","width":800,"height":800,"caption":"Coffret Colt 45 Poli Kolser 4.75 pouces"},{"@type":"BreadcrumbList","@id":"https:\/\/repliquemangacine.fr\/arme-kolser\/coffret-colt-45-poli-4-75-pouces-1873-kolser\/#breadcrumb","itemListElement":[{"@type":"ListItem","position":1,"name":"Accueil","item":"https:\/\/repliquemangacine.fr\/"},{"@type":"ListItem","position":2,"name":"Produits","item":"https:\/\/repliquemangacine.fr\/boutique\/"},{"@type":"ListItem","position":3,"name":"Colt 45 Poli 4.75 &#8211; 1873"}]},{"@type":"WebSite","@id":"https:\/\/repliquemangacine.fr\/#website","url":"https:\/\/repliquemangacine.fr\/","name":"R\u00e9plique Manga Cin\u00e9","description":"","publisher":{"@id":"https:\/\/repliquemangacine.fr\/#organization"},"potentialAction":[{"@type":"SearchAction","target":{"@type":"EntryPoint","urlTemplate":"https:\/\/repliquemangacine.fr\/?s={search_term_string}"},"query-input":{"@type":"PropertyValueSpecification","valueRequired":true,"valueName":"search_term_string"}}],"inLanguage":"en-US"},{"@type":"Organization","@id":"https:\/\/repliquemangacine.fr\/#organization","name":"R\u00e9plique Manga Cin\u00e9","url":"https:\/\/repliquemangacine.fr\/","logo":{"@type":"ImageObject","inLanguage":"en-US","@id":"https:\/\/repliquemangacine.fr\/#\/schema\/logo\/image\/","url":"https:\/\/repliquemangacine.fr\/wp-content\/uploads\/2023\/10\/RMC-500250.png","contentUrl":"https:\/\/repliquemangacine.fr\/wp-content\/uploads\/2023\/10\/RMC-500250.png","width":500,"height":250,"caption":"R\u00e9plique Manga Cin\u00e9"},"image":{"@id":"https:\/\/repliquemangacine.fr\/#\/schema\/logo\/image\/"},"sameAs":["https:\/\/www.facebook.com\/RepliqueMangaCine","https:\/\/www.instagram.com\/repliquemangacine.fr\/"]}]}},"_links":{"self":[{"href":"https:\/\/repliquemangacine.fr\/en\/wp-json\/wp\/v2\/product\/47546","targetHints":{"allow":["GET"]}}],"collection":[{"href":"https:\/\/repliquemangacine.fr\/en\/wp-json\/wp\/v2\/product"}],"about":[{"href":"https:\/\/repliquemangacine.fr\/en\/wp-json\/wp\/v2\/types\/product"}],"wp:featuredmedia":[{"embeddable":true,"href":"https:\/\/repliquemangacine.fr\/en\/wp-json\/wp\/v2\/media\/47547"}],"wp:attachment":[{"href":"https:\/\/repliquemangacine.fr\/en\/wp-json\/wp\/v2\/media?parent=47546"}],"wp:term":[{"taxonomy":"product_brand","embeddable":true,"href":"https:\/\/repliquemangacine.fr\/en\/wp-json\/wp\/v2\/product_brand?post=47546"},{"taxonomy":"product_cat","embeddable":true,"href":"https:\/\/repliquemangacine.fr\/en\/wp-json\/wp\/v2\/product_cat?post=47546"},{"taxonomy":"product_tag","embeddable":true,"href":"https:\/\/repliquemangacine.fr\/en\/wp-json\/wp\/v2\/product_tag?post=47546"}],"curies":[{"name":"wp","href":"https:\/\/api.w.org\/{rel}","templated":true}]}}