





{"id":47378,"date":"2022-01-18T13:54:25","date_gmt":"2022-01-18T12:54:25","guid":{"rendered":"https:\/\/repliquemangacine.fr\/?post_type=product&#038;p=47378"},"modified":"2025-11-10T14:52:07","modified_gmt":"2025-11-10T13:52:07","slug":"winchester-98-cm-black-kolser","status":"publish","type":"product","link":"https:\/\/repliquemangacine.fr\/en\/repliques-carabine-winchester-western\/winchester-98-cm-black-kolser\/","title":{"rendered":"Winchester 98 cm Black - Kolser"},"content":{"rendered":"<h2>Winchester 98 cm Black Kolser.<\/h2>\n<p>To begin with, this replica of the <strong>Winchester 98 cm Black<\/strong> <a href=\"https:\/\/kolser.com\/fr\/\" target=\"_blank\" rel=\"noopener noreferrer\">Kolser<\/a>, has a bullet ejection system.<\/p>\n<p>The design and manufacture of this rifle was intended to be more realistic, and a load simulator mechanism has been incorporated to bring added realism.<\/p>\n<p>Winchester rifles are characterized by their trigger-guard cocking lever, a mechanism at trigger height that allows the empty case to be ejected quickly. This simple, ambidextrous operating principle enables a higher rate of fire.<\/p>\n<p>Finally, another very popular model came out in 1873, using centerfire cartridges. The Model 66 and 73 Winchesters would both be known as the rifle that won the West.<\/p>\n<h2>Your Winchester 98 cm Black at the best price.<\/h2>\n<p>We offer a wide selection of Westerns weapons reproductions.<\/p>\n<p>First and foremost,<\/p>\n<ul>\n<li>Reproduction of the <a href=\"https:\/\/repliquemangacine.fr\/en\/kolser-gun\/mares-leg-55cm-black-edition-kolser\/\">Mare's Leg 55 cm<\/a> by Josh Randall Black finish.<\/li>\n<li>Then, for added realism to your rifle, the <a href=\"https:\/\/repliquemangacine.fr\/en\/western-accessories\/6-balles-pour-winchester-kolser\/\">dummy bullets<\/a> Kolser are indispensable.<\/li>\n<li>There is also a replica of the <a href=\"https:\/\/repliquemangacine.fr\/en\/kolser-gun\/coffret-colt-45-peacemaker-5-5-nickele-main-kolser\/\">peacemaker revolver<\/a> 1873, this weapon is distinguished by its fine finishing and polishing.<\/li>\n<li>And many more to discover in our online store!<\/li>\n<\/ul>\n<p>That's why this is a great gift idea for fans of the American West.<\/p>\n<p>In conclusion, you can use <strong>Winchester 98 cm Black<\/strong> Kolser for your historical re-enactments and demonstrations. But above all, it's a collector's item and a decoration.<\/p>\n<h2>How are Kolser weapons made?<\/h2>\n<p>Kolser guns are made of metal with special finishes in galvanized brass and nickel, with aged metal or steel effects achieved through meticulous manual processes that give a unique look to the brand's pieces.<\/p>\n<p>At the highest level of quality on the market, preserving the spirit of the gunsmiths of past centuries for a job well done.<\/p>\n<p>Moreover, the modernization of design protocols for new models, carried out to the highest standards, achieves this very real aspect. Likewise, Kolser innovates in manufacturing systems and hand assembly processes to guarantee the highest quality of the parts and materials with which they make your <strong>Winchester 98 cm Black<\/strong> .<\/p>","protected":false},"excerpt":{"rendered":"<p>Winchester rifle mod. 92,USA 1892 black finish.<\/p>\n<ul>\n<li>In metal and wood.<\/li>\n<li>Mechanism is functional.<\/li>\n<li>Refillable chamber.<\/li>\n<li>Bullet expulsion system.<\/li>\n<\/ul>\n<p>Load and fire up to 6 times like a real Winchester!<\/p>\n<p><a href=\"https:\/\/youtu.be\/-3VM4x6B0sQ\">Click here to see the Kolser demonstration<\/a><\/p>","protected":false},"featured_media":47379,"template":"","meta":[],"product_brand":[896],"product_cat":[100,34,39,86,28,27],"product_tag":[],"class_list":{"0":"post-47378","1":"product","2":"type-product","3":"status-publish","4":"has-post-thumbnail","6":"product_brand-replique-manga-cine","7":"product_cat-arme-kolser","8":"product_cat-armes-westerns","9":"product_cat-carabine-winchester","10":"product_cat-repliques-carabine-winchester-western","11":"product_cat-repliques-darmes","12":"product_cat-armes-et-accessoires-western","14":"first","15":"outofstock","16":"taxable","17":"shipping-taxable","18":"purchasable","19":"product-type-simple"},"yoast_head":"<!-- This site is optimized with the Yoast SEO plugin v27.4 - https:\/\/yoast.com\/product\/yoast-seo-wordpress\/ -->\n<title>Winchester 98 cm Black - Kolser - Armes Kolser - R\u00e9plique Manga Cin\u00e9<\/title>\n<meta name=\"description\" content=\"Offrez-lui ! La Winchester 98 cm Black de marque Kolser au meilleur prix - En m\u00e9tal et bois - Syst\u00e8me d&#039;expulsion des balles - M\u00e9canisme fonctionnel. 98 cm\" \/>\n<meta name=\"robots\" content=\"index, follow, max-snippet:-1, max-image-preview:large, max-video-preview:-1\" \/>\n<link rel=\"canonical\" href=\"https:\/\/repliquemangacine.fr\/en\/kolser-gun\/winchester-98-cm-black-kolser\/\" \/>\n<meta property=\"og:locale\" content=\"en_US\" \/>\n<meta property=\"og:type\" content=\"article\" \/>\n<meta property=\"og:title\" content=\"Winchester 98 cm Black - Kolser - Armes Kolser - R\u00e9plique Manga Cin\u00e9\" \/>\n<meta property=\"og:description\" content=\"Offrez-lui ! La Winchester 98 cm Black de marque Kolser au meilleur prix - En m\u00e9tal et bois - Syst\u00e8me d&#039;expulsion des balles - M\u00e9canisme fonctionnel. 98 cm\" \/>\n<meta property=\"og:url\" content=\"https:\/\/repliquemangacine.fr\/en\/kolser-gun\/winchester-98-cm-black-kolser\/\" \/>\n<meta property=\"og:site_name\" content=\"R\u00e9plique Manga Cin\u00e9\" \/>\n<meta property=\"article:publisher\" content=\"https:\/\/www.facebook.com\/RepliqueMangaCine\" \/>\n<meta property=\"article:modified_time\" content=\"2025-11-10T13:52:07+00:00\" \/>\n<meta property=\"og:image\" content=\"https:\/\/repliquemangacine.fr\/wp-content\/uploads\/2023\/10\/1063x-4.jpg\" \/>\n\t<meta property=\"og:image:width\" content=\"800\" \/>\n\t<meta property=\"og:image:height\" content=\"800\" \/>\n\t<meta property=\"og:image:type\" content=\"image\/jpeg\" \/>\n<meta name=\"twitter:card\" content=\"summary_large_image\" \/>\n<meta name=\"twitter:label1\" content=\"Est. reading time\" \/>\n\t<meta name=\"twitter:data1\" content=\"3 minutes\" \/>\n<script type=\"application\/ld+json\" class=\"yoast-schema-graph\">{\"@context\":\"https:\\\/\\\/schema.org\",\"@graph\":[{\"@type\":\"WebPage\",\"@id\":\"https:\\\/\\\/repliquemangacine.fr\\\/arme-kolser\\\/winchester-98-cm-black-kolser\\\/\",\"url\":\"https:\\\/\\\/repliquemangacine.fr\\\/arme-kolser\\\/winchester-98-cm-black-kolser\\\/\",\"name\":\"Winchester 98 cm Black - Kolser - Armes Kolser - R\u00e9plique Manga Cin\u00e9\",\"isPartOf\":{\"@id\":\"https:\\\/\\\/repliquemangacine.fr\\\/#website\"},\"primaryImageOfPage\":{\"@id\":\"https:\\\/\\\/repliquemangacine.fr\\\/arme-kolser\\\/winchester-98-cm-black-kolser\\\/#primaryimage\"},\"image\":{\"@id\":\"https:\\\/\\\/repliquemangacine.fr\\\/arme-kolser\\\/winchester-98-cm-black-kolser\\\/#primaryimage\"},\"thumbnailUrl\":\"https:\\\/\\\/repliquemangacine.fr\\\/wp-content\\\/uploads\\\/2023\\\/10\\\/1063x-4.jpg\",\"datePublished\":\"2022-01-18T12:54:25+00:00\",\"dateModified\":\"2025-11-10T13:52:07+00:00\",\"description\":\"Offrez-lui ! La Winchester 98 cm Black de marque Kolser au meilleur prix - En m\u00e9tal et bois - Syst\u00e8me d'expulsion des balles - M\u00e9canisme fonctionnel. 98 cm\",\"breadcrumb\":{\"@id\":\"https:\\\/\\\/repliquemangacine.fr\\\/arme-kolser\\\/winchester-98-cm-black-kolser\\\/#breadcrumb\"},\"inLanguage\":\"en-US\",\"potentialAction\":[{\"@type\":\"ReadAction\",\"target\":[\"https:\\\/\\\/repliquemangacine.fr\\\/arme-kolser\\\/winchester-98-cm-black-kolser\\\/\"]}]},{\"@type\":\"ImageObject\",\"inLanguage\":\"en-US\",\"@id\":\"https:\\\/\\\/repliquemangacine.fr\\\/arme-kolser\\\/winchester-98-cm-black-kolser\\\/#primaryimage\",\"url\":\"https:\\\/\\\/repliquemangacine.fr\\\/wp-content\\\/uploads\\\/2023\\\/10\\\/1063x-4.jpg\",\"contentUrl\":\"https:\\\/\\\/repliquemangacine.fr\\\/wp-content\\\/uploads\\\/2023\\\/10\\\/1063x-4.jpg\",\"width\":800,\"height\":800,\"caption\":\"Winchester 98cm Black Kolser\"},{\"@type\":\"BreadcrumbList\",\"@id\":\"https:\\\/\\\/repliquemangacine.fr\\\/arme-kolser\\\/winchester-98-cm-black-kolser\\\/#breadcrumb\",\"itemListElement\":[{\"@type\":\"ListItem\",\"position\":1,\"name\":\"Accueil\",\"item\":\"https:\\\/\\\/repliquemangacine.fr\\\/\"},{\"@type\":\"ListItem\",\"position\":2,\"name\":\"Produits\",\"item\":\"https:\\\/\\\/repliquemangacine.fr\\\/boutique\\\/\"},{\"@type\":\"ListItem\",\"position\":3,\"name\":\"Winchester 98 cm Black &#8211; Kolser\"}]},{\"@type\":\"WebSite\",\"@id\":\"https:\\\/\\\/repliquemangacine.fr\\\/#website\",\"url\":\"https:\\\/\\\/repliquemangacine.fr\\\/\",\"name\":\"R\u00e9plique Manga Cin\u00e9\",\"description\":\"\",\"publisher\":{\"@id\":\"https:\\\/\\\/repliquemangacine.fr\\\/#organization\"},\"potentialAction\":[{\"@type\":\"SearchAction\",\"target\":{\"@type\":\"EntryPoint\",\"urlTemplate\":\"https:\\\/\\\/repliquemangacine.fr\\\/?s={search_term_string}\"},\"query-input\":{\"@type\":\"PropertyValueSpecification\",\"valueRequired\":true,\"valueName\":\"search_term_string\"}}],\"inLanguage\":\"en-US\"},{\"@type\":\"Organization\",\"@id\":\"https:\\\/\\\/repliquemangacine.fr\\\/#organization\",\"name\":\"R\u00e9plique Manga Cin\u00e9\",\"url\":\"https:\\\/\\\/repliquemangacine.fr\\\/\",\"logo\":{\"@type\":\"ImageObject\",\"inLanguage\":\"en-US\",\"@id\":\"https:\\\/\\\/repliquemangacine.fr\\\/#\\\/schema\\\/logo\\\/image\\\/\",\"url\":\"https:\\\/\\\/repliquemangacine.fr\\\/wp-content\\\/uploads\\\/2023\\\/10\\\/RMC-500250.png\",\"contentUrl\":\"https:\\\/\\\/repliquemangacine.fr\\\/wp-content\\\/uploads\\\/2023\\\/10\\\/RMC-500250.png\",\"width\":500,\"height\":250,\"caption\":\"R\u00e9plique Manga Cin\u00e9\"},\"image\":{\"@id\":\"https:\\\/\\\/repliquemangacine.fr\\\/#\\\/schema\\\/logo\\\/image\\\/\"},\"sameAs\":[\"https:\\\/\\\/www.facebook.com\\\/RepliqueMangaCine\",\"https:\\\/\\\/www.instagram.com\\\/repliquemangacine.fr\\\/\"]}]}<\/script>\n<!-- \/ Yoast SEO plugin. -->","yoast_head_json":{"title":"Winchester 98 cm Black - Kolser - Armes Kolser - R\u00e9plique Manga Cin\u00e9","description":"Give it away! The Winchester 98 cm Black from Kolser at the best price - In metal and wood - Bullet expulsion system - Functional mechanism. 98 cm","robots":{"index":"index","follow":"follow","max-snippet":"max-snippet:-1","max-image-preview":"max-image-preview:large","max-video-preview":"max-video-preview:-1"},"canonical":"https:\/\/repliquemangacine.fr\/en\/kolser-gun\/winchester-98-cm-black-kolser\/","og_locale":"en_US","og_type":"article","og_title":"Winchester 98 cm Black - Kolser - Armes Kolser - R\u00e9plique Manga Cin\u00e9","og_description":"Offrez-lui ! La Winchester 98 cm Black de marque Kolser au meilleur prix - En m\u00e9tal et bois - Syst\u00e8me d'expulsion des balles - M\u00e9canisme fonctionnel. 98 cm","og_url":"https:\/\/repliquemangacine.fr\/en\/kolser-gun\/winchester-98-cm-black-kolser\/","og_site_name":"R\u00e9plique Manga Cin\u00e9","article_publisher":"https:\/\/www.facebook.com\/RepliqueMangaCine","article_modified_time":"2025-11-10T13:52:07+00:00","og_image":[{"width":800,"height":800,"url":"https:\/\/repliquemangacine.fr\/wp-content\/uploads\/2023\/10\/1063x-4.jpg","type":"image\/jpeg"}],"twitter_card":"summary_large_image","twitter_misc":{"Est. reading time":"3 minutes"},"schema":{"@context":"https:\/\/schema.org","@graph":[{"@type":"WebPage","@id":"https:\/\/repliquemangacine.fr\/arme-kolser\/winchester-98-cm-black-kolser\/","url":"https:\/\/repliquemangacine.fr\/arme-kolser\/winchester-98-cm-black-kolser\/","name":"Winchester 98 cm Black - Kolser - Armes Kolser - R\u00e9plique Manga Cin\u00e9","isPartOf":{"@id":"https:\/\/repliquemangacine.fr\/#website"},"primaryImageOfPage":{"@id":"https:\/\/repliquemangacine.fr\/arme-kolser\/winchester-98-cm-black-kolser\/#primaryimage"},"image":{"@id":"https:\/\/repliquemangacine.fr\/arme-kolser\/winchester-98-cm-black-kolser\/#primaryimage"},"thumbnailUrl":"https:\/\/repliquemangacine.fr\/wp-content\/uploads\/2023\/10\/1063x-4.jpg","datePublished":"2022-01-18T12:54:25+00:00","dateModified":"2025-11-10T13:52:07+00:00","description":"Give it away! The Winchester 98 cm Black from Kolser at the best price - In metal and wood - Bullet expulsion system - Functional mechanism. 98 cm","breadcrumb":{"@id":"https:\/\/repliquemangacine.fr\/arme-kolser\/winchester-98-cm-black-kolser\/#breadcrumb"},"inLanguage":"en-US","potentialAction":[{"@type":"ReadAction","target":["https:\/\/repliquemangacine.fr\/arme-kolser\/winchester-98-cm-black-kolser\/"]}]},{"@type":"ImageObject","inLanguage":"en-US","@id":"https:\/\/repliquemangacine.fr\/arme-kolser\/winchester-98-cm-black-kolser\/#primaryimage","url":"https:\/\/repliquemangacine.fr\/wp-content\/uploads\/2023\/10\/1063x-4.jpg","contentUrl":"https:\/\/repliquemangacine.fr\/wp-content\/uploads\/2023\/10\/1063x-4.jpg","width":800,"height":800,"caption":"Winchester 98cm Black Kolser"},{"@type":"BreadcrumbList","@id":"https:\/\/repliquemangacine.fr\/arme-kolser\/winchester-98-cm-black-kolser\/#breadcrumb","itemListElement":[{"@type":"ListItem","position":1,"name":"Accueil","item":"https:\/\/repliquemangacine.fr\/"},{"@type":"ListItem","position":2,"name":"Produits","item":"https:\/\/repliquemangacine.fr\/boutique\/"},{"@type":"ListItem","position":3,"name":"Winchester 98 cm Black &#8211; Kolser"}]},{"@type":"WebSite","@id":"https:\/\/repliquemangacine.fr\/#website","url":"https:\/\/repliquemangacine.fr\/","name":"R\u00e9plique Manga Cin\u00e9","description":"","publisher":{"@id":"https:\/\/repliquemangacine.fr\/#organization"},"potentialAction":[{"@type":"SearchAction","target":{"@type":"EntryPoint","urlTemplate":"https:\/\/repliquemangacine.fr\/?s={search_term_string}"},"query-input":{"@type":"PropertyValueSpecification","valueRequired":true,"valueName":"search_term_string"}}],"inLanguage":"en-US"},{"@type":"Organization","@id":"https:\/\/repliquemangacine.fr\/#organization","name":"R\u00e9plique Manga Cin\u00e9","url":"https:\/\/repliquemangacine.fr\/","logo":{"@type":"ImageObject","inLanguage":"en-US","@id":"https:\/\/repliquemangacine.fr\/#\/schema\/logo\/image\/","url":"https:\/\/repliquemangacine.fr\/wp-content\/uploads\/2023\/10\/RMC-500250.png","contentUrl":"https:\/\/repliquemangacine.fr\/wp-content\/uploads\/2023\/10\/RMC-500250.png","width":500,"height":250,"caption":"R\u00e9plique Manga Cin\u00e9"},"image":{"@id":"https:\/\/repliquemangacine.fr\/#\/schema\/logo\/image\/"},"sameAs":["https:\/\/www.facebook.com\/RepliqueMangaCine","https:\/\/www.instagram.com\/repliquemangacine.fr\/"]}]}},"_links":{"self":[{"href":"https:\/\/repliquemangacine.fr\/en\/wp-json\/wp\/v2\/product\/47378","targetHints":{"allow":["GET"]}}],"collection":[{"href":"https:\/\/repliquemangacine.fr\/en\/wp-json\/wp\/v2\/product"}],"about":[{"href":"https:\/\/repliquemangacine.fr\/en\/wp-json\/wp\/v2\/types\/product"}],"wp:featuredmedia":[{"embeddable":true,"href":"https:\/\/repliquemangacine.fr\/en\/wp-json\/wp\/v2\/media\/47379"}],"wp:attachment":[{"href":"https:\/\/repliquemangacine.fr\/en\/wp-json\/wp\/v2\/media?parent=47378"}],"wp:term":[{"taxonomy":"product_brand","embeddable":true,"href":"https:\/\/repliquemangacine.fr\/en\/wp-json\/wp\/v2\/product_brand?post=47378"},{"taxonomy":"product_cat","embeddable":true,"href":"https:\/\/repliquemangacine.fr\/en\/wp-json\/wp\/v2\/product_cat?post=47378"},{"taxonomy":"product_tag","embeddable":true,"href":"https:\/\/repliquemangacine.fr\/en\/wp-json\/wp\/v2\/product_tag?post=47378"}],"curies":[{"name":"wp","href":"https:\/\/api.w.org\/{rel}","templated":true}]}}