





{"id":46238,"date":"2021-12-14T18:09:13","date_gmt":"2021-12-14T17:09:13","guid":{"rendered":"https:\/\/repliquemangacine.fr\/?post_type=product&#038;p=46238"},"modified":"2025-12-04T11:59:48","modified_gmt":"2025-12-04T10:59:48","slug":"18th-century-english-naval-gun","status":"publish","type":"product","link":"https:\/\/repliquemangacine.fr\/en\/armes-de-pirates\/canon-naval-anglais-18eme-siecle\/","title":{"rendered":"18th century English naval cannon"},"content":{"rendered":"<h2>Miniature replica of the 18th century English Naval Cannon<\/h2>\n<p>This 18th century English naval cannon is a reproduction <a href=\"https:\/\/www.denix.fr\/fr\/catalogue\/colonial-et-pirate-1492-s-xviii\/canons-et-catapultes\/407\/\">Denix<\/a>.<\/p>\n<p>The development of artillery in the 15th century and its effectiveness on European battlefields led to a technological revolution and an arms race among the continental powers.<\/p>\n<p>From the end of the 16th century onwards, as land warfare became more stagnant, the major powers sought determination through naval force and the perfection of their military techniques. It was during this period that the first national war fleets appeared, capable of prolonging the conflict at great distance from the metropolis.<\/p>\n<p>Over the following centuries, it would become clear that nations unable to supply themselves with thousands of cannons, would have their ships relegated from the main maritime trade routes, leaving the direction in the oceans, the new main stage of the confrontation, to other countries.<\/p>\n<h3>We offer a wide range of replica weapons<\/h3>\n<p>First and foremost<\/p>\n<ul>\n<li>Visit <a href=\"https:\/\/repliquemangacine.fr\/en\/darmes-reproductions\/cannon-napoleon-1857-usa-civil-war-denix\/?highlight=c422\">Napoleon cannon 1857<\/a> manufactured by Denix<\/li>\n<li>There's also the Land Pattern musket the <a href=\"https:\/\/repliquemangacine.fr\/en\/replica-weapons-1st-empire\/brown-bess-1722-land-pattern-denix-rifle\/\">Brown Bess 1722<\/a><\/li>\n<li>As well as the <a href=\"https:\/\/repliquemangacine.fr\/en\/replica-weapons-1st-empire\/charleville-rifle-model-1806-with-bayonet\/\">rifle Charleville<\/a> and his Bayonet<\/li>\n<li>And much more to discover!<\/li>\n<\/ul>\n<p>That's why this is a great gift idea for all antique gun enthusiasts.<\/p>\n<h3>You can buy this miniature of the English Naval Cannon to add to your collection.<\/h3>\n<p>Above all, it's a collector's item and a decoration.<\/p>\n<p>R\u00e9plique Manga Cin\u00e9 is a French family business.<\/p>\n<p><strong>We would like to draw your attention to the authenticity of all these replicas. Law enforcement agencies will identify them as real weapons, and react accordingly. It is therefore very important not to go into public places with these replicas. Please note that the weapons presented are non-functional reproductions, unsuitable for shooting. These replicas are for historical re-enactment and decoration.<\/strong><\/p>","protected":false},"excerpt":{"rendered":"<p>Superb replica of the famous 18th-century English naval cannon by Denix.<\/p>\n<ul>\n<li>The cannon in 1\/12 scale<\/li>\n<li>It features a 25.4 cm lifting barrel,<\/li>\n<li>A wooden cart<\/li>\n<li>Rotating wheels with a real rope break.<\/li>\n<li>Perfect finish.<\/li>\n<li>Total length: 28cm - Weight: 1050g<\/li>\n<\/ul>","protected":false},"featured_media":46239,"template":"","meta":[],"product_brand":[896],"product_cat":[49,25,28],"product_tag":[],"class_list":{"0":"post-46238","1":"product","2":"type-product","3":"status-publish","4":"has-post-thumbnail","6":"product_brand-replique-manga-cine","7":"product_cat-armes-de-pirates","8":"product_cat-armes-historiques","9":"product_cat-repliques-darmes","11":"first","12":"instock","13":"sale","14":"taxable","15":"shipping-taxable","16":"purchasable","17":"product-type-simple"},"yoast_head":"<!-- This site is optimized with the Yoast SEO plugin v27.5 - https:\/\/yoast.com\/product\/yoast-seo-wordpress\/ -->\n<title>Canon Naval Anglais 18\u00e8me si\u00e8cle - R\u00e9plique Manga Cin\u00e9<\/title>\n<meta name=\"description\" content=\"Superbe r\u00e9plique du Canon Naval Anglais 18\u00e8me si\u00e8cles sign\u00e9 Denix. Fabriqu\u00e9 en bois et zamac. Finition parfaite. Longueur 28cm-Poids 1050grs\" \/>\n<meta name=\"robots\" content=\"index, follow, max-snippet:-1, max-image-preview:large, max-video-preview:-1\" \/>\n<link rel=\"canonical\" href=\"https:\/\/repliquemangacine.fr\/en\/pirate-weapons\/18th-century-english-naval-gun\/\" \/>\n<meta property=\"og:locale\" content=\"en_US\" \/>\n<meta property=\"og:type\" content=\"article\" \/>\n<meta property=\"og:title\" content=\"Canon Naval Anglais 18\u00e8me si\u00e8cle - R\u00e9plique Manga Cin\u00e9\" \/>\n<meta property=\"og:description\" content=\"Superbe r\u00e9plique du Canon Naval Anglais 18\u00e8me si\u00e8cles sign\u00e9 Denix. Fabriqu\u00e9 en bois et zamac. Finition parfaite. Longueur 28cm-Poids 1050grs\" \/>\n<meta property=\"og:url\" content=\"https:\/\/repliquemangacine.fr\/en\/pirate-weapons\/18th-century-english-naval-gun\/\" \/>\n<meta property=\"og:site_name\" content=\"R\u00e9plique Manga Cin\u00e9\" \/>\n<meta property=\"article:publisher\" content=\"https:\/\/www.facebook.com\/RepliqueMangaCine\" \/>\n<meta property=\"article:modified_time\" content=\"2025-12-04T10:59:48+00:00\" \/>\n<meta property=\"og:image\" content=\"https:\/\/repliquemangacine.fr\/wp-content\/uploads\/2023\/10\/canon-denix.jpg\" \/>\n\t<meta property=\"og:image:width\" content=\"800\" \/>\n\t<meta property=\"og:image:height\" content=\"800\" \/>\n\t<meta property=\"og:image:type\" content=\"image\/jpeg\" \/>\n<meta name=\"twitter:card\" content=\"summary_large_image\" \/>\n<meta name=\"twitter:label1\" content=\"Est. reading time\" \/>\n\t<meta name=\"twitter:data1\" content=\"1 minute\" \/>\n<script type=\"application\/ld+json\" class=\"yoast-schema-graph\">{\"@context\":\"https:\\\/\\\/schema.org\",\"@graph\":[{\"@type\":\"WebPage\",\"@id\":\"https:\\\/\\\/repliquemangacine.fr\\\/armes-de-pirates\\\/canon-naval-anglais-18eme-siecle\\\/\",\"url\":\"https:\\\/\\\/repliquemangacine.fr\\\/armes-de-pirates\\\/canon-naval-anglais-18eme-siecle\\\/\",\"name\":\"Canon Naval Anglais 18\u00e8me si\u00e8cle - R\u00e9plique Manga Cin\u00e9\",\"isPartOf\":{\"@id\":\"https:\\\/\\\/repliquemangacine.fr\\\/#website\"},\"primaryImageOfPage\":{\"@id\":\"https:\\\/\\\/repliquemangacine.fr\\\/armes-de-pirates\\\/canon-naval-anglais-18eme-siecle\\\/#primaryimage\"},\"image\":{\"@id\":\"https:\\\/\\\/repliquemangacine.fr\\\/armes-de-pirates\\\/canon-naval-anglais-18eme-siecle\\\/#primaryimage\"},\"thumbnailUrl\":\"https:\\\/\\\/repliquemangacine.fr\\\/wp-content\\\/uploads\\\/2023\\\/10\\\/canon-denix.jpg\",\"datePublished\":\"2021-12-14T17:09:13+00:00\",\"dateModified\":\"2025-12-04T10:59:48+00:00\",\"description\":\"Superbe r\u00e9plique du Canon Naval Anglais 18\u00e8me si\u00e8cles sign\u00e9 Denix. Fabriqu\u00e9 en bois et zamac. Finition parfaite. Longueur 28cm-Poids 1050grs\",\"breadcrumb\":{\"@id\":\"https:\\\/\\\/repliquemangacine.fr\\\/armes-de-pirates\\\/canon-naval-anglais-18eme-siecle\\\/#breadcrumb\"},\"inLanguage\":\"en-US\",\"potentialAction\":[{\"@type\":\"ReadAction\",\"target\":[\"https:\\\/\\\/repliquemangacine.fr\\\/armes-de-pirates\\\/canon-naval-anglais-18eme-siecle\\\/\"]}]},{\"@type\":\"ImageObject\",\"inLanguage\":\"en-US\",\"@id\":\"https:\\\/\\\/repliquemangacine.fr\\\/armes-de-pirates\\\/canon-naval-anglais-18eme-siecle\\\/#primaryimage\",\"url\":\"https:\\\/\\\/repliquemangacine.fr\\\/wp-content\\\/uploads\\\/2023\\\/10\\\/canon-denix.jpg\",\"contentUrl\":\"https:\\\/\\\/repliquemangacine.fr\\\/wp-content\\\/uploads\\\/2023\\\/10\\\/canon-denix.jpg\",\"width\":800,\"height\":800,\"caption\":\"Canon Naval Anglais 18eme siecle miniature Denix\"},{\"@type\":\"BreadcrumbList\",\"@id\":\"https:\\\/\\\/repliquemangacine.fr\\\/armes-de-pirates\\\/canon-naval-anglais-18eme-siecle\\\/#breadcrumb\",\"itemListElement\":[{\"@type\":\"ListItem\",\"position\":1,\"name\":\"Accueil\",\"item\":\"https:\\\/\\\/repliquemangacine.fr\\\/\"},{\"@type\":\"ListItem\",\"position\":2,\"name\":\"Produits\",\"item\":\"https:\\\/\\\/repliquemangacine.fr\\\/boutique\\\/\"},{\"@type\":\"ListItem\",\"position\":3,\"name\":\"Canon Naval Anglais 18\u00e8me si\u00e8cle\"}]},{\"@type\":\"WebSite\",\"@id\":\"https:\\\/\\\/repliquemangacine.fr\\\/#website\",\"url\":\"https:\\\/\\\/repliquemangacine.fr\\\/\",\"name\":\"R\u00e9plique Manga Cin\u00e9\",\"description\":\"\",\"publisher\":{\"@id\":\"https:\\\/\\\/repliquemangacine.fr\\\/#organization\"},\"potentialAction\":[{\"@type\":\"SearchAction\",\"target\":{\"@type\":\"EntryPoint\",\"urlTemplate\":\"https:\\\/\\\/repliquemangacine.fr\\\/?s={search_term_string}\"},\"query-input\":{\"@type\":\"PropertyValueSpecification\",\"valueRequired\":true,\"valueName\":\"search_term_string\"}}],\"inLanguage\":\"en-US\"},{\"@type\":\"Organization\",\"@id\":\"https:\\\/\\\/repliquemangacine.fr\\\/#organization\",\"name\":\"R\u00e9plique Manga Cin\u00e9\",\"url\":\"https:\\\/\\\/repliquemangacine.fr\\\/\",\"logo\":{\"@type\":\"ImageObject\",\"inLanguage\":\"en-US\",\"@id\":\"https:\\\/\\\/repliquemangacine.fr\\\/#\\\/schema\\\/logo\\\/image\\\/\",\"url\":\"https:\\\/\\\/repliquemangacine.fr\\\/wp-content\\\/uploads\\\/2023\\\/10\\\/RMC-500250.png\",\"contentUrl\":\"https:\\\/\\\/repliquemangacine.fr\\\/wp-content\\\/uploads\\\/2023\\\/10\\\/RMC-500250.png\",\"width\":500,\"height\":250,\"caption\":\"R\u00e9plique Manga Cin\u00e9\"},\"image\":{\"@id\":\"https:\\\/\\\/repliquemangacine.fr\\\/#\\\/schema\\\/logo\\\/image\\\/\"},\"sameAs\":[\"https:\\\/\\\/www.facebook.com\\\/RepliqueMangaCine\",\"https:\\\/\\\/www.instagram.com\\\/repliquemangacine.fr\\\/\"]}]}<\/script>\n<!-- \/ Yoast SEO plugin. -->","yoast_head_json":{"title":"18th century English naval cannon - R\u00e9plique Manga Cin\u00e9","description":"Superb replica of Denix's 18th century English Naval Cannon. Made of wood and zamac. Perfect finish. Length 28cm-Weight 1050grs","robots":{"index":"index","follow":"follow","max-snippet":"max-snippet:-1","max-image-preview":"max-image-preview:large","max-video-preview":"max-video-preview:-1"},"canonical":"https:\/\/repliquemangacine.fr\/en\/pirate-weapons\/18th-century-english-naval-gun\/","og_locale":"en_US","og_type":"article","og_title":"Canon Naval Anglais 18\u00e8me si\u00e8cle - R\u00e9plique Manga Cin\u00e9","og_description":"Superbe r\u00e9plique du Canon Naval Anglais 18\u00e8me si\u00e8cles sign\u00e9 Denix. Fabriqu\u00e9 en bois et zamac. Finition parfaite. Longueur 28cm-Poids 1050grs","og_url":"https:\/\/repliquemangacine.fr\/en\/pirate-weapons\/18th-century-english-naval-gun\/","og_site_name":"R\u00e9plique Manga Cin\u00e9","article_publisher":"https:\/\/www.facebook.com\/RepliqueMangaCine","article_modified_time":"2025-12-04T10:59:48+00:00","og_image":[{"width":800,"height":800,"url":"https:\/\/repliquemangacine.fr\/wp-content\/uploads\/2023\/10\/canon-denix.jpg","type":"image\/jpeg"}],"twitter_card":"summary_large_image","twitter_misc":{"Est. reading time":"1 minute"},"schema":{"@context":"https:\/\/schema.org","@graph":[{"@type":"WebPage","@id":"https:\/\/repliquemangacine.fr\/armes-de-pirates\/canon-naval-anglais-18eme-siecle\/","url":"https:\/\/repliquemangacine.fr\/armes-de-pirates\/canon-naval-anglais-18eme-siecle\/","name":"18th century English naval cannon - R\u00e9plique Manga Cin\u00e9","isPartOf":{"@id":"https:\/\/repliquemangacine.fr\/#website"},"primaryImageOfPage":{"@id":"https:\/\/repliquemangacine.fr\/armes-de-pirates\/canon-naval-anglais-18eme-siecle\/#primaryimage"},"image":{"@id":"https:\/\/repliquemangacine.fr\/armes-de-pirates\/canon-naval-anglais-18eme-siecle\/#primaryimage"},"thumbnailUrl":"https:\/\/repliquemangacine.fr\/wp-content\/uploads\/2023\/10\/canon-denix.jpg","datePublished":"2021-12-14T17:09:13+00:00","dateModified":"2025-12-04T10:59:48+00:00","description":"Superb replica of Denix's 18th century English Naval Cannon. Made of wood and zamac. Perfect finish. Length 28cm-Weight 1050grs","breadcrumb":{"@id":"https:\/\/repliquemangacine.fr\/armes-de-pirates\/canon-naval-anglais-18eme-siecle\/#breadcrumb"},"inLanguage":"en-US","potentialAction":[{"@type":"ReadAction","target":["https:\/\/repliquemangacine.fr\/armes-de-pirates\/canon-naval-anglais-18eme-siecle\/"]}]},{"@type":"ImageObject","inLanguage":"en-US","@id":"https:\/\/repliquemangacine.fr\/armes-de-pirates\/canon-naval-anglais-18eme-siecle\/#primaryimage","url":"https:\/\/repliquemangacine.fr\/wp-content\/uploads\/2023\/10\/canon-denix.jpg","contentUrl":"https:\/\/repliquemangacine.fr\/wp-content\/uploads\/2023\/10\/canon-denix.jpg","width":800,"height":800,"caption":"Canon Naval Anglais 18eme siecle miniature Denix"},{"@type":"BreadcrumbList","@id":"https:\/\/repliquemangacine.fr\/armes-de-pirates\/canon-naval-anglais-18eme-siecle\/#breadcrumb","itemListElement":[{"@type":"ListItem","position":1,"name":"Accueil","item":"https:\/\/repliquemangacine.fr\/"},{"@type":"ListItem","position":2,"name":"Produits","item":"https:\/\/repliquemangacine.fr\/boutique\/"},{"@type":"ListItem","position":3,"name":"Canon Naval Anglais 18\u00e8me si\u00e8cle"}]},{"@type":"WebSite","@id":"https:\/\/repliquemangacine.fr\/#website","url":"https:\/\/repliquemangacine.fr\/","name":"R\u00e9plique Manga Cin\u00e9","description":"","publisher":{"@id":"https:\/\/repliquemangacine.fr\/#organization"},"potentialAction":[{"@type":"SearchAction","target":{"@type":"EntryPoint","urlTemplate":"https:\/\/repliquemangacine.fr\/?s={search_term_string}"},"query-input":{"@type":"PropertyValueSpecification","valueRequired":true,"valueName":"search_term_string"}}],"inLanguage":"en-US"},{"@type":"Organization","@id":"https:\/\/repliquemangacine.fr\/#organization","name":"R\u00e9plique Manga Cin\u00e9","url":"https:\/\/repliquemangacine.fr\/","logo":{"@type":"ImageObject","inLanguage":"en-US","@id":"https:\/\/repliquemangacine.fr\/#\/schema\/logo\/image\/","url":"https:\/\/repliquemangacine.fr\/wp-content\/uploads\/2023\/10\/RMC-500250.png","contentUrl":"https:\/\/repliquemangacine.fr\/wp-content\/uploads\/2023\/10\/RMC-500250.png","width":500,"height":250,"caption":"R\u00e9plique Manga Cin\u00e9"},"image":{"@id":"https:\/\/repliquemangacine.fr\/#\/schema\/logo\/image\/"},"sameAs":["https:\/\/www.facebook.com\/RepliqueMangaCine","https:\/\/www.instagram.com\/repliquemangacine.fr\/"]}]}},"_links":{"self":[{"href":"https:\/\/repliquemangacine.fr\/en\/wp-json\/wp\/v2\/product\/46238","targetHints":{"allow":["GET"]}}],"collection":[{"href":"https:\/\/repliquemangacine.fr\/en\/wp-json\/wp\/v2\/product"}],"about":[{"href":"https:\/\/repliquemangacine.fr\/en\/wp-json\/wp\/v2\/types\/product"}],"wp:featuredmedia":[{"embeddable":true,"href":"https:\/\/repliquemangacine.fr\/en\/wp-json\/wp\/v2\/media\/46239"}],"wp:attachment":[{"href":"https:\/\/repliquemangacine.fr\/en\/wp-json\/wp\/v2\/media?parent=46238"}],"wp:term":[{"taxonomy":"product_brand","embeddable":true,"href":"https:\/\/repliquemangacine.fr\/en\/wp-json\/wp\/v2\/product_brand?post=46238"},{"taxonomy":"product_cat","embeddable":true,"href":"https:\/\/repliquemangacine.fr\/en\/wp-json\/wp\/v2\/product_cat?post=46238"},{"taxonomy":"product_tag","embeddable":true,"href":"https:\/\/repliquemangacine.fr\/en\/wp-json\/wp\/v2\/product_tag?post=46238"}],"curies":[{"name":"wp","href":"https:\/\/api.w.org\/{rel}","templated":true}]}}