





{"id":43253,"date":"2021-09-30T15:26:05","date_gmt":"2021-09-30T13:26:05","guid":{"rendered":"https:\/\/repliquemangacine.fr\/?post_type=product&#038;p=43253"},"modified":"2026-02-01T21:00:37","modified_gmt":"2026-02-01T20:00:37","slug":"pistol-napoleon-2-barrels-denix","status":"publish","type":"product","link":"https:\/\/repliquemangacine.fr\/en\/replique-d-armes-1er-empire\/pistolet-napoleon-2-canons-denix\/","title":{"rendered":"Napoleon 2-barrel pistol"},"content":{"rendered":"<h2>Napoleon 2-barrel 1806 Denix pistol.<\/h2>\n<p>To start, the Pistolet Napol\u00e9on 2 canons 1806, made in Saint-Etienne by Jean-Baptiste Gribeauval by express order of Emperor Napol\u00e9on I. It bears his insignia on the grip. Napoleon used it as a traveling pistol.<\/p>\n<p>Spark guns had a flint or flint stone which, when triggered by the hammer, produced the spark that ignited the gunpowder. All these weapons required manual reloading of their ammunition after each shot.<\/p>\n<p>The flintlock pistol remained the most widely used pistol in Europe and beyond for over 200 years. Widely used by armies, especially during the Napoleonic era. In fact, highly sought-after for historical re-enactments.<\/p>\n<h2>Your Pistolet Napol\u00e9on 2 canons 1806 at the best price.<\/h2>\n<p>We offer a wide selection of Denix replica antique weapons.<\/p>\n<p>First and foremost,<\/p>\n<ul>\n<li>Le Pistolet <a href=\"https:\/\/repliquemangacine.fr\/en\/replica-weapons-1st-empire\/derringer-philadelphia-denix-pistol\/\">Derringer Philadelphia<\/a>. Weapon used to assassinate Abraham Lincoln.<\/li>\n<li>As well as the <a href=\"https:\/\/repliquemangacine.fr\/en\/antique-pistol\/left-handed-flintlock-pistol-denix\/\">Napoleon flintlock pistol<\/a> especially for left-handers.<\/li>\n<li>And many more to discover in our online store!<\/li>\n<\/ul>\n<p>That's why we've come up with some great gift ideas for all antique gun enthusiasts.<\/p>\n<p>In conclusion, you can use the <strong>Napoleon 2-barrel 1806 pistol<\/strong> for your historical re-enactments. But above all, it's a collector's item and a decoration.<\/p>\n<p>R\u00e9plique Manga Cin\u00e9 is a French family business and official distributor of <a href=\"https:\/\/www.denix.fr\/fr\/catalogue\/armes-historiques-s-xvi-xix\/pistolets\/1026\/\" target=\"_blank\" rel=\"noopener noreferrer\">Denix<\/a>.<\/p>\n<h2>How are Denix replica weapons made?<\/h2>\n<p>Used in historical re-enactments, films, TV series and by collectors. Denix gun reproductions, made from high-quality materials. Carefully crafted and assembled to create realistic collector's weapons.<\/p>\n<ul>\n<li>The metals are in a metal alloy known as Zamac, whose basic composition is zinc in 95%.<\/li>\n<li>The plastic parts of the replicas are made of molded ABS, offering high resistance.<\/li>\n<li>Wood chosen for its beauty and durability, such as mahogany, olive or walnut, will give your butts and barrels an elegant, authentic appearance.<\/li>\n<\/ul>\n<p>Please note that all Denix reproductions are identical to the originals, like your <strong>Napoleon 2-barrel 1806 pistol<\/strong>.<\/p>","protected":false},"excerpt":{"rendered":"<p>Napoleon pistol identical to the original model.<\/p>\n<ul>\n<li>Solid wood stock, finely engraved with the crown emblem.<\/li>\n<li>Mechanism and both barrels are made of Zamac.<\/li>\n<li>Guns and strikes like the real thing<\/li>\n<li>Unfit for shooting.<\/li>\n<li>No authorization required. Free sale and possession.<\/li>\n<li>Length: 37 cm - Weight 1190 grs<\/li>\n<\/ul>","protected":false},"featured_media":43254,"template":"","meta":[],"product_brand":[896],"product_cat":[25,102,52,37,83,28,833],"product_tag":[],"class_list":{"0":"post-43253","1":"product","2":"type-product","3":"status-publish","4":"has-post-thumbnail","6":"product_brand-replique-manga-cine","7":"product_cat-armes-historiques","8":"product_cat-denix","9":"product_cat-pistolet-ancien","10":"product_cat-premier-empire","11":"product_cat-replique-d-armes-1er-empire","12":"product_cat-repliques-darmes","13":"product_cat-repliques-darmes-napoleon","15":"first","16":"outofstock","17":"sale","18":"taxable","19":"shipping-taxable","20":"purchasable","21":"product-type-simple"},"yoast_head":"<!-- This site is optimized with the Yoast SEO plugin v27.5 - https:\/\/yoast.com\/product\/yoast-seo-wordpress\/ -->\n<title>Pistolet Napol\u00e9on 2 canons - Denix - R\u00e9plique Manga Cin\u00e9<\/title>\n<meta name=\"description\" content=\"Offrez-lui ce Pistolet Napol\u00e9on 2 canons au meilleur prix - Bois et m\u00e9tal - M\u00e9canisme de simulation - Insigne Napol\u00e9on sur la crosse - Denix - Longueur 37cm\" \/>\n<meta name=\"robots\" content=\"index, follow, max-snippet:-1, max-image-preview:large, max-video-preview:-1\" \/>\n<link rel=\"canonical\" href=\"https:\/\/repliquemangacine.fr\/en\/replica-napoleon-guns\/pistol-napoleon-2-barrels-denix\/\" \/>\n<meta property=\"og:locale\" content=\"en_US\" \/>\n<meta property=\"og:type\" content=\"article\" \/>\n<meta property=\"og:title\" content=\"Pistolet Napol\u00e9on 2 canons - Denix - R\u00e9plique Manga Cin\u00e9\" \/>\n<meta property=\"og:description\" content=\"Offrez-lui ce Pistolet Napol\u00e9on 2 canons au meilleur prix - Bois et m\u00e9tal - M\u00e9canisme de simulation - Insigne Napol\u00e9on sur la crosse - Denix - Longueur 37cm\" \/>\n<meta property=\"og:url\" content=\"https:\/\/repliquemangacine.fr\/en\/replica-napoleon-guns\/pistol-napoleon-2-barrels-denix\/\" \/>\n<meta property=\"og:site_name\" content=\"R\u00e9plique Manga Cin\u00e9\" \/>\n<meta property=\"article:publisher\" content=\"https:\/\/www.facebook.com\/RepliqueMangaCine\" \/>\n<meta property=\"article:modified_time\" content=\"2026-02-01T20:00:37+00:00\" \/>\n<meta property=\"og:image\" content=\"https:\/\/repliquemangacine.fr\/wp-content\/uploads\/2023\/10\/1026.jpg\" \/>\n\t<meta property=\"og:image:width\" content=\"800\" \/>\n\t<meta property=\"og:image:height\" content=\"800\" \/>\n\t<meta property=\"og:image:type\" content=\"image\/jpeg\" \/>\n<meta name=\"twitter:card\" content=\"summary_large_image\" \/>\n<meta name=\"twitter:label1\" content=\"Est. reading time\" \/>\n\t<meta name=\"twitter:data1\" content=\"2 minutes\" \/>\n<script type=\"application\/ld+json\" class=\"yoast-schema-graph\">{\"@context\":\"https:\\\/\\\/schema.org\",\"@graph\":[{\"@type\":\"WebPage\",\"@id\":\"https:\\\/\\\/repliquemangacine.fr\\\/repliques-darmes-napoleon\\\/pistolet-napoleon-2-canons-denix\\\/\",\"url\":\"https:\\\/\\\/repliquemangacine.fr\\\/repliques-darmes-napoleon\\\/pistolet-napoleon-2-canons-denix\\\/\",\"name\":\"Pistolet Napol\u00e9on 2 canons - Denix - R\u00e9plique Manga Cin\u00e9\",\"isPartOf\":{\"@id\":\"https:\\\/\\\/repliquemangacine.fr\\\/#website\"},\"primaryImageOfPage\":{\"@id\":\"https:\\\/\\\/repliquemangacine.fr\\\/repliques-darmes-napoleon\\\/pistolet-napoleon-2-canons-denix\\\/#primaryimage\"},\"image\":{\"@id\":\"https:\\\/\\\/repliquemangacine.fr\\\/repliques-darmes-napoleon\\\/pistolet-napoleon-2-canons-denix\\\/#primaryimage\"},\"thumbnailUrl\":\"https:\\\/\\\/repliquemangacine.fr\\\/wp-content\\\/uploads\\\/2023\\\/10\\\/1026.jpg\",\"datePublished\":\"2021-09-30T13:26:05+00:00\",\"dateModified\":\"2026-02-01T20:00:37+00:00\",\"description\":\"Offrez-lui ce Pistolet Napol\u00e9on 2 canons au meilleur prix - Bois et m\u00e9tal - M\u00e9canisme de simulation - Insigne Napol\u00e9on sur la crosse - Denix - Longueur 37cm\",\"breadcrumb\":{\"@id\":\"https:\\\/\\\/repliquemangacine.fr\\\/repliques-darmes-napoleon\\\/pistolet-napoleon-2-canons-denix\\\/#breadcrumb\"},\"inLanguage\":\"en-US\",\"potentialAction\":[{\"@type\":\"ReadAction\",\"target\":[\"https:\\\/\\\/repliquemangacine.fr\\\/repliques-darmes-napoleon\\\/pistolet-napoleon-2-canons-denix\\\/\"]}]},{\"@type\":\"ImageObject\",\"inLanguage\":\"en-US\",\"@id\":\"https:\\\/\\\/repliquemangacine.fr\\\/repliques-darmes-napoleon\\\/pistolet-napoleon-2-canons-denix\\\/#primaryimage\",\"url\":\"https:\\\/\\\/repliquemangacine.fr\\\/wp-content\\\/uploads\\\/2023\\\/10\\\/1026.jpg\",\"contentUrl\":\"https:\\\/\\\/repliquemangacine.fr\\\/wp-content\\\/uploads\\\/2023\\\/10\\\/1026.jpg\",\"width\":800,\"height\":800,\"caption\":\"Pistolet Napol\u00e9on 2 canons\"},{\"@type\":\"BreadcrumbList\",\"@id\":\"https:\\\/\\\/repliquemangacine.fr\\\/repliques-darmes-napoleon\\\/pistolet-napoleon-2-canons-denix\\\/#breadcrumb\",\"itemListElement\":[{\"@type\":\"ListItem\",\"position\":1,\"name\":\"Accueil\",\"item\":\"https:\\\/\\\/repliquemangacine.fr\\\/\"},{\"@type\":\"ListItem\",\"position\":2,\"name\":\"Produits\",\"item\":\"https:\\\/\\\/repliquemangacine.fr\\\/boutique\\\/\"},{\"@type\":\"ListItem\",\"position\":3,\"name\":\"Pistolet Napol\u00e9on 2 canons\"}]},{\"@type\":\"WebSite\",\"@id\":\"https:\\\/\\\/repliquemangacine.fr\\\/#website\",\"url\":\"https:\\\/\\\/repliquemangacine.fr\\\/\",\"name\":\"R\u00e9plique Manga Cin\u00e9\",\"description\":\"\",\"publisher\":{\"@id\":\"https:\\\/\\\/repliquemangacine.fr\\\/#organization\"},\"potentialAction\":[{\"@type\":\"SearchAction\",\"target\":{\"@type\":\"EntryPoint\",\"urlTemplate\":\"https:\\\/\\\/repliquemangacine.fr\\\/?s={search_term_string}\"},\"query-input\":{\"@type\":\"PropertyValueSpecification\",\"valueRequired\":true,\"valueName\":\"search_term_string\"}}],\"inLanguage\":\"en-US\"},{\"@type\":\"Organization\",\"@id\":\"https:\\\/\\\/repliquemangacine.fr\\\/#organization\",\"name\":\"R\u00e9plique Manga Cin\u00e9\",\"url\":\"https:\\\/\\\/repliquemangacine.fr\\\/\",\"logo\":{\"@type\":\"ImageObject\",\"inLanguage\":\"en-US\",\"@id\":\"https:\\\/\\\/repliquemangacine.fr\\\/#\\\/schema\\\/logo\\\/image\\\/\",\"url\":\"https:\\\/\\\/repliquemangacine.fr\\\/wp-content\\\/uploads\\\/2023\\\/10\\\/RMC-500250.png\",\"contentUrl\":\"https:\\\/\\\/repliquemangacine.fr\\\/wp-content\\\/uploads\\\/2023\\\/10\\\/RMC-500250.png\",\"width\":500,\"height\":250,\"caption\":\"R\u00e9plique Manga Cin\u00e9\"},\"image\":{\"@id\":\"https:\\\/\\\/repliquemangacine.fr\\\/#\\\/schema\\\/logo\\\/image\\\/\"},\"sameAs\":[\"https:\\\/\\\/www.facebook.com\\\/RepliqueMangaCine\",\"https:\\\/\\\/www.instagram.com\\\/repliquemangacine.fr\\\/\"]}]}<\/script>\n<!-- \/ Yoast SEO plugin. -->","yoast_head_json":{"title":"Napoleon 2-barrel pistol - Denix - R\u00e9plique Manga Cin\u00e9","description":"Offer him this Napoleon 2-barrel pistol at the best price - Wood and metal - Simulation mechanism - Napoleon insignia on the stock - Denix - Length 37cm","robots":{"index":"index","follow":"follow","max-snippet":"max-snippet:-1","max-image-preview":"max-image-preview:large","max-video-preview":"max-video-preview:-1"},"canonical":"https:\/\/repliquemangacine.fr\/en\/replica-napoleon-guns\/pistol-napoleon-2-barrels-denix\/","og_locale":"en_US","og_type":"article","og_title":"Pistolet Napol\u00e9on 2 canons - Denix - R\u00e9plique Manga Cin\u00e9","og_description":"Offrez-lui ce Pistolet Napol\u00e9on 2 canons au meilleur prix - Bois et m\u00e9tal - M\u00e9canisme de simulation - Insigne Napol\u00e9on sur la crosse - Denix - Longueur 37cm","og_url":"https:\/\/repliquemangacine.fr\/en\/replica-napoleon-guns\/pistol-napoleon-2-barrels-denix\/","og_site_name":"R\u00e9plique Manga Cin\u00e9","article_publisher":"https:\/\/www.facebook.com\/RepliqueMangaCine","article_modified_time":"2026-02-01T20:00:37+00:00","og_image":[{"width":800,"height":800,"url":"https:\/\/repliquemangacine.fr\/wp-content\/uploads\/2023\/10\/1026.jpg","type":"image\/jpeg"}],"twitter_card":"summary_large_image","twitter_misc":{"Est. reading time":"2 minutes"},"schema":{"@context":"https:\/\/schema.org","@graph":[{"@type":"WebPage","@id":"https:\/\/repliquemangacine.fr\/repliques-darmes-napoleon\/pistolet-napoleon-2-canons-denix\/","url":"https:\/\/repliquemangacine.fr\/repliques-darmes-napoleon\/pistolet-napoleon-2-canons-denix\/","name":"Napoleon 2-barrel pistol - Denix - R\u00e9plique Manga Cin\u00e9","isPartOf":{"@id":"https:\/\/repliquemangacine.fr\/#website"},"primaryImageOfPage":{"@id":"https:\/\/repliquemangacine.fr\/repliques-darmes-napoleon\/pistolet-napoleon-2-canons-denix\/#primaryimage"},"image":{"@id":"https:\/\/repliquemangacine.fr\/repliques-darmes-napoleon\/pistolet-napoleon-2-canons-denix\/#primaryimage"},"thumbnailUrl":"https:\/\/repliquemangacine.fr\/wp-content\/uploads\/2023\/10\/1026.jpg","datePublished":"2021-09-30T13:26:05+00:00","dateModified":"2026-02-01T20:00:37+00:00","description":"Offer him this Napoleon 2-barrel pistol at the best price - Wood and metal - Simulation mechanism - Napoleon insignia on the stock - Denix - Length 37cm","breadcrumb":{"@id":"https:\/\/repliquemangacine.fr\/repliques-darmes-napoleon\/pistolet-napoleon-2-canons-denix\/#breadcrumb"},"inLanguage":"en-US","potentialAction":[{"@type":"ReadAction","target":["https:\/\/repliquemangacine.fr\/repliques-darmes-napoleon\/pistolet-napoleon-2-canons-denix\/"]}]},{"@type":"ImageObject","inLanguage":"en-US","@id":"https:\/\/repliquemangacine.fr\/repliques-darmes-napoleon\/pistolet-napoleon-2-canons-denix\/#primaryimage","url":"https:\/\/repliquemangacine.fr\/wp-content\/uploads\/2023\/10\/1026.jpg","contentUrl":"https:\/\/repliquemangacine.fr\/wp-content\/uploads\/2023\/10\/1026.jpg","width":800,"height":800,"caption":"Pistolet Napol\u00e9on 2 canons"},{"@type":"BreadcrumbList","@id":"https:\/\/repliquemangacine.fr\/repliques-darmes-napoleon\/pistolet-napoleon-2-canons-denix\/#breadcrumb","itemListElement":[{"@type":"ListItem","position":1,"name":"Accueil","item":"https:\/\/repliquemangacine.fr\/"},{"@type":"ListItem","position":2,"name":"Produits","item":"https:\/\/repliquemangacine.fr\/boutique\/"},{"@type":"ListItem","position":3,"name":"Pistolet Napol\u00e9on 2 canons"}]},{"@type":"WebSite","@id":"https:\/\/repliquemangacine.fr\/#website","url":"https:\/\/repliquemangacine.fr\/","name":"R\u00e9plique Manga Cin\u00e9","description":"","publisher":{"@id":"https:\/\/repliquemangacine.fr\/#organization"},"potentialAction":[{"@type":"SearchAction","target":{"@type":"EntryPoint","urlTemplate":"https:\/\/repliquemangacine.fr\/?s={search_term_string}"},"query-input":{"@type":"PropertyValueSpecification","valueRequired":true,"valueName":"search_term_string"}}],"inLanguage":"en-US"},{"@type":"Organization","@id":"https:\/\/repliquemangacine.fr\/#organization","name":"R\u00e9plique Manga Cin\u00e9","url":"https:\/\/repliquemangacine.fr\/","logo":{"@type":"ImageObject","inLanguage":"en-US","@id":"https:\/\/repliquemangacine.fr\/#\/schema\/logo\/image\/","url":"https:\/\/repliquemangacine.fr\/wp-content\/uploads\/2023\/10\/RMC-500250.png","contentUrl":"https:\/\/repliquemangacine.fr\/wp-content\/uploads\/2023\/10\/RMC-500250.png","width":500,"height":250,"caption":"R\u00e9plique Manga Cin\u00e9"},"image":{"@id":"https:\/\/repliquemangacine.fr\/#\/schema\/logo\/image\/"},"sameAs":["https:\/\/www.facebook.com\/RepliqueMangaCine","https:\/\/www.instagram.com\/repliquemangacine.fr\/"]}]}},"_links":{"self":[{"href":"https:\/\/repliquemangacine.fr\/en\/wp-json\/wp\/v2\/product\/43253","targetHints":{"allow":["GET"]}}],"collection":[{"href":"https:\/\/repliquemangacine.fr\/en\/wp-json\/wp\/v2\/product"}],"about":[{"href":"https:\/\/repliquemangacine.fr\/en\/wp-json\/wp\/v2\/types\/product"}],"wp:featuredmedia":[{"embeddable":true,"href":"https:\/\/repliquemangacine.fr\/en\/wp-json\/wp\/v2\/media\/43254"}],"wp:attachment":[{"href":"https:\/\/repliquemangacine.fr\/en\/wp-json\/wp\/v2\/media?parent=43253"}],"wp:term":[{"taxonomy":"product_brand","embeddable":true,"href":"https:\/\/repliquemangacine.fr\/en\/wp-json\/wp\/v2\/product_brand?post=43253"},{"taxonomy":"product_cat","embeddable":true,"href":"https:\/\/repliquemangacine.fr\/en\/wp-json\/wp\/v2\/product_cat?post=43253"},{"taxonomy":"product_tag","embeddable":true,"href":"https:\/\/repliquemangacine.fr\/en\/wp-json\/wp\/v2\/product_tag?post=43253"}],"curies":[{"name":"wp","href":"https:\/\/api.w.org\/{rel}","templated":true}]}}