





{"id":42340,"date":"2021-08-20T17:38:19","date_gmt":"2021-08-20T15:38:19","guid":{"rendered":"https:\/\/repliquemangacine.fr\/?post_type=product&#038;p=42340"},"modified":"2025-11-10T16:22:23","modified_gmt":"2025-11-10T15:22:23","slug":"concealed-blade-gauntlet-assassins-creed-black-flag","status":"publish","type":"product","link":"https:\/\/repliquemangacine.fr\/en\/gantelets-assassins-creed\/lame-dissimulee-gantelet-assassins-creed-black-flag\/","title":{"rendered":"Concealed gauntlet blade"},"content":{"rendered":"<h2>Concealed gauntlet blade in Assassin's Creed Black Flag.<\/h2>\n<p>To begin with, the <strong>Concealed gauntlet blade<\/strong> in Assassin's Creed Black Flag is one of Edward's secret blades. In fact, the dual wielding of weapons is explored in depth. Edward is able to carry up to four pistols, chaining together as many enemies in a matter of seconds.<\/p>\n<p>In addition to his pistols and secret blades, Edward is equipped with a pair of sabers. The blowpipe, which appeared in Assassin's Creed III: Liberation, returns in Black Flag, as does the rope dagger.<\/p>\n<p><a href=\"https:\/\/assassinscreed.fandom.com\/fr\/wiki\/Assassin's_Creed_IV:_Black_Flag\" target=\"_blank\" rel=\"noopener noreferrer\">Assassin's Creed Black Flag<\/a> is the story of Edward Kenway, a young British man with a thirst for danger and adventure. A fierce pirate and seasoned fighter, his quest for fame and fortune earns him the respect of legendary pirates. He's also plunged into the heart of the ancient war between Assassins and Templars.<\/p>\n<h2>Your Hidden Blade gauntlet in Assassin's Creed at the best price<\/h2>\n<p>We offer a wide selection of replicas of the famous Assassin's Creed video game.<\/p>\n<p>First and foremost,<\/p>\n<ul>\n<li>The famous <a href=\"https:\/\/repliquemangacine.fr\/en\/assassins-creed\/sword-rod-assassins-creed\/\">Jacob's sword cane<\/a> in Assassin's Creed Syndicate.<\/li>\n<li>There's also the whole <a href=\"https:\/\/repliquemangacine.fr\/en\/assassins-creed\/axes-assassins-creed-valhalla\/\">two Eivor axes<\/a> Varinsdottir in Assassin's Creed Valhalla.<\/li>\n<li>But also the <a href=\"https:\/\/repliquemangacine.fr\/en\/assassins-creed\/edward-kenway-italian-flintlock-pistol-assassin-s-creed-iv\/\">Edward Kenway's pistol<\/a> in Assassin's Creed Black Flag.<\/li>\n<li>And many more to discover in our online store!<\/li>\n<\/ul>\n<p>That's why here are some great gift ideas for fans of the historic Assassin's Creed series.<\/p>\n<p>In conclusion, you can use <strong>Concealed gauntlet blade<\/strong> for your Cosplays parades, or theme parties.<\/p>\n<p>But above all, this blade is a collector's item and a decorative piece.<\/p>\n<h2>Our latest cheap Assassin's Creed releases<\/h2>\n<p>Our aim is to satisfy you, which is why we do everything we can to find the collectibles you're looking for. So don't hesitate to let us know what you think, so that we can continue the adventure together!<\/p>\n<p>Always on the cutting edge of new products, and always ready to listen to your product searches, we are pleased to offer you a few little nuggets such as :<\/p>\n<ul>\n<li>Eivor's two axes in Assassin's creed Valhalla.<\/li>\n<li>The latest addition to the <a href=\"https:\/\/repliquemangacine.fr\/en\/assassins-creed-swords-assassins-creed-weapons\/marteau-thor-assassins-creed-valhalla\/\">thor's hammer<\/a> in Assassin's Creed Valhalla<\/li>\n<li>And many more to discover soon, such as the Assassin's creed figurines.<\/li>\n<\/ul>\n<p>replica Manga Cin\u00e9 is a French family business.<\/p>","protected":false},"excerpt":{"rendered":"<p>Gauntlet with concealed pirate blade used by Edward Kenway in Assassin's Creed IV Black Flag.<\/p>\n<ul>\n<li>Spring-loaded plastic retractable blade.<\/li>\n<li>Lock and release the blade with a switchblade action, just like in the game.<\/li>\n<li>The blade attaches to the lower forearm with adjustable straps.<\/li>\n<li>Black leatherette-style gauntlet.<\/li>\n<li>Skull-shaped buckle, exact replica of the one worn by Edward Kenway.<\/li>\n<li>This brooch loop can also be worn.<\/li>\n<li>Delivered in a box bearing the game's logo<\/li>\n<\/ul>","protected":false},"featured_media":42341,"template":"","meta":[],"product_brand":[896],"product_cat":[48,835,23],"product_tag":[],"class_list":{"0":"post-42340","1":"product","2":"type-product","3":"status-publish","4":"has-post-thumbnail","6":"product_brand-replique-manga-cine","7":"product_cat-epees-assassins-creed-armes-assassins-creed","8":"product_cat-gantelets-assassins-creed","9":"product_cat-repliques-manga-jeux-video","11":"first","12":"outofstock","13":"taxable","14":"shipping-taxable","15":"purchasable","16":"product-type-simple"},"yoast_head":"<!-- This site is optimized with the Yoast SEO plugin v27.5 - https:\/\/yoast.com\/product\/yoast-seo-wordpress\/ -->\n<title>Lame dissimul\u00e9e gantelet - R\u00e9plique Manga Cin\u00e9<\/title>\n<meta name=\"description\" content=\"Commandez vite ! Cette Lame dissimul\u00e9e gantelet dans Assassin&#039;s Creed Black flag au meilleur prix. Brassard en simili cuir noir. Lame r\u00e9tractable\" \/>\n<meta name=\"robots\" content=\"index, follow, max-snippet:-1, max-image-preview:large, max-video-preview:-1\" \/>\n<link rel=\"canonical\" href=\"https:\/\/repliquemangacine.fr\/en\/gauntlets-assassins-creed\/concealed-blade-gauntlet-assassins-creed-black-flag\/\" \/>\n<meta property=\"og:locale\" content=\"en_US\" \/>\n<meta property=\"og:type\" content=\"article\" \/>\n<meta property=\"og:title\" content=\"Lame dissimul\u00e9e gantelet - R\u00e9plique Manga Cin\u00e9\" \/>\n<meta property=\"og:description\" content=\"Commandez vite ! Cette Lame dissimul\u00e9e gantelet dans Assassin&#039;s Creed Black flag au meilleur prix. Brassard en simili cuir noir. Lame r\u00e9tractable\" \/>\n<meta property=\"og:url\" content=\"https:\/\/repliquemangacine.fr\/en\/gauntlets-assassins-creed\/concealed-blade-gauntlet-assassins-creed-black-flag\/\" \/>\n<meta property=\"og:site_name\" content=\"R\u00e9plique Manga Cin\u00e9\" \/>\n<meta property=\"article:publisher\" content=\"https:\/\/www.facebook.com\/RepliqueMangaCine\" \/>\n<meta property=\"article:modified_time\" content=\"2025-11-10T15:22:23+00:00\" \/>\n<meta property=\"og:image\" content=\"https:\/\/repliquemangacine.fr\/wp-content\/uploads\/2023\/10\/lame-pirate.jpg\" \/>\n\t<meta property=\"og:image:width\" content=\"800\" \/>\n\t<meta property=\"og:image:height\" content=\"800\" \/>\n\t<meta property=\"og:image:type\" content=\"image\/jpeg\" \/>\n<meta name=\"twitter:card\" content=\"summary_large_image\" \/>\n<meta name=\"twitter:label1\" content=\"Est. reading time\" \/>\n\t<meta name=\"twitter:data1\" content=\"2 minutes\" \/>\n<script type=\"application\/ld+json\" class=\"yoast-schema-graph\">{\"@context\":\"https:\\\/\\\/schema.org\",\"@graph\":[{\"@type\":\"WebPage\",\"@id\":\"https:\\\/\\\/repliquemangacine.fr\\\/gantelets-assassins-creed\\\/lame-dissimulee-gantelet-assassins-creed-black-flag\\\/\",\"url\":\"https:\\\/\\\/repliquemangacine.fr\\\/gantelets-assassins-creed\\\/lame-dissimulee-gantelet-assassins-creed-black-flag\\\/\",\"name\":\"Lame dissimul\u00e9e gantelet - R\u00e9plique Manga Cin\u00e9\",\"isPartOf\":{\"@id\":\"https:\\\/\\\/repliquemangacine.fr\\\/#website\"},\"primaryImageOfPage\":{\"@id\":\"https:\\\/\\\/repliquemangacine.fr\\\/gantelets-assassins-creed\\\/lame-dissimulee-gantelet-assassins-creed-black-flag\\\/#primaryimage\"},\"image\":{\"@id\":\"https:\\\/\\\/repliquemangacine.fr\\\/gantelets-assassins-creed\\\/lame-dissimulee-gantelet-assassins-creed-black-flag\\\/#primaryimage\"},\"thumbnailUrl\":\"https:\\\/\\\/repliquemangacine.fr\\\/wp-content\\\/uploads\\\/2023\\\/10\\\/lame-pirate.jpg\",\"datePublished\":\"2021-08-20T15:38:19+00:00\",\"dateModified\":\"2025-11-10T15:22:23+00:00\",\"description\":\"Commandez vite ! Cette Lame dissimul\u00e9e gantelet dans Assassin's Creed Black flag au meilleur prix. Brassard en simili cuir noir. Lame r\u00e9tractable\",\"breadcrumb\":{\"@id\":\"https:\\\/\\\/repliquemangacine.fr\\\/gantelets-assassins-creed\\\/lame-dissimulee-gantelet-assassins-creed-black-flag\\\/#breadcrumb\"},\"inLanguage\":\"en-US\",\"potentialAction\":[{\"@type\":\"ReadAction\",\"target\":[\"https:\\\/\\\/repliquemangacine.fr\\\/gantelets-assassins-creed\\\/lame-dissimulee-gantelet-assassins-creed-black-flag\\\/\"]}]},{\"@type\":\"ImageObject\",\"inLanguage\":\"en-US\",\"@id\":\"https:\\\/\\\/repliquemangacine.fr\\\/gantelets-assassins-creed\\\/lame-dissimulee-gantelet-assassins-creed-black-flag\\\/#primaryimage\",\"url\":\"https:\\\/\\\/repliquemangacine.fr\\\/wp-content\\\/uploads\\\/2023\\\/10\\\/lame-pirate.jpg\",\"contentUrl\":\"https:\\\/\\\/repliquemangacine.fr\\\/wp-content\\\/uploads\\\/2023\\\/10\\\/lame-pirate.jpg\",\"width\":800,\"height\":800,\"caption\":\"Lame dissimul\u00e9e gantelet\"},{\"@type\":\"BreadcrumbList\",\"@id\":\"https:\\\/\\\/repliquemangacine.fr\\\/gantelets-assassins-creed\\\/lame-dissimulee-gantelet-assassins-creed-black-flag\\\/#breadcrumb\",\"itemListElement\":[{\"@type\":\"ListItem\",\"position\":1,\"name\":\"Accueil\",\"item\":\"https:\\\/\\\/repliquemangacine.fr\\\/\"},{\"@type\":\"ListItem\",\"position\":2,\"name\":\"Produits\",\"item\":\"https:\\\/\\\/repliquemangacine.fr\\\/boutique\\\/\"},{\"@type\":\"ListItem\",\"position\":3,\"name\":\"Lame dissimul\u00e9e gantelet\"}]},{\"@type\":\"WebSite\",\"@id\":\"https:\\\/\\\/repliquemangacine.fr\\\/#website\",\"url\":\"https:\\\/\\\/repliquemangacine.fr\\\/\",\"name\":\"R\u00e9plique Manga Cin\u00e9\",\"description\":\"\",\"publisher\":{\"@id\":\"https:\\\/\\\/repliquemangacine.fr\\\/#organization\"},\"potentialAction\":[{\"@type\":\"SearchAction\",\"target\":{\"@type\":\"EntryPoint\",\"urlTemplate\":\"https:\\\/\\\/repliquemangacine.fr\\\/?s={search_term_string}\"},\"query-input\":{\"@type\":\"PropertyValueSpecification\",\"valueRequired\":true,\"valueName\":\"search_term_string\"}}],\"inLanguage\":\"en-US\"},{\"@type\":\"Organization\",\"@id\":\"https:\\\/\\\/repliquemangacine.fr\\\/#organization\",\"name\":\"R\u00e9plique Manga Cin\u00e9\",\"url\":\"https:\\\/\\\/repliquemangacine.fr\\\/\",\"logo\":{\"@type\":\"ImageObject\",\"inLanguage\":\"en-US\",\"@id\":\"https:\\\/\\\/repliquemangacine.fr\\\/#\\\/schema\\\/logo\\\/image\\\/\",\"url\":\"https:\\\/\\\/repliquemangacine.fr\\\/wp-content\\\/uploads\\\/2023\\\/10\\\/RMC-500250.png\",\"contentUrl\":\"https:\\\/\\\/repliquemangacine.fr\\\/wp-content\\\/uploads\\\/2023\\\/10\\\/RMC-500250.png\",\"width\":500,\"height\":250,\"caption\":\"R\u00e9plique Manga Cin\u00e9\"},\"image\":{\"@id\":\"https:\\\/\\\/repliquemangacine.fr\\\/#\\\/schema\\\/logo\\\/image\\\/\"},\"sameAs\":[\"https:\\\/\\\/www.facebook.com\\\/RepliqueMangaCine\",\"https:\\\/\\\/www.instagram.com\\\/repliquemangacine.fr\\\/\"]}]}<\/script>\n<!-- \/ Yoast SEO plugin. -->","yoast_head_json":{"title":"Concealed gauntlet blade - R\u00e9plique Manga Cin\u00e9","description":"Order now! This concealed blade gauntlet in Assassin's Creed Black flag at the best price. Black leatherette cuff. Retractable blade","robots":{"index":"index","follow":"follow","max-snippet":"max-snippet:-1","max-image-preview":"max-image-preview:large","max-video-preview":"max-video-preview:-1"},"canonical":"https:\/\/repliquemangacine.fr\/en\/gauntlets-assassins-creed\/concealed-blade-gauntlet-assassins-creed-black-flag\/","og_locale":"en_US","og_type":"article","og_title":"Lame dissimul\u00e9e gantelet - R\u00e9plique Manga Cin\u00e9","og_description":"Commandez vite ! Cette Lame dissimul\u00e9e gantelet dans Assassin's Creed Black flag au meilleur prix. Brassard en simili cuir noir. Lame r\u00e9tractable","og_url":"https:\/\/repliquemangacine.fr\/en\/gauntlets-assassins-creed\/concealed-blade-gauntlet-assassins-creed-black-flag\/","og_site_name":"R\u00e9plique Manga Cin\u00e9","article_publisher":"https:\/\/www.facebook.com\/RepliqueMangaCine","article_modified_time":"2025-11-10T15:22:23+00:00","og_image":[{"width":800,"height":800,"url":"https:\/\/repliquemangacine.fr\/wp-content\/uploads\/2023\/10\/lame-pirate.jpg","type":"image\/jpeg"}],"twitter_card":"summary_large_image","twitter_misc":{"Est. reading time":"2 minutes"},"schema":{"@context":"https:\/\/schema.org","@graph":[{"@type":"WebPage","@id":"https:\/\/repliquemangacine.fr\/gantelets-assassins-creed\/lame-dissimulee-gantelet-assassins-creed-black-flag\/","url":"https:\/\/repliquemangacine.fr\/gantelets-assassins-creed\/lame-dissimulee-gantelet-assassins-creed-black-flag\/","name":"Concealed gauntlet blade - R\u00e9plique Manga Cin\u00e9","isPartOf":{"@id":"https:\/\/repliquemangacine.fr\/#website"},"primaryImageOfPage":{"@id":"https:\/\/repliquemangacine.fr\/gantelets-assassins-creed\/lame-dissimulee-gantelet-assassins-creed-black-flag\/#primaryimage"},"image":{"@id":"https:\/\/repliquemangacine.fr\/gantelets-assassins-creed\/lame-dissimulee-gantelet-assassins-creed-black-flag\/#primaryimage"},"thumbnailUrl":"https:\/\/repliquemangacine.fr\/wp-content\/uploads\/2023\/10\/lame-pirate.jpg","datePublished":"2021-08-20T15:38:19+00:00","dateModified":"2025-11-10T15:22:23+00:00","description":"Order now! This concealed blade gauntlet in Assassin's Creed Black flag at the best price. Black leatherette cuff. Retractable blade","breadcrumb":{"@id":"https:\/\/repliquemangacine.fr\/gantelets-assassins-creed\/lame-dissimulee-gantelet-assassins-creed-black-flag\/#breadcrumb"},"inLanguage":"en-US","potentialAction":[{"@type":"ReadAction","target":["https:\/\/repliquemangacine.fr\/gantelets-assassins-creed\/lame-dissimulee-gantelet-assassins-creed-black-flag\/"]}]},{"@type":"ImageObject","inLanguage":"en-US","@id":"https:\/\/repliquemangacine.fr\/gantelets-assassins-creed\/lame-dissimulee-gantelet-assassins-creed-black-flag\/#primaryimage","url":"https:\/\/repliquemangacine.fr\/wp-content\/uploads\/2023\/10\/lame-pirate.jpg","contentUrl":"https:\/\/repliquemangacine.fr\/wp-content\/uploads\/2023\/10\/lame-pirate.jpg","width":800,"height":800,"caption":"Lame dissimul\u00e9e gantelet"},{"@type":"BreadcrumbList","@id":"https:\/\/repliquemangacine.fr\/gantelets-assassins-creed\/lame-dissimulee-gantelet-assassins-creed-black-flag\/#breadcrumb","itemListElement":[{"@type":"ListItem","position":1,"name":"Accueil","item":"https:\/\/repliquemangacine.fr\/"},{"@type":"ListItem","position":2,"name":"Produits","item":"https:\/\/repliquemangacine.fr\/boutique\/"},{"@type":"ListItem","position":3,"name":"Lame dissimul\u00e9e gantelet"}]},{"@type":"WebSite","@id":"https:\/\/repliquemangacine.fr\/#website","url":"https:\/\/repliquemangacine.fr\/","name":"R\u00e9plique Manga Cin\u00e9","description":"","publisher":{"@id":"https:\/\/repliquemangacine.fr\/#organization"},"potentialAction":[{"@type":"SearchAction","target":{"@type":"EntryPoint","urlTemplate":"https:\/\/repliquemangacine.fr\/?s={search_term_string}"},"query-input":{"@type":"PropertyValueSpecification","valueRequired":true,"valueName":"search_term_string"}}],"inLanguage":"en-US"},{"@type":"Organization","@id":"https:\/\/repliquemangacine.fr\/#organization","name":"R\u00e9plique Manga Cin\u00e9","url":"https:\/\/repliquemangacine.fr\/","logo":{"@type":"ImageObject","inLanguage":"en-US","@id":"https:\/\/repliquemangacine.fr\/#\/schema\/logo\/image\/","url":"https:\/\/repliquemangacine.fr\/wp-content\/uploads\/2023\/10\/RMC-500250.png","contentUrl":"https:\/\/repliquemangacine.fr\/wp-content\/uploads\/2023\/10\/RMC-500250.png","width":500,"height":250,"caption":"R\u00e9plique Manga Cin\u00e9"},"image":{"@id":"https:\/\/repliquemangacine.fr\/#\/schema\/logo\/image\/"},"sameAs":["https:\/\/www.facebook.com\/RepliqueMangaCine","https:\/\/www.instagram.com\/repliquemangacine.fr\/"]}]}},"_links":{"self":[{"href":"https:\/\/repliquemangacine.fr\/en\/wp-json\/wp\/v2\/product\/42340","targetHints":{"allow":["GET"]}}],"collection":[{"href":"https:\/\/repliquemangacine.fr\/en\/wp-json\/wp\/v2\/product"}],"about":[{"href":"https:\/\/repliquemangacine.fr\/en\/wp-json\/wp\/v2\/types\/product"}],"wp:featuredmedia":[{"embeddable":true,"href":"https:\/\/repliquemangacine.fr\/en\/wp-json\/wp\/v2\/media\/42341"}],"wp:attachment":[{"href":"https:\/\/repliquemangacine.fr\/en\/wp-json\/wp\/v2\/media?parent=42340"}],"wp:term":[{"taxonomy":"product_brand","embeddable":true,"href":"https:\/\/repliquemangacine.fr\/en\/wp-json\/wp\/v2\/product_brand?post=42340"},{"taxonomy":"product_cat","embeddable":true,"href":"https:\/\/repliquemangacine.fr\/en\/wp-json\/wp\/v2\/product_cat?post=42340"},{"taxonomy":"product_tag","embeddable":true,"href":"https:\/\/repliquemangacine.fr\/en\/wp-json\/wp\/v2\/product_tag?post=42340"}],"curies":[{"name":"wp","href":"https:\/\/api.w.org\/{rel}","templated":true}]}}