





{"id":42325,"date":"2021-08-20T12:52:27","date_gmt":"2021-08-20T10:52:27","guid":{"rendered":"https:\/\/repliquemangacine.fr\/?post_type=product&#038;p=42325"},"modified":"2025-09-23T18:02:38","modified_gmt":"2025-09-23T16:02:38","slug":"ghost-blade-assassins-creed-unity","status":"publish","type":"product","link":"https:\/\/repliquemangacine.fr\/en\/gantelets-assassins-creed\/lame-fantome-assassins-creed-unity\/","title":{"rendered":"Assassin's Creed Unity Phantom Blade"},"content":{"rendered":"<h2>Assassin's Creed-Unity Phantom Blade.<\/h2>\n<p>To begin with, the <strong>Assassin's Creed-Unity Phantom Blade<\/strong> is a modification of the secret blade introduced and adopted by the French Confr\u00e9ries des Assassins, particularly during the French Revolution.<\/p>\n<p>This miniature, retractable crossbow attached to the armband could silently fire sharp blades some twenty meters.<\/p>\n<p>The drawn blade, different from the secret blade, is placed under the latter. The bow is deployed after activating a pulling mechanism in the shape of the Assassins' insignia, connected to both ends of the crossbow by strings.<\/p>\n<p>Visit <a href=\"https:\/\/assassinscreed.fandom.com\/fr\/wiki\/Lame_fant\u00f4me\" target=\"_blank\" rel=\"noopener noreferrer\">Ghost blade<\/a> could fire two types of projectiles: standard blades and poison-soaked \"fury\" blades. Once the weapon had been upgraded, it was possible for its user, notably Arno Dorian, to fire two blades without having to re-cock the crossbow.<\/p>\n<h2>Your Assassin's Creed-Unity Phantom Blade at the best price.<\/h2>\n<p>We offer a wide selection of replicas of the famous Assassin's Creed video game.<\/p>\n<p>First and foremost,<\/p>\n<ul>\n<li>The famous <a href=\"https:\/\/repliquemangacine.fr\/en\/assassins-creed\/epee-daltair-assassins-creed\/\">Alta\u00efr sword<\/a> in the first part of the series.<\/li>\n<li>There is also the <a href=\"https:\/\/repliquemangacine.fr\/en\/assassins-creed\/assassin-s-creed-odyssey-replique-lance-brisee-de-leonidas\/\">Leonidas' broken spear<\/a> in Assassin's Creed Odyssey.<\/li>\n<li>But also the sublime set of <a href=\"https:\/\/repliquemangacine.fr\/en\/assassins-creed\/axes-assassins-creed-valhalla\/\">two Axes in Assassin's Creed Valhalla<\/a> used by Eivor Varinsdottir.<\/li>\n<li>And many more to discover in our online store!<\/li>\n<\/ul>\n<p>That's why here are some great gift ideas for fans of the historic Assassin's Creed series.<\/p>\n<p>In conclusion, you can use the Assassin's Creed-Unity Phantom Blade for your cosplay parades or themed parties. But above all, this blade is a collector's item and a decorative piece.<\/p>\n<h2>Our latest cheap Assassin's Creed releases<\/h2>\n<p>Our aim is to satisfy you, which is why we do everything we can to find the collectibles you're looking for. So don't hesitate to let us know what you think, so that we can continue the adventure together!<\/p>\n<p>Always on the cutting edge of new products, and always ready to listen to your product searches, we are pleased to offer you a few little nuggets such as :<\/p>\n<ul>\n<li>The latest addition to the <a href=\"https:\/\/repliquemangacine.fr\/en\/assassins-creed-swords-assassins-creed-weapons\/marteau-thor-assassins-creed-valhalla\/\">Thor's hammer in Assassin's Creed Valhalla<\/a><\/li>\n<li>And there's much more to come, including assassin's creed figurines.<\/li>\n<\/ul>\n<p>replica Manga Cin\u00e9 is a French family business.<\/p>","protected":false},"excerpt":{"rendered":"<p>Arno's ghost blade inspired by Assassin's Creed Unity.<\/p>\n<ul>\n<li>Secret blade with blade lock and release.<\/li>\n<li>Deployable and retractable crossbow and soft plastic crossbow guard.<\/li>\n<li>PVC blade and crossbow.<\/li>\n<li>Thermoplastic gauntlet.<\/li>\n<li>Adjustable strap to fit all sizes.<\/li>\n<\/ul>","protected":false},"featured_media":42326,"template":"","meta":[],"product_brand":[896],"product_cat":[48,835,23],"product_tag":[],"class_list":{"0":"post-42325","1":"product","2":"type-product","3":"status-publish","4":"has-post-thumbnail","6":"product_brand-replique-manga-cine","7":"product_cat-epees-assassins-creed-armes-assassins-creed","8":"product_cat-gantelets-assassins-creed","9":"product_cat-repliques-manga-jeux-video","11":"first","12":"outofstock","13":"taxable","14":"shipping-taxable","15":"purchasable","16":"product-type-simple"},"yoast_head":"<!-- This site is optimized with the Yoast SEO plugin v27.5 - https:\/\/yoast.com\/product\/yoast-seo-wordpress\/ -->\n<title>Lame Fant\u00f4me Assassin&#039;s Creed-Unity - R\u00e9plique Manga Cin\u00e9<\/title>\n<meta name=\"description\" content=\"Achetez vite ! Votre Lame Fant\u00f4me Assassin&#039;s Creed-Unity au meilleur prix. Lame r\u00e9tractable \u00e0 ressort - Bras d&#039;arbal\u00e8te d\u00e9ployables - Envoi 24\/48h\" \/>\n<meta name=\"robots\" content=\"index, follow, max-snippet:-1, max-image-preview:large, max-video-preview:-1\" \/>\n<link rel=\"canonical\" href=\"https:\/\/repliquemangacine.fr\/en\/gauntlets-assassins-creed\/ghost-blade-assassins-creed-unity\/\" \/>\n<meta property=\"og:locale\" content=\"en_US\" \/>\n<meta property=\"og:type\" content=\"article\" \/>\n<meta property=\"og:title\" content=\"Lame Fant\u00f4me Assassin&#039;s Creed-Unity - R\u00e9plique Manga Cin\u00e9\" \/>\n<meta property=\"og:description\" content=\"Achetez vite ! Votre Lame Fant\u00f4me Assassin&#039;s Creed-Unity au meilleur prix. Lame r\u00e9tractable \u00e0 ressort - Bras d&#039;arbal\u00e8te d\u00e9ployables - Envoi 24\/48h\" \/>\n<meta property=\"og:url\" content=\"https:\/\/repliquemangacine.fr\/en\/gauntlets-assassins-creed\/ghost-blade-assassins-creed-unity\/\" \/>\n<meta property=\"og:site_name\" content=\"R\u00e9plique Manga Cin\u00e9\" \/>\n<meta property=\"article:publisher\" content=\"https:\/\/www.facebook.com\/RepliqueMangaCine\" \/>\n<meta property=\"article:modified_time\" content=\"2025-09-23T16:02:38+00:00\" \/>\n<meta property=\"og:image\" content=\"https:\/\/repliquemangacine.fr\/wp-content\/uploads\/2023\/10\/lame-fantome.jpg\" \/>\n\t<meta property=\"og:image:width\" content=\"800\" \/>\n\t<meta property=\"og:image:height\" content=\"800\" \/>\n\t<meta property=\"og:image:type\" content=\"image\/jpeg\" \/>\n<meta name=\"twitter:card\" content=\"summary_large_image\" \/>\n<meta name=\"twitter:label1\" content=\"Est. reading time\" \/>\n\t<meta name=\"twitter:data1\" content=\"1 minute\" \/>\n<script type=\"application\/ld+json\" class=\"yoast-schema-graph\">{\"@context\":\"https:\\\/\\\/schema.org\",\"@graph\":[{\"@type\":\"WebPage\",\"@id\":\"https:\\\/\\\/repliquemangacine.fr\\\/gantelets-assassins-creed\\\/lame-fantome-assassins-creed-unity\\\/\",\"url\":\"https:\\\/\\\/repliquemangacine.fr\\\/gantelets-assassins-creed\\\/lame-fantome-assassins-creed-unity\\\/\",\"name\":\"Lame Fant\u00f4me Assassin's Creed-Unity - R\u00e9plique Manga Cin\u00e9\",\"isPartOf\":{\"@id\":\"https:\\\/\\\/repliquemangacine.fr\\\/#website\"},\"primaryImageOfPage\":{\"@id\":\"https:\\\/\\\/repliquemangacine.fr\\\/gantelets-assassins-creed\\\/lame-fantome-assassins-creed-unity\\\/#primaryimage\"},\"image\":{\"@id\":\"https:\\\/\\\/repliquemangacine.fr\\\/gantelets-assassins-creed\\\/lame-fantome-assassins-creed-unity\\\/#primaryimage\"},\"thumbnailUrl\":\"https:\\\/\\\/repliquemangacine.fr\\\/wp-content\\\/uploads\\\/2023\\\/10\\\/lame-fantome.jpg\",\"datePublished\":\"2021-08-20T10:52:27+00:00\",\"dateModified\":\"2025-09-23T16:02:38+00:00\",\"description\":\"Achetez vite ! Votre Lame Fant\u00f4me Assassin's Creed-Unity au meilleur prix. Lame r\u00e9tractable \u00e0 ressort - Bras d'arbal\u00e8te d\u00e9ployables - Envoi 24\\\/48h\",\"breadcrumb\":{\"@id\":\"https:\\\/\\\/repliquemangacine.fr\\\/gantelets-assassins-creed\\\/lame-fantome-assassins-creed-unity\\\/#breadcrumb\"},\"inLanguage\":\"en-US\",\"potentialAction\":[{\"@type\":\"ReadAction\",\"target\":[\"https:\\\/\\\/repliquemangacine.fr\\\/gantelets-assassins-creed\\\/lame-fantome-assassins-creed-unity\\\/\"]}]},{\"@type\":\"ImageObject\",\"inLanguage\":\"en-US\",\"@id\":\"https:\\\/\\\/repliquemangacine.fr\\\/gantelets-assassins-creed\\\/lame-fantome-assassins-creed-unity\\\/#primaryimage\",\"url\":\"https:\\\/\\\/repliquemangacine.fr\\\/wp-content\\\/uploads\\\/2023\\\/10\\\/lame-fantome.jpg\",\"contentUrl\":\"https:\\\/\\\/repliquemangacine.fr\\\/wp-content\\\/uploads\\\/2023\\\/10\\\/lame-fantome.jpg\",\"width\":800,\"height\":800,\"caption\":\"lame-fantome Assassin's Creed avec arbal\u00e8te\"},{\"@type\":\"BreadcrumbList\",\"@id\":\"https:\\\/\\\/repliquemangacine.fr\\\/gantelets-assassins-creed\\\/lame-fantome-assassins-creed-unity\\\/#breadcrumb\",\"itemListElement\":[{\"@type\":\"ListItem\",\"position\":1,\"name\":\"Accueil\",\"item\":\"https:\\\/\\\/repliquemangacine.fr\\\/\"},{\"@type\":\"ListItem\",\"position\":2,\"name\":\"Produits\",\"item\":\"https:\\\/\\\/repliquemangacine.fr\\\/boutique\\\/\"},{\"@type\":\"ListItem\",\"position\":3,\"name\":\"Lame Fant\u00f4me Assassin&#8217;s Creed Unity\"}]},{\"@type\":\"WebSite\",\"@id\":\"https:\\\/\\\/repliquemangacine.fr\\\/#website\",\"url\":\"https:\\\/\\\/repliquemangacine.fr\\\/\",\"name\":\"R\u00e9plique Manga Cin\u00e9\",\"description\":\"\",\"publisher\":{\"@id\":\"https:\\\/\\\/repliquemangacine.fr\\\/#organization\"},\"potentialAction\":[{\"@type\":\"SearchAction\",\"target\":{\"@type\":\"EntryPoint\",\"urlTemplate\":\"https:\\\/\\\/repliquemangacine.fr\\\/?s={search_term_string}\"},\"query-input\":{\"@type\":\"PropertyValueSpecification\",\"valueRequired\":true,\"valueName\":\"search_term_string\"}}],\"inLanguage\":\"en-US\"},{\"@type\":\"Organization\",\"@id\":\"https:\\\/\\\/repliquemangacine.fr\\\/#organization\",\"name\":\"R\u00e9plique Manga Cin\u00e9\",\"url\":\"https:\\\/\\\/repliquemangacine.fr\\\/\",\"logo\":{\"@type\":\"ImageObject\",\"inLanguage\":\"en-US\",\"@id\":\"https:\\\/\\\/repliquemangacine.fr\\\/#\\\/schema\\\/logo\\\/image\\\/\",\"url\":\"https:\\\/\\\/repliquemangacine.fr\\\/wp-content\\\/uploads\\\/2023\\\/10\\\/RMC-500250.png\",\"contentUrl\":\"https:\\\/\\\/repliquemangacine.fr\\\/wp-content\\\/uploads\\\/2023\\\/10\\\/RMC-500250.png\",\"width\":500,\"height\":250,\"caption\":\"R\u00e9plique Manga Cin\u00e9\"},\"image\":{\"@id\":\"https:\\\/\\\/repliquemangacine.fr\\\/#\\\/schema\\\/logo\\\/image\\\/\"},\"sameAs\":[\"https:\\\/\\\/www.facebook.com\\\/RepliqueMangaCine\",\"https:\\\/\\\/www.instagram.com\\\/repliquemangacine.fr\\\/\"]}]}<\/script>\n<!-- \/ Yoast SEO plugin. -->","yoast_head_json":{"title":"Assassin's Creed-Unity Phantom Blade - R\u00e9plique Manga Cin\u00e9","description":"Buy now! Your Assassin's Creed-Unity Phantom Blade at the best price. Spring-loaded retractable blade - Deployable crossbow arms - 24\/48h shipping","robots":{"index":"index","follow":"follow","max-snippet":"max-snippet:-1","max-image-preview":"max-image-preview:large","max-video-preview":"max-video-preview:-1"},"canonical":"https:\/\/repliquemangacine.fr\/en\/gauntlets-assassins-creed\/ghost-blade-assassins-creed-unity\/","og_locale":"en_US","og_type":"article","og_title":"Lame Fant\u00f4me Assassin's Creed-Unity - R\u00e9plique Manga Cin\u00e9","og_description":"Achetez vite ! Votre Lame Fant\u00f4me Assassin's Creed-Unity au meilleur prix. Lame r\u00e9tractable \u00e0 ressort - Bras d'arbal\u00e8te d\u00e9ployables - Envoi 24\/48h","og_url":"https:\/\/repliquemangacine.fr\/en\/gauntlets-assassins-creed\/ghost-blade-assassins-creed-unity\/","og_site_name":"R\u00e9plique Manga Cin\u00e9","article_publisher":"https:\/\/www.facebook.com\/RepliqueMangaCine","article_modified_time":"2025-09-23T16:02:38+00:00","og_image":[{"width":800,"height":800,"url":"https:\/\/repliquemangacine.fr\/wp-content\/uploads\/2023\/10\/lame-fantome.jpg","type":"image\/jpeg"}],"twitter_card":"summary_large_image","twitter_misc":{"Est. reading time":"1 minute"},"schema":{"@context":"https:\/\/schema.org","@graph":[{"@type":"WebPage","@id":"https:\/\/repliquemangacine.fr\/gantelets-assassins-creed\/lame-fantome-assassins-creed-unity\/","url":"https:\/\/repliquemangacine.fr\/gantelets-assassins-creed\/lame-fantome-assassins-creed-unity\/","name":"Assassin's Creed-Unity Phantom Blade - R\u00e9plique Manga Cin\u00e9","isPartOf":{"@id":"https:\/\/repliquemangacine.fr\/#website"},"primaryImageOfPage":{"@id":"https:\/\/repliquemangacine.fr\/gantelets-assassins-creed\/lame-fantome-assassins-creed-unity\/#primaryimage"},"image":{"@id":"https:\/\/repliquemangacine.fr\/gantelets-assassins-creed\/lame-fantome-assassins-creed-unity\/#primaryimage"},"thumbnailUrl":"https:\/\/repliquemangacine.fr\/wp-content\/uploads\/2023\/10\/lame-fantome.jpg","datePublished":"2021-08-20T10:52:27+00:00","dateModified":"2025-09-23T16:02:38+00:00","description":"Buy now! Your Assassin's Creed-Unity Phantom Blade at the best price. Spring-loaded retractable blade - Deployable crossbow arms - 24\/48h shipping","breadcrumb":{"@id":"https:\/\/repliquemangacine.fr\/gantelets-assassins-creed\/lame-fantome-assassins-creed-unity\/#breadcrumb"},"inLanguage":"en-US","potentialAction":[{"@type":"ReadAction","target":["https:\/\/repliquemangacine.fr\/gantelets-assassins-creed\/lame-fantome-assassins-creed-unity\/"]}]},{"@type":"ImageObject","inLanguage":"en-US","@id":"https:\/\/repliquemangacine.fr\/gantelets-assassins-creed\/lame-fantome-assassins-creed-unity\/#primaryimage","url":"https:\/\/repliquemangacine.fr\/wp-content\/uploads\/2023\/10\/lame-fantome.jpg","contentUrl":"https:\/\/repliquemangacine.fr\/wp-content\/uploads\/2023\/10\/lame-fantome.jpg","width":800,"height":800,"caption":"lame-fantome Assassin's Creed avec arbal\u00e8te"},{"@type":"BreadcrumbList","@id":"https:\/\/repliquemangacine.fr\/gantelets-assassins-creed\/lame-fantome-assassins-creed-unity\/#breadcrumb","itemListElement":[{"@type":"ListItem","position":1,"name":"Accueil","item":"https:\/\/repliquemangacine.fr\/"},{"@type":"ListItem","position":2,"name":"Produits","item":"https:\/\/repliquemangacine.fr\/boutique\/"},{"@type":"ListItem","position":3,"name":"Lame Fant\u00f4me Assassin&#8217;s Creed Unity"}]},{"@type":"WebSite","@id":"https:\/\/repliquemangacine.fr\/#website","url":"https:\/\/repliquemangacine.fr\/","name":"R\u00e9plique Manga Cin\u00e9","description":"","publisher":{"@id":"https:\/\/repliquemangacine.fr\/#organization"},"potentialAction":[{"@type":"SearchAction","target":{"@type":"EntryPoint","urlTemplate":"https:\/\/repliquemangacine.fr\/?s={search_term_string}"},"query-input":{"@type":"PropertyValueSpecification","valueRequired":true,"valueName":"search_term_string"}}],"inLanguage":"en-US"},{"@type":"Organization","@id":"https:\/\/repliquemangacine.fr\/#organization","name":"R\u00e9plique Manga Cin\u00e9","url":"https:\/\/repliquemangacine.fr\/","logo":{"@type":"ImageObject","inLanguage":"en-US","@id":"https:\/\/repliquemangacine.fr\/#\/schema\/logo\/image\/","url":"https:\/\/repliquemangacine.fr\/wp-content\/uploads\/2023\/10\/RMC-500250.png","contentUrl":"https:\/\/repliquemangacine.fr\/wp-content\/uploads\/2023\/10\/RMC-500250.png","width":500,"height":250,"caption":"R\u00e9plique Manga Cin\u00e9"},"image":{"@id":"https:\/\/repliquemangacine.fr\/#\/schema\/logo\/image\/"},"sameAs":["https:\/\/www.facebook.com\/RepliqueMangaCine","https:\/\/www.instagram.com\/repliquemangacine.fr\/"]}]}},"_links":{"self":[{"href":"https:\/\/repliquemangacine.fr\/en\/wp-json\/wp\/v2\/product\/42325","targetHints":{"allow":["GET"]}}],"collection":[{"href":"https:\/\/repliquemangacine.fr\/en\/wp-json\/wp\/v2\/product"}],"about":[{"href":"https:\/\/repliquemangacine.fr\/en\/wp-json\/wp\/v2\/types\/product"}],"wp:featuredmedia":[{"embeddable":true,"href":"https:\/\/repliquemangacine.fr\/en\/wp-json\/wp\/v2\/media\/42326"}],"wp:attachment":[{"href":"https:\/\/repliquemangacine.fr\/en\/wp-json\/wp\/v2\/media?parent=42325"}],"wp:term":[{"taxonomy":"product_brand","embeddable":true,"href":"https:\/\/repliquemangacine.fr\/en\/wp-json\/wp\/v2\/product_brand?post=42325"},{"taxonomy":"product_cat","embeddable":true,"href":"https:\/\/repliquemangacine.fr\/en\/wp-json\/wp\/v2\/product_cat?post=42325"},{"taxonomy":"product_tag","embeddable":true,"href":"https:\/\/repliquemangacine.fr\/en\/wp-json\/wp\/v2\/product_tag?post=42325"}],"curies":[{"name":"wp","href":"https:\/\/api.w.org\/{rel}","templated":true}]}}