





{"id":42318,"date":"2021-08-20T11:39:02","date_gmt":"2021-08-20T09:39:02","guid":{"rendered":"https:\/\/repliquemangacine.fr\/?post_type=product&#038;p=42318"},"modified":"2025-09-23T18:02:38","modified_gmt":"2025-09-23T16:02:38","slug":"dassassin-gauntlet-secret-blade","status":"publish","type":"product","link":"https:\/\/repliquemangacine.fr\/en\/gantelets-assassins-creed\/gantelet-dassassin-lame-secrete\/","title":{"rendered":"Assassin's gauntlet, secret blade"},"content":{"rendered":"<h2>Assassin's Gauntlet secret blade in Assassin's Creed Syndicate.<\/h2>\n<p>To begin with, the Assassin's Gauntlet secret blade in <a href=\"https:\/\/assassinscreed.fandom.com\/wiki\/Assassin's_Creed:_Syndicate\" target=\"_blank\" rel=\"noopener noreferrer\">Assassin's Creed Syndicate<\/a> is distributed by Ubisoft.<\/p>\n<p>In 1868, British assassins Evie and Jacob Frye made it their mission to retake London from the British Knights Templar. Following a gang war with the gang leader, the Fryes took possession of his broken grappling gun.<\/p>\n<p>Believing the gun could still prove useful, Henry Green introduced them to inventor Alexander Graham Bell, who then modified the launcher to fit the Fryes' gauntlets. Bell then added a dart gun to the armband, enabling the twins to fire hallucinogenic darts at their targets.<\/p>\n<p>Assassins amass a variety of equipment at their disposal, but start the game with a hidden blade on their Assassin gauntlet, smoke bombs and throwing knives.<\/p>\n<h2>Your Secret Blade Assassin's Gauntlet at the best price<\/h2>\n<p>We offer a wide selection of replicas of the famous Assassin's Creed video game.<\/p>\n<p>All right,<\/p>\n<ul>\n<li>The famous <a href=\"https:\/\/repliquemangacine.fr\/en\/assassins-creed\/sword-rod-assassins-creed\/\">Jacob's sword cane<\/a> in Assassin's Creed Syndicate.<\/li>\n<li>There is also the <a href=\"https:\/\/repliquemangacine.fr\/en\/assassins-creed\/tomahawk-des-assassins-hache-connor-kenway\/\">Tomahawk axe<\/a> in Assassin's Creed 3.<\/li>\n<li>But also <a href=\"https:\/\/repliquemangacine.fr\/en\/assassins-creed\/altair-assassin-s-creed-throwing-knives\/\">Alta\u00efr throwing knives<\/a>.<\/li>\n<li>And many more to discover in our online store!<\/li>\n<\/ul>\n<p>That's why here are some great gift ideas for fans of the historic Assassin's Creed series.<\/p>\n<p>In conclusion, you can use the Secret Blade Assassin's Gauntlet for your Cosplays parades, or for your theme parties. But above all, this blade is a decorative collector's item.<\/p>\n<h2>Our latest cheap Assassin's Creed releases<\/h2>\n<p>Our aim is to satisfy you, which is why we do everything we can to find the collectibles you're looking for. So don't hesitate to let us know what you think, so that we can continue the adventure together!<\/p>\n<p>Always on the cutting edge of new products, and always ready to listen to your product searches, we are pleased to offer you a few little nuggets such as :<\/p>\n<ul>\n<li>Eivor's two axes in Assassin's creed Valhalla<\/li>\n<li>The latest addition to the <a href=\"https:\/\/repliquemangacine.fr\/en\/assassins-creed-swords-assassins-creed-weapons\/marteau-thor-assassins-creed-valhalla\/\">Thor's hammer in Assassin's Creed Valhalla<\/a><\/li>\n<li>And there's much more to come, including assassin's creed figurines.<\/li>\n<\/ul>\n<p>replica Manga Cin\u00e9 is a French family business.<\/p>","protected":false},"excerpt":{"rendered":"<p>This life-size replica of Jacob's weapon is made up of :<\/p>\n<ul>\n<li>Functional spring-loaded retractable secret blade with blade lock and release.<\/li>\n<li>ABS gauntlet.<\/li>\n<li>ABS blade, accompanied by grapple launcher and dart barrel.<\/li>\n<li>Box in Assassin's Creed Syndicate colors by Ubicollectible Ubisoft.<\/li>\n<\/ul>","protected":false},"featured_media":42319,"template":"","meta":[],"product_brand":[896],"product_cat":[48,835,23],"product_tag":[],"class_list":{"0":"post-42318","1":"product","2":"type-product","3":"status-publish","4":"has-post-thumbnail","6":"product_brand-replique-manga-cine","7":"product_cat-epees-assassins-creed-armes-assassins-creed","8":"product_cat-gantelets-assassins-creed","9":"product_cat-repliques-manga-jeux-video","11":"first","12":"outofstock","13":"sale","14":"taxable","15":"shipping-taxable","16":"purchasable","17":"product-type-simple"},"yoast_head":"<!-- This site is optimized with the Yoast SEO plugin v27.4 - https:\/\/yoast.com\/product\/yoast-seo-wordpress\/ -->\n<title>Gantelet d&#039;Assassin lame secr\u00e8te - R\u00e9plique Manga Cin\u00e9<\/title>\n<meta name=\"description\" content=\"Commandez vite ! Votre Gantelet d&#039;Assassin lame secr\u00e8te dans Assassin&#039;s Creed Syndicate d&#039;Ubisoft au meilleur prix. Lame en ABS r\u00e9tractable \u00e0 ressort.\" \/>\n<meta name=\"robots\" content=\"index, follow, max-snippet:-1, max-image-preview:large, max-video-preview:-1\" \/>\n<link rel=\"canonical\" href=\"https:\/\/repliquemangacine.fr\/en\/gauntlets-assassins-creed\/dassassin-gauntlet-secret-blade\/\" \/>\n<meta property=\"og:locale\" content=\"en_US\" \/>\n<meta property=\"og:type\" content=\"article\" \/>\n<meta property=\"og:title\" content=\"Gantelet d&#039;Assassin lame secr\u00e8te - R\u00e9plique Manga Cin\u00e9\" \/>\n<meta property=\"og:description\" content=\"Commandez vite ! Votre Gantelet d&#039;Assassin lame secr\u00e8te dans Assassin&#039;s Creed Syndicate d&#039;Ubisoft au meilleur prix. Lame en ABS r\u00e9tractable \u00e0 ressort.\" \/>\n<meta property=\"og:url\" content=\"https:\/\/repliquemangacine.fr\/en\/gauntlets-assassins-creed\/dassassin-gauntlet-secret-blade\/\" \/>\n<meta property=\"og:site_name\" content=\"R\u00e9plique Manga Cin\u00e9\" \/>\n<meta property=\"article:publisher\" content=\"https:\/\/www.facebook.com\/RepliqueMangaCine\" \/>\n<meta property=\"article:modified_time\" content=\"2025-09-23T16:02:38+00:00\" \/>\n<meta property=\"og:image\" content=\"https:\/\/repliquemangacine.fr\/wp-content\/uploads\/2023\/10\/gantelet-dassassin.jpg\" \/>\n\t<meta property=\"og:image:width\" content=\"800\" \/>\n\t<meta property=\"og:image:height\" content=\"800\" \/>\n\t<meta property=\"og:image:type\" content=\"image\/jpeg\" \/>\n<meta name=\"twitter:card\" content=\"summary_large_image\" \/>\n<meta name=\"twitter:label1\" content=\"Est. reading time\" \/>\n\t<meta name=\"twitter:data1\" content=\"2 minutes\" \/>\n<script type=\"application\/ld+json\" class=\"yoast-schema-graph\">{\"@context\":\"https:\\\/\\\/schema.org\",\"@graph\":[{\"@type\":\"WebPage\",\"@id\":\"https:\\\/\\\/repliquemangacine.fr\\\/gantelets-assassins-creed\\\/gantelet-dassassin-lame-secrete\\\/\",\"url\":\"https:\\\/\\\/repliquemangacine.fr\\\/gantelets-assassins-creed\\\/gantelet-dassassin-lame-secrete\\\/\",\"name\":\"Gantelet d'Assassin lame secr\u00e8te - R\u00e9plique Manga Cin\u00e9\",\"isPartOf\":{\"@id\":\"https:\\\/\\\/repliquemangacine.fr\\\/#website\"},\"primaryImageOfPage\":{\"@id\":\"https:\\\/\\\/repliquemangacine.fr\\\/gantelets-assassins-creed\\\/gantelet-dassassin-lame-secrete\\\/#primaryimage\"},\"image\":{\"@id\":\"https:\\\/\\\/repliquemangacine.fr\\\/gantelets-assassins-creed\\\/gantelet-dassassin-lame-secrete\\\/#primaryimage\"},\"thumbnailUrl\":\"https:\\\/\\\/repliquemangacine.fr\\\/wp-content\\\/uploads\\\/2023\\\/10\\\/gantelet-dassassin.jpg\",\"datePublished\":\"2021-08-20T09:39:02+00:00\",\"dateModified\":\"2025-09-23T16:02:38+00:00\",\"description\":\"Commandez vite ! Votre Gantelet d'Assassin lame secr\u00e8te dans Assassin's Creed Syndicate d'Ubisoft au meilleur prix. Lame en ABS r\u00e9tractable \u00e0 ressort.\",\"breadcrumb\":{\"@id\":\"https:\\\/\\\/repliquemangacine.fr\\\/gantelets-assassins-creed\\\/gantelet-dassassin-lame-secrete\\\/#breadcrumb\"},\"inLanguage\":\"en-US\",\"potentialAction\":[{\"@type\":\"ReadAction\",\"target\":[\"https:\\\/\\\/repliquemangacine.fr\\\/gantelets-assassins-creed\\\/gantelet-dassassin-lame-secrete\\\/\"]}]},{\"@type\":\"ImageObject\",\"inLanguage\":\"en-US\",\"@id\":\"https:\\\/\\\/repliquemangacine.fr\\\/gantelets-assassins-creed\\\/gantelet-dassassin-lame-secrete\\\/#primaryimage\",\"url\":\"https:\\\/\\\/repliquemangacine.fr\\\/wp-content\\\/uploads\\\/2023\\\/10\\\/gantelet-dassassin.jpg\",\"contentUrl\":\"https:\\\/\\\/repliquemangacine.fr\\\/wp-content\\\/uploads\\\/2023\\\/10\\\/gantelet-dassassin.jpg\",\"width\":800,\"height\":800,\"caption\":\"Gantelet d'Assassin lame secr\u00e8te\"},{\"@type\":\"BreadcrumbList\",\"@id\":\"https:\\\/\\\/repliquemangacine.fr\\\/gantelets-assassins-creed\\\/gantelet-dassassin-lame-secrete\\\/#breadcrumb\",\"itemListElement\":[{\"@type\":\"ListItem\",\"position\":1,\"name\":\"Accueil\",\"item\":\"https:\\\/\\\/repliquemangacine.fr\\\/\"},{\"@type\":\"ListItem\",\"position\":2,\"name\":\"Produits\",\"item\":\"https:\\\/\\\/repliquemangacine.fr\\\/boutique\\\/\"},{\"@type\":\"ListItem\",\"position\":3,\"name\":\"Gantelet d&#8217;Assassin lame secr\u00e8te\"}]},{\"@type\":\"WebSite\",\"@id\":\"https:\\\/\\\/repliquemangacine.fr\\\/#website\",\"url\":\"https:\\\/\\\/repliquemangacine.fr\\\/\",\"name\":\"R\u00e9plique Manga Cin\u00e9\",\"description\":\"\",\"publisher\":{\"@id\":\"https:\\\/\\\/repliquemangacine.fr\\\/#organization\"},\"potentialAction\":[{\"@type\":\"SearchAction\",\"target\":{\"@type\":\"EntryPoint\",\"urlTemplate\":\"https:\\\/\\\/repliquemangacine.fr\\\/?s={search_term_string}\"},\"query-input\":{\"@type\":\"PropertyValueSpecification\",\"valueRequired\":true,\"valueName\":\"search_term_string\"}}],\"inLanguage\":\"en-US\"},{\"@type\":\"Organization\",\"@id\":\"https:\\\/\\\/repliquemangacine.fr\\\/#organization\",\"name\":\"R\u00e9plique Manga Cin\u00e9\",\"url\":\"https:\\\/\\\/repliquemangacine.fr\\\/\",\"logo\":{\"@type\":\"ImageObject\",\"inLanguage\":\"en-US\",\"@id\":\"https:\\\/\\\/repliquemangacine.fr\\\/#\\\/schema\\\/logo\\\/image\\\/\",\"url\":\"https:\\\/\\\/repliquemangacine.fr\\\/wp-content\\\/uploads\\\/2023\\\/10\\\/RMC-500250.png\",\"contentUrl\":\"https:\\\/\\\/repliquemangacine.fr\\\/wp-content\\\/uploads\\\/2023\\\/10\\\/RMC-500250.png\",\"width\":500,\"height\":250,\"caption\":\"R\u00e9plique Manga Cin\u00e9\"},\"image\":{\"@id\":\"https:\\\/\\\/repliquemangacine.fr\\\/#\\\/schema\\\/logo\\\/image\\\/\"},\"sameAs\":[\"https:\\\/\\\/www.facebook.com\\\/RepliqueMangaCine\",\"https:\\\/\\\/www.instagram.com\\\/repliquemangacine.fr\\\/\"]}]}<\/script>\n<!-- \/ Yoast SEO plugin. -->","yoast_head_json":{"title":"Secret Blade Assassin's Gauntlet - R\u00e9plique Manga Cin\u00e9","description":"Order now! Your Assassin's Gauntlet secret blade in Assassin's Creed Syndicate from Ubisoft at the best price. Spring-loaded, retractable ABS blade.","robots":{"index":"index","follow":"follow","max-snippet":"max-snippet:-1","max-image-preview":"max-image-preview:large","max-video-preview":"max-video-preview:-1"},"canonical":"https:\/\/repliquemangacine.fr\/en\/gauntlets-assassins-creed\/dassassin-gauntlet-secret-blade\/","og_locale":"en_US","og_type":"article","og_title":"Gantelet d'Assassin lame secr\u00e8te - R\u00e9plique Manga Cin\u00e9","og_description":"Commandez vite ! Votre Gantelet d'Assassin lame secr\u00e8te dans Assassin's Creed Syndicate d'Ubisoft au meilleur prix. Lame en ABS r\u00e9tractable \u00e0 ressort.","og_url":"https:\/\/repliquemangacine.fr\/en\/gauntlets-assassins-creed\/dassassin-gauntlet-secret-blade\/","og_site_name":"R\u00e9plique Manga Cin\u00e9","article_publisher":"https:\/\/www.facebook.com\/RepliqueMangaCine","article_modified_time":"2025-09-23T16:02:38+00:00","og_image":[{"width":800,"height":800,"url":"https:\/\/repliquemangacine.fr\/wp-content\/uploads\/2023\/10\/gantelet-dassassin.jpg","type":"image\/jpeg"}],"twitter_card":"summary_large_image","twitter_misc":{"Est. reading time":"2 minutes"},"schema":{"@context":"https:\/\/schema.org","@graph":[{"@type":"WebPage","@id":"https:\/\/repliquemangacine.fr\/gantelets-assassins-creed\/gantelet-dassassin-lame-secrete\/","url":"https:\/\/repliquemangacine.fr\/gantelets-assassins-creed\/gantelet-dassassin-lame-secrete\/","name":"Secret Blade Assassin's Gauntlet - R\u00e9plique Manga Cin\u00e9","isPartOf":{"@id":"https:\/\/repliquemangacine.fr\/#website"},"primaryImageOfPage":{"@id":"https:\/\/repliquemangacine.fr\/gantelets-assassins-creed\/gantelet-dassassin-lame-secrete\/#primaryimage"},"image":{"@id":"https:\/\/repliquemangacine.fr\/gantelets-assassins-creed\/gantelet-dassassin-lame-secrete\/#primaryimage"},"thumbnailUrl":"https:\/\/repliquemangacine.fr\/wp-content\/uploads\/2023\/10\/gantelet-dassassin.jpg","datePublished":"2021-08-20T09:39:02+00:00","dateModified":"2025-09-23T16:02:38+00:00","description":"Order now! Your Assassin's Gauntlet secret blade in Assassin's Creed Syndicate from Ubisoft at the best price. Spring-loaded, retractable ABS blade.","breadcrumb":{"@id":"https:\/\/repliquemangacine.fr\/gantelets-assassins-creed\/gantelet-dassassin-lame-secrete\/#breadcrumb"},"inLanguage":"en-US","potentialAction":[{"@type":"ReadAction","target":["https:\/\/repliquemangacine.fr\/gantelets-assassins-creed\/gantelet-dassassin-lame-secrete\/"]}]},{"@type":"ImageObject","inLanguage":"en-US","@id":"https:\/\/repliquemangacine.fr\/gantelets-assassins-creed\/gantelet-dassassin-lame-secrete\/#primaryimage","url":"https:\/\/repliquemangacine.fr\/wp-content\/uploads\/2023\/10\/gantelet-dassassin.jpg","contentUrl":"https:\/\/repliquemangacine.fr\/wp-content\/uploads\/2023\/10\/gantelet-dassassin.jpg","width":800,"height":800,"caption":"Gantelet d'Assassin lame secr\u00e8te"},{"@type":"BreadcrumbList","@id":"https:\/\/repliquemangacine.fr\/gantelets-assassins-creed\/gantelet-dassassin-lame-secrete\/#breadcrumb","itemListElement":[{"@type":"ListItem","position":1,"name":"Accueil","item":"https:\/\/repliquemangacine.fr\/"},{"@type":"ListItem","position":2,"name":"Produits","item":"https:\/\/repliquemangacine.fr\/boutique\/"},{"@type":"ListItem","position":3,"name":"Gantelet d&#8217;Assassin lame secr\u00e8te"}]},{"@type":"WebSite","@id":"https:\/\/repliquemangacine.fr\/#website","url":"https:\/\/repliquemangacine.fr\/","name":"R\u00e9plique Manga Cin\u00e9","description":"","publisher":{"@id":"https:\/\/repliquemangacine.fr\/#organization"},"potentialAction":[{"@type":"SearchAction","target":{"@type":"EntryPoint","urlTemplate":"https:\/\/repliquemangacine.fr\/?s={search_term_string}"},"query-input":{"@type":"PropertyValueSpecification","valueRequired":true,"valueName":"search_term_string"}}],"inLanguage":"en-US"},{"@type":"Organization","@id":"https:\/\/repliquemangacine.fr\/#organization","name":"R\u00e9plique Manga Cin\u00e9","url":"https:\/\/repliquemangacine.fr\/","logo":{"@type":"ImageObject","inLanguage":"en-US","@id":"https:\/\/repliquemangacine.fr\/#\/schema\/logo\/image\/","url":"https:\/\/repliquemangacine.fr\/wp-content\/uploads\/2023\/10\/RMC-500250.png","contentUrl":"https:\/\/repliquemangacine.fr\/wp-content\/uploads\/2023\/10\/RMC-500250.png","width":500,"height":250,"caption":"R\u00e9plique Manga Cin\u00e9"},"image":{"@id":"https:\/\/repliquemangacine.fr\/#\/schema\/logo\/image\/"},"sameAs":["https:\/\/www.facebook.com\/RepliqueMangaCine","https:\/\/www.instagram.com\/repliquemangacine.fr\/"]}]}},"_links":{"self":[{"href":"https:\/\/repliquemangacine.fr\/en\/wp-json\/wp\/v2\/product\/42318","targetHints":{"allow":["GET"]}}],"collection":[{"href":"https:\/\/repliquemangacine.fr\/en\/wp-json\/wp\/v2\/product"}],"about":[{"href":"https:\/\/repliquemangacine.fr\/en\/wp-json\/wp\/v2\/types\/product"}],"wp:featuredmedia":[{"embeddable":true,"href":"https:\/\/repliquemangacine.fr\/en\/wp-json\/wp\/v2\/media\/42319"}],"wp:attachment":[{"href":"https:\/\/repliquemangacine.fr\/en\/wp-json\/wp\/v2\/media?parent=42318"}],"wp:term":[{"taxonomy":"product_brand","embeddable":true,"href":"https:\/\/repliquemangacine.fr\/en\/wp-json\/wp\/v2\/product_brand?post=42318"},{"taxonomy":"product_cat","embeddable":true,"href":"https:\/\/repliquemangacine.fr\/en\/wp-json\/wp\/v2\/product_cat?post=42318"},{"taxonomy":"product_tag","embeddable":true,"href":"https:\/\/repliquemangacine.fr\/en\/wp-json\/wp\/v2\/product_tag?post=42318"}],"curies":[{"name":"wp","href":"https:\/\/api.w.org\/{rel}","templated":true}]}}