





{"id":41686,"date":"2021-07-31T18:07:36","date_gmt":"2021-07-31T16:07:36","guid":{"rendered":"https:\/\/repliquemangacine.fr\/?post_type=product&#038;p=41686"},"modified":"2025-09-23T18:02:38","modified_gmt":"2025-09-23T16:02:38","slug":"10-piece-meliodas-sword-set","status":"publish","type":"product","link":"https:\/\/repliquemangacine.fr\/en\/porte-cles-goodies\/coffret-epee-meliodas-10-pieces\/","title":{"rendered":"Meliodas Lostvayne 10-piece set"},"content":{"rendered":"<h2>Meliodas Lostvayne 10-piece set.<\/h2>\n<p>To begin with, this <strong>Meliodas Lostvayne set<\/strong> is an essential addition to your collection.<\/p>\n<p>Seven Deadly Sins (\"Nanatsu no taizai\", \"Seven Deadly Sins\") is an animated manga.<\/p>\n<p>10 years ago, in the kingdom of Britannia, a group of very cruel knights, the <a href=\"https:\/\/seven-deadly-sins.fandom.com\/fr\/wiki\/Seven_Deadly_Sins\" target=\"_blank\" rel=\"noopener noreferrer\">Seven Deadly Sins<\/a> (The Seven Deadly Sins), were guilty of a heinous crime. Since then, they've disappeared and no one knows what happened to them! Princess Elizabeth will do anything to find these legendary knights. In her eyes, they represent the kingdom's only hope against the super-powerful Sacred Knights who have overthrown the government and are spreading terror!<\/p>\n<p>Meliodas, a boy of exceptional strength, and Hawk, his pig, mark the start of a quest full of twists and turns, magic and combat!<\/p>\n<h2>Your Meliodas Lostvayne 10-piece set at the best price.<\/h2>\n<p>We offer a wide selection of replicas of your favorite Seven Deadly Sins manga.<\/p>\n<p>First and foremost,<\/p>\n<ul>\n<li>L'<a href=\"https:\/\/repliquemangacine.fr\/en\/katana-and-sword-from-anime-other-manga\/meliodas-dragon-sword\/\">dragon's sword<\/a> or the broken sword of Meliodas in the manga Seven Deadly Sins.<\/li>\n<li>There is also a replica of the<a href=\"https:\/\/repliquemangacine.fr\/en\/katana-and-sword-from-anime-other-manga\/meliodas-sword-sacred-treasure-lostvayne\/\">sword sacred treasure<\/a> of Meliodas.<\/li>\n<li>As well as the <a href=\"https:\/\/repliquemangacine.fr\/en\/various-goodies\/mousepad-60-x-40-the-seven-deadly\/\">Seven Deadly Sins mouse pads<\/a> ( Nanatsu no taizai).<\/li>\n<li>And much more to discover in our online store!<\/li>\n<\/ul>\n<p>So here are some great gift ideas for all fans of the anime manga.<\/p>\n<p>In conclusion, you can use your <strong>Meliodas Lostvayne set<\/strong> in your everyday life. As a key ring or pendant, your choice.<\/p>\n<h2>How to maintain the blade of your Seven Deadly Sins sword?<\/h2>\n<p>Collector's and decorative swords are made and assembled in a simplified way. As their use is decorative, they lack the safety features required of a Japanese sword intended for training.<\/p>\n<p>However, your <strong>Meliodas Lostvayne set<\/strong> to a steel blade that needs to be cared for to avoid damage over time. In fact, when you display your katana, your friends will be curious to see and touch the blade. This is where you need to be careful, as the acidity of your fingers is very harmful to steel, whatever its quality.<\/p>\n<p>However, if this does happen, don't panic - all you need is a cloth dampened with a little oil and a wipe of fingerprints. By doing so, you'll keep your sword looking its best for a very long time.<\/p>","protected":false},"excerpt":{"rendered":"<p>Set of 10 steel pieces from the swords of Meliodas in The Seven Deadly Sins.<\/p>\n<p>This set includes :<\/p>\n<ul>\n<li>3 Meliodas Swords - Between 10.5cm and 13.5cm long<\/li>\n<li>2 Scabbards for swords - Length 8cm<\/li>\n<li>1 Logo medal - Diameter: 3.5 cm<\/li>\n<li>1 M\u00e9liodas character - Height 6cm<\/li>\n<li>1 60cm chain<\/li>\n<li>1 key ring and 1 snap hook<\/li>\n<\/ul>\n<p>Delivered in a collector's box in the colors of the manga.<\/p>","protected":false},"featured_media":41687,"template":"","meta":[],"product_brand":[896],"product_cat":[98,94,23,96,110],"product_tag":[],"class_list":{"0":"post-41686","1":"product","2":"type-product","3":"status-publish","4":"has-post-thumbnail","6":"product_brand-replique-manga-cine","7":"product_cat-divers-goodies","8":"product_cat-goodies","9":"product_cat-repliques-manga-jeux-video","10":"product_cat-porte-cles-goodies","11":"product_cat-epees-seven-deadly-sins","13":"first","14":"outofstock","15":"taxable","16":"shipping-taxable","17":"purchasable","18":"product-type-simple"},"yoast_head":"<!-- This site is optimized with the Yoast SEO plugin v27.4 - https:\/\/yoast.com\/product\/yoast-seo-wordpress\/ -->\n<title>Coffret Meliodas Lostvayne 10 pi\u00e8ces - R\u00e9plique Manga Cin\u00e9<\/title>\n<meta name=\"description\" content=\"Offrez-vous ! Ce superbe Coffret Meliodas Lostvayne dans The Seven Deadly Sins au meilleur prix - Coffret de 10 pi\u00e8ces - Envoi 24\/48h\" \/>\n<meta name=\"robots\" content=\"index, follow, max-snippet:-1, max-image-preview:large, max-video-preview:-1\" \/>\n<link rel=\"canonical\" href=\"https:\/\/repliquemangacine.fr\/en\/seven-deadly-sins-swords\/10-piece-meliodas-sword-set\/\" \/>\n<meta property=\"og:locale\" content=\"en_US\" \/>\n<meta property=\"og:type\" content=\"article\" \/>\n<meta property=\"og:title\" content=\"Coffret Meliodas Lostvayne 10 pi\u00e8ces - R\u00e9plique Manga Cin\u00e9\" \/>\n<meta property=\"og:description\" content=\"Offrez-vous ! Ce superbe Coffret Meliodas Lostvayne dans The Seven Deadly Sins au meilleur prix - Coffret de 10 pi\u00e8ces - Envoi 24\/48h\" \/>\n<meta property=\"og:url\" content=\"https:\/\/repliquemangacine.fr\/en\/seven-deadly-sins-swords\/10-piece-meliodas-sword-set\/\" \/>\n<meta property=\"og:site_name\" content=\"R\u00e9plique Manga Cin\u00e9\" \/>\n<meta property=\"article:publisher\" content=\"https:\/\/www.facebook.com\/RepliqueMangaCine\" \/>\n<meta property=\"article:modified_time\" content=\"2025-09-23T16:02:38+00:00\" \/>\n<meta property=\"og:image\" content=\"https:\/\/repliquemangacine.fr\/wp-content\/uploads\/2023\/10\/coffret-meliodas-sins.jpg\" \/>\n\t<meta property=\"og:image:width\" content=\"800\" \/>\n\t<meta property=\"og:image:height\" content=\"800\" \/>\n\t<meta property=\"og:image:type\" content=\"image\/jpeg\" \/>\n<meta name=\"twitter:card\" content=\"summary_large_image\" \/>\n<meta name=\"twitter:label1\" content=\"Est. reading time\" \/>\n\t<meta name=\"twitter:data1\" content=\"1 minute\" \/>\n<script type=\"application\/ld+json\" class=\"yoast-schema-graph\">{\"@context\":\"https:\\\/\\\/schema.org\",\"@graph\":[{\"@type\":\"WebPage\",\"@id\":\"https:\\\/\\\/repliquemangacine.fr\\\/en\\\/seven-deadly-sins-swords\\\/10-piece-meliodas-sword-set\\\/\",\"url\":\"https:\\\/\\\/repliquemangacine.fr\\\/en\\\/seven-deadly-sins-swords\\\/10-piece-meliodas-sword-set\\\/\",\"name\":\"Coffret Meliodas Lostvayne 10 pi\u00e8ces - R\u00e9plique Manga Cin\u00e9\",\"isPartOf\":{\"@id\":\"https:\\\/\\\/repliquemangacine.fr\\\/#website\"},\"primaryImageOfPage\":{\"@id\":\"https:\\\/\\\/repliquemangacine.fr\\\/en\\\/seven-deadly-sins-swords\\\/10-piece-meliodas-sword-set\\\/#primaryimage\"},\"image\":{\"@id\":\"https:\\\/\\\/repliquemangacine.fr\\\/en\\\/seven-deadly-sins-swords\\\/10-piece-meliodas-sword-set\\\/#primaryimage\"},\"thumbnailUrl\":\"https:\\\/\\\/repliquemangacine.fr\\\/wp-content\\\/uploads\\\/2023\\\/10\\\/coffret-meliodas-sins.jpg\",\"datePublished\":\"2021-07-31T16:07:36+00:00\",\"dateModified\":\"2025-09-23T16:02:38+00:00\",\"description\":\"Offrez-vous ! Ce superbe Coffret Meliodas Lostvayne dans The Seven Deadly Sins au meilleur prix - Coffret de 10 pi\u00e8ces - Envoi 24\\\/48h\",\"breadcrumb\":{\"@id\":\"https:\\\/\\\/repliquemangacine.fr\\\/en\\\/seven-deadly-sins-swords\\\/10-piece-meliodas-sword-set\\\/#breadcrumb\"},\"inLanguage\":\"en-US\",\"potentialAction\":[{\"@type\":\"ReadAction\",\"target\":[\"https:\\\/\\\/repliquemangacine.fr\\\/en\\\/seven-deadly-sins-swords\\\/10-piece-meliodas-sword-set\\\/\"]}]},{\"@type\":\"ImageObject\",\"inLanguage\":\"en-US\",\"@id\":\"https:\\\/\\\/repliquemangacine.fr\\\/en\\\/seven-deadly-sins-swords\\\/10-piece-meliodas-sword-set\\\/#primaryimage\",\"url\":\"https:\\\/\\\/repliquemangacine.fr\\\/wp-content\\\/uploads\\\/2023\\\/10\\\/coffret-meliodas-sins.jpg\",\"contentUrl\":\"https:\\\/\\\/repliquemangacine.fr\\\/wp-content\\\/uploads\\\/2023\\\/10\\\/coffret-meliodas-sins.jpg\",\"width\":800,\"height\":800,\"caption\":\"coffret \u00e9p\u00e9es-meliodas porte cl\u00e9s\"},{\"@type\":\"BreadcrumbList\",\"@id\":\"https:\\\/\\\/repliquemangacine.fr\\\/en\\\/seven-deadly-sins-swords\\\/10-piece-meliodas-sword-set\\\/#breadcrumb\",\"itemListElement\":[{\"@type\":\"ListItem\",\"position\":1,\"name\":\"Accueil\",\"item\":\"https:\\\/\\\/repliquemangacine.fr\\\/\"},{\"@type\":\"ListItem\",\"position\":2,\"name\":\"Produits\",\"item\":\"https:\\\/\\\/repliquemangacine.fr\\\/boutique\\\/\"},{\"@type\":\"ListItem\",\"position\":3,\"name\":\"Coffret Meliodas Lostvayne 10 pi\u00e8ces\"}]},{\"@type\":\"WebSite\",\"@id\":\"https:\\\/\\\/repliquemangacine.fr\\\/#website\",\"url\":\"https:\\\/\\\/repliquemangacine.fr\\\/\",\"name\":\"R\u00e9plique Manga Cin\u00e9\",\"description\":\"\",\"publisher\":{\"@id\":\"https:\\\/\\\/repliquemangacine.fr\\\/#organization\"},\"potentialAction\":[{\"@type\":\"SearchAction\",\"target\":{\"@type\":\"EntryPoint\",\"urlTemplate\":\"https:\\\/\\\/repliquemangacine.fr\\\/?s={search_term_string}\"},\"query-input\":{\"@type\":\"PropertyValueSpecification\",\"valueRequired\":true,\"valueName\":\"search_term_string\"}}],\"inLanguage\":\"en-US\"},{\"@type\":\"Organization\",\"@id\":\"https:\\\/\\\/repliquemangacine.fr\\\/#organization\",\"name\":\"R\u00e9plique Manga Cin\u00e9\",\"url\":\"https:\\\/\\\/repliquemangacine.fr\\\/\",\"logo\":{\"@type\":\"ImageObject\",\"inLanguage\":\"en-US\",\"@id\":\"https:\\\/\\\/repliquemangacine.fr\\\/#\\\/schema\\\/logo\\\/image\\\/\",\"url\":\"https:\\\/\\\/repliquemangacine.fr\\\/wp-content\\\/uploads\\\/2023\\\/10\\\/RMC-500250.png\",\"contentUrl\":\"https:\\\/\\\/repliquemangacine.fr\\\/wp-content\\\/uploads\\\/2023\\\/10\\\/RMC-500250.png\",\"width\":500,\"height\":250,\"caption\":\"R\u00e9plique Manga Cin\u00e9\"},\"image\":{\"@id\":\"https:\\\/\\\/repliquemangacine.fr\\\/#\\\/schema\\\/logo\\\/image\\\/\"},\"sameAs\":[\"https:\\\/\\\/www.facebook.com\\\/RepliqueMangaCine\",\"https:\\\/\\\/www.instagram.com\\\/repliquemangacine.fr\\\/\"]}]}<\/script>\n<!-- \/ Yoast SEO plugin. -->","yoast_head_json":{"title":"Meliodas Lostvayne set 10 pieces - R\u00e9plique Manga Cin\u00e9","description":"Treat yourself! This superb Meliodas Lostvayne Gift Set in The Seven Deadly Sins at the best price - Box of 10 pieces - Shipment 24\/48h","robots":{"index":"index","follow":"follow","max-snippet":"max-snippet:-1","max-image-preview":"max-image-preview:large","max-video-preview":"max-video-preview:-1"},"canonical":"https:\/\/repliquemangacine.fr\/en\/seven-deadly-sins-swords\/10-piece-meliodas-sword-set\/","og_locale":"en_US","og_type":"article","og_title":"Coffret Meliodas Lostvayne 10 pi\u00e8ces - R\u00e9plique Manga Cin\u00e9","og_description":"Offrez-vous ! Ce superbe Coffret Meliodas Lostvayne dans The Seven Deadly Sins au meilleur prix - Coffret de 10 pi\u00e8ces - Envoi 24\/48h","og_url":"https:\/\/repliquemangacine.fr\/en\/seven-deadly-sins-swords\/10-piece-meliodas-sword-set\/","og_site_name":"R\u00e9plique Manga Cin\u00e9","article_publisher":"https:\/\/www.facebook.com\/RepliqueMangaCine","article_modified_time":"2025-09-23T16:02:38+00:00","og_image":[{"width":800,"height":800,"url":"https:\/\/repliquemangacine.fr\/wp-content\/uploads\/2023\/10\/coffret-meliodas-sins.jpg","type":"image\/jpeg"}],"twitter_card":"summary_large_image","twitter_misc":{"Est. reading time":"1 minute"},"schema":{"@context":"https:\/\/schema.org","@graph":[{"@type":"WebPage","@id":"https:\/\/repliquemangacine.fr\/en\/seven-deadly-sins-swords\/10-piece-meliodas-sword-set\/","url":"https:\/\/repliquemangacine.fr\/en\/seven-deadly-sins-swords\/10-piece-meliodas-sword-set\/","name":"Meliodas Lostvayne set 10 pieces - R\u00e9plique Manga Cin\u00e9","isPartOf":{"@id":"https:\/\/repliquemangacine.fr\/#website"},"primaryImageOfPage":{"@id":"https:\/\/repliquemangacine.fr\/en\/seven-deadly-sins-swords\/10-piece-meliodas-sword-set\/#primaryimage"},"image":{"@id":"https:\/\/repliquemangacine.fr\/en\/seven-deadly-sins-swords\/10-piece-meliodas-sword-set\/#primaryimage"},"thumbnailUrl":"https:\/\/repliquemangacine.fr\/wp-content\/uploads\/2023\/10\/coffret-meliodas-sins.jpg","datePublished":"2021-07-31T16:07:36+00:00","dateModified":"2025-09-23T16:02:38+00:00","description":"Treat yourself! This superb Meliodas Lostvayne Gift Set in The Seven Deadly Sins at the best price - Box of 10 pieces - Shipment 24\/48h","breadcrumb":{"@id":"https:\/\/repliquemangacine.fr\/en\/seven-deadly-sins-swords\/10-piece-meliodas-sword-set\/#breadcrumb"},"inLanguage":"en-US","potentialAction":[{"@type":"ReadAction","target":["https:\/\/repliquemangacine.fr\/en\/seven-deadly-sins-swords\/10-piece-meliodas-sword-set\/"]}]},{"@type":"ImageObject","inLanguage":"en-US","@id":"https:\/\/repliquemangacine.fr\/en\/seven-deadly-sins-swords\/10-piece-meliodas-sword-set\/#primaryimage","url":"https:\/\/repliquemangacine.fr\/wp-content\/uploads\/2023\/10\/coffret-meliodas-sins.jpg","contentUrl":"https:\/\/repliquemangacine.fr\/wp-content\/uploads\/2023\/10\/coffret-meliodas-sins.jpg","width":800,"height":800,"caption":"coffret \u00e9p\u00e9es-meliodas porte cl\u00e9s"},{"@type":"BreadcrumbList","@id":"https:\/\/repliquemangacine.fr\/en\/seven-deadly-sins-swords\/10-piece-meliodas-sword-set\/#breadcrumb","itemListElement":[{"@type":"ListItem","position":1,"name":"Accueil","item":"https:\/\/repliquemangacine.fr\/"},{"@type":"ListItem","position":2,"name":"Produits","item":"https:\/\/repliquemangacine.fr\/boutique\/"},{"@type":"ListItem","position":3,"name":"Coffret Meliodas Lostvayne 10 pi\u00e8ces"}]},{"@type":"WebSite","@id":"https:\/\/repliquemangacine.fr\/#website","url":"https:\/\/repliquemangacine.fr\/","name":"R\u00e9plique Manga Cin\u00e9","description":"","publisher":{"@id":"https:\/\/repliquemangacine.fr\/#organization"},"potentialAction":[{"@type":"SearchAction","target":{"@type":"EntryPoint","urlTemplate":"https:\/\/repliquemangacine.fr\/?s={search_term_string}"},"query-input":{"@type":"PropertyValueSpecification","valueRequired":true,"valueName":"search_term_string"}}],"inLanguage":"en-US"},{"@type":"Organization","@id":"https:\/\/repliquemangacine.fr\/#organization","name":"R\u00e9plique Manga Cin\u00e9","url":"https:\/\/repliquemangacine.fr\/","logo":{"@type":"ImageObject","inLanguage":"en-US","@id":"https:\/\/repliquemangacine.fr\/#\/schema\/logo\/image\/","url":"https:\/\/repliquemangacine.fr\/wp-content\/uploads\/2023\/10\/RMC-500250.png","contentUrl":"https:\/\/repliquemangacine.fr\/wp-content\/uploads\/2023\/10\/RMC-500250.png","width":500,"height":250,"caption":"R\u00e9plique Manga Cin\u00e9"},"image":{"@id":"https:\/\/repliquemangacine.fr\/#\/schema\/logo\/image\/"},"sameAs":["https:\/\/www.facebook.com\/RepliqueMangaCine","https:\/\/www.instagram.com\/repliquemangacine.fr\/"]}]}},"_links":{"self":[{"href":"https:\/\/repliquemangacine.fr\/en\/wp-json\/wp\/v2\/product\/41686","targetHints":{"allow":["GET"]}}],"collection":[{"href":"https:\/\/repliquemangacine.fr\/en\/wp-json\/wp\/v2\/product"}],"about":[{"href":"https:\/\/repliquemangacine.fr\/en\/wp-json\/wp\/v2\/types\/product"}],"wp:featuredmedia":[{"embeddable":true,"href":"https:\/\/repliquemangacine.fr\/en\/wp-json\/wp\/v2\/media\/41687"}],"wp:attachment":[{"href":"https:\/\/repliquemangacine.fr\/en\/wp-json\/wp\/v2\/media?parent=41686"}],"wp:term":[{"taxonomy":"product_brand","embeddable":true,"href":"https:\/\/repliquemangacine.fr\/en\/wp-json\/wp\/v2\/product_brand?post=41686"},{"taxonomy":"product_cat","embeddable":true,"href":"https:\/\/repliquemangacine.fr\/en\/wp-json\/wp\/v2\/product_cat?post=41686"},{"taxonomy":"product_tag","embeddable":true,"href":"https:\/\/repliquemangacine.fr\/en\/wp-json\/wp\/v2\/product_tag?post=41686"}],"curies":[{"name":"wp","href":"https:\/\/api.w.org\/{rel}","templated":true}]}}