





{"id":41660,"date":"2021-07-30T17:51:12","date_gmt":"2021-07-30T15:51:12","guid":{"rendered":"https:\/\/repliquemangacine.fr\/?post_type=product&#038;p=41660"},"modified":"2025-12-03T21:30:52","modified_gmt":"2025-12-03T20:30:52","slug":"naruto-set-of-28-pieces","status":"publish","type":"product","link":"https:\/\/repliquemangacine.fr\/en\/porte-cles-goodies\/coffret-naruto-set-de-28-pieces\/","title":{"rendered":"Naruto set of 28 pieces"},"content":{"rendered":"<h2>Splendid 28-piece Naruto set<\/h2>\n<p>The 28-piece Naruto set is a mix of medals, necklaces, key rings and more from the famous anime manga.<\/p>\n<p><a href=\"https:\/\/naruto.fandom.com\/fr\/wiki\/Accueil\">Naruto<\/a> is a sh\u014dnen manga written and drawn by Masashi Kishimoto. Following its success in manga form, an anime adaptation was produced by the Pierrot and Aniplex studios. With over 250 million copies in print, Naruto is one of the best-selling mangas in the world.<\/p>\n<p>The story begins during Naruto's adolescence, around the age of twelve. A dunce-like orphan and a great prankster, he does everything he can to get himself noticed. His dream is to become the best Hokage in order to be recognized by the people of his village.<\/p>\n<p>The beginning of the story centers on four main characters: Naruto Uzumaki, of course, but also Sakura Haruno, Sasuke Uchiwa and their sensei Kakashi Hatake, present in and protagonists of almost all the first chapters of the manga.<\/p>\n<h3>We offer a wide selection of replicas from the animated manga Naruto<\/h3>\n<p>First and foremost,<\/p>\n<ul>\n<li>Sasuke Uchiwa's Chokut\u014d called <a href=\"https:\/\/repliquemangacine.fr\/en\/katana-goodies-naruto\/katana-sasuke-epee-kusanagi\/\">Kusanagi sword<\/a> in Naruto<\/li>\n<li>There's also L'immense <a href=\"https:\/\/repliquemangacine.fr\/en\/katana-goodies-naruto\/zabuza-sword-kubikiribocho-sword\/\">sword of Zabuza<\/a> Momochi, the Kubikirib\u00f4ch\u00f4 that looks like a giant butcher's knife.<\/li>\n<li>As well as an identical replica of the <a href=\"https:\/\/repliquemangacine.fr\/en\/katana-goodies-naruto\/kunai-despace-temps-minato\/\">Space-time kunai<\/a> used by Minato<\/li>\n<li>And much, much more!<\/li>\n<\/ul>\n<p>A great gift idea for all medieval enthusiasts.<\/p>\n<h3>You can also use this 28-piece Naruto set in everyday life as necklaces or key rings.<\/h3>\n<p>First and foremost, this collector's box is a collector's and decorative item.<\/p>\n<p>R\u00e9plique Manga Cin\u00e9 is a French family business.<\/p>\n<p><strong>Please note that all our replicas are collector's items and decorations. You can use them for historical re-enactments, cosplay parades or interior decoration. Consequently, it is not possible to go into public places with these replicas.<\/strong><\/p>","protected":false},"excerpt":{"rendered":"<p>Here's a gift idea for all Naruto lovers.<\/p>\n<p>This 28-piece steel set represents the entire Naruto universe. This set includes:<\/p>\n<ul>\n<li>1 16cm Kunai<\/li>\n<li>1 Konoha headband<\/li>\n<li>1 Ring<\/li>\n<li>1 Shuriken that can be used as a key ring or necklace<\/li>\n<li>1 set of 3 mini kuna<\/li>\n<li>2 necklaces, including that of the first hokage<\/li>\n<li>16 different-shaped logos that can also be used as key rings or necklaces.<\/li>\n<li>5 necklace tubes or key rings<\/li>\n<\/ul>\n<p>Comes in a Naruto-coloured box.<\/p>","protected":false},"featured_media":41661,"template":"","meta":[],"product_brand":[896],"product_cat":[98,94,23,42,96],"product_tag":[],"class_list":{"0":"post-41660","1":"product","2":"type-product","3":"status-publish","4":"has-post-thumbnail","6":"product_brand-replique-manga-cine","7":"product_cat-divers-goodies","8":"product_cat-goodies","9":"product_cat-repliques-manga-jeux-video","10":"product_cat-katana-goodies-naruto-kunai","11":"product_cat-porte-cles-goodies","13":"first","14":"outofstock","15":"taxable","16":"shipping-taxable","17":"purchasable","18":"product-type-simple"},"yoast_head":"<!-- This site is optimized with the Yoast SEO plugin v27.5 - https:\/\/yoast.com\/product\/yoast-seo-wordpress\/ -->\n<title>Coffret 28 pi\u00e8ces Naruto - Goodies Naruto - R\u00e9plique Manga Cin\u00e9<\/title>\n<meta name=\"description\" content=\"En exclusivit\u00e9 ! Retrouvez ce superbe Coffret 28 pi\u00e8ces Naruto, kunai, bandeau, porte cl\u00e9s, colliers... Les fans vont \u00eatre ravis !\" \/>\n<meta name=\"robots\" content=\"index, follow, max-snippet:-1, max-image-preview:large, max-video-preview:-1\" \/>\n<link rel=\"canonical\" href=\"https:\/\/repliquemangacine.fr\/en\/various-goodies\/naruto-set-of-28-pieces\/\" \/>\n<meta property=\"og:locale\" content=\"en_US\" \/>\n<meta property=\"og:type\" content=\"article\" \/>\n<meta property=\"og:title\" content=\"Coffret 28 pi\u00e8ces Naruto - Goodies Naruto - R\u00e9plique Manga Cin\u00e9\" \/>\n<meta property=\"og:description\" content=\"En exclusivit\u00e9 ! Retrouvez ce superbe Coffret 28 pi\u00e8ces Naruto, kunai, bandeau, porte cl\u00e9s, colliers... Les fans vont \u00eatre ravis !\" \/>\n<meta property=\"og:url\" content=\"https:\/\/repliquemangacine.fr\/en\/various-goodies\/naruto-set-of-28-pieces\/\" \/>\n<meta property=\"og:site_name\" content=\"R\u00e9plique Manga Cin\u00e9\" \/>\n<meta property=\"article:publisher\" content=\"https:\/\/www.facebook.com\/RepliqueMangaCine\" \/>\n<meta property=\"article:modified_time\" content=\"2025-12-03T20:30:52+00:00\" \/>\n<meta property=\"og:image\" content=\"https:\/\/repliquemangacine.fr\/wp-content\/uploads\/2023\/10\/coffret-naruto.jpg\" \/>\n\t<meta property=\"og:image:width\" content=\"800\" \/>\n\t<meta property=\"og:image:height\" content=\"799\" \/>\n\t<meta property=\"og:image:type\" content=\"image\/jpeg\" \/>\n<meta name=\"twitter:card\" content=\"summary_large_image\" \/>\n<meta name=\"twitter:label1\" content=\"Est. reading time\" \/>\n\t<meta name=\"twitter:data1\" content=\"1 minute\" \/>\n<script type=\"application\/ld+json\" class=\"yoast-schema-graph\">{\"@context\":\"https:\\\/\\\/schema.org\",\"@graph\":[{\"@type\":\"WebPage\",\"@id\":\"https:\\\/\\\/repliquemangacine.fr\\\/divers-goodies\\\/coffret-naruto-set-de-28-pieces\\\/\",\"url\":\"https:\\\/\\\/repliquemangacine.fr\\\/divers-goodies\\\/coffret-naruto-set-de-28-pieces\\\/\",\"name\":\"Coffret 28 pi\u00e8ces Naruto - Goodies Naruto - R\u00e9plique Manga Cin\u00e9\",\"isPartOf\":{\"@id\":\"https:\\\/\\\/repliquemangacine.fr\\\/#website\"},\"primaryImageOfPage\":{\"@id\":\"https:\\\/\\\/repliquemangacine.fr\\\/divers-goodies\\\/coffret-naruto-set-de-28-pieces\\\/#primaryimage\"},\"image\":{\"@id\":\"https:\\\/\\\/repliquemangacine.fr\\\/divers-goodies\\\/coffret-naruto-set-de-28-pieces\\\/#primaryimage\"},\"thumbnailUrl\":\"https:\\\/\\\/repliquemangacine.fr\\\/wp-content\\\/uploads\\\/2023\\\/10\\\/coffret-naruto.jpg\",\"datePublished\":\"2021-07-30T15:51:12+00:00\",\"dateModified\":\"2025-12-03T20:30:52+00:00\",\"description\":\"En exclusivit\u00e9 ! Retrouvez ce superbe Coffret 28 pi\u00e8ces Naruto, kunai, bandeau, porte cl\u00e9s, colliers... Les fans vont \u00eatre ravis !\",\"breadcrumb\":{\"@id\":\"https:\\\/\\\/repliquemangacine.fr\\\/divers-goodies\\\/coffret-naruto-set-de-28-pieces\\\/#breadcrumb\"},\"inLanguage\":\"en-US\",\"potentialAction\":[{\"@type\":\"ReadAction\",\"target\":[\"https:\\\/\\\/repliquemangacine.fr\\\/divers-goodies\\\/coffret-naruto-set-de-28-pieces\\\/\"]}]},{\"@type\":\"ImageObject\",\"inLanguage\":\"en-US\",\"@id\":\"https:\\\/\\\/repliquemangacine.fr\\\/divers-goodies\\\/coffret-naruto-set-de-28-pieces\\\/#primaryimage\",\"url\":\"https:\\\/\\\/repliquemangacine.fr\\\/wp-content\\\/uploads\\\/2023\\\/10\\\/coffret-naruto.jpg\",\"contentUrl\":\"https:\\\/\\\/repliquemangacine.fr\\\/wp-content\\\/uploads\\\/2023\\\/10\\\/coffret-naruto.jpg\",\"width\":800,\"height\":799,\"caption\":\"coffret-naruto set de 28 pi\u00e8ces\"},{\"@type\":\"BreadcrumbList\",\"@id\":\"https:\\\/\\\/repliquemangacine.fr\\\/divers-goodies\\\/coffret-naruto-set-de-28-pieces\\\/#breadcrumb\",\"itemListElement\":[{\"@type\":\"ListItem\",\"position\":1,\"name\":\"Accueil\",\"item\":\"https:\\\/\\\/repliquemangacine.fr\\\/\"},{\"@type\":\"ListItem\",\"position\":2,\"name\":\"Produits\",\"item\":\"https:\\\/\\\/repliquemangacine.fr\\\/boutique\\\/\"},{\"@type\":\"ListItem\",\"position\":3,\"name\":\"Coffret Naruto set de 28 pi\u00e8ces\"}]},{\"@type\":\"WebSite\",\"@id\":\"https:\\\/\\\/repliquemangacine.fr\\\/#website\",\"url\":\"https:\\\/\\\/repliquemangacine.fr\\\/\",\"name\":\"R\u00e9plique Manga Cin\u00e9\",\"description\":\"\",\"publisher\":{\"@id\":\"https:\\\/\\\/repliquemangacine.fr\\\/#organization\"},\"potentialAction\":[{\"@type\":\"SearchAction\",\"target\":{\"@type\":\"EntryPoint\",\"urlTemplate\":\"https:\\\/\\\/repliquemangacine.fr\\\/?s={search_term_string}\"},\"query-input\":{\"@type\":\"PropertyValueSpecification\",\"valueRequired\":true,\"valueName\":\"search_term_string\"}}],\"inLanguage\":\"en-US\"},{\"@type\":\"Organization\",\"@id\":\"https:\\\/\\\/repliquemangacine.fr\\\/#organization\",\"name\":\"R\u00e9plique Manga Cin\u00e9\",\"url\":\"https:\\\/\\\/repliquemangacine.fr\\\/\",\"logo\":{\"@type\":\"ImageObject\",\"inLanguage\":\"en-US\",\"@id\":\"https:\\\/\\\/repliquemangacine.fr\\\/#\\\/schema\\\/logo\\\/image\\\/\",\"url\":\"https:\\\/\\\/repliquemangacine.fr\\\/wp-content\\\/uploads\\\/2023\\\/10\\\/RMC-500250.png\",\"contentUrl\":\"https:\\\/\\\/repliquemangacine.fr\\\/wp-content\\\/uploads\\\/2023\\\/10\\\/RMC-500250.png\",\"width\":500,\"height\":250,\"caption\":\"R\u00e9plique Manga Cin\u00e9\"},\"image\":{\"@id\":\"https:\\\/\\\/repliquemangacine.fr\\\/#\\\/schema\\\/logo\\\/image\\\/\"},\"sameAs\":[\"https:\\\/\\\/www.facebook.com\\\/RepliqueMangaCine\",\"https:\\\/\\\/www.instagram.com\\\/repliquemangacine.fr\\\/\"]}]}<\/script>\n<!-- \/ Yoast SEO plugin. -->","yoast_head_json":{"title":"Naruto 28 pieces set - Naruto Goodies - R\u00e9plique Manga Cin\u00e9","description":"Exclusive! This superb 28-piece Naruto gift set includes kunai, headbands, key rings, necklaces... Fans will be delighted!","robots":{"index":"index","follow":"follow","max-snippet":"max-snippet:-1","max-image-preview":"max-image-preview:large","max-video-preview":"max-video-preview:-1"},"canonical":"https:\/\/repliquemangacine.fr\/en\/various-goodies\/naruto-set-of-28-pieces\/","og_locale":"en_US","og_type":"article","og_title":"Coffret 28 pi\u00e8ces Naruto - Goodies Naruto - R\u00e9plique Manga Cin\u00e9","og_description":"En exclusivit\u00e9 ! Retrouvez ce superbe Coffret 28 pi\u00e8ces Naruto, kunai, bandeau, porte cl\u00e9s, colliers... Les fans vont \u00eatre ravis !","og_url":"https:\/\/repliquemangacine.fr\/en\/various-goodies\/naruto-set-of-28-pieces\/","og_site_name":"R\u00e9plique Manga Cin\u00e9","article_publisher":"https:\/\/www.facebook.com\/RepliqueMangaCine","article_modified_time":"2025-12-03T20:30:52+00:00","og_image":[{"width":800,"height":799,"url":"https:\/\/repliquemangacine.fr\/wp-content\/uploads\/2023\/10\/coffret-naruto.jpg","type":"image\/jpeg"}],"twitter_card":"summary_large_image","twitter_misc":{"Est. reading time":"1 minute"},"schema":{"@context":"https:\/\/schema.org","@graph":[{"@type":"WebPage","@id":"https:\/\/repliquemangacine.fr\/divers-goodies\/coffret-naruto-set-de-28-pieces\/","url":"https:\/\/repliquemangacine.fr\/divers-goodies\/coffret-naruto-set-de-28-pieces\/","name":"Naruto 28 pieces set - Naruto Goodies - R\u00e9plique Manga Cin\u00e9","isPartOf":{"@id":"https:\/\/repliquemangacine.fr\/#website"},"primaryImageOfPage":{"@id":"https:\/\/repliquemangacine.fr\/divers-goodies\/coffret-naruto-set-de-28-pieces\/#primaryimage"},"image":{"@id":"https:\/\/repliquemangacine.fr\/divers-goodies\/coffret-naruto-set-de-28-pieces\/#primaryimage"},"thumbnailUrl":"https:\/\/repliquemangacine.fr\/wp-content\/uploads\/2023\/10\/coffret-naruto.jpg","datePublished":"2021-07-30T15:51:12+00:00","dateModified":"2025-12-03T20:30:52+00:00","description":"Exclusive! This superb 28-piece Naruto gift set includes kunai, headbands, key rings, necklaces... Fans will be delighted!","breadcrumb":{"@id":"https:\/\/repliquemangacine.fr\/divers-goodies\/coffret-naruto-set-de-28-pieces\/#breadcrumb"},"inLanguage":"en-US","potentialAction":[{"@type":"ReadAction","target":["https:\/\/repliquemangacine.fr\/divers-goodies\/coffret-naruto-set-de-28-pieces\/"]}]},{"@type":"ImageObject","inLanguage":"en-US","@id":"https:\/\/repliquemangacine.fr\/divers-goodies\/coffret-naruto-set-de-28-pieces\/#primaryimage","url":"https:\/\/repliquemangacine.fr\/wp-content\/uploads\/2023\/10\/coffret-naruto.jpg","contentUrl":"https:\/\/repliquemangacine.fr\/wp-content\/uploads\/2023\/10\/coffret-naruto.jpg","width":800,"height":799,"caption":"coffret-naruto set de 28 pi\u00e8ces"},{"@type":"BreadcrumbList","@id":"https:\/\/repliquemangacine.fr\/divers-goodies\/coffret-naruto-set-de-28-pieces\/#breadcrumb","itemListElement":[{"@type":"ListItem","position":1,"name":"Accueil","item":"https:\/\/repliquemangacine.fr\/"},{"@type":"ListItem","position":2,"name":"Produits","item":"https:\/\/repliquemangacine.fr\/boutique\/"},{"@type":"ListItem","position":3,"name":"Coffret Naruto set de 28 pi\u00e8ces"}]},{"@type":"WebSite","@id":"https:\/\/repliquemangacine.fr\/#website","url":"https:\/\/repliquemangacine.fr\/","name":"R\u00e9plique Manga Cin\u00e9","description":"","publisher":{"@id":"https:\/\/repliquemangacine.fr\/#organization"},"potentialAction":[{"@type":"SearchAction","target":{"@type":"EntryPoint","urlTemplate":"https:\/\/repliquemangacine.fr\/?s={search_term_string}"},"query-input":{"@type":"PropertyValueSpecification","valueRequired":true,"valueName":"search_term_string"}}],"inLanguage":"en-US"},{"@type":"Organization","@id":"https:\/\/repliquemangacine.fr\/#organization","name":"R\u00e9plique Manga Cin\u00e9","url":"https:\/\/repliquemangacine.fr\/","logo":{"@type":"ImageObject","inLanguage":"en-US","@id":"https:\/\/repliquemangacine.fr\/#\/schema\/logo\/image\/","url":"https:\/\/repliquemangacine.fr\/wp-content\/uploads\/2023\/10\/RMC-500250.png","contentUrl":"https:\/\/repliquemangacine.fr\/wp-content\/uploads\/2023\/10\/RMC-500250.png","width":500,"height":250,"caption":"R\u00e9plique Manga Cin\u00e9"},"image":{"@id":"https:\/\/repliquemangacine.fr\/#\/schema\/logo\/image\/"},"sameAs":["https:\/\/www.facebook.com\/RepliqueMangaCine","https:\/\/www.instagram.com\/repliquemangacine.fr\/"]}]}},"_links":{"self":[{"href":"https:\/\/repliquemangacine.fr\/en\/wp-json\/wp\/v2\/product\/41660","targetHints":{"allow":["GET"]}}],"collection":[{"href":"https:\/\/repliquemangacine.fr\/en\/wp-json\/wp\/v2\/product"}],"about":[{"href":"https:\/\/repliquemangacine.fr\/en\/wp-json\/wp\/v2\/types\/product"}],"wp:featuredmedia":[{"embeddable":true,"href":"https:\/\/repliquemangacine.fr\/en\/wp-json\/wp\/v2\/media\/41661"}],"wp:attachment":[{"href":"https:\/\/repliquemangacine.fr\/en\/wp-json\/wp\/v2\/media?parent=41660"}],"wp:term":[{"taxonomy":"product_brand","embeddable":true,"href":"https:\/\/repliquemangacine.fr\/en\/wp-json\/wp\/v2\/product_brand?post=41660"},{"taxonomy":"product_cat","embeddable":true,"href":"https:\/\/repliquemangacine.fr\/en\/wp-json\/wp\/v2\/product_cat?post=41660"},{"taxonomy":"product_tag","embeddable":true,"href":"https:\/\/repliquemangacine.fr\/en\/wp-json\/wp\/v2\/product_tag?post=41660"}],"curies":[{"name":"wp","href":"https:\/\/api.w.org\/{rel}","templated":true}]}}