





{"id":41442,"date":"2021-07-22T16:58:44","date_gmt":"2021-07-22T14:58:44","guid":{"rendered":"https:\/\/repliquemangacine.fr\/?post_type=product&#038;p=41442"},"modified":"2025-11-10T14:48:25","modified_gmt":"2025-11-10T13:48:25","slug":"keyring-eye-dagamotto-dr-strange","status":"publish","type":"product","link":"https:\/\/repliquemangacine.fr\/en\/porte-cles-goodies\/porte-cles-oeil-dagamotto-dr-strange\/","title":{"rendered":"Dr Strange Eye of Agamotto keyring"},"content":{"rendered":"<h2>Dr Strange's Eye of Agamotto keyring replica from the Marvel universe.<\/h2>\n<p>The Oeil d'Agamotto key ring is remarkably realistic.<\/p>\n<p>The Eye of Agamotto is a powerful relic created by Agamotto, the first Sorcerer Supreme, as a containment device for the Time Stone. The Eye has been protected by masters of the mystic arts for generations.<\/p>\n<p>As the container of the Time Stone, the<a href=\"https:\/\/universcinematographiquemarvel.fandom.com\/fr\/wiki\/\u0152il_d'Agamotto\">Eye of Agamotto<\/a> allows its wearer to use the power of the Infinity Stone without having to physically touch it. Reinforced by its Infinity Stone, the Eye possesses enormous time-based powers. Able to control the flow of time on a small or large scale. On a large scale, the stone can go back in time to undo entire events, even to the point of bringing the dead back to life, by travelling to a point before their death.<\/p>\n<p>Agamotto was Earth's first Sorcerer Supreme, founder of the Masters of the Mystic Arts, builder of the Sanctums and creator of the Eye of Agamotto. As the first Sorcerer Supreme and founder of the Masters of the Mystic Arts. Agamotto is an immensely powerful master sorcerer, probably the greatest sorcerer in history. His understanding of magic is great enough to enable him to create powerful magical relics such as the Eye of Agamotto. This allows sorcerers to harness the power of an Infinity Stone.<\/p>\n<p>He also built the Sanctums, entire structures capable of generating a powerful barrier. Able to protect Earth from extradimensional threats as powerful as Dormammu.<\/p>\n<h3>We offer a wide selection of replicas of your Marvel universe superheroes.<\/h3>\n<p>First and foremost,<\/p>\n<ul>\n<li>Visit <a href=\"https:\/\/repliquemangacine.fr\/en\/super-heroes\/justice-league-replica-aquaman-trident-186-cm\/\">Aquaman's trident<\/a> in Official but 1\/1 scale distributed by Noble Collection.<\/li>\n<li>There is also the <a href=\"https:\/\/repliquemangacine.fr\/en\/super-heroes\/stormbreaker-key-ring-by-thor\/\">Stormbreaker hammer axe keyring.<\/a><\/li>\n<li>As well as the <a href=\"https:\/\/repliquemangacine.fr\/en\/super-heroes\/marvel-avengers-set-11-pieces\/\">Marvel collector's box set<\/a> of 11 pieces of key rings or pendants.<\/li>\n<li>And much, much more!<\/li>\n<\/ul>\n<p>A great gift idea for all Marvel fans.<\/p>\n<h3>You can also use the Dr Strange Eye of Agamotto Keyring in everyday life.<\/h3>\n<p>Above all, the Dr Strange Eye of Agamotto Keychain is also a collector's item.<\/p>\n<p>A must-have for Marvel fans. Enjoy your visit<\/p>\n<p>R\u00e9plique Manga Cin\u00e9 is a French family business.<\/p>","protected":false},"excerpt":{"rendered":"<p>Superb keyring for Dr Strange's Eye of Agamotto in Avengers.<\/p>\n<ul>\n<li>Entirely in aged steel with bronze finish.<\/li>\n<li>The front is hollow and openwork, with a green resin bead inside.<\/li>\n<li>On the back, the \"Doctor Strange\" monogram is superimposed.<\/li>\n<li>The ring is made of bright steel and measures approximately 3cm in diameter.<\/li>\n<li>Delivered in an Avengers blister pack.<\/li>\n<li>Eye width: 4.5cm - Total length with ring: 10 cm - Weight: 20 gr<\/li>\n<\/ul>","protected":false},"featured_media":41443,"template":"","meta":[],"product_brand":[896],"product_cat":[24,94,96,101,59],"product_tag":[],"class_list":{"0":"post-41442","1":"product","2":"type-product","3":"status-publish","4":"has-post-thumbnail","6":"product_brand-replique-manga-cine","7":"product_cat-films-series-tv-vente-de-katana-epee-et-produits-derives","8":"product_cat-goodies","9":"product_cat-porte-cles-goodies","10":"product_cat-soldes","11":"product_cat-super-heros-marvel","13":"first","14":"instock","15":"sale","16":"taxable","17":"shipping-taxable","18":"purchasable","19":"product-type-simple"},"yoast_head":"<!-- This site is optimized with the Yoast SEO plugin v27.4 - https:\/\/yoast.com\/product\/yoast-seo-wordpress\/ -->\n<title>Porte-cl\u00e9s Oeil d\u2019Agamotto - Dr Strange - R\u00e9plique Manga Cin\u00e9<\/title>\n<meta name=\"description\" content=\"Superbe Porte-cl\u00e9s Oeil d\u2019Agamotto dans Avengers. En m\u00e9tal vieilli bronze, perle verte \u00e0 l&#039;int\u00e9rieur, un cadeau bien utile !\" \/>\n<meta name=\"robots\" content=\"index, follow, max-snippet:-1, max-image-preview:large, max-video-preview:-1\" \/>\n<link rel=\"canonical\" href=\"https:\/\/repliquemangacine.fr\/en\/balances\/keyring-eye-dagamotto-dr-strange\/\" \/>\n<meta property=\"og:locale\" content=\"en_US\" \/>\n<meta property=\"og:type\" content=\"article\" \/>\n<meta property=\"og:title\" content=\"Porte-cl\u00e9s Oeil d\u2019Agamotto - Dr Strange - R\u00e9plique Manga Cin\u00e9\" \/>\n<meta property=\"og:description\" content=\"Superbe Porte-cl\u00e9s Oeil d\u2019Agamotto dans Avengers. En m\u00e9tal vieilli bronze, perle verte \u00e0 l&#039;int\u00e9rieur, un cadeau bien utile !\" \/>\n<meta property=\"og:url\" content=\"https:\/\/repliquemangacine.fr\/en\/balances\/keyring-eye-dagamotto-dr-strange\/\" \/>\n<meta property=\"og:site_name\" content=\"R\u00e9plique Manga Cin\u00e9\" \/>\n<meta property=\"article:publisher\" content=\"https:\/\/www.facebook.com\/RepliqueMangaCine\" \/>\n<meta property=\"article:modified_time\" content=\"2025-11-10T13:48:25+00:00\" \/>\n<meta property=\"og:image\" content=\"https:\/\/repliquemangacine.fr\/wp-content\/uploads\/2023\/10\/porte-cle-oeil.jpg\" \/>\n\t<meta property=\"og:image:width\" content=\"800\" \/>\n\t<meta property=\"og:image:height\" content=\"800\" \/>\n\t<meta property=\"og:image:type\" content=\"image\/jpeg\" \/>\n<meta name=\"twitter:card\" content=\"summary_large_image\" \/>\n<meta name=\"twitter:label1\" content=\"Est. reading time\" \/>\n\t<meta name=\"twitter:data1\" content=\"1 minute\" \/>\n<script type=\"application\/ld+json\" class=\"yoast-schema-graph\">{\"@context\":\"https:\\\/\\\/schema.org\",\"@graph\":[{\"@type\":\"WebPage\",\"@id\":\"https:\\\/\\\/repliquemangacine.fr\\\/soldes\\\/porte-cles-oeil-dagamotto-dr-strange\\\/\",\"url\":\"https:\\\/\\\/repliquemangacine.fr\\\/soldes\\\/porte-cles-oeil-dagamotto-dr-strange\\\/\",\"name\":\"Porte-cl\u00e9s Oeil d\u2019Agamotto - Dr Strange - R\u00e9plique Manga Cin\u00e9\",\"isPartOf\":{\"@id\":\"https:\\\/\\\/repliquemangacine.fr\\\/#website\"},\"primaryImageOfPage\":{\"@id\":\"https:\\\/\\\/repliquemangacine.fr\\\/soldes\\\/porte-cles-oeil-dagamotto-dr-strange\\\/#primaryimage\"},\"image\":{\"@id\":\"https:\\\/\\\/repliquemangacine.fr\\\/soldes\\\/porte-cles-oeil-dagamotto-dr-strange\\\/#primaryimage\"},\"thumbnailUrl\":\"https:\\\/\\\/repliquemangacine.fr\\\/wp-content\\\/uploads\\\/2023\\\/10\\\/porte-cle-oeil.jpg\",\"datePublished\":\"2021-07-22T14:58:44+00:00\",\"dateModified\":\"2025-11-10T13:48:25+00:00\",\"description\":\"Superbe Porte-cl\u00e9s Oeil d\u2019Agamotto dans Avengers. En m\u00e9tal vieilli bronze, perle verte \u00e0 l'int\u00e9rieur, un cadeau bien utile !\",\"breadcrumb\":{\"@id\":\"https:\\\/\\\/repliquemangacine.fr\\\/soldes\\\/porte-cles-oeil-dagamotto-dr-strange\\\/#breadcrumb\"},\"inLanguage\":\"en-US\",\"potentialAction\":[{\"@type\":\"ReadAction\",\"target\":[\"https:\\\/\\\/repliquemangacine.fr\\\/soldes\\\/porte-cles-oeil-dagamotto-dr-strange\\\/\"]}]},{\"@type\":\"ImageObject\",\"inLanguage\":\"en-US\",\"@id\":\"https:\\\/\\\/repliquemangacine.fr\\\/soldes\\\/porte-cles-oeil-dagamotto-dr-strange\\\/#primaryimage\",\"url\":\"https:\\\/\\\/repliquemangacine.fr\\\/wp-content\\\/uploads\\\/2023\\\/10\\\/porte-cle-oeil.jpg\",\"contentUrl\":\"https:\\\/\\\/repliquemangacine.fr\\\/wp-content\\\/uploads\\\/2023\\\/10\\\/porte-cle-oeil.jpg\",\"width\":800,\"height\":800,\"caption\":\"Porte cl\u00e9s Oeil d\u2019Agamotto Dr Strange\"},{\"@type\":\"BreadcrumbList\",\"@id\":\"https:\\\/\\\/repliquemangacine.fr\\\/soldes\\\/porte-cles-oeil-dagamotto-dr-strange\\\/#breadcrumb\",\"itemListElement\":[{\"@type\":\"ListItem\",\"position\":1,\"name\":\"Accueil\",\"item\":\"https:\\\/\\\/repliquemangacine.fr\\\/\"},{\"@type\":\"ListItem\",\"position\":2,\"name\":\"Produits\",\"item\":\"https:\\\/\\\/repliquemangacine.fr\\\/boutique\\\/\"},{\"@type\":\"ListItem\",\"position\":3,\"name\":\"Porte-cl\u00e9s Oeil d\u2019Agamotto Dr Strange\"}]},{\"@type\":\"WebSite\",\"@id\":\"https:\\\/\\\/repliquemangacine.fr\\\/#website\",\"url\":\"https:\\\/\\\/repliquemangacine.fr\\\/\",\"name\":\"R\u00e9plique Manga Cin\u00e9\",\"description\":\"\",\"publisher\":{\"@id\":\"https:\\\/\\\/repliquemangacine.fr\\\/#organization\"},\"potentialAction\":[{\"@type\":\"SearchAction\",\"target\":{\"@type\":\"EntryPoint\",\"urlTemplate\":\"https:\\\/\\\/repliquemangacine.fr\\\/?s={search_term_string}\"},\"query-input\":{\"@type\":\"PropertyValueSpecification\",\"valueRequired\":true,\"valueName\":\"search_term_string\"}}],\"inLanguage\":\"en-US\"},{\"@type\":\"Organization\",\"@id\":\"https:\\\/\\\/repliquemangacine.fr\\\/#organization\",\"name\":\"R\u00e9plique Manga Cin\u00e9\",\"url\":\"https:\\\/\\\/repliquemangacine.fr\\\/\",\"logo\":{\"@type\":\"ImageObject\",\"inLanguage\":\"en-US\",\"@id\":\"https:\\\/\\\/repliquemangacine.fr\\\/#\\\/schema\\\/logo\\\/image\\\/\",\"url\":\"https:\\\/\\\/repliquemangacine.fr\\\/wp-content\\\/uploads\\\/2023\\\/10\\\/RMC-500250.png\",\"contentUrl\":\"https:\\\/\\\/repliquemangacine.fr\\\/wp-content\\\/uploads\\\/2023\\\/10\\\/RMC-500250.png\",\"width\":500,\"height\":250,\"caption\":\"R\u00e9plique Manga Cin\u00e9\"},\"image\":{\"@id\":\"https:\\\/\\\/repliquemangacine.fr\\\/#\\\/schema\\\/logo\\\/image\\\/\"},\"sameAs\":[\"https:\\\/\\\/www.facebook.com\\\/RepliqueMangaCine\",\"https:\\\/\\\/www.instagram.com\\\/repliquemangacine.fr\\\/\"]}]}<\/script>\n<!-- \/ Yoast SEO plugin. -->","yoast_head_json":{"title":"Eye of Agamotto keyring - Dr Strange - R\u00e9plique Manga Cin\u00e9","description":"Superb Eye of Agamotto keyring in Avengers. Aged bronze metal, green pearl inside, a useful gift!","robots":{"index":"index","follow":"follow","max-snippet":"max-snippet:-1","max-image-preview":"max-image-preview:large","max-video-preview":"max-video-preview:-1"},"canonical":"https:\/\/repliquemangacine.fr\/en\/balances\/keyring-eye-dagamotto-dr-strange\/","og_locale":"en_US","og_type":"article","og_title":"Porte-cl\u00e9s Oeil d\u2019Agamotto - Dr Strange - R\u00e9plique Manga Cin\u00e9","og_description":"Superbe Porte-cl\u00e9s Oeil d\u2019Agamotto dans Avengers. En m\u00e9tal vieilli bronze, perle verte \u00e0 l'int\u00e9rieur, un cadeau bien utile !","og_url":"https:\/\/repliquemangacine.fr\/en\/balances\/keyring-eye-dagamotto-dr-strange\/","og_site_name":"R\u00e9plique Manga Cin\u00e9","article_publisher":"https:\/\/www.facebook.com\/RepliqueMangaCine","article_modified_time":"2025-11-10T13:48:25+00:00","og_image":[{"width":800,"height":800,"url":"https:\/\/repliquemangacine.fr\/wp-content\/uploads\/2023\/10\/porte-cle-oeil.jpg","type":"image\/jpeg"}],"twitter_card":"summary_large_image","twitter_misc":{"Est. reading time":"1 minute"},"schema":{"@context":"https:\/\/schema.org","@graph":[{"@type":"WebPage","@id":"https:\/\/repliquemangacine.fr\/soldes\/porte-cles-oeil-dagamotto-dr-strange\/","url":"https:\/\/repliquemangacine.fr\/soldes\/porte-cles-oeil-dagamotto-dr-strange\/","name":"Eye of Agamotto keyring - Dr Strange - R\u00e9plique Manga Cin\u00e9","isPartOf":{"@id":"https:\/\/repliquemangacine.fr\/#website"},"primaryImageOfPage":{"@id":"https:\/\/repliquemangacine.fr\/soldes\/porte-cles-oeil-dagamotto-dr-strange\/#primaryimage"},"image":{"@id":"https:\/\/repliquemangacine.fr\/soldes\/porte-cles-oeil-dagamotto-dr-strange\/#primaryimage"},"thumbnailUrl":"https:\/\/repliquemangacine.fr\/wp-content\/uploads\/2023\/10\/porte-cle-oeil.jpg","datePublished":"2021-07-22T14:58:44+00:00","dateModified":"2025-11-10T13:48:25+00:00","description":"Superb Eye of Agamotto keyring in Avengers. Aged bronze metal, green pearl inside, a useful gift!","breadcrumb":{"@id":"https:\/\/repliquemangacine.fr\/soldes\/porte-cles-oeil-dagamotto-dr-strange\/#breadcrumb"},"inLanguage":"en-US","potentialAction":[{"@type":"ReadAction","target":["https:\/\/repliquemangacine.fr\/soldes\/porte-cles-oeil-dagamotto-dr-strange\/"]}]},{"@type":"ImageObject","inLanguage":"en-US","@id":"https:\/\/repliquemangacine.fr\/soldes\/porte-cles-oeil-dagamotto-dr-strange\/#primaryimage","url":"https:\/\/repliquemangacine.fr\/wp-content\/uploads\/2023\/10\/porte-cle-oeil.jpg","contentUrl":"https:\/\/repliquemangacine.fr\/wp-content\/uploads\/2023\/10\/porte-cle-oeil.jpg","width":800,"height":800,"caption":"Porte cl\u00e9s Oeil d\u2019Agamotto Dr Strange"},{"@type":"BreadcrumbList","@id":"https:\/\/repliquemangacine.fr\/soldes\/porte-cles-oeil-dagamotto-dr-strange\/#breadcrumb","itemListElement":[{"@type":"ListItem","position":1,"name":"Accueil","item":"https:\/\/repliquemangacine.fr\/"},{"@type":"ListItem","position":2,"name":"Produits","item":"https:\/\/repliquemangacine.fr\/boutique\/"},{"@type":"ListItem","position":3,"name":"Porte-cl\u00e9s Oeil d\u2019Agamotto Dr Strange"}]},{"@type":"WebSite","@id":"https:\/\/repliquemangacine.fr\/#website","url":"https:\/\/repliquemangacine.fr\/","name":"R\u00e9plique Manga Cin\u00e9","description":"","publisher":{"@id":"https:\/\/repliquemangacine.fr\/#organization"},"potentialAction":[{"@type":"SearchAction","target":{"@type":"EntryPoint","urlTemplate":"https:\/\/repliquemangacine.fr\/?s={search_term_string}"},"query-input":{"@type":"PropertyValueSpecification","valueRequired":true,"valueName":"search_term_string"}}],"inLanguage":"en-US"},{"@type":"Organization","@id":"https:\/\/repliquemangacine.fr\/#organization","name":"R\u00e9plique Manga Cin\u00e9","url":"https:\/\/repliquemangacine.fr\/","logo":{"@type":"ImageObject","inLanguage":"en-US","@id":"https:\/\/repliquemangacine.fr\/#\/schema\/logo\/image\/","url":"https:\/\/repliquemangacine.fr\/wp-content\/uploads\/2023\/10\/RMC-500250.png","contentUrl":"https:\/\/repliquemangacine.fr\/wp-content\/uploads\/2023\/10\/RMC-500250.png","width":500,"height":250,"caption":"R\u00e9plique Manga Cin\u00e9"},"image":{"@id":"https:\/\/repliquemangacine.fr\/#\/schema\/logo\/image\/"},"sameAs":["https:\/\/www.facebook.com\/RepliqueMangaCine","https:\/\/www.instagram.com\/repliquemangacine.fr\/"]}]}},"_links":{"self":[{"href":"https:\/\/repliquemangacine.fr\/en\/wp-json\/wp\/v2\/product\/41442","targetHints":{"allow":["GET"]}}],"collection":[{"href":"https:\/\/repliquemangacine.fr\/en\/wp-json\/wp\/v2\/product"}],"about":[{"href":"https:\/\/repliquemangacine.fr\/en\/wp-json\/wp\/v2\/types\/product"}],"wp:featuredmedia":[{"embeddable":true,"href":"https:\/\/repliquemangacine.fr\/en\/wp-json\/wp\/v2\/media\/41443"}],"wp:attachment":[{"href":"https:\/\/repliquemangacine.fr\/en\/wp-json\/wp\/v2\/media?parent=41442"}],"wp:term":[{"taxonomy":"product_brand","embeddable":true,"href":"https:\/\/repliquemangacine.fr\/en\/wp-json\/wp\/v2\/product_brand?post=41442"},{"taxonomy":"product_cat","embeddable":true,"href":"https:\/\/repliquemangacine.fr\/en\/wp-json\/wp\/v2\/product_cat?post=41442"},{"taxonomy":"product_tag","embeddable":true,"href":"https:\/\/repliquemangacine.fr\/en\/wp-json\/wp\/v2\/product_tag?post=41442"}],"curies":[{"name":"wp","href":"https:\/\/api.w.org\/{rel}","templated":true}]}}