





{"id":41410,"date":"2021-07-21T18:56:13","date_gmt":"2021-07-21T16:56:13","guid":{"rendered":"https:\/\/repliquemangacine.fr\/?post_type=product&#038;p=41410"},"modified":"2025-09-23T18:02:37","modified_gmt":"2025-09-23T16:02:37","slug":"stormbreaker-key-ring-by-thor","status":"publish","type":"product","link":"https:\/\/repliquemangacine.fr\/en\/porte-cles-goodies\/porte-cles-stormbreaker-de-thor\/","title":{"rendered":"Stormbreaker keyring from Thor"},"content":{"rendered":"<h2>Replica Thor Stormbreaker Metal Keychain.<\/h2>\n<p>The Stormbreaker key ring from <a href=\"https:\/\/universcinematographiquemarvel.fandom.com\/fr\/wiki\/Thor_Odinson\">Thor<\/a>This axe hammer is made entirely of metal.<\/p>\n<p>Stormbreaker is an enchanted axe of dwarven manufacture, forged from Uru on Nidavellir with the ability to summon the Bifrost. After the destruction of Mj\u00f8lnir, the weapon was used by Thor.<\/p>\n<p>The Stormbreaker can be seen in Avengers, Infinity War. But also in the latest film Thor: Love And Thunder.<\/p>\n<p>Stormbreaker is capable of concentrating and enhancing Thor's powers. Due to its Uru composition, the weapon is virtually indestructible and able to withstand the energy blasts created by the Infinity Stones. It can also channel dimensional energy and invoke the Bifrost, enabling Thor to teleport himself, Rocket Raccoon and Groot to Wakanda.<\/p>\n<p>Like Mj\u00f8lnir before it, Stormbreaker will return to Thor's hand when summoned and strike opponents with massive force. It can glow with an otherworldly blue flame that crackles with electricity, and seems to have the ability to move towards a target if Thor so chooses. What's more, the weapon allows the user to fly effortlessly while using it, unlike Mj\u00f8lnir, which required the user to spin it at high speed to lift them off the ground.<\/p>\n<p>Because of its increased size and mass, having both the blade of an axe and the head of a hammer in its construction, as well as an elongated handle allowing the weapon to be wielded with two hands, it is a far more powerful melee weapon than Mj\u00f8lnir. Eitri even went so far as to say that Stormbreaker was supposed to be the most powerful weapon in Asgard's history.<\/p>\n<h3>We offer a wide selection of replicas of your Marvel universe superheroes.<\/h3>\n<p>First and foremost,<\/p>\n<ul>\n<li>Visit <a href=\"https:\/\/repliquemangacine.fr\/en\/super-heroes\/captain-america-shield-keychain\/\">Captain America's shield key ring<\/a> unofficial.<\/li>\n<li>There is also the <a href=\"https:\/\/repliquemangacine.fr\/en\/super-heroes\/marvel-avengers-set-11-pieces\/\">Marvel collector's box set<\/a> of 11 pieces.<\/li>\n<li>As well as the original <a href=\"https:\/\/repliquemangacine.fr\/en\/super-heroes\/thanos-glove-mug-marvel\/\">Thanos glove mug<\/a> in Avengers Endgame.<\/li>\n<li>And much, much more!<\/li>\n<\/ul>\n<p>A great gift idea for all Marvel fans.<\/p>\n<h3>You can also use this Stormbreaker key ring from Thor for your keys.<\/h3>\n<p>Above all, this key ring is also a collector's item.<\/p>\n<p>Enjoy your visit<\/p>\n<p>R\u00e9plique Manga Cin\u00e9 is a French family business.<\/p>","protected":false},"excerpt":{"rendered":"<p>Superb keyring featuring the axe-hammer, the stormbreaker used by Thor in the Avengers.<\/p>\n<ul>\n<li>All in bronze-look aged metal, impeccable finish.<\/li>\n<li>All-steel ring, 3cm diameter.<\/li>\n<li>Delivered in an Avengers blister pack<\/li>\n<li>A must-have for all fans of the Marvel universe!<\/li>\n<li>Hammer length: 6cm - Total length with ring: 12cm - Weight: 15 Grs<\/li>\n<\/ul>","protected":false},"featured_media":41411,"template":"","meta":[],"product_brand":[896],"product_cat":[24,94,96,101,59],"product_tag":[],"class_list":{"0":"post-41410","1":"product","2":"type-product","3":"status-publish","4":"has-post-thumbnail","6":"product_brand-replique-manga-cine","7":"product_cat-films-series-tv-vente-de-katana-epee-et-produits-derives","8":"product_cat-goodies","9":"product_cat-porte-cles-goodies","10":"product_cat-soldes","11":"product_cat-super-heros-marvel","13":"first","14":"instock","15":"sale","16":"taxable","17":"shipping-taxable","18":"purchasable","19":"product-type-simple"},"yoast_head":"<!-- This site is optimized with the Yoast SEO plugin v27.4 - https:\/\/yoast.com\/product\/yoast-seo-wordpress\/ -->\n<title>Porte cl\u00e9s Stormbreaker de Thor-Avengers - R\u00e9plique Manga Cin\u00e9<\/title>\n<meta name=\"description\" content=\"Porte cl\u00e9s Stormbreaker utilis\u00e9 par Thor dans les Avengers. Les fans de l&#039;univers Marvel vont \u00eatre ravis ! Un cadeau utile\" \/>\n<meta name=\"robots\" content=\"index, follow, max-snippet:-1, max-image-preview:large, max-video-preview:-1\" \/>\n<link rel=\"canonical\" href=\"https:\/\/repliquemangacine.fr\/en\/balances\/stormbreaker-key-ring-by-thor\/\" \/>\n<meta property=\"og:locale\" content=\"en_US\" \/>\n<meta property=\"og:type\" content=\"article\" \/>\n<meta property=\"og:title\" content=\"Porte cl\u00e9s Stormbreaker de Thor-Avengers - R\u00e9plique Manga Cin\u00e9\" \/>\n<meta property=\"og:description\" content=\"Porte cl\u00e9s Stormbreaker utilis\u00e9 par Thor dans les Avengers. Les fans de l&#039;univers Marvel vont \u00eatre ravis ! Un cadeau utile\" \/>\n<meta property=\"og:url\" content=\"https:\/\/repliquemangacine.fr\/en\/balances\/stormbreaker-key-ring-by-thor\/\" \/>\n<meta property=\"og:site_name\" content=\"R\u00e9plique Manga Cin\u00e9\" \/>\n<meta property=\"article:publisher\" content=\"https:\/\/www.facebook.com\/RepliqueMangaCine\" \/>\n<meta property=\"article:modified_time\" content=\"2025-09-23T16:02:37+00:00\" \/>\n<meta property=\"og:image\" content=\"https:\/\/repliquemangacine.fr\/wp-content\/uploads\/2023\/10\/porte-cles-marteau-hache.jpg\" \/>\n\t<meta property=\"og:image:width\" content=\"800\" \/>\n\t<meta property=\"og:image:height\" content=\"800\" \/>\n\t<meta property=\"og:image:type\" content=\"image\/jpeg\" \/>\n<meta name=\"twitter:card\" content=\"summary_large_image\" \/>\n<meta name=\"twitter:label1\" content=\"Est. reading time\" \/>\n\t<meta name=\"twitter:data1\" content=\"1 minute\" \/>\n<script type=\"application\/ld+json\" class=\"yoast-schema-graph\">{\"@context\":\"https:\\\/\\\/schema.org\",\"@graph\":[{\"@type\":\"WebPage\",\"@id\":\"https:\\\/\\\/repliquemangacine.fr\\\/soldes\\\/porte-cles-stormbreaker-de-thor\\\/\",\"url\":\"https:\\\/\\\/repliquemangacine.fr\\\/soldes\\\/porte-cles-stormbreaker-de-thor\\\/\",\"name\":\"Porte cl\u00e9s Stormbreaker de Thor-Avengers - R\u00e9plique Manga Cin\u00e9\",\"isPartOf\":{\"@id\":\"https:\\\/\\\/repliquemangacine.fr\\\/#website\"},\"primaryImageOfPage\":{\"@id\":\"https:\\\/\\\/repliquemangacine.fr\\\/soldes\\\/porte-cles-stormbreaker-de-thor\\\/#primaryimage\"},\"image\":{\"@id\":\"https:\\\/\\\/repliquemangacine.fr\\\/soldes\\\/porte-cles-stormbreaker-de-thor\\\/#primaryimage\"},\"thumbnailUrl\":\"https:\\\/\\\/repliquemangacine.fr\\\/wp-content\\\/uploads\\\/2023\\\/10\\\/porte-cles-marteau-hache.jpg\",\"datePublished\":\"2021-07-21T16:56:13+00:00\",\"dateModified\":\"2025-09-23T16:02:37+00:00\",\"description\":\"Porte cl\u00e9s Stormbreaker utilis\u00e9 par Thor dans les Avengers. Les fans de l'univers Marvel vont \u00eatre ravis ! Un cadeau utile\",\"breadcrumb\":{\"@id\":\"https:\\\/\\\/repliquemangacine.fr\\\/soldes\\\/porte-cles-stormbreaker-de-thor\\\/#breadcrumb\"},\"inLanguage\":\"en-US\",\"potentialAction\":[{\"@type\":\"ReadAction\",\"target\":[\"https:\\\/\\\/repliquemangacine.fr\\\/soldes\\\/porte-cles-stormbreaker-de-thor\\\/\"]}]},{\"@type\":\"ImageObject\",\"inLanguage\":\"en-US\",\"@id\":\"https:\\\/\\\/repliquemangacine.fr\\\/soldes\\\/porte-cles-stormbreaker-de-thor\\\/#primaryimage\",\"url\":\"https:\\\/\\\/repliquemangacine.fr\\\/wp-content\\\/uploads\\\/2023\\\/10\\\/porte-cles-marteau-hache.jpg\",\"contentUrl\":\"https:\\\/\\\/repliquemangacine.fr\\\/wp-content\\\/uploads\\\/2023\\\/10\\\/porte-cles-marteau-hache.jpg\",\"width\":800,\"height\":800,\"caption\":\"Porte cl\u00e9s Stormbreaker - Thor\"},{\"@type\":\"BreadcrumbList\",\"@id\":\"https:\\\/\\\/repliquemangacine.fr\\\/soldes\\\/porte-cles-stormbreaker-de-thor\\\/#breadcrumb\",\"itemListElement\":[{\"@type\":\"ListItem\",\"position\":1,\"name\":\"Accueil\",\"item\":\"https:\\\/\\\/repliquemangacine.fr\\\/\"},{\"@type\":\"ListItem\",\"position\":2,\"name\":\"Produits\",\"item\":\"https:\\\/\\\/repliquemangacine.fr\\\/boutique\\\/\"},{\"@type\":\"ListItem\",\"position\":3,\"name\":\"Porte cl\u00e9s Stormbreaker de Thor\"}]},{\"@type\":\"WebSite\",\"@id\":\"https:\\\/\\\/repliquemangacine.fr\\\/#website\",\"url\":\"https:\\\/\\\/repliquemangacine.fr\\\/\",\"name\":\"R\u00e9plique Manga Cin\u00e9\",\"description\":\"\",\"publisher\":{\"@id\":\"https:\\\/\\\/repliquemangacine.fr\\\/#organization\"},\"potentialAction\":[{\"@type\":\"SearchAction\",\"target\":{\"@type\":\"EntryPoint\",\"urlTemplate\":\"https:\\\/\\\/repliquemangacine.fr\\\/?s={search_term_string}\"},\"query-input\":{\"@type\":\"PropertyValueSpecification\",\"valueRequired\":true,\"valueName\":\"search_term_string\"}}],\"inLanguage\":\"en-US\"},{\"@type\":\"Organization\",\"@id\":\"https:\\\/\\\/repliquemangacine.fr\\\/#organization\",\"name\":\"R\u00e9plique Manga Cin\u00e9\",\"url\":\"https:\\\/\\\/repliquemangacine.fr\\\/\",\"logo\":{\"@type\":\"ImageObject\",\"inLanguage\":\"en-US\",\"@id\":\"https:\\\/\\\/repliquemangacine.fr\\\/#\\\/schema\\\/logo\\\/image\\\/\",\"url\":\"https:\\\/\\\/repliquemangacine.fr\\\/wp-content\\\/uploads\\\/2023\\\/10\\\/RMC-500250.png\",\"contentUrl\":\"https:\\\/\\\/repliquemangacine.fr\\\/wp-content\\\/uploads\\\/2023\\\/10\\\/RMC-500250.png\",\"width\":500,\"height\":250,\"caption\":\"R\u00e9plique Manga Cin\u00e9\"},\"image\":{\"@id\":\"https:\\\/\\\/repliquemangacine.fr\\\/#\\\/schema\\\/logo\\\/image\\\/\"},\"sameAs\":[\"https:\\\/\\\/www.facebook.com\\\/RepliqueMangaCine\",\"https:\\\/\\\/www.instagram.com\\\/repliquemangacine.fr\\\/\"]}]}<\/script>\n<!-- \/ Yoast SEO plugin. -->","yoast_head_json":{"title":"Stormbreaker key ring from Thor-Avengers - R\u00e9plique Manga Cin\u00e9","description":"Stormbreaker keyring used by Thor in the Avengers. Fans of the Marvel universe will be thrilled! A useful gift","robots":{"index":"index","follow":"follow","max-snippet":"max-snippet:-1","max-image-preview":"max-image-preview:large","max-video-preview":"max-video-preview:-1"},"canonical":"https:\/\/repliquemangacine.fr\/en\/balances\/stormbreaker-key-ring-by-thor\/","og_locale":"en_US","og_type":"article","og_title":"Porte cl\u00e9s Stormbreaker de Thor-Avengers - R\u00e9plique Manga Cin\u00e9","og_description":"Porte cl\u00e9s Stormbreaker utilis\u00e9 par Thor dans les Avengers. Les fans de l'univers Marvel vont \u00eatre ravis ! Un cadeau utile","og_url":"https:\/\/repliquemangacine.fr\/en\/balances\/stormbreaker-key-ring-by-thor\/","og_site_name":"R\u00e9plique Manga Cin\u00e9","article_publisher":"https:\/\/www.facebook.com\/RepliqueMangaCine","article_modified_time":"2025-09-23T16:02:37+00:00","og_image":[{"width":800,"height":800,"url":"https:\/\/repliquemangacine.fr\/wp-content\/uploads\/2023\/10\/porte-cles-marteau-hache.jpg","type":"image\/jpeg"}],"twitter_card":"summary_large_image","twitter_misc":{"Est. reading time":"1 minute"},"schema":{"@context":"https:\/\/schema.org","@graph":[{"@type":"WebPage","@id":"https:\/\/repliquemangacine.fr\/soldes\/porte-cles-stormbreaker-de-thor\/","url":"https:\/\/repliquemangacine.fr\/soldes\/porte-cles-stormbreaker-de-thor\/","name":"Stormbreaker key ring from Thor-Avengers - R\u00e9plique Manga Cin\u00e9","isPartOf":{"@id":"https:\/\/repliquemangacine.fr\/#website"},"primaryImageOfPage":{"@id":"https:\/\/repliquemangacine.fr\/soldes\/porte-cles-stormbreaker-de-thor\/#primaryimage"},"image":{"@id":"https:\/\/repliquemangacine.fr\/soldes\/porte-cles-stormbreaker-de-thor\/#primaryimage"},"thumbnailUrl":"https:\/\/repliquemangacine.fr\/wp-content\/uploads\/2023\/10\/porte-cles-marteau-hache.jpg","datePublished":"2021-07-21T16:56:13+00:00","dateModified":"2025-09-23T16:02:37+00:00","description":"Stormbreaker keyring used by Thor in the Avengers. Fans of the Marvel universe will be thrilled! A useful gift","breadcrumb":{"@id":"https:\/\/repliquemangacine.fr\/soldes\/porte-cles-stormbreaker-de-thor\/#breadcrumb"},"inLanguage":"en-US","potentialAction":[{"@type":"ReadAction","target":["https:\/\/repliquemangacine.fr\/soldes\/porte-cles-stormbreaker-de-thor\/"]}]},{"@type":"ImageObject","inLanguage":"en-US","@id":"https:\/\/repliquemangacine.fr\/soldes\/porte-cles-stormbreaker-de-thor\/#primaryimage","url":"https:\/\/repliquemangacine.fr\/wp-content\/uploads\/2023\/10\/porte-cles-marteau-hache.jpg","contentUrl":"https:\/\/repliquemangacine.fr\/wp-content\/uploads\/2023\/10\/porte-cles-marteau-hache.jpg","width":800,"height":800,"caption":"Porte cl\u00e9s Stormbreaker - Thor"},{"@type":"BreadcrumbList","@id":"https:\/\/repliquemangacine.fr\/soldes\/porte-cles-stormbreaker-de-thor\/#breadcrumb","itemListElement":[{"@type":"ListItem","position":1,"name":"Accueil","item":"https:\/\/repliquemangacine.fr\/"},{"@type":"ListItem","position":2,"name":"Produits","item":"https:\/\/repliquemangacine.fr\/boutique\/"},{"@type":"ListItem","position":3,"name":"Porte cl\u00e9s Stormbreaker de Thor"}]},{"@type":"WebSite","@id":"https:\/\/repliquemangacine.fr\/#website","url":"https:\/\/repliquemangacine.fr\/","name":"R\u00e9plique Manga Cin\u00e9","description":"","publisher":{"@id":"https:\/\/repliquemangacine.fr\/#organization"},"potentialAction":[{"@type":"SearchAction","target":{"@type":"EntryPoint","urlTemplate":"https:\/\/repliquemangacine.fr\/?s={search_term_string}"},"query-input":{"@type":"PropertyValueSpecification","valueRequired":true,"valueName":"search_term_string"}}],"inLanguage":"en-US"},{"@type":"Organization","@id":"https:\/\/repliquemangacine.fr\/#organization","name":"R\u00e9plique Manga Cin\u00e9","url":"https:\/\/repliquemangacine.fr\/","logo":{"@type":"ImageObject","inLanguage":"en-US","@id":"https:\/\/repliquemangacine.fr\/#\/schema\/logo\/image\/","url":"https:\/\/repliquemangacine.fr\/wp-content\/uploads\/2023\/10\/RMC-500250.png","contentUrl":"https:\/\/repliquemangacine.fr\/wp-content\/uploads\/2023\/10\/RMC-500250.png","width":500,"height":250,"caption":"R\u00e9plique Manga Cin\u00e9"},"image":{"@id":"https:\/\/repliquemangacine.fr\/#\/schema\/logo\/image\/"},"sameAs":["https:\/\/www.facebook.com\/RepliqueMangaCine","https:\/\/www.instagram.com\/repliquemangacine.fr\/"]}]}},"_links":{"self":[{"href":"https:\/\/repliquemangacine.fr\/en\/wp-json\/wp\/v2\/product\/41410","targetHints":{"allow":["GET"]}}],"collection":[{"href":"https:\/\/repliquemangacine.fr\/en\/wp-json\/wp\/v2\/product"}],"about":[{"href":"https:\/\/repliquemangacine.fr\/en\/wp-json\/wp\/v2\/types\/product"}],"wp:featuredmedia":[{"embeddable":true,"href":"https:\/\/repliquemangacine.fr\/en\/wp-json\/wp\/v2\/media\/41411"}],"wp:attachment":[{"href":"https:\/\/repliquemangacine.fr\/en\/wp-json\/wp\/v2\/media?parent=41410"}],"wp:term":[{"taxonomy":"product_brand","embeddable":true,"href":"https:\/\/repliquemangacine.fr\/en\/wp-json\/wp\/v2\/product_brand?post=41410"},{"taxonomy":"product_cat","embeddable":true,"href":"https:\/\/repliquemangacine.fr\/en\/wp-json\/wp\/v2\/product_cat?post=41410"},{"taxonomy":"product_tag","embeddable":true,"href":"https:\/\/repliquemangacine.fr\/en\/wp-json\/wp\/v2\/product_tag?post=41410"}],"curies":[{"name":"wp","href":"https:\/\/api.w.org\/{rel}","templated":true}]}}