





{"id":41339,"date":"2021-07-20T13:50:11","date_gmt":"2021-07-20T11:50:11","guid":{"rendered":"https:\/\/repliquemangacine.fr\/?post_type=product&#038;p=41339"},"modified":"2025-11-07T15:57:39","modified_gmt":"2025-11-07T14:57:39","slug":"thanos-glove-mug-marvel","status":"publish","type":"product","link":"https:\/\/repliquemangacine.fr\/en\/mugs-manga\/mug-gant-de-thanos-marvel\/","title":{"rendered":"Marvel Thanos Mug"},"content":{"rendered":"<h2>Ceramic Thanos Glove mug from the Marvel universe.<\/h2>\n<p>The Thanos Glove Mug is all ceramic, with infinity stones in every color.<\/p>\n<p>Thanos is a super villain from the Marvel Universe, nicknamed the Mad Titan.<\/p>\n<p>Considered by everyone to be the ultimate personification of sadism, <a href=\"https:\/\/universcinematographiquemarvel.fandom.com\/fr\/wiki\/Thanos#Personnalit\u00e9\">Thanos<\/a> is in reality a tortured soul with a traumatic past. Extremely confident and arrogant, he seemed almost impossible to intimidate. Despite Thanos's cruelty, he was not without compassion, especially towards children.<\/p>\n<p>Thanos is an immensely powerful Titan, feared throughout the galaxy as one of the most powerful beings in the universe. He can easily fight off other powerful beings such as Thor and the Hulk. Even Thor has recognized that he needs Stormbreaker if he is to face Thanos, as fighting him without it would be suicidal.<\/p>\n<p>Finally, defeated by Iron Man, Thanos sees death smile upon him. Visibly distraught, Thanos finds solace in the sunrise. He enjoys it unashamedly, accepting his defeat and his fate with dignity.<\/p>\n<h3>We offer a wide selection of replicas from the Marvel universe.<\/h3>\n<p>First and foremost,<\/p>\n<ul>\n<li>L'<a href=\"https:\/\/repliquemangacine.fr\/en\/super-heroes\/double-epee-de-thanos-avengers-endgame\/\">double-bladed sword<\/a> of the mighty fiberglass Thanos.<\/li>\n<li>Then the <a href=\"https:\/\/repliquemangacine.fr\/en\/super-heroes\/marteau-de-thor-mjoellnir-en-metal-avec-base\/\">Thor's hammer Mj\u00f6llnir<\/a> in its deluxe all-metal version and presentation base, is also available in resin.<\/li>\n<li>There is also the famous <a href=\"https:\/\/repliquemangacine.fr\/en\/super-heroes\/captain-america-shield-deluxe-version\/\">Captain America's shield<\/a> all-metal 1\/1 scale.<\/li>\n<li>As well as the replica of Dr Strange's amulet pendant the<a href=\"https:\/\/repliquemangacine.fr\/en\/super-heroes\/oeil-dagamotto-pendant-amulet-dr-strange\/\">Eye of Agamotto<\/a> in Avengers.<\/li>\n<li>And much, much more!<\/li>\n<\/ul>\n<p>Here's a great gift idea for all Marvel superhero fans!<\/p>\n<h3>You can use the Thanos Glove Mug in everyday life.<\/h3>\n<p>Above all, this mug is a collector's item and a decorative piece.<\/p>","protected":false},"excerpt":{"rendered":"<p>Exclusively for R\u00e9plique Manga Cin\u00e9!<\/p>\n<ul>\n<li>Superb ceramic mug in the shape of Thanos' glove with its infinity stones in all colors.<\/li>\n<li>Wide handle for a secure grip.<\/li>\n<li>Comes in an Avengers-coloured box.<\/li>\n<li>A true marvel for fans!<\/li>\n<li>Mug height: 11cm - Width with handle: 16.5cm - Diameter: 8.5cm - Weight: 565 grs<\/li>\n<\/ul>","protected":false},"featured_media":41340,"template":"","meta":[],"product_brand":[896],"product_cat":[24,94,95,101,59],"product_tag":[],"class_list":{"0":"post-41339","1":"product","2":"type-product","3":"status-publish","4":"has-post-thumbnail","6":"product_brand-replique-manga-cine","7":"product_cat-films-series-tv-vente-de-katana-epee-et-produits-derives","8":"product_cat-goodies","9":"product_cat-mugs-manga","10":"product_cat-soldes","11":"product_cat-super-heros-marvel","13":"first","14":"instock","15":"sale","16":"taxable","17":"shipping-taxable","18":"purchasable","19":"product-type-simple"},"yoast_head":"<!-- This site is optimized with the Yoast SEO plugin v27.5 - https:\/\/yoast.com\/product\/yoast-seo-wordpress\/ -->\n<title>Mug Gant de Thanos- Avengers Infinity War - R\u00e9plique Manga Cin\u00e9<\/title>\n<meta name=\"description\" content=\"Magnifique Mug Gant de Thanos en c\u00e9ramic et pierre de l&#039;infinity de chez Marvel. Cette tasse de collection vous ira a ravir !\" \/>\n<meta name=\"robots\" content=\"index, follow, max-snippet:-1, max-image-preview:large, max-video-preview:-1\" \/>\n<link rel=\"canonical\" href=\"https:\/\/repliquemangacine.fr\/en\/balances\/thanos-glove-mug-marvel\/\" \/>\n<meta property=\"og:locale\" content=\"en_US\" \/>\n<meta property=\"og:type\" content=\"article\" \/>\n<meta property=\"og:title\" content=\"Mug Gant de Thanos- Avengers Infinity War - R\u00e9plique Manga Cin\u00e9\" \/>\n<meta property=\"og:description\" content=\"Magnifique Mug Gant de Thanos en c\u00e9ramic et pierre de l&#039;infinity de chez Marvel. Cette tasse de collection vous ira a ravir !\" \/>\n<meta property=\"og:url\" content=\"https:\/\/repliquemangacine.fr\/en\/balances\/thanos-glove-mug-marvel\/\" \/>\n<meta property=\"og:site_name\" content=\"R\u00e9plique Manga Cin\u00e9\" \/>\n<meta property=\"article:publisher\" content=\"https:\/\/www.facebook.com\/RepliqueMangaCine\" \/>\n<meta property=\"article:modified_time\" content=\"2025-11-07T14:57:39+00:00\" \/>\n<meta property=\"og:image\" content=\"https:\/\/repliquemangacine.fr\/wp-content\/uploads\/2023\/10\/tasse-thanos.jpg\" \/>\n\t<meta property=\"og:image:width\" content=\"800\" \/>\n\t<meta property=\"og:image:height\" content=\"800\" \/>\n\t<meta property=\"og:image:type\" content=\"image\/jpeg\" \/>\n<meta name=\"twitter:card\" content=\"summary_large_image\" \/>\n<meta name=\"twitter:label1\" content=\"Est. reading time\" \/>\n\t<meta name=\"twitter:data1\" content=\"1 minute\" \/>\n<script type=\"application\/ld+json\" class=\"yoast-schema-graph\">{\"@context\":\"https:\\\/\\\/schema.org\",\"@graph\":[{\"@type\":\"WebPage\",\"@id\":\"https:\\\/\\\/repliquemangacine.fr\\\/soldes\\\/mug-gant-de-thanos-marvel\\\/\",\"url\":\"https:\\\/\\\/repliquemangacine.fr\\\/soldes\\\/mug-gant-de-thanos-marvel\\\/\",\"name\":\"Mug Gant de Thanos- Avengers Infinity War - R\u00e9plique Manga Cin\u00e9\",\"isPartOf\":{\"@id\":\"https:\\\/\\\/repliquemangacine.fr\\\/#website\"},\"primaryImageOfPage\":{\"@id\":\"https:\\\/\\\/repliquemangacine.fr\\\/soldes\\\/mug-gant-de-thanos-marvel\\\/#primaryimage\"},\"image\":{\"@id\":\"https:\\\/\\\/repliquemangacine.fr\\\/soldes\\\/mug-gant-de-thanos-marvel\\\/#primaryimage\"},\"thumbnailUrl\":\"https:\\\/\\\/repliquemangacine.fr\\\/wp-content\\\/uploads\\\/2023\\\/10\\\/tasse-thanos.jpg\",\"datePublished\":\"2021-07-20T11:50:11+00:00\",\"dateModified\":\"2025-11-07T14:57:39+00:00\",\"description\":\"Magnifique Mug Gant de Thanos en c\u00e9ramic et pierre de l'infinity de chez Marvel. Cette tasse de collection vous ira a ravir !\",\"breadcrumb\":{\"@id\":\"https:\\\/\\\/repliquemangacine.fr\\\/soldes\\\/mug-gant-de-thanos-marvel\\\/#breadcrumb\"},\"inLanguage\":\"en-US\",\"potentialAction\":[{\"@type\":\"ReadAction\",\"target\":[\"https:\\\/\\\/repliquemangacine.fr\\\/soldes\\\/mug-gant-de-thanos-marvel\\\/\"]}]},{\"@type\":\"ImageObject\",\"inLanguage\":\"en-US\",\"@id\":\"https:\\\/\\\/repliquemangacine.fr\\\/soldes\\\/mug-gant-de-thanos-marvel\\\/#primaryimage\",\"url\":\"https:\\\/\\\/repliquemangacine.fr\\\/wp-content\\\/uploads\\\/2023\\\/10\\\/tasse-thanos.jpg\",\"contentUrl\":\"https:\\\/\\\/repliquemangacine.fr\\\/wp-content\\\/uploads\\\/2023\\\/10\\\/tasse-thanos.jpg\",\"width\":800,\"height\":800,\"caption\":\"Mug gant de thanos Marvel\"},{\"@type\":\"BreadcrumbList\",\"@id\":\"https:\\\/\\\/repliquemangacine.fr\\\/soldes\\\/mug-gant-de-thanos-marvel\\\/#breadcrumb\",\"itemListElement\":[{\"@type\":\"ListItem\",\"position\":1,\"name\":\"Accueil\",\"item\":\"https:\\\/\\\/repliquemangacine.fr\\\/\"},{\"@type\":\"ListItem\",\"position\":2,\"name\":\"Produits\",\"item\":\"https:\\\/\\\/repliquemangacine.fr\\\/boutique\\\/\"},{\"@type\":\"ListItem\",\"position\":3,\"name\":\"Mug Gant de Thanos Marvel\"}]},{\"@type\":\"WebSite\",\"@id\":\"https:\\\/\\\/repliquemangacine.fr\\\/#website\",\"url\":\"https:\\\/\\\/repliquemangacine.fr\\\/\",\"name\":\"R\u00e9plique Manga Cin\u00e9\",\"description\":\"\",\"publisher\":{\"@id\":\"https:\\\/\\\/repliquemangacine.fr\\\/#organization\"},\"potentialAction\":[{\"@type\":\"SearchAction\",\"target\":{\"@type\":\"EntryPoint\",\"urlTemplate\":\"https:\\\/\\\/repliquemangacine.fr\\\/?s={search_term_string}\"},\"query-input\":{\"@type\":\"PropertyValueSpecification\",\"valueRequired\":true,\"valueName\":\"search_term_string\"}}],\"inLanguage\":\"en-US\"},{\"@type\":\"Organization\",\"@id\":\"https:\\\/\\\/repliquemangacine.fr\\\/#organization\",\"name\":\"R\u00e9plique Manga Cin\u00e9\",\"url\":\"https:\\\/\\\/repliquemangacine.fr\\\/\",\"logo\":{\"@type\":\"ImageObject\",\"inLanguage\":\"en-US\",\"@id\":\"https:\\\/\\\/repliquemangacine.fr\\\/#\\\/schema\\\/logo\\\/image\\\/\",\"url\":\"https:\\\/\\\/repliquemangacine.fr\\\/wp-content\\\/uploads\\\/2023\\\/10\\\/RMC-500250.png\",\"contentUrl\":\"https:\\\/\\\/repliquemangacine.fr\\\/wp-content\\\/uploads\\\/2023\\\/10\\\/RMC-500250.png\",\"width\":500,\"height\":250,\"caption\":\"R\u00e9plique Manga Cin\u00e9\"},\"image\":{\"@id\":\"https:\\\/\\\/repliquemangacine.fr\\\/#\\\/schema\\\/logo\\\/image\\\/\"},\"sameAs\":[\"https:\\\/\\\/www.facebook.com\\\/RepliqueMangaCine\",\"https:\\\/\\\/www.instagram.com\\\/repliquemangacine.fr\\\/\"]}]}<\/script>\n<!-- \/ Yoast SEO plugin. -->","yoast_head_json":{"title":"Thanos Glove Mug - Avengers Infinity War - R\u00e9plique Manga Cin\u00e9","description":"Magnificent Thanos Glove Mug in ceramic and Marvel Infinity Stone. This collector's mug will fit you like a glove!","robots":{"index":"index","follow":"follow","max-snippet":"max-snippet:-1","max-image-preview":"max-image-preview:large","max-video-preview":"max-video-preview:-1"},"canonical":"https:\/\/repliquemangacine.fr\/en\/balances\/thanos-glove-mug-marvel\/","og_locale":"en_US","og_type":"article","og_title":"Mug Gant de Thanos- Avengers Infinity War - R\u00e9plique Manga Cin\u00e9","og_description":"Magnifique Mug Gant de Thanos en c\u00e9ramic et pierre de l'infinity de chez Marvel. Cette tasse de collection vous ira a ravir !","og_url":"https:\/\/repliquemangacine.fr\/en\/balances\/thanos-glove-mug-marvel\/","og_site_name":"R\u00e9plique Manga Cin\u00e9","article_publisher":"https:\/\/www.facebook.com\/RepliqueMangaCine","article_modified_time":"2025-11-07T14:57:39+00:00","og_image":[{"width":800,"height":800,"url":"https:\/\/repliquemangacine.fr\/wp-content\/uploads\/2023\/10\/tasse-thanos.jpg","type":"image\/jpeg"}],"twitter_card":"summary_large_image","twitter_misc":{"Est. reading time":"1 minute"},"schema":{"@context":"https:\/\/schema.org","@graph":[{"@type":"WebPage","@id":"https:\/\/repliquemangacine.fr\/soldes\/mug-gant-de-thanos-marvel\/","url":"https:\/\/repliquemangacine.fr\/soldes\/mug-gant-de-thanos-marvel\/","name":"Thanos Glove Mug - Avengers Infinity War - R\u00e9plique Manga Cin\u00e9","isPartOf":{"@id":"https:\/\/repliquemangacine.fr\/#website"},"primaryImageOfPage":{"@id":"https:\/\/repliquemangacine.fr\/soldes\/mug-gant-de-thanos-marvel\/#primaryimage"},"image":{"@id":"https:\/\/repliquemangacine.fr\/soldes\/mug-gant-de-thanos-marvel\/#primaryimage"},"thumbnailUrl":"https:\/\/repliquemangacine.fr\/wp-content\/uploads\/2023\/10\/tasse-thanos.jpg","datePublished":"2021-07-20T11:50:11+00:00","dateModified":"2025-11-07T14:57:39+00:00","description":"Magnificent Thanos Glove Mug in ceramic and Marvel Infinity Stone. This collector's mug will fit you like a glove!","breadcrumb":{"@id":"https:\/\/repliquemangacine.fr\/soldes\/mug-gant-de-thanos-marvel\/#breadcrumb"},"inLanguage":"en-US","potentialAction":[{"@type":"ReadAction","target":["https:\/\/repliquemangacine.fr\/soldes\/mug-gant-de-thanos-marvel\/"]}]},{"@type":"ImageObject","inLanguage":"en-US","@id":"https:\/\/repliquemangacine.fr\/soldes\/mug-gant-de-thanos-marvel\/#primaryimage","url":"https:\/\/repliquemangacine.fr\/wp-content\/uploads\/2023\/10\/tasse-thanos.jpg","contentUrl":"https:\/\/repliquemangacine.fr\/wp-content\/uploads\/2023\/10\/tasse-thanos.jpg","width":800,"height":800,"caption":"Mug gant de thanos Marvel"},{"@type":"BreadcrumbList","@id":"https:\/\/repliquemangacine.fr\/soldes\/mug-gant-de-thanos-marvel\/#breadcrumb","itemListElement":[{"@type":"ListItem","position":1,"name":"Accueil","item":"https:\/\/repliquemangacine.fr\/"},{"@type":"ListItem","position":2,"name":"Produits","item":"https:\/\/repliquemangacine.fr\/boutique\/"},{"@type":"ListItem","position":3,"name":"Mug Gant de Thanos Marvel"}]},{"@type":"WebSite","@id":"https:\/\/repliquemangacine.fr\/#website","url":"https:\/\/repliquemangacine.fr\/","name":"R\u00e9plique Manga Cin\u00e9","description":"","publisher":{"@id":"https:\/\/repliquemangacine.fr\/#organization"},"potentialAction":[{"@type":"SearchAction","target":{"@type":"EntryPoint","urlTemplate":"https:\/\/repliquemangacine.fr\/?s={search_term_string}"},"query-input":{"@type":"PropertyValueSpecification","valueRequired":true,"valueName":"search_term_string"}}],"inLanguage":"en-US"},{"@type":"Organization","@id":"https:\/\/repliquemangacine.fr\/#organization","name":"R\u00e9plique Manga Cin\u00e9","url":"https:\/\/repliquemangacine.fr\/","logo":{"@type":"ImageObject","inLanguage":"en-US","@id":"https:\/\/repliquemangacine.fr\/#\/schema\/logo\/image\/","url":"https:\/\/repliquemangacine.fr\/wp-content\/uploads\/2023\/10\/RMC-500250.png","contentUrl":"https:\/\/repliquemangacine.fr\/wp-content\/uploads\/2023\/10\/RMC-500250.png","width":500,"height":250,"caption":"R\u00e9plique Manga Cin\u00e9"},"image":{"@id":"https:\/\/repliquemangacine.fr\/#\/schema\/logo\/image\/"},"sameAs":["https:\/\/www.facebook.com\/RepliqueMangaCine","https:\/\/www.instagram.com\/repliquemangacine.fr\/"]}]}},"_links":{"self":[{"href":"https:\/\/repliquemangacine.fr\/en\/wp-json\/wp\/v2\/product\/41339","targetHints":{"allow":["GET"]}}],"collection":[{"href":"https:\/\/repliquemangacine.fr\/en\/wp-json\/wp\/v2\/product"}],"about":[{"href":"https:\/\/repliquemangacine.fr\/en\/wp-json\/wp\/v2\/types\/product"}],"wp:featuredmedia":[{"embeddable":true,"href":"https:\/\/repliquemangacine.fr\/en\/wp-json\/wp\/v2\/media\/41340"}],"wp:attachment":[{"href":"https:\/\/repliquemangacine.fr\/en\/wp-json\/wp\/v2\/media?parent=41339"}],"wp:term":[{"taxonomy":"product_brand","embeddable":true,"href":"https:\/\/repliquemangacine.fr\/en\/wp-json\/wp\/v2\/product_brand?post=41339"},{"taxonomy":"product_cat","embeddable":true,"href":"https:\/\/repliquemangacine.fr\/en\/wp-json\/wp\/v2\/product_cat?post=41339"},{"taxonomy":"product_tag","embeddable":true,"href":"https:\/\/repliquemangacine.fr\/en\/wp-json\/wp\/v2\/product_tag?post=41339"}],"curies":[{"name":"wp","href":"https:\/\/api.w.org\/{rel}","templated":true}]}}