





{"id":41084,"date":"2021-07-07T20:25:16","date_gmt":"2021-07-07T18:25:16","guid":{"rendered":"https:\/\/repliquemangacine.fr\/?post_type=product&#038;p=41084"},"modified":"2025-09-23T18:02:36","modified_gmt":"2025-09-23T16:02:36","slug":"lizs-sword-in-seven-deadly-sins","status":"publish","type":"product","link":"https:\/\/repliquemangacine.fr\/en\/epees-seven-deadly-sins\/epee-de-liz-dans-seven-deadly-sins\/","title":{"rendered":"LIZ SWORD SEVEN DEADLY SINS"},"content":{"rendered":"<h2>Liz's sword Seven Deadly Sins<\/h2>\n<p>To begin with, the<strong>Liz's sword<\/strong> appears to be relatively ordinary, but by wielding it, Meliodas increases its capacity exponentially.<\/p>\n<p>His encounter with Meliodas, a boy of exceptional strength, and Hawk, his pig, marks the beginning of a quest full of twists and turns, where magic and combat are the order of the day!<\/p>\n<p><a href=\"https:\/\/seven-deadly-sins.fandom.com\/fr\/wiki\/Meliodas#Armes\" target=\"_blank\" rel=\"noopener noreferrer\">Meliodas<\/a> is the Dragon of Wrath who leads the Seven Deadly Sins. He is the main protagonist of the series, owner of the famous Boar Hat tavern. His Sacred Treasure is the Lostvayne Demon Slasher and his main skill is Total Counter.<\/p>\n<p>Liz's Sword was originally a gift from Liz to Meliodas, but Meliodas refused it. During the battle against Dale (in demon form), Elizabeth again offers the sword to Meliodas, this time he accepts it.<\/p>\n<h2>Your Sword of Liz in Seven Deadly Sins at the best price<\/h2>\n<p>We offer a wide selection of Nanatsu no Taizai replicas.<\/p>\n<p>First and foremost,<\/p>\n<ul>\n<li>L'<a href=\"https:\/\/repliquemangacine.fr\/en\/other-manga\/meliodas-dragon-sword\/\">dragon's sword<\/a> or the broken sword of Meliodas in the manga Seven Deadly Sins.<\/li>\n<li>There is also a replica of the<a href=\"https:\/\/repliquemangacine.fr\/en\/other-manga\/meliodas-sword-sacred-treasure-lostvayne\/\">sword sacred treasure of Meliodas<\/a>.<\/li>\n<li>As well as the <a href=\"https:\/\/repliquemangacine.fr\/en\/various-goodies\/mousepad-60-x-40-the-seven-deadly\/\">Seven Deadly Sins mouse pads<\/a> ( Nanatsu no taizai).<\/li>\n<li>And much more to discover in our online store!<\/li>\n<\/ul>\n<p>So here are some great gift ideas for all fans of the anime manga.<\/p>\n<p>In conclusion, you can use<strong>Liz's sword<\/strong> for your Cosplay parades. But above all, this sword is a collector's item and a decoration.<\/p>\n<h2>How to maintain the blade of your Seven Deadly Sins sword?<\/h2>\n<p>Collector's and decorative swords are made and assembled in a simplified way. As their use is decorative, they lack the safety features required of a Japanese sword intended for training.<\/p>\n<p>However, your <strong>Liz's sword<\/strong> to a steel blade that needs to be cared for to avoid damage over time. In fact, when you display your katana, your friends will be curious to see and touch the blade. This is where you need to be careful, as the acidity of your fingers is very harmful to steel, whatever its quality.<\/p>\n<p>However, if this does happen, don't panic - all you need is a cloth dampened with a little oil and a wipe of fingerprints. By doing so, you'll keep your sword looking its best for a very long time.<\/p>\n<p><strong>\u00a0<\/strong><\/p>","protected":false},"excerpt":{"rendered":"<p>Replica of Liz's sword given to Meliodas.<\/p>\n<ul>\n<li>440 steel blade with engraving along the entire length.<\/li>\n<li>Decorated metal hilt and pommel.<\/li>\n<li>Red ABS handle.<\/li>\n<li>Black wooden scabbard.<\/li>\n<li>Total length: 82 cm - Blade length: 41 cm - Weight: 1800 grs<\/li>\n<\/ul>","protected":false},"featured_media":41085,"template":"","meta":[],"product_brand":[896],"product_cat":[23,110],"product_tag":[],"class_list":{"0":"post-41084","1":"product","2":"type-product","3":"status-publish","4":"has-post-thumbnail","6":"product_brand-replique-manga-cine","7":"product_cat-repliques-manga-jeux-video","8":"product_cat-epees-seven-deadly-sins","10":"first","11":"instock","12":"sale","13":"taxable","14":"shipping-taxable","15":"purchasable","16":"product-type-simple"},"yoast_head":"<!-- This site is optimized with the Yoast SEO plugin v27.4 - https:\/\/yoast.com\/product\/yoast-seo-wordpress\/ -->\n<title>Ep\u00e9e de Liz - Seven Deadly Sins - R\u00e9plique Manga Cin\u00e9<\/title>\n<meta name=\"description\" content=\"Commandez vite ! Cette superbe r\u00e9plique de l&#039; Ep\u00e9e de Liz donn\u00e9e \u00e0 Meliodas dans Seven Deadly Sins. Lame en acier avec gravure, garde m\u00e9tal...\" \/>\n<meta name=\"robots\" content=\"index, follow, max-snippet:-1, max-image-preview:large, max-video-preview:-1\" \/>\n<link rel=\"canonical\" href=\"https:\/\/repliquemangacine.fr\/en\/seven-deadly-sins-swords\/lizs-sword-in-seven-deadly-sins\/\" \/>\n<meta property=\"og:locale\" content=\"en_US\" \/>\n<meta property=\"og:type\" content=\"article\" \/>\n<meta property=\"og:title\" content=\"Ep\u00e9e de Liz - Seven Deadly Sins - R\u00e9plique Manga Cin\u00e9\" \/>\n<meta property=\"og:description\" content=\"Commandez vite ! Cette superbe r\u00e9plique de l&#039; Ep\u00e9e de Liz donn\u00e9e \u00e0 Meliodas dans Seven Deadly Sins. Lame en acier avec gravure, garde m\u00e9tal...\" \/>\n<meta property=\"og:url\" content=\"https:\/\/repliquemangacine.fr\/en\/seven-deadly-sins-swords\/lizs-sword-in-seven-deadly-sins\/\" \/>\n<meta property=\"og:site_name\" content=\"R\u00e9plique Manga Cin\u00e9\" \/>\n<meta property=\"article:publisher\" content=\"https:\/\/www.facebook.com\/RepliqueMangaCine\" \/>\n<meta property=\"article:modified_time\" content=\"2025-09-23T16:02:36+00:00\" \/>\n<meta property=\"og:image\" content=\"https:\/\/repliquemangacine.fr\/wp-content\/uploads\/2023\/10\/epee-de-liz-4.jpg\" \/>\n\t<meta property=\"og:image:width\" content=\"800\" \/>\n\t<meta property=\"og:image:height\" content=\"800\" \/>\n\t<meta property=\"og:image:type\" content=\"image\/jpeg\" \/>\n<meta name=\"twitter:card\" content=\"summary_large_image\" \/>\n<meta name=\"twitter:label1\" content=\"Est. reading time\" \/>\n\t<meta name=\"twitter:data1\" content=\"1 minute\" \/>\n<script type=\"application\/ld+json\" class=\"yoast-schema-graph\">{\"@context\":\"https:\\\/\\\/schema.org\",\"@graph\":[{\"@type\":\"WebPage\",\"@id\":\"https:\\\/\\\/repliquemangacine.fr\\\/de\\\/epees-seven-deadly-sins\\\/liz-schwert-in-seven-deadly-sins\\\/\",\"url\":\"https:\\\/\\\/repliquemangacine.fr\\\/de\\\/epees-seven-deadly-sins\\\/liz-schwert-in-seven-deadly-sins\\\/\",\"name\":\"Ep\u00e9e de Liz - Seven Deadly Sins - R\u00e9plique Manga Cin\u00e9\",\"isPartOf\":{\"@id\":\"https:\\\/\\\/repliquemangacine.fr\\\/#website\"},\"primaryImageOfPage\":{\"@id\":\"https:\\\/\\\/repliquemangacine.fr\\\/de\\\/epees-seven-deadly-sins\\\/liz-schwert-in-seven-deadly-sins\\\/#primaryimage\"},\"image\":{\"@id\":\"https:\\\/\\\/repliquemangacine.fr\\\/de\\\/epees-seven-deadly-sins\\\/liz-schwert-in-seven-deadly-sins\\\/#primaryimage\"},\"thumbnailUrl\":\"https:\\\/\\\/repliquemangacine.fr\\\/wp-content\\\/uploads\\\/2023\\\/10\\\/epee-de-liz-4.jpg\",\"datePublished\":\"2021-07-07T18:25:16+00:00\",\"dateModified\":\"2025-09-23T16:02:36+00:00\",\"description\":\"Commandez vite ! Cette superbe r\u00e9plique de l' Ep\u00e9e de Liz donn\u00e9e \u00e0 Meliodas dans Seven Deadly Sins. Lame en acier avec gravure, garde m\u00e9tal...\",\"breadcrumb\":{\"@id\":\"https:\\\/\\\/repliquemangacine.fr\\\/de\\\/epees-seven-deadly-sins\\\/liz-schwert-in-seven-deadly-sins\\\/#breadcrumb\"},\"inLanguage\":\"en-US\",\"potentialAction\":[{\"@type\":\"ReadAction\",\"target\":[\"https:\\\/\\\/repliquemangacine.fr\\\/de\\\/epees-seven-deadly-sins\\\/liz-schwert-in-seven-deadly-sins\\\/\"]}]},{\"@type\":\"ImageObject\",\"inLanguage\":\"en-US\",\"@id\":\"https:\\\/\\\/repliquemangacine.fr\\\/de\\\/epees-seven-deadly-sins\\\/liz-schwert-in-seven-deadly-sins\\\/#primaryimage\",\"url\":\"https:\\\/\\\/repliquemangacine.fr\\\/wp-content\\\/uploads\\\/2023\\\/10\\\/epee-de-liz-4.jpg\",\"contentUrl\":\"https:\\\/\\\/repliquemangacine.fr\\\/wp-content\\\/uploads\\\/2023\\\/10\\\/epee-de-liz-4.jpg\",\"width\":800,\"height\":800,\"caption\":\"Seven Deadly Sins \u00e9p\u00e9e de liz\"},{\"@type\":\"BreadcrumbList\",\"@id\":\"https:\\\/\\\/repliquemangacine.fr\\\/de\\\/epees-seven-deadly-sins\\\/liz-schwert-in-seven-deadly-sins\\\/#breadcrumb\",\"itemListElement\":[{\"@type\":\"ListItem\",\"position\":1,\"name\":\"Accueil\",\"item\":\"https:\\\/\\\/repliquemangacine.fr\\\/\"},{\"@type\":\"ListItem\",\"position\":2,\"name\":\"Produits\",\"item\":\"https:\\\/\\\/repliquemangacine.fr\\\/boutique\\\/\"},{\"@type\":\"ListItem\",\"position\":3,\"name\":\"EPEE DE LIZ SEVEN DEADLY SINS\"}]},{\"@type\":\"WebSite\",\"@id\":\"https:\\\/\\\/repliquemangacine.fr\\\/#website\",\"url\":\"https:\\\/\\\/repliquemangacine.fr\\\/\",\"name\":\"R\u00e9plique Manga Cin\u00e9\",\"description\":\"\",\"publisher\":{\"@id\":\"https:\\\/\\\/repliquemangacine.fr\\\/#organization\"},\"potentialAction\":[{\"@type\":\"SearchAction\",\"target\":{\"@type\":\"EntryPoint\",\"urlTemplate\":\"https:\\\/\\\/repliquemangacine.fr\\\/?s={search_term_string}\"},\"query-input\":{\"@type\":\"PropertyValueSpecification\",\"valueRequired\":true,\"valueName\":\"search_term_string\"}}],\"inLanguage\":\"en-US\"},{\"@type\":\"Organization\",\"@id\":\"https:\\\/\\\/repliquemangacine.fr\\\/#organization\",\"name\":\"R\u00e9plique Manga Cin\u00e9\",\"url\":\"https:\\\/\\\/repliquemangacine.fr\\\/\",\"logo\":{\"@type\":\"ImageObject\",\"inLanguage\":\"en-US\",\"@id\":\"https:\\\/\\\/repliquemangacine.fr\\\/#\\\/schema\\\/logo\\\/image\\\/\",\"url\":\"https:\\\/\\\/repliquemangacine.fr\\\/wp-content\\\/uploads\\\/2023\\\/10\\\/RMC-500250.png\",\"contentUrl\":\"https:\\\/\\\/repliquemangacine.fr\\\/wp-content\\\/uploads\\\/2023\\\/10\\\/RMC-500250.png\",\"width\":500,\"height\":250,\"caption\":\"R\u00e9plique Manga Cin\u00e9\"},\"image\":{\"@id\":\"https:\\\/\\\/repliquemangacine.fr\\\/#\\\/schema\\\/logo\\\/image\\\/\"},\"sameAs\":[\"https:\\\/\\\/www.facebook.com\\\/RepliqueMangaCine\",\"https:\\\/\\\/www.instagram.com\\\/repliquemangacine.fr\\\/\"]}]}<\/script>\n<!-- \/ Yoast SEO plugin. -->","yoast_head_json":{"title":"Liz's sword - Seven Deadly Sins - R\u00e9plique Manga Cin\u00e9","description":"Order now! This superb replica of Liz's sword given to Meliodas in Seven Deadly Sins. Engraved steel blade, metal guard...","robots":{"index":"index","follow":"follow","max-snippet":"max-snippet:-1","max-image-preview":"max-image-preview:large","max-video-preview":"max-video-preview:-1"},"canonical":"https:\/\/repliquemangacine.fr\/en\/seven-deadly-sins-swords\/lizs-sword-in-seven-deadly-sins\/","og_locale":"en_US","og_type":"article","og_title":"Ep\u00e9e de Liz - Seven Deadly Sins - R\u00e9plique Manga Cin\u00e9","og_description":"Commandez vite ! Cette superbe r\u00e9plique de l' Ep\u00e9e de Liz donn\u00e9e \u00e0 Meliodas dans Seven Deadly Sins. Lame en acier avec gravure, garde m\u00e9tal...","og_url":"https:\/\/repliquemangacine.fr\/en\/seven-deadly-sins-swords\/lizs-sword-in-seven-deadly-sins\/","og_site_name":"R\u00e9plique Manga Cin\u00e9","article_publisher":"https:\/\/www.facebook.com\/RepliqueMangaCine","article_modified_time":"2025-09-23T16:02:36+00:00","og_image":[{"width":800,"height":800,"url":"https:\/\/repliquemangacine.fr\/wp-content\/uploads\/2023\/10\/epee-de-liz-4.jpg","type":"image\/jpeg"}],"twitter_card":"summary_large_image","twitter_misc":{"Est. reading time":"1 minute"},"schema":{"@context":"https:\/\/schema.org","@graph":[{"@type":"WebPage","@id":"https:\/\/repliquemangacine.fr\/de\/epees-seven-deadly-sins\/liz-schwert-in-seven-deadly-sins\/","url":"https:\/\/repliquemangacine.fr\/de\/epees-seven-deadly-sins\/liz-schwert-in-seven-deadly-sins\/","name":"Liz's sword - Seven Deadly Sins - R\u00e9plique Manga Cin\u00e9","isPartOf":{"@id":"https:\/\/repliquemangacine.fr\/#website"},"primaryImageOfPage":{"@id":"https:\/\/repliquemangacine.fr\/de\/epees-seven-deadly-sins\/liz-schwert-in-seven-deadly-sins\/#primaryimage"},"image":{"@id":"https:\/\/repliquemangacine.fr\/de\/epees-seven-deadly-sins\/liz-schwert-in-seven-deadly-sins\/#primaryimage"},"thumbnailUrl":"https:\/\/repliquemangacine.fr\/wp-content\/uploads\/2023\/10\/epee-de-liz-4.jpg","datePublished":"2021-07-07T18:25:16+00:00","dateModified":"2025-09-23T16:02:36+00:00","description":"Order now! This superb replica of Liz's sword given to Meliodas in Seven Deadly Sins. Engraved steel blade, metal guard...","breadcrumb":{"@id":"https:\/\/repliquemangacine.fr\/de\/epees-seven-deadly-sins\/liz-schwert-in-seven-deadly-sins\/#breadcrumb"},"inLanguage":"en-US","potentialAction":[{"@type":"ReadAction","target":["https:\/\/repliquemangacine.fr\/de\/epees-seven-deadly-sins\/liz-schwert-in-seven-deadly-sins\/"]}]},{"@type":"ImageObject","inLanguage":"en-US","@id":"https:\/\/repliquemangacine.fr\/de\/epees-seven-deadly-sins\/liz-schwert-in-seven-deadly-sins\/#primaryimage","url":"https:\/\/repliquemangacine.fr\/wp-content\/uploads\/2023\/10\/epee-de-liz-4.jpg","contentUrl":"https:\/\/repliquemangacine.fr\/wp-content\/uploads\/2023\/10\/epee-de-liz-4.jpg","width":800,"height":800,"caption":"Seven Deadly Sins \u00e9p\u00e9e de liz"},{"@type":"BreadcrumbList","@id":"https:\/\/repliquemangacine.fr\/de\/epees-seven-deadly-sins\/liz-schwert-in-seven-deadly-sins\/#breadcrumb","itemListElement":[{"@type":"ListItem","position":1,"name":"Accueil","item":"https:\/\/repliquemangacine.fr\/"},{"@type":"ListItem","position":2,"name":"Produits","item":"https:\/\/repliquemangacine.fr\/boutique\/"},{"@type":"ListItem","position":3,"name":"EPEE DE LIZ SEVEN DEADLY SINS"}]},{"@type":"WebSite","@id":"https:\/\/repliquemangacine.fr\/#website","url":"https:\/\/repliquemangacine.fr\/","name":"R\u00e9plique Manga Cin\u00e9","description":"","publisher":{"@id":"https:\/\/repliquemangacine.fr\/#organization"},"potentialAction":[{"@type":"SearchAction","target":{"@type":"EntryPoint","urlTemplate":"https:\/\/repliquemangacine.fr\/?s={search_term_string}"},"query-input":{"@type":"PropertyValueSpecification","valueRequired":true,"valueName":"search_term_string"}}],"inLanguage":"en-US"},{"@type":"Organization","@id":"https:\/\/repliquemangacine.fr\/#organization","name":"R\u00e9plique Manga Cin\u00e9","url":"https:\/\/repliquemangacine.fr\/","logo":{"@type":"ImageObject","inLanguage":"en-US","@id":"https:\/\/repliquemangacine.fr\/#\/schema\/logo\/image\/","url":"https:\/\/repliquemangacine.fr\/wp-content\/uploads\/2023\/10\/RMC-500250.png","contentUrl":"https:\/\/repliquemangacine.fr\/wp-content\/uploads\/2023\/10\/RMC-500250.png","width":500,"height":250,"caption":"R\u00e9plique Manga Cin\u00e9"},"image":{"@id":"https:\/\/repliquemangacine.fr\/#\/schema\/logo\/image\/"},"sameAs":["https:\/\/www.facebook.com\/RepliqueMangaCine","https:\/\/www.instagram.com\/repliquemangacine.fr\/"]}]}},"_links":{"self":[{"href":"https:\/\/repliquemangacine.fr\/en\/wp-json\/wp\/v2\/product\/41084","targetHints":{"allow":["GET"]}}],"collection":[{"href":"https:\/\/repliquemangacine.fr\/en\/wp-json\/wp\/v2\/product"}],"about":[{"href":"https:\/\/repliquemangacine.fr\/en\/wp-json\/wp\/v2\/types\/product"}],"wp:featuredmedia":[{"embeddable":true,"href":"https:\/\/repliquemangacine.fr\/en\/wp-json\/wp\/v2\/media\/41085"}],"wp:attachment":[{"href":"https:\/\/repliquemangacine.fr\/en\/wp-json\/wp\/v2\/media?parent=41084"}],"wp:term":[{"taxonomy":"product_brand","embeddable":true,"href":"https:\/\/repliquemangacine.fr\/en\/wp-json\/wp\/v2\/product_brand?post=41084"},{"taxonomy":"product_cat","embeddable":true,"href":"https:\/\/repliquemangacine.fr\/en\/wp-json\/wp\/v2\/product_cat?post=41084"},{"taxonomy":"product_tag","embeddable":true,"href":"https:\/\/repliquemangacine.fr\/en\/wp-json\/wp\/v2\/product_tag?post=41084"}],"curies":[{"name":"wp","href":"https:\/\/api.w.org\/{rel}","templated":true}]}}