





{"id":40383,"date":"2021-05-21T13:36:57","date_gmt":"2021-05-21T11:36:57","guid":{"rendered":"https:\/\/repliquemangacine.fr\/?post_type=product&#038;p=40383"},"modified":"2025-12-01T19:08:21","modified_gmt":"2025-12-01T18:08:21","slug":"replica-mg34-machine-gun-with-denix-tripods","status":"publish","type":"product","link":"https:\/\/repliquemangacine.fr\/en\/reproductions-armes-seconde-guerre-mondiale-denix\/replique-mitrailleuse-mg34-avec-trepieds-denix\/","title":{"rendered":"MG-34 Denix machine gun"},"content":{"rendered":"<h2>Replica MG34 machine gun - Denix.<\/h2>\n<p>To begin with, the <strong>MG34 machine gun<\/strong> or Maschinengewehr 34, German recoil-loading, air-cooled machine gun used during the Second World War.<\/p>\n<p>Its versatility was revolutionary, allowing it to be used on its bipod for anti-aircraft fire. What's more, the bipod had two positions.<\/p>\n<p>The machine gun was fitted with a fire selector, enabling it to fire single shots when the base of the trigger was pulled.<\/p>\n<p>It was used until the mass production of the MG 42, which was less expensive and less susceptible to fouling. The MG34 was nevertheless used throughout the war, in its heavy-barrel version mounted on armored vehicles, the MG 34T.<\/p>\n<p>Germany had succeeded in manufacturing what would probably become the best machine gun of the Second World War.<\/p>\n<h2>Your MG34 machine gun at the best price.<\/h2>\n<p>We offer a wide range of reproductions of historic weapons.<\/p>\n<p>First and foremost,<\/p>\n<ul>\n<li>The machine gun, the <a href=\"https:\/\/repliquemangacine.fr\/en\/darmes-reproductions\/pistolet-mitrailleur-mp40-denix\/\">MP40<\/a> nicknamed \"Schmeisser\" by the Allies.<\/li>\n<li>As well as the emblematic rifle <a href=\"https:\/\/repliquemangacine.fr\/en\/historical-weapons\/fusil-garand-m1\/\">M1 Garand<\/a> American G.I.<\/li>\n<li>There's also the English Rifle <a href=\"https:\/\/repliquemangacine.fr\/en\/darmes-reproductions\/lee-enfield-smle-mark-iii-english-rifle\/\">Lee-Enfield SMLE<\/a> Mark II<\/li>\n<li>And many more to discover in our online store!<\/li>\n<\/ul>\n<p>A great gift idea for all lovers of historic weapons.<\/p>\n<p>In conclusion, you can use this <strong>MG34 machine gun<\/strong> for your historical re-enactments. But above all, this weapon is a collector's item and a decoration.<\/p>\n<p>R\u00e9plique Manga Cin\u00e9 is a French company, official distributor of the brand <a href=\"https:\/\/www.denix.fr\/fr\/catalogue\/guerres-mondiales-1914-1945\/mitraillettes-et-mitrailleuses\/1317\/\" target=\"_blank\" rel=\"noopener noreferrer\">Denix<\/a>.<\/p>\n<h2>How are Denix replica weapons made?<\/h2>\n<p>Used in historical re-enactments, films, TV series and by collectors. Denix gun reproductions, made from high-quality materials. Carefully crafted and assembled to create realistic collector's weapons.<\/p>\n<ul>\n<li>The metals are in a metal alloy known as Zamac, whose basic composition is zinc in 95%.<\/li>\n<li>The plastic parts of the replicas are made of molded ABS, offering high resistance.<\/li>\n<li>Wood chosen for its beauty and durability, such as mahogany, olive or walnut, will give your butts and barrels an elegant, authentic appearance.<\/li>\n<\/ul>\n<p>Please note that all Denix reproductions are identical to the originals, like your <strong>MG34 machine gun<\/strong>.<\/p>","protected":false},"excerpt":{"rendered":"<p>Identical to the original, this reproduction of the MG-34 machine gun.<\/p>\n<ul>\n<li>Solid wood stock.<\/li>\n<li>Frame and metal parts in Zamac.<\/li>\n<li>Guns and shoots like a real MG34.<\/li>\n<li>Unfit for shooting.<\/li>\n<li>Mobile bipod.<\/li>\n<li>Total length: 122 cm - Weight: 6940 Grs<\/li>\n<li><strong>No authorization required. Free sale and possession<\/strong><\/li>\n<\/ul>\n<p><iframe title=\"YouTube video player\" src=\"https:\/\/www.youtube.com\/embed\/IY47UBjv7lU\" width=\"560\" height=\"315\" frameborder=\"0\" allowfullscreen=\"allowfullscreen\"><\/iframe><\/p>\n<p><strong>\u00a0<\/strong><\/p>","protected":false},"featured_media":40384,"template":"","meta":[],"product_brand":[896],"product_cat":[25,102,46,54,28,76],"product_tag":[],"class_list":{"0":"post-40383","1":"product","2":"type-product","3":"status-publish","4":"has-post-thumbnail","6":"product_brand-replique-manga-cine","7":"product_cat-armes-historiques","8":"product_cat-denix","9":"product_cat-fusil-d-assaut-fusil-moderne","10":"product_cat-armes-accessoires-guerre-mondiale","11":"product_cat-repliques-darmes","12":"product_cat-reproductions-armes-seconde-guerre-mondiale-denix","14":"first","15":"instock","16":"taxable","17":"shipping-taxable","18":"purchasable","19":"product-type-simple"},"yoast_head":"<!-- This site is optimized with the Yoast SEO plugin v27.4 - https:\/\/yoast.com\/product\/yoast-seo-wordpress\/ -->\n<title>Mitrailleuse MG34 avec Bipieds - Denix - R\u00e9plique Manga Cin\u00e9<\/title>\n<meta name=\"description\" content=\"Offrez-vous la Mitrailleuse MG34 de Denix au meilleur prix - Tout en acier Zamac - M\u00e9canisme fonctionnel - Bipieds - Inapte au tir - Longueur : 122 cm\" \/>\n<meta name=\"robots\" content=\"index, follow, max-snippet:-1, max-image-preview:large, max-video-preview:-1\" \/>\n<link rel=\"canonical\" href=\"https:\/\/repliquemangacine.fr\/en\/denix\/replica-mg34-machine-gun-with-denix-tripods\/\" \/>\n<meta property=\"og:locale\" content=\"en_US\" \/>\n<meta property=\"og:type\" content=\"article\" \/>\n<meta property=\"og:title\" content=\"Mitrailleuse MG34 avec Bipieds - Denix - R\u00e9plique Manga Cin\u00e9\" \/>\n<meta property=\"og:description\" content=\"Offrez-vous la Mitrailleuse MG34 de Denix au meilleur prix - Tout en acier Zamac - M\u00e9canisme fonctionnel - Bipieds - Inapte au tir - Longueur : 122 cm\" \/>\n<meta property=\"og:url\" content=\"https:\/\/repliquemangacine.fr\/en\/denix\/replica-mg34-machine-gun-with-denix-tripods\/\" \/>\n<meta property=\"og:site_name\" content=\"R\u00e9plique Manga Cin\u00e9\" \/>\n<meta property=\"article:publisher\" content=\"https:\/\/www.facebook.com\/RepliqueMangaCine\" \/>\n<meta property=\"article:modified_time\" content=\"2025-12-01T18:08:21+00:00\" \/>\n<meta property=\"og:image\" content=\"https:\/\/repliquemangacine.fr\/wp-content\/uploads\/2023\/10\/mitrailleuse-mg-34-denix.jpg\" \/>\n\t<meta property=\"og:image:width\" content=\"600\" \/>\n\t<meta property=\"og:image:height\" content=\"600\" \/>\n\t<meta property=\"og:image:type\" content=\"image\/jpeg\" \/>\n<meta name=\"twitter:card\" content=\"summary_large_image\" \/>\n<meta name=\"twitter:label1\" content=\"Est. reading time\" \/>\n\t<meta name=\"twitter:data1\" content=\"3 minutes\" \/>\n<script type=\"application\/ld+json\" class=\"yoast-schema-graph\">{\"@context\":\"https:\\\/\\\/schema.org\",\"@graph\":[{\"@type\":\"WebPage\",\"@id\":\"https:\\\/\\\/repliquemangacine.fr\\\/de\\\/denix\\\/replika-maschinengewehr-mg34-mit-stativen-denix\\\/\",\"url\":\"https:\\\/\\\/repliquemangacine.fr\\\/de\\\/denix\\\/replika-maschinengewehr-mg34-mit-stativen-denix\\\/\",\"name\":\"Mitrailleuse MG34 avec Bipieds - Denix - R\u00e9plique Manga Cin\u00e9\",\"isPartOf\":{\"@id\":\"https:\\\/\\\/repliquemangacine.fr\\\/#website\"},\"primaryImageOfPage\":{\"@id\":\"https:\\\/\\\/repliquemangacine.fr\\\/de\\\/denix\\\/replika-maschinengewehr-mg34-mit-stativen-denix\\\/#primaryimage\"},\"image\":{\"@id\":\"https:\\\/\\\/repliquemangacine.fr\\\/de\\\/denix\\\/replika-maschinengewehr-mg34-mit-stativen-denix\\\/#primaryimage\"},\"thumbnailUrl\":\"https:\\\/\\\/repliquemangacine.fr\\\/wp-content\\\/uploads\\\/2023\\\/10\\\/mitrailleuse-mg-34-denix.jpg\",\"datePublished\":\"2021-05-21T11:36:57+00:00\",\"dateModified\":\"2025-12-01T18:08:21+00:00\",\"description\":\"Offrez-vous la Mitrailleuse MG34 de Denix au meilleur prix - Tout en acier Zamac - M\u00e9canisme fonctionnel - Bipieds - Inapte au tir - Longueur : 122 cm\",\"breadcrumb\":{\"@id\":\"https:\\\/\\\/repliquemangacine.fr\\\/de\\\/denix\\\/replika-maschinengewehr-mg34-mit-stativen-denix\\\/#breadcrumb\"},\"inLanguage\":\"en-US\",\"potentialAction\":[{\"@type\":\"ReadAction\",\"target\":[\"https:\\\/\\\/repliquemangacine.fr\\\/de\\\/denix\\\/replika-maschinengewehr-mg34-mit-stativen-denix\\\/\"]}]},{\"@type\":\"ImageObject\",\"inLanguage\":\"en-US\",\"@id\":\"https:\\\/\\\/repliquemangacine.fr\\\/de\\\/denix\\\/replika-maschinengewehr-mg34-mit-stativen-denix\\\/#primaryimage\",\"url\":\"https:\\\/\\\/repliquemangacine.fr\\\/wp-content\\\/uploads\\\/2023\\\/10\\\/mitrailleuse-mg-34-denix.jpg\",\"contentUrl\":\"https:\\\/\\\/repliquemangacine.fr\\\/wp-content\\\/uploads\\\/2023\\\/10\\\/mitrailleuse-mg-34-denix.jpg\",\"width\":600,\"height\":600,\"caption\":\"mitrailleuse-mg-34-denix\"},{\"@type\":\"BreadcrumbList\",\"@id\":\"https:\\\/\\\/repliquemangacine.fr\\\/de\\\/denix\\\/replika-maschinengewehr-mg34-mit-stativen-denix\\\/#breadcrumb\",\"itemListElement\":[{\"@type\":\"ListItem\",\"position\":1,\"name\":\"Accueil\",\"item\":\"https:\\\/\\\/repliquemangacine.fr\\\/\"},{\"@type\":\"ListItem\",\"position\":2,\"name\":\"Produits\",\"item\":\"https:\\\/\\\/repliquemangacine.fr\\\/boutique\\\/\"},{\"@type\":\"ListItem\",\"position\":3,\"name\":\"Mitrailleuse MG-34 Denix\"}]},{\"@type\":\"WebSite\",\"@id\":\"https:\\\/\\\/repliquemangacine.fr\\\/#website\",\"url\":\"https:\\\/\\\/repliquemangacine.fr\\\/\",\"name\":\"R\u00e9plique Manga Cin\u00e9\",\"description\":\"\",\"publisher\":{\"@id\":\"https:\\\/\\\/repliquemangacine.fr\\\/#organization\"},\"potentialAction\":[{\"@type\":\"SearchAction\",\"target\":{\"@type\":\"EntryPoint\",\"urlTemplate\":\"https:\\\/\\\/repliquemangacine.fr\\\/?s={search_term_string}\"},\"query-input\":{\"@type\":\"PropertyValueSpecification\",\"valueRequired\":true,\"valueName\":\"search_term_string\"}}],\"inLanguage\":\"en-US\"},{\"@type\":\"Organization\",\"@id\":\"https:\\\/\\\/repliquemangacine.fr\\\/#organization\",\"name\":\"R\u00e9plique Manga Cin\u00e9\",\"url\":\"https:\\\/\\\/repliquemangacine.fr\\\/\",\"logo\":{\"@type\":\"ImageObject\",\"inLanguage\":\"en-US\",\"@id\":\"https:\\\/\\\/repliquemangacine.fr\\\/#\\\/schema\\\/logo\\\/image\\\/\",\"url\":\"https:\\\/\\\/repliquemangacine.fr\\\/wp-content\\\/uploads\\\/2023\\\/10\\\/RMC-500250.png\",\"contentUrl\":\"https:\\\/\\\/repliquemangacine.fr\\\/wp-content\\\/uploads\\\/2023\\\/10\\\/RMC-500250.png\",\"width\":500,\"height\":250,\"caption\":\"R\u00e9plique Manga Cin\u00e9\"},\"image\":{\"@id\":\"https:\\\/\\\/repliquemangacine.fr\\\/#\\\/schema\\\/logo\\\/image\\\/\"},\"sameAs\":[\"https:\\\/\\\/www.facebook.com\\\/RepliqueMangaCine\",\"https:\\\/\\\/www.instagram.com\\\/repliquemangacine.fr\\\/\"]}]}<\/script>\n<!-- \/ Yoast SEO plugin. -->","yoast_head_json":{"title":"MG34 Machine gun with bipods - Denix - R\u00e9plique Manga Cin\u00e9","description":"Treat yourself to Denix's MG34 machine gun at the best price - All Zamac steel - Functional mechanism - Bipods - Non-shooting - Length: 122 cm","robots":{"index":"index","follow":"follow","max-snippet":"max-snippet:-1","max-image-preview":"max-image-preview:large","max-video-preview":"max-video-preview:-1"},"canonical":"https:\/\/repliquemangacine.fr\/en\/denix\/replica-mg34-machine-gun-with-denix-tripods\/","og_locale":"en_US","og_type":"article","og_title":"Mitrailleuse MG34 avec Bipieds - Denix - R\u00e9plique Manga Cin\u00e9","og_description":"Offrez-vous la Mitrailleuse MG34 de Denix au meilleur prix - Tout en acier Zamac - M\u00e9canisme fonctionnel - Bipieds - Inapte au tir - Longueur : 122 cm","og_url":"https:\/\/repliquemangacine.fr\/en\/denix\/replica-mg34-machine-gun-with-denix-tripods\/","og_site_name":"R\u00e9plique Manga Cin\u00e9","article_publisher":"https:\/\/www.facebook.com\/RepliqueMangaCine","article_modified_time":"2025-12-01T18:08:21+00:00","og_image":[{"width":600,"height":600,"url":"https:\/\/repliquemangacine.fr\/wp-content\/uploads\/2023\/10\/mitrailleuse-mg-34-denix.jpg","type":"image\/jpeg"}],"twitter_card":"summary_large_image","twitter_misc":{"Est. reading time":"3 minutes"},"schema":{"@context":"https:\/\/schema.org","@graph":[{"@type":"WebPage","@id":"https:\/\/repliquemangacine.fr\/de\/denix\/replika-maschinengewehr-mg34-mit-stativen-denix\/","url":"https:\/\/repliquemangacine.fr\/de\/denix\/replika-maschinengewehr-mg34-mit-stativen-denix\/","name":"MG34 Machine gun with bipods - Denix - R\u00e9plique Manga Cin\u00e9","isPartOf":{"@id":"https:\/\/repliquemangacine.fr\/#website"},"primaryImageOfPage":{"@id":"https:\/\/repliquemangacine.fr\/de\/denix\/replika-maschinengewehr-mg34-mit-stativen-denix\/#primaryimage"},"image":{"@id":"https:\/\/repliquemangacine.fr\/de\/denix\/replika-maschinengewehr-mg34-mit-stativen-denix\/#primaryimage"},"thumbnailUrl":"https:\/\/repliquemangacine.fr\/wp-content\/uploads\/2023\/10\/mitrailleuse-mg-34-denix.jpg","datePublished":"2021-05-21T11:36:57+00:00","dateModified":"2025-12-01T18:08:21+00:00","description":"Treat yourself to Denix's MG34 machine gun at the best price - All Zamac steel - Functional mechanism - Bipods - Non-shooting - Length: 122 cm","breadcrumb":{"@id":"https:\/\/repliquemangacine.fr\/de\/denix\/replika-maschinengewehr-mg34-mit-stativen-denix\/#breadcrumb"},"inLanguage":"en-US","potentialAction":[{"@type":"ReadAction","target":["https:\/\/repliquemangacine.fr\/de\/denix\/replika-maschinengewehr-mg34-mit-stativen-denix\/"]}]},{"@type":"ImageObject","inLanguage":"en-US","@id":"https:\/\/repliquemangacine.fr\/de\/denix\/replika-maschinengewehr-mg34-mit-stativen-denix\/#primaryimage","url":"https:\/\/repliquemangacine.fr\/wp-content\/uploads\/2023\/10\/mitrailleuse-mg-34-denix.jpg","contentUrl":"https:\/\/repliquemangacine.fr\/wp-content\/uploads\/2023\/10\/mitrailleuse-mg-34-denix.jpg","width":600,"height":600,"caption":"mitrailleuse-mg-34-denix"},{"@type":"BreadcrumbList","@id":"https:\/\/repliquemangacine.fr\/de\/denix\/replika-maschinengewehr-mg34-mit-stativen-denix\/#breadcrumb","itemListElement":[{"@type":"ListItem","position":1,"name":"Accueil","item":"https:\/\/repliquemangacine.fr\/"},{"@type":"ListItem","position":2,"name":"Produits","item":"https:\/\/repliquemangacine.fr\/boutique\/"},{"@type":"ListItem","position":3,"name":"Mitrailleuse MG-34 Denix"}]},{"@type":"WebSite","@id":"https:\/\/repliquemangacine.fr\/#website","url":"https:\/\/repliquemangacine.fr\/","name":"R\u00e9plique Manga Cin\u00e9","description":"","publisher":{"@id":"https:\/\/repliquemangacine.fr\/#organization"},"potentialAction":[{"@type":"SearchAction","target":{"@type":"EntryPoint","urlTemplate":"https:\/\/repliquemangacine.fr\/?s={search_term_string}"},"query-input":{"@type":"PropertyValueSpecification","valueRequired":true,"valueName":"search_term_string"}}],"inLanguage":"en-US"},{"@type":"Organization","@id":"https:\/\/repliquemangacine.fr\/#organization","name":"R\u00e9plique Manga Cin\u00e9","url":"https:\/\/repliquemangacine.fr\/","logo":{"@type":"ImageObject","inLanguage":"en-US","@id":"https:\/\/repliquemangacine.fr\/#\/schema\/logo\/image\/","url":"https:\/\/repliquemangacine.fr\/wp-content\/uploads\/2023\/10\/RMC-500250.png","contentUrl":"https:\/\/repliquemangacine.fr\/wp-content\/uploads\/2023\/10\/RMC-500250.png","width":500,"height":250,"caption":"R\u00e9plique Manga Cin\u00e9"},"image":{"@id":"https:\/\/repliquemangacine.fr\/#\/schema\/logo\/image\/"},"sameAs":["https:\/\/www.facebook.com\/RepliqueMangaCine","https:\/\/www.instagram.com\/repliquemangacine.fr\/"]}]}},"_links":{"self":[{"href":"https:\/\/repliquemangacine.fr\/en\/wp-json\/wp\/v2\/product\/40383","targetHints":{"allow":["GET"]}}],"collection":[{"href":"https:\/\/repliquemangacine.fr\/en\/wp-json\/wp\/v2\/product"}],"about":[{"href":"https:\/\/repliquemangacine.fr\/en\/wp-json\/wp\/v2\/types\/product"}],"wp:featuredmedia":[{"embeddable":true,"href":"https:\/\/repliquemangacine.fr\/en\/wp-json\/wp\/v2\/media\/40384"}],"wp:attachment":[{"href":"https:\/\/repliquemangacine.fr\/en\/wp-json\/wp\/v2\/media?parent=40383"}],"wp:term":[{"taxonomy":"product_brand","embeddable":true,"href":"https:\/\/repliquemangacine.fr\/en\/wp-json\/wp\/v2\/product_brand?post=40383"},{"taxonomy":"product_cat","embeddable":true,"href":"https:\/\/repliquemangacine.fr\/en\/wp-json\/wp\/v2\/product_cat?post=40383"},{"taxonomy":"product_tag","embeddable":true,"href":"https:\/\/repliquemangacine.fr\/en\/wp-json\/wp\/v2\/product_tag?post=40383"}],"curies":[{"name":"wp","href":"https:\/\/api.w.org\/{rel}","templated":true}]}}