





{"id":29336,"date":"2021-03-18T14:21:43","date_gmt":"2021-03-18T13:21:43","guid":{"rendered":"https:\/\/repliquemangacine.fr\/?post_type=product&#038;p=29336"},"modified":"2026-03-12T12:09:49","modified_gmt":"2026-03-12T11:09:49","slug":"harley-quinn-baseball-bat","status":"publish","type":"product","link":"https:\/\/repliquemangacine.fr\/en\/super-heros-marvel\/harley-quinn-batte-de-baseball\/","title":{"rendered":"Harley Quinn - Baseball Bat"},"content":{"rendered":"<h2>Harley Quinn's bat in Suicide Squad DC.<\/h2>\n<p>For starters, Harley Quinn's Bat in Suicide Squad, officially licensed by Suicide Squad DC comics and distributed by <a href=\"https:\/\/noblecollection.fr\/harley-quinn-batte-baseball-suicide-squad-comics-p-5546.html\" target=\"_blank\" rel=\"noopener noreferrer\">The Noble Collection<\/a>.<\/p>\n<p>As a young psychiatrist, Harleen Frances Quinzel works to rehabilitate patients inside Arkham Asylum until she meets the Joker.<\/p>\n<p>Harleen falls in love with the psychopath. She helps him escape several times, before being discovered. Revoked, she gets her own cell in the asylum.<\/p>\n<p>Her love affair with the Joker is marked by excess and abuse. Psychologically and physically abused by her \"duckling\" or \"duckling\", depending on the version, she nevertheless always returns to him. This relationship is also punctuated by long periods of separation, or by the regular conflicts that mark this couple.<\/p>\n<h2>Your Harley Quinn Bat at the best price.<\/h2>\n<p>We carry all the collectible replicas of your favorite superheroes.<\/p>\n<p>First and foremost,<\/p>\n<ul>\n<li>The famous <a href=\"https:\/\/repliquemangacine.fr\/en\/super-heroes\/jokers-suicide-squad-cane\/\">Joker cane<\/a> with rhinestones on the handle.<\/li>\n<li>There are also <a href=\"https:\/\/repliquemangacine.fr\/en\/super-heroes\/black-widow-glow-stick-black\/\">Black Widow glow sticks<\/a> with switch button on handles.<\/li>\n<li>As well as the immense <a href=\"https:\/\/repliquemangacine.fr\/en\/super-heroes\/double-epee-de-thanos-avengers-endgame\/\">Thanos sword<\/a> in fiberglass.<\/li>\n<li>And many more from the Marvel universe.<\/li>\n<\/ul>\n<p>So here's a great gift idea for Batman and Suicide Squad fans.<\/p>\n<p>In conclusion, you can use this Harley Quinn Suicide Squad Bat in your cosplay parades at conventions. But above all, it's a collector's item and a decoration.<\/p>\n<h2>How are our Marvel merchandise products made?<\/h2>\n<p>To begin with, all our derived products are of the highest quality, manufactured with meticulous attention to detail. In fact, some of the manufacturing is done by hand, to reproduce even the smallest detail. More important parts are machined by precise machines. Engravings are generally made with a diamond tip or laser.<\/p>\n<p>Your Harley Quinn Bat has been crafted to reproduce every detail exactly. Worn and soiled fabric tape covers the handle. Inscriptions \"Good Night\" in capital letters.<\/p>\n<p>Finally, imported from China or Spain, our replicas will amaze you!<\/p>\n<p>R\u00e9plique Manga Cin\u00e9 is a French family business.<\/p>\n<p>Enjoy your visit.<\/p>","protected":false},"excerpt":{"rendered":"<p>Authentic replica of Harley Quinn's bat from \"Suicide Squad\".<\/p>\n<ul>\n<li>Inscriptions all around and \"Good Night\" in capital letters.<\/li>\n<li>All in wood.<\/li>\n<li>Worn and soiled fabric tape covers the handle.<\/li>\n<li>Collector's box in the film's colors.<\/li>\n<li>Under official Suicide Squad license -DC Comics<\/li>\n<li>Actual size 80 cm - Weight 1.4 Kg<\/li>\n<\/ul>","protected":false},"featured_media":29337,"template":"","meta":[],"product_brand":[896],"product_cat":[24,59],"product_tag":[],"class_list":{"0":"post-29336","1":"product","2":"type-product","3":"status-publish","4":"has-post-thumbnail","6":"product_brand-replique-manga-cine","7":"product_cat-films-series-tv-vente-de-katana-epee-et-produits-derives","8":"product_cat-super-heros-marvel","10":"first","11":"instock","12":"taxable","13":"shipping-taxable","14":"purchasable","15":"product-type-simple"},"yoast_head":"<!-- This site is optimized with the Yoast SEO plugin v27.5 - https:\/\/yoast.com\/product\/yoast-seo-wordpress\/ -->\n<title>Batte de Harley Quinn - Suicide Squad - R\u00e9plique Manga Cin\u00e9<\/title>\n<meta name=\"description\" content=\"D\u00e9couvrez la Batte de Harley Quinn dans Suicide Squad au meilleur prix. Tout en bois - Boite collector - Licence Officielle - Longueur : 80 cm\" \/>\n<meta name=\"robots\" content=\"index, follow, max-snippet:-1, max-image-preview:large, max-video-preview:-1\" \/>\n<link rel=\"canonical\" href=\"https:\/\/repliquemangacine.fr\/en\/marvel-superheroes\/harley-quinn-baseball-bat\/\" \/>\n<meta property=\"og:locale\" content=\"en_US\" \/>\n<meta property=\"og:type\" content=\"article\" \/>\n<meta property=\"og:title\" content=\"Batte de Harley Quinn - Suicide Squad - R\u00e9plique Manga Cin\u00e9\" \/>\n<meta property=\"og:description\" content=\"D\u00e9couvrez la Batte de Harley Quinn dans Suicide Squad au meilleur prix. Tout en bois - Boite collector - Licence Officielle - Longueur : 80 cm\" \/>\n<meta property=\"og:url\" content=\"https:\/\/repliquemangacine.fr\/en\/marvel-superheroes\/harley-quinn-baseball-bat\/\" \/>\n<meta property=\"og:site_name\" content=\"R\u00e9plique Manga Cin\u00e9\" \/>\n<meta property=\"article:publisher\" content=\"https:\/\/www.facebook.com\/RepliqueMangaCine\" \/>\n<meta property=\"article:modified_time\" content=\"2026-03-12T11:09:49+00:00\" \/>\n<meta property=\"og:image\" content=\"https:\/\/repliquemangacine.fr\/wp-content\/uploads\/2023\/10\/4016-batte-de-baseball-harley-quinn.jpg\" \/>\n\t<meta property=\"og:image:width\" content=\"800\" \/>\n\t<meta property=\"og:image:height\" content=\"800\" \/>\n\t<meta property=\"og:image:type\" content=\"image\/jpeg\" \/>\n<meta name=\"twitter:card\" content=\"summary_large_image\" \/>\n<meta name=\"twitter:label1\" content=\"Est. reading time\" \/>\n\t<meta name=\"twitter:data1\" content=\"3 minutes\" \/>\n<script type=\"application\/ld+json\" class=\"yoast-schema-graph\">{\"@context\":\"https:\\\/\\\/schema.org\",\"@graph\":[{\"@type\":\"WebPage\",\"@id\":\"https:\\\/\\\/repliquemangacine.fr\\\/super-heros-marvel\\\/harley-quinn-batte-de-baseball\\\/\",\"url\":\"https:\\\/\\\/repliquemangacine.fr\\\/super-heros-marvel\\\/harley-quinn-batte-de-baseball\\\/\",\"name\":\"Batte de Harley Quinn - Suicide Squad - R\u00e9plique Manga Cin\u00e9\",\"isPartOf\":{\"@id\":\"https:\\\/\\\/repliquemangacine.fr\\\/#website\"},\"primaryImageOfPage\":{\"@id\":\"https:\\\/\\\/repliquemangacine.fr\\\/super-heros-marvel\\\/harley-quinn-batte-de-baseball\\\/#primaryimage\"},\"image\":{\"@id\":\"https:\\\/\\\/repliquemangacine.fr\\\/super-heros-marvel\\\/harley-quinn-batte-de-baseball\\\/#primaryimage\"},\"thumbnailUrl\":\"https:\\\/\\\/repliquemangacine.fr\\\/wp-content\\\/uploads\\\/2023\\\/10\\\/4016-batte-de-baseball-harley-quinn.jpg\",\"datePublished\":\"2021-03-18T13:21:43+00:00\",\"dateModified\":\"2026-03-12T11:09:49+00:00\",\"description\":\"D\u00e9couvrez la Batte de Harley Quinn dans Suicide Squad au meilleur prix. Tout en bois - Boite collector - Licence Officielle - Longueur : 80 cm\",\"breadcrumb\":{\"@id\":\"https:\\\/\\\/repliquemangacine.fr\\\/super-heros-marvel\\\/harley-quinn-batte-de-baseball\\\/#breadcrumb\"},\"inLanguage\":\"en-US\",\"potentialAction\":[{\"@type\":\"ReadAction\",\"target\":[\"https:\\\/\\\/repliquemangacine.fr\\\/super-heros-marvel\\\/harley-quinn-batte-de-baseball\\\/\"]}]},{\"@type\":\"ImageObject\",\"inLanguage\":\"en-US\",\"@id\":\"https:\\\/\\\/repliquemangacine.fr\\\/super-heros-marvel\\\/harley-quinn-batte-de-baseball\\\/#primaryimage\",\"url\":\"https:\\\/\\\/repliquemangacine.fr\\\/wp-content\\\/uploads\\\/2023\\\/10\\\/4016-batte-de-baseball-harley-quinn.jpg\",\"contentUrl\":\"https:\\\/\\\/repliquemangacine.fr\\\/wp-content\\\/uploads\\\/2023\\\/10\\\/4016-batte-de-baseball-harley-quinn.jpg\",\"width\":800,\"height\":800,\"caption\":\"batte de baseball harley quinn\"},{\"@type\":\"BreadcrumbList\",\"@id\":\"https:\\\/\\\/repliquemangacine.fr\\\/super-heros-marvel\\\/harley-quinn-batte-de-baseball\\\/#breadcrumb\",\"itemListElement\":[{\"@type\":\"ListItem\",\"position\":1,\"name\":\"Accueil\",\"item\":\"https:\\\/\\\/repliquemangacine.fr\\\/\"},{\"@type\":\"ListItem\",\"position\":2,\"name\":\"Produits\",\"item\":\"https:\\\/\\\/repliquemangacine.fr\\\/boutique\\\/\"},{\"@type\":\"ListItem\",\"position\":3,\"name\":\"Harley Quinn &#8211; Batte de Baseball\"}]},{\"@type\":\"WebSite\",\"@id\":\"https:\\\/\\\/repliquemangacine.fr\\\/#website\",\"url\":\"https:\\\/\\\/repliquemangacine.fr\\\/\",\"name\":\"R\u00e9plique Manga Cin\u00e9\",\"description\":\"\",\"publisher\":{\"@id\":\"https:\\\/\\\/repliquemangacine.fr\\\/#organization\"},\"potentialAction\":[{\"@type\":\"SearchAction\",\"target\":{\"@type\":\"EntryPoint\",\"urlTemplate\":\"https:\\\/\\\/repliquemangacine.fr\\\/?s={search_term_string}\"},\"query-input\":{\"@type\":\"PropertyValueSpecification\",\"valueRequired\":true,\"valueName\":\"search_term_string\"}}],\"inLanguage\":\"en-US\"},{\"@type\":\"Organization\",\"@id\":\"https:\\\/\\\/repliquemangacine.fr\\\/#organization\",\"name\":\"R\u00e9plique Manga Cin\u00e9\",\"url\":\"https:\\\/\\\/repliquemangacine.fr\\\/\",\"logo\":{\"@type\":\"ImageObject\",\"inLanguage\":\"en-US\",\"@id\":\"https:\\\/\\\/repliquemangacine.fr\\\/#\\\/schema\\\/logo\\\/image\\\/\",\"url\":\"https:\\\/\\\/repliquemangacine.fr\\\/wp-content\\\/uploads\\\/2023\\\/10\\\/RMC-500250.png\",\"contentUrl\":\"https:\\\/\\\/repliquemangacine.fr\\\/wp-content\\\/uploads\\\/2023\\\/10\\\/RMC-500250.png\",\"width\":500,\"height\":250,\"caption\":\"R\u00e9plique Manga Cin\u00e9\"},\"image\":{\"@id\":\"https:\\\/\\\/repliquemangacine.fr\\\/#\\\/schema\\\/logo\\\/image\\\/\"},\"sameAs\":[\"https:\\\/\\\/www.facebook.com\\\/RepliqueMangaCine\",\"https:\\\/\\\/www.instagram.com\\\/repliquemangacine.fr\\\/\"]}]}<\/script>\n<!-- \/ Yoast SEO plugin. -->","yoast_head_json":{"title":"Harley Quinn bat - Suicide Squad - R\u00e9plique Manga Cin\u00e9","description":"Discover Harley Quinn's Bat in Suicide Squad at the best price. All wood - Collector's box - Official License - Length: 80 cm","robots":{"index":"index","follow":"follow","max-snippet":"max-snippet:-1","max-image-preview":"max-image-preview:large","max-video-preview":"max-video-preview:-1"},"canonical":"https:\/\/repliquemangacine.fr\/en\/marvel-superheroes\/harley-quinn-baseball-bat\/","og_locale":"en_US","og_type":"article","og_title":"Batte de Harley Quinn - Suicide Squad - R\u00e9plique Manga Cin\u00e9","og_description":"D\u00e9couvrez la Batte de Harley Quinn dans Suicide Squad au meilleur prix. Tout en bois - Boite collector - Licence Officielle - Longueur : 80 cm","og_url":"https:\/\/repliquemangacine.fr\/en\/marvel-superheroes\/harley-quinn-baseball-bat\/","og_site_name":"R\u00e9plique Manga Cin\u00e9","article_publisher":"https:\/\/www.facebook.com\/RepliqueMangaCine","article_modified_time":"2026-03-12T11:09:49+00:00","og_image":[{"width":800,"height":800,"url":"https:\/\/repliquemangacine.fr\/wp-content\/uploads\/2023\/10\/4016-batte-de-baseball-harley-quinn.jpg","type":"image\/jpeg"}],"twitter_card":"summary_large_image","twitter_misc":{"Est. reading time":"3 minutes"},"schema":{"@context":"https:\/\/schema.org","@graph":[{"@type":"WebPage","@id":"https:\/\/repliquemangacine.fr\/super-heros-marvel\/harley-quinn-batte-de-baseball\/","url":"https:\/\/repliquemangacine.fr\/super-heros-marvel\/harley-quinn-batte-de-baseball\/","name":"Harley Quinn bat - Suicide Squad - R\u00e9plique Manga Cin\u00e9","isPartOf":{"@id":"https:\/\/repliquemangacine.fr\/#website"},"primaryImageOfPage":{"@id":"https:\/\/repliquemangacine.fr\/super-heros-marvel\/harley-quinn-batte-de-baseball\/#primaryimage"},"image":{"@id":"https:\/\/repliquemangacine.fr\/super-heros-marvel\/harley-quinn-batte-de-baseball\/#primaryimage"},"thumbnailUrl":"https:\/\/repliquemangacine.fr\/wp-content\/uploads\/2023\/10\/4016-batte-de-baseball-harley-quinn.jpg","datePublished":"2021-03-18T13:21:43+00:00","dateModified":"2026-03-12T11:09:49+00:00","description":"Discover Harley Quinn's Bat in Suicide Squad at the best price. All wood - Collector's box - Official License - Length: 80 cm","breadcrumb":{"@id":"https:\/\/repliquemangacine.fr\/super-heros-marvel\/harley-quinn-batte-de-baseball\/#breadcrumb"},"inLanguage":"en-US","potentialAction":[{"@type":"ReadAction","target":["https:\/\/repliquemangacine.fr\/super-heros-marvel\/harley-quinn-batte-de-baseball\/"]}]},{"@type":"ImageObject","inLanguage":"en-US","@id":"https:\/\/repliquemangacine.fr\/super-heros-marvel\/harley-quinn-batte-de-baseball\/#primaryimage","url":"https:\/\/repliquemangacine.fr\/wp-content\/uploads\/2023\/10\/4016-batte-de-baseball-harley-quinn.jpg","contentUrl":"https:\/\/repliquemangacine.fr\/wp-content\/uploads\/2023\/10\/4016-batte-de-baseball-harley-quinn.jpg","width":800,"height":800,"caption":"batte de baseball harley quinn"},{"@type":"BreadcrumbList","@id":"https:\/\/repliquemangacine.fr\/super-heros-marvel\/harley-quinn-batte-de-baseball\/#breadcrumb","itemListElement":[{"@type":"ListItem","position":1,"name":"Accueil","item":"https:\/\/repliquemangacine.fr\/"},{"@type":"ListItem","position":2,"name":"Produits","item":"https:\/\/repliquemangacine.fr\/boutique\/"},{"@type":"ListItem","position":3,"name":"Harley Quinn &#8211; Batte de Baseball"}]},{"@type":"WebSite","@id":"https:\/\/repliquemangacine.fr\/#website","url":"https:\/\/repliquemangacine.fr\/","name":"R\u00e9plique Manga Cin\u00e9","description":"","publisher":{"@id":"https:\/\/repliquemangacine.fr\/#organization"},"potentialAction":[{"@type":"SearchAction","target":{"@type":"EntryPoint","urlTemplate":"https:\/\/repliquemangacine.fr\/?s={search_term_string}"},"query-input":{"@type":"PropertyValueSpecification","valueRequired":true,"valueName":"search_term_string"}}],"inLanguage":"en-US"},{"@type":"Organization","@id":"https:\/\/repliquemangacine.fr\/#organization","name":"R\u00e9plique Manga Cin\u00e9","url":"https:\/\/repliquemangacine.fr\/","logo":{"@type":"ImageObject","inLanguage":"en-US","@id":"https:\/\/repliquemangacine.fr\/#\/schema\/logo\/image\/","url":"https:\/\/repliquemangacine.fr\/wp-content\/uploads\/2023\/10\/RMC-500250.png","contentUrl":"https:\/\/repliquemangacine.fr\/wp-content\/uploads\/2023\/10\/RMC-500250.png","width":500,"height":250,"caption":"R\u00e9plique Manga Cin\u00e9"},"image":{"@id":"https:\/\/repliquemangacine.fr\/#\/schema\/logo\/image\/"},"sameAs":["https:\/\/www.facebook.com\/RepliqueMangaCine","https:\/\/www.instagram.com\/repliquemangacine.fr\/"]}]}},"_links":{"self":[{"href":"https:\/\/repliquemangacine.fr\/en\/wp-json\/wp\/v2\/product\/29336","targetHints":{"allow":["GET"]}}],"collection":[{"href":"https:\/\/repliquemangacine.fr\/en\/wp-json\/wp\/v2\/product"}],"about":[{"href":"https:\/\/repliquemangacine.fr\/en\/wp-json\/wp\/v2\/types\/product"}],"wp:featuredmedia":[{"embeddable":true,"href":"https:\/\/repliquemangacine.fr\/en\/wp-json\/wp\/v2\/media\/29337"}],"wp:attachment":[{"href":"https:\/\/repliquemangacine.fr\/en\/wp-json\/wp\/v2\/media?parent=29336"}],"wp:term":[{"taxonomy":"product_brand","embeddable":true,"href":"https:\/\/repliquemangacine.fr\/en\/wp-json\/wp\/v2\/product_brand?post=29336"},{"taxonomy":"product_cat","embeddable":true,"href":"https:\/\/repliquemangacine.fr\/en\/wp-json\/wp\/v2\/product_cat?post=29336"},{"taxonomy":"product_tag","embeddable":true,"href":"https:\/\/repliquemangacine.fr\/en\/wp-json\/wp\/v2\/product_tag?post=29336"}],"curies":[{"name":"wp","href":"https:\/\/api.w.org\/{rel}","templated":true}]}}