





{"id":29322,"date":"2021-03-11T15:02:21","date_gmt":"2021-03-11T14:02:21","guid":{"rendered":"https:\/\/repliquemangacine.fr\/?post_type=product&#038;p=29322"},"modified":"2026-04-24T12:07:42","modified_gmt":"2026-04-24T10:07:42","slug":"saber-cavalry-us-1860","status":"publish","type":"product","link":"https:\/\/repliquemangacine.fr\/en\/sabres-1er-empire\/sabre-cavalerie-us-1860\/","title":{"rendered":"US cavalry saber 1860"},"content":{"rendered":"<h2>Replica Cavalry Saber 1860 USA<\/h2>\n<p>To begin with, the <strong>Cavalry sword 1860<\/strong> also known as the M1862, used by the U.S. Cavalry in the <a href=\"https:\/\/www.geo.fr\/histoire\/les-grandes-etapes-de-la-guerre-de-secession-201481\" target=\"_blank\" rel=\"noopener noreferrer\">american civil war<\/a>.<\/p>\n<p>By the end of the Civil War, over 300,000 1860 sabers had been produced. Worn not only by the cavalry, but also by many infantry and staff officers. Indeed, the 1850 model army and field officers' swords had to be purchased privately.<\/p>\n<p>Cavalry use it in westerns, many being original antiques purchased by the film industry in the 1920s when surplus Civil War equipment was cheap.<\/p>\n<h2>Your 1860 Cavalry Saber at the best price.<\/h2>\n<p>We offer a wide range of reproductions of historical weapons.<\/p>\n<p>First and foremost,<\/p>\n<ul>\n<li>Reproduction of the ceremonial Marine sword <a href=\"https:\/\/repliquemangacine.fr\/en\/1st-empire-swords\/sabre-marine-m1859-nco-usa-united-cutlery\/\">M1859<\/a> under official USMC license.<\/li>\n<li>As well as the <a href=\"https:\/\/repliquemangacine.fr\/en\/1st-empire-swords\/1st-empire-napoleonic-infantry-saber-lighter\/\">Sabre Lighter<\/a> Napoleonic infantry AN XI model.<\/li>\n<li>There is also the <a href=\"https:\/\/repliquemangacine.fr\/en\/1st-empire-swords\/sabre-ordre-militaire-saint-georges\/\">saber of the military order of Saint George<\/a> \"for his courage\", Russia 1913.<\/li>\n<li>And many more to discover in our online store!<\/li>\n<\/ul>\n<p>That's why this is a great gift idea for all history buffs.<\/p>\n<p>In conclusion, you can use this <strong>Cavalry sword 1860<\/strong> for your historical re-enactments. But above all, this weapon is a collector's item and a decoration.<\/p>\n<h2>How to maintain the blade of your historic sword?<\/h2>\n<p>Collector's and decorative swords, made and assembled in a simplified manner. As their use is decorative, they lack the safety features required of a Japanese sword intended for training.<\/p>\n<p>However, your <strong>Cavalry sword 1860<\/strong> to a steel blade that needs to be cared for to avoid damage over time. In fact, when you display your katana, your friends will be curious to see and touch the blade. This is where you need to be careful, as the acidity of your fingers is very harmful to steel, whatever its quality.<\/p>\n<p>However, if this does happen, don't panic - all you need is a cloth dampened with a little oil and a wipe of fingerprints. By doing so, you'll keep your sword looking its best for a very long time.<\/p>","protected":false},"excerpt":{"rendered":"<p>Superb replica of the Us Model 1860 cavalry saber.<\/p>\n<ul>\n<li>Unsharpened high-carbon steel blade.<\/li>\n<li>Brass 3-prong hilt.<\/li>\n<li>Non-slip Grip handle.<\/li>\n<li>Steel scabbard.<\/li>\n<li>Blade length: 92 cm - Total length: 107 cm - Weight: 1050 grs<\/li>\n<\/ul>","protected":false},"featured_media":29323,"template":"","meta":[],"product_brand":[896],"product_cat":[25,37,74],"product_tag":[],"class_list":{"0":"post-29322","1":"product","2":"type-product","3":"status-publish","4":"has-post-thumbnail","6":"product_brand-replique-manga-cine","7":"product_cat-armes-historiques","8":"product_cat-premier-empire","9":"product_cat-sabres-1er-empire","11":"first","12":"instock","13":"taxable","14":"shipping-taxable","15":"purchasable","16":"product-type-simple"},"yoast_head":"<!-- This site is optimized with the Yoast SEO plugin v27.5 - https:\/\/yoast.com\/product\/yoast-seo-wordpress\/ -->\n<title>Sabre de Cavalerie 1860 - Arme historique - R\u00e9plique Manga Cin\u00e9<\/title>\n<meta name=\"description\" content=\"D\u00e9couvrez vite ! Cette r\u00e9plique du Sabre de Cavalerie 1860 US au meilleur prix. Lame en acier carbone - Garde en laiton - Fourreau acier - Longueur : 107 cm\" \/>\n<meta name=\"robots\" content=\"index, follow, max-snippet:-1, max-image-preview:large, max-video-preview:-1\" \/>\n<link rel=\"canonical\" href=\"https:\/\/repliquemangacine.fr\/en\/1st-empire-swords\/saber-cavalry-us-1860\/\" \/>\n<meta property=\"og:locale\" content=\"en_US\" \/>\n<meta property=\"og:type\" content=\"article\" \/>\n<meta property=\"og:title\" content=\"Sabre de Cavalerie 1860 - Arme historique - R\u00e9plique Manga Cin\u00e9\" \/>\n<meta property=\"og:description\" content=\"D\u00e9couvrez vite ! Cette r\u00e9plique du Sabre de Cavalerie 1860 US au meilleur prix. Lame en acier carbone - Garde en laiton - Fourreau acier - Longueur : 107 cm\" \/>\n<meta property=\"og:url\" content=\"https:\/\/repliquemangacine.fr\/en\/1st-empire-swords\/saber-cavalry-us-1860\/\" \/>\n<meta property=\"og:site_name\" content=\"R\u00e9plique Manga Cin\u00e9\" \/>\n<meta property=\"article:publisher\" content=\"https:\/\/www.facebook.com\/RepliqueMangaCine\" \/>\n<meta property=\"article:modified_time\" content=\"2026-04-24T10:07:42+00:00\" \/>\n<meta property=\"og:image\" content=\"https:\/\/repliquemangacine.fr\/wp-content\/uploads\/2023\/10\/3995-Sabre-cavalerie-US-1860.jpg\" \/>\n\t<meta property=\"og:image:width\" content=\"800\" \/>\n\t<meta property=\"og:image:height\" content=\"800\" \/>\n\t<meta property=\"og:image:type\" content=\"image\/jpeg\" \/>\n<meta name=\"twitter:card\" content=\"summary_large_image\" \/>\n<meta name=\"twitter:label1\" content=\"Est. reading time\" \/>\n\t<meta name=\"twitter:data1\" content=\"2 minutes\" \/>\n<script type=\"application\/ld+json\" class=\"yoast-schema-graph\">{\"@context\":\"https:\\\/\\\/schema.org\",\"@graph\":[{\"@type\":\"WebPage\",\"@id\":\"https:\\\/\\\/repliquemangacine.fr\\\/sabres-1er-empire\\\/sabre-cavalerie-us-1860\\\/\",\"url\":\"https:\\\/\\\/repliquemangacine.fr\\\/sabres-1er-empire\\\/sabre-cavalerie-us-1860\\\/\",\"name\":\"Sabre de Cavalerie 1860 - Arme historique - R\u00e9plique Manga Cin\u00e9\",\"isPartOf\":{\"@id\":\"https:\\\/\\\/repliquemangacine.fr\\\/#website\"},\"primaryImageOfPage\":{\"@id\":\"https:\\\/\\\/repliquemangacine.fr\\\/sabres-1er-empire\\\/sabre-cavalerie-us-1860\\\/#primaryimage\"},\"image\":{\"@id\":\"https:\\\/\\\/repliquemangacine.fr\\\/sabres-1er-empire\\\/sabre-cavalerie-us-1860\\\/#primaryimage\"},\"thumbnailUrl\":\"https:\\\/\\\/repliquemangacine.fr\\\/wp-content\\\/uploads\\\/2023\\\/10\\\/3995-Sabre-cavalerie-US-1860.jpg\",\"datePublished\":\"2021-03-11T14:02:21+00:00\",\"dateModified\":\"2026-04-24T10:07:42+00:00\",\"description\":\"D\u00e9couvrez vite ! Cette r\u00e9plique du Sabre de Cavalerie 1860 US au meilleur prix. Lame en acier carbone - Garde en laiton - Fourreau acier - Longueur : 107 cm\",\"breadcrumb\":{\"@id\":\"https:\\\/\\\/repliquemangacine.fr\\\/sabres-1er-empire\\\/sabre-cavalerie-us-1860\\\/#breadcrumb\"},\"inLanguage\":\"en-US\",\"potentialAction\":[{\"@type\":\"ReadAction\",\"target\":[\"https:\\\/\\\/repliquemangacine.fr\\\/sabres-1er-empire\\\/sabre-cavalerie-us-1860\\\/\"]}]},{\"@type\":\"ImageObject\",\"inLanguage\":\"en-US\",\"@id\":\"https:\\\/\\\/repliquemangacine.fr\\\/sabres-1er-empire\\\/sabre-cavalerie-us-1860\\\/#primaryimage\",\"url\":\"https:\\\/\\\/repliquemangacine.fr\\\/wp-content\\\/uploads\\\/2023\\\/10\\\/3995-Sabre-cavalerie-US-1860.jpg\",\"contentUrl\":\"https:\\\/\\\/repliquemangacine.fr\\\/wp-content\\\/uploads\\\/2023\\\/10\\\/3995-Sabre-cavalerie-US-1860.jpg\",\"width\":800,\"height\":800,\"caption\":\"Sabre cavalerie US 1860\"},{\"@type\":\"BreadcrumbList\",\"@id\":\"https:\\\/\\\/repliquemangacine.fr\\\/sabres-1er-empire\\\/sabre-cavalerie-us-1860\\\/#breadcrumb\",\"itemListElement\":[{\"@type\":\"ListItem\",\"position\":1,\"name\":\"Accueil\",\"item\":\"https:\\\/\\\/repliquemangacine.fr\\\/\"},{\"@type\":\"ListItem\",\"position\":2,\"name\":\"Produits\",\"item\":\"https:\\\/\\\/repliquemangacine.fr\\\/boutique\\\/\"},{\"@type\":\"ListItem\",\"position\":3,\"name\":\"Sabre cavalerie US 1860\"}]},{\"@type\":\"WebSite\",\"@id\":\"https:\\\/\\\/repliquemangacine.fr\\\/#website\",\"url\":\"https:\\\/\\\/repliquemangacine.fr\\\/\",\"name\":\"R\u00e9plique Manga Cin\u00e9\",\"description\":\"\",\"publisher\":{\"@id\":\"https:\\\/\\\/repliquemangacine.fr\\\/#organization\"},\"potentialAction\":[{\"@type\":\"SearchAction\",\"target\":{\"@type\":\"EntryPoint\",\"urlTemplate\":\"https:\\\/\\\/repliquemangacine.fr\\\/?s={search_term_string}\"},\"query-input\":{\"@type\":\"PropertyValueSpecification\",\"valueRequired\":true,\"valueName\":\"search_term_string\"}}],\"inLanguage\":\"en-US\"},{\"@type\":\"Organization\",\"@id\":\"https:\\\/\\\/repliquemangacine.fr\\\/#organization\",\"name\":\"R\u00e9plique Manga Cin\u00e9\",\"url\":\"https:\\\/\\\/repliquemangacine.fr\\\/\",\"logo\":{\"@type\":\"ImageObject\",\"inLanguage\":\"en-US\",\"@id\":\"https:\\\/\\\/repliquemangacine.fr\\\/#\\\/schema\\\/logo\\\/image\\\/\",\"url\":\"https:\\\/\\\/repliquemangacine.fr\\\/wp-content\\\/uploads\\\/2023\\\/10\\\/RMC-500250.png\",\"contentUrl\":\"https:\\\/\\\/repliquemangacine.fr\\\/wp-content\\\/uploads\\\/2023\\\/10\\\/RMC-500250.png\",\"width\":500,\"height\":250,\"caption\":\"R\u00e9plique Manga Cin\u00e9\"},\"image\":{\"@id\":\"https:\\\/\\\/repliquemangacine.fr\\\/#\\\/schema\\\/logo\\\/image\\\/\"},\"sameAs\":[\"https:\\\/\\\/www.facebook.com\\\/RepliqueMangaCine\",\"https:\\\/\\\/www.instagram.com\\\/repliquemangacine.fr\\\/\"]}]}<\/script>\n<!-- \/ Yoast SEO plugin. -->","yoast_head_json":{"title":"Cavalry Saber 1860 - Historical Weapon - R\u00e9plique Manga Cin\u00e9","description":"Discover it now! This replica of the 1860 US Cavalry Saber at the best price. Carbon steel blade - Brass guard - Steel scabbard - Length: 107 cm","robots":{"index":"index","follow":"follow","max-snippet":"max-snippet:-1","max-image-preview":"max-image-preview:large","max-video-preview":"max-video-preview:-1"},"canonical":"https:\/\/repliquemangacine.fr\/en\/1st-empire-swords\/saber-cavalry-us-1860\/","og_locale":"en_US","og_type":"article","og_title":"Sabre de Cavalerie 1860 - Arme historique - R\u00e9plique Manga Cin\u00e9","og_description":"D\u00e9couvrez vite ! Cette r\u00e9plique du Sabre de Cavalerie 1860 US au meilleur prix. Lame en acier carbone - Garde en laiton - Fourreau acier - Longueur : 107 cm","og_url":"https:\/\/repliquemangacine.fr\/en\/1st-empire-swords\/saber-cavalry-us-1860\/","og_site_name":"R\u00e9plique Manga Cin\u00e9","article_publisher":"https:\/\/www.facebook.com\/RepliqueMangaCine","article_modified_time":"2026-04-24T10:07:42+00:00","og_image":[{"width":800,"height":800,"url":"https:\/\/repliquemangacine.fr\/wp-content\/uploads\/2023\/10\/3995-Sabre-cavalerie-US-1860.jpg","type":"image\/jpeg"}],"twitter_card":"summary_large_image","twitter_misc":{"Est. reading time":"2 minutes"},"schema":{"@context":"https:\/\/schema.org","@graph":[{"@type":"WebPage","@id":"https:\/\/repliquemangacine.fr\/sabres-1er-empire\/sabre-cavalerie-us-1860\/","url":"https:\/\/repliquemangacine.fr\/sabres-1er-empire\/sabre-cavalerie-us-1860\/","name":"Cavalry Saber 1860 - Historical Weapon - R\u00e9plique Manga Cin\u00e9","isPartOf":{"@id":"https:\/\/repliquemangacine.fr\/#website"},"primaryImageOfPage":{"@id":"https:\/\/repliquemangacine.fr\/sabres-1er-empire\/sabre-cavalerie-us-1860\/#primaryimage"},"image":{"@id":"https:\/\/repliquemangacine.fr\/sabres-1er-empire\/sabre-cavalerie-us-1860\/#primaryimage"},"thumbnailUrl":"https:\/\/repliquemangacine.fr\/wp-content\/uploads\/2023\/10\/3995-Sabre-cavalerie-US-1860.jpg","datePublished":"2021-03-11T14:02:21+00:00","dateModified":"2026-04-24T10:07:42+00:00","description":"Discover it now! This replica of the 1860 US Cavalry Saber at the best price. Carbon steel blade - Brass guard - Steel scabbard - Length: 107 cm","breadcrumb":{"@id":"https:\/\/repliquemangacine.fr\/sabres-1er-empire\/sabre-cavalerie-us-1860\/#breadcrumb"},"inLanguage":"en-US","potentialAction":[{"@type":"ReadAction","target":["https:\/\/repliquemangacine.fr\/sabres-1er-empire\/sabre-cavalerie-us-1860\/"]}]},{"@type":"ImageObject","inLanguage":"en-US","@id":"https:\/\/repliquemangacine.fr\/sabres-1er-empire\/sabre-cavalerie-us-1860\/#primaryimage","url":"https:\/\/repliquemangacine.fr\/wp-content\/uploads\/2023\/10\/3995-Sabre-cavalerie-US-1860.jpg","contentUrl":"https:\/\/repliquemangacine.fr\/wp-content\/uploads\/2023\/10\/3995-Sabre-cavalerie-US-1860.jpg","width":800,"height":800,"caption":"Sabre cavalerie US 1860"},{"@type":"BreadcrumbList","@id":"https:\/\/repliquemangacine.fr\/sabres-1er-empire\/sabre-cavalerie-us-1860\/#breadcrumb","itemListElement":[{"@type":"ListItem","position":1,"name":"Accueil","item":"https:\/\/repliquemangacine.fr\/"},{"@type":"ListItem","position":2,"name":"Produits","item":"https:\/\/repliquemangacine.fr\/boutique\/"},{"@type":"ListItem","position":3,"name":"Sabre cavalerie US 1860"}]},{"@type":"WebSite","@id":"https:\/\/repliquemangacine.fr\/#website","url":"https:\/\/repliquemangacine.fr\/","name":"R\u00e9plique Manga Cin\u00e9","description":"","publisher":{"@id":"https:\/\/repliquemangacine.fr\/#organization"},"potentialAction":[{"@type":"SearchAction","target":{"@type":"EntryPoint","urlTemplate":"https:\/\/repliquemangacine.fr\/?s={search_term_string}"},"query-input":{"@type":"PropertyValueSpecification","valueRequired":true,"valueName":"search_term_string"}}],"inLanguage":"en-US"},{"@type":"Organization","@id":"https:\/\/repliquemangacine.fr\/#organization","name":"R\u00e9plique Manga Cin\u00e9","url":"https:\/\/repliquemangacine.fr\/","logo":{"@type":"ImageObject","inLanguage":"en-US","@id":"https:\/\/repliquemangacine.fr\/#\/schema\/logo\/image\/","url":"https:\/\/repliquemangacine.fr\/wp-content\/uploads\/2023\/10\/RMC-500250.png","contentUrl":"https:\/\/repliquemangacine.fr\/wp-content\/uploads\/2023\/10\/RMC-500250.png","width":500,"height":250,"caption":"R\u00e9plique Manga Cin\u00e9"},"image":{"@id":"https:\/\/repliquemangacine.fr\/#\/schema\/logo\/image\/"},"sameAs":["https:\/\/www.facebook.com\/RepliqueMangaCine","https:\/\/www.instagram.com\/repliquemangacine.fr\/"]}]}},"_links":{"self":[{"href":"https:\/\/repliquemangacine.fr\/en\/wp-json\/wp\/v2\/product\/29322","targetHints":{"allow":["GET"]}}],"collection":[{"href":"https:\/\/repliquemangacine.fr\/en\/wp-json\/wp\/v2\/product"}],"about":[{"href":"https:\/\/repliquemangacine.fr\/en\/wp-json\/wp\/v2\/types\/product"}],"wp:featuredmedia":[{"embeddable":true,"href":"https:\/\/repliquemangacine.fr\/en\/wp-json\/wp\/v2\/media\/29323"}],"wp:attachment":[{"href":"https:\/\/repliquemangacine.fr\/en\/wp-json\/wp\/v2\/media?parent=29322"}],"wp:term":[{"taxonomy":"product_brand","embeddable":true,"href":"https:\/\/repliquemangacine.fr\/en\/wp-json\/wp\/v2\/product_brand?post=29322"},{"taxonomy":"product_cat","embeddable":true,"href":"https:\/\/repliquemangacine.fr\/en\/wp-json\/wp\/v2\/product_cat?post=29322"},{"taxonomy":"product_tag","embeddable":true,"href":"https:\/\/repliquemangacine.fr\/en\/wp-json\/wp\/v2\/product_tag?post=29322"}],"curies":[{"name":"wp","href":"https:\/\/api.w.org\/{rel}","templated":true}]}}