





{"id":29300,"date":"2021-01-29T15:11:57","date_gmt":"2021-01-29T14:11:57","guid":{"rendered":"https:\/\/repliquemangacine.fr\/?post_type=product&#038;p=29300"},"modified":"2025-09-23T18:02:36","modified_gmt":"2025-09-23T16:02:36","slug":"meliodas-dragon-sword","status":"publish","type":"product","link":"https:\/\/repliquemangacine.fr\/en\/epees-seven-deadly-sins\/epee-du-dragon-meliodas\/","title":{"rendered":"Meliodas dragon sword"},"content":{"rendered":"<h2>Dragon Meliodas' sword in Seven Deadly Sins<\/h2>\n<p>To begin with, the<strong>Sword of the Dragon Meliodas<\/strong>It is one of the 5 fragments of the Casket of Eternal Darkness.<\/p>\n<p>Meliodas is the Dragon of Wrath who leads the Seven Deadly Sins. He is the main protagonist of the series, owner of the famous Boar Hat tavern. His Sacred Treasure is the Lostvayne Demon Slasher and his main skill is Total Counter.<\/p>\n<p>Visit <a href=\"https:\/\/seven-deadly-sins.fandom.com\/fr\/wiki\/Poign\u00e9e_du_Dragon\" target=\"_blank\" rel=\"noopener noreferrer\">Dragon Handle<\/a> was Meliodas' main weapon at the start of the series, until it was stolen from him by Helbram. Useless as a weapon in its own right, Meliodas could nevertheless use this broken sword in conjunction with his Total Counter. Revealed later than originally, the Dragon's Handle was not a weapon, but a fragment of the Casket of Eternal Darkness.<\/p>\n<h2>Your Meliodas Dragon Sword at the best price<\/h2>\n<p>We offer a wide selection of replicas of your favorite manga.<\/p>\n<p>First and foremost,<\/p>\n<ul>\n<li>L'<a href=\"https:\/\/repliquemangacine.fr\/en\/other-manga\/meliodas-sword-sacred-treasure-lostvayne\/\">Lostvayne sword<\/a> Meliodas' demon slicer in the Seven Deadly Sins manga.<\/li>\n<li>There is also a replica of the<a href=\"https:\/\/repliquemangacine.fr\/en\/other-manga\/epee-de-liz-dans-seven-deadly-sins-epee-meliodas\/\">Liz's sword<\/a> given to Meliodas.<\/li>\n<li>As well as the <a href=\"https:\/\/repliquemangacine.fr\/en\/other-manga\/coffret-porte-cles-armes-the-seven-deadly-sins\/\">Seven Deadly Sins key ring set<\/a> ( Nanatsu no taizai).<\/li>\n<li>And much more to discover in our online store!<\/li>\n<\/ul>\n<p>So here are some great gift ideas for all fans of the anime manga.<\/p>\n<p>In conclusion, you can use<strong>Sword of the Dragon Meliodas<\/strong> for your Cosplay parades. But above all, this sword is a collector's item and a decoration.<\/p>\n<h2>How to maintain the blade of your Seven Deadly Sins sword?<\/h2>\n<p>Collector's and decorative swords are made and assembled in a simplified way. As their use is decorative, they lack the safety features required of a Japanese sword intended for training.<\/p>\n<p>However, your <strong>Meliodas dragon sword<\/strong> to a steel blade that needs to be cared for to avoid damage over time. In fact, when you display your katana, your friends will be curious to see and touch the blade. This is where you need to be careful, as the acidity of your fingers is very harmful to steel, whatever its quality.<\/p>\n<p>However, if this does happen, don't panic - all you need is a cloth dampened with a little oil and a wipe of fingerprints. By doing so, you'll keep your sword looking its best for a very long time.<\/p>","protected":false},"excerpt":{"rendered":"<p>Replica of the dragon's sword or Meliodas' broken sword from Seven Deadly Sins.<\/p>\n<ul>\n<li>Specially shaped metal handle, grooved like dragon scales.<\/li>\n<li>The knob forms the dragon's head.<\/li>\n<li>Broken blade exactly like the manga.<\/li>\n<li>Brown Abs scabbard.<\/li>\n<li>Length of handle with broken blade: 34cm<\/li>\n<li>Total length: 73cm<\/li>\n<\/ul>","protected":false},"featured_media":29301,"template":"","meta":[],"product_brand":[896],"product_cat":[23,110],"product_tag":[],"class_list":{"0":"post-29300","1":"product","2":"type-product","3":"status-publish","4":"has-post-thumbnail","6":"product_brand-replique-manga-cine","7":"product_cat-repliques-manga-jeux-video","8":"product_cat-epees-seven-deadly-sins","10":"first","11":"instock","12":"sale","13":"taxable","14":"shipping-taxable","15":"purchasable","16":"product-type-simple"},"yoast_head":"<!-- This site is optimized with the Yoast SEO plugin v27.4 - https:\/\/yoast.com\/product\/yoast-seo-wordpress\/ -->\n<title>Ep\u00e9e du Dragon M\u00e9liodas - Ep\u00e9e bris\u00e9e - Boutique en ligne | RMC<\/title>\n<meta name=\"description\" content=\"Offrez-vous l&#039;Ep\u00e9e du Dragon M\u00e9liodas au meilleur prix. Lame en m\u00e9tal. Fourreau - Echelle 1\/1 - Longueur totale : 73cm - Envoi 24\/48h\" \/>\n<meta name=\"robots\" content=\"index, follow, max-snippet:-1, max-image-preview:large, max-video-preview:-1\" \/>\n<link rel=\"canonical\" href=\"https:\/\/repliquemangacine.fr\/en\/seven-deadly-sins-swords\/meliodas-dragon-sword\/\" \/>\n<meta property=\"og:locale\" content=\"en_US\" \/>\n<meta property=\"og:type\" content=\"article\" \/>\n<meta property=\"og:title\" content=\"Ep\u00e9e du Dragon M\u00e9liodas - Ep\u00e9e bris\u00e9e - Boutique en ligne | RMC\" \/>\n<meta property=\"og:description\" content=\"Offrez-vous l&#039;Ep\u00e9e du Dragon M\u00e9liodas au meilleur prix. Lame en m\u00e9tal. Fourreau - Echelle 1\/1 - Longueur totale : 73cm - Envoi 24\/48h\" \/>\n<meta property=\"og:url\" content=\"https:\/\/repliquemangacine.fr\/en\/seven-deadly-sins-swords\/meliodas-dragon-sword\/\" \/>\n<meta property=\"og:site_name\" content=\"R\u00e9plique Manga Cin\u00e9\" \/>\n<meta property=\"article:publisher\" content=\"https:\/\/www.facebook.com\/RepliqueMangaCine\" \/>\n<meta property=\"article:modified_time\" content=\"2025-09-23T16:02:36+00:00\" \/>\n<meta property=\"og:image\" content=\"https:\/\/repliquemangacine.fr\/wp-content\/uploads\/2023\/10\/3976-Epee-du-dragon-Meliodas.jpg\" \/>\n\t<meta property=\"og:image:width\" content=\"800\" \/>\n\t<meta property=\"og:image:height\" content=\"800\" \/>\n\t<meta property=\"og:image:type\" content=\"image\/jpeg\" \/>\n<meta name=\"twitter:card\" content=\"summary_large_image\" \/>\n<meta name=\"twitter:label1\" content=\"Est. reading time\" \/>\n\t<meta name=\"twitter:data1\" content=\"1 minute\" \/>\n<script type=\"application\/ld+json\" class=\"yoast-schema-graph\">{\"@context\":\"https:\\\/\\\/schema.org\",\"@graph\":[{\"@type\":\"WebPage\",\"@id\":\"https:\\\/\\\/repliquemangacine.fr\\\/epees-seven-deadly-sins\\\/epee-du-dragon-meliodas\\\/\",\"url\":\"https:\\\/\\\/repliquemangacine.fr\\\/epees-seven-deadly-sins\\\/epee-du-dragon-meliodas\\\/\",\"name\":\"Ep\u00e9e du Dragon M\u00e9liodas - Ep\u00e9e bris\u00e9e - Boutique en ligne | RMC\",\"isPartOf\":{\"@id\":\"https:\\\/\\\/repliquemangacine.fr\\\/#website\"},\"primaryImageOfPage\":{\"@id\":\"https:\\\/\\\/repliquemangacine.fr\\\/epees-seven-deadly-sins\\\/epee-du-dragon-meliodas\\\/#primaryimage\"},\"image\":{\"@id\":\"https:\\\/\\\/repliquemangacine.fr\\\/epees-seven-deadly-sins\\\/epee-du-dragon-meliodas\\\/#primaryimage\"},\"thumbnailUrl\":\"https:\\\/\\\/repliquemangacine.fr\\\/wp-content\\\/uploads\\\/2023\\\/10\\\/3976-Epee-du-dragon-Meliodas.jpg\",\"datePublished\":\"2021-01-29T14:11:57+00:00\",\"dateModified\":\"2025-09-23T16:02:36+00:00\",\"description\":\"Offrez-vous l'Ep\u00e9e du Dragon M\u00e9liodas au meilleur prix. Lame en m\u00e9tal. Fourreau - Echelle 1\\\/1 - Longueur totale : 73cm - Envoi 24\\\/48h\",\"breadcrumb\":{\"@id\":\"https:\\\/\\\/repliquemangacine.fr\\\/epees-seven-deadly-sins\\\/epee-du-dragon-meliodas\\\/#breadcrumb\"},\"inLanguage\":\"en-US\",\"potentialAction\":[{\"@type\":\"ReadAction\",\"target\":[\"https:\\\/\\\/repliquemangacine.fr\\\/epees-seven-deadly-sins\\\/epee-du-dragon-meliodas\\\/\"]}]},{\"@type\":\"ImageObject\",\"inLanguage\":\"en-US\",\"@id\":\"https:\\\/\\\/repliquemangacine.fr\\\/epees-seven-deadly-sins\\\/epee-du-dragon-meliodas\\\/#primaryimage\",\"url\":\"https:\\\/\\\/repliquemangacine.fr\\\/wp-content\\\/uploads\\\/2023\\\/10\\\/3976-Epee-du-dragon-Meliodas.jpg\",\"contentUrl\":\"https:\\\/\\\/repliquemangacine.fr\\\/wp-content\\\/uploads\\\/2023\\\/10\\\/3976-Epee-du-dragon-Meliodas.jpg\",\"width\":800,\"height\":800,\"caption\":\"Ep\u00e9e du dragon Meliodas\"},{\"@type\":\"BreadcrumbList\",\"@id\":\"https:\\\/\\\/repliquemangacine.fr\\\/epees-seven-deadly-sins\\\/epee-du-dragon-meliodas\\\/#breadcrumb\",\"itemListElement\":[{\"@type\":\"ListItem\",\"position\":1,\"name\":\"Accueil\",\"item\":\"https:\\\/\\\/repliquemangacine.fr\\\/\"},{\"@type\":\"ListItem\",\"position\":2,\"name\":\"Produits\",\"item\":\"https:\\\/\\\/repliquemangacine.fr\\\/boutique\\\/\"},{\"@type\":\"ListItem\",\"position\":3,\"name\":\"Ep\u00e9e du dragon Meliodas\"}]},{\"@type\":\"WebSite\",\"@id\":\"https:\\\/\\\/repliquemangacine.fr\\\/#website\",\"url\":\"https:\\\/\\\/repliquemangacine.fr\\\/\",\"name\":\"R\u00e9plique Manga Cin\u00e9\",\"description\":\"\",\"publisher\":{\"@id\":\"https:\\\/\\\/repliquemangacine.fr\\\/#organization\"},\"potentialAction\":[{\"@type\":\"SearchAction\",\"target\":{\"@type\":\"EntryPoint\",\"urlTemplate\":\"https:\\\/\\\/repliquemangacine.fr\\\/?s={search_term_string}\"},\"query-input\":{\"@type\":\"PropertyValueSpecification\",\"valueRequired\":true,\"valueName\":\"search_term_string\"}}],\"inLanguage\":\"en-US\"},{\"@type\":\"Organization\",\"@id\":\"https:\\\/\\\/repliquemangacine.fr\\\/#organization\",\"name\":\"R\u00e9plique Manga Cin\u00e9\",\"url\":\"https:\\\/\\\/repliquemangacine.fr\\\/\",\"logo\":{\"@type\":\"ImageObject\",\"inLanguage\":\"en-US\",\"@id\":\"https:\\\/\\\/repliquemangacine.fr\\\/#\\\/schema\\\/logo\\\/image\\\/\",\"url\":\"https:\\\/\\\/repliquemangacine.fr\\\/wp-content\\\/uploads\\\/2023\\\/10\\\/RMC-500250.png\",\"contentUrl\":\"https:\\\/\\\/repliquemangacine.fr\\\/wp-content\\\/uploads\\\/2023\\\/10\\\/RMC-500250.png\",\"width\":500,\"height\":250,\"caption\":\"R\u00e9plique Manga Cin\u00e9\"},\"image\":{\"@id\":\"https:\\\/\\\/repliquemangacine.fr\\\/#\\\/schema\\\/logo\\\/image\\\/\"},\"sameAs\":[\"https:\\\/\\\/www.facebook.com\\\/RepliqueMangaCine\",\"https:\\\/\\\/www.instagram.com\\\/repliquemangacine.fr\\\/\"]}]}<\/script>\n<!-- \/ Yoast SEO plugin. -->","yoast_head_json":{"title":"Sword of the Dragon Meliodas - Broken Sword - Online Shop | RMC","description":"Treat yourself to the Meliodas Dragon Sword at the best price. Metal blade. Scabbard - Scale 1\/1 - Total length: 73cm - Shipment 24\/48h","robots":{"index":"index","follow":"follow","max-snippet":"max-snippet:-1","max-image-preview":"max-image-preview:large","max-video-preview":"max-video-preview:-1"},"canonical":"https:\/\/repliquemangacine.fr\/en\/seven-deadly-sins-swords\/meliodas-dragon-sword\/","og_locale":"en_US","og_type":"article","og_title":"Ep\u00e9e du Dragon M\u00e9liodas - Ep\u00e9e bris\u00e9e - Boutique en ligne | RMC","og_description":"Offrez-vous l'Ep\u00e9e du Dragon M\u00e9liodas au meilleur prix. Lame en m\u00e9tal. Fourreau - Echelle 1\/1 - Longueur totale : 73cm - Envoi 24\/48h","og_url":"https:\/\/repliquemangacine.fr\/en\/seven-deadly-sins-swords\/meliodas-dragon-sword\/","og_site_name":"R\u00e9plique Manga Cin\u00e9","article_publisher":"https:\/\/www.facebook.com\/RepliqueMangaCine","article_modified_time":"2025-09-23T16:02:36+00:00","og_image":[{"width":800,"height":800,"url":"https:\/\/repliquemangacine.fr\/wp-content\/uploads\/2023\/10\/3976-Epee-du-dragon-Meliodas.jpg","type":"image\/jpeg"}],"twitter_card":"summary_large_image","twitter_misc":{"Est. reading time":"1 minute"},"schema":{"@context":"https:\/\/schema.org","@graph":[{"@type":"WebPage","@id":"https:\/\/repliquemangacine.fr\/epees-seven-deadly-sins\/epee-du-dragon-meliodas\/","url":"https:\/\/repliquemangacine.fr\/epees-seven-deadly-sins\/epee-du-dragon-meliodas\/","name":"Sword of the Dragon Meliodas - Broken Sword - Online Shop | RMC","isPartOf":{"@id":"https:\/\/repliquemangacine.fr\/#website"},"primaryImageOfPage":{"@id":"https:\/\/repliquemangacine.fr\/epees-seven-deadly-sins\/epee-du-dragon-meliodas\/#primaryimage"},"image":{"@id":"https:\/\/repliquemangacine.fr\/epees-seven-deadly-sins\/epee-du-dragon-meliodas\/#primaryimage"},"thumbnailUrl":"https:\/\/repliquemangacine.fr\/wp-content\/uploads\/2023\/10\/3976-Epee-du-dragon-Meliodas.jpg","datePublished":"2021-01-29T14:11:57+00:00","dateModified":"2025-09-23T16:02:36+00:00","description":"Treat yourself to the Meliodas Dragon Sword at the best price. Metal blade. Scabbard - Scale 1\/1 - Total length: 73cm - Shipment 24\/48h","breadcrumb":{"@id":"https:\/\/repliquemangacine.fr\/epees-seven-deadly-sins\/epee-du-dragon-meliodas\/#breadcrumb"},"inLanguage":"en-US","potentialAction":[{"@type":"ReadAction","target":["https:\/\/repliquemangacine.fr\/epees-seven-deadly-sins\/epee-du-dragon-meliodas\/"]}]},{"@type":"ImageObject","inLanguage":"en-US","@id":"https:\/\/repliquemangacine.fr\/epees-seven-deadly-sins\/epee-du-dragon-meliodas\/#primaryimage","url":"https:\/\/repliquemangacine.fr\/wp-content\/uploads\/2023\/10\/3976-Epee-du-dragon-Meliodas.jpg","contentUrl":"https:\/\/repliquemangacine.fr\/wp-content\/uploads\/2023\/10\/3976-Epee-du-dragon-Meliodas.jpg","width":800,"height":800,"caption":"Ep\u00e9e du dragon Meliodas"},{"@type":"BreadcrumbList","@id":"https:\/\/repliquemangacine.fr\/epees-seven-deadly-sins\/epee-du-dragon-meliodas\/#breadcrumb","itemListElement":[{"@type":"ListItem","position":1,"name":"Accueil","item":"https:\/\/repliquemangacine.fr\/"},{"@type":"ListItem","position":2,"name":"Produits","item":"https:\/\/repliquemangacine.fr\/boutique\/"},{"@type":"ListItem","position":3,"name":"Ep\u00e9e du dragon Meliodas"}]},{"@type":"WebSite","@id":"https:\/\/repliquemangacine.fr\/#website","url":"https:\/\/repliquemangacine.fr\/","name":"R\u00e9plique Manga Cin\u00e9","description":"","publisher":{"@id":"https:\/\/repliquemangacine.fr\/#organization"},"potentialAction":[{"@type":"SearchAction","target":{"@type":"EntryPoint","urlTemplate":"https:\/\/repliquemangacine.fr\/?s={search_term_string}"},"query-input":{"@type":"PropertyValueSpecification","valueRequired":true,"valueName":"search_term_string"}}],"inLanguage":"en-US"},{"@type":"Organization","@id":"https:\/\/repliquemangacine.fr\/#organization","name":"R\u00e9plique Manga Cin\u00e9","url":"https:\/\/repliquemangacine.fr\/","logo":{"@type":"ImageObject","inLanguage":"en-US","@id":"https:\/\/repliquemangacine.fr\/#\/schema\/logo\/image\/","url":"https:\/\/repliquemangacine.fr\/wp-content\/uploads\/2023\/10\/RMC-500250.png","contentUrl":"https:\/\/repliquemangacine.fr\/wp-content\/uploads\/2023\/10\/RMC-500250.png","width":500,"height":250,"caption":"R\u00e9plique Manga Cin\u00e9"},"image":{"@id":"https:\/\/repliquemangacine.fr\/#\/schema\/logo\/image\/"},"sameAs":["https:\/\/www.facebook.com\/RepliqueMangaCine","https:\/\/www.instagram.com\/repliquemangacine.fr\/"]}]}},"_links":{"self":[{"href":"https:\/\/repliquemangacine.fr\/en\/wp-json\/wp\/v2\/product\/29300","targetHints":{"allow":["GET"]}}],"collection":[{"href":"https:\/\/repliquemangacine.fr\/en\/wp-json\/wp\/v2\/product"}],"about":[{"href":"https:\/\/repliquemangacine.fr\/en\/wp-json\/wp\/v2\/types\/product"}],"wp:featuredmedia":[{"embeddable":true,"href":"https:\/\/repliquemangacine.fr\/en\/wp-json\/wp\/v2\/media\/29301"}],"wp:attachment":[{"href":"https:\/\/repliquemangacine.fr\/en\/wp-json\/wp\/v2\/media?parent=29300"}],"wp:term":[{"taxonomy":"product_brand","embeddable":true,"href":"https:\/\/repliquemangacine.fr\/en\/wp-json\/wp\/v2\/product_brand?post=29300"},{"taxonomy":"product_cat","embeddable":true,"href":"https:\/\/repliquemangacine.fr\/en\/wp-json\/wp\/v2\/product_cat?post=29300"},{"taxonomy":"product_tag","embeddable":true,"href":"https:\/\/repliquemangacine.fr\/en\/wp-json\/wp\/v2\/product_tag?post=29300"}],"curies":[{"name":"wp","href":"https:\/\/api.w.org\/{rel}","templated":true}]}}