





{"id":29291,"date":"2021-01-28T14:01:42","date_gmt":"2021-01-28T13:01:42","guid":{"rendered":"https:\/\/repliquemangacine.fr\/?post_type=product&#038;p=29291"},"modified":"2025-11-26T10:59:55","modified_gmt":"2025-11-26T09:59:55","slug":"katana-forge-eternal-snow","status":"publish","type":"product","link":"https:\/\/repliquemangacine.fr\/en\/katana-forge\/katana-forge-neige-eternelle\/","title":{"rendered":"Neige Eternelle forged katana"},"content":{"rendered":"<h2>Forged Katana Neige replica for cutting training.<\/h2>\n<p>The Katana Forg\u00e9 Neige is crafted using the techniques of a master blacksmith.<\/p>\n<p>The Japanese sword (Nihonto) describes a set of bladed weapons, manufactured according to Japanese techniques. They include the Tachi, the Wakizashi, the Tanto and, of course, the famous Katana. The Japanese sword was created for warlike use. Today, they are considered works of art in their own right.<\/p>\n<p>The katana is Japan's most popular sword. Worn by the Japanese samurai, it has been passed down through the generations. That's why there are so many <a href=\"https:\/\/www.touken.or.jp\/english\/\">museums<\/a> in Japan.<\/p>\n<p>Let's start with the blades: it's important to know what you want to do with your katana.<\/p>\n<ul>\n<li>For beginners, steel 1045 (0.45% carbon) is designed for introductory cutting on soft objects.<\/li>\n<li>For cutting drive, 1060 steel (0.60% carbon) is ideal for traditional supports.<\/li>\n<li>For intensive use, 1095 steel (0.95% carbon) is reserved for experienced users on tatami or green bamboo.<\/li>\n<\/ul>\n<p>Your sword must also have a throat (Bo-Hi) which will lighten your blade by between 150 and 200grs.<\/p>\n<p>Next, the scabbard (Saya) is the blade's protective sheath. The scabbard must follow the shape of the blade. It is generally covered with lacquer, the color of which can vary according to the fashion of the period and the craftsman.<\/p>\n<p>Finally, the guard (Tsuba) is the second thing we look at after the blade. Originally, the tsuba had only a defensive purpose, protecting the practitioner's hands and preventing them from slipping from the handle (tsuka) towards the blade. Over time, however, the guard became a symbol of social status. As a result, tsuba began to be forged with a much more refined aesthetic.<\/p>\n<h3>We offer a wide selection of Japanese swords for training and decoration.<\/h3>\n<p>First and foremost,<\/p>\n<ul>\n<li>Visit <a href=\"https:\/\/repliquemangacine.fr\/en\/demon-slayer\/kyojuro-cutting-katana\/\">Kyojuro's cutting katana<\/a> in the anime manga D\u00e9mon Slayer.<\/li>\n<li>But also the <a href=\"https:\/\/repliquemangacine.fr\/en\/bleach\/bankai-ichigo-tensa-zangetsu-cutting-142cm\/\">Ichigo's katana<\/a> in Bleach with its long blade.<\/li>\n<li>And much, much more!<\/li>\n<\/ul>\n<p>A great gift idea for martial arts lovers.<\/p>\n<h3>You can also use this Katana Forg\u00e9 Neige for your cutting debut, or for your collection.<\/h3>\n<p>Above all, the Katana Forg\u00e9 Neige is also a collector's item and a decorative object.<\/p>\n<p><strong>WARNING<\/strong><\/p>\n<p><strong>All Fudoshin brand katanas are for decoration or cutting training on rolls of woven rice straw only. Should the purchaser or holder of this product use it for any other purpose, he\/she assumes full risk and responsibility for any misuse of this product. If the purchaser or holder of this product uses it for any other purpose, he\/she assumes full risk and responsibility for any misuse of this product.<\/strong><\/p>","protected":false},"excerpt":{"rendered":"<p>Superb cut katana by Fudoshin.<\/p>\n<ul>\n<li>Hand-forged Maru steel blade with cutting edge.<\/li>\n<li>Steel grade 1045 (hard steel, 0.45% carbon).<\/li>\n<li>Handle (Same) in stingray.<\/li>\n<li>Alloy guard (tsuba), copper-plated and blackened.<\/li>\n<li>White lacquered wooden scabbard.<\/li>\n<li>Can be dismantled for maintenance.<\/li>\n<li>Comes in a box including: 1 protective cover, stand, user's guide.<\/li>\n<li>Certificate of authenticity.<\/li>\n<\/ul>\n<p>Blade length: 67.5cm - Thickness: 7\/5.5 mm<\/p>\n<p>Weight of katana without scabbard: 995 grs - Weight of scabbard alone: 235grs<\/p>\n<p><strong>Sale strictly forbidden to minors.<\/strong><\/p>","protected":false},"featured_media":29292,"template":"","meta":[],"product_brand":[896],"product_cat":[26,38],"product_tag":[],"class_list":{"0":"post-29291","1":"product","2":"type-product","3":"status-publish","4":"has-post-thumbnail","6":"product_brand-replique-manga-cine","7":"product_cat-katana-epee","8":"product_cat-katana-forge","10":"first","11":"outofstock","12":"taxable","13":"shipping-taxable","14":"purchasable","15":"product-type-simple"},"yoast_head":"<!-- This site is optimized with the Yoast SEO plugin v27.5 - https:\/\/yoast.com\/product\/yoast-seo-wordpress\/ -->\n<title>Katana Forg\u00e9 Neige - Fudoshin - R\u00e9plique Manga Cin\u00e9<\/title>\n<meta name=\"description\" content=\"Commandez vite ! ce magnifique Katana Forg\u00e9 Neige. Fait d&#039;une seule pi\u00e8ce. Lame \u00e0 gorge tranchante Maru. Livr\u00e9 avec certificat d&#039;authenticit\u00e9\" \/>\n<meta name=\"robots\" content=\"index, follow, max-snippet:-1, max-image-preview:large, max-video-preview:-1\" \/>\n<link rel=\"canonical\" href=\"https:\/\/repliquemangacine.fr\/en\/katana-forge\/katana-forge-eternal-snow\/\" \/>\n<meta property=\"og:locale\" content=\"en_US\" \/>\n<meta property=\"og:type\" content=\"article\" \/>\n<meta property=\"og:title\" content=\"Katana Forg\u00e9 Neige - Fudoshin - R\u00e9plique Manga Cin\u00e9\" \/>\n<meta property=\"og:description\" content=\"Commandez vite ! ce magnifique Katana Forg\u00e9 Neige. Fait d&#039;une seule pi\u00e8ce. Lame \u00e0 gorge tranchante Maru. Livr\u00e9 avec certificat d&#039;authenticit\u00e9\" \/>\n<meta property=\"og:url\" content=\"https:\/\/repliquemangacine.fr\/en\/katana-forge\/katana-forge-eternal-snow\/\" \/>\n<meta property=\"og:site_name\" content=\"R\u00e9plique Manga Cin\u00e9\" \/>\n<meta property=\"article:publisher\" content=\"https:\/\/www.facebook.com\/RepliqueMangaCine\" \/>\n<meta property=\"article:modified_time\" content=\"2025-11-26T09:59:55+00:00\" \/>\n<meta property=\"og:image\" content=\"https:\/\/repliquemangacine.fr\/wp-content\/uploads\/2023\/10\/3967-Katana-forge-main.jpg\" \/>\n\t<meta property=\"og:image:width\" content=\"800\" \/>\n\t<meta property=\"og:image:height\" content=\"800\" \/>\n\t<meta property=\"og:image:type\" content=\"image\/jpeg\" \/>\n<meta name=\"twitter:card\" content=\"summary_large_image\" \/>\n<meta name=\"twitter:label1\" content=\"Est. reading time\" \/>\n\t<meta name=\"twitter:data1\" content=\"2 minutes\" \/>\n<script type=\"application\/ld+json\" class=\"yoast-schema-graph\">{\"@context\":\"https:\\\/\\\/schema.org\",\"@graph\":[{\"@type\":\"WebPage\",\"@id\":\"https:\\\/\\\/repliquemangacine.fr\\\/katana-forge\\\/katana-forge-neige-eternelle\\\/\",\"url\":\"https:\\\/\\\/repliquemangacine.fr\\\/katana-forge\\\/katana-forge-neige-eternelle\\\/\",\"name\":\"Katana Forg\u00e9 Neige - Fudoshin - R\u00e9plique Manga Cin\u00e9\",\"isPartOf\":{\"@id\":\"https:\\\/\\\/repliquemangacine.fr\\\/#website\"},\"primaryImageOfPage\":{\"@id\":\"https:\\\/\\\/repliquemangacine.fr\\\/katana-forge\\\/katana-forge-neige-eternelle\\\/#primaryimage\"},\"image\":{\"@id\":\"https:\\\/\\\/repliquemangacine.fr\\\/katana-forge\\\/katana-forge-neige-eternelle\\\/#primaryimage\"},\"thumbnailUrl\":\"https:\\\/\\\/repliquemangacine.fr\\\/wp-content\\\/uploads\\\/2023\\\/10\\\/3967-Katana-forge-main.jpg\",\"datePublished\":\"2021-01-28T13:01:42+00:00\",\"dateModified\":\"2025-11-26T09:59:55+00:00\",\"description\":\"Commandez vite ! ce magnifique Katana Forg\u00e9 Neige. Fait d'une seule pi\u00e8ce. Lame \u00e0 gorge tranchante Maru. Livr\u00e9 avec certificat d'authenticit\u00e9\",\"breadcrumb\":{\"@id\":\"https:\\\/\\\/repliquemangacine.fr\\\/katana-forge\\\/katana-forge-neige-eternelle\\\/#breadcrumb\"},\"inLanguage\":\"en-US\",\"potentialAction\":[{\"@type\":\"ReadAction\",\"target\":[\"https:\\\/\\\/repliquemangacine.fr\\\/katana-forge\\\/katana-forge-neige-eternelle\\\/\"]}]},{\"@type\":\"ImageObject\",\"inLanguage\":\"en-US\",\"@id\":\"https:\\\/\\\/repliquemangacine.fr\\\/katana-forge\\\/katana-forge-neige-eternelle\\\/#primaryimage\",\"url\":\"https:\\\/\\\/repliquemangacine.fr\\\/wp-content\\\/uploads\\\/2023\\\/10\\\/3967-Katana-forge-main.jpg\",\"contentUrl\":\"https:\\\/\\\/repliquemangacine.fr\\\/wp-content\\\/uploads\\\/2023\\\/10\\\/3967-Katana-forge-main.jpg\",\"width\":800,\"height\":800,\"caption\":\"Katana forg\u00e9 main\"},{\"@type\":\"BreadcrumbList\",\"@id\":\"https:\\\/\\\/repliquemangacine.fr\\\/katana-forge\\\/katana-forge-neige-eternelle\\\/#breadcrumb\",\"itemListElement\":[{\"@type\":\"ListItem\",\"position\":1,\"name\":\"Accueil\",\"item\":\"https:\\\/\\\/repliquemangacine.fr\\\/\"},{\"@type\":\"ListItem\",\"position\":2,\"name\":\"Produits\",\"item\":\"https:\\\/\\\/repliquemangacine.fr\\\/boutique\\\/\"},{\"@type\":\"ListItem\",\"position\":3,\"name\":\"Katana forg\u00e9 Neige Eternelle\"}]},{\"@type\":\"WebSite\",\"@id\":\"https:\\\/\\\/repliquemangacine.fr\\\/#website\",\"url\":\"https:\\\/\\\/repliquemangacine.fr\\\/\",\"name\":\"R\u00e9plique Manga Cin\u00e9\",\"description\":\"\",\"publisher\":{\"@id\":\"https:\\\/\\\/repliquemangacine.fr\\\/#organization\"},\"potentialAction\":[{\"@type\":\"SearchAction\",\"target\":{\"@type\":\"EntryPoint\",\"urlTemplate\":\"https:\\\/\\\/repliquemangacine.fr\\\/?s={search_term_string}\"},\"query-input\":{\"@type\":\"PropertyValueSpecification\",\"valueRequired\":true,\"valueName\":\"search_term_string\"}}],\"inLanguage\":\"en-US\"},{\"@type\":\"Organization\",\"@id\":\"https:\\\/\\\/repliquemangacine.fr\\\/#organization\",\"name\":\"R\u00e9plique Manga Cin\u00e9\",\"url\":\"https:\\\/\\\/repliquemangacine.fr\\\/\",\"logo\":{\"@type\":\"ImageObject\",\"inLanguage\":\"en-US\",\"@id\":\"https:\\\/\\\/repliquemangacine.fr\\\/#\\\/schema\\\/logo\\\/image\\\/\",\"url\":\"https:\\\/\\\/repliquemangacine.fr\\\/wp-content\\\/uploads\\\/2023\\\/10\\\/RMC-500250.png\",\"contentUrl\":\"https:\\\/\\\/repliquemangacine.fr\\\/wp-content\\\/uploads\\\/2023\\\/10\\\/RMC-500250.png\",\"width\":500,\"height\":250,\"caption\":\"R\u00e9plique Manga Cin\u00e9\"},\"image\":{\"@id\":\"https:\\\/\\\/repliquemangacine.fr\\\/#\\\/schema\\\/logo\\\/image\\\/\"},\"sameAs\":[\"https:\\\/\\\/www.facebook.com\\\/RepliqueMangaCine\",\"https:\\\/\\\/www.instagram.com\\\/repliquemangacine.fr\\\/\"]}]}<\/script>\n<!-- \/ Yoast SEO plugin. -->","yoast_head_json":{"title":"Katana Forged Snow - Fudoshin - R\u00e9plique Manga Cin\u00e9","description":"Order now! This magnificent Forged Katana Neige. Made in one piece. Maru cut-throat blade. Delivered with certificate of authenticity.","robots":{"index":"index","follow":"follow","max-snippet":"max-snippet:-1","max-image-preview":"max-image-preview:large","max-video-preview":"max-video-preview:-1"},"canonical":"https:\/\/repliquemangacine.fr\/en\/katana-forge\/katana-forge-eternal-snow\/","og_locale":"en_US","og_type":"article","og_title":"Katana Forg\u00e9 Neige - Fudoshin - R\u00e9plique Manga Cin\u00e9","og_description":"Commandez vite ! ce magnifique Katana Forg\u00e9 Neige. Fait d'une seule pi\u00e8ce. Lame \u00e0 gorge tranchante Maru. Livr\u00e9 avec certificat d'authenticit\u00e9","og_url":"https:\/\/repliquemangacine.fr\/en\/katana-forge\/katana-forge-eternal-snow\/","og_site_name":"R\u00e9plique Manga Cin\u00e9","article_publisher":"https:\/\/www.facebook.com\/RepliqueMangaCine","article_modified_time":"2025-11-26T09:59:55+00:00","og_image":[{"width":800,"height":800,"url":"https:\/\/repliquemangacine.fr\/wp-content\/uploads\/2023\/10\/3967-Katana-forge-main.jpg","type":"image\/jpeg"}],"twitter_card":"summary_large_image","twitter_misc":{"Est. reading time":"2 minutes"},"schema":{"@context":"https:\/\/schema.org","@graph":[{"@type":"WebPage","@id":"https:\/\/repliquemangacine.fr\/katana-forge\/katana-forge-neige-eternelle\/","url":"https:\/\/repliquemangacine.fr\/katana-forge\/katana-forge-neige-eternelle\/","name":"Katana Forged Snow - Fudoshin - R\u00e9plique Manga Cin\u00e9","isPartOf":{"@id":"https:\/\/repliquemangacine.fr\/#website"},"primaryImageOfPage":{"@id":"https:\/\/repliquemangacine.fr\/katana-forge\/katana-forge-neige-eternelle\/#primaryimage"},"image":{"@id":"https:\/\/repliquemangacine.fr\/katana-forge\/katana-forge-neige-eternelle\/#primaryimage"},"thumbnailUrl":"https:\/\/repliquemangacine.fr\/wp-content\/uploads\/2023\/10\/3967-Katana-forge-main.jpg","datePublished":"2021-01-28T13:01:42+00:00","dateModified":"2025-11-26T09:59:55+00:00","description":"Order now! This magnificent Forged Katana Neige. Made in one piece. Maru cut-throat blade. Delivered with certificate of authenticity.","breadcrumb":{"@id":"https:\/\/repliquemangacine.fr\/katana-forge\/katana-forge-neige-eternelle\/#breadcrumb"},"inLanguage":"en-US","potentialAction":[{"@type":"ReadAction","target":["https:\/\/repliquemangacine.fr\/katana-forge\/katana-forge-neige-eternelle\/"]}]},{"@type":"ImageObject","inLanguage":"en-US","@id":"https:\/\/repliquemangacine.fr\/katana-forge\/katana-forge-neige-eternelle\/#primaryimage","url":"https:\/\/repliquemangacine.fr\/wp-content\/uploads\/2023\/10\/3967-Katana-forge-main.jpg","contentUrl":"https:\/\/repliquemangacine.fr\/wp-content\/uploads\/2023\/10\/3967-Katana-forge-main.jpg","width":800,"height":800,"caption":"Katana forg\u00e9 main"},{"@type":"BreadcrumbList","@id":"https:\/\/repliquemangacine.fr\/katana-forge\/katana-forge-neige-eternelle\/#breadcrumb","itemListElement":[{"@type":"ListItem","position":1,"name":"Accueil","item":"https:\/\/repliquemangacine.fr\/"},{"@type":"ListItem","position":2,"name":"Produits","item":"https:\/\/repliquemangacine.fr\/boutique\/"},{"@type":"ListItem","position":3,"name":"Katana forg\u00e9 Neige Eternelle"}]},{"@type":"WebSite","@id":"https:\/\/repliquemangacine.fr\/#website","url":"https:\/\/repliquemangacine.fr\/","name":"R\u00e9plique Manga Cin\u00e9","description":"","publisher":{"@id":"https:\/\/repliquemangacine.fr\/#organization"},"potentialAction":[{"@type":"SearchAction","target":{"@type":"EntryPoint","urlTemplate":"https:\/\/repliquemangacine.fr\/?s={search_term_string}"},"query-input":{"@type":"PropertyValueSpecification","valueRequired":true,"valueName":"search_term_string"}}],"inLanguage":"en-US"},{"@type":"Organization","@id":"https:\/\/repliquemangacine.fr\/#organization","name":"R\u00e9plique Manga Cin\u00e9","url":"https:\/\/repliquemangacine.fr\/","logo":{"@type":"ImageObject","inLanguage":"en-US","@id":"https:\/\/repliquemangacine.fr\/#\/schema\/logo\/image\/","url":"https:\/\/repliquemangacine.fr\/wp-content\/uploads\/2023\/10\/RMC-500250.png","contentUrl":"https:\/\/repliquemangacine.fr\/wp-content\/uploads\/2023\/10\/RMC-500250.png","width":500,"height":250,"caption":"R\u00e9plique Manga Cin\u00e9"},"image":{"@id":"https:\/\/repliquemangacine.fr\/#\/schema\/logo\/image\/"},"sameAs":["https:\/\/www.facebook.com\/RepliqueMangaCine","https:\/\/www.instagram.com\/repliquemangacine.fr\/"]}]}},"_links":{"self":[{"href":"https:\/\/repliquemangacine.fr\/en\/wp-json\/wp\/v2\/product\/29291","targetHints":{"allow":["GET"]}}],"collection":[{"href":"https:\/\/repliquemangacine.fr\/en\/wp-json\/wp\/v2\/product"}],"about":[{"href":"https:\/\/repliquemangacine.fr\/en\/wp-json\/wp\/v2\/types\/product"}],"wp:featuredmedia":[{"embeddable":true,"href":"https:\/\/repliquemangacine.fr\/en\/wp-json\/wp\/v2\/media\/29292"}],"wp:attachment":[{"href":"https:\/\/repliquemangacine.fr\/en\/wp-json\/wp\/v2\/media?parent=29291"}],"wp:term":[{"taxonomy":"product_brand","embeddable":true,"href":"https:\/\/repliquemangacine.fr\/en\/wp-json\/wp\/v2\/product_brand?post=29291"},{"taxonomy":"product_cat","embeddable":true,"href":"https:\/\/repliquemangacine.fr\/en\/wp-json\/wp\/v2\/product_cat?post=29291"},{"taxonomy":"product_tag","embeddable":true,"href":"https:\/\/repliquemangacine.fr\/en\/wp-json\/wp\/v2\/product_tag?post=29291"}],"curies":[{"name":"wp","href":"https:\/\/api.w.org\/{rel}","templated":true}]}}