





{"id":29265,"date":"2021-01-08T14:55:59","date_gmt":"2021-01-08T13:55:59","guid":{"rendered":"https:\/\/repliquemangacine.fr\/?post_type=product&#038;p=29265"},"modified":"2025-12-20T18:01:52","modified_gmt":"2025-12-20T17:01:52","slug":"nano-gauntlet-replica-hulk-version","status":"publish","type":"product","link":"https:\/\/repliquemangacine.fr\/en\/super-heros-marvel\/replique-du-nano-gauntlet-version-hulk\/","title":{"rendered":"Hulk Avengers Nano Gauntlet"},"content":{"rendered":"<h2>Hulk Nano Gauntlet from the Marvel Universe<\/h2>\n<p>To begin with, the <strong>Hulk nano gauntlet<\/strong> is a version of the Infinity Gauntlet created by Bruce Banner, Tony Stark and Rocket, initially used to reverse the effects of Snap. As the end of the Battle of Earth approached, Thanos wore the damaged glove and attempted to use it to implement his final plan.<\/p>\n<p>Gauntlet's replica proved just as useful as its dwarf counterpart. Being able to hold Captain Marvel for some time before having to use the Power Stone to attack him.<\/p>\n<p>After a brief scuffle with Stark, <a href=\"https:\/\/universcinematographiquemarvel.fandom.com\/fr\/wiki\/Thanos#Armes\" target=\"_blank\" rel=\"noopener noreferrer\">Thanos<\/a> boastfully attempted to use the gauntlet, but nothing happened, as Stark was able to assimilate the Infinity Stones into his own armor.<\/p>\n<h2>Your Nano Hulk Gauntlet at the best price.<\/h2>\n<p>We offer a wide selection of replicas from the Marvel universe.<\/p>\n<p>First and foremost,<\/p>\n<ul>\n<li>Visit <a href=\"https:\/\/repliquemangacine.fr\/en\/super-heroes\/lokis-dagger\/\">Loki's dagger<\/a> with its special decorated blade.<\/li>\n<li>There's also the famous Arc<a href=\"https:\/\/repliquemangacine.fr\/en\/super-heroes\/arc-reactor-mk1-iron-man-heart-reactor\/\"> Reactor<\/a> version of Iron Man MK1.<\/li>\n<li>As well as the replica of the two <a href=\"https:\/\/repliquemangacine.fr\/en\/super-heroes\/duo-de-deux-sabres-deadpool\/\">Deadpool swords<\/a> with a case to carry them on your back.<\/li>\n<li>And many more to discover in our online store!<\/li>\n<\/ul>\n<p>That's why here's a great gift idea for all Marvel superhero fans.<\/p>\n<p>In conclusion, you can use <strong>Hulk Nano Gauntlet<\/strong> for your Cosplay parades. But above all, this double blade is a collector's item and a decorative piece.<\/p>\n<h2>How are our Avengers Marvel merchandise made?<\/h2>\n<p>To begin with, all our derived products are of the highest quality, manufactured with meticulous attention to detail. In fact, some of this work is done by hand, to reproduce the smallest detail. More important parts are machined by very precise machines. Engravings are generally made with a diamond or laser tip.<\/p>\n<p>Your <strong>Hulk Nano Gauntlet<\/strong> has been manufactured to reproduce every detail exactly. The bright LED system operates in three modes: a fixed mode, a flashing mode and a mode where the stones light up one by one.<\/p>\n<p>Finally, imported from China or Spain, our replicas will amaze you!<\/p>\n<p>R\u00e9plique Manga Cin\u00e9 is a French family business.<\/p>","protected":false},"excerpt":{"rendered":"<p>Replica of the \"Nano Gauntlet Hulk\" worn by the Hulk in \"Avengers Endgame\".<\/p>\n<ul>\n<li>In molded ABS coated with red metallic paint.<\/li>\n<li>Compensated foam interior for absolute comfort.<\/li>\n<li>Integrated LED system enables the Infinity Stones to light up.<\/li>\n<li>Operates in three modes: a fixed mode, a flashing mode and a mode where the stones light up one by one.<\/li>\n<li>Connectors.<\/li>\n<li>Presentation stand.<\/li>\n<\/ul>\n<p>Glove height without base: 41 cm - Width: 16 cm - Weight: 3.4 kg<\/p>\n<p>Dimensions of stand: 23 X18 X31 cm - Total height of glove and base: 72 cm<\/p>","protected":false},"featured_media":29266,"template":"","meta":[],"product_brand":[896],"product_cat":[24,59],"product_tag":[],"class_list":{"0":"post-29265","1":"product","2":"type-product","3":"status-publish","4":"has-post-thumbnail","6":"product_brand-replique-manga-cine","7":"product_cat-films-series-tv-vente-de-katana-epee-et-produits-derives","8":"product_cat-super-heros-marvel","10":"first","11":"instock","12":"taxable","13":"shipping-taxable","14":"purchasable","15":"product-type-simple"},"yoast_head":"<!-- This site is optimized with the Yoast SEO plugin v27.5 - https:\/\/yoast.com\/product\/yoast-seo-wordpress\/ -->\n<title>Nano Gantelet Hulk - Avengers - R\u00e9plique Manga Cin\u00e9<\/title>\n<meta name=\"description\" content=\"Commandez le Nano Gantelet Hulk au meilleur prix - Tout en ABS - \u00c9chelle 1\/1- Pierre de l&#039;infini en r\u00e9sine - Syst\u00e8me Led - Hauteur totale : 72 cm\" \/>\n<meta name=\"robots\" content=\"index, follow, max-snippet:-1, max-image-preview:large, max-video-preview:-1\" \/>\n<link rel=\"canonical\" href=\"https:\/\/repliquemangacine.fr\/en\/marvel-superheroes\/nano-gauntlet-replica-hulk-version\/\" \/>\n<meta property=\"og:locale\" content=\"en_US\" \/>\n<meta property=\"og:type\" content=\"article\" \/>\n<meta property=\"og:title\" content=\"Nano Gantelet Hulk - Avengers - R\u00e9plique Manga Cin\u00e9\" \/>\n<meta property=\"og:description\" content=\"Commandez le Nano Gantelet Hulk au meilleur prix - Tout en ABS - \u00c9chelle 1\/1- Pierre de l&#039;infini en r\u00e9sine - Syst\u00e8me Led - Hauteur totale : 72 cm\" \/>\n<meta property=\"og:url\" content=\"https:\/\/repliquemangacine.fr\/en\/marvel-superheroes\/nano-gauntlet-replica-hulk-version\/\" \/>\n<meta property=\"og:site_name\" content=\"R\u00e9plique Manga Cin\u00e9\" \/>\n<meta property=\"article:publisher\" content=\"https:\/\/www.facebook.com\/RepliqueMangaCine\" \/>\n<meta property=\"article:modified_time\" content=\"2025-12-20T17:01:52+00:00\" \/>\n<meta property=\"og:image\" content=\"https:\/\/repliquemangacine.fr\/wp-content\/uploads\/2023\/10\/3943-Nano-Gauntlet-Version-Hulk.jpg\" \/>\n\t<meta property=\"og:image:width\" content=\"800\" \/>\n\t<meta property=\"og:image:height\" content=\"800\" \/>\n\t<meta property=\"og:image:type\" content=\"image\/jpeg\" \/>\n<meta name=\"twitter:card\" content=\"summary_large_image\" \/>\n<meta name=\"twitter:label1\" content=\"Est. reading time\" \/>\n\t<meta name=\"twitter:data1\" content=\"2 minutes\" \/>\n<script type=\"application\/ld+json\" class=\"yoast-schema-graph\">{\"@context\":\"https:\\\/\\\/schema.org\",\"@graph\":[{\"@type\":\"WebPage\",\"@id\":\"https:\\\/\\\/repliquemangacine.fr\\\/super-heros-marvel\\\/replique-du-nano-gauntlet-version-hulk\\\/\",\"url\":\"https:\\\/\\\/repliquemangacine.fr\\\/super-heros-marvel\\\/replique-du-nano-gauntlet-version-hulk\\\/\",\"name\":\"Nano Gantelet Hulk - Avengers - R\u00e9plique Manga Cin\u00e9\",\"isPartOf\":{\"@id\":\"https:\\\/\\\/repliquemangacine.fr\\\/#website\"},\"primaryImageOfPage\":{\"@id\":\"https:\\\/\\\/repliquemangacine.fr\\\/super-heros-marvel\\\/replique-du-nano-gauntlet-version-hulk\\\/#primaryimage\"},\"image\":{\"@id\":\"https:\\\/\\\/repliquemangacine.fr\\\/super-heros-marvel\\\/replique-du-nano-gauntlet-version-hulk\\\/#primaryimage\"},\"thumbnailUrl\":\"https:\\\/\\\/repliquemangacine.fr\\\/wp-content\\\/uploads\\\/2023\\\/10\\\/3943-Nano-Gauntlet-Version-Hulk.jpg\",\"datePublished\":\"2021-01-08T13:55:59+00:00\",\"dateModified\":\"2025-12-20T17:01:52+00:00\",\"description\":\"Commandez le Nano Gantelet Hulk au meilleur prix - Tout en ABS - \u00c9chelle 1\\\/1- Pierre de l'infini en r\u00e9sine - Syst\u00e8me Led - Hauteur totale : 72 cm\",\"breadcrumb\":{\"@id\":\"https:\\\/\\\/repliquemangacine.fr\\\/super-heros-marvel\\\/replique-du-nano-gauntlet-version-hulk\\\/#breadcrumb\"},\"inLanguage\":\"en-US\",\"potentialAction\":[{\"@type\":\"ReadAction\",\"target\":[\"https:\\\/\\\/repliquemangacine.fr\\\/super-heros-marvel\\\/replique-du-nano-gauntlet-version-hulk\\\/\"]}]},{\"@type\":\"ImageObject\",\"inLanguage\":\"en-US\",\"@id\":\"https:\\\/\\\/repliquemangacine.fr\\\/super-heros-marvel\\\/replique-du-nano-gauntlet-version-hulk\\\/#primaryimage\",\"url\":\"https:\\\/\\\/repliquemangacine.fr\\\/wp-content\\\/uploads\\\/2023\\\/10\\\/3943-Nano-Gauntlet-Version-Hulk.jpg\",\"contentUrl\":\"https:\\\/\\\/repliquemangacine.fr\\\/wp-content\\\/uploads\\\/2023\\\/10\\\/3943-Nano-Gauntlet-Version-Hulk.jpg\",\"width\":800,\"height\":800,\"caption\":\"Nano Gauntlet Version Hulk\"},{\"@type\":\"BreadcrumbList\",\"@id\":\"https:\\\/\\\/repliquemangacine.fr\\\/super-heros-marvel\\\/replique-du-nano-gauntlet-version-hulk\\\/#breadcrumb\",\"itemListElement\":[{\"@type\":\"ListItem\",\"position\":1,\"name\":\"Accueil\",\"item\":\"https:\\\/\\\/repliquemangacine.fr\\\/\"},{\"@type\":\"ListItem\",\"position\":2,\"name\":\"Produits\",\"item\":\"https:\\\/\\\/repliquemangacine.fr\\\/boutique\\\/\"},{\"@type\":\"ListItem\",\"position\":3,\"name\":\"Nano Gantelet Hulk Avengers\"}]},{\"@type\":\"WebSite\",\"@id\":\"https:\\\/\\\/repliquemangacine.fr\\\/#website\",\"url\":\"https:\\\/\\\/repliquemangacine.fr\\\/\",\"name\":\"R\u00e9plique Manga Cin\u00e9\",\"description\":\"\",\"publisher\":{\"@id\":\"https:\\\/\\\/repliquemangacine.fr\\\/#organization\"},\"potentialAction\":[{\"@type\":\"SearchAction\",\"target\":{\"@type\":\"EntryPoint\",\"urlTemplate\":\"https:\\\/\\\/repliquemangacine.fr\\\/?s={search_term_string}\"},\"query-input\":{\"@type\":\"PropertyValueSpecification\",\"valueRequired\":true,\"valueName\":\"search_term_string\"}}],\"inLanguage\":\"en-US\"},{\"@type\":\"Organization\",\"@id\":\"https:\\\/\\\/repliquemangacine.fr\\\/#organization\",\"name\":\"R\u00e9plique Manga Cin\u00e9\",\"url\":\"https:\\\/\\\/repliquemangacine.fr\\\/\",\"logo\":{\"@type\":\"ImageObject\",\"inLanguage\":\"en-US\",\"@id\":\"https:\\\/\\\/repliquemangacine.fr\\\/#\\\/schema\\\/logo\\\/image\\\/\",\"url\":\"https:\\\/\\\/repliquemangacine.fr\\\/wp-content\\\/uploads\\\/2023\\\/10\\\/RMC-500250.png\",\"contentUrl\":\"https:\\\/\\\/repliquemangacine.fr\\\/wp-content\\\/uploads\\\/2023\\\/10\\\/RMC-500250.png\",\"width\":500,\"height\":250,\"caption\":\"R\u00e9plique Manga Cin\u00e9\"},\"image\":{\"@id\":\"https:\\\/\\\/repliquemangacine.fr\\\/#\\\/schema\\\/logo\\\/image\\\/\"},\"sameAs\":[\"https:\\\/\\\/www.facebook.com\\\/RepliqueMangaCine\",\"https:\\\/\\\/www.instagram.com\\\/repliquemangacine.fr\\\/\"]}]}<\/script>\n<!-- \/ Yoast SEO plugin. -->","yoast_head_json":{"title":"Hulk Nano Gauntlet - Avengers - R\u00e9plique Manga Cin\u00e9","description":"Order the Hulk Nano Gauntlet at the best price - All ABS - Scale 1\/1 - Resin infinity stone - Led system - Total height: 72 cm","robots":{"index":"index","follow":"follow","max-snippet":"max-snippet:-1","max-image-preview":"max-image-preview:large","max-video-preview":"max-video-preview:-1"},"canonical":"https:\/\/repliquemangacine.fr\/en\/marvel-superheroes\/nano-gauntlet-replica-hulk-version\/","og_locale":"en_US","og_type":"article","og_title":"Nano Gantelet Hulk - Avengers - R\u00e9plique Manga Cin\u00e9","og_description":"Commandez le Nano Gantelet Hulk au meilleur prix - Tout en ABS - \u00c9chelle 1\/1- Pierre de l'infini en r\u00e9sine - Syst\u00e8me Led - Hauteur totale : 72 cm","og_url":"https:\/\/repliquemangacine.fr\/en\/marvel-superheroes\/nano-gauntlet-replica-hulk-version\/","og_site_name":"R\u00e9plique Manga Cin\u00e9","article_publisher":"https:\/\/www.facebook.com\/RepliqueMangaCine","article_modified_time":"2025-12-20T17:01:52+00:00","og_image":[{"width":800,"height":800,"url":"https:\/\/repliquemangacine.fr\/wp-content\/uploads\/2023\/10\/3943-Nano-Gauntlet-Version-Hulk.jpg","type":"image\/jpeg"}],"twitter_card":"summary_large_image","twitter_misc":{"Est. reading time":"2 minutes"},"schema":{"@context":"https:\/\/schema.org","@graph":[{"@type":"WebPage","@id":"https:\/\/repliquemangacine.fr\/super-heros-marvel\/replique-du-nano-gauntlet-version-hulk\/","url":"https:\/\/repliquemangacine.fr\/super-heros-marvel\/replique-du-nano-gauntlet-version-hulk\/","name":"Hulk Nano Gauntlet - Avengers - R\u00e9plique Manga Cin\u00e9","isPartOf":{"@id":"https:\/\/repliquemangacine.fr\/#website"},"primaryImageOfPage":{"@id":"https:\/\/repliquemangacine.fr\/super-heros-marvel\/replique-du-nano-gauntlet-version-hulk\/#primaryimage"},"image":{"@id":"https:\/\/repliquemangacine.fr\/super-heros-marvel\/replique-du-nano-gauntlet-version-hulk\/#primaryimage"},"thumbnailUrl":"https:\/\/repliquemangacine.fr\/wp-content\/uploads\/2023\/10\/3943-Nano-Gauntlet-Version-Hulk.jpg","datePublished":"2021-01-08T13:55:59+00:00","dateModified":"2025-12-20T17:01:52+00:00","description":"Order the Hulk Nano Gauntlet at the best price - All ABS - Scale 1\/1 - Resin infinity stone - Led system - Total height: 72 cm","breadcrumb":{"@id":"https:\/\/repliquemangacine.fr\/super-heros-marvel\/replique-du-nano-gauntlet-version-hulk\/#breadcrumb"},"inLanguage":"en-US","potentialAction":[{"@type":"ReadAction","target":["https:\/\/repliquemangacine.fr\/super-heros-marvel\/replique-du-nano-gauntlet-version-hulk\/"]}]},{"@type":"ImageObject","inLanguage":"en-US","@id":"https:\/\/repliquemangacine.fr\/super-heros-marvel\/replique-du-nano-gauntlet-version-hulk\/#primaryimage","url":"https:\/\/repliquemangacine.fr\/wp-content\/uploads\/2023\/10\/3943-Nano-Gauntlet-Version-Hulk.jpg","contentUrl":"https:\/\/repliquemangacine.fr\/wp-content\/uploads\/2023\/10\/3943-Nano-Gauntlet-Version-Hulk.jpg","width":800,"height":800,"caption":"Nano Gauntlet Version Hulk"},{"@type":"BreadcrumbList","@id":"https:\/\/repliquemangacine.fr\/super-heros-marvel\/replique-du-nano-gauntlet-version-hulk\/#breadcrumb","itemListElement":[{"@type":"ListItem","position":1,"name":"Accueil","item":"https:\/\/repliquemangacine.fr\/"},{"@type":"ListItem","position":2,"name":"Produits","item":"https:\/\/repliquemangacine.fr\/boutique\/"},{"@type":"ListItem","position":3,"name":"Nano Gantelet Hulk Avengers"}]},{"@type":"WebSite","@id":"https:\/\/repliquemangacine.fr\/#website","url":"https:\/\/repliquemangacine.fr\/","name":"R\u00e9plique Manga Cin\u00e9","description":"","publisher":{"@id":"https:\/\/repliquemangacine.fr\/#organization"},"potentialAction":[{"@type":"SearchAction","target":{"@type":"EntryPoint","urlTemplate":"https:\/\/repliquemangacine.fr\/?s={search_term_string}"},"query-input":{"@type":"PropertyValueSpecification","valueRequired":true,"valueName":"search_term_string"}}],"inLanguage":"en-US"},{"@type":"Organization","@id":"https:\/\/repliquemangacine.fr\/#organization","name":"R\u00e9plique Manga Cin\u00e9","url":"https:\/\/repliquemangacine.fr\/","logo":{"@type":"ImageObject","inLanguage":"en-US","@id":"https:\/\/repliquemangacine.fr\/#\/schema\/logo\/image\/","url":"https:\/\/repliquemangacine.fr\/wp-content\/uploads\/2023\/10\/RMC-500250.png","contentUrl":"https:\/\/repliquemangacine.fr\/wp-content\/uploads\/2023\/10\/RMC-500250.png","width":500,"height":250,"caption":"R\u00e9plique Manga Cin\u00e9"},"image":{"@id":"https:\/\/repliquemangacine.fr\/#\/schema\/logo\/image\/"},"sameAs":["https:\/\/www.facebook.com\/RepliqueMangaCine","https:\/\/www.instagram.com\/repliquemangacine.fr\/"]}]}},"_links":{"self":[{"href":"https:\/\/repliquemangacine.fr\/en\/wp-json\/wp\/v2\/product\/29265","targetHints":{"allow":["GET"]}}],"collection":[{"href":"https:\/\/repliquemangacine.fr\/en\/wp-json\/wp\/v2\/product"}],"about":[{"href":"https:\/\/repliquemangacine.fr\/en\/wp-json\/wp\/v2\/types\/product"}],"wp:featuredmedia":[{"embeddable":true,"href":"https:\/\/repliquemangacine.fr\/en\/wp-json\/wp\/v2\/media\/29266"}],"wp:attachment":[{"href":"https:\/\/repliquemangacine.fr\/en\/wp-json\/wp\/v2\/media?parent=29265"}],"wp:term":[{"taxonomy":"product_brand","embeddable":true,"href":"https:\/\/repliquemangacine.fr\/en\/wp-json\/wp\/v2\/product_brand?post=29265"},{"taxonomy":"product_cat","embeddable":true,"href":"https:\/\/repliquemangacine.fr\/en\/wp-json\/wp\/v2\/product_cat?post=29265"},{"taxonomy":"product_tag","embeddable":true,"href":"https:\/\/repliquemangacine.fr\/en\/wp-json\/wp\/v2\/product_tag?post=29265"}],"curies":[{"name":"wp","href":"https:\/\/api.w.org\/{rel}","templated":true}]}}