





{"id":29254,"date":"2021-01-06T15:27:22","date_gmt":"2021-01-06T14:27:22","guid":{"rendered":"https:\/\/repliquemangacine.fr\/?post_type=product&#038;p=29254"},"modified":"2025-11-14T10:48:42","modified_gmt":"2025-11-14T09:48:42","slug":"black-widow-glow-stick-black","status":"publish","type":"product","link":"https:\/\/repliquemangacine.fr\/en\/super-heros-marvel\/baton-lumineux-black-widow-noir\/","title":{"rendered":"Black Widow stick"},"content":{"rendered":"<h2>Black Widow's batons in the Avengers universe.<\/h2>\n<p>To begin with, the <strong>Black Widow sticks<\/strong>electro-shock weapons capable of delivering powerful electric shocks to neutralize targets. They glow with a blue light and are an extension of Black Widow's Bite.<\/p>\n<p>Some time before the Ultron Offensive, Natasha Romanoff obtained the batons from Tony Stark. During the Battle of Sokovia, she used the batons to neutralize a dozen of Ultron's Sentinels with a combination of her martial arts skills and her weapons.<\/p>\n<p><a href=\"https:\/\/universcinematographiquemarvel.fandom.com\/fr\/wiki\/Natasha_Romanoff#Personnalit\u00e9\" target=\"_blank\" rel=\"noopener noreferrer\">Natasha Romanoff<\/a> is one of the world's most talented spies and assassins, and a founding member of the Avengers. A master of the martial arts and armed with her bite, Natasha has become one of S.H.I.E.L.D.'s most effective agents.<\/p>\n<h2>Your Black Widow sticks at the best price.<\/h2>\n<p>We offer a wide selection of replicas of your Marvel universe superheroes.<\/p>\n<p>First and foremost,<\/p>\n<ul>\n<li>Visit <a href=\"https:\/\/repliquemangacine.fr\/en\/super-heroes\/justice-league-replica-aquaman-trident-186-cm\/\">Aquaman's trident<\/a> in Official, but 1\/1 scale distributed by Noble Collection.<\/li>\n<li>There is also the <a href=\"https:\/\/repliquemangacine.fr\/en\/super-heroes\/arc-reactor-mk1-iron-man-heart-reactor\/\">Iron Man's Reactor Arc<\/a> MK1 version.<\/li>\n<li>As well as the superb <a href=\"https:\/\/repliquemangacine.fr\/en\/films-tv-series-sale-of-katana-sword-and-related-products\/thor-mjoellnir-hammer-replica-marvel-hammer\/\">Thor's hammer<\/a> all in resin.<\/li>\n<li>And much more to discover in our online store!<\/li>\n<\/ul>\n<p>That's why this is a great gift idea for all Marvel fans.<\/p>\n<p>In conclusion, you can also use <strong>Black Widow sticks<\/strong> for your Cosplay parades. But above all, it's also a collector's item and a decoration.<\/p>\n<h2>How are our Avengers Marvel merchandise made?<\/h2>\n<p>To begin with, all our derived products are of the highest quality, manufactured with meticulous attention to detail. In fact, some of the manufacturing is done by hand, to reproduce even the smallest detail. More important parts are machined by precise machines. Engravings are generally made with a diamond or laser tip.<\/p>\n<p>Your <strong>Black Widow sticks<\/strong> manufactured to reproduce every detail exactly. From machined metal or ABS parts to high-intensity LEDs.<\/p>\n<p>Finally, imported from China or Spain, our replicas will amaze you!<\/p>\n<p>R\u00e9plique Manga Cin\u00e9 is a French family business.<\/p>\n<p>Enjoy your visit.<\/p>","protected":false},"excerpt":{"rendered":"<p>Replica of the Light Sticks used by Black Widow.<\/p>\n<ul>\n<li>Both sticks are made of molded ABS and metal.<\/li>\n<li>Metal guards and handles with small striations.<\/li>\n<li>Switch button for stick illumination.<\/li>\n<li>3 LR3 batteries (included).<\/li>\n<li>Both poles can be combined.<\/li>\n<li>Warning: when the two sticks are assembled, they do not light up.<\/li>\n<li>Two metal cylinders for greater rigidity and change of appearance.<\/li>\n<li>Length of each stick: 65 cm and 130 cm assembled<\/li>\n<\/ul>","protected":false},"featured_media":29255,"template":"","meta":[],"product_brand":[896],"product_cat":[24,59],"product_tag":[],"class_list":{"0":"post-29254","1":"product","2":"type-product","3":"status-publish","4":"has-post-thumbnail","6":"product_brand-replique-manga-cine","7":"product_cat-films-series-tv-vente-de-katana-epee-et-produits-derives","8":"product_cat-super-heros-marvel","10":"first","11":"instock","12":"taxable","13":"shipping-taxable","14":"purchasable","15":"product-type-simple"},"yoast_head":"<!-- This site is optimized with the Yoast SEO plugin v27.5 - https:\/\/yoast.com\/product\/yoast-seo-wordpress\/ -->\n<title>B\u00e2tons de Black Widow - Vente Produits d\u00e9riv\u00e9s Avengers - RMC<\/title>\n<meta name=\"description\" content=\"En Exclusivit\u00e9 ! Les B\u00e2tons de Black Widow dans l&#039;univers Marvel au meilleur prix. En m\u00e9tal et ABS - Lumineux - Longueur chacun : 65cm - Assembl\u00e9 : 130 cm\" \/>\n<meta name=\"robots\" content=\"index, follow, max-snippet:-1, max-image-preview:large, max-video-preview:-1\" \/>\n<link rel=\"canonical\" href=\"https:\/\/repliquemangacine.fr\/en\/marvel-superheroes\/black-widow-glow-stick-black\/\" \/>\n<meta property=\"og:locale\" content=\"en_US\" \/>\n<meta property=\"og:type\" content=\"article\" \/>\n<meta property=\"og:title\" content=\"B\u00e2tons de Black Widow - Vente Produits d\u00e9riv\u00e9s Avengers - RMC\" \/>\n<meta property=\"og:description\" content=\"En Exclusivit\u00e9 ! Les B\u00e2tons de Black Widow dans l&#039;univers Marvel au meilleur prix. En m\u00e9tal et ABS - Lumineux - Longueur chacun : 65cm - Assembl\u00e9 : 130 cm\" \/>\n<meta property=\"og:url\" content=\"https:\/\/repliquemangacine.fr\/en\/marvel-superheroes\/black-widow-glow-stick-black\/\" \/>\n<meta property=\"og:site_name\" content=\"R\u00e9plique Manga Cin\u00e9\" \/>\n<meta property=\"article:publisher\" content=\"https:\/\/www.facebook.com\/RepliqueMangaCine\" \/>\n<meta property=\"article:modified_time\" content=\"2025-11-14T09:48:42+00:00\" \/>\n<meta property=\"og:image\" content=\"https:\/\/repliquemangacine.fr\/wp-content\/uploads\/2023\/10\/3935-Baton-lumineux-Black-Widow.jpg\" \/>\n\t<meta property=\"og:image:width\" content=\"800\" \/>\n\t<meta property=\"og:image:height\" content=\"800\" \/>\n\t<meta property=\"og:image:type\" content=\"image\/jpeg\" \/>\n<meta name=\"twitter:card\" content=\"summary_large_image\" \/>\n<meta name=\"twitter:label1\" content=\"Est. reading time\" \/>\n\t<meta name=\"twitter:data1\" content=\"2 minutes\" \/>\n<script type=\"application\/ld+json\" class=\"yoast-schema-graph\">{\"@context\":\"https:\\\/\\\/schema.org\",\"@graph\":[{\"@type\":\"WebPage\",\"@id\":\"https:\\\/\\\/repliquemangacine.fr\\\/super-heros-marvel\\\/baton-lumineux-black-widow-noir\\\/\",\"url\":\"https:\\\/\\\/repliquemangacine.fr\\\/super-heros-marvel\\\/baton-lumineux-black-widow-noir\\\/\",\"name\":\"B\u00e2tons de Black Widow - Vente Produits d\u00e9riv\u00e9s Avengers - RMC\",\"isPartOf\":{\"@id\":\"https:\\\/\\\/repliquemangacine.fr\\\/#website\"},\"primaryImageOfPage\":{\"@id\":\"https:\\\/\\\/repliquemangacine.fr\\\/super-heros-marvel\\\/baton-lumineux-black-widow-noir\\\/#primaryimage\"},\"image\":{\"@id\":\"https:\\\/\\\/repliquemangacine.fr\\\/super-heros-marvel\\\/baton-lumineux-black-widow-noir\\\/#primaryimage\"},\"thumbnailUrl\":\"https:\\\/\\\/repliquemangacine.fr\\\/wp-content\\\/uploads\\\/2023\\\/10\\\/3935-Baton-lumineux-Black-Widow.jpg\",\"datePublished\":\"2021-01-06T14:27:22+00:00\",\"dateModified\":\"2025-11-14T09:48:42+00:00\",\"description\":\"En Exclusivit\u00e9 ! Les B\u00e2tons de Black Widow dans l'univers Marvel au meilleur prix. En m\u00e9tal et ABS - Lumineux - Longueur chacun : 65cm - Assembl\u00e9 : 130 cm\",\"breadcrumb\":{\"@id\":\"https:\\\/\\\/repliquemangacine.fr\\\/super-heros-marvel\\\/baton-lumineux-black-widow-noir\\\/#breadcrumb\"},\"inLanguage\":\"en-US\",\"potentialAction\":[{\"@type\":\"ReadAction\",\"target\":[\"https:\\\/\\\/repliquemangacine.fr\\\/super-heros-marvel\\\/baton-lumineux-black-widow-noir\\\/\"]}]},{\"@type\":\"ImageObject\",\"inLanguage\":\"en-US\",\"@id\":\"https:\\\/\\\/repliquemangacine.fr\\\/super-heros-marvel\\\/baton-lumineux-black-widow-noir\\\/#primaryimage\",\"url\":\"https:\\\/\\\/repliquemangacine.fr\\\/wp-content\\\/uploads\\\/2023\\\/10\\\/3935-Baton-lumineux-Black-Widow.jpg\",\"contentUrl\":\"https:\\\/\\\/repliquemangacine.fr\\\/wp-content\\\/uploads\\\/2023\\\/10\\\/3935-Baton-lumineux-Black-Widow.jpg\",\"width\":800,\"height\":800,\"caption\":\"B\u00e2ton lumineux Black Widow\"},{\"@type\":\"BreadcrumbList\",\"@id\":\"https:\\\/\\\/repliquemangacine.fr\\\/super-heros-marvel\\\/baton-lumineux-black-widow-noir\\\/#breadcrumb\",\"itemListElement\":[{\"@type\":\"ListItem\",\"position\":1,\"name\":\"Accueil\",\"item\":\"https:\\\/\\\/repliquemangacine.fr\\\/\"},{\"@type\":\"ListItem\",\"position\":2,\"name\":\"Produits\",\"item\":\"https:\\\/\\\/repliquemangacine.fr\\\/boutique\\\/\"},{\"@type\":\"ListItem\",\"position\":3,\"name\":\"B\u00e2ton Black Widow noir\"}]},{\"@type\":\"WebSite\",\"@id\":\"https:\\\/\\\/repliquemangacine.fr\\\/#website\",\"url\":\"https:\\\/\\\/repliquemangacine.fr\\\/\",\"name\":\"R\u00e9plique Manga Cin\u00e9\",\"description\":\"\",\"publisher\":{\"@id\":\"https:\\\/\\\/repliquemangacine.fr\\\/#organization\"},\"potentialAction\":[{\"@type\":\"SearchAction\",\"target\":{\"@type\":\"EntryPoint\",\"urlTemplate\":\"https:\\\/\\\/repliquemangacine.fr\\\/?s={search_term_string}\"},\"query-input\":{\"@type\":\"PropertyValueSpecification\",\"valueRequired\":true,\"valueName\":\"search_term_string\"}}],\"inLanguage\":\"en-US\"},{\"@type\":\"Organization\",\"@id\":\"https:\\\/\\\/repliquemangacine.fr\\\/#organization\",\"name\":\"R\u00e9plique Manga Cin\u00e9\",\"url\":\"https:\\\/\\\/repliquemangacine.fr\\\/\",\"logo\":{\"@type\":\"ImageObject\",\"inLanguage\":\"en-US\",\"@id\":\"https:\\\/\\\/repliquemangacine.fr\\\/#\\\/schema\\\/logo\\\/image\\\/\",\"url\":\"https:\\\/\\\/repliquemangacine.fr\\\/wp-content\\\/uploads\\\/2023\\\/10\\\/RMC-500250.png\",\"contentUrl\":\"https:\\\/\\\/repliquemangacine.fr\\\/wp-content\\\/uploads\\\/2023\\\/10\\\/RMC-500250.png\",\"width\":500,\"height\":250,\"caption\":\"R\u00e9plique Manga Cin\u00e9\"},\"image\":{\"@id\":\"https:\\\/\\\/repliquemangacine.fr\\\/#\\\/schema\\\/logo\\\/image\\\/\"},\"sameAs\":[\"https:\\\/\\\/www.facebook.com\\\/RepliqueMangaCine\",\"https:\\\/\\\/www.instagram.com\\\/repliquemangacine.fr\\\/\"]}]}<\/script>\n<!-- \/ Yoast SEO plugin. -->","yoast_head_json":{"title":"Black Widow Sticks - Buy Avengers merchandise - RMC","description":"Exclusive! Black Widow's Marvel Sticks at the best price. Metal and ABS - Luminous - Length each: 65cm - Assembled: 130 cm","robots":{"index":"index","follow":"follow","max-snippet":"max-snippet:-1","max-image-preview":"max-image-preview:large","max-video-preview":"max-video-preview:-1"},"canonical":"https:\/\/repliquemangacine.fr\/en\/marvel-superheroes\/black-widow-glow-stick-black\/","og_locale":"en_US","og_type":"article","og_title":"B\u00e2tons de Black Widow - Vente Produits d\u00e9riv\u00e9s Avengers - RMC","og_description":"En Exclusivit\u00e9 ! Les B\u00e2tons de Black Widow dans l'univers Marvel au meilleur prix. En m\u00e9tal et ABS - Lumineux - Longueur chacun : 65cm - Assembl\u00e9 : 130 cm","og_url":"https:\/\/repliquemangacine.fr\/en\/marvel-superheroes\/black-widow-glow-stick-black\/","og_site_name":"R\u00e9plique Manga Cin\u00e9","article_publisher":"https:\/\/www.facebook.com\/RepliqueMangaCine","article_modified_time":"2025-11-14T09:48:42+00:00","og_image":[{"width":800,"height":800,"url":"https:\/\/repliquemangacine.fr\/wp-content\/uploads\/2023\/10\/3935-Baton-lumineux-Black-Widow.jpg","type":"image\/jpeg"}],"twitter_card":"summary_large_image","twitter_misc":{"Est. reading time":"2 minutes"},"schema":{"@context":"https:\/\/schema.org","@graph":[{"@type":"WebPage","@id":"https:\/\/repliquemangacine.fr\/super-heros-marvel\/baton-lumineux-black-widow-noir\/","url":"https:\/\/repliquemangacine.fr\/super-heros-marvel\/baton-lumineux-black-widow-noir\/","name":"Black Widow Sticks - Buy Avengers merchandise - RMC","isPartOf":{"@id":"https:\/\/repliquemangacine.fr\/#website"},"primaryImageOfPage":{"@id":"https:\/\/repliquemangacine.fr\/super-heros-marvel\/baton-lumineux-black-widow-noir\/#primaryimage"},"image":{"@id":"https:\/\/repliquemangacine.fr\/super-heros-marvel\/baton-lumineux-black-widow-noir\/#primaryimage"},"thumbnailUrl":"https:\/\/repliquemangacine.fr\/wp-content\/uploads\/2023\/10\/3935-Baton-lumineux-Black-Widow.jpg","datePublished":"2021-01-06T14:27:22+00:00","dateModified":"2025-11-14T09:48:42+00:00","description":"Exclusive! Black Widow's Marvel Sticks at the best price. Metal and ABS - Luminous - Length each: 65cm - Assembled: 130 cm","breadcrumb":{"@id":"https:\/\/repliquemangacine.fr\/super-heros-marvel\/baton-lumineux-black-widow-noir\/#breadcrumb"},"inLanguage":"en-US","potentialAction":[{"@type":"ReadAction","target":["https:\/\/repliquemangacine.fr\/super-heros-marvel\/baton-lumineux-black-widow-noir\/"]}]},{"@type":"ImageObject","inLanguage":"en-US","@id":"https:\/\/repliquemangacine.fr\/super-heros-marvel\/baton-lumineux-black-widow-noir\/#primaryimage","url":"https:\/\/repliquemangacine.fr\/wp-content\/uploads\/2023\/10\/3935-Baton-lumineux-Black-Widow.jpg","contentUrl":"https:\/\/repliquemangacine.fr\/wp-content\/uploads\/2023\/10\/3935-Baton-lumineux-Black-Widow.jpg","width":800,"height":800,"caption":"B\u00e2ton lumineux Black Widow"},{"@type":"BreadcrumbList","@id":"https:\/\/repliquemangacine.fr\/super-heros-marvel\/baton-lumineux-black-widow-noir\/#breadcrumb","itemListElement":[{"@type":"ListItem","position":1,"name":"Accueil","item":"https:\/\/repliquemangacine.fr\/"},{"@type":"ListItem","position":2,"name":"Produits","item":"https:\/\/repliquemangacine.fr\/boutique\/"},{"@type":"ListItem","position":3,"name":"B\u00e2ton Black Widow noir"}]},{"@type":"WebSite","@id":"https:\/\/repliquemangacine.fr\/#website","url":"https:\/\/repliquemangacine.fr\/","name":"R\u00e9plique Manga Cin\u00e9","description":"","publisher":{"@id":"https:\/\/repliquemangacine.fr\/#organization"},"potentialAction":[{"@type":"SearchAction","target":{"@type":"EntryPoint","urlTemplate":"https:\/\/repliquemangacine.fr\/?s={search_term_string}"},"query-input":{"@type":"PropertyValueSpecification","valueRequired":true,"valueName":"search_term_string"}}],"inLanguage":"en-US"},{"@type":"Organization","@id":"https:\/\/repliquemangacine.fr\/#organization","name":"R\u00e9plique Manga Cin\u00e9","url":"https:\/\/repliquemangacine.fr\/","logo":{"@type":"ImageObject","inLanguage":"en-US","@id":"https:\/\/repliquemangacine.fr\/#\/schema\/logo\/image\/","url":"https:\/\/repliquemangacine.fr\/wp-content\/uploads\/2023\/10\/RMC-500250.png","contentUrl":"https:\/\/repliquemangacine.fr\/wp-content\/uploads\/2023\/10\/RMC-500250.png","width":500,"height":250,"caption":"R\u00e9plique Manga Cin\u00e9"},"image":{"@id":"https:\/\/repliquemangacine.fr\/#\/schema\/logo\/image\/"},"sameAs":["https:\/\/www.facebook.com\/RepliqueMangaCine","https:\/\/www.instagram.com\/repliquemangacine.fr\/"]}]}},"_links":{"self":[{"href":"https:\/\/repliquemangacine.fr\/en\/wp-json\/wp\/v2\/product\/29254","targetHints":{"allow":["GET"]}}],"collection":[{"href":"https:\/\/repliquemangacine.fr\/en\/wp-json\/wp\/v2\/product"}],"about":[{"href":"https:\/\/repliquemangacine.fr\/en\/wp-json\/wp\/v2\/types\/product"}],"wp:featuredmedia":[{"embeddable":true,"href":"https:\/\/repliquemangacine.fr\/en\/wp-json\/wp\/v2\/media\/29255"}],"wp:attachment":[{"href":"https:\/\/repliquemangacine.fr\/en\/wp-json\/wp\/v2\/media?parent=29254"}],"wp:term":[{"taxonomy":"product_brand","embeddable":true,"href":"https:\/\/repliquemangacine.fr\/en\/wp-json\/wp\/v2\/product_brand?post=29254"},{"taxonomy":"product_cat","embeddable":true,"href":"https:\/\/repliquemangacine.fr\/en\/wp-json\/wp\/v2\/product_cat?post=29254"},{"taxonomy":"product_tag","embeddable":true,"href":"https:\/\/repliquemangacine.fr\/en\/wp-json\/wp\/v2\/product_tag?post=29254"}],"curies":[{"name":"wp","href":"https:\/\/api.w.org\/{rel}","templated":true}]}}