





{"id":29247,"date":"2021-01-06T14:09:20","date_gmt":"2021-01-06T13:09:20","guid":{"rendered":"https:\/\/repliquemangacine.fr\/?post_type=product&#038;p=29247"},"modified":"2025-09-23T18:02:35","modified_gmt":"2025-09-23T16:02:35","slug":"black-widow-purple-sticks","status":"publish","type":"product","link":"https:\/\/repliquemangacine.fr\/en\/super-heros-marvel\/batons-black-widow-violet\/","title":{"rendered":"Black Widow Violet Sticks"},"content":{"rendered":"<h2>Black Widow batons in the Avengers universe.<\/h2>\n<p>First up are the Black Widow Sticks, electroshock weapons capable of delivering powerful electric shocks to neutralize targets. They glow with a blue light and are an extension of Black Widow's Bite.<\/p>\n<p>Romanoff used the batons to take down dozens of Ultron's sentries with a combination of her weapons and martial arts mastery, and later used the weapons during the Avengers Civil War, albeit uncharged with electricity.<\/p>\n<p><a href=\"https:\/\/universcinematographiquemarvel.fandom.com\/fr\/wiki\/Natasha_Romanoff\" target=\"_blank\" rel=\"noopener noreferrer\">Natasha Romanoff<\/a> is one of the world's most talented spies and assassins, and a founding member of the Avengers. A master of the martial arts and armed with her bite, Natasha has become one of S.H.I.E.L.D.'s most effective agents.<\/p>\n<h2>Your Black Widow sticks at the best price.<\/h2>\n<p>We offer a wide selection of replicas of your Marvel universe superheroes.<\/p>\n<p>First and foremost,<\/p>\n<ul>\n<li>Visit <a href=\"https:\/\/repliquemangacine.fr\/en\/marvel-superheroes\/captain-america-shield-deluxe-version\/\">Captain America shield<\/a> and its deluxe stand.<\/li>\n<li>There is also the <a href=\"https:\/\/repliquemangacine.fr\/en\/super-heroes\/arc-reactor-mk1-iron-man-heart-reactor\/\">Iron Man's Reactor Arc<\/a> MK1 version.<\/li>\n<li>And the sword<a href=\"https:\/\/repliquemangacine.fr\/en\/super-heroes\/replique-epee-god-killer-wonder-woman\/\"> of Wonder Woman<\/a> God Killer.<\/li>\n<li>And much more to discover in our online store!<\/li>\n<\/ul>\n<p>That's why this is a great gift idea for all Marvel fans.<\/p>\n<p>In conclusion, you can also use <strong>Black Widow Sticks<\/strong> for your Cosplay parades. But above all, it's also a collector's item and a decoration.<\/p>\n<h2>How are our Avengers Marvel merchandise made?<\/h2>\n<p>To begin with, all our derived products are of the highest quality, manufactured with meticulous attention to detail. In fact, some of the manufacturing is done by hand, to reproduce even the smallest detail. More important parts are machined by precise machines. Engravings are generally made with a diamond or laser tip.<\/p>\n<p>Your <strong>Black Widow Sticks<\/strong> manufactured to reproduce every detail exactly. From machined metal or ABS parts to high-intensity LEDs.<\/p>\n<p>Finally, imported from China or Spain, our replicas will amaze you!<\/p>\n<p>R\u00e9plique Manga Cin\u00e9 is a French family business.<\/p>\n<p>Enjoy your visit.<\/p>","protected":false},"excerpt":{"rendered":"<p>Replica of Black Widow's Glow Sticks.<\/p>\n<ul>\n<li>Molded ABS and metal in gray and purple.<\/li>\n<li>Metal guards and handles with small striations.<\/li>\n<li>Switch button for stick illumination.<\/li>\n<li>3 LR3 batteries (included).<\/li>\n<li>Both poles can be combined.<\/li>\n<li>Warning: when the two sticks are joined together, they do not light up.<\/li>\n<li>Stick lengths: 65 cm and 130 cm assembled<\/li>\n<\/ul>","protected":false},"featured_media":29248,"template":"","meta":[],"product_brand":[896],"product_cat":[24,59],"product_tag":[],"class_list":{"0":"post-29247","1":"product","2":"type-product","3":"status-publish","4":"has-post-thumbnail","6":"product_brand-replique-manga-cine","7":"product_cat-films-series-tv-vente-de-katana-epee-et-produits-derives","8":"product_cat-super-heros-marvel","10":"first","11":"instock","12":"taxable","13":"shipping-taxable","14":"purchasable","15":"product-type-simple"},"yoast_head":"<!-- This site is optimized with the Yoast SEO plugin v27.5 - https:\/\/yoast.com\/product\/yoast-seo-wordpress\/ -->\n<title>B\u00e2tons Black Widow - Boutique de Produits d\u00e9riv\u00e9s Marvel - RMC<\/title>\n<meta name=\"description\" content=\"Commandez vite\u202f! les B\u00e2tons Black Widow Violet au meilleur prix. En ABS et m\u00e9tal - Lumineux par leds - Longueur chacun : 65 cm - Rassembl\u00e9s : 130 cm\" \/>\n<meta name=\"robots\" content=\"index, follow, max-snippet:-1, max-image-preview:large, max-video-preview:-1\" \/>\n<link rel=\"canonical\" href=\"https:\/\/repliquemangacine.fr\/en\/marvel-superheroes\/black-widow-purple-sticks\/\" \/>\n<meta property=\"og:locale\" content=\"en_US\" \/>\n<meta property=\"og:type\" content=\"article\" \/>\n<meta property=\"og:title\" content=\"B\u00e2tons Black Widow - Boutique de Produits d\u00e9riv\u00e9s Marvel - RMC\" \/>\n<meta property=\"og:description\" content=\"Commandez vite\u202f! les B\u00e2tons Black Widow Violet au meilleur prix. En ABS et m\u00e9tal - Lumineux par leds - Longueur chacun : 65 cm - Rassembl\u00e9s : 130 cm\" \/>\n<meta property=\"og:url\" content=\"https:\/\/repliquemangacine.fr\/en\/marvel-superheroes\/black-widow-purple-sticks\/\" \/>\n<meta property=\"og:site_name\" content=\"R\u00e9plique Manga Cin\u00e9\" \/>\n<meta property=\"article:publisher\" content=\"https:\/\/www.facebook.com\/RepliqueMangaCine\" \/>\n<meta property=\"article:modified_time\" content=\"2025-09-23T16:02:35+00:00\" \/>\n<meta property=\"og:image\" content=\"https:\/\/repliquemangacine.fr\/wp-content\/uploads\/2023\/10\/3929-Baton-Black-Widow.jpg\" \/>\n\t<meta property=\"og:image:width\" content=\"800\" \/>\n\t<meta property=\"og:image:height\" content=\"800\" \/>\n\t<meta property=\"og:image:type\" content=\"image\/jpeg\" \/>\n<meta name=\"twitter:card\" content=\"summary_large_image\" \/>\n<meta name=\"twitter:label1\" content=\"Est. reading time\" \/>\n\t<meta name=\"twitter:data1\" content=\"2 minutes\" \/>\n<script type=\"application\/ld+json\" class=\"yoast-schema-graph\">{\"@context\":\"https:\\\/\\\/schema.org\",\"@graph\":[{\"@type\":\"WebPage\",\"@id\":\"https:\\\/\\\/repliquemangacine.fr\\\/super-heros-marvel\\\/batons-black-widow-violet\\\/\",\"url\":\"https:\\\/\\\/repliquemangacine.fr\\\/super-heros-marvel\\\/batons-black-widow-violet\\\/\",\"name\":\"B\u00e2tons Black Widow - Boutique de Produits d\u00e9riv\u00e9s Marvel - RMC\",\"isPartOf\":{\"@id\":\"https:\\\/\\\/repliquemangacine.fr\\\/#website\"},\"primaryImageOfPage\":{\"@id\":\"https:\\\/\\\/repliquemangacine.fr\\\/super-heros-marvel\\\/batons-black-widow-violet\\\/#primaryimage\"},\"image\":{\"@id\":\"https:\\\/\\\/repliquemangacine.fr\\\/super-heros-marvel\\\/batons-black-widow-violet\\\/#primaryimage\"},\"thumbnailUrl\":\"https:\\\/\\\/repliquemangacine.fr\\\/wp-content\\\/uploads\\\/2023\\\/10\\\/3929-Baton-Black-Widow.jpg\",\"datePublished\":\"2021-01-06T13:09:20+00:00\",\"dateModified\":\"2025-09-23T16:02:35+00:00\",\"description\":\"Commandez vite\u202f! les B\u00e2tons Black Widow Violet au meilleur prix. En ABS et m\u00e9tal - Lumineux par leds - Longueur chacun : 65 cm - Rassembl\u00e9s : 130 cm\",\"breadcrumb\":{\"@id\":\"https:\\\/\\\/repliquemangacine.fr\\\/super-heros-marvel\\\/batons-black-widow-violet\\\/#breadcrumb\"},\"inLanguage\":\"en-US\",\"potentialAction\":[{\"@type\":\"ReadAction\",\"target\":[\"https:\\\/\\\/repliquemangacine.fr\\\/super-heros-marvel\\\/batons-black-widow-violet\\\/\"]}]},{\"@type\":\"ImageObject\",\"inLanguage\":\"en-US\",\"@id\":\"https:\\\/\\\/repliquemangacine.fr\\\/super-heros-marvel\\\/batons-black-widow-violet\\\/#primaryimage\",\"url\":\"https:\\\/\\\/repliquemangacine.fr\\\/wp-content\\\/uploads\\\/2023\\\/10\\\/3929-Baton-Black-Widow.jpg\",\"contentUrl\":\"https:\\\/\\\/repliquemangacine.fr\\\/wp-content\\\/uploads\\\/2023\\\/10\\\/3929-Baton-Black-Widow.jpg\",\"width\":800,\"height\":800,\"caption\":\"Baton Black Widow\"},{\"@type\":\"BreadcrumbList\",\"@id\":\"https:\\\/\\\/repliquemangacine.fr\\\/super-heros-marvel\\\/batons-black-widow-violet\\\/#breadcrumb\",\"itemListElement\":[{\"@type\":\"ListItem\",\"position\":1,\"name\":\"Accueil\",\"item\":\"https:\\\/\\\/repliquemangacine.fr\\\/\"},{\"@type\":\"ListItem\",\"position\":2,\"name\":\"Produits\",\"item\":\"https:\\\/\\\/repliquemangacine.fr\\\/boutique\\\/\"},{\"@type\":\"ListItem\",\"position\":3,\"name\":\"B\u00e2tons Black Widow Violet\"}]},{\"@type\":\"WebSite\",\"@id\":\"https:\\\/\\\/repliquemangacine.fr\\\/#website\",\"url\":\"https:\\\/\\\/repliquemangacine.fr\\\/\",\"name\":\"R\u00e9plique Manga Cin\u00e9\",\"description\":\"\",\"publisher\":{\"@id\":\"https:\\\/\\\/repliquemangacine.fr\\\/#organization\"},\"potentialAction\":[{\"@type\":\"SearchAction\",\"target\":{\"@type\":\"EntryPoint\",\"urlTemplate\":\"https:\\\/\\\/repliquemangacine.fr\\\/?s={search_term_string}\"},\"query-input\":{\"@type\":\"PropertyValueSpecification\",\"valueRequired\":true,\"valueName\":\"search_term_string\"}}],\"inLanguage\":\"en-US\"},{\"@type\":\"Organization\",\"@id\":\"https:\\\/\\\/repliquemangacine.fr\\\/#organization\",\"name\":\"R\u00e9plique Manga Cin\u00e9\",\"url\":\"https:\\\/\\\/repliquemangacine.fr\\\/\",\"logo\":{\"@type\":\"ImageObject\",\"inLanguage\":\"en-US\",\"@id\":\"https:\\\/\\\/repliquemangacine.fr\\\/#\\\/schema\\\/logo\\\/image\\\/\",\"url\":\"https:\\\/\\\/repliquemangacine.fr\\\/wp-content\\\/uploads\\\/2023\\\/10\\\/RMC-500250.png\",\"contentUrl\":\"https:\\\/\\\/repliquemangacine.fr\\\/wp-content\\\/uploads\\\/2023\\\/10\\\/RMC-500250.png\",\"width\":500,\"height\":250,\"caption\":\"R\u00e9plique Manga Cin\u00e9\"},\"image\":{\"@id\":\"https:\\\/\\\/repliquemangacine.fr\\\/#\\\/schema\\\/logo\\\/image\\\/\"},\"sameAs\":[\"https:\\\/\\\/www.facebook.com\\\/RepliqueMangaCine\",\"https:\\\/\\\/www.instagram.com\\\/repliquemangacine.fr\\\/\"]}]}<\/script>\n<!-- \/ Yoast SEO plugin. -->","yoast_head_json":{"title":"Black Widow Sticks - Marvel Merchandise Shop - RMC","description":"Order now! Black Widow Violet Sticks at the best price. In ABS and metal - Luminous by leds - Length each: 65 cm - Assembled: 130 cm","robots":{"index":"index","follow":"follow","max-snippet":"max-snippet:-1","max-image-preview":"max-image-preview:large","max-video-preview":"max-video-preview:-1"},"canonical":"https:\/\/repliquemangacine.fr\/en\/marvel-superheroes\/black-widow-purple-sticks\/","og_locale":"en_US","og_type":"article","og_title":"B\u00e2tons Black Widow - Boutique de Produits d\u00e9riv\u00e9s Marvel - RMC","og_description":"Commandez vite\u202f! les B\u00e2tons Black Widow Violet au meilleur prix. En ABS et m\u00e9tal - Lumineux par leds - Longueur chacun : 65 cm - Rassembl\u00e9s : 130 cm","og_url":"https:\/\/repliquemangacine.fr\/en\/marvel-superheroes\/black-widow-purple-sticks\/","og_site_name":"R\u00e9plique Manga Cin\u00e9","article_publisher":"https:\/\/www.facebook.com\/RepliqueMangaCine","article_modified_time":"2025-09-23T16:02:35+00:00","og_image":[{"width":800,"height":800,"url":"https:\/\/repliquemangacine.fr\/wp-content\/uploads\/2023\/10\/3929-Baton-Black-Widow.jpg","type":"image\/jpeg"}],"twitter_card":"summary_large_image","twitter_misc":{"Est. reading time":"2 minutes"},"schema":{"@context":"https:\/\/schema.org","@graph":[{"@type":"WebPage","@id":"https:\/\/repliquemangacine.fr\/super-heros-marvel\/batons-black-widow-violet\/","url":"https:\/\/repliquemangacine.fr\/super-heros-marvel\/batons-black-widow-violet\/","name":"Black Widow Sticks - Marvel Merchandise Shop - RMC","isPartOf":{"@id":"https:\/\/repliquemangacine.fr\/#website"},"primaryImageOfPage":{"@id":"https:\/\/repliquemangacine.fr\/super-heros-marvel\/batons-black-widow-violet\/#primaryimage"},"image":{"@id":"https:\/\/repliquemangacine.fr\/super-heros-marvel\/batons-black-widow-violet\/#primaryimage"},"thumbnailUrl":"https:\/\/repliquemangacine.fr\/wp-content\/uploads\/2023\/10\/3929-Baton-Black-Widow.jpg","datePublished":"2021-01-06T13:09:20+00:00","dateModified":"2025-09-23T16:02:35+00:00","description":"Order now! Black Widow Violet Sticks at the best price. In ABS and metal - Luminous by leds - Length each: 65 cm - Assembled: 130 cm","breadcrumb":{"@id":"https:\/\/repliquemangacine.fr\/super-heros-marvel\/batons-black-widow-violet\/#breadcrumb"},"inLanguage":"en-US","potentialAction":[{"@type":"ReadAction","target":["https:\/\/repliquemangacine.fr\/super-heros-marvel\/batons-black-widow-violet\/"]}]},{"@type":"ImageObject","inLanguage":"en-US","@id":"https:\/\/repliquemangacine.fr\/super-heros-marvel\/batons-black-widow-violet\/#primaryimage","url":"https:\/\/repliquemangacine.fr\/wp-content\/uploads\/2023\/10\/3929-Baton-Black-Widow.jpg","contentUrl":"https:\/\/repliquemangacine.fr\/wp-content\/uploads\/2023\/10\/3929-Baton-Black-Widow.jpg","width":800,"height":800,"caption":"Baton Black Widow"},{"@type":"BreadcrumbList","@id":"https:\/\/repliquemangacine.fr\/super-heros-marvel\/batons-black-widow-violet\/#breadcrumb","itemListElement":[{"@type":"ListItem","position":1,"name":"Accueil","item":"https:\/\/repliquemangacine.fr\/"},{"@type":"ListItem","position":2,"name":"Produits","item":"https:\/\/repliquemangacine.fr\/boutique\/"},{"@type":"ListItem","position":3,"name":"B\u00e2tons Black Widow Violet"}]},{"@type":"WebSite","@id":"https:\/\/repliquemangacine.fr\/#website","url":"https:\/\/repliquemangacine.fr\/","name":"R\u00e9plique Manga Cin\u00e9","description":"","publisher":{"@id":"https:\/\/repliquemangacine.fr\/#organization"},"potentialAction":[{"@type":"SearchAction","target":{"@type":"EntryPoint","urlTemplate":"https:\/\/repliquemangacine.fr\/?s={search_term_string}"},"query-input":{"@type":"PropertyValueSpecification","valueRequired":true,"valueName":"search_term_string"}}],"inLanguage":"en-US"},{"@type":"Organization","@id":"https:\/\/repliquemangacine.fr\/#organization","name":"R\u00e9plique Manga Cin\u00e9","url":"https:\/\/repliquemangacine.fr\/","logo":{"@type":"ImageObject","inLanguage":"en-US","@id":"https:\/\/repliquemangacine.fr\/#\/schema\/logo\/image\/","url":"https:\/\/repliquemangacine.fr\/wp-content\/uploads\/2023\/10\/RMC-500250.png","contentUrl":"https:\/\/repliquemangacine.fr\/wp-content\/uploads\/2023\/10\/RMC-500250.png","width":500,"height":250,"caption":"R\u00e9plique Manga Cin\u00e9"},"image":{"@id":"https:\/\/repliquemangacine.fr\/#\/schema\/logo\/image\/"},"sameAs":["https:\/\/www.facebook.com\/RepliqueMangaCine","https:\/\/www.instagram.com\/repliquemangacine.fr\/"]}]}},"_links":{"self":[{"href":"https:\/\/repliquemangacine.fr\/en\/wp-json\/wp\/v2\/product\/29247","targetHints":{"allow":["GET"]}}],"collection":[{"href":"https:\/\/repliquemangacine.fr\/en\/wp-json\/wp\/v2\/product"}],"about":[{"href":"https:\/\/repliquemangacine.fr\/en\/wp-json\/wp\/v2\/types\/product"}],"wp:featuredmedia":[{"embeddable":true,"href":"https:\/\/repliquemangacine.fr\/en\/wp-json\/wp\/v2\/media\/29248"}],"wp:attachment":[{"href":"https:\/\/repliquemangacine.fr\/en\/wp-json\/wp\/v2\/media?parent=29247"}],"wp:term":[{"taxonomy":"product_brand","embeddable":true,"href":"https:\/\/repliquemangacine.fr\/en\/wp-json\/wp\/v2\/product_brand?post=29247"},{"taxonomy":"product_cat","embeddable":true,"href":"https:\/\/repliquemangacine.fr\/en\/wp-json\/wp\/v2\/product_cat?post=29247"},{"taxonomy":"product_tag","embeddable":true,"href":"https:\/\/repliquemangacine.fr\/en\/wp-json\/wp\/v2\/product_tag?post=29247"}],"curies":[{"name":"wp","href":"https:\/\/api.w.org\/{rel}","templated":true}]}}