





{"id":29238,"date":"2020-12-30T14:42:23","date_gmt":"2020-12-30T13:42:23","guid":{"rendered":"https:\/\/repliquemangacine.fr\/?post_type=product&#038;p=29238"},"modified":"2025-12-21T22:15:06","modified_gmt":"2025-12-21T21:15:06","slug":"sword-sorcerer-geralt-de-riv-the-witcher-season-2","status":"publish","type":"product","link":"https:\/\/repliquemangacine.fr\/en\/epee-the-witcher\/epee-sorceleur-geralt-de-riv-the-witcher-saison-2\/","title":{"rendered":"Sword Wizard Geralt de Riv The Witcher"},"content":{"rendered":"<h2>Sorcerer's sword Geralt de Riv The Witcher.<\/h2>\n<p>To begin with, the<strong>Geralt de riv Sorcerer's sword<\/strong> in The Witcher is Geralt's main sword in season 2 of the Netflix series.<\/p>\n<p><a href=\"https:\/\/witcher-archive.fandom.com\/fr\/wiki\/The_Witcher_(s\u00e9rie)\" target=\"_blank\" rel=\"noopener noreferrer\">The Witcher<\/a>, TV series created by Lauren Schmidt Hissrich, airing on Netflix from December 20, 2019. Based on the Witcher series by Andrzej Sapkowski, who will himself serve as creative consultant for the series.<\/p>\n<p>Wizard Geralt, a mutant monster hunter, struggles to find his place in a world where humans often prove more vicious than beasts.<\/p>\n<p>On September 25, 2021, the series was renewed for a third season. In 2022, it is announced that Henry Cavill will leave the production of The Witcher at the end of this season, and that Liam Hemsworth will reprise the role of Geralt de Riv from season 4.<\/p>\n<h2>Your Geralt de Riv Sorcerer's Sword at the best price<\/h2>\n<p>We bring you all the lines from the Netlix series The Witcher, as well as those from the video game The Witcher3.<\/p>\n<p>First and foremost,<\/p>\n<ul>\n<li>L'<a href=\"https:\/\/repliquemangacine.fr\/en\/epee-the-witcher\/twin-wolf-sword-geralt-de-riv-the-witcher-3-with-medallion-gift-set\/\">Twin Wolf sword<\/a> used to kill monsters.<\/li>\n<li>As well as the <a href=\"https:\/\/repliquemangacine.fr\/en\/epee-the-witcher\/medaillon-the-witcher\/\">The Witcher medallion<\/a> worn by Geralt.<\/li>\n<li>And many more to discover in our online store!<\/li>\n<\/ul>\n<p>That's why here are some great gift ideas for The Witcher fans<\/p>\n<p>In conclusion, you can also use this <strong>Sorcerer's sword Geralt de Riv<\/strong> The Witcher sword for your cosplay parades or theme parties. But above all, this The Witcher sword is a collector's item and a decorative item.<\/p>\n<p>R\u00e9plique Manga Cin\u00e9 is a French company<\/p>\n<h2>How to maintain the blade of your The Witcher sword?<\/h2>\n<p>Collector's and decorative swords are made and assembled in a simplified way. As their use is decorative, they lack the safety features required of a Japanese sword intended for training.<\/p>\n<p>However, your <strong>Sorcerer's sword Geralt de Riv<\/strong> to a steel blade that needs to be cared for to avoid damage over time. In fact, when you display your katana, your friends will be curious to see and touch the blade. This is where you need to be careful, as the acidity of your fingers is very harmful to steel, whatever its quality.<\/p>\n<p>However, if this does happen, don't panic - all you need is a cloth dampened with a little oil and a wipe of fingerprints. By doing so, you'll keep your sword looking its best for a very long time.<\/p>","protected":false},"excerpt":{"rendered":"<p>Replica of Gerald of Riv's sword in the Netflix series The Witcher season 2.<\/p>\n<ul>\n<li>440 steel blade with groove and engraving.<\/li>\n<li>Decorated steel guard.<\/li>\n<li>Moulded ABS handle.<\/li>\n<li>Decorated solid steel knob.<\/li>\n<li>Black leather-covered scabbard.<\/li>\n<li>Blade length: 81 cm - Total length: 119cm<\/li>\n<\/ul>\n<p>&nbsp;<\/p>","protected":false},"featured_media":29239,"template":"","meta":[],"product_brand":[896],"product_cat":[23,58],"product_tag":[],"class_list":{"0":"post-29238","1":"product","2":"type-product","3":"status-publish","4":"has-post-thumbnail","6":"product_brand-replique-manga-cine","7":"product_cat-repliques-manga-jeux-video","8":"product_cat-epee-the-witcher","10":"first","11":"instock","12":"taxable","13":"shipping-taxable","14":"purchasable","15":"product-type-simple"},"yoast_head":"<!-- This site is optimized with the Yoast SEO plugin v27.5 - https:\/\/yoast.com\/product\/yoast-seo-wordpress\/ -->\n<title>Ep\u00e9e Sorceleur Geralt de Riv - The Witcher - Vente en ligne | RMC<\/title>\n<meta name=\"description\" content=\"D\u00e9couvrez la nouvelle Ep\u00e9e Sorceleur Geralt de Riv dans The Witcher saison 2 au meilleur prix - Lame acier - Echelle 1\/1 - Longueur 119 cm - Envoi 24\/48h\" \/>\n<meta name=\"robots\" content=\"index, follow, max-snippet:-1, max-image-preview:large, max-video-preview:-1\" \/>\n<link rel=\"canonical\" href=\"https:\/\/repliquemangacine.fr\/en\/epee-the-witcher\/sword-sorcerer-geralt-de-riv-the-witcher-season-2\/\" \/>\n<meta property=\"og:locale\" content=\"en_US\" \/>\n<meta property=\"og:type\" content=\"article\" \/>\n<meta property=\"og:title\" content=\"Ep\u00e9e Sorceleur Geralt de Riv - The Witcher - Vente en ligne | RMC\" \/>\n<meta property=\"og:description\" content=\"D\u00e9couvrez la nouvelle Ep\u00e9e Sorceleur Geralt de Riv dans The Witcher saison 2 au meilleur prix - Lame acier - Echelle 1\/1 - Longueur 119 cm - Envoi 24\/48h\" \/>\n<meta property=\"og:url\" content=\"https:\/\/repliquemangacine.fr\/en\/epee-the-witcher\/sword-sorcerer-geralt-de-riv-the-witcher-season-2\/\" \/>\n<meta property=\"og:site_name\" content=\"R\u00e9plique Manga Cin\u00e9\" \/>\n<meta property=\"article:publisher\" content=\"https:\/\/www.facebook.com\/RepliqueMangaCine\" \/>\n<meta property=\"article:modified_time\" content=\"2025-12-21T21:15:06+00:00\" \/>\n<meta property=\"og:image\" content=\"https:\/\/repliquemangacine.fr\/wp-content\/uploads\/2023\/10\/3918-epee-the-witchergarde.jpg\" \/>\n\t<meta property=\"og:image:width\" content=\"800\" \/>\n\t<meta property=\"og:image:height\" content=\"800\" \/>\n\t<meta property=\"og:image:type\" content=\"image\/jpeg\" \/>\n<meta name=\"twitter:card\" content=\"summary_large_image\" \/>\n<meta name=\"twitter:label1\" content=\"Est. reading time\" \/>\n\t<meta name=\"twitter:data1\" content=\"1 minute\" \/>\n<script type=\"application\/ld+json\" class=\"yoast-schema-graph\">{\"@context\":\"https:\\\/\\\/schema.org\",\"@graph\":[{\"@type\":\"WebPage\",\"@id\":\"https:\\\/\\\/repliquemangacine.fr\\\/epee-the-witcher\\\/epee-sorceleur-geralt-de-riv-the-witcher-saison-2\\\/\",\"url\":\"https:\\\/\\\/repliquemangacine.fr\\\/epee-the-witcher\\\/epee-sorceleur-geralt-de-riv-the-witcher-saison-2\\\/\",\"name\":\"Ep\u00e9e Sorceleur Geralt de Riv - The Witcher - Vente en ligne | RMC\",\"isPartOf\":{\"@id\":\"https:\\\/\\\/repliquemangacine.fr\\\/#website\"},\"primaryImageOfPage\":{\"@id\":\"https:\\\/\\\/repliquemangacine.fr\\\/epee-the-witcher\\\/epee-sorceleur-geralt-de-riv-the-witcher-saison-2\\\/#primaryimage\"},\"image\":{\"@id\":\"https:\\\/\\\/repliquemangacine.fr\\\/epee-the-witcher\\\/epee-sorceleur-geralt-de-riv-the-witcher-saison-2\\\/#primaryimage\"},\"thumbnailUrl\":\"https:\\\/\\\/repliquemangacine.fr\\\/wp-content\\\/uploads\\\/2023\\\/10\\\/3918-epee-the-witchergarde.jpg\",\"datePublished\":\"2020-12-30T13:42:23+00:00\",\"dateModified\":\"2025-12-21T21:15:06+00:00\",\"description\":\"D\u00e9couvrez la nouvelle Ep\u00e9e Sorceleur Geralt de Riv dans The Witcher saison 2 au meilleur prix - Lame acier - Echelle 1\\\/1 - Longueur 119 cm - Envoi 24\\\/48h\",\"breadcrumb\":{\"@id\":\"https:\\\/\\\/repliquemangacine.fr\\\/epee-the-witcher\\\/epee-sorceleur-geralt-de-riv-the-witcher-saison-2\\\/#breadcrumb\"},\"inLanguage\":\"en-US\",\"potentialAction\":[{\"@type\":\"ReadAction\",\"target\":[\"https:\\\/\\\/repliquemangacine.fr\\\/epee-the-witcher\\\/epee-sorceleur-geralt-de-riv-the-witcher-saison-2\\\/\"]}]},{\"@type\":\"ImageObject\",\"inLanguage\":\"en-US\",\"@id\":\"https:\\\/\\\/repliquemangacine.fr\\\/epee-the-witcher\\\/epee-sorceleur-geralt-de-riv-the-witcher-saison-2\\\/#primaryimage\",\"url\":\"https:\\\/\\\/repliquemangacine.fr\\\/wp-content\\\/uploads\\\/2023\\\/10\\\/3918-epee-the-witchergarde.jpg\",\"contentUrl\":\"https:\\\/\\\/repliquemangacine.fr\\\/wp-content\\\/uploads\\\/2023\\\/10\\\/3918-epee-the-witchergarde.jpg\",\"width\":800,\"height\":800,\"caption\":\"Ep\u00e9e Sorceleur The Witcher s2\"},{\"@type\":\"BreadcrumbList\",\"@id\":\"https:\\\/\\\/repliquemangacine.fr\\\/epee-the-witcher\\\/epee-sorceleur-geralt-de-riv-the-witcher-saison-2\\\/#breadcrumb\",\"itemListElement\":[{\"@type\":\"ListItem\",\"position\":1,\"name\":\"Accueil\",\"item\":\"https:\\\/\\\/repliquemangacine.fr\\\/\"},{\"@type\":\"ListItem\",\"position\":2,\"name\":\"Produits\",\"item\":\"https:\\\/\\\/repliquemangacine.fr\\\/boutique\\\/\"},{\"@type\":\"ListItem\",\"position\":3,\"name\":\"Ep\u00e9e Sorceleur Geralt de Riv The Witcher\"}]},{\"@type\":\"WebSite\",\"@id\":\"https:\\\/\\\/repliquemangacine.fr\\\/#website\",\"url\":\"https:\\\/\\\/repliquemangacine.fr\\\/\",\"name\":\"R\u00e9plique Manga Cin\u00e9\",\"description\":\"\",\"publisher\":{\"@id\":\"https:\\\/\\\/repliquemangacine.fr\\\/#organization\"},\"potentialAction\":[{\"@type\":\"SearchAction\",\"target\":{\"@type\":\"EntryPoint\",\"urlTemplate\":\"https:\\\/\\\/repliquemangacine.fr\\\/?s={search_term_string}\"},\"query-input\":{\"@type\":\"PropertyValueSpecification\",\"valueRequired\":true,\"valueName\":\"search_term_string\"}}],\"inLanguage\":\"en-US\"},{\"@type\":\"Organization\",\"@id\":\"https:\\\/\\\/repliquemangacine.fr\\\/#organization\",\"name\":\"R\u00e9plique Manga Cin\u00e9\",\"url\":\"https:\\\/\\\/repliquemangacine.fr\\\/\",\"logo\":{\"@type\":\"ImageObject\",\"inLanguage\":\"en-US\",\"@id\":\"https:\\\/\\\/repliquemangacine.fr\\\/#\\\/schema\\\/logo\\\/image\\\/\",\"url\":\"https:\\\/\\\/repliquemangacine.fr\\\/wp-content\\\/uploads\\\/2023\\\/10\\\/RMC-500250.png\",\"contentUrl\":\"https:\\\/\\\/repliquemangacine.fr\\\/wp-content\\\/uploads\\\/2023\\\/10\\\/RMC-500250.png\",\"width\":500,\"height\":250,\"caption\":\"R\u00e9plique Manga Cin\u00e9\"},\"image\":{\"@id\":\"https:\\\/\\\/repliquemangacine.fr\\\/#\\\/schema\\\/logo\\\/image\\\/\"},\"sameAs\":[\"https:\\\/\\\/www.facebook.com\\\/RepliqueMangaCine\",\"https:\\\/\\\/www.instagram.com\\\/repliquemangacine.fr\\\/\"]}]}<\/script>\n<!-- \/ Yoast SEO plugin. -->","yoast_head_json":{"title":"Sorcerer's Sword Geralt de Riv - The Witcher - Online sale | RMC","description":"Discover the new Geralt de Riv Sorcerer's Sword in The Witcher season 2 at the best price - Steel blade - Scale 1\/1 - Length 119 cm - Shipment 24\/48h","robots":{"index":"index","follow":"follow","max-snippet":"max-snippet:-1","max-image-preview":"max-image-preview:large","max-video-preview":"max-video-preview:-1"},"canonical":"https:\/\/repliquemangacine.fr\/en\/epee-the-witcher\/sword-sorcerer-geralt-de-riv-the-witcher-season-2\/","og_locale":"en_US","og_type":"article","og_title":"Ep\u00e9e Sorceleur Geralt de Riv - The Witcher - Vente en ligne | RMC","og_description":"D\u00e9couvrez la nouvelle Ep\u00e9e Sorceleur Geralt de Riv dans The Witcher saison 2 au meilleur prix - Lame acier - Echelle 1\/1 - Longueur 119 cm - Envoi 24\/48h","og_url":"https:\/\/repliquemangacine.fr\/en\/epee-the-witcher\/sword-sorcerer-geralt-de-riv-the-witcher-season-2\/","og_site_name":"R\u00e9plique Manga Cin\u00e9","article_publisher":"https:\/\/www.facebook.com\/RepliqueMangaCine","article_modified_time":"2025-12-21T21:15:06+00:00","og_image":[{"width":800,"height":800,"url":"https:\/\/repliquemangacine.fr\/wp-content\/uploads\/2023\/10\/3918-epee-the-witchergarde.jpg","type":"image\/jpeg"}],"twitter_card":"summary_large_image","twitter_misc":{"Est. reading time":"1 minute"},"schema":{"@context":"https:\/\/schema.org","@graph":[{"@type":"WebPage","@id":"https:\/\/repliquemangacine.fr\/epee-the-witcher\/epee-sorceleur-geralt-de-riv-the-witcher-saison-2\/","url":"https:\/\/repliquemangacine.fr\/epee-the-witcher\/epee-sorceleur-geralt-de-riv-the-witcher-saison-2\/","name":"Sorcerer's Sword Geralt de Riv - The Witcher - Online sale | RMC","isPartOf":{"@id":"https:\/\/repliquemangacine.fr\/#website"},"primaryImageOfPage":{"@id":"https:\/\/repliquemangacine.fr\/epee-the-witcher\/epee-sorceleur-geralt-de-riv-the-witcher-saison-2\/#primaryimage"},"image":{"@id":"https:\/\/repliquemangacine.fr\/epee-the-witcher\/epee-sorceleur-geralt-de-riv-the-witcher-saison-2\/#primaryimage"},"thumbnailUrl":"https:\/\/repliquemangacine.fr\/wp-content\/uploads\/2023\/10\/3918-epee-the-witchergarde.jpg","datePublished":"2020-12-30T13:42:23+00:00","dateModified":"2025-12-21T21:15:06+00:00","description":"Discover the new Geralt de Riv Sorcerer's Sword in The Witcher season 2 at the best price - Steel blade - Scale 1\/1 - Length 119 cm - Shipment 24\/48h","breadcrumb":{"@id":"https:\/\/repliquemangacine.fr\/epee-the-witcher\/epee-sorceleur-geralt-de-riv-the-witcher-saison-2\/#breadcrumb"},"inLanguage":"en-US","potentialAction":[{"@type":"ReadAction","target":["https:\/\/repliquemangacine.fr\/epee-the-witcher\/epee-sorceleur-geralt-de-riv-the-witcher-saison-2\/"]}]},{"@type":"ImageObject","inLanguage":"en-US","@id":"https:\/\/repliquemangacine.fr\/epee-the-witcher\/epee-sorceleur-geralt-de-riv-the-witcher-saison-2\/#primaryimage","url":"https:\/\/repliquemangacine.fr\/wp-content\/uploads\/2023\/10\/3918-epee-the-witchergarde.jpg","contentUrl":"https:\/\/repliquemangacine.fr\/wp-content\/uploads\/2023\/10\/3918-epee-the-witchergarde.jpg","width":800,"height":800,"caption":"Ep\u00e9e Sorceleur The Witcher s2"},{"@type":"BreadcrumbList","@id":"https:\/\/repliquemangacine.fr\/epee-the-witcher\/epee-sorceleur-geralt-de-riv-the-witcher-saison-2\/#breadcrumb","itemListElement":[{"@type":"ListItem","position":1,"name":"Accueil","item":"https:\/\/repliquemangacine.fr\/"},{"@type":"ListItem","position":2,"name":"Produits","item":"https:\/\/repliquemangacine.fr\/boutique\/"},{"@type":"ListItem","position":3,"name":"Ep\u00e9e Sorceleur Geralt de Riv The Witcher"}]},{"@type":"WebSite","@id":"https:\/\/repliquemangacine.fr\/#website","url":"https:\/\/repliquemangacine.fr\/","name":"R\u00e9plique Manga Cin\u00e9","description":"","publisher":{"@id":"https:\/\/repliquemangacine.fr\/#organization"},"potentialAction":[{"@type":"SearchAction","target":{"@type":"EntryPoint","urlTemplate":"https:\/\/repliquemangacine.fr\/?s={search_term_string}"},"query-input":{"@type":"PropertyValueSpecification","valueRequired":true,"valueName":"search_term_string"}}],"inLanguage":"en-US"},{"@type":"Organization","@id":"https:\/\/repliquemangacine.fr\/#organization","name":"R\u00e9plique Manga Cin\u00e9","url":"https:\/\/repliquemangacine.fr\/","logo":{"@type":"ImageObject","inLanguage":"en-US","@id":"https:\/\/repliquemangacine.fr\/#\/schema\/logo\/image\/","url":"https:\/\/repliquemangacine.fr\/wp-content\/uploads\/2023\/10\/RMC-500250.png","contentUrl":"https:\/\/repliquemangacine.fr\/wp-content\/uploads\/2023\/10\/RMC-500250.png","width":500,"height":250,"caption":"R\u00e9plique Manga Cin\u00e9"},"image":{"@id":"https:\/\/repliquemangacine.fr\/#\/schema\/logo\/image\/"},"sameAs":["https:\/\/www.facebook.com\/RepliqueMangaCine","https:\/\/www.instagram.com\/repliquemangacine.fr\/"]}]}},"_links":{"self":[{"href":"https:\/\/repliquemangacine.fr\/en\/wp-json\/wp\/v2\/product\/29238","targetHints":{"allow":["GET"]}}],"collection":[{"href":"https:\/\/repliquemangacine.fr\/en\/wp-json\/wp\/v2\/product"}],"about":[{"href":"https:\/\/repliquemangacine.fr\/en\/wp-json\/wp\/v2\/types\/product"}],"wp:featuredmedia":[{"embeddable":true,"href":"https:\/\/repliquemangacine.fr\/en\/wp-json\/wp\/v2\/media\/29239"}],"wp:attachment":[{"href":"https:\/\/repliquemangacine.fr\/en\/wp-json\/wp\/v2\/media?parent=29238"}],"wp:term":[{"taxonomy":"product_brand","embeddable":true,"href":"https:\/\/repliquemangacine.fr\/en\/wp-json\/wp\/v2\/product_brand?post=29238"},{"taxonomy":"product_cat","embeddable":true,"href":"https:\/\/repliquemangacine.fr\/en\/wp-json\/wp\/v2\/product_cat?post=29238"},{"taxonomy":"product_tag","embeddable":true,"href":"https:\/\/repliquemangacine.fr\/en\/wp-json\/wp\/v2\/product_tag?post=29238"}],"curies":[{"name":"wp","href":"https:\/\/api.w.org\/{rel}","templated":true}]}}