





{"id":29217,"date":"2020-11-15T14:36:07","date_gmt":"2020-11-15T13:36:07","guid":{"rendered":"https:\/\/repliquemangacine.fr\/?post_type=product&#038;p=29217"},"modified":"2026-04-14T12:13:37","modified_gmt":"2026-04-14T10:13:37","slug":"zangetsu-ichigo-bleach-epee-zanpakuto-ichigo","status":"publish","type":"product","link":"https:\/\/repliquemangacine.fr\/en\/katana-bleach\/zangetsu-ichigo-bleach-epee-zanpakuto-ichigo\/","title":{"rendered":"Zangetsu Ichigo Bleach"},"content":{"rendered":"<h2>Zanpakuto Zangetsu Ichigo's sword in Bleach<\/h2>\n<p>To begin with, the <strong>Zanpakuto Zangetsu Ichigo sword<\/strong> Bleach is his released shikai. Taking the form of two swords or cleavers, one representing his Hollow powers through the White created by Aizen and the other representing his Quincy powers drawn from Yhwach's mind, he still keeps them under constant release.<\/p>\n<p><a href=\"https:\/\/bleach.fandom.com\/fr\/wiki\/Ichigo_Kurosaki#Zanpakut\u014d\" target=\"_blank\" rel=\"noopener noreferrer\">Ichigo Kurosaki<\/a> is a Human with the exceptional ability to distinguish ghosts. His life is turned upside down when he meets Rukia Kuchiki, who gives him his Shinigami powers to save his family from a Hollow. He is the main protagonist of the Bleach manga.<\/p>\n<p>Ichigo is a very powerful fighter, already in human form, where he can intimidate 4 or 5 thugs with no problem, knock out 7 teeth with a single punch or even send an Arrancar flying with a kick.<\/p>\n<h2>Your Zanpakuto Zangetsu Ichigo Sword at the best price.<\/h2>\n<p>We offer a wide selection of replicas of your favorite anime manga Bleach<\/p>\n<p>First and foremost,<\/p>\n<ul>\n<li>Visit <a href=\"https:\/\/repliquemangacine.fr\/en\/katana-bleach\/zanpakuto-shirayuki-shikai-rukia-kuchiki\/\">Rukia's katana<\/a> which is considered to be Soul Society's finest Zanpakut\u00f4.<\/li>\n<li>There is also the <a href=\"https:\/\/repliquemangacine.fr\/en\/katana-bleach\/zanpakuto-hyorinmaru-hitsugaya-toshiro\/\">Zanpakuto Hyorinmaru<\/a> of Toshiro Hitsugaya, the youngest captain of Gotei 13.<\/li>\n<li>As well as the <a href=\"https:\/\/repliquemangacine.fr\/en\/katana-bleach\/epee-poignard-ichigo\/\">Ichigo's Zangetsu dagger<\/a>.<\/li>\n<li>And many more to discover in our online store!<\/li>\n<\/ul>\n<p>That's why here are some great gift ideas for all fans of the Bleach anime manga.<\/p>\n<p>In conclusion, you can use the<strong> Zanpakuto Zangetsu Ichigo's sword<\/strong> for your Cosplay shows, and expand your collection. But above all, this Shikai is a collector's item and a decoration. Sale forbidden to minors.<\/p>\n<h2>How to maintain the blade of your Bleach katana?<\/h2>\n<p>Collector's and decorative katanas are made and assembled in a simplified way. As their use is decorative, they lack the safety features required of a Japanese saber intended for training.<\/p>\n<p>However, your <strong>Zanpakuto Zangetsu Ichigo's sword<\/strong> to a steel blade that needs to be cared for to avoid damage over time. In fact, when you display your katana, your friends will be curious to see and touch the blade. This is where you need to be careful, as the acidity of your fingers is very harmful to steel, whatever its quality.<\/p>\n<p>However, if this does happen, don't panic - all you need is a cloth dampened with a little oil and a wipe of fingerprints. By doing so, you'll keep your sword looking its best for a very long time.<\/p>","protected":false},"excerpt":{"rendered":"<p>Last shikai zangetsu used by Ichigo in Bleach.<\/p>\n<ul>\n<li>Wide blade with openwork center.<\/li>\n<li>Pre-sharpened in 440 steel.<\/li>\n<li>Handle covered with black cotton braid.<\/li>\n<li>Leatherette sheath.<\/li>\n<li>Blade length: 71cm - Total length: 103cm - Blade width: 8.5cm<\/li>\n<\/ul>","protected":false},"featured_media":29218,"template":"","meta":[],"product_brand":[896],"product_cat":[30,23],"product_tag":[],"class_list":{"0":"post-29217","1":"product","2":"type-product","3":"status-publish","4":"has-post-thumbnail","6":"product_brand-replique-manga-cine","7":"product_cat-katana-bleach","8":"product_cat-repliques-manga-jeux-video","10":"first","11":"instock","12":"taxable","13":"shipping-taxable","14":"purchasable","15":"product-type-simple"},"yoast_head":"<!-- This site is optimized with the Yoast SEO plugin v27.5 - https:\/\/yoast.com\/product\/yoast-seo-wordpress\/ -->\n<title>Zanpakuto Zangetsu Ep\u00e9e Ichigo - Boutique en ligne | RMC<\/title>\n<meta name=\"description\" content=\"Commandez vite ! Cette r\u00e9plique du Zanpakuto Zangetsu Ep\u00e9e d&#039;Ichigo au meilleur prix. Lame large en acier - Longueur totale : 103 cm - Envoi 24\/48h\" \/>\n<meta name=\"robots\" content=\"index, follow, max-snippet:-1, max-image-preview:large, max-video-preview:-1\" \/>\n<link rel=\"canonical\" href=\"https:\/\/repliquemangacine.fr\/en\/katana-bleach\/zangetsu-ichigo-bleach-epee-zanpakuto-ichigo\/\" \/>\n<meta property=\"og:locale\" content=\"en_US\" \/>\n<meta property=\"og:type\" content=\"article\" \/>\n<meta property=\"og:title\" content=\"Zanpakuto Zangetsu Ep\u00e9e Ichigo - Boutique en ligne | RMC\" \/>\n<meta property=\"og:description\" content=\"Commandez vite ! Cette r\u00e9plique du Zanpakuto Zangetsu Ep\u00e9e d&#039;Ichigo au meilleur prix. Lame large en acier - Longueur totale : 103 cm - Envoi 24\/48h\" \/>\n<meta property=\"og:url\" content=\"https:\/\/repliquemangacine.fr\/en\/katana-bleach\/zangetsu-ichigo-bleach-epee-zanpakuto-ichigo\/\" \/>\n<meta property=\"og:site_name\" content=\"R\u00e9plique Manga Cin\u00e9\" \/>\n<meta property=\"article:publisher\" content=\"https:\/\/www.facebook.com\/RepliqueMangaCine\" \/>\n<meta property=\"article:modified_time\" content=\"2026-04-14T10:13:37+00:00\" \/>\n<meta property=\"og:image\" content=\"https:\/\/repliquemangacine.fr\/wp-content\/uploads\/2023\/10\/3902-epee-Ichigo.jpg\" \/>\n\t<meta property=\"og:image:width\" content=\"800\" \/>\n\t<meta property=\"og:image:height\" content=\"800\" \/>\n\t<meta property=\"og:image:type\" content=\"image\/jpeg\" \/>\n<meta name=\"twitter:card\" content=\"summary_large_image\" \/>\n<meta name=\"twitter:label1\" content=\"Est. reading time\" \/>\n\t<meta name=\"twitter:data1\" content=\"1 minute\" \/>\n<script type=\"application\/ld+json\" class=\"yoast-schema-graph\">{\"@context\":\"https:\\\/\\\/schema.org\",\"@graph\":[{\"@type\":\"WebPage\",\"@id\":\"https:\\\/\\\/repliquemangacine.fr\\\/katana-bleach\\\/zangetsu-ichigo-bleach-epee-zanpakuto-ichigo\\\/\",\"url\":\"https:\\\/\\\/repliquemangacine.fr\\\/katana-bleach\\\/zangetsu-ichigo-bleach-epee-zanpakuto-ichigo\\\/\",\"name\":\"Zanpakuto Zangetsu Ep\u00e9e Ichigo - Boutique en ligne | RMC\",\"isPartOf\":{\"@id\":\"https:\\\/\\\/repliquemangacine.fr\\\/#website\"},\"primaryImageOfPage\":{\"@id\":\"https:\\\/\\\/repliquemangacine.fr\\\/katana-bleach\\\/zangetsu-ichigo-bleach-epee-zanpakuto-ichigo\\\/#primaryimage\"},\"image\":{\"@id\":\"https:\\\/\\\/repliquemangacine.fr\\\/katana-bleach\\\/zangetsu-ichigo-bleach-epee-zanpakuto-ichigo\\\/#primaryimage\"},\"thumbnailUrl\":\"https:\\\/\\\/repliquemangacine.fr\\\/wp-content\\\/uploads\\\/2023\\\/10\\\/3902-epee-Ichigo.jpg\",\"datePublished\":\"2020-11-15T13:36:07+00:00\",\"dateModified\":\"2026-04-14T10:13:37+00:00\",\"description\":\"Commandez vite ! Cette r\u00e9plique du Zanpakuto Zangetsu Ep\u00e9e d'Ichigo au meilleur prix. Lame large en acier - Longueur totale : 103 cm - Envoi 24\\\/48h\",\"breadcrumb\":{\"@id\":\"https:\\\/\\\/repliquemangacine.fr\\\/katana-bleach\\\/zangetsu-ichigo-bleach-epee-zanpakuto-ichigo\\\/#breadcrumb\"},\"inLanguage\":\"en-US\",\"potentialAction\":[{\"@type\":\"ReadAction\",\"target\":[\"https:\\\/\\\/repliquemangacine.fr\\\/katana-bleach\\\/zangetsu-ichigo-bleach-epee-zanpakuto-ichigo\\\/\"]}]},{\"@type\":\"ImageObject\",\"inLanguage\":\"en-US\",\"@id\":\"https:\\\/\\\/repliquemangacine.fr\\\/katana-bleach\\\/zangetsu-ichigo-bleach-epee-zanpakuto-ichigo\\\/#primaryimage\",\"url\":\"https:\\\/\\\/repliquemangacine.fr\\\/wp-content\\\/uploads\\\/2023\\\/10\\\/3902-epee-Ichigo.jpg\",\"contentUrl\":\"https:\\\/\\\/repliquemangacine.fr\\\/wp-content\\\/uploads\\\/2023\\\/10\\\/3902-epee-Ichigo.jpg\",\"width\":800,\"height\":800,\"caption\":\"Zangetsu Ichigo Bleach Zanpakuto\"},{\"@type\":\"BreadcrumbList\",\"@id\":\"https:\\\/\\\/repliquemangacine.fr\\\/katana-bleach\\\/zangetsu-ichigo-bleach-epee-zanpakuto-ichigo\\\/#breadcrumb\",\"itemListElement\":[{\"@type\":\"ListItem\",\"position\":1,\"name\":\"Accueil\",\"item\":\"https:\\\/\\\/repliquemangacine.fr\\\/\"},{\"@type\":\"ListItem\",\"position\":2,\"name\":\"Produits\",\"item\":\"https:\\\/\\\/repliquemangacine.fr\\\/boutique\\\/\"},{\"@type\":\"ListItem\",\"position\":3,\"name\":\"Zangetsu Ichigo Bleach\"}]},{\"@type\":\"WebSite\",\"@id\":\"https:\\\/\\\/repliquemangacine.fr\\\/#website\",\"url\":\"https:\\\/\\\/repliquemangacine.fr\\\/\",\"name\":\"R\u00e9plique Manga Cin\u00e9\",\"description\":\"\",\"publisher\":{\"@id\":\"https:\\\/\\\/repliquemangacine.fr\\\/#organization\"},\"potentialAction\":[{\"@type\":\"SearchAction\",\"target\":{\"@type\":\"EntryPoint\",\"urlTemplate\":\"https:\\\/\\\/repliquemangacine.fr\\\/?s={search_term_string}\"},\"query-input\":{\"@type\":\"PropertyValueSpecification\",\"valueRequired\":true,\"valueName\":\"search_term_string\"}}],\"inLanguage\":\"en-US\"},{\"@type\":\"Organization\",\"@id\":\"https:\\\/\\\/repliquemangacine.fr\\\/#organization\",\"name\":\"R\u00e9plique Manga Cin\u00e9\",\"url\":\"https:\\\/\\\/repliquemangacine.fr\\\/\",\"logo\":{\"@type\":\"ImageObject\",\"inLanguage\":\"en-US\",\"@id\":\"https:\\\/\\\/repliquemangacine.fr\\\/#\\\/schema\\\/logo\\\/image\\\/\",\"url\":\"https:\\\/\\\/repliquemangacine.fr\\\/wp-content\\\/uploads\\\/2023\\\/10\\\/RMC-500250.png\",\"contentUrl\":\"https:\\\/\\\/repliquemangacine.fr\\\/wp-content\\\/uploads\\\/2023\\\/10\\\/RMC-500250.png\",\"width\":500,\"height\":250,\"caption\":\"R\u00e9plique Manga Cin\u00e9\"},\"image\":{\"@id\":\"https:\\\/\\\/repliquemangacine.fr\\\/#\\\/schema\\\/logo\\\/image\\\/\"},\"sameAs\":[\"https:\\\/\\\/www.facebook.com\\\/RepliqueMangaCine\",\"https:\\\/\\\/www.instagram.com\\\/repliquemangacine.fr\\\/\"]}]}<\/script>\n<!-- \/ Yoast SEO plugin. -->","yoast_head_json":{"title":"Zanpakuto Zangetsu Ichigo Sword - Online Shop | RMC","description":"Order now! This replica of the Zanpakuto Zangetsu Sword of Ichigo at the best price. Wide steel blade - Total length: 103 cm - Shipment 24\/48h","robots":{"index":"index","follow":"follow","max-snippet":"max-snippet:-1","max-image-preview":"max-image-preview:large","max-video-preview":"max-video-preview:-1"},"canonical":"https:\/\/repliquemangacine.fr\/en\/katana-bleach\/zangetsu-ichigo-bleach-epee-zanpakuto-ichigo\/","og_locale":"en_US","og_type":"article","og_title":"Zanpakuto Zangetsu Ep\u00e9e Ichigo - Boutique en ligne | RMC","og_description":"Commandez vite ! Cette r\u00e9plique du Zanpakuto Zangetsu Ep\u00e9e d'Ichigo au meilleur prix. Lame large en acier - Longueur totale : 103 cm - Envoi 24\/48h","og_url":"https:\/\/repliquemangacine.fr\/en\/katana-bleach\/zangetsu-ichigo-bleach-epee-zanpakuto-ichigo\/","og_site_name":"R\u00e9plique Manga Cin\u00e9","article_publisher":"https:\/\/www.facebook.com\/RepliqueMangaCine","article_modified_time":"2026-04-14T10:13:37+00:00","og_image":[{"width":800,"height":800,"url":"https:\/\/repliquemangacine.fr\/wp-content\/uploads\/2023\/10\/3902-epee-Ichigo.jpg","type":"image\/jpeg"}],"twitter_card":"summary_large_image","twitter_misc":{"Est. reading time":"1 minute"},"schema":{"@context":"https:\/\/schema.org","@graph":[{"@type":"WebPage","@id":"https:\/\/repliquemangacine.fr\/katana-bleach\/zangetsu-ichigo-bleach-epee-zanpakuto-ichigo\/","url":"https:\/\/repliquemangacine.fr\/katana-bleach\/zangetsu-ichigo-bleach-epee-zanpakuto-ichigo\/","name":"Zanpakuto Zangetsu Ichigo Sword - Online Shop | RMC","isPartOf":{"@id":"https:\/\/repliquemangacine.fr\/#website"},"primaryImageOfPage":{"@id":"https:\/\/repliquemangacine.fr\/katana-bleach\/zangetsu-ichigo-bleach-epee-zanpakuto-ichigo\/#primaryimage"},"image":{"@id":"https:\/\/repliquemangacine.fr\/katana-bleach\/zangetsu-ichigo-bleach-epee-zanpakuto-ichigo\/#primaryimage"},"thumbnailUrl":"https:\/\/repliquemangacine.fr\/wp-content\/uploads\/2023\/10\/3902-epee-Ichigo.jpg","datePublished":"2020-11-15T13:36:07+00:00","dateModified":"2026-04-14T10:13:37+00:00","description":"Order now! This replica of the Zanpakuto Zangetsu Sword of Ichigo at the best price. Wide steel blade - Total length: 103 cm - Shipment 24\/48h","breadcrumb":{"@id":"https:\/\/repliquemangacine.fr\/katana-bleach\/zangetsu-ichigo-bleach-epee-zanpakuto-ichigo\/#breadcrumb"},"inLanguage":"en-US","potentialAction":[{"@type":"ReadAction","target":["https:\/\/repliquemangacine.fr\/katana-bleach\/zangetsu-ichigo-bleach-epee-zanpakuto-ichigo\/"]}]},{"@type":"ImageObject","inLanguage":"en-US","@id":"https:\/\/repliquemangacine.fr\/katana-bleach\/zangetsu-ichigo-bleach-epee-zanpakuto-ichigo\/#primaryimage","url":"https:\/\/repliquemangacine.fr\/wp-content\/uploads\/2023\/10\/3902-epee-Ichigo.jpg","contentUrl":"https:\/\/repliquemangacine.fr\/wp-content\/uploads\/2023\/10\/3902-epee-Ichigo.jpg","width":800,"height":800,"caption":"Zangetsu Ichigo Bleach Zanpakuto"},{"@type":"BreadcrumbList","@id":"https:\/\/repliquemangacine.fr\/katana-bleach\/zangetsu-ichigo-bleach-epee-zanpakuto-ichigo\/#breadcrumb","itemListElement":[{"@type":"ListItem","position":1,"name":"Accueil","item":"https:\/\/repliquemangacine.fr\/"},{"@type":"ListItem","position":2,"name":"Produits","item":"https:\/\/repliquemangacine.fr\/boutique\/"},{"@type":"ListItem","position":3,"name":"Zangetsu Ichigo Bleach"}]},{"@type":"WebSite","@id":"https:\/\/repliquemangacine.fr\/#website","url":"https:\/\/repliquemangacine.fr\/","name":"R\u00e9plique Manga Cin\u00e9","description":"","publisher":{"@id":"https:\/\/repliquemangacine.fr\/#organization"},"potentialAction":[{"@type":"SearchAction","target":{"@type":"EntryPoint","urlTemplate":"https:\/\/repliquemangacine.fr\/?s={search_term_string}"},"query-input":{"@type":"PropertyValueSpecification","valueRequired":true,"valueName":"search_term_string"}}],"inLanguage":"en-US"},{"@type":"Organization","@id":"https:\/\/repliquemangacine.fr\/#organization","name":"R\u00e9plique Manga Cin\u00e9","url":"https:\/\/repliquemangacine.fr\/","logo":{"@type":"ImageObject","inLanguage":"en-US","@id":"https:\/\/repliquemangacine.fr\/#\/schema\/logo\/image\/","url":"https:\/\/repliquemangacine.fr\/wp-content\/uploads\/2023\/10\/RMC-500250.png","contentUrl":"https:\/\/repliquemangacine.fr\/wp-content\/uploads\/2023\/10\/RMC-500250.png","width":500,"height":250,"caption":"R\u00e9plique Manga Cin\u00e9"},"image":{"@id":"https:\/\/repliquemangacine.fr\/#\/schema\/logo\/image\/"},"sameAs":["https:\/\/www.facebook.com\/RepliqueMangaCine","https:\/\/www.instagram.com\/repliquemangacine.fr\/"]}]}},"_links":{"self":[{"href":"https:\/\/repliquemangacine.fr\/en\/wp-json\/wp\/v2\/product\/29217","targetHints":{"allow":["GET"]}}],"collection":[{"href":"https:\/\/repliquemangacine.fr\/en\/wp-json\/wp\/v2\/product"}],"about":[{"href":"https:\/\/repliquemangacine.fr\/en\/wp-json\/wp\/v2\/types\/product"}],"wp:featuredmedia":[{"embeddable":true,"href":"https:\/\/repliquemangacine.fr\/en\/wp-json\/wp\/v2\/media\/29218"}],"wp:attachment":[{"href":"https:\/\/repliquemangacine.fr\/en\/wp-json\/wp\/v2\/media?parent=29217"}],"wp:term":[{"taxonomy":"product_brand","embeddable":true,"href":"https:\/\/repliquemangacine.fr\/en\/wp-json\/wp\/v2\/product_brand?post=29217"},{"taxonomy":"product_cat","embeddable":true,"href":"https:\/\/repliquemangacine.fr\/en\/wp-json\/wp\/v2\/product_cat?post=29217"},{"taxonomy":"product_tag","embeddable":true,"href":"https:\/\/repliquemangacine.fr\/en\/wp-json\/wp\/v2\/product_tag?post=29217"}],"curies":[{"name":"wp","href":"https:\/\/api.w.org\/{rel}","templated":true}]}}