





{"id":29192,"date":"2020-11-07T18:42:28","date_gmt":"2020-11-07T17:42:28","guid":{"rendered":"https:\/\/repliquemangacine.fr\/?post_type=product&#038;p=29192"},"modified":"2026-03-21T07:42:54","modified_gmt":"2026-03-21T06:42:54","slug":"mauser-k98-bayonet","status":"publish","type":"product","link":"https:\/\/repliquemangacine.fr\/en\/dagues-et-accessoires-seconde-guerre-mondiale-materiels-militaria\/baionnette-mauser-k98\/","title":{"rendered":"MAUSER K98 BAYONET"},"content":{"rendered":"<h2>Mauser k98 bayonet<\/h2>\n<p>To begin with, the <strong>Mauser k98 bayonet<\/strong>the essential accessory for your German rifle.<\/p>\n<p>With the introduction of the K98 k rifle, the Germans developed a new bayonet, the first examples of which became available in 1934. Production was stepped up in 1936, and all soldiers in the Wehrmacht and Waffen SS were issued with them.<\/p>\n<p>The Mauser k98 or karabiner 98k (often abbreviated to K98k, K98) is a bolt-action, hand-repeating rifle produced by Mauser Waffenfabrik. Adopted by the German army in 1935.<\/p>\n<p>In fact, all German soldiers are equipped with the K98 rifle. A safe, reliable weapon with trouble-free operation.<\/p>\n<h2>Your Mauser K98 bayonet at the best price.<\/h2>\n<p>We offer a wide range of WWII militaria accessories.<\/p>\n<p>First and foremost,<\/p>\n<ul>\n<li>Visit <a href=\"https:\/\/repliquemangacine.fr\/en\/weapons-world-war-ii\/mauser-k98-rifle\/\">Mauser K98 rifle<\/a> for your bayonet knife.<\/li>\n<li>And Mauser dummy bullets to complete your artillery.<\/li>\n<li>And much more to discover in our online store!<\/li>\n<\/ul>\n<p>That's why this is a great gift idea for all story lovers.<\/p>\n<p>In conclusion, you can use <strong>Mauser K98 bayonet<\/strong> for your cosplay parades or theme parties. But above all, this sword is a collector's item and a decoration.<\/p>\n<p>R\u00e9plique Manga Cin\u00e9 is a French family business and official distributor of <a href=\"https:\/\/www.denix.fr\/\" target=\"_blank\" rel=\"noopener noreferrer\">Denix<\/a><\/p>\n<h2>How to maintain the blade of your knife?<\/h2>\n<p>Collector and decorative knives are made and assembled in a simplified way. As their use is decorative, they lack the safety features required of a Japanese sword intended for training.<\/p>\n<p>However, your <strong>Mauser K98 bayonet<\/strong> to a steel blade that needs to be maintained to prevent damage over time. When you expose your knife to the public, your friends will be curious to see and touch the blade. This is where you need to be careful, as the acidity of your fingers is very harmful to steel, whatever its quality.<\/p>\n<p>However, if this does happen, don't panic - all you need is a cloth dampened with a little oil and a wipe of fingerprints. By doing so, you'll be able to keep your knife for a very long time.<\/p>","protected":false},"excerpt":{"rendered":"<p>Replica of the original German bayonet.<\/p>\n<ul>\n<li>Steel blade with groove.<\/li>\n<li>Handle with metal tip.<\/li>\n<li>Notch to fit rifle.<\/li>\n<li>Metal sheath with clip.<\/li>\n<\/ul>\n<p>Blade length: 24 cm - Overall length: 38 cm - Weight: 500 Grs<\/p>\n<p><strong>Sale forbidden to minors<\/strong><\/p>","protected":false},"featured_media":29193,"template":"","meta":[],"product_brand":[896],"product_cat":[25,54,85],"product_tag":[],"class_list":{"0":"post-29192","1":"product","2":"type-product","3":"status-publish","4":"has-post-thumbnail","6":"product_brand-replique-manga-cine","7":"product_cat-armes-historiques","8":"product_cat-armes-accessoires-guerre-mondiale","9":"product_cat-dagues-et-accessoires-seconde-guerre-mondiale-materiels-militaria","11":"first","12":"outofstock","13":"taxable","14":"shipping-taxable","15":"purchasable","16":"product-type-simple"},"yoast_head":"<!-- This site is optimized with the Yoast SEO plugin v27.5 - https:\/\/yoast.com\/product\/yoast-seo-wordpress\/ -->\n<title>Ba\u00efonnette Mauser K98 - Boutique en ligne | R\u00e9plique Manga Cin\u00e9<\/title>\n<meta name=\"description\" content=\"Offrez-vous votre Ba\u00efonnette Mauser K98 au meilleur prix - Lame en acier avec gorge - Fourreau m\u00e9tal avec clip - Longueur totale : 38 cm - Poids : 500 grs\" \/>\n<meta name=\"robots\" content=\"index, follow, max-snippet:-1, max-image-preview:large, max-video-preview:-1\" \/>\n<link rel=\"canonical\" href=\"https:\/\/repliquemangacine.fr\/en\/daggers-and-accessories-world-war-ii-militaria-materiel\/mauser-k98-bayonet\/\" \/>\n<meta property=\"og:locale\" content=\"en_US\" \/>\n<meta property=\"og:type\" content=\"article\" \/>\n<meta property=\"og:title\" content=\"Ba\u00efonnette Mauser K98 - Boutique en ligne | R\u00e9plique Manga Cin\u00e9\" \/>\n<meta property=\"og:description\" content=\"Offrez-vous votre Ba\u00efonnette Mauser K98 au meilleur prix - Lame en acier avec gorge - Fourreau m\u00e9tal avec clip - Longueur totale : 38 cm - Poids : 500 grs\" \/>\n<meta property=\"og:url\" content=\"https:\/\/repliquemangacine.fr\/en\/daggers-and-accessories-world-war-ii-militaria-materiel\/mauser-k98-bayonet\/\" \/>\n<meta property=\"og:site_name\" content=\"R\u00e9plique Manga Cin\u00e9\" \/>\n<meta property=\"article:publisher\" content=\"https:\/\/www.facebook.com\/RepliqueMangaCine\" \/>\n<meta property=\"article:modified_time\" content=\"2026-03-21T06:42:54+00:00\" \/>\n<meta property=\"og:image\" content=\"https:\/\/repliquemangacine.fr\/wp-content\/uploads\/2023\/10\/3876-Baionnette-Mauser-K98.jpg\" \/>\n\t<meta property=\"og:image:width\" content=\"800\" \/>\n\t<meta property=\"og:image:height\" content=\"800\" \/>\n\t<meta property=\"og:image:type\" content=\"image\/jpeg\" \/>\n<meta name=\"twitter:card\" content=\"summary_large_image\" \/>\n<meta name=\"twitter:label1\" content=\"Est. reading time\" \/>\n\t<meta name=\"twitter:data1\" content=\"2 minutes\" \/>\n<script type=\"application\/ld+json\" class=\"yoast-schema-graph\">{\"@context\":\"https:\\\/\\\/schema.org\",\"@graph\":[{\"@type\":\"WebPage\",\"@id\":\"https:\\\/\\\/repliquemangacine.fr\\\/en\\\/daggers-and-accessories-world-war-ii-militaria-materiel\\\/mauser-k98-bayonet\\\/\",\"url\":\"https:\\\/\\\/repliquemangacine.fr\\\/en\\\/daggers-and-accessories-world-war-ii-militaria-materiel\\\/mauser-k98-bayonet\\\/\",\"name\":\"Ba\u00efonnette Mauser K98 - Boutique en ligne | R\u00e9plique Manga Cin\u00e9\",\"isPartOf\":{\"@id\":\"https:\\\/\\\/repliquemangacine.fr\\\/#website\"},\"primaryImageOfPage\":{\"@id\":\"https:\\\/\\\/repliquemangacine.fr\\\/en\\\/daggers-and-accessories-world-war-ii-militaria-materiel\\\/mauser-k98-bayonet\\\/#primaryimage\"},\"image\":{\"@id\":\"https:\\\/\\\/repliquemangacine.fr\\\/en\\\/daggers-and-accessories-world-war-ii-militaria-materiel\\\/mauser-k98-bayonet\\\/#primaryimage\"},\"thumbnailUrl\":\"https:\\\/\\\/repliquemangacine.fr\\\/wp-content\\\/uploads\\\/2023\\\/10\\\/3876-Baionnette-Mauser-K98.jpg\",\"datePublished\":\"2020-11-07T17:42:28+00:00\",\"dateModified\":\"2026-03-21T06:42:54+00:00\",\"description\":\"Offrez-vous votre Ba\u00efonnette Mauser K98 au meilleur prix - Lame en acier avec gorge - Fourreau m\u00e9tal avec clip - Longueur totale : 38 cm - Poids : 500 grs\",\"breadcrumb\":{\"@id\":\"https:\\\/\\\/repliquemangacine.fr\\\/en\\\/daggers-and-accessories-world-war-ii-militaria-materiel\\\/mauser-k98-bayonet\\\/#breadcrumb\"},\"inLanguage\":\"en-US\",\"potentialAction\":[{\"@type\":\"ReadAction\",\"target\":[\"https:\\\/\\\/repliquemangacine.fr\\\/en\\\/daggers-and-accessories-world-war-ii-militaria-materiel\\\/mauser-k98-bayonet\\\/\"]}]},{\"@type\":\"ImageObject\",\"inLanguage\":\"en-US\",\"@id\":\"https:\\\/\\\/repliquemangacine.fr\\\/en\\\/daggers-and-accessories-world-war-ii-militaria-materiel\\\/mauser-k98-bayonet\\\/#primaryimage\",\"url\":\"https:\\\/\\\/repliquemangacine.fr\\\/wp-content\\\/uploads\\\/2023\\\/10\\\/3876-Baionnette-Mauser-K98.jpg\",\"contentUrl\":\"https:\\\/\\\/repliquemangacine.fr\\\/wp-content\\\/uploads\\\/2023\\\/10\\\/3876-Baionnette-Mauser-K98.jpg\",\"width\":800,\"height\":800,\"caption\":\"Ba\u00efonnette Mauser K98\"},{\"@type\":\"BreadcrumbList\",\"@id\":\"https:\\\/\\\/repliquemangacine.fr\\\/en\\\/daggers-and-accessories-world-war-ii-militaria-materiel\\\/mauser-k98-bayonet\\\/#breadcrumb\",\"itemListElement\":[{\"@type\":\"ListItem\",\"position\":1,\"name\":\"Accueil\",\"item\":\"https:\\\/\\\/repliquemangacine.fr\\\/\"},{\"@type\":\"ListItem\",\"position\":2,\"name\":\"Produits\",\"item\":\"https:\\\/\\\/repliquemangacine.fr\\\/boutique\\\/\"},{\"@type\":\"ListItem\",\"position\":3,\"name\":\"BAIONNETTE MAUSER K98\"}]},{\"@type\":\"WebSite\",\"@id\":\"https:\\\/\\\/repliquemangacine.fr\\\/#website\",\"url\":\"https:\\\/\\\/repliquemangacine.fr\\\/\",\"name\":\"R\u00e9plique Manga Cin\u00e9\",\"description\":\"\",\"publisher\":{\"@id\":\"https:\\\/\\\/repliquemangacine.fr\\\/#organization\"},\"potentialAction\":[{\"@type\":\"SearchAction\",\"target\":{\"@type\":\"EntryPoint\",\"urlTemplate\":\"https:\\\/\\\/repliquemangacine.fr\\\/?s={search_term_string}\"},\"query-input\":{\"@type\":\"PropertyValueSpecification\",\"valueRequired\":true,\"valueName\":\"search_term_string\"}}],\"inLanguage\":\"en-US\"},{\"@type\":\"Organization\",\"@id\":\"https:\\\/\\\/repliquemangacine.fr\\\/#organization\",\"name\":\"R\u00e9plique Manga Cin\u00e9\",\"url\":\"https:\\\/\\\/repliquemangacine.fr\\\/\",\"logo\":{\"@type\":\"ImageObject\",\"inLanguage\":\"en-US\",\"@id\":\"https:\\\/\\\/repliquemangacine.fr\\\/#\\\/schema\\\/logo\\\/image\\\/\",\"url\":\"https:\\\/\\\/repliquemangacine.fr\\\/wp-content\\\/uploads\\\/2023\\\/10\\\/RMC-500250.png\",\"contentUrl\":\"https:\\\/\\\/repliquemangacine.fr\\\/wp-content\\\/uploads\\\/2023\\\/10\\\/RMC-500250.png\",\"width\":500,\"height\":250,\"caption\":\"R\u00e9plique Manga Cin\u00e9\"},\"image\":{\"@id\":\"https:\\\/\\\/repliquemangacine.fr\\\/#\\\/schema\\\/logo\\\/image\\\/\"},\"sameAs\":[\"https:\\\/\\\/www.facebook.com\\\/RepliqueMangaCine\",\"https:\\\/\\\/www.instagram.com\\\/repliquemangacine.fr\\\/\"]}]}<\/script>\n<!-- \/ Yoast SEO plugin. -->","yoast_head_json":{"title":"Bayonet Mauser K98 - Online Shop | R\u00e9plique Manga Cin\u00e9","description":"Buy your Mauser K98 bayonet at the best price - Steel blade with throat - Metal sheath with clip - Total length: 38 cm - Weight: 500 grs","robots":{"index":"index","follow":"follow","max-snippet":"max-snippet:-1","max-image-preview":"max-image-preview:large","max-video-preview":"max-video-preview:-1"},"canonical":"https:\/\/repliquemangacine.fr\/en\/daggers-and-accessories-world-war-ii-militaria-materiel\/mauser-k98-bayonet\/","og_locale":"en_US","og_type":"article","og_title":"Ba\u00efonnette Mauser K98 - Boutique en ligne | R\u00e9plique Manga Cin\u00e9","og_description":"Offrez-vous votre Ba\u00efonnette Mauser K98 au meilleur prix - Lame en acier avec gorge - Fourreau m\u00e9tal avec clip - Longueur totale : 38 cm - Poids : 500 grs","og_url":"https:\/\/repliquemangacine.fr\/en\/daggers-and-accessories-world-war-ii-militaria-materiel\/mauser-k98-bayonet\/","og_site_name":"R\u00e9plique Manga Cin\u00e9","article_publisher":"https:\/\/www.facebook.com\/RepliqueMangaCine","article_modified_time":"2026-03-21T06:42:54+00:00","og_image":[{"width":800,"height":800,"url":"https:\/\/repliquemangacine.fr\/wp-content\/uploads\/2023\/10\/3876-Baionnette-Mauser-K98.jpg","type":"image\/jpeg"}],"twitter_card":"summary_large_image","twitter_misc":{"Est. reading time":"2 minutes"},"schema":{"@context":"https:\/\/schema.org","@graph":[{"@type":"WebPage","@id":"https:\/\/repliquemangacine.fr\/en\/daggers-and-accessories-world-war-ii-militaria-materiel\/mauser-k98-bayonet\/","url":"https:\/\/repliquemangacine.fr\/en\/daggers-and-accessories-world-war-ii-militaria-materiel\/mauser-k98-bayonet\/","name":"Bayonet Mauser K98 - Online Shop | R\u00e9plique Manga Cin\u00e9","isPartOf":{"@id":"https:\/\/repliquemangacine.fr\/#website"},"primaryImageOfPage":{"@id":"https:\/\/repliquemangacine.fr\/en\/daggers-and-accessories-world-war-ii-militaria-materiel\/mauser-k98-bayonet\/#primaryimage"},"image":{"@id":"https:\/\/repliquemangacine.fr\/en\/daggers-and-accessories-world-war-ii-militaria-materiel\/mauser-k98-bayonet\/#primaryimage"},"thumbnailUrl":"https:\/\/repliquemangacine.fr\/wp-content\/uploads\/2023\/10\/3876-Baionnette-Mauser-K98.jpg","datePublished":"2020-11-07T17:42:28+00:00","dateModified":"2026-03-21T06:42:54+00:00","description":"Buy your Mauser K98 bayonet at the best price - Steel blade with throat - Metal sheath with clip - Total length: 38 cm - Weight: 500 grs","breadcrumb":{"@id":"https:\/\/repliquemangacine.fr\/en\/daggers-and-accessories-world-war-ii-militaria-materiel\/mauser-k98-bayonet\/#breadcrumb"},"inLanguage":"en-US","potentialAction":[{"@type":"ReadAction","target":["https:\/\/repliquemangacine.fr\/en\/daggers-and-accessories-world-war-ii-militaria-materiel\/mauser-k98-bayonet\/"]}]},{"@type":"ImageObject","inLanguage":"en-US","@id":"https:\/\/repliquemangacine.fr\/en\/daggers-and-accessories-world-war-ii-militaria-materiel\/mauser-k98-bayonet\/#primaryimage","url":"https:\/\/repliquemangacine.fr\/wp-content\/uploads\/2023\/10\/3876-Baionnette-Mauser-K98.jpg","contentUrl":"https:\/\/repliquemangacine.fr\/wp-content\/uploads\/2023\/10\/3876-Baionnette-Mauser-K98.jpg","width":800,"height":800,"caption":"Ba\u00efonnette Mauser K98"},{"@type":"BreadcrumbList","@id":"https:\/\/repliquemangacine.fr\/en\/daggers-and-accessories-world-war-ii-militaria-materiel\/mauser-k98-bayonet\/#breadcrumb","itemListElement":[{"@type":"ListItem","position":1,"name":"Accueil","item":"https:\/\/repliquemangacine.fr\/"},{"@type":"ListItem","position":2,"name":"Produits","item":"https:\/\/repliquemangacine.fr\/boutique\/"},{"@type":"ListItem","position":3,"name":"BAIONNETTE MAUSER K98"}]},{"@type":"WebSite","@id":"https:\/\/repliquemangacine.fr\/#website","url":"https:\/\/repliquemangacine.fr\/","name":"R\u00e9plique Manga Cin\u00e9","description":"","publisher":{"@id":"https:\/\/repliquemangacine.fr\/#organization"},"potentialAction":[{"@type":"SearchAction","target":{"@type":"EntryPoint","urlTemplate":"https:\/\/repliquemangacine.fr\/?s={search_term_string}"},"query-input":{"@type":"PropertyValueSpecification","valueRequired":true,"valueName":"search_term_string"}}],"inLanguage":"en-US"},{"@type":"Organization","@id":"https:\/\/repliquemangacine.fr\/#organization","name":"R\u00e9plique Manga Cin\u00e9","url":"https:\/\/repliquemangacine.fr\/","logo":{"@type":"ImageObject","inLanguage":"en-US","@id":"https:\/\/repliquemangacine.fr\/#\/schema\/logo\/image\/","url":"https:\/\/repliquemangacine.fr\/wp-content\/uploads\/2023\/10\/RMC-500250.png","contentUrl":"https:\/\/repliquemangacine.fr\/wp-content\/uploads\/2023\/10\/RMC-500250.png","width":500,"height":250,"caption":"R\u00e9plique Manga Cin\u00e9"},"image":{"@id":"https:\/\/repliquemangacine.fr\/#\/schema\/logo\/image\/"},"sameAs":["https:\/\/www.facebook.com\/RepliqueMangaCine","https:\/\/www.instagram.com\/repliquemangacine.fr\/"]}]}},"_links":{"self":[{"href":"https:\/\/repliquemangacine.fr\/en\/wp-json\/wp\/v2\/product\/29192","targetHints":{"allow":["GET"]}}],"collection":[{"href":"https:\/\/repliquemangacine.fr\/en\/wp-json\/wp\/v2\/product"}],"about":[{"href":"https:\/\/repliquemangacine.fr\/en\/wp-json\/wp\/v2\/types\/product"}],"wp:featuredmedia":[{"embeddable":true,"href":"https:\/\/repliquemangacine.fr\/en\/wp-json\/wp\/v2\/media\/29193"}],"wp:attachment":[{"href":"https:\/\/repliquemangacine.fr\/en\/wp-json\/wp\/v2\/media?parent=29192"}],"wp:term":[{"taxonomy":"product_brand","embeddable":true,"href":"https:\/\/repliquemangacine.fr\/en\/wp-json\/wp\/v2\/product_brand?post=29192"},{"taxonomy":"product_cat","embeddable":true,"href":"https:\/\/repliquemangacine.fr\/en\/wp-json\/wp\/v2\/product_cat?post=29192"},{"taxonomy":"product_tag","embeddable":true,"href":"https:\/\/repliquemangacine.fr\/en\/wp-json\/wp\/v2\/product_tag?post=29192"}],"curies":[{"name":"wp","href":"https:\/\/api.w.org\/{rel}","templated":true}]}}