





{"id":29151,"date":"2020-11-04T15:13:38","date_gmt":"2020-11-04T14:13:38","guid":{"rendered":"https:\/\/repliquemangacine.fr\/?post_type=product&#038;p=29151"},"modified":"2025-09-23T18:02:34","modified_gmt":"2025-09-23T16:02:34","slug":"paper-cutter-sword-narsil","status":"publish","type":"product","link":"https:\/\/repliquemangacine.fr\/en\/epees-seigneur-des-anneaux\/coupe-papier-epee-narsil\/","title":{"rendered":"Narsil paper cutter"},"content":{"rendered":"<h2>Sword paper-knife Narsil Lord of the Rings<\/h2>\n<p>To begin with, the <strong>Narsil sword letter opener<\/strong> is inspired by Elendil's sword.<\/p>\n<p>Narsil is the sword of King Elendil, who arrived in Middle-earth during the Second Age after the island of N\u00famenor was submerged by the <a href=\"https:\/\/lotr.fandom.com\/fr\/wiki\/Valar\" target=\"_blank\" rel=\"noopener noreferrer\">Valar<\/a>.<\/p>\n<p>Elendil uses Narsil during the siege of Barad-d\u00fbr against the Maia Sauron, during the war of the Last Alliance of Elves and Men. But Sauron kills Elendil and the sword breaks in two beneath him as he falls.<\/p>\n<p>Elendil's eldest son, Isildur, then takes the section of his father's sword and uses it to cut off the finger on Sauron's hand bearing the One Ring.<br \/>\nIsildur then takes the pieces of Narsil back to his home.<\/p>\n<h2>Your Narsil Letter Opener at the best price.<\/h2>\n<p>We offer a wide selection of Lord of the Rings replicas.<\/p>\n<p>First and foremost,<\/p>\n<ul>\n<li>Let's start with the<a href=\"https:\/\/repliquemangacine.fr\/en\/the-lord-of-the-rings\/narsil-epee-delendil\/\">Narsil sword<\/a> at actual size<\/li>\n<li>As well as the reforged sword, the<a href=\"https:\/\/repliquemangacine.fr\/en\/lord-of-the-rings-swords\/anduril-aragorn-sword-lord-of-the-rings\/\">Anduril<\/a> of Aragorn<\/li>\n<li>There is also the<a href=\"https:\/\/repliquemangacine.fr\/en\/lord-of-the-rings-swords\/boromirs-sword\/\">Boromir's sword<\/a><\/li>\n<li>And many more to discover in our online store!<\/li>\n<\/ul>\n<p>That's why here's an inexpensive gift idea for fans of The Lord of the Rings trilogy.<\/p>\n<p>In conclusion, you can use this <strong>Narsil sword letter opener<\/strong> in everyday life. But above all, it is a collector's item and decorative piece.<\/p>\n<p>R\u00e9plique Manga Cin\u00e9 is a French family business.<\/p>\n<h2>How to maintain the blade of your Lord of the Rings sword?<\/h2>\n<p>Collector's and decorative swords are made and assembled in a simplified way. As their use is decorative, they lack the safety features required of a Japanese sword intended for training.<\/p>\n<p>However, your <strong>Narsil sword letter opener<\/strong> to a steel blade that needs to be cared for to avoid damage over time. In fact, when you display your katana, your friends will be curious to see and touch the blade. This is where you need to be careful, as the acidity of your fingers is very harmful to steel, whatever its quality.<\/p>\n<p>However, if this does happen, don't panic - all you need is a cloth dampened with a little oil and a wipe of fingerprints. By doing so, you'll keep your sword looking its best for a very long time.<\/p>","protected":false},"excerpt":{"rendered":"<p>Paper-knife replica of the Narsil sword in \"The Lord of the Rings\".<\/p>\n<ul>\n<li>440 steel blade.<\/li>\n<li>ABS sheath.<\/li>\n<li>Guard and pommel in solid aged steel.<\/li>\n<li>Blade length: 19 cm - Total length: 34.5 cm - Weight: 150 grs<\/li>\n<\/ul>","protected":false},"featured_media":29152,"template":"","meta":[],"product_brand":[896],"product_cat":[68,24,29],"product_tag":[],"class_list":{"0":"post-29151","1":"product","2":"type-product","3":"status-publish","4":"has-post-thumbnail","6":"product_brand-replique-manga-cine","7":"product_cat-epees-seigneur-des-anneaux","8":"product_cat-films-series-tv-vente-de-katana-epee-et-produits-derives","9":"product_cat-le-seigneur-des-anneaux","11":"first","12":"instock","13":"taxable","14":"shipping-taxable","15":"purchasable","16":"product-type-simple"},"yoast_head":"<!-- This site is optimized with the Yoast SEO plugin v27.5 - https:\/\/yoast.com\/product\/yoast-seo-wordpress\/ -->\n<title>Coupe-papier \u00e9p\u00e9e Narsil - Le Seigneur des Anneaux | RMC<\/title>\n<meta name=\"description\" content=\"Commandez votre coupe-papier \u00e9p\u00e9e Narsil dans Le Seigneur des Anneaux au meilleur prix - Lame acier - Fourreau - Longueur totale :34.5 cm - Envoi 24\/48h\" \/>\n<meta name=\"robots\" content=\"index, follow, max-snippet:-1, max-image-preview:large, max-video-preview:-1\" \/>\n<link rel=\"canonical\" href=\"https:\/\/repliquemangacine.fr\/en\/lord-of-the-rings-swords\/paper-cutter-sword-narsil\/\" \/>\n<meta property=\"og:locale\" content=\"en_US\" \/>\n<meta property=\"og:type\" content=\"article\" \/>\n<meta property=\"og:title\" content=\"Coupe-papier \u00e9p\u00e9e Narsil - Le Seigneur des Anneaux | RMC\" \/>\n<meta property=\"og:description\" content=\"Commandez votre coupe-papier \u00e9p\u00e9e Narsil dans Le Seigneur des Anneaux au meilleur prix - Lame acier - Fourreau - Longueur totale :34.5 cm - Envoi 24\/48h\" \/>\n<meta property=\"og:url\" content=\"https:\/\/repliquemangacine.fr\/en\/lord-of-the-rings-swords\/paper-cutter-sword-narsil\/\" \/>\n<meta property=\"og:site_name\" content=\"R\u00e9plique Manga Cin\u00e9\" \/>\n<meta property=\"article:publisher\" content=\"https:\/\/www.facebook.com\/RepliqueMangaCine\" \/>\n<meta property=\"article:modified_time\" content=\"2025-09-23T16:02:34+00:00\" \/>\n<meta property=\"og:image\" content=\"https:\/\/repliquemangacine.fr\/wp-content\/uploads\/2023\/10\/3844-Dague-epee-Narsil.jpg\" \/>\n\t<meta property=\"og:image:width\" content=\"800\" \/>\n\t<meta property=\"og:image:height\" content=\"800\" \/>\n\t<meta property=\"og:image:type\" content=\"image\/jpeg\" \/>\n<meta name=\"twitter:card\" content=\"summary_large_image\" \/>\n<meta name=\"twitter:label1\" content=\"Est. reading time\" \/>\n\t<meta name=\"twitter:data1\" content=\"2 minutes\" \/>\n<script type=\"application\/ld+json\" class=\"yoast-schema-graph\">{\"@context\":\"https:\\\/\\\/schema.org\",\"@graph\":[{\"@type\":\"WebPage\",\"@id\":\"https:\\\/\\\/repliquemangacine.fr\\\/en\\\/lord-of-the-rings-swords\\\/paper-cutter-sword-narsil\\\/\",\"url\":\"https:\\\/\\\/repliquemangacine.fr\\\/en\\\/lord-of-the-rings-swords\\\/paper-cutter-sword-narsil\\\/\",\"name\":\"Coupe-papier \u00e9p\u00e9e Narsil - Le Seigneur des Anneaux | RMC\",\"isPartOf\":{\"@id\":\"https:\\\/\\\/repliquemangacine.fr\\\/#website\"},\"primaryImageOfPage\":{\"@id\":\"https:\\\/\\\/repliquemangacine.fr\\\/en\\\/lord-of-the-rings-swords\\\/paper-cutter-sword-narsil\\\/#primaryimage\"},\"image\":{\"@id\":\"https:\\\/\\\/repliquemangacine.fr\\\/en\\\/lord-of-the-rings-swords\\\/paper-cutter-sword-narsil\\\/#primaryimage\"},\"thumbnailUrl\":\"https:\\\/\\\/repliquemangacine.fr\\\/wp-content\\\/uploads\\\/2023\\\/10\\\/3844-Dague-epee-Narsil.jpg\",\"datePublished\":\"2020-11-04T14:13:38+00:00\",\"dateModified\":\"2025-09-23T16:02:34+00:00\",\"description\":\"Commandez votre coupe-papier \u00e9p\u00e9e Narsil dans Le Seigneur des Anneaux au meilleur prix - Lame acier - Fourreau - Longueur totale :34.5 cm - Envoi 24\\\/48h\",\"breadcrumb\":{\"@id\":\"https:\\\/\\\/repliquemangacine.fr\\\/en\\\/lord-of-the-rings-swords\\\/paper-cutter-sword-narsil\\\/#breadcrumb\"},\"inLanguage\":\"en-US\",\"potentialAction\":[{\"@type\":\"ReadAction\",\"target\":[\"https:\\\/\\\/repliquemangacine.fr\\\/en\\\/lord-of-the-rings-swords\\\/paper-cutter-sword-narsil\\\/\"]}]},{\"@type\":\"ImageObject\",\"inLanguage\":\"en-US\",\"@id\":\"https:\\\/\\\/repliquemangacine.fr\\\/en\\\/lord-of-the-rings-swords\\\/paper-cutter-sword-narsil\\\/#primaryimage\",\"url\":\"https:\\\/\\\/repliquemangacine.fr\\\/wp-content\\\/uploads\\\/2023\\\/10\\\/3844-Dague-epee-Narsil.jpg\",\"contentUrl\":\"https:\\\/\\\/repliquemangacine.fr\\\/wp-content\\\/uploads\\\/2023\\\/10\\\/3844-Dague-epee-Narsil.jpg\",\"width\":800,\"height\":800,\"caption\":\"Dague \u00e9p\u00e9e Narsil\"},{\"@type\":\"BreadcrumbList\",\"@id\":\"https:\\\/\\\/repliquemangacine.fr\\\/en\\\/lord-of-the-rings-swords\\\/paper-cutter-sword-narsil\\\/#breadcrumb\",\"itemListElement\":[{\"@type\":\"ListItem\",\"position\":1,\"name\":\"Accueil\",\"item\":\"https:\\\/\\\/repliquemangacine.fr\\\/\"},{\"@type\":\"ListItem\",\"position\":2,\"name\":\"Produits\",\"item\":\"https:\\\/\\\/repliquemangacine.fr\\\/boutique\\\/\"},{\"@type\":\"ListItem\",\"position\":3,\"name\":\"Coupe Papier Narsil\"}]},{\"@type\":\"WebSite\",\"@id\":\"https:\\\/\\\/repliquemangacine.fr\\\/#website\",\"url\":\"https:\\\/\\\/repliquemangacine.fr\\\/\",\"name\":\"R\u00e9plique Manga Cin\u00e9\",\"description\":\"\",\"publisher\":{\"@id\":\"https:\\\/\\\/repliquemangacine.fr\\\/#organization\"},\"potentialAction\":[{\"@type\":\"SearchAction\",\"target\":{\"@type\":\"EntryPoint\",\"urlTemplate\":\"https:\\\/\\\/repliquemangacine.fr\\\/?s={search_term_string}\"},\"query-input\":{\"@type\":\"PropertyValueSpecification\",\"valueRequired\":true,\"valueName\":\"search_term_string\"}}],\"inLanguage\":\"en-US\"},{\"@type\":\"Organization\",\"@id\":\"https:\\\/\\\/repliquemangacine.fr\\\/#organization\",\"name\":\"R\u00e9plique Manga Cin\u00e9\",\"url\":\"https:\\\/\\\/repliquemangacine.fr\\\/\",\"logo\":{\"@type\":\"ImageObject\",\"inLanguage\":\"en-US\",\"@id\":\"https:\\\/\\\/repliquemangacine.fr\\\/#\\\/schema\\\/logo\\\/image\\\/\",\"url\":\"https:\\\/\\\/repliquemangacine.fr\\\/wp-content\\\/uploads\\\/2023\\\/10\\\/RMC-500250.png\",\"contentUrl\":\"https:\\\/\\\/repliquemangacine.fr\\\/wp-content\\\/uploads\\\/2023\\\/10\\\/RMC-500250.png\",\"width\":500,\"height\":250,\"caption\":\"R\u00e9plique Manga Cin\u00e9\"},\"image\":{\"@id\":\"https:\\\/\\\/repliquemangacine.fr\\\/#\\\/schema\\\/logo\\\/image\\\/\"},\"sameAs\":[\"https:\\\/\\\/www.facebook.com\\\/RepliqueMangaCine\",\"https:\\\/\\\/www.instagram.com\\\/repliquemangacine.fr\\\/\"]}]}<\/script>\n<!-- \/ Yoast SEO plugin. -->","yoast_head_json":{"title":"Sword paper-knife Narsil - The Lord of the Rings | RMC","description":"Order your Narsil sword letter opener in The Lord of the Rings at the best price - Steel blade - Scabbard - Total length :34.5 cm - Shipment 24\/48h","robots":{"index":"index","follow":"follow","max-snippet":"max-snippet:-1","max-image-preview":"max-image-preview:large","max-video-preview":"max-video-preview:-1"},"canonical":"https:\/\/repliquemangacine.fr\/en\/lord-of-the-rings-swords\/paper-cutter-sword-narsil\/","og_locale":"en_US","og_type":"article","og_title":"Coupe-papier \u00e9p\u00e9e Narsil - Le Seigneur des Anneaux | RMC","og_description":"Commandez votre coupe-papier \u00e9p\u00e9e Narsil dans Le Seigneur des Anneaux au meilleur prix - Lame acier - Fourreau - Longueur totale :34.5 cm - Envoi 24\/48h","og_url":"https:\/\/repliquemangacine.fr\/en\/lord-of-the-rings-swords\/paper-cutter-sword-narsil\/","og_site_name":"R\u00e9plique Manga Cin\u00e9","article_publisher":"https:\/\/www.facebook.com\/RepliqueMangaCine","article_modified_time":"2025-09-23T16:02:34+00:00","og_image":[{"width":800,"height":800,"url":"https:\/\/repliquemangacine.fr\/wp-content\/uploads\/2023\/10\/3844-Dague-epee-Narsil.jpg","type":"image\/jpeg"}],"twitter_card":"summary_large_image","twitter_misc":{"Est. reading time":"2 minutes"},"schema":{"@context":"https:\/\/schema.org","@graph":[{"@type":"WebPage","@id":"https:\/\/repliquemangacine.fr\/en\/lord-of-the-rings-swords\/paper-cutter-sword-narsil\/","url":"https:\/\/repliquemangacine.fr\/en\/lord-of-the-rings-swords\/paper-cutter-sword-narsil\/","name":"Sword paper-knife Narsil - The Lord of the Rings | RMC","isPartOf":{"@id":"https:\/\/repliquemangacine.fr\/#website"},"primaryImageOfPage":{"@id":"https:\/\/repliquemangacine.fr\/en\/lord-of-the-rings-swords\/paper-cutter-sword-narsil\/#primaryimage"},"image":{"@id":"https:\/\/repliquemangacine.fr\/en\/lord-of-the-rings-swords\/paper-cutter-sword-narsil\/#primaryimage"},"thumbnailUrl":"https:\/\/repliquemangacine.fr\/wp-content\/uploads\/2023\/10\/3844-Dague-epee-Narsil.jpg","datePublished":"2020-11-04T14:13:38+00:00","dateModified":"2025-09-23T16:02:34+00:00","description":"Order your Narsil sword letter opener in The Lord of the Rings at the best price - Steel blade - Scabbard - Total length :34.5 cm - Shipment 24\/48h","breadcrumb":{"@id":"https:\/\/repliquemangacine.fr\/en\/lord-of-the-rings-swords\/paper-cutter-sword-narsil\/#breadcrumb"},"inLanguage":"en-US","potentialAction":[{"@type":"ReadAction","target":["https:\/\/repliquemangacine.fr\/en\/lord-of-the-rings-swords\/paper-cutter-sword-narsil\/"]}]},{"@type":"ImageObject","inLanguage":"en-US","@id":"https:\/\/repliquemangacine.fr\/en\/lord-of-the-rings-swords\/paper-cutter-sword-narsil\/#primaryimage","url":"https:\/\/repliquemangacine.fr\/wp-content\/uploads\/2023\/10\/3844-Dague-epee-Narsil.jpg","contentUrl":"https:\/\/repliquemangacine.fr\/wp-content\/uploads\/2023\/10\/3844-Dague-epee-Narsil.jpg","width":800,"height":800,"caption":"Dague \u00e9p\u00e9e Narsil"},{"@type":"BreadcrumbList","@id":"https:\/\/repliquemangacine.fr\/en\/lord-of-the-rings-swords\/paper-cutter-sword-narsil\/#breadcrumb","itemListElement":[{"@type":"ListItem","position":1,"name":"Accueil","item":"https:\/\/repliquemangacine.fr\/"},{"@type":"ListItem","position":2,"name":"Produits","item":"https:\/\/repliquemangacine.fr\/boutique\/"},{"@type":"ListItem","position":3,"name":"Coupe Papier Narsil"}]},{"@type":"WebSite","@id":"https:\/\/repliquemangacine.fr\/#website","url":"https:\/\/repliquemangacine.fr\/","name":"R\u00e9plique Manga Cin\u00e9","description":"","publisher":{"@id":"https:\/\/repliquemangacine.fr\/#organization"},"potentialAction":[{"@type":"SearchAction","target":{"@type":"EntryPoint","urlTemplate":"https:\/\/repliquemangacine.fr\/?s={search_term_string}"},"query-input":{"@type":"PropertyValueSpecification","valueRequired":true,"valueName":"search_term_string"}}],"inLanguage":"en-US"},{"@type":"Organization","@id":"https:\/\/repliquemangacine.fr\/#organization","name":"R\u00e9plique Manga Cin\u00e9","url":"https:\/\/repliquemangacine.fr\/","logo":{"@type":"ImageObject","inLanguage":"en-US","@id":"https:\/\/repliquemangacine.fr\/#\/schema\/logo\/image\/","url":"https:\/\/repliquemangacine.fr\/wp-content\/uploads\/2023\/10\/RMC-500250.png","contentUrl":"https:\/\/repliquemangacine.fr\/wp-content\/uploads\/2023\/10\/RMC-500250.png","width":500,"height":250,"caption":"R\u00e9plique Manga Cin\u00e9"},"image":{"@id":"https:\/\/repliquemangacine.fr\/#\/schema\/logo\/image\/"},"sameAs":["https:\/\/www.facebook.com\/RepliqueMangaCine","https:\/\/www.instagram.com\/repliquemangacine.fr\/"]}]}},"_links":{"self":[{"href":"https:\/\/repliquemangacine.fr\/en\/wp-json\/wp\/v2\/product\/29151","targetHints":{"allow":["GET"]}}],"collection":[{"href":"https:\/\/repliquemangacine.fr\/en\/wp-json\/wp\/v2\/product"}],"about":[{"href":"https:\/\/repliquemangacine.fr\/en\/wp-json\/wp\/v2\/types\/product"}],"wp:featuredmedia":[{"embeddable":true,"href":"https:\/\/repliquemangacine.fr\/en\/wp-json\/wp\/v2\/media\/29152"}],"wp:attachment":[{"href":"https:\/\/repliquemangacine.fr\/en\/wp-json\/wp\/v2\/media?parent=29151"}],"wp:term":[{"taxonomy":"product_brand","embeddable":true,"href":"https:\/\/repliquemangacine.fr\/en\/wp-json\/wp\/v2\/product_brand?post=29151"},{"taxonomy":"product_cat","embeddable":true,"href":"https:\/\/repliquemangacine.fr\/en\/wp-json\/wp\/v2\/product_cat?post=29151"},{"taxonomy":"product_tag","embeddable":true,"href":"https:\/\/repliquemangacine.fr\/en\/wp-json\/wp\/v2\/product_tag?post=29151"}],"curies":[{"name":"wp","href":"https:\/\/api.w.org\/{rel}","templated":true}]}}