





{"id":29137,"date":"2020-10-29T16:37:35","date_gmt":"2020-10-29T15:37:35","guid":{"rendered":"https:\/\/repliquemangacine.fr\/?post_type=product&#038;p=29137"},"modified":"2025-09-23T18:02:34","modified_gmt":"2025-09-23T16:02:34","slug":"katana-forges-the-last-samurai","status":"publish","type":"product","link":"https:\/\/repliquemangacine.fr\/en\/katanas-le-dernier-samourai\/katana-forge-le-dernier-samourai\/","title":{"rendered":"Last Samurai forge"},"content":{"rendered":"<h2>Forged Katana Last Samurai<\/h2>\n<p>To begin with, the <strong>Forged katana Last Samurai<\/strong> is a superb replica of the katana held by Tom Cruise in the film The Last Samurai.<\/p>\n<p>The Japanese sword describes a set of bladed weapons, manufactured according to Japanese techniques. These include the Tachi, the Wakizashi, the Tanto and, of course, the famous Katana. It's worth pointing out that the Japanese sword was created for warlike use. Today, they are considered works of art in their own right.<\/p>\n<p>The katana, Japan's most popular sword. Worn by the Japanese samurai, it has been passed down through the generations. That's why there are so many <a href=\"https:\/\/www.touken.or.jp\/english\/\" target=\"_blank\" rel=\"noopener noreferrer\">museums<\/a> in Japan. Steels are important for your application.<\/p>\n<ul>\n<li>For beginners, 1045 steel.<\/li>\n<li>For cutting training, steel 1060.<\/li>\n<li>For intensive use, 1095 steel.<\/li>\n<\/ul>\n<h2>Your Last Samurai Forged Katana at the best price.<\/h2>\n<p>We offer a wide selection of Japanese swords for training and decoration.<\/p>\n<p>First and foremost,<\/p>\n<ul>\n<li>Visit <a href=\"https:\/\/repliquemangacine.fr\/en\/films-tv-series-sale-of-katana-sword-and-related-products\/katana-forge-de-michonne\/\">Michonne's cutting katana<\/a> in The Walking Dead series.<\/li>\n<li>But also the <a href=\"https:\/\/repliquemangacine.fr\/en\/the-last-samurai\/katana-practical-seigi\/\">katana Seigi<\/a> seen in the film The Last Samurai.<\/li>\n<li>And many more to discover in our online store!<\/li>\n<\/ul>\n<p>That's why this is a great gift idea for Martial Arts lovers.<\/p>\n<p>In conclusion, you can also use this <strong>Forged Katana Last Samurai<\/strong> for your cutting debut, or for your collection. But above all, it's also a collector's item and a decorative element.<\/p>\n<h2>How to maintain the blade of your Japanese sword?<\/h2>\n<p>Collector's and decorative katanas are made and assembled in a simplified way. As their use is decorative, they lack the safety features required of a Japanese saber intended for training.<\/p>\n<p>However, your <strong>Forged Katana Last Samurai<\/strong> to a steel blade that needs to be cared for to avoid damage over time. In fact, when you display your katana, your friends will be curious to see and touch the blade. This is where you need to be careful, as the acidity of your fingers is very harmful to steel, whatever its quality.<\/p>\n<p>However, if this does happen, don't panic - all you need is a cloth dampened with a little oil and a wipe of fingerprints. By doing so, you'll keep your sword looking its best for a very long time.<\/p>","protected":false},"excerpt":{"rendered":"<p>Katana of Nathan Algren alias Tom Cruise in the film \"The Last Samurai\".<\/p>\n<ul>\n<li>Engraved, sharp blade in 1045 \"Maru\" steel.<\/li>\n<li>Specially shaped steel guard with black coating.<\/li>\n<li>Handle covered with black cotton braid.<\/li>\n<li>Black lacquered wooden scabbard.<\/li>\n<li>Carrying case including maintenance kit, black lacquered presentation stand, protective cover and user's guide.<\/li>\n<li>Blade length: 68 cm - Total length: 102 cm - Weight: 1000grs<\/li>\n<\/ul>","protected":false},"featured_media":29138,"template":"","meta":[],"product_brand":[896],"product_cat":[66,24,26,38,88],"product_tag":[],"class_list":{"0":"post-29137","1":"product","2":"type-product","3":"status-publish","4":"has-post-thumbnail","6":"product_brand-replique-manga-cine","7":"product_cat-repliques-d-armes-films-et-series","8":"product_cat-films-series-tv-vente-de-katana-epee-et-produits-derives","9":"product_cat-katana-epee","10":"product_cat-katana-forge","11":"product_cat-katanas-le-dernier-samourai","13":"first","14":"instock","15":"taxable","16":"shipping-taxable","17":"purchasable","18":"product-type-simple"},"yoast_head":"<!-- This site is optimized with the Yoast SEO plugin v27.5 - https:\/\/yoast.com\/product\/yoast-seo-wordpress\/ -->\n<title>Katana Forg\u00e9 Dernier Samoura\u00ef | R\u00e9plique Manga Cin\u00e9<\/title>\n<meta name=\"description\" content=\"Offrez-vous le Katana Forg\u00e9 Dernier Samoura\u00ef au meilleur prix - Lame tranchante acier 1045 Maru - Coffret de transport - kit entretien - 102 cm\" \/>\n<meta name=\"robots\" content=\"index, follow, max-snippet:-1, max-image-preview:large, max-video-preview:-1\" \/>\n<link rel=\"canonical\" href=\"https:\/\/repliquemangacine.fr\/en\/katanas-the-last-samurai\/katana-forges-the-last-samurai\/\" \/>\n<meta property=\"og:locale\" content=\"en_US\" \/>\n<meta property=\"og:type\" content=\"article\" \/>\n<meta property=\"og:title\" content=\"Katana Forg\u00e9 Dernier Samoura\u00ef | R\u00e9plique Manga Cin\u00e9\" \/>\n<meta property=\"og:description\" content=\"Offrez-vous le Katana Forg\u00e9 Dernier Samoura\u00ef au meilleur prix - Lame tranchante acier 1045 Maru - Coffret de transport - kit entretien - 102 cm\" \/>\n<meta property=\"og:url\" content=\"https:\/\/repliquemangacine.fr\/en\/katanas-the-last-samurai\/katana-forges-the-last-samurai\/\" \/>\n<meta property=\"og:site_name\" content=\"R\u00e9plique Manga Cin\u00e9\" \/>\n<meta property=\"article:publisher\" content=\"https:\/\/www.facebook.com\/RepliqueMangaCine\" \/>\n<meta property=\"article:modified_time\" content=\"2025-09-23T16:02:34+00:00\" \/>\n<meta property=\"og:image\" content=\"https:\/\/repliquemangacine.fr\/wp-content\/uploads\/2023\/10\/3830-Katana-forge-le-dernier-Samourai.jpg\" \/>\n\t<meta property=\"og:image:width\" content=\"800\" \/>\n\t<meta property=\"og:image:height\" content=\"800\" \/>\n\t<meta property=\"og:image:type\" content=\"image\/jpeg\" \/>\n<meta name=\"twitter:card\" content=\"summary_large_image\" \/>\n<meta name=\"twitter:label1\" content=\"Est. reading time\" \/>\n\t<meta name=\"twitter:data1\" content=\"1 minute\" \/>\n<script type=\"application\/ld+json\" class=\"yoast-schema-graph\">{\"@context\":\"https:\\\/\\\/schema.org\",\"@graph\":[{\"@type\":\"WebPage\",\"@id\":\"https:\\\/\\\/repliquemangacine.fr\\\/katanas-le-dernier-samourai\\\/katana-forge-le-dernier-samourai\\\/\",\"url\":\"https:\\\/\\\/repliquemangacine.fr\\\/katanas-le-dernier-samourai\\\/katana-forge-le-dernier-samourai\\\/\",\"name\":\"Katana Forg\u00e9 Dernier Samoura\u00ef | R\u00e9plique Manga Cin\u00e9\",\"isPartOf\":{\"@id\":\"https:\\\/\\\/repliquemangacine.fr\\\/#website\"},\"primaryImageOfPage\":{\"@id\":\"https:\\\/\\\/repliquemangacine.fr\\\/katanas-le-dernier-samourai\\\/katana-forge-le-dernier-samourai\\\/#primaryimage\"},\"image\":{\"@id\":\"https:\\\/\\\/repliquemangacine.fr\\\/katanas-le-dernier-samourai\\\/katana-forge-le-dernier-samourai\\\/#primaryimage\"},\"thumbnailUrl\":\"https:\\\/\\\/repliquemangacine.fr\\\/wp-content\\\/uploads\\\/2023\\\/10\\\/3830-Katana-forge-le-dernier-Samourai.jpg\",\"datePublished\":\"2020-10-29T15:37:35+00:00\",\"dateModified\":\"2025-09-23T16:02:34+00:00\",\"description\":\"Offrez-vous le Katana Forg\u00e9 Dernier Samoura\u00ef au meilleur prix - Lame tranchante acier 1045 Maru - Coffret de transport - kit entretien - 102 cm\",\"breadcrumb\":{\"@id\":\"https:\\\/\\\/repliquemangacine.fr\\\/katanas-le-dernier-samourai\\\/katana-forge-le-dernier-samourai\\\/#breadcrumb\"},\"inLanguage\":\"en-US\",\"potentialAction\":[{\"@type\":\"ReadAction\",\"target\":[\"https:\\\/\\\/repliquemangacine.fr\\\/katanas-le-dernier-samourai\\\/katana-forge-le-dernier-samourai\\\/\"]}]},{\"@type\":\"ImageObject\",\"inLanguage\":\"en-US\",\"@id\":\"https:\\\/\\\/repliquemangacine.fr\\\/katanas-le-dernier-samourai\\\/katana-forge-le-dernier-samourai\\\/#primaryimage\",\"url\":\"https:\\\/\\\/repliquemangacine.fr\\\/wp-content\\\/uploads\\\/2023\\\/10\\\/3830-Katana-forge-le-dernier-Samourai.jpg\",\"contentUrl\":\"https:\\\/\\\/repliquemangacine.fr\\\/wp-content\\\/uploads\\\/2023\\\/10\\\/3830-Katana-forge-le-dernier-Samourai.jpg\",\"width\":800,\"height\":800,\"caption\":\"Katana forg\u00e9 le dernier Samourai\"},{\"@type\":\"BreadcrumbList\",\"@id\":\"https:\\\/\\\/repliquemangacine.fr\\\/katanas-le-dernier-samourai\\\/katana-forge-le-dernier-samourai\\\/#breadcrumb\",\"itemListElement\":[{\"@type\":\"ListItem\",\"position\":1,\"name\":\"Accueil\",\"item\":\"https:\\\/\\\/repliquemangacine.fr\\\/\"},{\"@type\":\"ListItem\",\"position\":2,\"name\":\"Produits\",\"item\":\"https:\\\/\\\/repliquemangacine.fr\\\/boutique\\\/\"},{\"@type\":\"ListItem\",\"position\":3,\"name\":\"Dernier Samoura\u00ef forge\"}]},{\"@type\":\"WebSite\",\"@id\":\"https:\\\/\\\/repliquemangacine.fr\\\/#website\",\"url\":\"https:\\\/\\\/repliquemangacine.fr\\\/\",\"name\":\"R\u00e9plique Manga Cin\u00e9\",\"description\":\"\",\"publisher\":{\"@id\":\"https:\\\/\\\/repliquemangacine.fr\\\/#organization\"},\"potentialAction\":[{\"@type\":\"SearchAction\",\"target\":{\"@type\":\"EntryPoint\",\"urlTemplate\":\"https:\\\/\\\/repliquemangacine.fr\\\/?s={search_term_string}\"},\"query-input\":{\"@type\":\"PropertyValueSpecification\",\"valueRequired\":true,\"valueName\":\"search_term_string\"}}],\"inLanguage\":\"en-US\"},{\"@type\":\"Organization\",\"@id\":\"https:\\\/\\\/repliquemangacine.fr\\\/#organization\",\"name\":\"R\u00e9plique Manga Cin\u00e9\",\"url\":\"https:\\\/\\\/repliquemangacine.fr\\\/\",\"logo\":{\"@type\":\"ImageObject\",\"inLanguage\":\"en-US\",\"@id\":\"https:\\\/\\\/repliquemangacine.fr\\\/#\\\/schema\\\/logo\\\/image\\\/\",\"url\":\"https:\\\/\\\/repliquemangacine.fr\\\/wp-content\\\/uploads\\\/2023\\\/10\\\/RMC-500250.png\",\"contentUrl\":\"https:\\\/\\\/repliquemangacine.fr\\\/wp-content\\\/uploads\\\/2023\\\/10\\\/RMC-500250.png\",\"width\":500,\"height\":250,\"caption\":\"R\u00e9plique Manga Cin\u00e9\"},\"image\":{\"@id\":\"https:\\\/\\\/repliquemangacine.fr\\\/#\\\/schema\\\/logo\\\/image\\\/\"},\"sameAs\":[\"https:\\\/\\\/www.facebook.com\\\/RepliqueMangaCine\",\"https:\\\/\\\/www.instagram.com\\\/repliquemangacine.fr\\\/\"]}]}<\/script>\n<!-- \/ Yoast SEO plugin. -->","yoast_head_json":{"title":"Forged Katana Last Samurai | R\u00e9plique Manga Cin\u00e9","description":"Treat yourself to the Last Samurai Forged Katana at the best price - 1045 Maru steel cutting blade - Carrying case - Maintenance kit - 102 cm","robots":{"index":"index","follow":"follow","max-snippet":"max-snippet:-1","max-image-preview":"max-image-preview:large","max-video-preview":"max-video-preview:-1"},"canonical":"https:\/\/repliquemangacine.fr\/en\/katanas-the-last-samurai\/katana-forges-the-last-samurai\/","og_locale":"en_US","og_type":"article","og_title":"Katana Forg\u00e9 Dernier Samoura\u00ef | R\u00e9plique Manga Cin\u00e9","og_description":"Offrez-vous le Katana Forg\u00e9 Dernier Samoura\u00ef au meilleur prix - Lame tranchante acier 1045 Maru - Coffret de transport - kit entretien - 102 cm","og_url":"https:\/\/repliquemangacine.fr\/en\/katanas-the-last-samurai\/katana-forges-the-last-samurai\/","og_site_name":"R\u00e9plique Manga Cin\u00e9","article_publisher":"https:\/\/www.facebook.com\/RepliqueMangaCine","article_modified_time":"2025-09-23T16:02:34+00:00","og_image":[{"width":800,"height":800,"url":"https:\/\/repliquemangacine.fr\/wp-content\/uploads\/2023\/10\/3830-Katana-forge-le-dernier-Samourai.jpg","type":"image\/jpeg"}],"twitter_card":"summary_large_image","twitter_misc":{"Est. reading time":"1 minute"},"schema":{"@context":"https:\/\/schema.org","@graph":[{"@type":"WebPage","@id":"https:\/\/repliquemangacine.fr\/katanas-le-dernier-samourai\/katana-forge-le-dernier-samourai\/","url":"https:\/\/repliquemangacine.fr\/katanas-le-dernier-samourai\/katana-forge-le-dernier-samourai\/","name":"Forged Katana Last Samurai | R\u00e9plique Manga Cin\u00e9","isPartOf":{"@id":"https:\/\/repliquemangacine.fr\/#website"},"primaryImageOfPage":{"@id":"https:\/\/repliquemangacine.fr\/katanas-le-dernier-samourai\/katana-forge-le-dernier-samourai\/#primaryimage"},"image":{"@id":"https:\/\/repliquemangacine.fr\/katanas-le-dernier-samourai\/katana-forge-le-dernier-samourai\/#primaryimage"},"thumbnailUrl":"https:\/\/repliquemangacine.fr\/wp-content\/uploads\/2023\/10\/3830-Katana-forge-le-dernier-Samourai.jpg","datePublished":"2020-10-29T15:37:35+00:00","dateModified":"2025-09-23T16:02:34+00:00","description":"Treat yourself to the Last Samurai Forged Katana at the best price - 1045 Maru steel cutting blade - Carrying case - Maintenance kit - 102 cm","breadcrumb":{"@id":"https:\/\/repliquemangacine.fr\/katanas-le-dernier-samourai\/katana-forge-le-dernier-samourai\/#breadcrumb"},"inLanguage":"en-US","potentialAction":[{"@type":"ReadAction","target":["https:\/\/repliquemangacine.fr\/katanas-le-dernier-samourai\/katana-forge-le-dernier-samourai\/"]}]},{"@type":"ImageObject","inLanguage":"en-US","@id":"https:\/\/repliquemangacine.fr\/katanas-le-dernier-samourai\/katana-forge-le-dernier-samourai\/#primaryimage","url":"https:\/\/repliquemangacine.fr\/wp-content\/uploads\/2023\/10\/3830-Katana-forge-le-dernier-Samourai.jpg","contentUrl":"https:\/\/repliquemangacine.fr\/wp-content\/uploads\/2023\/10\/3830-Katana-forge-le-dernier-Samourai.jpg","width":800,"height":800,"caption":"Katana forg\u00e9 le dernier Samourai"},{"@type":"BreadcrumbList","@id":"https:\/\/repliquemangacine.fr\/katanas-le-dernier-samourai\/katana-forge-le-dernier-samourai\/#breadcrumb","itemListElement":[{"@type":"ListItem","position":1,"name":"Accueil","item":"https:\/\/repliquemangacine.fr\/"},{"@type":"ListItem","position":2,"name":"Produits","item":"https:\/\/repliquemangacine.fr\/boutique\/"},{"@type":"ListItem","position":3,"name":"Dernier Samoura\u00ef forge"}]},{"@type":"WebSite","@id":"https:\/\/repliquemangacine.fr\/#website","url":"https:\/\/repliquemangacine.fr\/","name":"R\u00e9plique Manga Cin\u00e9","description":"","publisher":{"@id":"https:\/\/repliquemangacine.fr\/#organization"},"potentialAction":[{"@type":"SearchAction","target":{"@type":"EntryPoint","urlTemplate":"https:\/\/repliquemangacine.fr\/?s={search_term_string}"},"query-input":{"@type":"PropertyValueSpecification","valueRequired":true,"valueName":"search_term_string"}}],"inLanguage":"en-US"},{"@type":"Organization","@id":"https:\/\/repliquemangacine.fr\/#organization","name":"R\u00e9plique Manga Cin\u00e9","url":"https:\/\/repliquemangacine.fr\/","logo":{"@type":"ImageObject","inLanguage":"en-US","@id":"https:\/\/repliquemangacine.fr\/#\/schema\/logo\/image\/","url":"https:\/\/repliquemangacine.fr\/wp-content\/uploads\/2023\/10\/RMC-500250.png","contentUrl":"https:\/\/repliquemangacine.fr\/wp-content\/uploads\/2023\/10\/RMC-500250.png","width":500,"height":250,"caption":"R\u00e9plique Manga Cin\u00e9"},"image":{"@id":"https:\/\/repliquemangacine.fr\/#\/schema\/logo\/image\/"},"sameAs":["https:\/\/www.facebook.com\/RepliqueMangaCine","https:\/\/www.instagram.com\/repliquemangacine.fr\/"]}]}},"_links":{"self":[{"href":"https:\/\/repliquemangacine.fr\/en\/wp-json\/wp\/v2\/product\/29137","targetHints":{"allow":["GET"]}}],"collection":[{"href":"https:\/\/repliquemangacine.fr\/en\/wp-json\/wp\/v2\/product"}],"about":[{"href":"https:\/\/repliquemangacine.fr\/en\/wp-json\/wp\/v2\/types\/product"}],"wp:featuredmedia":[{"embeddable":true,"href":"https:\/\/repliquemangacine.fr\/en\/wp-json\/wp\/v2\/media\/29138"}],"wp:attachment":[{"href":"https:\/\/repliquemangacine.fr\/en\/wp-json\/wp\/v2\/media?parent=29137"}],"wp:term":[{"taxonomy":"product_brand","embeddable":true,"href":"https:\/\/repliquemangacine.fr\/en\/wp-json\/wp\/v2\/product_brand?post=29137"},{"taxonomy":"product_cat","embeddable":true,"href":"https:\/\/repliquemangacine.fr\/en\/wp-json\/wp\/v2\/product_cat?post=29137"},{"taxonomy":"product_tag","embeddable":true,"href":"https:\/\/repliquemangacine.fr\/en\/wp-json\/wp\/v2\/product_tag?post=29137"}],"curies":[{"name":"wp","href":"https:\/\/api.w.org\/{rel}","templated":true}]}}