





{"id":29118,"date":"2020-10-22T12:42:07","date_gmt":"2020-10-22T10:42:07","guid":{"rendered":"https:\/\/repliquemangacine.fr\/?post_type=product&#038;p=29118"},"modified":"2026-01-15T13:00:47","modified_gmt":"2026-01-15T12:00:47","slug":"roman-sword","status":"publish","type":"product","link":"https:\/\/repliquemangacine.fr\/en\/epees-glaives-antique\/glaive-romain\/","title":{"rendered":"Roman Glaive"},"content":{"rendered":"<h2>Roman Glaive<\/h2>\n<p>To begin with, the <strong>Roman Glaive <\/strong>\u00a0(called gladius in Latin) is used to designate a short sword, the weapon of Roman legionaries. Tiberius sword\u00ab<\/p>\n<p>Unfortunately, little or nothing is known about the development of Gladius in the last four centuries before the Christian era. Roman swords found in archaeological finds only date from the 1st century BC.<\/p>\n<p>The only thing that confirms their kinship with the Roman Gladius is the fact that they have exactly the same kind of scabbard. Since the Romans retained the four attachment rings.<\/p>\n<p>This Roman Glaive is for decorative purposes only, or for non-combat re-enactments. In fact, the blade is not sharp and is by no means unfit for combat.<\/p>\n<h2>Your Roman Glaive at the best price.<\/h2>\n<p>We offer a wide selection of swords and helmets from the Antique period.<\/p>\n<p>First and foremost,<\/p>\n<ul>\n<li>\u00a0L'<a href=\"https:\/\/repliquemangacine.fr\/en\/sword-swords\/mainz-gladius-tiber-sword\/\">Tiberius' sword<\/a> imported from India and manufactured by <a href=\"https:\/\/deepeeka.in\/\" target=\"_blank\" rel=\"noopener noreferrer\">Deepeeka<\/a>.<\/li>\n<li>And Maximus's helmet from the film Gladiator.<\/li>\n<li>There is also the<a href=\"https:\/\/repliquemangacine.fr\/en\/historical-weapons\/black-jules-cesar-sword\/\">Julius Caesar's sword<\/a> in two colors by Denix.<\/li>\n<li>And much more to discover in our online store!<\/li>\n<\/ul>\n<p>That's why we've come up with some superb gift ideas for all those who love antiquity.<\/p>\n<p>In conclusion, you can use this <strong>Black Roman sword<\/strong> for your historical re-enactments or themed evenings. But above all, it's a collector's item and a decoration.<\/p>\n<h2>How to maintain the blade of your antique sword?<\/h2>\n<p>Collector's and decorative swords are made and assembled in a simplified way. As their use is decorative, they lack the safety features required of a Japanese sword intended for training.<\/p>\n<p>However, your <strong>Black Roman sword<\/strong> to a steel blade that needs to be cared for to avoid damage over time. In fact, when you display your katana, your friends will be curious to see and touch the blade. This is where you need to be careful, as the acidity of your fingers is very harmful to steel, whatever its quality.<\/p>\n<p>However, if this does happen, don't panic - all you need is a cloth dampened with a little oil and a wipe of fingerprints. By doing so, you'll keep your sword looking its best for a very long time.<\/p>","protected":false},"excerpt":{"rendered":"<p>Superb replica of a Roman cavalry sword.<\/p>\n<ul>\n<li>Imitation Damascus steel blade.<\/li>\n<li>Antique steel hilt and pommel.<\/li>\n<li>Black metal handle with decorations.<\/li>\n<li>Leatherette-covered scabbard.<\/li>\n<li>Four rings for hanging a harness.<\/li>\n<li>Blade length: 50 cm - Overall length: 80 cm - Weight: 1680 Grs<\/li>\n<\/ul>","protected":false},"featured_media":29119,"template":"","meta":[],"product_brand":[896],"product_cat":[31,25,73],"product_tag":[],"class_list":{"0":"post-29118","1":"product","2":"type-product","3":"status-publish","4":"has-post-thumbnail","6":"product_brand-replique-manga-cine","7":"product_cat-armes-antiques","8":"product_cat-armes-historiques","9":"product_cat-epees-glaives-antique","11":"first","12":"instock","13":"taxable","14":"shipping-taxable","15":"purchasable","16":"product-type-simple"},"yoast_head":"<!-- This site is optimized with the Yoast SEO plugin v27.5 - https:\/\/yoast.com\/product\/yoast-seo-wordpress\/ -->\n<title>Glaive Romain - Vente \u00e9p\u00e9e Glaive Antique - R\u00e9plique Manga Cine<\/title>\n<meta name=\"description\" content=\"D\u00e9couvrez le Glaive Romain Noir au meilleur prix - Lame en Acier 440 - Fourreau similicuir d\u00e9cor\u00e9 - Longueur totale : 80 cm - Paiement 100% s\u00e9curis\u00e9\" \/>\n<meta name=\"robots\" content=\"index, follow, max-snippet:-1, max-image-preview:large, max-video-preview:-1\" \/>\n<link rel=\"canonical\" href=\"https:\/\/repliquemangacine.fr\/en\/antique-sword-swords\/roman-sword\/\" \/>\n<meta property=\"og:locale\" content=\"en_US\" \/>\n<meta property=\"og:type\" content=\"article\" \/>\n<meta property=\"og:title\" content=\"Glaive Romain - Vente \u00e9p\u00e9e Glaive Antique - R\u00e9plique Manga Cine\" \/>\n<meta property=\"og:description\" content=\"D\u00e9couvrez le Glaive Romain Noir au meilleur prix - Lame en Acier 440 - Fourreau similicuir d\u00e9cor\u00e9 - Longueur totale : 80 cm - Paiement 100% s\u00e9curis\u00e9\" \/>\n<meta property=\"og:url\" content=\"https:\/\/repliquemangacine.fr\/en\/antique-sword-swords\/roman-sword\/\" \/>\n<meta property=\"og:site_name\" content=\"R\u00e9plique Manga Cin\u00e9\" \/>\n<meta property=\"article:publisher\" content=\"https:\/\/www.facebook.com\/RepliqueMangaCine\" \/>\n<meta property=\"article:modified_time\" content=\"2026-01-15T12:00:47+00:00\" \/>\n<meta property=\"og:image\" content=\"https:\/\/repliquemangacine.fr\/wp-content\/uploads\/2023\/10\/3809-Glaive-Cavalerie-Romaine-Noir.jpg\" \/>\n\t<meta property=\"og:image:width\" content=\"800\" \/>\n\t<meta property=\"og:image:height\" content=\"800\" \/>\n\t<meta property=\"og:image:type\" content=\"image\/jpeg\" \/>\n<meta name=\"twitter:card\" content=\"summary_large_image\" \/>\n<meta name=\"twitter:label1\" content=\"Est. reading time\" \/>\n\t<meta name=\"twitter:data1\" content=\"3 minutes\" \/>\n<script type=\"application\/ld+json\" class=\"yoast-schema-graph\">{\"@context\":\"https:\\\/\\\/schema.org\",\"@graph\":[{\"@type\":\"WebPage\",\"@id\":\"https:\\\/\\\/repliquemangacine.fr\\\/epees-glaives-antique\\\/glaive-romain\\\/\",\"url\":\"https:\\\/\\\/repliquemangacine.fr\\\/epees-glaives-antique\\\/glaive-romain\\\/\",\"name\":\"Glaive Romain - Vente \u00e9p\u00e9e Glaive Antique - R\u00e9plique Manga Cine\",\"isPartOf\":{\"@id\":\"https:\\\/\\\/repliquemangacine.fr\\\/#website\"},\"primaryImageOfPage\":{\"@id\":\"https:\\\/\\\/repliquemangacine.fr\\\/epees-glaives-antique\\\/glaive-romain\\\/#primaryimage\"},\"image\":{\"@id\":\"https:\\\/\\\/repliquemangacine.fr\\\/epees-glaives-antique\\\/glaive-romain\\\/#primaryimage\"},\"thumbnailUrl\":\"https:\\\/\\\/repliquemangacine.fr\\\/wp-content\\\/uploads\\\/2023\\\/10\\\/3809-Glaive-Cavalerie-Romaine-Noir.jpg\",\"datePublished\":\"2020-10-22T10:42:07+00:00\",\"dateModified\":\"2026-01-15T12:00:47+00:00\",\"description\":\"D\u00e9couvrez le Glaive Romain Noir au meilleur prix - Lame en Acier 440 - Fourreau similicuir d\u00e9cor\u00e9 - Longueur totale : 80 cm - Paiement 100% s\u00e9curis\u00e9\",\"breadcrumb\":{\"@id\":\"https:\\\/\\\/repliquemangacine.fr\\\/epees-glaives-antique\\\/glaive-romain\\\/#breadcrumb\"},\"inLanguage\":\"en-US\",\"potentialAction\":[{\"@type\":\"ReadAction\",\"target\":[\"https:\\\/\\\/repliquemangacine.fr\\\/epees-glaives-antique\\\/glaive-romain\\\/\"]}]},{\"@type\":\"ImageObject\",\"inLanguage\":\"en-US\",\"@id\":\"https:\\\/\\\/repliquemangacine.fr\\\/epees-glaives-antique\\\/glaive-romain\\\/#primaryimage\",\"url\":\"https:\\\/\\\/repliquemangacine.fr\\\/wp-content\\\/uploads\\\/2023\\\/10\\\/3809-Glaive-Cavalerie-Romaine-Noir.jpg\",\"contentUrl\":\"https:\\\/\\\/repliquemangacine.fr\\\/wp-content\\\/uploads\\\/2023\\\/10\\\/3809-Glaive-Cavalerie-Romaine-Noir.jpg\",\"width\":800,\"height\":800,\"caption\":\"Glaive Cavalerie Romaine Noir\"},{\"@type\":\"BreadcrumbList\",\"@id\":\"https:\\\/\\\/repliquemangacine.fr\\\/epees-glaives-antique\\\/glaive-romain\\\/#breadcrumb\",\"itemListElement\":[{\"@type\":\"ListItem\",\"position\":1,\"name\":\"Accueil\",\"item\":\"https:\\\/\\\/repliquemangacine.fr\\\/\"},{\"@type\":\"ListItem\",\"position\":2,\"name\":\"Produits\",\"item\":\"https:\\\/\\\/repliquemangacine.fr\\\/boutique\\\/\"},{\"@type\":\"ListItem\",\"position\":3,\"name\":\"Glaive Romain\"}]},{\"@type\":\"WebSite\",\"@id\":\"https:\\\/\\\/repliquemangacine.fr\\\/#website\",\"url\":\"https:\\\/\\\/repliquemangacine.fr\\\/\",\"name\":\"R\u00e9plique Manga Cin\u00e9\",\"description\":\"\",\"publisher\":{\"@id\":\"https:\\\/\\\/repliquemangacine.fr\\\/#organization\"},\"potentialAction\":[{\"@type\":\"SearchAction\",\"target\":{\"@type\":\"EntryPoint\",\"urlTemplate\":\"https:\\\/\\\/repliquemangacine.fr\\\/?s={search_term_string}\"},\"query-input\":{\"@type\":\"PropertyValueSpecification\",\"valueRequired\":true,\"valueName\":\"search_term_string\"}}],\"inLanguage\":\"en-US\"},{\"@type\":\"Organization\",\"@id\":\"https:\\\/\\\/repliquemangacine.fr\\\/#organization\",\"name\":\"R\u00e9plique Manga Cin\u00e9\",\"url\":\"https:\\\/\\\/repliquemangacine.fr\\\/\",\"logo\":{\"@type\":\"ImageObject\",\"inLanguage\":\"en-US\",\"@id\":\"https:\\\/\\\/repliquemangacine.fr\\\/#\\\/schema\\\/logo\\\/image\\\/\",\"url\":\"https:\\\/\\\/repliquemangacine.fr\\\/wp-content\\\/uploads\\\/2023\\\/10\\\/RMC-500250.png\",\"contentUrl\":\"https:\\\/\\\/repliquemangacine.fr\\\/wp-content\\\/uploads\\\/2023\\\/10\\\/RMC-500250.png\",\"width\":500,\"height\":250,\"caption\":\"R\u00e9plique Manga Cin\u00e9\"},\"image\":{\"@id\":\"https:\\\/\\\/repliquemangacine.fr\\\/#\\\/schema\\\/logo\\\/image\\\/\"},\"sameAs\":[\"https:\\\/\\\/www.facebook.com\\\/RepliqueMangaCine\",\"https:\\\/\\\/www.instagram.com\\\/repliquemangacine.fr\\\/\"]}]}<\/script>\n<!-- \/ Yoast SEO plugin. -->","yoast_head_json":{"title":"Glaive Romain - Vente \u00e9p\u00e9e Glaive Antique - Replica Manga Cine","description":"Discover the Glaive Romain Noir at the best price - 440 Steel blade - Decorated imitation leather sheath - Total length: 80 cm - Secure payment 100%","robots":{"index":"index","follow":"follow","max-snippet":"max-snippet:-1","max-image-preview":"max-image-preview:large","max-video-preview":"max-video-preview:-1"},"canonical":"https:\/\/repliquemangacine.fr\/en\/antique-sword-swords\/roman-sword\/","og_locale":"en_US","og_type":"article","og_title":"Glaive Romain - Vente \u00e9p\u00e9e Glaive Antique - R\u00e9plique Manga Cine","og_description":"D\u00e9couvrez le Glaive Romain Noir au meilleur prix - Lame en Acier 440 - Fourreau similicuir d\u00e9cor\u00e9 - Longueur totale : 80 cm - Paiement 100% s\u00e9curis\u00e9","og_url":"https:\/\/repliquemangacine.fr\/en\/antique-sword-swords\/roman-sword\/","og_site_name":"R\u00e9plique Manga Cin\u00e9","article_publisher":"https:\/\/www.facebook.com\/RepliqueMangaCine","article_modified_time":"2026-01-15T12:00:47+00:00","og_image":[{"width":800,"height":800,"url":"https:\/\/repliquemangacine.fr\/wp-content\/uploads\/2023\/10\/3809-Glaive-Cavalerie-Romaine-Noir.jpg","type":"image\/jpeg"}],"twitter_card":"summary_large_image","twitter_misc":{"Est. reading time":"3 minutes"},"schema":{"@context":"https:\/\/schema.org","@graph":[{"@type":"WebPage","@id":"https:\/\/repliquemangacine.fr\/epees-glaives-antique\/glaive-romain\/","url":"https:\/\/repliquemangacine.fr\/epees-glaives-antique\/glaive-romain\/","name":"Glaive Romain - Vente \u00e9p\u00e9e Glaive Antique - Replica Manga Cine","isPartOf":{"@id":"https:\/\/repliquemangacine.fr\/#website"},"primaryImageOfPage":{"@id":"https:\/\/repliquemangacine.fr\/epees-glaives-antique\/glaive-romain\/#primaryimage"},"image":{"@id":"https:\/\/repliquemangacine.fr\/epees-glaives-antique\/glaive-romain\/#primaryimage"},"thumbnailUrl":"https:\/\/repliquemangacine.fr\/wp-content\/uploads\/2023\/10\/3809-Glaive-Cavalerie-Romaine-Noir.jpg","datePublished":"2020-10-22T10:42:07+00:00","dateModified":"2026-01-15T12:00:47+00:00","description":"Discover the Glaive Romain Noir at the best price - 440 Steel blade - Decorated imitation leather sheath - Total length: 80 cm - Secure payment 100%","breadcrumb":{"@id":"https:\/\/repliquemangacine.fr\/epees-glaives-antique\/glaive-romain\/#breadcrumb"},"inLanguage":"en-US","potentialAction":[{"@type":"ReadAction","target":["https:\/\/repliquemangacine.fr\/epees-glaives-antique\/glaive-romain\/"]}]},{"@type":"ImageObject","inLanguage":"en-US","@id":"https:\/\/repliquemangacine.fr\/epees-glaives-antique\/glaive-romain\/#primaryimage","url":"https:\/\/repliquemangacine.fr\/wp-content\/uploads\/2023\/10\/3809-Glaive-Cavalerie-Romaine-Noir.jpg","contentUrl":"https:\/\/repliquemangacine.fr\/wp-content\/uploads\/2023\/10\/3809-Glaive-Cavalerie-Romaine-Noir.jpg","width":800,"height":800,"caption":"Glaive Cavalerie Romaine Noir"},{"@type":"BreadcrumbList","@id":"https:\/\/repliquemangacine.fr\/epees-glaives-antique\/glaive-romain\/#breadcrumb","itemListElement":[{"@type":"ListItem","position":1,"name":"Accueil","item":"https:\/\/repliquemangacine.fr\/"},{"@type":"ListItem","position":2,"name":"Produits","item":"https:\/\/repliquemangacine.fr\/boutique\/"},{"@type":"ListItem","position":3,"name":"Glaive Romain"}]},{"@type":"WebSite","@id":"https:\/\/repliquemangacine.fr\/#website","url":"https:\/\/repliquemangacine.fr\/","name":"R\u00e9plique Manga Cin\u00e9","description":"","publisher":{"@id":"https:\/\/repliquemangacine.fr\/#organization"},"potentialAction":[{"@type":"SearchAction","target":{"@type":"EntryPoint","urlTemplate":"https:\/\/repliquemangacine.fr\/?s={search_term_string}"},"query-input":{"@type":"PropertyValueSpecification","valueRequired":true,"valueName":"search_term_string"}}],"inLanguage":"en-US"},{"@type":"Organization","@id":"https:\/\/repliquemangacine.fr\/#organization","name":"R\u00e9plique Manga Cin\u00e9","url":"https:\/\/repliquemangacine.fr\/","logo":{"@type":"ImageObject","inLanguage":"en-US","@id":"https:\/\/repliquemangacine.fr\/#\/schema\/logo\/image\/","url":"https:\/\/repliquemangacine.fr\/wp-content\/uploads\/2023\/10\/RMC-500250.png","contentUrl":"https:\/\/repliquemangacine.fr\/wp-content\/uploads\/2023\/10\/RMC-500250.png","width":500,"height":250,"caption":"R\u00e9plique Manga Cin\u00e9"},"image":{"@id":"https:\/\/repliquemangacine.fr\/#\/schema\/logo\/image\/"},"sameAs":["https:\/\/www.facebook.com\/RepliqueMangaCine","https:\/\/www.instagram.com\/repliquemangacine.fr\/"]}]}},"_links":{"self":[{"href":"https:\/\/repliquemangacine.fr\/en\/wp-json\/wp\/v2\/product\/29118","targetHints":{"allow":["GET"]}}],"collection":[{"href":"https:\/\/repliquemangacine.fr\/en\/wp-json\/wp\/v2\/product"}],"about":[{"href":"https:\/\/repliquemangacine.fr\/en\/wp-json\/wp\/v2\/types\/product"}],"wp:featuredmedia":[{"embeddable":true,"href":"https:\/\/repliquemangacine.fr\/en\/wp-json\/wp\/v2\/media\/29119"}],"wp:attachment":[{"href":"https:\/\/repliquemangacine.fr\/en\/wp-json\/wp\/v2\/media?parent=29118"}],"wp:term":[{"taxonomy":"product_brand","embeddable":true,"href":"https:\/\/repliquemangacine.fr\/en\/wp-json\/wp\/v2\/product_brand?post=29118"},{"taxonomy":"product_cat","embeddable":true,"href":"https:\/\/repliquemangacine.fr\/en\/wp-json\/wp\/v2\/product_cat?post=29118"},{"taxonomy":"product_tag","embeddable":true,"href":"https:\/\/repliquemangacine.fr\/en\/wp-json\/wp\/v2\/product_tag?post=29118"}],"curies":[{"name":"wp","href":"https:\/\/api.w.org\/{rel}","templated":true}]}}