





{"id":29082,"date":"2020-10-18T16:04:43","date_gmt":"2020-10-18T14:04:43","guid":{"rendered":"https:\/\/repliquemangacine.fr\/?post_type=product&#038;p=29082"},"modified":"2026-03-04T17:45:37","modified_gmt":"2026-03-04T16:45:37","slug":"colt-navy-mother-of-pearl-1851","status":"publish","type":"product","link":"https:\/\/repliquemangacine.fr\/en\/colt-revolver-western\/colt-navy-nacre-1851\/","title":{"rendered":"Colt Navy Mother-of-Pearl 1851"},"content":{"rendered":"<h2>Colt Navy Mother of Pearl 1851 - Denix<\/h2>\n<p>To begin with, the <strong>Colt Navy Mother-of-Pearl 1851<\/strong>designed by Samuel Colt, front-loading revolver. Fired by single-action percussion caps, 215,348 were produced.<\/p>\n<p>Northern weapon of the Civil War and of the pioneers in the conquest of the West. Famous for its rapid fire and light recoil. Famous figures like Wild Bill Hickock wore a pair on their belts.<\/p>\n<p>Considered the most dazzling single-action revolver. The engraving on the barrel depicts a naval battle between the Mexican and Texan navies.<\/p>\n<p>This weapon appears in numerous westerns, including \"Mon nom est personne\", \"on l'appelait Trinita\" and \"Danse avec les loups\" ....<\/p>\n<h2>Your Colt Navy Nacre 1851 at the best price.<\/h2>\n<p>We offer a wide selection of western gun reproductions.<\/p>\n<p>First and foremost,<\/p>\n<ul>\n<li>The Colt <a href=\"https:\/\/repliquemangacine.fr\/en\/colts-revolver\/peacemaker-le-frontier-1873-revolver-gift-set\/\">Peacemaker Le Frontier<\/a> (Single Action Army model 1873) calibre 45 in boxed set<\/li>\n<li>As well as the reproduction of <a href=\"https:\/\/repliquemangacine.fr\/en\/colts-revolver\/colt-saa-cavalry-1873-nickele-cal45\/\">Colt SAA Cavalry Model 1873<\/a><\/li>\n<li>There's also the imposing <a href=\"https:\/\/repliquemangacine.fr\/en\/winchester-western-country-rifle\/coach-gun-1868-double-barrel-cut-off-shotgun\/\">Coach Gun<\/a> two cannons.<\/li>\n<li>And many more to discover in our online store!<\/li>\n<\/ul>\n<p>That's why here are some great gift ideas for all Western fans.<\/p>\n<p>In conclusion, you can use the <strong>Colt Navy Mother-of-Pearl 1851<\/strong> for your western performances. But above all, this reproduction is a collector's and decorative weapon.<\/p>\n<p>R\u00e9plique Manga Cin\u00e9 is a French family-owned company and official distributor <a href=\"https:\/\/www.denix.fr\/fr\/catalogue\/guerre-civile-occidentale-et-americaine-1861-1899\/revolvers\/6040\/\" target=\"_blank\" rel=\"noopener noreferrer\">Denix<\/a>.<\/p>\n<h2>How are Denix replica weapons made?<\/h2>\n<p>Used in historical re-enactments, films, TV series and by collectors. Denix gun reproductions, made from high-quality materials. Carefully crafted and assembled to create realistic collector's weapons.<\/p>\n<ul>\n<li>The metals are in a metal alloy known as Zamac, whose basic composition is zinc in 95%.<\/li>\n<li>The plastic parts of the replicas are made of molded ABS, offering high resistance.<\/li>\n<li>Wood chosen for its beauty and durability, such as mahogany, olive or walnut, will give your butts and barrels an elegant, authentic appearance.<\/li>\n<\/ul>\n<p>Please note that all Denix reproductions are identical to the originals, like your <strong>Colt Navy Mother-of-Pearl 1851<\/strong>.<\/p>","protected":false},"excerpt":{"rendered":"<p>Reproduction of the Colt Navy 1851.<\/p>\n<ul>\n<li>Imitation mother-of-pearl ABS stock.<\/li>\n<li>Functional Zamac mechanism.<\/li>\n<li>Barrel with engravings depicting a naval battle.<\/li>\n<li>Guns and strikes.<\/li>\n<li>Unfit for shooting.<\/li>\n<li>No authorization required. Free sale and possession.<\/li>\n<li>Length: 35 cm - Weight: 1027 g<\/li>\n<\/ul>\n<p><iframe title=\"YouTube video player\" src=\"https:\/\/www.youtube.com\/embed\/wGGrS1aAQaU\" width=\"560\" height=\"315\" frameborder=\"0\" allowfullscreen=\"allowfullscreen\"><\/iframe><\/p>","protected":false},"featured_media":29083,"template":"","meta":[],"product_brand":[896],"product_cat":[34,33,77,102,28,27],"product_tag":[],"class_list":{"0":"post-29082","1":"product","2":"type-product","3":"status-publish","4":"has-post-thumbnail","6":"product_brand-replique-manga-cine","7":"product_cat-armes-westerns","8":"product_cat-colt-pistolet","9":"product_cat-colt-revolver-western","10":"product_cat-denix","11":"product_cat-repliques-darmes","12":"product_cat-armes-et-accessoires-western","14":"first","15":"outofstock","16":"taxable","17":"shipping-taxable","18":"purchasable","19":"product-type-simple"},"yoast_head":"<!-- This site is optimized with the Yoast SEO plugin v27.4 - https:\/\/yoast.com\/product\/yoast-seo-wordpress\/ -->\n<title>Colt Navy Nacre 1851 - Boutique en ligne | R\u00e9plique Manga Cin\u00e9<\/title>\n<meta name=\"description\" content=\"D\u00e9couvrez ce Colt Navy Nacre 1851 au meilleur prix - Crosse imitation nacre - Barillet rotatif avec gravures - M\u00e9canisme fonctionnel - Longueur : 35 cm\" \/>\n<meta name=\"robots\" content=\"index, follow, max-snippet:-1, max-image-preview:large, max-video-preview:-1\" \/>\n<link rel=\"canonical\" href=\"https:\/\/repliquemangacine.fr\/en\/denix\/colt-navy-mother-of-pearl-1851\/\" \/>\n<meta property=\"og:locale\" content=\"en_US\" \/>\n<meta property=\"og:type\" content=\"article\" \/>\n<meta property=\"og:title\" content=\"Colt Navy Nacre 1851 - Boutique en ligne | R\u00e9plique Manga Cin\u00e9\" \/>\n<meta property=\"og:description\" content=\"D\u00e9couvrez ce Colt Navy Nacre 1851 au meilleur prix - Crosse imitation nacre - Barillet rotatif avec gravures - M\u00e9canisme fonctionnel - Longueur : 35 cm\" \/>\n<meta property=\"og:url\" content=\"https:\/\/repliquemangacine.fr\/en\/denix\/colt-navy-mother-of-pearl-1851\/\" \/>\n<meta property=\"og:site_name\" content=\"R\u00e9plique Manga Cin\u00e9\" \/>\n<meta property=\"article:publisher\" content=\"https:\/\/www.facebook.com\/RepliqueMangaCine\" \/>\n<meta property=\"article:modified_time\" content=\"2026-03-04T16:45:37+00:00\" \/>\n<meta property=\"og:image\" content=\"https:\/\/repliquemangacine.fr\/wp-content\/uploads\/2023\/10\/3773-Revolver-Navy-USA-1951.jpg\" \/>\n\t<meta property=\"og:image:width\" content=\"800\" \/>\n\t<meta property=\"og:image:height\" content=\"800\" \/>\n\t<meta property=\"og:image:type\" content=\"image\/jpeg\" \/>\n<meta name=\"twitter:card\" content=\"summary_large_image\" \/>\n<meta name=\"twitter:label1\" content=\"Est. reading time\" \/>\n\t<meta name=\"twitter:data1\" content=\"2 minutes\" \/>\n<script type=\"application\/ld+json\" class=\"yoast-schema-graph\">{\"@context\":\"https:\\\/\\\/schema.org\",\"@graph\":[{\"@type\":\"WebPage\",\"@id\":\"https:\\\/\\\/repliquemangacine.fr\\\/denix\\\/colt-navy-nacre-1851\\\/\",\"url\":\"https:\\\/\\\/repliquemangacine.fr\\\/denix\\\/colt-navy-nacre-1851\\\/\",\"name\":\"Colt Navy Nacre 1851 - Boutique en ligne | R\u00e9plique Manga Cin\u00e9\",\"isPartOf\":{\"@id\":\"https:\\\/\\\/repliquemangacine.fr\\\/#website\"},\"primaryImageOfPage\":{\"@id\":\"https:\\\/\\\/repliquemangacine.fr\\\/denix\\\/colt-navy-nacre-1851\\\/#primaryimage\"},\"image\":{\"@id\":\"https:\\\/\\\/repliquemangacine.fr\\\/denix\\\/colt-navy-nacre-1851\\\/#primaryimage\"},\"thumbnailUrl\":\"https:\\\/\\\/repliquemangacine.fr\\\/wp-content\\\/uploads\\\/2023\\\/10\\\/3773-Revolver-Navy-USA-1951.jpg\",\"datePublished\":\"2020-10-18T14:04:43+00:00\",\"dateModified\":\"2026-03-04T16:45:37+00:00\",\"description\":\"D\u00e9couvrez ce Colt Navy Nacre 1851 au meilleur prix - Crosse imitation nacre - Barillet rotatif avec gravures - M\u00e9canisme fonctionnel - Longueur : 35 cm\",\"breadcrumb\":{\"@id\":\"https:\\\/\\\/repliquemangacine.fr\\\/denix\\\/colt-navy-nacre-1851\\\/#breadcrumb\"},\"inLanguage\":\"en-US\",\"potentialAction\":[{\"@type\":\"ReadAction\",\"target\":[\"https:\\\/\\\/repliquemangacine.fr\\\/denix\\\/colt-navy-nacre-1851\\\/\"]}]},{\"@type\":\"ImageObject\",\"inLanguage\":\"en-US\",\"@id\":\"https:\\\/\\\/repliquemangacine.fr\\\/denix\\\/colt-navy-nacre-1851\\\/#primaryimage\",\"url\":\"https:\\\/\\\/repliquemangacine.fr\\\/wp-content\\\/uploads\\\/2023\\\/10\\\/3773-Revolver-Navy-USA-1951.jpg\",\"contentUrl\":\"https:\\\/\\\/repliquemangacine.fr\\\/wp-content\\\/uploads\\\/2023\\\/10\\\/3773-Revolver-Navy-USA-1951.jpg\",\"width\":800,\"height\":800,\"caption\":\"Colt Navy Nacre 1851\"},{\"@type\":\"BreadcrumbList\",\"@id\":\"https:\\\/\\\/repliquemangacine.fr\\\/denix\\\/colt-navy-nacre-1851\\\/#breadcrumb\",\"itemListElement\":[{\"@type\":\"ListItem\",\"position\":1,\"name\":\"Accueil\",\"item\":\"https:\\\/\\\/repliquemangacine.fr\\\/\"},{\"@type\":\"ListItem\",\"position\":2,\"name\":\"Produits\",\"item\":\"https:\\\/\\\/repliquemangacine.fr\\\/boutique\\\/\"},{\"@type\":\"ListItem\",\"position\":3,\"name\":\"Colt Navy Nacre 1851\"}]},{\"@type\":\"WebSite\",\"@id\":\"https:\\\/\\\/repliquemangacine.fr\\\/#website\",\"url\":\"https:\\\/\\\/repliquemangacine.fr\\\/\",\"name\":\"R\u00e9plique Manga Cin\u00e9\",\"description\":\"\",\"publisher\":{\"@id\":\"https:\\\/\\\/repliquemangacine.fr\\\/#organization\"},\"potentialAction\":[{\"@type\":\"SearchAction\",\"target\":{\"@type\":\"EntryPoint\",\"urlTemplate\":\"https:\\\/\\\/repliquemangacine.fr\\\/?s={search_term_string}\"},\"query-input\":{\"@type\":\"PropertyValueSpecification\",\"valueRequired\":true,\"valueName\":\"search_term_string\"}}],\"inLanguage\":\"en-US\"},{\"@type\":\"Organization\",\"@id\":\"https:\\\/\\\/repliquemangacine.fr\\\/#organization\",\"name\":\"R\u00e9plique Manga Cin\u00e9\",\"url\":\"https:\\\/\\\/repliquemangacine.fr\\\/\",\"logo\":{\"@type\":\"ImageObject\",\"inLanguage\":\"en-US\",\"@id\":\"https:\\\/\\\/repliquemangacine.fr\\\/#\\\/schema\\\/logo\\\/image\\\/\",\"url\":\"https:\\\/\\\/repliquemangacine.fr\\\/wp-content\\\/uploads\\\/2023\\\/10\\\/RMC-500250.png\",\"contentUrl\":\"https:\\\/\\\/repliquemangacine.fr\\\/wp-content\\\/uploads\\\/2023\\\/10\\\/RMC-500250.png\",\"width\":500,\"height\":250,\"caption\":\"R\u00e9plique Manga Cin\u00e9\"},\"image\":{\"@id\":\"https:\\\/\\\/repliquemangacine.fr\\\/#\\\/schema\\\/logo\\\/image\\\/\"},\"sameAs\":[\"https:\\\/\\\/www.facebook.com\\\/RepliqueMangaCine\",\"https:\\\/\\\/www.instagram.com\\\/repliquemangacine.fr\\\/\"]}]}<\/script>\n<!-- \/ Yoast SEO plugin. -->","yoast_head_json":{"title":"Colt Navy Nacre 1851 - Online Shop | R\u00e9plique Manga Cin\u00e9","description":"Discover this Colt Navy Nacre 1851 at the best price - Imitation mother-of-pearl stock - Rotary cylinder with engravings - Functional mechanism - Length: 35 cm","robots":{"index":"index","follow":"follow","max-snippet":"max-snippet:-1","max-image-preview":"max-image-preview:large","max-video-preview":"max-video-preview:-1"},"canonical":"https:\/\/repliquemangacine.fr\/en\/denix\/colt-navy-mother-of-pearl-1851\/","og_locale":"en_US","og_type":"article","og_title":"Colt Navy Nacre 1851 - Boutique en ligne | R\u00e9plique Manga Cin\u00e9","og_description":"D\u00e9couvrez ce Colt Navy Nacre 1851 au meilleur prix - Crosse imitation nacre - Barillet rotatif avec gravures - M\u00e9canisme fonctionnel - Longueur : 35 cm","og_url":"https:\/\/repliquemangacine.fr\/en\/denix\/colt-navy-mother-of-pearl-1851\/","og_site_name":"R\u00e9plique Manga Cin\u00e9","article_publisher":"https:\/\/www.facebook.com\/RepliqueMangaCine","article_modified_time":"2026-03-04T16:45:37+00:00","og_image":[{"width":800,"height":800,"url":"https:\/\/repliquemangacine.fr\/wp-content\/uploads\/2023\/10\/3773-Revolver-Navy-USA-1951.jpg","type":"image\/jpeg"}],"twitter_card":"summary_large_image","twitter_misc":{"Est. reading time":"2 minutes"},"schema":{"@context":"https:\/\/schema.org","@graph":[{"@type":"WebPage","@id":"https:\/\/repliquemangacine.fr\/denix\/colt-navy-nacre-1851\/","url":"https:\/\/repliquemangacine.fr\/denix\/colt-navy-nacre-1851\/","name":"Colt Navy Nacre 1851 - Online Shop | R\u00e9plique Manga Cin\u00e9","isPartOf":{"@id":"https:\/\/repliquemangacine.fr\/#website"},"primaryImageOfPage":{"@id":"https:\/\/repliquemangacine.fr\/denix\/colt-navy-nacre-1851\/#primaryimage"},"image":{"@id":"https:\/\/repliquemangacine.fr\/denix\/colt-navy-nacre-1851\/#primaryimage"},"thumbnailUrl":"https:\/\/repliquemangacine.fr\/wp-content\/uploads\/2023\/10\/3773-Revolver-Navy-USA-1951.jpg","datePublished":"2020-10-18T14:04:43+00:00","dateModified":"2026-03-04T16:45:37+00:00","description":"Discover this Colt Navy Nacre 1851 at the best price - Imitation mother-of-pearl stock - Rotary cylinder with engravings - Functional mechanism - Length: 35 cm","breadcrumb":{"@id":"https:\/\/repliquemangacine.fr\/denix\/colt-navy-nacre-1851\/#breadcrumb"},"inLanguage":"en-US","potentialAction":[{"@type":"ReadAction","target":["https:\/\/repliquemangacine.fr\/denix\/colt-navy-nacre-1851\/"]}]},{"@type":"ImageObject","inLanguage":"en-US","@id":"https:\/\/repliquemangacine.fr\/denix\/colt-navy-nacre-1851\/#primaryimage","url":"https:\/\/repliquemangacine.fr\/wp-content\/uploads\/2023\/10\/3773-Revolver-Navy-USA-1951.jpg","contentUrl":"https:\/\/repliquemangacine.fr\/wp-content\/uploads\/2023\/10\/3773-Revolver-Navy-USA-1951.jpg","width":800,"height":800,"caption":"Colt Navy Nacre 1851"},{"@type":"BreadcrumbList","@id":"https:\/\/repliquemangacine.fr\/denix\/colt-navy-nacre-1851\/#breadcrumb","itemListElement":[{"@type":"ListItem","position":1,"name":"Accueil","item":"https:\/\/repliquemangacine.fr\/"},{"@type":"ListItem","position":2,"name":"Produits","item":"https:\/\/repliquemangacine.fr\/boutique\/"},{"@type":"ListItem","position":3,"name":"Colt Navy Nacre 1851"}]},{"@type":"WebSite","@id":"https:\/\/repliquemangacine.fr\/#website","url":"https:\/\/repliquemangacine.fr\/","name":"R\u00e9plique Manga Cin\u00e9","description":"","publisher":{"@id":"https:\/\/repliquemangacine.fr\/#organization"},"potentialAction":[{"@type":"SearchAction","target":{"@type":"EntryPoint","urlTemplate":"https:\/\/repliquemangacine.fr\/?s={search_term_string}"},"query-input":{"@type":"PropertyValueSpecification","valueRequired":true,"valueName":"search_term_string"}}],"inLanguage":"en-US"},{"@type":"Organization","@id":"https:\/\/repliquemangacine.fr\/#organization","name":"R\u00e9plique Manga Cin\u00e9","url":"https:\/\/repliquemangacine.fr\/","logo":{"@type":"ImageObject","inLanguage":"en-US","@id":"https:\/\/repliquemangacine.fr\/#\/schema\/logo\/image\/","url":"https:\/\/repliquemangacine.fr\/wp-content\/uploads\/2023\/10\/RMC-500250.png","contentUrl":"https:\/\/repliquemangacine.fr\/wp-content\/uploads\/2023\/10\/RMC-500250.png","width":500,"height":250,"caption":"R\u00e9plique Manga Cin\u00e9"},"image":{"@id":"https:\/\/repliquemangacine.fr\/#\/schema\/logo\/image\/"},"sameAs":["https:\/\/www.facebook.com\/RepliqueMangaCine","https:\/\/www.instagram.com\/repliquemangacine.fr\/"]}]}},"_links":{"self":[{"href":"https:\/\/repliquemangacine.fr\/en\/wp-json\/wp\/v2\/product\/29082","targetHints":{"allow":["GET"]}}],"collection":[{"href":"https:\/\/repliquemangacine.fr\/en\/wp-json\/wp\/v2\/product"}],"about":[{"href":"https:\/\/repliquemangacine.fr\/en\/wp-json\/wp\/v2\/types\/product"}],"wp:featuredmedia":[{"embeddable":true,"href":"https:\/\/repliquemangacine.fr\/en\/wp-json\/wp\/v2\/media\/29083"}],"wp:attachment":[{"href":"https:\/\/repliquemangacine.fr\/en\/wp-json\/wp\/v2\/media?parent=29082"}],"wp:term":[{"taxonomy":"product_brand","embeddable":true,"href":"https:\/\/repliquemangacine.fr\/en\/wp-json\/wp\/v2\/product_brand?post=29082"},{"taxonomy":"product_cat","embeddable":true,"href":"https:\/\/repliquemangacine.fr\/en\/wp-json\/wp\/v2\/product_cat?post=29082"},{"taxonomy":"product_tag","embeddable":true,"href":"https:\/\/repliquemangacine.fr\/en\/wp-json\/wp\/v2\/product_tag?post=29082"}],"curies":[{"name":"wp","href":"https:\/\/api.w.org\/{rel}","templated":true}]}}