





{"id":29062,"date":"2020-10-18T14:28:33","date_gmt":"2020-10-18T12:28:33","guid":{"rendered":"https:\/\/repliquemangacine.fr\/?post_type=product&#038;p=29062"},"modified":"2026-03-20T12:41:13","modified_gmt":"2026-03-20T11:41:13","slug":"colt-peacemaker-jasper-finish-usa-1873","status":"publish","type":"product","link":"https:\/\/repliquemangacine.fr\/en\/colt-revolver-western\/colt-peacemaker-finition-jaspee-usa-1873\/","title":{"rendered":"Colt Peacemaker Jasper finish - USA 1873"},"content":{"rendered":"<h2>Colt Peacemaker Jasper finish - Denix<\/h2>\n<p>To begin with, the <strong>Colt Peacemaker Rosewood finish<\/strong> SAA 1873, is an identical reproduction of the original.<\/p>\n<p><em>It should be emphasized that steel jaspering is a surface hardening process designed to impart a certain hardness to carcasses and parts. Modern jaspering can be recognized by the significant blue iridescence of the treated part. The protective varnish gives the whole part a glossy sheen.<\/em><\/p>\n<p>From La Chevauch\u00e9e fantastique with John Wayne to R\u00e8glement de comptes \u00e0 OK Corral with Burt Lancaster. The Colt has travelled from screen to screen the world over.<\/p>\n<p>After the conquest of the West, this weapon began the conquest of memory. This will be easy, given that its lines and exploits have left their mark on the human imagination.<\/p>\n<h2>Your Colt Peacemaker Jasper finish at the best price.<\/h2>\n<p>We offer you a wide choice of Denix weapons reproductions at the lowest prices on the market.<\/p>\n<p>First and foremost,<\/p>\n<ul>\n<li>Visit <a href=\"https:\/\/repliquemangacine.fr\/en\/colts-revolver\/colt-navy-revolver-1851\/\">Colt Navy<\/a> Revolver (1851) by Denix.<\/li>\n<li>As well as Colt cases with dummy bullets. <a href=\"https:\/\/repliquemangacine.fr\/en\/kolser-gun\/\">Kolser<\/a>.<\/li>\n<li>And many more Encore products to discover in our online store!<\/li>\n<\/ul>\n<p>Which is why this is a great gift idea for collectors or fans of Westerns.<\/p>\n<p>In conclusion, you can use the <strong>Colt Peacemaker Rosewood finish<\/strong> 1873 Denix for your Westerns demonstrations, or your themed evenings.<\/p>\n<p>We remind you that these are only dummy weapons and pose no danger.<\/p>\n<p>R\u00e9plique Manga Cin\u00e9 is a French company, Official Distributor of the brand <a href=\"https:\/\/www.denix.fr\/fr\/catalogue\/guerre-civile-occidentale-et-americaine-1861-1899\/revolvers\/8186\/\" target=\"_blank\" rel=\"noopener noreferrer\">Denix<\/a>.<\/p>\n<h2>How are Denix replica weapons made?<\/h2>\n<p>Used in historical re-enactments, films, TV series and by collectors. Denix gun reproductions, made from high-quality materials. Carefully crafted and assembled to create realistic collector's weapons.<\/p>\n<ul>\n<li>The metals are in a metal alloy known as Zamac, whose basic composition is zinc in 95%.<\/li>\n<li>The plastic parts of the replicas are made of molded ABS, offering high resistance.<\/li>\n<li>Wood chosen for its beauty and durability, such as mahogany, olive or walnut, will give your butts and barrels an elegant, authentic appearance.<\/li>\n<\/ul>\n<p>Please note that all Denix reproductions are identical to the originals, like your <strong>Colt Peacemaker Rosewood finish<\/strong>.<\/p>","protected":false},"excerpt":{"rendered":"<p>Peacemaker with 4.75-inch barrel, Jasper finish.<\/p>\n<ul>\n<li>Imitation ivory molded ABS stock.<\/li>\n<li>Case-hardened Zamac frame.<\/li>\n<li>Guns and shoots like the real thing, but is totally unsuitable for shooting.<\/li>\n<li>No authorization required. Free sale and possession<\/li>\n<li>Dimensions: 29 cm - Weight: 957 g<\/li>\n<\/ul>","protected":false},"featured_media":29063,"template":"","meta":[],"product_brand":[896],"product_cat":[34,33,77,102,28,27],"product_tag":[],"class_list":{"0":"post-29062","1":"product","2":"type-product","3":"status-publish","4":"has-post-thumbnail","6":"product_brand-replique-manga-cine","7":"product_cat-armes-westerns","8":"product_cat-colt-pistolet","9":"product_cat-colt-revolver-western","10":"product_cat-denix","11":"product_cat-repliques-darmes","12":"product_cat-armes-et-accessoires-western","14":"first","15":"instock","16":"sale","17":"taxable","18":"shipping-taxable","19":"purchasable","20":"product-type-simple"},"yoast_head":"<!-- This site is optimized with the Yoast SEO plugin v27.5 - https:\/\/yoast.com\/product\/yoast-seo-wordpress\/ -->\n<title>Colt Peacemaker Finition Jasp\u00e9e - Denix | R\u00e9plique Manga Cin\u00e9<\/title>\n<meta name=\"description\" content=\"D\u00e9couvrez ce Colt Peacemaker Finition Jasp\u00e9e au meilleur prix - En acier finition jasp\u00e9e - M\u00e9canisme fonctionnel - Barillet rotatif - Longueur : 29 cm\" \/>\n<meta name=\"robots\" content=\"index, follow, max-snippet:-1, max-image-preview:large, max-video-preview:-1\" \/>\n<link rel=\"canonical\" href=\"https:\/\/repliquemangacine.fr\/en\/colt-revolver-western\/colt-peacemaker-jasper-finish-usa-1873\/\" \/>\n<meta property=\"og:locale\" content=\"en_US\" \/>\n<meta property=\"og:type\" content=\"article\" \/>\n<meta property=\"og:title\" content=\"Colt Peacemaker Finition Jasp\u00e9e - Denix | R\u00e9plique Manga Cin\u00e9\" \/>\n<meta property=\"og:description\" content=\"D\u00e9couvrez ce Colt Peacemaker Finition Jasp\u00e9e au meilleur prix - En acier finition jasp\u00e9e - M\u00e9canisme fonctionnel - Barillet rotatif - Longueur : 29 cm\" \/>\n<meta property=\"og:url\" content=\"https:\/\/repliquemangacine.fr\/en\/colt-revolver-western\/colt-peacemaker-jasper-finish-usa-1873\/\" \/>\n<meta property=\"og:site_name\" content=\"R\u00e9plique Manga Cin\u00e9\" \/>\n<meta property=\"article:publisher\" content=\"https:\/\/www.facebook.com\/RepliqueMangaCine\" \/>\n<meta property=\"article:modified_time\" content=\"2026-03-20T11:41:13+00:00\" \/>\n<meta property=\"og:image\" content=\"https:\/\/repliquemangacine.fr\/wp-content\/uploads\/2023\/10\/3758-Revolver-Peacemaker-finition-Jaspee.jpg\" \/>\n\t<meta property=\"og:image:width\" content=\"800\" \/>\n\t<meta property=\"og:image:height\" content=\"800\" \/>\n\t<meta property=\"og:image:type\" content=\"image\/jpeg\" \/>\n<meta name=\"twitter:card\" content=\"summary_large_image\" \/>\n<meta name=\"twitter:label1\" content=\"Est. reading time\" \/>\n\t<meta name=\"twitter:data1\" content=\"2 minutes\" \/>\n<script type=\"application\/ld+json\" class=\"yoast-schema-graph\">{\"@context\":\"https:\\\/\\\/schema.org\",\"@graph\":[{\"@type\":\"WebPage\",\"@id\":\"https:\\\/\\\/repliquemangacine.fr\\\/colt-revolver-western\\\/colt-peacemaker-finition-jaspee-usa-1873\\\/\",\"url\":\"https:\\\/\\\/repliquemangacine.fr\\\/colt-revolver-western\\\/colt-peacemaker-finition-jaspee-usa-1873\\\/\",\"name\":\"Colt Peacemaker Finition Jasp\u00e9e - Denix | R\u00e9plique Manga Cin\u00e9\",\"isPartOf\":{\"@id\":\"https:\\\/\\\/repliquemangacine.fr\\\/#website\"},\"primaryImageOfPage\":{\"@id\":\"https:\\\/\\\/repliquemangacine.fr\\\/colt-revolver-western\\\/colt-peacemaker-finition-jaspee-usa-1873\\\/#primaryimage\"},\"image\":{\"@id\":\"https:\\\/\\\/repliquemangacine.fr\\\/colt-revolver-western\\\/colt-peacemaker-finition-jaspee-usa-1873\\\/#primaryimage\"},\"thumbnailUrl\":\"https:\\\/\\\/repliquemangacine.fr\\\/wp-content\\\/uploads\\\/2023\\\/10\\\/3758-Revolver-Peacemaker-finition-Jaspee.jpg\",\"datePublished\":\"2020-10-18T12:28:33+00:00\",\"dateModified\":\"2026-03-20T11:41:13+00:00\",\"description\":\"D\u00e9couvrez ce Colt Peacemaker Finition Jasp\u00e9e au meilleur prix - En acier finition jasp\u00e9e - M\u00e9canisme fonctionnel - Barillet rotatif - Longueur : 29 cm\",\"breadcrumb\":{\"@id\":\"https:\\\/\\\/repliquemangacine.fr\\\/colt-revolver-western\\\/colt-peacemaker-finition-jaspee-usa-1873\\\/#breadcrumb\"},\"inLanguage\":\"en-US\",\"potentialAction\":[{\"@type\":\"ReadAction\",\"target\":[\"https:\\\/\\\/repliquemangacine.fr\\\/colt-revolver-western\\\/colt-peacemaker-finition-jaspee-usa-1873\\\/\"]}]},{\"@type\":\"ImageObject\",\"inLanguage\":\"en-US\",\"@id\":\"https:\\\/\\\/repliquemangacine.fr\\\/colt-revolver-western\\\/colt-peacemaker-finition-jaspee-usa-1873\\\/#primaryimage\",\"url\":\"https:\\\/\\\/repliquemangacine.fr\\\/wp-content\\\/uploads\\\/2023\\\/10\\\/3758-Revolver-Peacemaker-finition-Jaspee.jpg\",\"contentUrl\":\"https:\\\/\\\/repliquemangacine.fr\\\/wp-content\\\/uploads\\\/2023\\\/10\\\/3758-Revolver-Peacemaker-finition-Jaspee.jpg\",\"width\":800,\"height\":800,\"caption\":\"Revolver Peacemaker finition Jasp\u00e9e\"},{\"@type\":\"BreadcrumbList\",\"@id\":\"https:\\\/\\\/repliquemangacine.fr\\\/colt-revolver-western\\\/colt-peacemaker-finition-jaspee-usa-1873\\\/#breadcrumb\",\"itemListElement\":[{\"@type\":\"ListItem\",\"position\":1,\"name\":\"Accueil\",\"item\":\"https:\\\/\\\/repliquemangacine.fr\\\/\"},{\"@type\":\"ListItem\",\"position\":2,\"name\":\"Produits\",\"item\":\"https:\\\/\\\/repliquemangacine.fr\\\/boutique\\\/\"},{\"@type\":\"ListItem\",\"position\":3,\"name\":\"Colt Peacemaker finition Jasp\u00e9e &#8211; USA 1873\"}]},{\"@type\":\"WebSite\",\"@id\":\"https:\\\/\\\/repliquemangacine.fr\\\/#website\",\"url\":\"https:\\\/\\\/repliquemangacine.fr\\\/\",\"name\":\"R\u00e9plique Manga Cin\u00e9\",\"description\":\"\",\"publisher\":{\"@id\":\"https:\\\/\\\/repliquemangacine.fr\\\/#organization\"},\"potentialAction\":[{\"@type\":\"SearchAction\",\"target\":{\"@type\":\"EntryPoint\",\"urlTemplate\":\"https:\\\/\\\/repliquemangacine.fr\\\/?s={search_term_string}\"},\"query-input\":{\"@type\":\"PropertyValueSpecification\",\"valueRequired\":true,\"valueName\":\"search_term_string\"}}],\"inLanguage\":\"en-US\"},{\"@type\":\"Organization\",\"@id\":\"https:\\\/\\\/repliquemangacine.fr\\\/#organization\",\"name\":\"R\u00e9plique Manga Cin\u00e9\",\"url\":\"https:\\\/\\\/repliquemangacine.fr\\\/\",\"logo\":{\"@type\":\"ImageObject\",\"inLanguage\":\"en-US\",\"@id\":\"https:\\\/\\\/repliquemangacine.fr\\\/#\\\/schema\\\/logo\\\/image\\\/\",\"url\":\"https:\\\/\\\/repliquemangacine.fr\\\/wp-content\\\/uploads\\\/2023\\\/10\\\/RMC-500250.png\",\"contentUrl\":\"https:\\\/\\\/repliquemangacine.fr\\\/wp-content\\\/uploads\\\/2023\\\/10\\\/RMC-500250.png\",\"width\":500,\"height\":250,\"caption\":\"R\u00e9plique Manga Cin\u00e9\"},\"image\":{\"@id\":\"https:\\\/\\\/repliquemangacine.fr\\\/#\\\/schema\\\/logo\\\/image\\\/\"},\"sameAs\":[\"https:\\\/\\\/www.facebook.com\\\/RepliqueMangaCine\",\"https:\\\/\\\/www.instagram.com\\\/repliquemangacine.fr\\\/\"]}]}<\/script>\n<!-- \/ Yoast SEO plugin. -->","yoast_head_json":{"title":"Colt Peacemaker Jasper Finish - Denix | R\u00e9plique Manga Cin\u00e9","description":"Discover this Colt Peacemaker Jasper finish at the best price - Jasper finish steel - Functional mechanism - Rotating barrel - Length: 29 cm","robots":{"index":"index","follow":"follow","max-snippet":"max-snippet:-1","max-image-preview":"max-image-preview:large","max-video-preview":"max-video-preview:-1"},"canonical":"https:\/\/repliquemangacine.fr\/en\/colt-revolver-western\/colt-peacemaker-jasper-finish-usa-1873\/","og_locale":"en_US","og_type":"article","og_title":"Colt Peacemaker Finition Jasp\u00e9e - Denix | R\u00e9plique Manga Cin\u00e9","og_description":"D\u00e9couvrez ce Colt Peacemaker Finition Jasp\u00e9e au meilleur prix - En acier finition jasp\u00e9e - M\u00e9canisme fonctionnel - Barillet rotatif - Longueur : 29 cm","og_url":"https:\/\/repliquemangacine.fr\/en\/colt-revolver-western\/colt-peacemaker-jasper-finish-usa-1873\/","og_site_name":"R\u00e9plique Manga Cin\u00e9","article_publisher":"https:\/\/www.facebook.com\/RepliqueMangaCine","article_modified_time":"2026-03-20T11:41:13+00:00","og_image":[{"width":800,"height":800,"url":"https:\/\/repliquemangacine.fr\/wp-content\/uploads\/2023\/10\/3758-Revolver-Peacemaker-finition-Jaspee.jpg","type":"image\/jpeg"}],"twitter_card":"summary_large_image","twitter_misc":{"Est. reading time":"2 minutes"},"schema":{"@context":"https:\/\/schema.org","@graph":[{"@type":"WebPage","@id":"https:\/\/repliquemangacine.fr\/colt-revolver-western\/colt-peacemaker-finition-jaspee-usa-1873\/","url":"https:\/\/repliquemangacine.fr\/colt-revolver-western\/colt-peacemaker-finition-jaspee-usa-1873\/","name":"Colt Peacemaker Jasper Finish - Denix | R\u00e9plique Manga Cin\u00e9","isPartOf":{"@id":"https:\/\/repliquemangacine.fr\/#website"},"primaryImageOfPage":{"@id":"https:\/\/repliquemangacine.fr\/colt-revolver-western\/colt-peacemaker-finition-jaspee-usa-1873\/#primaryimage"},"image":{"@id":"https:\/\/repliquemangacine.fr\/colt-revolver-western\/colt-peacemaker-finition-jaspee-usa-1873\/#primaryimage"},"thumbnailUrl":"https:\/\/repliquemangacine.fr\/wp-content\/uploads\/2023\/10\/3758-Revolver-Peacemaker-finition-Jaspee.jpg","datePublished":"2020-10-18T12:28:33+00:00","dateModified":"2026-03-20T11:41:13+00:00","description":"Discover this Colt Peacemaker Jasper finish at the best price - Jasper finish steel - Functional mechanism - Rotating barrel - Length: 29 cm","breadcrumb":{"@id":"https:\/\/repliquemangacine.fr\/colt-revolver-western\/colt-peacemaker-finition-jaspee-usa-1873\/#breadcrumb"},"inLanguage":"en-US","potentialAction":[{"@type":"ReadAction","target":["https:\/\/repliquemangacine.fr\/colt-revolver-western\/colt-peacemaker-finition-jaspee-usa-1873\/"]}]},{"@type":"ImageObject","inLanguage":"en-US","@id":"https:\/\/repliquemangacine.fr\/colt-revolver-western\/colt-peacemaker-finition-jaspee-usa-1873\/#primaryimage","url":"https:\/\/repliquemangacine.fr\/wp-content\/uploads\/2023\/10\/3758-Revolver-Peacemaker-finition-Jaspee.jpg","contentUrl":"https:\/\/repliquemangacine.fr\/wp-content\/uploads\/2023\/10\/3758-Revolver-Peacemaker-finition-Jaspee.jpg","width":800,"height":800,"caption":"Revolver Peacemaker finition Jasp\u00e9e"},{"@type":"BreadcrumbList","@id":"https:\/\/repliquemangacine.fr\/colt-revolver-western\/colt-peacemaker-finition-jaspee-usa-1873\/#breadcrumb","itemListElement":[{"@type":"ListItem","position":1,"name":"Accueil","item":"https:\/\/repliquemangacine.fr\/"},{"@type":"ListItem","position":2,"name":"Produits","item":"https:\/\/repliquemangacine.fr\/boutique\/"},{"@type":"ListItem","position":3,"name":"Colt Peacemaker finition Jasp\u00e9e &#8211; USA 1873"}]},{"@type":"WebSite","@id":"https:\/\/repliquemangacine.fr\/#website","url":"https:\/\/repliquemangacine.fr\/","name":"R\u00e9plique Manga Cin\u00e9","description":"","publisher":{"@id":"https:\/\/repliquemangacine.fr\/#organization"},"potentialAction":[{"@type":"SearchAction","target":{"@type":"EntryPoint","urlTemplate":"https:\/\/repliquemangacine.fr\/?s={search_term_string}"},"query-input":{"@type":"PropertyValueSpecification","valueRequired":true,"valueName":"search_term_string"}}],"inLanguage":"en-US"},{"@type":"Organization","@id":"https:\/\/repliquemangacine.fr\/#organization","name":"R\u00e9plique Manga Cin\u00e9","url":"https:\/\/repliquemangacine.fr\/","logo":{"@type":"ImageObject","inLanguage":"en-US","@id":"https:\/\/repliquemangacine.fr\/#\/schema\/logo\/image\/","url":"https:\/\/repliquemangacine.fr\/wp-content\/uploads\/2023\/10\/RMC-500250.png","contentUrl":"https:\/\/repliquemangacine.fr\/wp-content\/uploads\/2023\/10\/RMC-500250.png","width":500,"height":250,"caption":"R\u00e9plique Manga Cin\u00e9"},"image":{"@id":"https:\/\/repliquemangacine.fr\/#\/schema\/logo\/image\/"},"sameAs":["https:\/\/www.facebook.com\/RepliqueMangaCine","https:\/\/www.instagram.com\/repliquemangacine.fr\/"]}]}},"_links":{"self":[{"href":"https:\/\/repliquemangacine.fr\/en\/wp-json\/wp\/v2\/product\/29062","targetHints":{"allow":["GET"]}}],"collection":[{"href":"https:\/\/repliquemangacine.fr\/en\/wp-json\/wp\/v2\/product"}],"about":[{"href":"https:\/\/repliquemangacine.fr\/en\/wp-json\/wp\/v2\/types\/product"}],"wp:featuredmedia":[{"embeddable":true,"href":"https:\/\/repliquemangacine.fr\/en\/wp-json\/wp\/v2\/media\/29063"}],"wp:attachment":[{"href":"https:\/\/repliquemangacine.fr\/en\/wp-json\/wp\/v2\/media?parent=29062"}],"wp:term":[{"taxonomy":"product_brand","embeddable":true,"href":"https:\/\/repliquemangacine.fr\/en\/wp-json\/wp\/v2\/product_brand?post=29062"},{"taxonomy":"product_cat","embeddable":true,"href":"https:\/\/repliquemangacine.fr\/en\/wp-json\/wp\/v2\/product_cat?post=29062"},{"taxonomy":"product_tag","embeddable":true,"href":"https:\/\/repliquemangacine.fr\/en\/wp-json\/wp\/v2\/product_tag?post=29062"}],"curies":[{"name":"wp","href":"https:\/\/api.w.org\/{rel}","templated":true}]}}