





{"id":29055,"date":"2020-10-17T17:28:02","date_gmt":"2020-10-17T15:28:02","guid":{"rendered":"https:\/\/repliquemangacine.fr\/?post_type=product&#038;p=29055"},"modified":"2026-02-06T15:25:50","modified_gmt":"2026-02-06T14:25:50","slug":"walther-ppk-7-65-gold-pistol","status":"publish","type":"product","link":"https:\/\/repliquemangacine.fr\/en\/reproductions-armes-seconde-guerre-mondiale-denix\/pistolet-walther-ppk-7-65-dore\/","title":{"rendered":"Walther PPK 7.65 Gold Pistol"},"content":{"rendered":"<h2>Walther PPK 7.65 Dor\u00e9 Denix 1931 pistol.<\/h2>\n<p>To begin with, the <strong>Walther PPK 7.65 Gold Pistol<\/strong> of 1931 was the weapon of choice for most German officers in World War 2\u1d49.<\/p>\n<p>The Walther PP (Polizei Pistole) is a semi-automatic, double-action, recoil-loading pistol. It should be noted that most of these weapons were chambered for the 7.65 mm Browning.<\/p>\n<p>During the Second World War, it was used by the German police, the Luftwaffe and Nazi party officials. Adolf Hitler is said to have committed suicide with his PPK in his F\u00fchrerbunker in Berlin.<\/p>\n<p>Immortalized in its PPK version by the James Bond character. It appears in James Bond films from 007 vs. Dr. No to Tomorrow Never Dies, as well as in most of the films of the Second World War.<\/p>\n<h2>Your Walther PPK 7.65 Pistol at the best price.<\/h2>\n<p>We offer you a wide choice of Denix reproductions of historical weapons.<\/p>\n<p>First and foremost,<\/p>\n<ul>\n<li>The replica of the <a href=\"https:\/\/repliquemangacine.fr\/en\/darmes-reproductions\/luger-parabellum-p08-kriegsmarine\/\">Luger Parabellum P08<\/a> in different versions.<\/li>\n<li>There's also the Colt <a href=\"https:\/\/repliquemangacine.fr\/en\/darmes-reproductions\/pistolet-browning-hi-power-gp35-belgique-1935\/\">Browning GP35<\/a> from 1935 with its ribbed stock.<\/li>\n<li>As well as the reproduction of <a href=\"https:\/\/repliquemangacine.fr\/en\/darmes-reproductions\/pistolet-mitrailleur-mp40-denix\/\">MP 40 machine gunner<\/a> Maschinenpistole.<\/li>\n<li>And many more to discover in our online store!<\/li>\n<\/ul>\n<p>That's why we've come up with some great gift ideas for all history buffs, and especially for those who don't want to forget our heroes.<\/p>\n<p>In conclusion, you can use the <strong>Walther PPK 7.65 Gold Pistol<\/strong> Denix for your historical re-enactments. But above all, this reproduction is a collector's item.<\/p>\n<p>R\u00e9plique Manga Cin\u00e9 is a French family business and official distributor of the brand <a href=\"https:\/\/www.denix.fr\/fr\/catalogue\/guerres-mondiales-1914-1945\/pistolets\/5277\/\" target=\"_blank\" rel=\"noopener noreferrer\">Denix<\/a>.<\/p>\n<h2>How are Denix replica weapons made?<\/h2>\n<p>Used in historical re-enactments, films, TV series and by collectors. Denix gun reproductions, made from high-quality materials. Carefully crafted and assembled to create realistic collector's weapons.<\/p>\n<ul>\n<li>The metals are in a metal alloy known as Zamac, whose basic composition is zinc in 95%.<\/li>\n<li>The plastic parts of the replicas are made of molded ABS, offering high resistance.<\/li>\n<li>Wood chosen for its beauty and durability, such as mahogany, olive or walnut, will give your butts and barrels an elegant, authentic appearance.<\/li>\n<\/ul>\n<p>Please note that all Denix reproductions are identical to the originals, like your <strong>Walther PPK 7.65 Gold Pistol<\/strong>.<\/p>","protected":false},"excerpt":{"rendered":"<p>This reproduction of the Walther PPK semi-automatic pistol, Germany 1929.<\/p>\n<ul>\n<li>Zamac frame.<\/li>\n<li>Stock plates in imitation ivory ABS.<\/li>\n<li>Removable charger.<\/li>\n<li>Calibre 7.65.<\/li>\n<li>Loading and release mechanism\/simulator.<\/li>\n<li>Guns and shoots like the real thing, but is totally unfit to shoot.<\/li>\n<li>No authorization required. Free sale and possession<\/li>\n<li>Dimensions: 18 cm -Weight: 590 grams<\/li>\n<\/ul>","protected":false},"featured_media":29056,"template":"","meta":[],"product_brand":[896],"product_cat":[25,102,54,40,28,76],"product_tag":[],"class_list":{"0":"post-29055","1":"product","2":"type-product","3":"status-publish","4":"has-post-thumbnail","6":"product_brand-replique-manga-cine","7":"product_cat-armes-historiques","8":"product_cat-denix","9":"product_cat-armes-accessoires-guerre-mondiale","10":"product_cat-pistolet-moderne","11":"product_cat-repliques-darmes","12":"product_cat-reproductions-armes-seconde-guerre-mondiale-denix","14":"first","15":"instock","16":"sale","17":"taxable","18":"shipping-taxable","19":"purchasable","20":"product-type-simple"},"yoast_head":"<!-- This site is optimized with the Yoast SEO plugin v27.4 - https:\/\/yoast.com\/product\/yoast-seo-wordpress\/ -->\n<title>Pistolet Walther PPK 7.65 Dor\u00e9 - Boutique en ligne | RMC<\/title>\n<meta name=\"description\" content=\"Offrez-vous ce pistolet Walther PPK 7.65 Dor\u00e9 au meilleur prix - En m\u00e9tal - Crosse imitation ivoire - Chargeur amovible - M\u00e9canisme fonctionnel - 18 cm\" \/>\n<meta name=\"robots\" content=\"index, follow, max-snippet:-1, max-image-preview:large, max-video-preview:-1\" \/>\n<link rel=\"canonical\" href=\"https:\/\/repliquemangacine.fr\/en\/denix\/walther-ppk-7-65-gold-pistol\/\" \/>\n<meta property=\"og:locale\" content=\"en_US\" \/>\n<meta property=\"og:type\" content=\"article\" \/>\n<meta property=\"og:title\" content=\"Pistolet Walther PPK 7.65 Dor\u00e9 - Boutique en ligne | RMC\" \/>\n<meta property=\"og:description\" content=\"Offrez-vous ce pistolet Walther PPK 7.65 Dor\u00e9 au meilleur prix - En m\u00e9tal - Crosse imitation ivoire - Chargeur amovible - M\u00e9canisme fonctionnel - 18 cm\" \/>\n<meta property=\"og:url\" content=\"https:\/\/repliquemangacine.fr\/en\/denix\/walther-ppk-7-65-gold-pistol\/\" \/>\n<meta property=\"og:site_name\" content=\"R\u00e9plique Manga Cin\u00e9\" \/>\n<meta property=\"article:publisher\" content=\"https:\/\/www.facebook.com\/RepliqueMangaCine\" \/>\n<meta property=\"article:modified_time\" content=\"2026-02-06T14:25:50+00:00\" \/>\n<meta property=\"og:image\" content=\"https:\/\/repliquemangacine.fr\/wp-content\/uploads\/2023\/10\/3753-Pistolet-Walther-Dore-Calibre-7.65.jpg\" \/>\n\t<meta property=\"og:image:width\" content=\"800\" \/>\n\t<meta property=\"og:image:height\" content=\"800\" \/>\n\t<meta property=\"og:image:type\" content=\"image\/jpeg\" \/>\n<meta name=\"twitter:card\" content=\"summary_large_image\" \/>\n<meta name=\"twitter:label1\" content=\"Est. reading time\" \/>\n\t<meta name=\"twitter:data1\" content=\"1 minute\" \/>\n<script type=\"application\/ld+json\" class=\"yoast-schema-graph\">{\"@context\":\"https:\\\/\\\/schema.org\",\"@graph\":[{\"@type\":\"WebPage\",\"@id\":\"https:\\\/\\\/repliquemangacine.fr\\\/denix\\\/pistolet-walther-ppk-7-65-dore\\\/\",\"url\":\"https:\\\/\\\/repliquemangacine.fr\\\/denix\\\/pistolet-walther-ppk-7-65-dore\\\/\",\"name\":\"Pistolet Walther PPK 7.65 Dor\u00e9 - Boutique en ligne | RMC\",\"isPartOf\":{\"@id\":\"https:\\\/\\\/repliquemangacine.fr\\\/#website\"},\"primaryImageOfPage\":{\"@id\":\"https:\\\/\\\/repliquemangacine.fr\\\/denix\\\/pistolet-walther-ppk-7-65-dore\\\/#primaryimage\"},\"image\":{\"@id\":\"https:\\\/\\\/repliquemangacine.fr\\\/denix\\\/pistolet-walther-ppk-7-65-dore\\\/#primaryimage\"},\"thumbnailUrl\":\"https:\\\/\\\/repliquemangacine.fr\\\/wp-content\\\/uploads\\\/2023\\\/10\\\/3753-Pistolet-Walther-Dore-Calibre-7.65.jpg\",\"datePublished\":\"2020-10-17T15:28:02+00:00\",\"dateModified\":\"2026-02-06T14:25:50+00:00\",\"description\":\"Offrez-vous ce pistolet Walther PPK 7.65 Dor\u00e9 au meilleur prix - En m\u00e9tal - Crosse imitation ivoire - Chargeur amovible - M\u00e9canisme fonctionnel - 18 cm\",\"breadcrumb\":{\"@id\":\"https:\\\/\\\/repliquemangacine.fr\\\/denix\\\/pistolet-walther-ppk-7-65-dore\\\/#breadcrumb\"},\"inLanguage\":\"en-US\",\"potentialAction\":[{\"@type\":\"ReadAction\",\"target\":[\"https:\\\/\\\/repliquemangacine.fr\\\/denix\\\/pistolet-walther-ppk-7-65-dore\\\/\"]}]},{\"@type\":\"ImageObject\",\"inLanguage\":\"en-US\",\"@id\":\"https:\\\/\\\/repliquemangacine.fr\\\/denix\\\/pistolet-walther-ppk-7-65-dore\\\/#primaryimage\",\"url\":\"https:\\\/\\\/repliquemangacine.fr\\\/wp-content\\\/uploads\\\/2023\\\/10\\\/3753-Pistolet-Walther-Dore-Calibre-7.65.jpg\",\"contentUrl\":\"https:\\\/\\\/repliquemangacine.fr\\\/wp-content\\\/uploads\\\/2023\\\/10\\\/3753-Pistolet-Walther-Dore-Calibre-7.65.jpg\",\"width\":800,\"height\":800,\"caption\":\"Pistolet Walther Dor\u00e9 - Calibre 7.65\"},{\"@type\":\"BreadcrumbList\",\"@id\":\"https:\\\/\\\/repliquemangacine.fr\\\/denix\\\/pistolet-walther-ppk-7-65-dore\\\/#breadcrumb\",\"itemListElement\":[{\"@type\":\"ListItem\",\"position\":1,\"name\":\"Accueil\",\"item\":\"https:\\\/\\\/repliquemangacine.fr\\\/\"},{\"@type\":\"ListItem\",\"position\":2,\"name\":\"Produits\",\"item\":\"https:\\\/\\\/repliquemangacine.fr\\\/boutique\\\/\"},{\"@type\":\"ListItem\",\"position\":3,\"name\":\"Pistolet Walther PPK 7.65 Dor\u00e9\"}]},{\"@type\":\"WebSite\",\"@id\":\"https:\\\/\\\/repliquemangacine.fr\\\/#website\",\"url\":\"https:\\\/\\\/repliquemangacine.fr\\\/\",\"name\":\"R\u00e9plique Manga Cin\u00e9\",\"description\":\"\",\"publisher\":{\"@id\":\"https:\\\/\\\/repliquemangacine.fr\\\/#organization\"},\"potentialAction\":[{\"@type\":\"SearchAction\",\"target\":{\"@type\":\"EntryPoint\",\"urlTemplate\":\"https:\\\/\\\/repliquemangacine.fr\\\/?s={search_term_string}\"},\"query-input\":{\"@type\":\"PropertyValueSpecification\",\"valueRequired\":true,\"valueName\":\"search_term_string\"}}],\"inLanguage\":\"en-US\"},{\"@type\":\"Organization\",\"@id\":\"https:\\\/\\\/repliquemangacine.fr\\\/#organization\",\"name\":\"R\u00e9plique Manga Cin\u00e9\",\"url\":\"https:\\\/\\\/repliquemangacine.fr\\\/\",\"logo\":{\"@type\":\"ImageObject\",\"inLanguage\":\"en-US\",\"@id\":\"https:\\\/\\\/repliquemangacine.fr\\\/#\\\/schema\\\/logo\\\/image\\\/\",\"url\":\"https:\\\/\\\/repliquemangacine.fr\\\/wp-content\\\/uploads\\\/2023\\\/10\\\/RMC-500250.png\",\"contentUrl\":\"https:\\\/\\\/repliquemangacine.fr\\\/wp-content\\\/uploads\\\/2023\\\/10\\\/RMC-500250.png\",\"width\":500,\"height\":250,\"caption\":\"R\u00e9plique Manga Cin\u00e9\"},\"image\":{\"@id\":\"https:\\\/\\\/repliquemangacine.fr\\\/#\\\/schema\\\/logo\\\/image\\\/\"},\"sameAs\":[\"https:\\\/\\\/www.facebook.com\\\/RepliqueMangaCine\",\"https:\\\/\\\/www.instagram.com\\\/repliquemangacine.fr\\\/\"]}]}<\/script>\n<!-- \/ Yoast SEO plugin. -->","yoast_head_json":{"title":"Walther PPK 7.65 Gold Pistol - Online Shop | RMC","description":"Treat yourself to this Walther PPK 7.65 Gold pistol at the best price - In metal - Imitation ivory stock - Removable magazine - Functional mechanism - 18 cm","robots":{"index":"index","follow":"follow","max-snippet":"max-snippet:-1","max-image-preview":"max-image-preview:large","max-video-preview":"max-video-preview:-1"},"canonical":"https:\/\/repliquemangacine.fr\/en\/denix\/walther-ppk-7-65-gold-pistol\/","og_locale":"en_US","og_type":"article","og_title":"Pistolet Walther PPK 7.65 Dor\u00e9 - Boutique en ligne | RMC","og_description":"Offrez-vous ce pistolet Walther PPK 7.65 Dor\u00e9 au meilleur prix - En m\u00e9tal - Crosse imitation ivoire - Chargeur amovible - M\u00e9canisme fonctionnel - 18 cm","og_url":"https:\/\/repliquemangacine.fr\/en\/denix\/walther-ppk-7-65-gold-pistol\/","og_site_name":"R\u00e9plique Manga Cin\u00e9","article_publisher":"https:\/\/www.facebook.com\/RepliqueMangaCine","article_modified_time":"2026-02-06T14:25:50+00:00","og_image":[{"width":800,"height":800,"url":"https:\/\/repliquemangacine.fr\/wp-content\/uploads\/2023\/10\/3753-Pistolet-Walther-Dore-Calibre-7.65.jpg","type":"image\/jpeg"}],"twitter_card":"summary_large_image","twitter_misc":{"Est. reading time":"1 minute"},"schema":{"@context":"https:\/\/schema.org","@graph":[{"@type":"WebPage","@id":"https:\/\/repliquemangacine.fr\/denix\/pistolet-walther-ppk-7-65-dore\/","url":"https:\/\/repliquemangacine.fr\/denix\/pistolet-walther-ppk-7-65-dore\/","name":"Walther PPK 7.65 Gold Pistol - Online Shop | RMC","isPartOf":{"@id":"https:\/\/repliquemangacine.fr\/#website"},"primaryImageOfPage":{"@id":"https:\/\/repliquemangacine.fr\/denix\/pistolet-walther-ppk-7-65-dore\/#primaryimage"},"image":{"@id":"https:\/\/repliquemangacine.fr\/denix\/pistolet-walther-ppk-7-65-dore\/#primaryimage"},"thumbnailUrl":"https:\/\/repliquemangacine.fr\/wp-content\/uploads\/2023\/10\/3753-Pistolet-Walther-Dore-Calibre-7.65.jpg","datePublished":"2020-10-17T15:28:02+00:00","dateModified":"2026-02-06T14:25:50+00:00","description":"Treat yourself to this Walther PPK 7.65 Gold pistol at the best price - In metal - Imitation ivory stock - Removable magazine - Functional mechanism - 18 cm","breadcrumb":{"@id":"https:\/\/repliquemangacine.fr\/denix\/pistolet-walther-ppk-7-65-dore\/#breadcrumb"},"inLanguage":"en-US","potentialAction":[{"@type":"ReadAction","target":["https:\/\/repliquemangacine.fr\/denix\/pistolet-walther-ppk-7-65-dore\/"]}]},{"@type":"ImageObject","inLanguage":"en-US","@id":"https:\/\/repliquemangacine.fr\/denix\/pistolet-walther-ppk-7-65-dore\/#primaryimage","url":"https:\/\/repliquemangacine.fr\/wp-content\/uploads\/2023\/10\/3753-Pistolet-Walther-Dore-Calibre-7.65.jpg","contentUrl":"https:\/\/repliquemangacine.fr\/wp-content\/uploads\/2023\/10\/3753-Pistolet-Walther-Dore-Calibre-7.65.jpg","width":800,"height":800,"caption":"Pistolet Walther Dor\u00e9 - Calibre 7.65"},{"@type":"BreadcrumbList","@id":"https:\/\/repliquemangacine.fr\/denix\/pistolet-walther-ppk-7-65-dore\/#breadcrumb","itemListElement":[{"@type":"ListItem","position":1,"name":"Accueil","item":"https:\/\/repliquemangacine.fr\/"},{"@type":"ListItem","position":2,"name":"Produits","item":"https:\/\/repliquemangacine.fr\/boutique\/"},{"@type":"ListItem","position":3,"name":"Pistolet Walther PPK 7.65 Dor\u00e9"}]},{"@type":"WebSite","@id":"https:\/\/repliquemangacine.fr\/#website","url":"https:\/\/repliquemangacine.fr\/","name":"R\u00e9plique Manga Cin\u00e9","description":"","publisher":{"@id":"https:\/\/repliquemangacine.fr\/#organization"},"potentialAction":[{"@type":"SearchAction","target":{"@type":"EntryPoint","urlTemplate":"https:\/\/repliquemangacine.fr\/?s={search_term_string}"},"query-input":{"@type":"PropertyValueSpecification","valueRequired":true,"valueName":"search_term_string"}}],"inLanguage":"en-US"},{"@type":"Organization","@id":"https:\/\/repliquemangacine.fr\/#organization","name":"R\u00e9plique Manga Cin\u00e9","url":"https:\/\/repliquemangacine.fr\/","logo":{"@type":"ImageObject","inLanguage":"en-US","@id":"https:\/\/repliquemangacine.fr\/#\/schema\/logo\/image\/","url":"https:\/\/repliquemangacine.fr\/wp-content\/uploads\/2023\/10\/RMC-500250.png","contentUrl":"https:\/\/repliquemangacine.fr\/wp-content\/uploads\/2023\/10\/RMC-500250.png","width":500,"height":250,"caption":"R\u00e9plique Manga Cin\u00e9"},"image":{"@id":"https:\/\/repliquemangacine.fr\/#\/schema\/logo\/image\/"},"sameAs":["https:\/\/www.facebook.com\/RepliqueMangaCine","https:\/\/www.instagram.com\/repliquemangacine.fr\/"]}]}},"_links":{"self":[{"href":"https:\/\/repliquemangacine.fr\/en\/wp-json\/wp\/v2\/product\/29055","targetHints":{"allow":["GET"]}}],"collection":[{"href":"https:\/\/repliquemangacine.fr\/en\/wp-json\/wp\/v2\/product"}],"about":[{"href":"https:\/\/repliquemangacine.fr\/en\/wp-json\/wp\/v2\/types\/product"}],"wp:featuredmedia":[{"embeddable":true,"href":"https:\/\/repliquemangacine.fr\/en\/wp-json\/wp\/v2\/media\/29056"}],"wp:attachment":[{"href":"https:\/\/repliquemangacine.fr\/en\/wp-json\/wp\/v2\/media?parent=29055"}],"wp:term":[{"taxonomy":"product_brand","embeddable":true,"href":"https:\/\/repliquemangacine.fr\/en\/wp-json\/wp\/v2\/product_brand?post=29055"},{"taxonomy":"product_cat","embeddable":true,"href":"https:\/\/repliquemangacine.fr\/en\/wp-json\/wp\/v2\/product_cat?post=29055"},{"taxonomy":"product_tag","embeddable":true,"href":"https:\/\/repliquemangacine.fr\/en\/wp-json\/wp\/v2\/product_tag?post=29055"}],"curies":[{"name":"wp","href":"https:\/\/api.w.org\/{rel}","templated":true}]}}