





{"id":29040,"date":"2020-08-02T15:29:38","date_gmt":"2020-08-02T13:29:38","guid":{"rendered":"https:\/\/repliquemangacine.fr\/?post_type=product&#038;p=29040"},"modified":"2026-04-28T19:22:53","modified_gmt":"2026-04-28T17:22:53","slug":"rambo-5-heartstopper-knife","status":"publish","type":"product","link":"https:\/\/repliquemangacine.fr\/en\/couteaux-rambo-poignard-john-rambo\/couteau-rambo-5-heartstopper\/","title":{"rendered":"Rambo 5 Last Blood Heartstopper knife"},"content":{"rendered":"<h2>Rambo 5 Heartstopper Last Blood Knife Replica<\/h2>\n<p>The Rambo 5 Heartstopper Last Blood knife is exactly as it appears in the film. No certificate of authenticity, but the high quality of the dagger will delight all fans, especially at this price!<\/p>\n<p>First of all, Rambo is an American film saga made up of five films. John James Rambo is the main character in both the novel and the film adaptations. He is played on the big screen by actor Sylvester Stallone.<\/p>\n<p>Through the films, especially the first and fourth, <a href=\"https:\/\/heros.fandom.com\/fr\/wiki\/John_Rambo\" target=\"_blank\" rel=\"noopener noreferrer\">Rambo<\/a> is portrayed as a tragic hero suffering from post-traumatic stress. An experienced fighter, he is able to handle multiple enemies single-handedly and with his bare hands. What's more, he has an affinity for knives both as a weapon for killing numerous enemies and as a survival tool.<\/p>\n<h2>Your Rambo 5 Heartstopper Knife at the best price.<\/h2>\n<p>We offer you all the Rambo knives from all his films.<\/p>\n<p>First and foremost,<\/p>\n<ul>\n<li>The impressive <a href=\"https:\/\/repliquemangacine.fr\/en\/rambo-knives-john-rambo-dagger\/rambo-dagger-3\/\">Rambo 3 dagger<\/a> which he uses in this opus.<\/li>\n<li>There is also the <a href=\"https:\/\/repliquemangacine.fr\/en\/rambo-knives-john-rambo-dagger\/machette-rambo-iv\/\">Rambo machete<\/a> seen in films 4 and 5<\/li>\n<li>As well as Le <a href=\"https:\/\/repliquemangacine.fr\/en\/rambo-knives-john-rambo-dagger\/rambo-first-blood-knife\/\">Rambo dagger<\/a> with its survival kit.<\/li>\n<li>And much more to discover in our online store!<\/li>\n<\/ul>\n<p>Which is why this is a great gift idea for all Rambo fans.<\/p>\n<p>In conclusion, you can use the <strong>Rambo 5 Heartstopper knife<\/strong> for your theme parties or Cosplays. But above all, this knife is a collector's item.<\/p>\n<p>R\u00e9plique Manga Cin\u00e9 is a French family business<\/p>\n<h2>How to maintain the blade of your knife?<\/h2>\n<p>Collector and decorative knives are made and assembled in a simplified way. As their use is decorative, they lack the safety features required of a Japanese sword intended for training.<\/p>\n<p>However, your <strong>Rambo 5 Heartstopper knife<\/strong> to a steel blade that needs to be cared for to avoid damage over time. In fact, when you display your katana, your friends will be curious to see and touch the blade. This is where you need to be careful, as the acidity of your fingers is very harmful to steel, whatever its quality.<\/p>\n<p>However, if this happens, don't panic. All you need to do is dampen a cloth with a little oil and wipe away the fingerprints. By doing this, you will keep your knife in good condition for a very long time.<\/p>","protected":false},"excerpt":{"rendered":"<p>Magnificent knife from the film \"Rambo the Last Mission\".<\/p>\n<ul>\n<li>In 440 stainless steel.<\/li>\n<li>Sharpened blade with engraved Rambo logo.<\/li>\n<li>Riveted fiberglass plates.<\/li>\n<li>The guard is specially shaped with a hook.<\/li>\n<li>Window knob.<\/li>\n<li>Leather sheath with snap closure.<\/li>\n<li>Blade length: 23 cm - Total length: 38 cm<\/li>\n<li>Weight : 561 Grs<\/li>\n<\/ul>","protected":false},"featured_media":29041,"template":"","meta":[],"product_brand":[896],"product_cat":[24,61],"product_tag":[],"class_list":{"0":"post-29040","1":"product","2":"type-product","3":"status-publish","4":"has-post-thumbnail","6":"product_brand-replique-manga-cine","7":"product_cat-films-series-tv-vente-de-katana-epee-et-produits-derives","8":"product_cat-couteaux-rambo-poignard-john-rambo","10":"first","11":"instock","12":"taxable","13":"shipping-taxable","14":"purchasable","15":"product-type-simple"},"yoast_head":"<!-- This site is optimized with the Yoast SEO plugin v27.5 - https:\/\/yoast.com\/product\/yoast-seo-wordpress\/ -->\n<title>Couteau Rambo 5 Heartstopper Last Blood - R\u00e9plique Manga Cin\u00e9<\/title>\n<meta name=\"description\" content=\"Offrez-vous cette r\u00e9plique du Couteau Rambo 5 Heartstopper Last Blood au meilleur prix. Lame en acier 440 - Fourreau en cuir - Longueur totale : 38 cm\" \/>\n<meta name=\"robots\" content=\"index, follow, max-snippet:-1, max-image-preview:large, max-video-preview:-1\" \/>\n<link rel=\"canonical\" href=\"https:\/\/repliquemangacine.fr\/en\/rambo-knives-john-rambo-dagger\/rambo-5-heartstopper-knife\/\" \/>\n<meta property=\"og:locale\" content=\"en_US\" \/>\n<meta property=\"og:type\" content=\"article\" \/>\n<meta property=\"og:title\" content=\"Couteau Rambo 5 Heartstopper Last Blood - R\u00e9plique Manga Cin\u00e9\" \/>\n<meta property=\"og:description\" content=\"Offrez-vous cette r\u00e9plique du Couteau Rambo 5 Heartstopper Last Blood au meilleur prix. Lame en acier 440 - Fourreau en cuir - Longueur totale : 38 cm\" \/>\n<meta property=\"og:url\" content=\"https:\/\/repliquemangacine.fr\/en\/rambo-knives-john-rambo-dagger\/rambo-5-heartstopper-knife\/\" \/>\n<meta property=\"og:site_name\" content=\"R\u00e9plique Manga Cin\u00e9\" \/>\n<meta property=\"article:publisher\" content=\"https:\/\/www.facebook.com\/RepliqueMangaCine\" \/>\n<meta property=\"article:modified_time\" content=\"2026-04-28T17:22:53+00:00\" \/>\n<meta property=\"og:image\" content=\"https:\/\/repliquemangacine.fr\/wp-content\/uploads\/2023\/10\/3752-Couteau-Rambo-V-Last-Blood.jpg\" \/>\n\t<meta property=\"og:image:width\" content=\"800\" \/>\n\t<meta property=\"og:image:height\" content=\"800\" \/>\n\t<meta property=\"og:image:type\" content=\"image\/jpeg\" \/>\n<meta name=\"twitter:card\" content=\"summary_large_image\" \/>\n<meta name=\"twitter:label1\" content=\"Est. reading time\" \/>\n\t<meta name=\"twitter:data1\" content=\"2 minutes\" \/>\n<script type=\"application\/ld+json\" class=\"yoast-schema-graph\">{\"@context\":\"https:\\\/\\\/schema.org\",\"@graph\":[{\"@type\":\"WebPage\",\"@id\":\"https:\\\/\\\/repliquemangacine.fr\\\/couteaux-rambo-poignard-john-rambo\\\/couteau-rambo-5-heartstopper\\\/\",\"url\":\"https:\\\/\\\/repliquemangacine.fr\\\/couteaux-rambo-poignard-john-rambo\\\/couteau-rambo-5-heartstopper\\\/\",\"name\":\"Couteau Rambo 5 Heartstopper Last Blood - R\u00e9plique Manga Cin\u00e9\",\"isPartOf\":{\"@id\":\"https:\\\/\\\/repliquemangacine.fr\\\/#website\"},\"primaryImageOfPage\":{\"@id\":\"https:\\\/\\\/repliquemangacine.fr\\\/couteaux-rambo-poignard-john-rambo\\\/couteau-rambo-5-heartstopper\\\/#primaryimage\"},\"image\":{\"@id\":\"https:\\\/\\\/repliquemangacine.fr\\\/couteaux-rambo-poignard-john-rambo\\\/couteau-rambo-5-heartstopper\\\/#primaryimage\"},\"thumbnailUrl\":\"https:\\\/\\\/repliquemangacine.fr\\\/wp-content\\\/uploads\\\/2023\\\/10\\\/3752-Couteau-Rambo-V-Last-Blood.jpg\",\"datePublished\":\"2020-08-02T13:29:38+00:00\",\"dateModified\":\"2026-04-28T17:22:53+00:00\",\"description\":\"Offrez-vous cette r\u00e9plique du Couteau Rambo 5 Heartstopper Last Blood au meilleur prix. Lame en acier 440 - Fourreau en cuir - Longueur totale : 38 cm\",\"breadcrumb\":{\"@id\":\"https:\\\/\\\/repliquemangacine.fr\\\/couteaux-rambo-poignard-john-rambo\\\/couteau-rambo-5-heartstopper\\\/#breadcrumb\"},\"inLanguage\":\"en-US\",\"potentialAction\":[{\"@type\":\"ReadAction\",\"target\":[\"https:\\\/\\\/repliquemangacine.fr\\\/couteaux-rambo-poignard-john-rambo\\\/couteau-rambo-5-heartstopper\\\/\"]}]},{\"@type\":\"ImageObject\",\"inLanguage\":\"en-US\",\"@id\":\"https:\\\/\\\/repliquemangacine.fr\\\/couteaux-rambo-poignard-john-rambo\\\/couteau-rambo-5-heartstopper\\\/#primaryimage\",\"url\":\"https:\\\/\\\/repliquemangacine.fr\\\/wp-content\\\/uploads\\\/2023\\\/10\\\/3752-Couteau-Rambo-V-Last-Blood.jpg\",\"contentUrl\":\"https:\\\/\\\/repliquemangacine.fr\\\/wp-content\\\/uploads\\\/2023\\\/10\\\/3752-Couteau-Rambo-V-Last-Blood.jpg\",\"width\":800,\"height\":800,\"caption\":\"Couteau Rambo V Last Blood\"},{\"@type\":\"BreadcrumbList\",\"@id\":\"https:\\\/\\\/repliquemangacine.fr\\\/couteaux-rambo-poignard-john-rambo\\\/couteau-rambo-5-heartstopper\\\/#breadcrumb\",\"itemListElement\":[{\"@type\":\"ListItem\",\"position\":1,\"name\":\"Accueil\",\"item\":\"https:\\\/\\\/repliquemangacine.fr\\\/\"},{\"@type\":\"ListItem\",\"position\":2,\"name\":\"Produits\",\"item\":\"https:\\\/\\\/repliquemangacine.fr\\\/boutique\\\/\"},{\"@type\":\"ListItem\",\"position\":3,\"name\":\"Couteau Rambo 5 Last Blood Heartstopper\"}]},{\"@type\":\"WebSite\",\"@id\":\"https:\\\/\\\/repliquemangacine.fr\\\/#website\",\"url\":\"https:\\\/\\\/repliquemangacine.fr\\\/\",\"name\":\"R\u00e9plique Manga Cin\u00e9\",\"description\":\"\",\"publisher\":{\"@id\":\"https:\\\/\\\/repliquemangacine.fr\\\/#organization\"},\"potentialAction\":[{\"@type\":\"SearchAction\",\"target\":{\"@type\":\"EntryPoint\",\"urlTemplate\":\"https:\\\/\\\/repliquemangacine.fr\\\/?s={search_term_string}\"},\"query-input\":{\"@type\":\"PropertyValueSpecification\",\"valueRequired\":true,\"valueName\":\"search_term_string\"}}],\"inLanguage\":\"en-US\"},{\"@type\":\"Organization\",\"@id\":\"https:\\\/\\\/repliquemangacine.fr\\\/#organization\",\"name\":\"R\u00e9plique Manga Cin\u00e9\",\"url\":\"https:\\\/\\\/repliquemangacine.fr\\\/\",\"logo\":{\"@type\":\"ImageObject\",\"inLanguage\":\"en-US\",\"@id\":\"https:\\\/\\\/repliquemangacine.fr\\\/#\\\/schema\\\/logo\\\/image\\\/\",\"url\":\"https:\\\/\\\/repliquemangacine.fr\\\/wp-content\\\/uploads\\\/2023\\\/10\\\/RMC-500250.png\",\"contentUrl\":\"https:\\\/\\\/repliquemangacine.fr\\\/wp-content\\\/uploads\\\/2023\\\/10\\\/RMC-500250.png\",\"width\":500,\"height\":250,\"caption\":\"R\u00e9plique Manga Cin\u00e9\"},\"image\":{\"@id\":\"https:\\\/\\\/repliquemangacine.fr\\\/#\\\/schema\\\/logo\\\/image\\\/\"},\"sameAs\":[\"https:\\\/\\\/www.facebook.com\\\/RepliqueMangaCine\",\"https:\\\/\\\/www.instagram.com\\\/repliquemangacine.fr\\\/\"]}]}<\/script>\n<!-- \/ Yoast SEO plugin. -->","yoast_head_json":{"title":"Rambo 5 Heartstopper Last Blood knife - R\u00e9plique Manga Cin\u00e9","description":"Treat yourself to this replica Rambo 5 Heartstopper Last Blood knife at the best price. 440 steel blade - Leather sheath - Total length: 38 cm","robots":{"index":"index","follow":"follow","max-snippet":"max-snippet:-1","max-image-preview":"max-image-preview:large","max-video-preview":"max-video-preview:-1"},"canonical":"https:\/\/repliquemangacine.fr\/en\/rambo-knives-john-rambo-dagger\/rambo-5-heartstopper-knife\/","og_locale":"en_US","og_type":"article","og_title":"Couteau Rambo 5 Heartstopper Last Blood - R\u00e9plique Manga Cin\u00e9","og_description":"Offrez-vous cette r\u00e9plique du Couteau Rambo 5 Heartstopper Last Blood au meilleur prix. Lame en acier 440 - Fourreau en cuir - Longueur totale : 38 cm","og_url":"https:\/\/repliquemangacine.fr\/en\/rambo-knives-john-rambo-dagger\/rambo-5-heartstopper-knife\/","og_site_name":"R\u00e9plique Manga Cin\u00e9","article_publisher":"https:\/\/www.facebook.com\/RepliqueMangaCine","article_modified_time":"2026-04-28T17:22:53+00:00","og_image":[{"width":800,"height":800,"url":"https:\/\/repliquemangacine.fr\/wp-content\/uploads\/2023\/10\/3752-Couteau-Rambo-V-Last-Blood.jpg","type":"image\/jpeg"}],"twitter_card":"summary_large_image","twitter_misc":{"Est. reading time":"2 minutes"},"schema":{"@context":"https:\/\/schema.org","@graph":[{"@type":"WebPage","@id":"https:\/\/repliquemangacine.fr\/couteaux-rambo-poignard-john-rambo\/couteau-rambo-5-heartstopper\/","url":"https:\/\/repliquemangacine.fr\/couteaux-rambo-poignard-john-rambo\/couteau-rambo-5-heartstopper\/","name":"Rambo 5 Heartstopper Last Blood knife - R\u00e9plique Manga Cin\u00e9","isPartOf":{"@id":"https:\/\/repliquemangacine.fr\/#website"},"primaryImageOfPage":{"@id":"https:\/\/repliquemangacine.fr\/couteaux-rambo-poignard-john-rambo\/couteau-rambo-5-heartstopper\/#primaryimage"},"image":{"@id":"https:\/\/repliquemangacine.fr\/couteaux-rambo-poignard-john-rambo\/couteau-rambo-5-heartstopper\/#primaryimage"},"thumbnailUrl":"https:\/\/repliquemangacine.fr\/wp-content\/uploads\/2023\/10\/3752-Couteau-Rambo-V-Last-Blood.jpg","datePublished":"2020-08-02T13:29:38+00:00","dateModified":"2026-04-28T17:22:53+00:00","description":"Treat yourself to this replica Rambo 5 Heartstopper Last Blood knife at the best price. 440 steel blade - Leather sheath - Total length: 38 cm","breadcrumb":{"@id":"https:\/\/repliquemangacine.fr\/couteaux-rambo-poignard-john-rambo\/couteau-rambo-5-heartstopper\/#breadcrumb"},"inLanguage":"en-US","potentialAction":[{"@type":"ReadAction","target":["https:\/\/repliquemangacine.fr\/couteaux-rambo-poignard-john-rambo\/couteau-rambo-5-heartstopper\/"]}]},{"@type":"ImageObject","inLanguage":"en-US","@id":"https:\/\/repliquemangacine.fr\/couteaux-rambo-poignard-john-rambo\/couteau-rambo-5-heartstopper\/#primaryimage","url":"https:\/\/repliquemangacine.fr\/wp-content\/uploads\/2023\/10\/3752-Couteau-Rambo-V-Last-Blood.jpg","contentUrl":"https:\/\/repliquemangacine.fr\/wp-content\/uploads\/2023\/10\/3752-Couteau-Rambo-V-Last-Blood.jpg","width":800,"height":800,"caption":"Couteau Rambo V Last Blood"},{"@type":"BreadcrumbList","@id":"https:\/\/repliquemangacine.fr\/couteaux-rambo-poignard-john-rambo\/couteau-rambo-5-heartstopper\/#breadcrumb","itemListElement":[{"@type":"ListItem","position":1,"name":"Accueil","item":"https:\/\/repliquemangacine.fr\/"},{"@type":"ListItem","position":2,"name":"Produits","item":"https:\/\/repliquemangacine.fr\/boutique\/"},{"@type":"ListItem","position":3,"name":"Couteau Rambo 5 Last Blood Heartstopper"}]},{"@type":"WebSite","@id":"https:\/\/repliquemangacine.fr\/#website","url":"https:\/\/repliquemangacine.fr\/","name":"R\u00e9plique Manga Cin\u00e9","description":"","publisher":{"@id":"https:\/\/repliquemangacine.fr\/#organization"},"potentialAction":[{"@type":"SearchAction","target":{"@type":"EntryPoint","urlTemplate":"https:\/\/repliquemangacine.fr\/?s={search_term_string}"},"query-input":{"@type":"PropertyValueSpecification","valueRequired":true,"valueName":"search_term_string"}}],"inLanguage":"en-US"},{"@type":"Organization","@id":"https:\/\/repliquemangacine.fr\/#organization","name":"R\u00e9plique Manga Cin\u00e9","url":"https:\/\/repliquemangacine.fr\/","logo":{"@type":"ImageObject","inLanguage":"en-US","@id":"https:\/\/repliquemangacine.fr\/#\/schema\/logo\/image\/","url":"https:\/\/repliquemangacine.fr\/wp-content\/uploads\/2023\/10\/RMC-500250.png","contentUrl":"https:\/\/repliquemangacine.fr\/wp-content\/uploads\/2023\/10\/RMC-500250.png","width":500,"height":250,"caption":"R\u00e9plique Manga Cin\u00e9"},"image":{"@id":"https:\/\/repliquemangacine.fr\/#\/schema\/logo\/image\/"},"sameAs":["https:\/\/www.facebook.com\/RepliqueMangaCine","https:\/\/www.instagram.com\/repliquemangacine.fr\/"]}]}},"_links":{"self":[{"href":"https:\/\/repliquemangacine.fr\/en\/wp-json\/wp\/v2\/product\/29040","targetHints":{"allow":["GET"]}}],"collection":[{"href":"https:\/\/repliquemangacine.fr\/en\/wp-json\/wp\/v2\/product"}],"about":[{"href":"https:\/\/repliquemangacine.fr\/en\/wp-json\/wp\/v2\/types\/product"}],"wp:featuredmedia":[{"embeddable":true,"href":"https:\/\/repliquemangacine.fr\/en\/wp-json\/wp\/v2\/media\/29041"}],"wp:attachment":[{"href":"https:\/\/repliquemangacine.fr\/en\/wp-json\/wp\/v2\/media?parent=29040"}],"wp:term":[{"taxonomy":"product_brand","embeddable":true,"href":"https:\/\/repliquemangacine.fr\/en\/wp-json\/wp\/v2\/product_brand?post=29040"},{"taxonomy":"product_cat","embeddable":true,"href":"https:\/\/repliquemangacine.fr\/en\/wp-json\/wp\/v2\/product_cat?post=29040"},{"taxonomy":"product_tag","embeddable":true,"href":"https:\/\/repliquemangacine.fr\/en\/wp-json\/wp\/v2\/product_tag?post=29040"}],"curies":[{"name":"wp","href":"https:\/\/api.w.org\/{rel}","templated":true}]}}