





{"id":29015,"date":"2020-07-25T15:14:09","date_gmt":"2020-07-25T13:14:09","guid":{"rendered":"https:\/\/repliquemangacine.fr\/?post_type=product&#038;p=29015"},"modified":"2026-04-08T19:14:19","modified_gmt":"2026-04-08T17:14:19","slug":"lucille-rigid-foam-negan-bat","status":"publish","type":"product","link":"https:\/\/repliquemangacine.fr\/en\/armes-the-walking-dead\/batte-de-negan-lucille-en-mousse-rigide\/","title":{"rendered":"Negan Lucille bat"},"content":{"rendered":"<h2>Negan Lucille rigid foam bat.<\/h2>\n<p>To begin with, the <strong>Negan Lucille bat<\/strong> is made of rigid foam. <a href=\"https:\/\/thewalkingdead.fandom.com\/fr\/wiki\/Lucille_Smith\">Lucille<\/a> is the first name of Negan's wife. She was diagnosed with cancer just before the apocalypse. Lucille was very weak because of her illness. Negan took care of her, but the chemotherapy had been damaging and he had to take more and more risks for her.<\/p>\n<p>While he was away, Lucille committed suicide to ease her pain.<\/p>\n<p>Negan, major antagonist in The Walking Dead. He first appeared in season 6.<\/p>\n<p>Negan, leader of the Saviors, is both respected and feared by his group. He lives in a disused factory called \u201cThe Sanctuary\u201d. He always introduces Lucille before slaughtering his victims.<br \/>\nThat's how he kills the hapless Gleen and Abraham in season 7\u1d49 before everyone's eyes.<\/p>\n<h2>Your The Walking Dead bat at the best price.<\/h2>\n<p>We offer a wide range of reproduction weapons from the TV series The Walking Dead.<\/p>\n<p>First and foremost,<\/p>\n<ul>\n<li>Identical replica of the <a href=\"https:\/\/repliquemangacine.fr\/en\/the-walking-dead\/daryl-walking-dead-dagger\/\">Daryl's dagger<\/a> which he uses against Lance Hornsby in episode 18 Season 11<\/li>\n<li>As well as the replica of the <a href=\"https:\/\/repliquemangacine.fr\/en\/the-walking-dead\/rick-axe-cold-steel\/\">Rick's axe<\/a> in the Cold Steel prison episodes.<\/li>\n<li>There is also the <a href=\"https:\/\/repliquemangacine.fr\/en\/films-tv-series-sale-of-katana-sword-and-related-products\/katana-forge-de-michonne\/\">Michonne's katana<\/a> in two cutting and noncutting versions.<\/li>\n<li>And many more to discover in our store!<\/li>\n<\/ul>\n<p>A great gift idea for all lovers of historic weapons.<\/p>\n<p>In conclusion, you can use this <strong>Negan Lucille bat<\/strong> for your interior decoration or theme parties.<\/p>\n<p>Above all, this weapon is a collector's item and a decorative piece.<\/p>\n<p>&nbsp;<\/p>\n<p><strong>\u00a0<\/strong><\/p>","protected":false},"excerpt":{"rendered":"<p>Bat named Lucille used by Negan in \"The Walking Dead\".<\/p>\n<ul>\n<li>Rigid foam bat handle and barbed wire.<\/li>\n<li>So there's no risk of injury.<\/li>\n<li>Actual size is 82cm long and 8cm in diameter. Weighs 400 grams.<\/li>\n<\/ul>","protected":false},"featured_media":29016,"template":"","meta":[],"product_brand":[896],"product_cat":[24,62],"product_tag":[],"class_list":{"0":"post-29015","1":"product","2":"type-product","3":"status-publish","4":"has-post-thumbnail","6":"product_brand-replique-manga-cine","7":"product_cat-films-series-tv-vente-de-katana-epee-et-produits-derives","8":"product_cat-armes-the-walking-dead","10":"first","11":"instock","12":"taxable","13":"shipping-taxable","14":"purchasable","15":"product-type-simple"},"yoast_head":"<!-- This site is optimized with the Yoast SEO plugin v27.5 - https:\/\/yoast.com\/product\/yoast-seo-wordpress\/ -->\n<title>Batte de N\u00e9gan Lucille - The Walking Dead - R\u00e9plique Manga Cin\u00e9<\/title>\n<meta name=\"description\" content=\"Achetez cette r\u00e9plique de la terrifiante Batte de N\u00e9gan Lucille dans The Walking Dead - Tout en mousse rigide - Longueur totale : 82 cm\" \/>\n<meta name=\"robots\" content=\"index, follow, max-snippet:-1, max-image-preview:large, max-video-preview:-1\" \/>\n<link rel=\"canonical\" href=\"https:\/\/repliquemangacine.fr\/en\/weapons-the-walking-dead\/lucille-rigid-foam-negan-bat\/\" \/>\n<meta property=\"og:locale\" content=\"en_US\" \/>\n<meta property=\"og:type\" content=\"article\" \/>\n<meta property=\"og:title\" content=\"Batte de N\u00e9gan Lucille - The Walking Dead - R\u00e9plique Manga Cin\u00e9\" \/>\n<meta property=\"og:description\" content=\"Achetez cette r\u00e9plique de la terrifiante Batte de N\u00e9gan Lucille dans The Walking Dead - Tout en mousse rigide - Longueur totale : 82 cm\" \/>\n<meta property=\"og:url\" content=\"https:\/\/repliquemangacine.fr\/en\/weapons-the-walking-dead\/lucille-rigid-foam-negan-bat\/\" \/>\n<meta property=\"og:site_name\" content=\"R\u00e9plique Manga Cin\u00e9\" \/>\n<meta property=\"article:publisher\" content=\"https:\/\/www.facebook.com\/RepliqueMangaCine\" \/>\n<meta property=\"article:modified_time\" content=\"2026-04-08T17:14:19+00:00\" \/>\n<meta property=\"og:image\" content=\"https:\/\/repliquemangacine.fr\/wp-content\/uploads\/2023\/10\/3699-Batte-Mousse-Negan-Walking-Dead.jpg\" \/>\n\t<meta property=\"og:image:width\" content=\"800\" \/>\n\t<meta property=\"og:image:height\" content=\"800\" \/>\n\t<meta property=\"og:image:type\" content=\"image\/jpeg\" \/>\n<meta name=\"twitter:card\" content=\"summary_large_image\" \/>\n<meta name=\"twitter:label1\" content=\"Est. reading time\" \/>\n\t<meta name=\"twitter:data1\" content=\"2 minutes\" \/>\n<script type=\"application\/ld+json\" class=\"yoast-schema-graph\">{\"@context\":\"https:\\\/\\\/schema.org\",\"@graph\":[{\"@type\":\"WebPage\",\"@id\":\"https:\\\/\\\/repliquemangacine.fr\\\/armes-the-walking-dead\\\/batte-de-negan-lucille-en-mousse-rigide\\\/\",\"url\":\"https:\\\/\\\/repliquemangacine.fr\\\/armes-the-walking-dead\\\/batte-de-negan-lucille-en-mousse-rigide\\\/\",\"name\":\"Batte de N\u00e9gan Lucille - The Walking Dead - R\u00e9plique Manga Cin\u00e9\",\"isPartOf\":{\"@id\":\"https:\\\/\\\/repliquemangacine.fr\\\/#website\"},\"primaryImageOfPage\":{\"@id\":\"https:\\\/\\\/repliquemangacine.fr\\\/armes-the-walking-dead\\\/batte-de-negan-lucille-en-mousse-rigide\\\/#primaryimage\"},\"image\":{\"@id\":\"https:\\\/\\\/repliquemangacine.fr\\\/armes-the-walking-dead\\\/batte-de-negan-lucille-en-mousse-rigide\\\/#primaryimage\"},\"thumbnailUrl\":\"https:\\\/\\\/repliquemangacine.fr\\\/wp-content\\\/uploads\\\/2023\\\/10\\\/3699-Batte-Mousse-Negan-Walking-Dead.jpg\",\"datePublished\":\"2020-07-25T13:14:09+00:00\",\"dateModified\":\"2026-04-08T17:14:19+00:00\",\"description\":\"Achetez cette r\u00e9plique de la terrifiante Batte de N\u00e9gan Lucille dans The Walking Dead - Tout en mousse rigide - Longueur totale : 82 cm\",\"breadcrumb\":{\"@id\":\"https:\\\/\\\/repliquemangacine.fr\\\/armes-the-walking-dead\\\/batte-de-negan-lucille-en-mousse-rigide\\\/#breadcrumb\"},\"inLanguage\":\"en-US\",\"potentialAction\":[{\"@type\":\"ReadAction\",\"target\":[\"https:\\\/\\\/repliquemangacine.fr\\\/armes-the-walking-dead\\\/batte-de-negan-lucille-en-mousse-rigide\\\/\"]}]},{\"@type\":\"ImageObject\",\"inLanguage\":\"en-US\",\"@id\":\"https:\\\/\\\/repliquemangacine.fr\\\/armes-the-walking-dead\\\/batte-de-negan-lucille-en-mousse-rigide\\\/#primaryimage\",\"url\":\"https:\\\/\\\/repliquemangacine.fr\\\/wp-content\\\/uploads\\\/2023\\\/10\\\/3699-Batte-Mousse-Negan-Walking-Dead.jpg\",\"contentUrl\":\"https:\\\/\\\/repliquemangacine.fr\\\/wp-content\\\/uploads\\\/2023\\\/10\\\/3699-Batte-Mousse-Negan-Walking-Dead.jpg\",\"width\":800,\"height\":800,\"caption\":\"Batte Mousse N\u00e9gan Walking Dead\"},{\"@type\":\"BreadcrumbList\",\"@id\":\"https:\\\/\\\/repliquemangacine.fr\\\/armes-the-walking-dead\\\/batte-de-negan-lucille-en-mousse-rigide\\\/#breadcrumb\",\"itemListElement\":[{\"@type\":\"ListItem\",\"position\":1,\"name\":\"Accueil\",\"item\":\"https:\\\/\\\/repliquemangacine.fr\\\/\"},{\"@type\":\"ListItem\",\"position\":2,\"name\":\"Produits\",\"item\":\"https:\\\/\\\/repliquemangacine.fr\\\/boutique\\\/\"},{\"@type\":\"ListItem\",\"position\":3,\"name\":\"Batte de N\u00e9gan Lucille\"}]},{\"@type\":\"WebSite\",\"@id\":\"https:\\\/\\\/repliquemangacine.fr\\\/#website\",\"url\":\"https:\\\/\\\/repliquemangacine.fr\\\/\",\"name\":\"R\u00e9plique Manga Cin\u00e9\",\"description\":\"\",\"publisher\":{\"@id\":\"https:\\\/\\\/repliquemangacine.fr\\\/#organization\"},\"potentialAction\":[{\"@type\":\"SearchAction\",\"target\":{\"@type\":\"EntryPoint\",\"urlTemplate\":\"https:\\\/\\\/repliquemangacine.fr\\\/?s={search_term_string}\"},\"query-input\":{\"@type\":\"PropertyValueSpecification\",\"valueRequired\":true,\"valueName\":\"search_term_string\"}}],\"inLanguage\":\"en-US\"},{\"@type\":\"Organization\",\"@id\":\"https:\\\/\\\/repliquemangacine.fr\\\/#organization\",\"name\":\"R\u00e9plique Manga Cin\u00e9\",\"url\":\"https:\\\/\\\/repliquemangacine.fr\\\/\",\"logo\":{\"@type\":\"ImageObject\",\"inLanguage\":\"en-US\",\"@id\":\"https:\\\/\\\/repliquemangacine.fr\\\/#\\\/schema\\\/logo\\\/image\\\/\",\"url\":\"https:\\\/\\\/repliquemangacine.fr\\\/wp-content\\\/uploads\\\/2023\\\/10\\\/RMC-500250.png\",\"contentUrl\":\"https:\\\/\\\/repliquemangacine.fr\\\/wp-content\\\/uploads\\\/2023\\\/10\\\/RMC-500250.png\",\"width\":500,\"height\":250,\"caption\":\"R\u00e9plique Manga Cin\u00e9\"},\"image\":{\"@id\":\"https:\\\/\\\/repliquemangacine.fr\\\/#\\\/schema\\\/logo\\\/image\\\/\"},\"sameAs\":[\"https:\\\/\\\/www.facebook.com\\\/RepliqueMangaCine\",\"https:\\\/\\\/www.instagram.com\\\/repliquemangacine.fr\\\/\"]}]}<\/script>\n<!-- \/ Yoast SEO plugin. -->","yoast_head_json":{"title":"Negan Lucille bat - The Walking Dead - R\u00e9plique Manga Cin\u00e9","description":"Buy this replica of the terrifying Negan Lucille Bat from The Walking Dead - All rigid foam - Total length: 82 cm","robots":{"index":"index","follow":"follow","max-snippet":"max-snippet:-1","max-image-preview":"max-image-preview:large","max-video-preview":"max-video-preview:-1"},"canonical":"https:\/\/repliquemangacine.fr\/en\/weapons-the-walking-dead\/lucille-rigid-foam-negan-bat\/","og_locale":"en_US","og_type":"article","og_title":"Batte de N\u00e9gan Lucille - The Walking Dead - R\u00e9plique Manga Cin\u00e9","og_description":"Achetez cette r\u00e9plique de la terrifiante Batte de N\u00e9gan Lucille dans The Walking Dead - Tout en mousse rigide - Longueur totale : 82 cm","og_url":"https:\/\/repliquemangacine.fr\/en\/weapons-the-walking-dead\/lucille-rigid-foam-negan-bat\/","og_site_name":"R\u00e9plique Manga Cin\u00e9","article_publisher":"https:\/\/www.facebook.com\/RepliqueMangaCine","article_modified_time":"2026-04-08T17:14:19+00:00","og_image":[{"width":800,"height":800,"url":"https:\/\/repliquemangacine.fr\/wp-content\/uploads\/2023\/10\/3699-Batte-Mousse-Negan-Walking-Dead.jpg","type":"image\/jpeg"}],"twitter_card":"summary_large_image","twitter_misc":{"Est. reading time":"2 minutes"},"schema":{"@context":"https:\/\/schema.org","@graph":[{"@type":"WebPage","@id":"https:\/\/repliquemangacine.fr\/armes-the-walking-dead\/batte-de-negan-lucille-en-mousse-rigide\/","url":"https:\/\/repliquemangacine.fr\/armes-the-walking-dead\/batte-de-negan-lucille-en-mousse-rigide\/","name":"Negan Lucille bat - The Walking Dead - R\u00e9plique Manga Cin\u00e9","isPartOf":{"@id":"https:\/\/repliquemangacine.fr\/#website"},"primaryImageOfPage":{"@id":"https:\/\/repliquemangacine.fr\/armes-the-walking-dead\/batte-de-negan-lucille-en-mousse-rigide\/#primaryimage"},"image":{"@id":"https:\/\/repliquemangacine.fr\/armes-the-walking-dead\/batte-de-negan-lucille-en-mousse-rigide\/#primaryimage"},"thumbnailUrl":"https:\/\/repliquemangacine.fr\/wp-content\/uploads\/2023\/10\/3699-Batte-Mousse-Negan-Walking-Dead.jpg","datePublished":"2020-07-25T13:14:09+00:00","dateModified":"2026-04-08T17:14:19+00:00","description":"Buy this replica of the terrifying Negan Lucille Bat from The Walking Dead - All rigid foam - Total length: 82 cm","breadcrumb":{"@id":"https:\/\/repliquemangacine.fr\/armes-the-walking-dead\/batte-de-negan-lucille-en-mousse-rigide\/#breadcrumb"},"inLanguage":"en-US","potentialAction":[{"@type":"ReadAction","target":["https:\/\/repliquemangacine.fr\/armes-the-walking-dead\/batte-de-negan-lucille-en-mousse-rigide\/"]}]},{"@type":"ImageObject","inLanguage":"en-US","@id":"https:\/\/repliquemangacine.fr\/armes-the-walking-dead\/batte-de-negan-lucille-en-mousse-rigide\/#primaryimage","url":"https:\/\/repliquemangacine.fr\/wp-content\/uploads\/2023\/10\/3699-Batte-Mousse-Negan-Walking-Dead.jpg","contentUrl":"https:\/\/repliquemangacine.fr\/wp-content\/uploads\/2023\/10\/3699-Batte-Mousse-Negan-Walking-Dead.jpg","width":800,"height":800,"caption":"Batte Mousse N\u00e9gan Walking Dead"},{"@type":"BreadcrumbList","@id":"https:\/\/repliquemangacine.fr\/armes-the-walking-dead\/batte-de-negan-lucille-en-mousse-rigide\/#breadcrumb","itemListElement":[{"@type":"ListItem","position":1,"name":"Accueil","item":"https:\/\/repliquemangacine.fr\/"},{"@type":"ListItem","position":2,"name":"Produits","item":"https:\/\/repliquemangacine.fr\/boutique\/"},{"@type":"ListItem","position":3,"name":"Batte de N\u00e9gan Lucille"}]},{"@type":"WebSite","@id":"https:\/\/repliquemangacine.fr\/#website","url":"https:\/\/repliquemangacine.fr\/","name":"R\u00e9plique Manga Cin\u00e9","description":"","publisher":{"@id":"https:\/\/repliquemangacine.fr\/#organization"},"potentialAction":[{"@type":"SearchAction","target":{"@type":"EntryPoint","urlTemplate":"https:\/\/repliquemangacine.fr\/?s={search_term_string}"},"query-input":{"@type":"PropertyValueSpecification","valueRequired":true,"valueName":"search_term_string"}}],"inLanguage":"en-US"},{"@type":"Organization","@id":"https:\/\/repliquemangacine.fr\/#organization","name":"R\u00e9plique Manga Cin\u00e9","url":"https:\/\/repliquemangacine.fr\/","logo":{"@type":"ImageObject","inLanguage":"en-US","@id":"https:\/\/repliquemangacine.fr\/#\/schema\/logo\/image\/","url":"https:\/\/repliquemangacine.fr\/wp-content\/uploads\/2023\/10\/RMC-500250.png","contentUrl":"https:\/\/repliquemangacine.fr\/wp-content\/uploads\/2023\/10\/RMC-500250.png","width":500,"height":250,"caption":"R\u00e9plique Manga Cin\u00e9"},"image":{"@id":"https:\/\/repliquemangacine.fr\/#\/schema\/logo\/image\/"},"sameAs":["https:\/\/www.facebook.com\/RepliqueMangaCine","https:\/\/www.instagram.com\/repliquemangacine.fr\/"]}]}},"_links":{"self":[{"href":"https:\/\/repliquemangacine.fr\/en\/wp-json\/wp\/v2\/product\/29015","targetHints":{"allow":["GET"]}}],"collection":[{"href":"https:\/\/repliquemangacine.fr\/en\/wp-json\/wp\/v2\/product"}],"about":[{"href":"https:\/\/repliquemangacine.fr\/en\/wp-json\/wp\/v2\/types\/product"}],"wp:featuredmedia":[{"embeddable":true,"href":"https:\/\/repliquemangacine.fr\/en\/wp-json\/wp\/v2\/media\/29016"}],"wp:attachment":[{"href":"https:\/\/repliquemangacine.fr\/en\/wp-json\/wp\/v2\/media?parent=29015"}],"wp:term":[{"taxonomy":"product_brand","embeddable":true,"href":"https:\/\/repliquemangacine.fr\/en\/wp-json\/wp\/v2\/product_brand?post=29015"},{"taxonomy":"product_cat","embeddable":true,"href":"https:\/\/repliquemangacine.fr\/en\/wp-json\/wp\/v2\/product_cat?post=29015"},{"taxonomy":"product_tag","embeddable":true,"href":"https:\/\/repliquemangacine.fr\/en\/wp-json\/wp\/v2\/product_tag?post=29015"}],"curies":[{"name":"wp","href":"https:\/\/api.w.org\/{rel}","templated":true}]}}