





{"id":28947,"date":"2020-04-09T14:52:29","date_gmt":"2020-04-09T12:52:29","guid":{"rendered":"https:\/\/repliquemangacine.fr\/?post_type=product&#038;p=28947"},"modified":"2025-11-19T20:32:32","modified_gmt":"2025-11-19T19:32:32","slug":"3-naruto-kunai-naruto-box-set","status":"publish","type":"product","link":"https:\/\/repliquemangacine.fr\/en\/kunai-et-shuriken-naruto\/3-kunai-naruto-coffret-naruto\/","title":{"rendered":"3 Naruto kunai"},"content":{"rendered":"<h2>Set of 3 Naruto Kunai with pouch.<\/h2>\n<p>To start with, the Naruto 3 Kunai set comes with a carrying pouch.<\/p>\n<p>A Kunai, like a shuriken, is a weapon commonly used by ninjas. It's a white weapon, averaging the length of a hand, designed for hand-to-hand combat, although it can also be used as a throwing weapon.<\/p>\n<p>Kunai can also be hidden in a sleeve. Like most weapons, a kunai can be charged with chakra, making it much more formidable.<\/p>\n<p>There are different styles of kunai. Minato Namikaze uses three-bladed kunai to which he adds a special seal for his instantaneous movement technique, giving him the nickname \"Yellow Lightning of Konoha\". During the final round of the sh\u00fbnin selection exam, Kabuto used a ringless kunai to kill a member of the Anbu.<\/p>\n<h2>Your set of 3 Naruto Kunai at the best price<\/h2>\n<p>We bring you all the lines of your favorite characters from the famous animated manga Naruto.<\/p>\n<p>First and foremost,<\/p>\n<ul>\n<li>The replica of the<a href=\"https:\/\/repliquemangacine.fr\/en\/katana-goodies-naruto\/zabuza-sword-kubikiribocho-sword\/\">sword of Zabuza<\/a> with its large chopper.<\/li>\n<li>As well as the <a href=\"https:\/\/repliquemangacine.fr\/en\/katana-goodies-naruto\/naruto-set-of-28-pieces\/\">28-piece gift box<\/a> for Naruto lovers.<\/li>\n<li>There is also the <a href=\"https:\/\/repliquemangacine.fr\/en\/katana-goodies-naruto\/katana-boruto-sasuke-naruto\/\">Boruto's katana<\/a> Naruto's son. Sasuk\u00e9 teaches him how.<\/li>\n<li>And many more to discover in our online store!<\/li>\n<\/ul>\n<p>That's why here are some great gift ideas for fans of <a href=\"https:\/\/naruto.fandom.com\/fr\/wiki\/Accueil\"target=\"_blank\" rel=\"noopener noreferrer\">Naruto<\/a>.<\/p>\n<p>In conclusion, you can also use this set of 3 Naruto Kunai to embellish your collection and your home.<\/p>\n<p>But first and foremost, Naruto Kunai are collector's items and decorations.<\/p>\n<h2>Discover our latest low-priced Naruto novelties<\/h2>\n<p>We're always on the lookout for something new to satisfy your needs, so we've got a few little nuggets for you to discover in the near future!<\/p>\n<p>For example: the large Naruto Kunai with its white handle. In the near future, we'll have the great pleasure of presenting Naruto figurines.<\/p>\n<p>R\u00e9plique Manga Cin\u00e9 is a French family business.<\/p>\n<p><strong>Please note that all our replicas are collector's items and decorations. You can use them for historical re-enactments, cosplay parades or interior decoration. Consequently, it is not possible to go into public places with these replicas.<\/strong><\/p>","protected":false},"excerpt":{"rendered":"<p>Superb set of 3 Naruto Kunai<\/p>\n<ul>\n<li>All pre-sharpened double-bevel steel.<\/li>\n<li>Black cotton ribbon on handle.<\/li>\n<li>Comes with a black cordura belt pouch.<\/li>\n<li>Total length of each kunai: 16.5cm<\/li>\n<\/ul>","protected":false},"featured_media":28948,"template":"","meta":[],"product_brand":[896],"product_cat":[108,23,42],"product_tag":[],"class_list":{"0":"post-28947","1":"product","2":"type-product","3":"status-publish","4":"has-post-thumbnail","6":"product_brand-replique-manga-cine","7":"product_cat-kunai-et-shuriken-naruto","8":"product_cat-repliques-manga-jeux-video","9":"product_cat-katana-goodies-naruto-kunai","11":"first","12":"instock","13":"taxable","14":"shipping-taxable","15":"purchasable","16":"product-type-simple"},"yoast_head":"<!-- This site is optimized with the Yoast SEO plugin v27.5 - https:\/\/yoast.com\/product\/yoast-seo-wordpress\/ -->\n<title>3 kuna\u00ef de Naruto - Sabre, Coffret Naruto - R\u00e9plique Manga Cin\u00e9<\/title>\n<meta name=\"description\" content=\"Commandez vite! Cet ensemble de 3 Kuna\u00ef de Naruto. Tout en m\u00e9tal. Livr\u00e9 avec sa pochette. Longueur totale :16.5cm. Paiement s\u00e9curis\u00e9. Envoi 24\/48h\" \/>\n<meta name=\"robots\" content=\"index, follow, max-snippet:-1, max-image-preview:large, max-video-preview:-1\" \/>\n<link rel=\"canonical\" href=\"https:\/\/repliquemangacine.fr\/en\/naruto-kunai-and-shuriken\/3-naruto-kunai-naruto-box-set\/\" \/>\n<meta property=\"og:locale\" content=\"en_US\" \/>\n<meta property=\"og:type\" content=\"article\" \/>\n<meta property=\"og:title\" content=\"3 kuna\u00ef de Naruto - Sabre, Coffret Naruto - R\u00e9plique Manga Cin\u00e9\" \/>\n<meta property=\"og:description\" content=\"Commandez vite! Cet ensemble de 3 Kuna\u00ef de Naruto. Tout en m\u00e9tal. Livr\u00e9 avec sa pochette. Longueur totale :16.5cm. Paiement s\u00e9curis\u00e9. Envoi 24\/48h\" \/>\n<meta property=\"og:url\" content=\"https:\/\/repliquemangacine.fr\/en\/naruto-kunai-and-shuriken\/3-naruto-kunai-naruto-box-set\/\" \/>\n<meta property=\"og:site_name\" content=\"R\u00e9plique Manga Cin\u00e9\" \/>\n<meta property=\"article:publisher\" content=\"https:\/\/www.facebook.com\/RepliqueMangaCine\" \/>\n<meta property=\"article:modified_time\" content=\"2025-11-19T19:32:32+00:00\" \/>\n<meta property=\"og:image\" content=\"https:\/\/repliquemangacine.fr\/wp-content\/uploads\/2023\/10\/3632-ensemble-de-kunai-naruto.jpg\" \/>\n\t<meta property=\"og:image:width\" content=\"800\" \/>\n\t<meta property=\"og:image:height\" content=\"800\" \/>\n\t<meta property=\"og:image:type\" content=\"image\/jpeg\" \/>\n<meta name=\"twitter:card\" content=\"summary_large_image\" \/>\n<meta name=\"twitter:label1\" content=\"Est. reading time\" \/>\n\t<meta name=\"twitter:data1\" content=\"1 minute\" \/>\n<script type=\"application\/ld+json\" class=\"yoast-schema-graph\">{\"@context\":\"https:\\\/\\\/schema.org\",\"@graph\":[{\"@type\":\"WebPage\",\"@id\":\"https:\\\/\\\/repliquemangacine.fr\\\/kunai-et-shuriken-naruto\\\/3-kunai-naruto-coffret-naruto\\\/\",\"url\":\"https:\\\/\\\/repliquemangacine.fr\\\/kunai-et-shuriken-naruto\\\/3-kunai-naruto-coffret-naruto\\\/\",\"name\":\"3 kuna\u00ef de Naruto - Sabre, Coffret Naruto - R\u00e9plique Manga Cin\u00e9\",\"isPartOf\":{\"@id\":\"https:\\\/\\\/repliquemangacine.fr\\\/#website\"},\"primaryImageOfPage\":{\"@id\":\"https:\\\/\\\/repliquemangacine.fr\\\/kunai-et-shuriken-naruto\\\/3-kunai-naruto-coffret-naruto\\\/#primaryimage\"},\"image\":{\"@id\":\"https:\\\/\\\/repliquemangacine.fr\\\/kunai-et-shuriken-naruto\\\/3-kunai-naruto-coffret-naruto\\\/#primaryimage\"},\"thumbnailUrl\":\"https:\\\/\\\/repliquemangacine.fr\\\/wp-content\\\/uploads\\\/2023\\\/10\\\/3632-ensemble-de-kunai-naruto.jpg\",\"datePublished\":\"2020-04-09T12:52:29+00:00\",\"dateModified\":\"2025-11-19T19:32:32+00:00\",\"description\":\"Commandez vite! Cet ensemble de 3 Kuna\u00ef de Naruto. Tout en m\u00e9tal. Livr\u00e9 avec sa pochette. Longueur totale :16.5cm. Paiement s\u00e9curis\u00e9. Envoi 24\\\/48h\",\"breadcrumb\":{\"@id\":\"https:\\\/\\\/repliquemangacine.fr\\\/kunai-et-shuriken-naruto\\\/3-kunai-naruto-coffret-naruto\\\/#breadcrumb\"},\"inLanguage\":\"en-US\",\"potentialAction\":[{\"@type\":\"ReadAction\",\"target\":[\"https:\\\/\\\/repliquemangacine.fr\\\/kunai-et-shuriken-naruto\\\/3-kunai-naruto-coffret-naruto\\\/\"]}]},{\"@type\":\"ImageObject\",\"inLanguage\":\"en-US\",\"@id\":\"https:\\\/\\\/repliquemangacine.fr\\\/kunai-et-shuriken-naruto\\\/3-kunai-naruto-coffret-naruto\\\/#primaryimage\",\"url\":\"https:\\\/\\\/repliquemangacine.fr\\\/wp-content\\\/uploads\\\/2023\\\/10\\\/3632-ensemble-de-kunai-naruto.jpg\",\"contentUrl\":\"https:\\\/\\\/repliquemangacine.fr\\\/wp-content\\\/uploads\\\/2023\\\/10\\\/3632-ensemble-de-kunai-naruto.jpg\",\"width\":800,\"height\":800,\"caption\":\"ensemble de kunai naruto\"},{\"@type\":\"BreadcrumbList\",\"@id\":\"https:\\\/\\\/repliquemangacine.fr\\\/kunai-et-shuriken-naruto\\\/3-kunai-naruto-coffret-naruto\\\/#breadcrumb\",\"itemListElement\":[{\"@type\":\"ListItem\",\"position\":1,\"name\":\"Accueil\",\"item\":\"https:\\\/\\\/repliquemangacine.fr\\\/\"},{\"@type\":\"ListItem\",\"position\":2,\"name\":\"Produits\",\"item\":\"https:\\\/\\\/repliquemangacine.fr\\\/boutique\\\/\"},{\"@type\":\"ListItem\",\"position\":3,\"name\":\"3 kuna\u00ef de Naruto\"}]},{\"@type\":\"WebSite\",\"@id\":\"https:\\\/\\\/repliquemangacine.fr\\\/#website\",\"url\":\"https:\\\/\\\/repliquemangacine.fr\\\/\",\"name\":\"R\u00e9plique Manga Cin\u00e9\",\"description\":\"\",\"publisher\":{\"@id\":\"https:\\\/\\\/repliquemangacine.fr\\\/#organization\"},\"potentialAction\":[{\"@type\":\"SearchAction\",\"target\":{\"@type\":\"EntryPoint\",\"urlTemplate\":\"https:\\\/\\\/repliquemangacine.fr\\\/?s={search_term_string}\"},\"query-input\":{\"@type\":\"PropertyValueSpecification\",\"valueRequired\":true,\"valueName\":\"search_term_string\"}}],\"inLanguage\":\"en-US\"},{\"@type\":\"Organization\",\"@id\":\"https:\\\/\\\/repliquemangacine.fr\\\/#organization\",\"name\":\"R\u00e9plique Manga Cin\u00e9\",\"url\":\"https:\\\/\\\/repliquemangacine.fr\\\/\",\"logo\":{\"@type\":\"ImageObject\",\"inLanguage\":\"en-US\",\"@id\":\"https:\\\/\\\/repliquemangacine.fr\\\/#\\\/schema\\\/logo\\\/image\\\/\",\"url\":\"https:\\\/\\\/repliquemangacine.fr\\\/wp-content\\\/uploads\\\/2023\\\/10\\\/RMC-500250.png\",\"contentUrl\":\"https:\\\/\\\/repliquemangacine.fr\\\/wp-content\\\/uploads\\\/2023\\\/10\\\/RMC-500250.png\",\"width\":500,\"height\":250,\"caption\":\"R\u00e9plique Manga Cin\u00e9\"},\"image\":{\"@id\":\"https:\\\/\\\/repliquemangacine.fr\\\/#\\\/schema\\\/logo\\\/image\\\/\"},\"sameAs\":[\"https:\\\/\\\/www.facebook.com\\\/RepliqueMangaCine\",\"https:\\\/\\\/www.instagram.com\\\/repliquemangacine.fr\\\/\"]}]}<\/script>\n<!-- \/ Yoast SEO plugin. -->","yoast_head_json":{"title":"3 kunai from Naruto - Saber, Naruto Set - R\u00e9plique Manga Cin\u00e9","description":"Order now! This set of 3 Naruto Kunai. All metal. Comes with pouch. Total length: 16.5cm. Secure payment. Shipping 24\/48h","robots":{"index":"index","follow":"follow","max-snippet":"max-snippet:-1","max-image-preview":"max-image-preview:large","max-video-preview":"max-video-preview:-1"},"canonical":"https:\/\/repliquemangacine.fr\/en\/naruto-kunai-and-shuriken\/3-naruto-kunai-naruto-box-set\/","og_locale":"en_US","og_type":"article","og_title":"3 kuna\u00ef de Naruto - Sabre, Coffret Naruto - R\u00e9plique Manga Cin\u00e9","og_description":"Commandez vite! Cet ensemble de 3 Kuna\u00ef de Naruto. Tout en m\u00e9tal. Livr\u00e9 avec sa pochette. Longueur totale :16.5cm. Paiement s\u00e9curis\u00e9. Envoi 24\/48h","og_url":"https:\/\/repliquemangacine.fr\/en\/naruto-kunai-and-shuriken\/3-naruto-kunai-naruto-box-set\/","og_site_name":"R\u00e9plique Manga Cin\u00e9","article_publisher":"https:\/\/www.facebook.com\/RepliqueMangaCine","article_modified_time":"2025-11-19T19:32:32+00:00","og_image":[{"width":800,"height":800,"url":"https:\/\/repliquemangacine.fr\/wp-content\/uploads\/2023\/10\/3632-ensemble-de-kunai-naruto.jpg","type":"image\/jpeg"}],"twitter_card":"summary_large_image","twitter_misc":{"Est. reading time":"1 minute"},"schema":{"@context":"https:\/\/schema.org","@graph":[{"@type":"WebPage","@id":"https:\/\/repliquemangacine.fr\/kunai-et-shuriken-naruto\/3-kunai-naruto-coffret-naruto\/","url":"https:\/\/repliquemangacine.fr\/kunai-et-shuriken-naruto\/3-kunai-naruto-coffret-naruto\/","name":"3 kunai from Naruto - Saber, Naruto Set - R\u00e9plique Manga Cin\u00e9","isPartOf":{"@id":"https:\/\/repliquemangacine.fr\/#website"},"primaryImageOfPage":{"@id":"https:\/\/repliquemangacine.fr\/kunai-et-shuriken-naruto\/3-kunai-naruto-coffret-naruto\/#primaryimage"},"image":{"@id":"https:\/\/repliquemangacine.fr\/kunai-et-shuriken-naruto\/3-kunai-naruto-coffret-naruto\/#primaryimage"},"thumbnailUrl":"https:\/\/repliquemangacine.fr\/wp-content\/uploads\/2023\/10\/3632-ensemble-de-kunai-naruto.jpg","datePublished":"2020-04-09T12:52:29+00:00","dateModified":"2025-11-19T19:32:32+00:00","description":"Order now! This set of 3 Naruto Kunai. All metal. Comes with pouch. Total length: 16.5cm. Secure payment. Shipping 24\/48h","breadcrumb":{"@id":"https:\/\/repliquemangacine.fr\/kunai-et-shuriken-naruto\/3-kunai-naruto-coffret-naruto\/#breadcrumb"},"inLanguage":"en-US","potentialAction":[{"@type":"ReadAction","target":["https:\/\/repliquemangacine.fr\/kunai-et-shuriken-naruto\/3-kunai-naruto-coffret-naruto\/"]}]},{"@type":"ImageObject","inLanguage":"en-US","@id":"https:\/\/repliquemangacine.fr\/kunai-et-shuriken-naruto\/3-kunai-naruto-coffret-naruto\/#primaryimage","url":"https:\/\/repliquemangacine.fr\/wp-content\/uploads\/2023\/10\/3632-ensemble-de-kunai-naruto.jpg","contentUrl":"https:\/\/repliquemangacine.fr\/wp-content\/uploads\/2023\/10\/3632-ensemble-de-kunai-naruto.jpg","width":800,"height":800,"caption":"ensemble de kunai naruto"},{"@type":"BreadcrumbList","@id":"https:\/\/repliquemangacine.fr\/kunai-et-shuriken-naruto\/3-kunai-naruto-coffret-naruto\/#breadcrumb","itemListElement":[{"@type":"ListItem","position":1,"name":"Accueil","item":"https:\/\/repliquemangacine.fr\/"},{"@type":"ListItem","position":2,"name":"Produits","item":"https:\/\/repliquemangacine.fr\/boutique\/"},{"@type":"ListItem","position":3,"name":"3 kuna\u00ef de Naruto"}]},{"@type":"WebSite","@id":"https:\/\/repliquemangacine.fr\/#website","url":"https:\/\/repliquemangacine.fr\/","name":"R\u00e9plique Manga Cin\u00e9","description":"","publisher":{"@id":"https:\/\/repliquemangacine.fr\/#organization"},"potentialAction":[{"@type":"SearchAction","target":{"@type":"EntryPoint","urlTemplate":"https:\/\/repliquemangacine.fr\/?s={search_term_string}"},"query-input":{"@type":"PropertyValueSpecification","valueRequired":true,"valueName":"search_term_string"}}],"inLanguage":"en-US"},{"@type":"Organization","@id":"https:\/\/repliquemangacine.fr\/#organization","name":"R\u00e9plique Manga Cin\u00e9","url":"https:\/\/repliquemangacine.fr\/","logo":{"@type":"ImageObject","inLanguage":"en-US","@id":"https:\/\/repliquemangacine.fr\/#\/schema\/logo\/image\/","url":"https:\/\/repliquemangacine.fr\/wp-content\/uploads\/2023\/10\/RMC-500250.png","contentUrl":"https:\/\/repliquemangacine.fr\/wp-content\/uploads\/2023\/10\/RMC-500250.png","width":500,"height":250,"caption":"R\u00e9plique Manga Cin\u00e9"},"image":{"@id":"https:\/\/repliquemangacine.fr\/#\/schema\/logo\/image\/"},"sameAs":["https:\/\/www.facebook.com\/RepliqueMangaCine","https:\/\/www.instagram.com\/repliquemangacine.fr\/"]}]}},"_links":{"self":[{"href":"https:\/\/repliquemangacine.fr\/en\/wp-json\/wp\/v2\/product\/28947","targetHints":{"allow":["GET"]}}],"collection":[{"href":"https:\/\/repliquemangacine.fr\/en\/wp-json\/wp\/v2\/product"}],"about":[{"href":"https:\/\/repliquemangacine.fr\/en\/wp-json\/wp\/v2\/types\/product"}],"wp:featuredmedia":[{"embeddable":true,"href":"https:\/\/repliquemangacine.fr\/en\/wp-json\/wp\/v2\/media\/28948"}],"wp:attachment":[{"href":"https:\/\/repliquemangacine.fr\/en\/wp-json\/wp\/v2\/media?parent=28947"}],"wp:term":[{"taxonomy":"product_brand","embeddable":true,"href":"https:\/\/repliquemangacine.fr\/en\/wp-json\/wp\/v2\/product_brand?post=28947"},{"taxonomy":"product_cat","embeddable":true,"href":"https:\/\/repliquemangacine.fr\/en\/wp-json\/wp\/v2\/product_cat?post=28947"},{"taxonomy":"product_tag","embeddable":true,"href":"https:\/\/repliquemangacine.fr\/en\/wp-json\/wp\/v2\/product_tag?post=28947"}],"curies":[{"name":"wp","href":"https:\/\/api.w.org\/{rel}","templated":true}]}}